{"id":18364,"date":"2026-04-07T10:59:54","date_gmt":"2026-04-07T10:59:54","guid":{"rendered":"https:\/\/sambapos.com\/?page_id=18364"},"modified":"2026-04-09T10:29:48","modified_gmt":"2026-04-09T10:29:48","slug":"sambapos-kds-landing-page","status":"publish","type":"page","link":"https:\/\/sambapos.com\/tr\/sambapos-kds-landing-page\/","title":{"rendered":"SambaPOS KDS Landing Page"},"content":{"rendered":"<section class=\"l-section wpb_row us_custom_1f2475bd height_auto full_height valign_center width_custom\" style=\"--site-content-width:1200px;\"><div class=\"l-section-h i-cf\"><div class=\"g-cols vc_row via_grid cols_1 laptops-cols_inherit tablets-cols_inherit mobiles-cols_1 valign_middle type_default stacking_default\"><div class=\"wpb_column vc_column_container\"><div class=\"vc_column-inner\"><div class=\"g-cols wpb_row us_custom_345c8b9d has_text_color via_grid cols_2 laptops-cols_inherit tablets-cols_inherit mobiles-cols_1 valign_bottom type_default stacking_default\" style=\"--columns-gap:3rem;\"><div class=\"wpb_column vc_column_container\"><div class=\"vc_column-inner\"><div class=\"w-image align_none\"><div class=\"w-image-h\"><img decoding=\"async\" width=\"400\" height=\"39\" src=\"https:\/\/sambapos.com\/wp-content\/uploads\/KDS-white-logo-400x39.png\" class=\"attachment-us_400_0 size-us_400_0\" alt=\"\" loading=\"lazy\" srcset=\"https:\/\/sambapos.com\/wp-content\/uploads\/KDS-white-logo-400x39.png 400w, https:\/\/sambapos.com\/wp-content\/uploads\/KDS-white-logo-300x29.png 300w, https:\/\/sambapos.com\/wp-content\/uploads\/KDS-white-logo-100x10.png 100w, https:\/\/sambapos.com\/wp-content\/uploads\/KDS-white-logo-150x15.png 150w, https:\/\/sambapos.com\/wp-content\/uploads\/KDS-white-logo-120x12.png 120w, https:\/\/sambapos.com\/wp-content\/uploads\/KDS-white-logo-200x20.png 200w, https:\/\/sambapos.com\/wp-content\/uploads\/KDS-white-logo-449x44.png 449w, https:\/\/sambapos.com\/wp-content\/uploads\/KDS-white-logo-306x30.png 306w, https:\/\/sambapos.com\/wp-content\/uploads\/KDS-white-logo-60x6.png 60w, https:\/\/sambapos.com\/wp-content\/uploads\/KDS-white-logo-250x25.png 250w, https:\/\/sambapos.com\/wp-content\/uploads\/KDS-white-logo-30x3.png 30w, https:\/\/sambapos.com\/wp-content\/uploads\/KDS-white-logo.png 500w\" sizes=\"auto, (max-width: 400px) 100vw, 400px\" \/><\/div><\/div><div class=\"w-separator size_custom\" style=\"height:25px\"><\/div><div class=\"wpb_text_column us_custom_345c8b9d has_text_color\"><div class=\"wpb_wrapper\"><h5><strong>SambaPOS KDS (Mutfak Ekran\u0131) ile i\u015fletmenizin mutfa\u011f\u0131nda devrim yarat\u0131n.<\/strong><\/h5>\n<p><span>SambaPOS KDS ile mutfak i\u015f ak\u0131\u015f\u0131n\u0131z\u0131 d\u00fczenleyerek masalar ve mutfak aras\u0131ndaki ileti\u015fimi daha sa\u011fl\u0131kl\u0131 bir \u015fekilde kontrol edebilirsiniz.<\/span><\/p>\n<h5 style=\"text-align: left;\"><b>SambaPOS KDS Sisteminin \u0130\u015fleyi\u015fi<\/b><\/h5>\n<ul>\n<li style=\"text-align: left;\"><span><\/span>M\u00fc\u015fteriler Sipari\u015f Verir<\/li>\n<li style=\"text-align: left;\"><span><\/span>Bilgiler An\u0131nda Mutfa\u011fa Aktar\u0131l\u0131r<\/li>\n<li style=\"text-align: left;\"><span><\/span>Mutfak Personeli Sipari\u015fi Dijital Olarak Kabul Eder ve Onaylar<\/li>\n<li style=\"text-align: left;\"><span><\/span>Sipari\u015f Durumunu \u201cHaz\u0131rlan\u0131yor\u201d Olarak De\u011fi\u015ftirir<\/li>\n<li style=\"text-align: left;\"><span><\/span>Sipari\u015f Haz\u0131r Oldu\u011funda Di\u011fer Personele Bildirim Gider<\/li>\n<li style=\"text-align: left;\"><span><\/span>M\u00fc\u015fterileriniz Sipari\u015flerini Sorunsuz Bir \u015eekilde Al\u0131r<\/li>\n<\/ul>\n<\/div><\/div><\/div><\/div><div class=\"wpb_column vc_column_container\"><div class=\"vc_column-inner\"><div class=\"w-image align_center\"><div class=\"w-image-h\"><img decoding=\"async\" width=\"1024\" height=\"740\" src=\"https:\/\/sambapos.com\/wp-content\/uploads\/landing-page-KDS-1024x740.png\" class=\"attachment-large size-large\" alt=\"\" loading=\"lazy\" srcset=\"https:\/\/sambapos.com\/wp-content\/uploads\/landing-page-KDS-1024x740.png 1024w, https:\/\/sambapos.com\/wp-content\/uploads\/landing-page-KDS-300x217.png 300w, https:\/\/sambapos.com\/wp-content\/uploads\/landing-page-KDS-1536x1110.png 1536w, https:\/\/sambapos.com\/wp-content\/uploads\/landing-page-KDS-554x400.png 554w, https:\/\/sambapos.com\/wp-content\/uploads\/landing-page-KDS-100x72.png 100w, https:\/\/sambapos.com\/wp-content\/uploads\/landing-page-KDS-150x108.png 150w, https:\/\/sambapos.com\/wp-content\/uploads\/landing-page-KDS-120x87.png 120w, https:\/\/sambapos.com\/wp-content\/uploads\/landing-page-KDS-200x145.png 200w, https:\/\/sambapos.com\/wp-content\/uploads\/landing-page-KDS-61x44.png 61w, https:\/\/sambapos.com\/wp-content\/uploads\/landing-page-KDS-42x30.png 42w, https:\/\/sambapos.com\/wp-content\/uploads\/landing-page-KDS-60x43.png 60w, https:\/\/sambapos.com\/wp-content\/uploads\/landing-page-KDS-600x434.png 600w, https:\/\/sambapos.com\/wp-content\/uploads\/landing-page-KDS-400x289.png 400w, https:\/\/sambapos.com\/wp-content\/uploads\/landing-page-KDS-250x181.png 250w, https:\/\/sambapos.com\/wp-content\/uploads\/landing-page-KDS-30x22.png 30w\" sizes=\"auto, (max-width: 1024px) 100vw, 1024px\" \/><\/div><\/div><\/div><\/div><\/div><div class=\"w-separator size_large\"><\/div><div class=\"g-cols wpb_row us_custom_432d3f53 via_grid cols_2 laptops-cols_inherit tablets-cols_inherit mobiles-cols_1 valign_middle type_default stacking_default\" style=\"--columns-gap:3rem;\"><div class=\"wpb_column vc_column_container\"><div class=\"vc_column-inner\"><div class=\"wpb_text_column us_custom_345c8b9d has_text_color\"><div class=\"wpb_wrapper\"><p><strong>SambaPOS KDS Birden Fazla Cihaz ve \u0130\u015fletim Sistemiyle Uyumludur; <\/strong>Android, iOS, Cep Telefonu, Tablet, Bilgisayar.<\/p>\n<\/div><\/div><\/div><\/div><div class=\"wpb_column vc_column_container us_custom_f03ee871\"><div class=\"vc_column-inner\"><div class=\"w-btn-wrapper align_none\"><a class=\"w-btn us-btn-style_30\" href=\"https:\/\/play.google.com\/store\/apps\/details?id=com.sambapos.kds\"><span class=\"w-btn-label\">\u015eimdi Play Store&#8217;dfan \u0130ndir<\/span><\/a><\/div><div class=\"w-btn-wrapper align_none\"><a class=\"w-btn us-btn-style_30\" href=\"https:\/\/apps.apple.com\/us\/app\/sambapos-kds\/id1627480881\"><span class=\"w-btn-label\">\u015eimdi Apple Store&#8217;dan \u0130ndir<\/span><\/a><\/div><\/div><\/div><\/div><div class=\"w-separator size_large\"><\/div><script>\nvar gform;gform||(document.addEventListener(\"gform_main_scripts_loaded\",function(){gform.scriptsLoaded=!0}),document.addEventListener(\"gform\/theme\/scripts_loaded\",function(){gform.themeScriptsLoaded=!0}),window.addEventListener(\"DOMContentLoaded\",function(){gform.domLoaded=!0}),gform={domLoaded:!1,scriptsLoaded:!1,themeScriptsLoaded:!1,isFormEditor:()=>\"function\"==typeof InitializeEditor,callIfLoaded:function(o){return!(!gform.domLoaded||!gform.scriptsLoaded||!gform.themeScriptsLoaded&&!gform.isFormEditor()||(gform.isFormEditor()&&console.warn(\"The use of gform.initializeOnLoaded() is deprecated in the form editor context and will be removed in Gravity Forms 3.1.\"),o(),0))},initializeOnLoaded:function(o){gform.callIfLoaded(o)||(document.addEventListener(\"gform_main_scripts_loaded\",()=>{gform.scriptsLoaded=!0,gform.callIfLoaded(o)}),document.addEventListener(\"gform\/theme\/scripts_loaded\",()=>{gform.themeScriptsLoaded=!0,gform.callIfLoaded(o)}),window.addEventListener(\"DOMContentLoaded\",()=>{gform.domLoaded=!0,gform.callIfLoaded(o)}))},hooks:{action:{},filter:{}},addAction:function(o,r,e,t){gform.addHook(\"action\",o,r,e,t)},addFilter:function(o,r,e,t){gform.addHook(\"filter\",o,r,e,t)},doAction:function(o){gform.doHook(\"action\",o,arguments)},applyFilters:function(o){return gform.doHook(\"filter\",o,arguments)},removeAction:function(o,r){gform.removeHook(\"action\",o,r)},removeFilter:function(o,r,e){gform.removeHook(\"filter\",o,r,e)},addHook:function(o,r,e,t,n){null==gform.hooks[o][r]&&(gform.hooks[o][r]=[]);var d=gform.hooks[o][r];null==n&&(n=r+\"_\"+d.length),gform.hooks[o][r].push({tag:n,callable:e,priority:t=null==t?10:t})},doHook:function(r,o,e){var t;if(e=Array.prototype.slice.call(e,1),null!=gform.hooks[r][o]&&((o=gform.hooks[r][o]).sort(function(o,r){return o.priority-r.priority}),o.forEach(function(o){\"function\"!=typeof(t=o.callable)&&(t=window[t]),\"action\"==r?t.apply(null,e):e[0]=t.apply(null,e)})),\"filter\"==r)return e[0]},removeHook:function(o,r,t,n){var e;null!=gform.hooks[o][r]&&(e=(e=gform.hooks[o][r]).filter(function(o,r,e){return!!(null!=n&&n!=o.tag||null!=t&&t!=o.priority)}),gform.hooks[o][r]=e)}});\n<\/script>\n\n                <div class='gf_browser_gecko gform_wrapper gravity-theme gform-theme--no-framework us_custom_26ae91b5' data-form-theme='gravity-theme' data-form-index='0' id='gform_wrapper_73' ><form method='post' enctype='multipart\/form-data'  id='gform_73'  action='\/tr\/wp-json\/wp\/v2\/pages\/18364' data-formid='73' novalidate><div class='gf_invisible ginput_recaptchav3' data-sitekey='6Lc7VKcgAAAAAJGzN-XYn58py-FSz_Mt1mMGEysL' data-tabindex='0'><input id=\"input_524247de6e62139280056728a39ebc58\" class=\"gfield_recaptcha_response\" type=\"hidden\" name=\"input_524247de6e62139280056728a39ebc58\" value=\"\"\/><\/div>\n                        <div class='gform-body gform_body'><div id='gform_fields_73' class='gform_fields top_label form_sublabel_below description_below validation_below'><div id=\"field_73_22\" class=\"gfield gfield--type-text gfield--input-type-text gfield--width-third gfield_contains_required field_sublabel_below gfield--no-description field_description_above hidden_label field_validation_below gfield_visibility_visible\"  ><label class='gfield_label gform-field-label' for='input_73_22'>\u0130sim Soyisim<span class=\"gfield_required\"><span class=\"gfield_required gfield_required_text\">(Gerekli)<\/span><\/span><\/label><div class='ginput_container ginput_container_text'><input name='input_22' id='input_73_22' type='text' value='' class='large'    placeholder='\u0130sim Soyisim' aria-required=\"true\" aria-invalid=\"false\"   \/><\/div><\/div><div id=\"field_73_23\" class=\"gfield gfield--type-email gfield--input-type-email gfield--width-third field_sublabel_below gfield--no-description field_description_below hidden_label field_validation_below gfield_visibility_visible\"  ><label class='gfield_label gform-field-label' for='input_73_23'>e-posta<\/label><div class='ginput_container ginput_container_email'>\n                            <input name='input_23' id='input_73_23' type='email' value='' class='large'   placeholder='e-posta'  aria-invalid=\"false\"  \/>\n                        <\/div><\/div><div id=\"field_73_24\" class=\"gfield gfield--type-phone gfield--input-type-phone gfield--width-third field_sublabel_below gfield--no-description field_description_below hidden_label field_validation_below gfield_visibility_visible\"  ><label class='gfield_label gform-field-label' for='input_73_24'>Telefon<\/label><div class='ginput_container ginput_container_phone'><input name='input_24' id='input_73_24' type='tel' value='' class='large'  placeholder='Telefon'  aria-invalid=\"false\"   \/><\/div><\/div><\/div><\/div>\n        <div class='gform-footer gform_footer top_label'> <input type='submit' id='gform_submit_button_73' class='gform_button button gform-button--width-full' onclick='gform.submission.handleButtonClick(this);' data-submission-type='submit' value='G\u00f6nder'  \/> \n            <input type='hidden' class='gform_hidden' name='gform_submission_method' data-js='gform_submission_method_73' value='postback' \/>\n            <input type='hidden' class='gform_hidden' name='gform_theme' data-js='gform_theme_73' id='gform_theme_73' value='gravity-theme' \/>\n            <input type='hidden' class='gform_hidden' name='gform_style_settings' data-js='gform_style_settings_73' id='gform_style_settings_73' value='[]' \/>\n            <input type='hidden' class='gform_hidden' name='is_submit_73' value='1' \/>\n            <input type='hidden' class='gform_hidden' name='gform_submit' value='73' \/>\n            \n            <input type='hidden' class='gform_hidden' name='gform_currency' data-currency='USD' value='5q39Xw7oQznxRDuUB9aclznVKR8Qpm3RhveaXYmAXPqmf4pcMh7sEGs5M2sxCix3dqkh45+tht4vGKyahNcYKwLpDQOAUBn7+IfCXGPuRJYXjDI=' \/>\n            <input type='hidden' class='gform_hidden' name='gform_unique_id' value='' \/>\n            <input type='hidden' class='gform_hidden' name='state_73' value='WyJbXSIsIjE0ZjBkYzMxNWU3OGU1YTRiMTZkMTgzMzg3YzM3MTUwIl0=' \/>\n            <input type='hidden' autocomplete='off' class='gform_hidden' name='gform_target_page_number_73' id='gform_target_page_number_73' value='0' \/>\n            <input type='hidden' autocomplete='off' class='gform_hidden' name='gform_source_page_number_73' id='gform_source_page_number_73' value='1' \/>\n            <input type='hidden' name='gform_field_values' value='' \/>\n            \n        <\/div>\n                        <\/form>\n                        <\/div><script>\ngform.initializeOnLoaded( function() {gformInitSpinner( 73, 'https:\/\/sambapos.com\/wp-content\/plugins\/gravityforms\/images\/spinner.svg', true );jQuery('#gform_ajax_frame_73').on('load',function(){var contents = jQuery(this).contents().find('*').html();var is_postback = contents.indexOf('GF_AJAX_POSTBACK') >= 0;if(!is_postback){return;}var form_content = jQuery(this).contents().find('#gform_wrapper_73');var is_confirmation = jQuery(this).contents().find('#gform_confirmation_wrapper_73').length > 0;var is_redirect = contents.indexOf('gformRedirect(){') >= 0;var is_form = form_content.length > 0 && ! is_redirect && ! is_confirmation;var mt = parseInt(jQuery('html').css('margin-top'), 10) + parseInt(jQuery('body').css('margin-top'), 10) + 100;if(is_form){jQuery('#gform_wrapper_73').html(form_content.html());if(form_content.hasClass('gform_validation_error')){jQuery('#gform_wrapper_73').addClass('gform_validation_error');} else {jQuery('#gform_wrapper_73').removeClass('gform_validation_error');}setTimeout( function() { \/* delay the scroll by 50 milliseconds to fix a bug in chrome *\/  }, 50 );if(window['gformInitDatepicker']) {gformInitDatepicker();}if(window['gformInitPriceFields']) {gformInitPriceFields();}var current_page = jQuery('#gform_source_page_number_73').val();gformInitSpinner( 73, 'https:\/\/sambapos.com\/wp-content\/plugins\/gravityforms\/images\/spinner.svg', true );jQuery(document).trigger('gform_page_loaded', [73, current_page]);window['gf_submitting_73'] = false;}else if(!is_redirect){var confirmation_content = jQuery(this).contents().find('.GF_AJAX_POSTBACK').html();if(!confirmation_content){confirmation_content = contents;}jQuery('#gform_wrapper_73').replaceWith(confirmation_content);jQuery(document).trigger('gform_confirmation_loaded', [73]);window['gf_submitting_73'] = false;wp.a11y.speak(jQuery('#gform_confirmation_message_73').text());}else{jQuery('#gform_73').append(contents);if(window['gformRedirect']) {gformRedirect();}}jQuery(document).trigger(\"gform_pre_post_render\", [{ formId: \"73\", currentPage: \"current_page\", abort: function() { this.preventDefault(); } }]);        if (event && event.defaultPrevented) {                return;        }        const gformWrapperDiv = document.getElementById( \"gform_wrapper_73\" );        if ( gformWrapperDiv ) {            const visibilitySpan = document.createElement( \"span\" );            visibilitySpan.id = \"gform_visibility_test_73\";            gformWrapperDiv.insertAdjacentElement( \"afterend\", visibilitySpan );        }        const visibilityTestDiv = document.getElementById( \"gform_visibility_test_73\" );        let postRenderFired = false;        function triggerPostRender() {            if ( postRenderFired ) {                return;            }            postRenderFired = true;            gform.core.triggerPostRenderEvents( 73, current_page );            if ( visibilityTestDiv ) {                visibilityTestDiv.parentNode.removeChild( visibilityTestDiv );            }        }        function debounce( func, wait, immediate ) {            var timeout;            return function() {                var context = this, args = arguments;                var later = function() {                    timeout = null;                    if ( !immediate ) func.apply( context, args );                };                var callNow = immediate && !timeout;                clearTimeout( timeout );                timeout = setTimeout( later, wait );                if ( callNow ) func.apply( context, args );            };        }        const debouncedTriggerPostRender = debounce( function() {            triggerPostRender();        }, 200 );        if ( visibilityTestDiv && visibilityTestDiv.offsetParent === null ) {            const observer = new MutationObserver( ( mutations ) => {                mutations.forEach( ( mutation ) => {                    if ( mutation.type === 'attributes' && visibilityTestDiv.offsetParent !== null ) {                        debouncedTriggerPostRender();                        observer.disconnect();                    }                });            });            observer.observe( document.body, {                attributes: true,                childList: false,                subtree: true,                attributeFilter: [ 'style', 'class' ],            });        } else {            triggerPostRender();        }    } );} );\n<\/script>\n<\/div><\/div><\/div><\/div><\/section>\n","protected":false},"excerpt":{"rendered":"SambaPOS KDS (Mutfak Ekran\u0131) ile i\u015fletmenizin mutfa\u011f\u0131nda devrim yarat\u0131n. SambaPOS KDS ile mutfak i\u015f ak\u0131\u015f\u0131n\u0131z\u0131 d\u00fczenleyerek masalar ve mutfak aras\u0131ndaki ileti\u015fimi daha sa\u011fl\u0131kl\u0131 bir \u015fekilde kontrol edebilirsiniz. SambaPOS KDS Sisteminin \u0130\u015fleyi\u015fi M\u00fc\u015fteriler Sipari\u015f Verir Bilgiler An\u0131nda Mutfa\u011fa Aktar\u0131l\u0131r Mutfak Personeli Sipari\u015fi Dijital Olarak Kabul Eder ve Onaylar Sipari\u015f Durumunu \u201cHaz\u0131rlan\u0131yor\u201d Olarak De\u011fi\u015ftirir Sipari\u015f Haz\u0131r Oldu\u011funda...","protected":false},"author":7,"featured_media":0,"parent":0,"menu_order":0,"comment_status":"closed","ping_status":"closed","template":"","meta":{"footnotes":""},"class_list":["post-18364","page","type-page","status-publish","hentry"],"_links":{"self":[{"href":"https:\/\/sambapos.com\/tr\/wp-json\/wp\/v2\/pages\/18364","targetHints":{"allow":["GET"]}}],"collection":[{"href":"https:\/\/sambapos.com\/tr\/wp-json\/wp\/v2\/pages"}],"about":[{"href":"https:\/\/sambapos.com\/tr\/wp-json\/wp\/v2\/types\/page"}],"author":[{"embeddable":true,"href":"https:\/\/sambapos.com\/tr\/wp-json\/wp\/v2\/users\/7"}],"replies":[{"embeddable":true,"href":"https:\/\/sambapos.com\/tr\/wp-json\/wp\/v2\/comments?post=18364"}],"version-history":[{"count":67,"href":"https:\/\/sambapos.com\/tr\/wp-json\/wp\/v2\/pages\/18364\/revisions"}],"predecessor-version":[{"id":18471,"href":"https:\/\/sambapos.com\/tr\/wp-json\/wp\/v2\/pages\/18364\/revisions\/18471"}],"wp:attachment":[{"href":"https:\/\/sambapos.com\/tr\/wp-json\/wp\/v2\/media?parent=18364"}],"curies":[{"name":"wp","href":"https:\/\/api.w.org\/{rel}","templated":true}]}}