{"id":17074,"date":"2025-01-14T06:41:47","date_gmt":"2025-01-14T06:41:47","guid":{"rendered":"https:\/\/sambapos.com\/?page_id=17074"},"modified":"2026-03-17T11:06:29","modified_gmt":"2026-03-17T11:06:29","slug":"hugin-yazarkasa-entegrasyonu","status":"publish","type":"page","link":"https:\/\/sambapos.com\/tr\/hugin-yazarkasa-entegrasyonu\/","title":{"rendered":"Hugin Yazarkasa Entegrasyonu"},"content":{"rendered":"<section class=\"l-section wpb_row us_custom_b86e4404 hide_on_tablets hide_on_mobiles height_huge\"><div class=\"l-section-h i-cf\"><div class=\"g-cols vc_row via_grid cols_1 laptops-cols_inherit tablets-cols_inherit mobiles-cols_1 valign_top type_default stacking_default\" style=\"--columns-gap:30rem;\"><div class=\"wpb_column vc_column_container\"><div class=\"vc_column-inner\"><div class=\"g-cols wpb_row via_grid cols_2 laptops-cols_inherit tablets-cols_inherit mobiles-cols_1 valign_middle type_default stacking_default\" style=\"--columns-gap:calc(3rem + 30px);\"><div class=\"wpb_column vc_column_container us_custom_862028bc\"><div class=\"vc_column-inner\"><h1 class=\"w-text\"><span class=\"w-text-h\"><span class=\"w-text-value\">Hugin Yazarkasa Entegrasyonu<\/span><\/span><\/h1><div class=\"w-separator size_custom\" style=\"height:25px\"><\/div><div class=\"wpb_text_column us_custom_1e0e9307\"><div class=\"wpb_wrapper\"><div>\n<div>\n<p><strong><span lang=\"TR\">\u0130ster kasada ister masada ve paket serviste entegre bir \u015fekilde \u00f6deme alabilirsiniz. <\/span><\/strong><span lang=\"TR\"><\/span><\/p>\n<\/div>\n<\/div>\n<\/div><\/div><div class=\"w-separator size_custom\" style=\"height:25px\"><\/div><div class=\"wpb_text_column\"><div class=\"wpb_wrapper\"><div>\n<p><span lang=\"TR\">Yeni yasaya uygun standartlarda \u00f6deme alma altyap\u0131s\u0131 sayesinde, hatas\u0131z ve h\u0131zl\u0131 \u00f6deme alman\u0131z\u0131 sa\u011flar. M\u00fc\u015fterilerinize kesintisiz hizmet vermenin kolayl\u0131\u011f\u0131n\u0131 ya\u015fars\u0131n\u0131z.<\/span><\/p>\n<\/div>\n<div>\n<p><span lang=\"TR\">Kolay kurulum ve kullan\u0131m \u00f6zelliklerine sahip\u00a0<\/span><strong><span lang=\"TR\">SambaPOS &amp; Hugin yazarkasa entegrasyonlar\u0131<\/span><\/strong><span lang=\"TR\">\u00a0sayesinde i\u015fletmeniz g\u00fcvenle \u00f6deme alabilir.<\/span><\/p>\n<\/div>\n<\/div><\/div><\/div><\/div><div class=\"wpb_column vc_column_container\"><div class=\"vc_column-inner\"><\/div><\/div><\/div><\/div><\/div><\/div><\/div><\/section><section class=\"l-section wpb_row hide_on_default hide_on_laptops height_huge\"><div class=\"l-section-h i-cf\"><div class=\"g-cols vc_row via_grid cols_1 laptops-cols_inherit tablets-cols_inherit mobiles-cols_1 valign_top type_default stacking_default\" style=\"--columns-gap:30rem;\"><div class=\"wpb_column vc_column_container\"><div class=\"vc_column-inner\"><div class=\"w-separator size_custom\" style=\"height:75px\"><\/div><div class=\"g-cols wpb_row via_grid cols_1 laptops-cols_inherit tablets-cols_inherit mobiles-cols_1 valign_middle type_default stacking_default\" style=\"--columns-gap:calc(3rem + 30px);\"><div class=\"wpb_column vc_column_container\"><div class=\"vc_column-inner\"><h1 class=\"w-text\"><span class=\"w-text-h\"><span class=\"w-text-value\">Hugin Yazarkasa Entegrasyonu<\/span><\/span><\/h1><div class=\"w-separator size_custom\" style=\"height:25px\"><\/div><div class=\"wpb_text_column us_custom_1e0e9307\"><div class=\"wpb_wrapper\"><div>\n<div>\n<p><strong><span lang=\"TR\">\u0130ster kasada ister masada ve paket serviste entegre bir \u015fekilde \u00f6deme alabilirsiniz. <\/span><\/strong><span lang=\"TR\"><\/span><\/p>\n<\/div>\n<\/div>\n<\/div><\/div><div class=\"w-separator size_custom\" style=\"height:25px\"><\/div><div class=\"wpb_text_column\"><div class=\"wpb_wrapper\"><div>\n<p><span lang=\"TR\">Yeni yasaya uygun standartlarda \u00f6deme alma altyap\u0131s\u0131 sayesinde, hatas\u0131z ve h\u0131zl\u0131 \u00f6deme alman\u0131z\u0131 sa\u011flar. M\u00fc\u015fterilerinize kesintisiz hizmet vermenin kolayl\u0131\u011f\u0131n\u0131 ya\u015fars\u0131n\u0131z.<\/span><\/p>\n<\/div>\n<div>\n<p><span lang=\"TR\">Kolay kurulum ve kullan\u0131m \u00f6zelliklerine sahip\u00a0<\/span><strong><span lang=\"TR\">SambaPOS &amp; Hugin yazarkasa entegrasyonlar\u0131<\/span><\/strong><span lang=\"TR\">\u00a0sayesinde i\u015fletmeniz g\u00fcvenle \u00f6deme alabilir.<\/span><\/p>\n<\/div>\n<\/div><\/div><\/div><\/div><\/div><\/div><\/div><\/div><\/div><\/section><section class=\"l-section wpb_row us_custom_3b745cf9 height_auto\"><div class=\"l-section-h i-cf\"><div class=\"g-cols vc_row via_grid cols_1 laptops-cols_inherit tablets-cols_inherit mobiles-cols_1 valign_top type_default stacking_default\"><div class=\"wpb_column vc_column_container\"><div class=\"vc_column-inner\"><div class=\"g-cols wpb_row via_grid cols_2 laptops-cols_inherit tablets-cols_inherit mobiles-cols_1 valign_middle type_default stacking_default\" style=\"--columns-gap:calc(3rem + 30px);\"><div class=\"wpb_column vc_column_container\"><div class=\"vc_column-inner\"><div class=\"w-image align_none\"><div class=\"w-image-h\"><img decoding=\"async\" width=\"600\" height=\"400\" src=\"https:\/\/sambapos.com\/wp-content\/uploads\/hugin-product.png\" class=\"attachment-us_600_400 size-us_600_400\" alt=\"\" loading=\"lazy\" srcset=\"https:\/\/sambapos.com\/wp-content\/uploads\/hugin-product.png 600w, https:\/\/sambapos.com\/wp-content\/uploads\/hugin-product-300x200.png 300w, https:\/\/sambapos.com\/wp-content\/uploads\/hugin-product-100x67.png 100w, https:\/\/sambapos.com\/wp-content\/uploads\/hugin-product-150x100.png 150w, https:\/\/sambapos.com\/wp-content\/uploads\/hugin-product-120x80.png 120w, https:\/\/sambapos.com\/wp-content\/uploads\/hugin-product-200x133.png 200w, https:\/\/sambapos.com\/wp-content\/uploads\/hugin-product-66x44.png 66w, https:\/\/sambapos.com\/wp-content\/uploads\/hugin-product-45x30.png 45w, https:\/\/sambapos.com\/wp-content\/uploads\/hugin-product-60x40.png 60w, https:\/\/sambapos.com\/wp-content\/uploads\/hugin-product-400x267.png 400w, https:\/\/sambapos.com\/wp-content\/uploads\/hugin-product-250x167.png 250w, https:\/\/sambapos.com\/wp-content\/uploads\/hugin-product-30x20.png 30w\" sizes=\"auto, (max-width: 600px) 100vw, 600px\" \/><\/div><\/div><\/div><\/div><div class=\"wpb_column vc_column_container\"><div class=\"vc_column-inner\"><div class=\"wpb_text_column\"><div class=\"wpb_wrapper\"><h3 style=\"font-weight: 400;\"><strong>Hugin GMP3 (Kablolu) ve TSM (Kablosuz) Entegrasyon \u00d6zellikleri<\/strong><\/h3>\n<ul>\n<li>GMP3 ile kasada \u00f6deme alabilme<\/li>\n<li>TSM ile masada ve paket serviste \u00f6deme alabilme<\/li>\n<li>Detayl\u0131 adisyon i\u00e7eri\u011fi yazd\u0131rma<\/li>\n<li>Toplu veya par\u00e7al\u0131 \u00f6deme alabilme<\/li>\n<li>Birden fazla cihazla \u00e7al\u0131\u015fabilme<\/li>\n<\/ul>\n<\/div><\/div><\/div><\/div><\/div><div class=\"w-separator size_custom\" style=\"height:75px\"><\/div><\/div><\/div><\/div><\/div><\/section><section class=\"l-section wpb_row us_custom_3b745cf9 height_auto\"><div class=\"l-section-h i-cf\"><div class=\"g-cols vc_row via_grid cols_2 laptops-cols_inherit tablets-cols_inherit mobiles-cols_1 valign_middle type_default stacking_default\" style=\"--columns-gap:5rem;\"><div class=\"wpb_column vc_column_container\"><div class=\"vc_column-inner\"><div class=\"wpb_text_column\"><div class=\"wpb_wrapper\"><p style=\"font-weight: 400;\"><strong>\u0130\u015fletmenizde Hugin yazarkasa entegrasyonlar\u0131 ile yasal gereklilikler do\u011frultusunda sorunsuz \u00f6deme alabilirsiniz.<\/strong><\/p>\n<p style=\"font-weight: 400;\">M\u00fc\u015fterileriniz istedikleri \u00f6deme y\u00f6ntemini kullanabilir, k\u0131smi veya toplu i\u015flem yapabilir. Adisyonlar\u0131n\u0131z\u0131 sistematik bir bi\u00e7imde numaraland\u0131rabilir, adisyonlar\u0131n\u0131z\u0131n t\u00fcm ayr\u0131nt\u0131lar\u0131n\u0131 g\u00f6r\u00fcnt\u00fcleyebilirsiniz.<\/p>\n<\/div><\/div><\/div><\/div><div class=\"wpb_column vc_column_container\"><div class=\"vc_column-inner\"><div class=\"g-cols wpb_row via_grid cols_1 laptops-cols_inherit tablets-cols_inherit mobiles-cols_1 valign_middle type_default stacking_default\" style=\"--columns-gap:calc(3rem + 30px);\"><div class=\"wpb_column vc_column_container\"><div class=\"vc_column-inner\"><div class=\"w-pricing style_cards items_1\"><div class=\"w-pricing-item type_featured\"><div class=\"w-pricing-item-h\"><div class=\"w-pricing-item-header\"><div class=\"w-pricing-item-title\">Hugin Yazarkasa Entegrasyonu <\/div><div class=\"w-pricing-item-price\">$209 +KDV<small>Y\u0131ll\u0131k<\/small><\/div><\/div><ul class=\"w-pricing-item-features\"><li class=\"w-pricing-item-feature\">SambaPOS V5 Pro Lisans\u0131 gerektirir.<\/li><\/ul><div class=\"w-pricing-item-footer\"><a class=\"w-btn us-btn-style_28\" style=\"font-size:15px\" target=\"_blank\" rel=\"nofollow\" href=\"https:\/\/cp.sambapos.com\/market\"><span class=\"w-btn-label\">\u015eimdi Sat\u0131n Al\u0131n<\/span><\/a><\/div><\/div><\/div><\/div><\/div><\/div><\/div><\/div><\/div><\/div><\/div><\/section><section class=\"l-section wpb_row us_custom_3b745cf9 height_auto\"><div class=\"l-section-h i-cf\"><div class=\"g-cols vc_row via_grid cols_1 laptops-cols_inherit tablets-cols_inherit mobiles-cols_1 valign_top type_default stacking_default\"><div class=\"wpb_column vc_column_container\"><div class=\"vc_column-inner\"><div class=\"w-separator size_custom\" style=\"height:75px\"><\/div><div class=\"g-cols wpb_row via_grid cols_1 laptops-cols_inherit tablets-cols_inherit mobiles-cols_1 valign_top type_default stacking_default\" style=\"--columns-gap:3rem;\"><div class=\"wpb_column vc_column_container\"><div class=\"vc_column-inner\"><div class=\"w-message color_blue\"><div class=\"w-message-body\"><p><b>Yeni Yasaya Uygun<\/b><\/p>\n<p>2 A\u011fustos 2024 tarihli ve 7524 numaral\u0131 Resmi Gazete&#8217;de yay\u0131mlanan kanunun 13. maddesinin (\u00c7) bendine g\u00f6re, \u00f6deme kaydedici cihazlar\u0131n (Yeni Nesil EFT POS &#8211; Yazarkasa) sipari\u015f programlar\u0131yla entegre edilmesi zorunlu hale getirilmi\u015ftir. Denetimlerin s\u0131k\u0131la\u015ft\u0131r\u0131laca\u011f\u0131 ve entegrasyon yapmayan i\u015fletmelere a\u011f\u0131r yapt\u0131r\u0131mlar uygulanaca\u011f\u0131 belirtilmi\u015ftir. Firmam\u0131z yayg\u0131n olarak kullan\u0131lan yazarkasalarla entegrasyonunu tamamlam\u0131\u015f bulunmaktad\u0131r.<\/p>\n<\/div><\/div><\/div><\/div><\/div><\/div><\/div><\/div><\/div><\/section><section class=\"l-section wpb_row us_custom_3b745cf9 height_auto\"><div class=\"l-section-h i-cf\"><div class=\"g-cols vc_row via_grid cols_1 laptops-cols_inherit tablets-cols_inherit mobiles-cols_1 valign_top type_default stacking_default\" style=\"--columns-gap:1rem;\"><div class=\"wpb_column vc_column_container\"><div class=\"vc_column-inner\"><div class=\"w-separator size_custom\" style=\"height:75px\"><\/div><div class=\"g-cols wpb_row us_custom_4670c453 hide_on_tablets hide_on_mobiles via_grid cols_4 laptops-cols_inherit tablets-cols_inherit mobiles-cols_1 valign_middle type_default stacking_default\" style=\"--columns-gap:1rem;\"><div class=\"wpb_column vc_column_container\"><div class=\"vc_column-inner\"><\/div><\/div><div class=\"wpb_column vc_column_container\"><div class=\"vc_column-inner\"><div class=\"w-text\"><span class=\"w-text-h\"><span class=\"w-text-value\">Desteklenen Modeller<\/span><\/span><\/div><\/div><\/div><div class=\"wpb_column vc_column_container\"><div class=\"vc_column-inner\"><div class=\"w-text\"><span class=\"w-text-h\"><span class=\"w-text-value\">Destek Platformu<\/span><\/span><\/div><\/div><\/div><div class=\"wpb_column vc_column_container\"><div class=\"vc_column-inner\"><div class=\"w-text\"><span class=\"w-text-h\"><span class=\"w-text-value\">\u00c7al\u0131\u015fma Bi\u00e7imi<\/span><\/span><\/div><\/div><\/div><\/div><div class=\"w-separator size_custom\" style=\"height:15px\"><\/div><div class=\"g-cols wpb_row via_grid cols_4 laptops-cols_inherit tablets-cols_inherit mobiles-cols_1 valign_middle type_default stacking_default\" style=\"--columns-gap:1rem;\"><div class=\"wpb_column vc_column_container\"><div class=\"vc_column-inner\"><div class=\"w-image align_left\"><div class=\"w-image-h\"><img decoding=\"async\" width=\"100\" height=\"100\" src=\"https:\/\/sambapos.com\/wp-content\/uploads\/HuginS1-100x100.png\" class=\"attachment-us_100_0_crop size-us_100_0_crop\" alt=\"\" loading=\"lazy\" srcset=\"https:\/\/sambapos.com\/wp-content\/uploads\/HuginS1-100x100.png 100w, https:\/\/sambapos.com\/wp-content\/uploads\/HuginS1-150x150.png 150w, https:\/\/sambapos.com\/wp-content\/uploads\/HuginS1-120x120.png 120w, https:\/\/sambapos.com\/wp-content\/uploads\/HuginS1-200x200.png 200w, https:\/\/sambapos.com\/wp-content\/uploads\/HuginS1-44x44.png 44w, https:\/\/sambapos.com\/wp-content\/uploads\/HuginS1-30x30.png 30w, https:\/\/sambapos.com\/wp-content\/uploads\/HuginS1-60x60.png 60w, https:\/\/sambapos.com\/wp-content\/uploads\/HuginS1-250x250.png 250w, https:\/\/sambapos.com\/wp-content\/uploads\/HuginS1.png 300w\" sizes=\"auto, (max-width: 100px) 100vw, 100px\" \/><\/div><\/div><\/div><\/div><div class=\"wpb_column vc_column_container\"><div class=\"vc_column-inner\"><div class=\"w-iconbox us_custom_502c7aa6 iconpos_left style_default color_primary align_left no_text\"><div class=\"w-iconbox-icon\" style=\"font-size:1rem;\"><i class=\"fas fa-angle-right\"><\/i><\/div><div class=\"w-iconbox-meta\"><p class=\"w-iconbox-title\">Hugin S1<\/p><\/div><\/div><\/div><\/div><div class=\"wpb_column vc_column_container\"><div class=\"vc_column-inner\"><div class=\"w-iconbox us_custom_502c7aa6 iconpos_left style_default color_primary align_left no_text\"><div class=\"w-iconbox-icon\" style=\"font-size:1rem;\"><i class=\"fas fa-angle-right\"><\/i><\/div><div class=\"w-iconbox-meta\"><p class=\"w-iconbox-title\">Kablosuz<\/p><\/div><\/div><\/div><\/div><div class=\"wpb_column vc_column_container\"><div class=\"vc_column-inner\"><div class=\"w-iconbox iconpos_left style_default color_primary align_left no_text\"><div class=\"w-iconbox-icon\" style=\"font-size:1rem;\"><i class=\"fas fa-angle-right\"><\/i><\/div><div class=\"w-iconbox-meta\"><p class=\"w-iconbox-title\">Masada veya Paket Servis ile kap\u0131da \u00f6deme alma<\/p><\/div><\/div><\/div><\/div><\/div><div class=\"w-separator size_custom with_line width_default thick_1 style_solid color_border align_center\" style=\"height:15px\"><div class=\"w-separator-h\"><\/div><\/div><div class=\"g-cols wpb_row via_grid cols_4 laptops-cols_inherit tablets-cols_inherit mobiles-cols_1 valign_middle type_default stacking_default\" style=\"--columns-gap:1rem;\"><div class=\"wpb_column vc_column_container\"><div class=\"vc_column-inner\"><div class=\"w-image align_left\"><div class=\"w-image-h\"><img decoding=\"async\" width=\"100\" height=\"100\" src=\"https:\/\/sambapos.com\/wp-content\/uploads\/Hugin-T300-100x100.png\" class=\"attachment-us_100_0_crop size-us_100_0_crop\" alt=\"\" loading=\"lazy\" srcset=\"https:\/\/sambapos.com\/wp-content\/uploads\/Hugin-T300-100x100.png 100w, https:\/\/sambapos.com\/wp-content\/uploads\/Hugin-T300-300x300.png 300w, https:\/\/sambapos.com\/wp-content\/uploads\/Hugin-T300-150x150.png 150w, https:\/\/sambapos.com\/wp-content\/uploads\/Hugin-T300-120x120.png 120w, https:\/\/sambapos.com\/wp-content\/uploads\/Hugin-T300-200x200.png 200w, https:\/\/sambapos.com\/wp-content\/uploads\/Hugin-T300-44x44.png 44w, https:\/\/sambapos.com\/wp-content\/uploads\/Hugin-T300-30x30.png 30w, https:\/\/sambapos.com\/wp-content\/uploads\/Hugin-T300-60x60.png 60w, https:\/\/sambapos.com\/wp-content\/uploads\/Hugin-T300-250x250.png 250w, https:\/\/sambapos.com\/wp-content\/uploads\/Hugin-T300.png 354w\" sizes=\"auto, (max-width: 100px) 100vw, 100px\" \/><\/div><\/div><\/div><\/div><div class=\"wpb_column vc_column_container\"><div class=\"vc_column-inner\"><div class=\"w-iconbox us_custom_502c7aa6 iconpos_left style_default color_primary align_left no_text\"><div class=\"w-iconbox-icon\" style=\"font-size:1rem;\"><i class=\"fas fa-angle-right\"><\/i><\/div><div class=\"w-iconbox-meta\"><p class=\"w-iconbox-title\">Hugin T300<\/p><\/div><\/div><\/div><\/div><div class=\"wpb_column vc_column_container\"><div class=\"vc_column-inner\"><div class=\"w-iconbox us_custom_502c7aa6 iconpos_left style_default color_primary align_left no_text\"><div class=\"w-iconbox-icon\" style=\"font-size:1rem;\"><i class=\"fas fa-angle-right\"><\/i><\/div><div class=\"w-iconbox-meta\"><p class=\"w-iconbox-title\">Kablolu<\/p><\/div><\/div><\/div><\/div><div class=\"wpb_column vc_column_container\"><div class=\"vc_column-inner\"><div class=\"w-iconbox iconpos_left style_default color_primary align_left no_text\"><div class=\"w-iconbox-icon\" style=\"font-size:1rem;\"><i class=\"fas fa-angle-right\"><\/i><\/div><div class=\"w-iconbox-meta\"><p class=\"w-iconbox-title\">Kasada \u00f6deme alma<\/p><\/div><\/div><\/div><\/div><\/div><div class=\"w-separator size_custom with_line width_default thick_1 style_solid color_border align_center\" style=\"height:15px\"><div class=\"w-separator-h\"><\/div><\/div><div class=\"g-cols wpb_row us_custom_315b8835 via_grid cols_4 laptops-cols_inherit tablets-cols_inherit mobiles-cols_1 valign_middle type_default stacking_default\" style=\"--columns-gap:1rem;\"><div class=\"wpb_column vc_column_container\"><div class=\"vc_column-inner\"><div class=\"w-image align_left\"><div class=\"w-image-h\"><img decoding=\"async\" width=\"100\" height=\"100\" src=\"https:\/\/sambapos.com\/wp-content\/uploads\/Hugin-T300-100x100.png\" class=\"attachment-us_100_0_crop size-us_100_0_crop\" alt=\"\" loading=\"lazy\" srcset=\"https:\/\/sambapos.com\/wp-content\/uploads\/Hugin-T300-100x100.png 100w, https:\/\/sambapos.com\/wp-content\/uploads\/Hugin-T300-300x300.png 300w, https:\/\/sambapos.com\/wp-content\/uploads\/Hugin-T300-150x150.png 150w, https:\/\/sambapos.com\/wp-content\/uploads\/Hugin-T300-120x120.png 120w, https:\/\/sambapos.com\/wp-content\/uploads\/Hugin-T300-200x200.png 200w, https:\/\/sambapos.com\/wp-content\/uploads\/Hugin-T300-44x44.png 44w, https:\/\/sambapos.com\/wp-content\/uploads\/Hugin-T300-30x30.png 30w, https:\/\/sambapos.com\/wp-content\/uploads\/Hugin-T300-60x60.png 60w, https:\/\/sambapos.com\/wp-content\/uploads\/Hugin-T300-250x250.png 250w, https:\/\/sambapos.com\/wp-content\/uploads\/Hugin-T300.png 354w\" sizes=\"auto, (max-width: 100px) 100vw, 100px\" \/><\/div><\/div><\/div><\/div><div class=\"wpb_column vc_column_container\"><div class=\"vc_column-inner\"><div class=\"w-iconbox us_custom_502c7aa6 iconpos_left style_default color_primary align_left no_text\"><div class=\"w-iconbox-icon\" style=\"font-size:1rem;\"><i class=\"fas fa-angle-right\"><\/i><\/div><div class=\"w-iconbox-meta\"><p class=\"w-iconbox-title\">Hugin T300<\/p><\/div><\/div><\/div><\/div><div class=\"wpb_column vc_column_container\"><div class=\"vc_column-inner\"><div class=\"w-iconbox us_custom_502c7aa6 iconpos_left style_default color_primary align_left no_text\"><div class=\"w-iconbox-icon\" style=\"font-size:1rem;\"><i class=\"fas fa-angle-right\"><\/i><\/div><div class=\"w-iconbox-meta\"><p class=\"w-iconbox-title\">Kablosuz<\/p><\/div><\/div><\/div><\/div><div class=\"wpb_column vc_column_container\"><div class=\"vc_column-inner\"><div class=\"w-iconbox iconpos_left style_default color_primary align_left no_text\"><div class=\"w-iconbox-icon\" style=\"font-size:1rem;\"><i class=\"fas fa-angle-right\"><\/i><\/div><div class=\"w-iconbox-meta\"><p class=\"w-iconbox-title\">Masada veya Paket Servis ile kap\u0131da \u00f6deme alma<\/p><\/div><\/div><\/div><\/div><\/div><\/div><\/div><\/div><\/div><\/section><section class=\"l-section wpb_row us_custom_3b745cf9 height_small\"><div class=\"l-section-h i-cf\"><div class=\"g-cols vc_row via_grid cols_1 laptops-cols_inherit tablets-cols_inherit mobiles-cols_1 valign_middle type_default stacking_default\"><div class=\"wpb_column vc_column_container\"><div class=\"vc_column-inner\"><div class=\"w-separator size_custom\" style=\"height:75px\"><\/div><div class=\"g-cols wpb_row via_grid cols_2 laptops-cols_inherit tablets-cols_inherit mobiles-cols_1 valign_middle type_default stacking_default\" style=\"--columns-gap:3rem;\"><div class=\"wpb_column vc_column_container\"><div class=\"vc_column-inner\"><div class=\"w-image align_none\"><div class=\"w-image-h\"><img decoding=\"async\" width=\"600\" height=\"400\" src=\"https:\/\/sambapos.com\/wp-content\/uploads\/product.png\" class=\"attachment-large size-large\" alt=\"SambaPOS\" loading=\"lazy\" srcset=\"https:\/\/sambapos.com\/wp-content\/uploads\/product.png 600w, https:\/\/sambapos.com\/wp-content\/uploads\/product-300x200.png 300w, https:\/\/sambapos.com\/wp-content\/uploads\/product-100x67.png 100w, https:\/\/sambapos.com\/wp-content\/uploads\/product-150x100.png 150w, https:\/\/sambapos.com\/wp-content\/uploads\/product-120x80.png 120w, https:\/\/sambapos.com\/wp-content\/uploads\/product-200x133.png 200w, https:\/\/sambapos.com\/wp-content\/uploads\/product-66x44.png 66w, https:\/\/sambapos.com\/wp-content\/uploads\/product-45x30.png 45w, https:\/\/sambapos.com\/wp-content\/uploads\/product-60x40.png 60w\" sizes=\"auto, (max-width: 600px) 100vw, 600px\" \/><\/div><\/div><\/div><\/div><div class=\"wpb_column vc_column_container\"><div class=\"vc_column-inner\"><div class=\"wpb_text_column\"><div class=\"wpb_wrapper\"><h3 style=\"text-align: left;\">Hugin Yazarkasa Entegrasyonu<\/h3>\n<p style=\"text-align: left;\">Hugin Yazarkasa Entegrasyonu size eksiksiz adisyon bilgisi sa\u011flar. SambaPOS ile \u00f6deme tamamland\u0131\u011f\u0131nda adisyon otomatik olarak kapan\u0131r. Daha kolay kar\u015f\u0131la\u015ft\u0131rma i\u00e7in adisyonlar\u0131n numaraland\u0131r\u0131lmas\u0131n\u0131 sistemden kontrol edebilirsiniz. Hugin Yazarkasa Entegrasyonunu <a href=\"https:\/\/cp.sambapos.com\/market\"><strong>\u015fimdi sat\u0131n alarak<\/strong><\/a> veya <a href=\"https:\/\/sambapos.com\/tr\/yetkili-bayi-basvurusu\/\"><strong>bayi olarak<\/strong><\/a> kullanmaya ba\u015flayabilirsiniz.<\/p>\n<\/div><\/div><\/div><\/div><\/div><\/div><\/div><\/div><\/div><\/section>\n","protected":false},"excerpt":{"rendered":"Hugin Yazarkasa Entegrasyonu \u0130ster kasada ister masada ve paket serviste entegre bir \u015fekilde \u00f6deme alabilirsiniz. Yeni yasaya uygun standartlarda \u00f6deme alma altyap\u0131s\u0131 sayesinde, hatas\u0131z ve h\u0131zl\u0131 \u00f6deme alman\u0131z\u0131 sa\u011flar. M\u00fc\u015fterilerinize kesintisiz hizmet vermenin kolayl\u0131\u011f\u0131n\u0131 ya\u015fars\u0131n\u0131z. Kolay kurulum ve kullan\u0131m \u00f6zelliklerine sahip\u00a0SambaPOS &amp; Hugin yazarkasa entegrasyonlar\u0131\u00a0sayesinde i\u015fletmeniz g\u00fcvenle \u00f6deme alabilir. Hugin Yazarkasa Entegrasyonu \u0130ster kasada ister...","protected":false},"author":1,"featured_media":0,"parent":0,"menu_order":0,"comment_status":"closed","ping_status":"closed","template":"","meta":{"footnotes":""},"class_list":["post-17074","page","type-page","status-publish","hentry"],"_links":{"self":[{"href":"https:\/\/sambapos.com\/tr\/wp-json\/wp\/v2\/pages\/17074","targetHints":{"allow":["GET"]}}],"collection":[{"href":"https:\/\/sambapos.com\/tr\/wp-json\/wp\/v2\/pages"}],"about":[{"href":"https:\/\/sambapos.com\/tr\/wp-json\/wp\/v2\/types\/page"}],"author":[{"embeddable":true,"href":"https:\/\/sambapos.com\/tr\/wp-json\/wp\/v2\/users\/1"}],"replies":[{"embeddable":true,"href":"https:\/\/sambapos.com\/tr\/wp-json\/wp\/v2\/comments?post=17074"}],"version-history":[{"count":20,"href":"https:\/\/sambapos.com\/tr\/wp-json\/wp\/v2\/pages\/17074\/revisions"}],"predecessor-version":[{"id":18207,"href":"https:\/\/sambapos.com\/tr\/wp-json\/wp\/v2\/pages\/17074\/revisions\/18207"}],"wp:attachment":[{"href":"https:\/\/sambapos.com\/tr\/wp-json\/wp\/v2\/media?parent=17074"}],"curies":[{"name":"wp","href":"https:\/\/api.w.org\/{rel}","templated":true}]}}