{"id":17029,"date":"2025-01-07T09:32:44","date_gmt":"2025-01-07T09:32:44","guid":{"rendered":"https:\/\/sambapos.com\/?page_id=17029"},"modified":"2025-09-17T06:56:16","modified_gmt":"2025-09-17T06:56:16","slug":"beko-yazarkasa-entegrasyonu","status":"publish","type":"page","link":"https:\/\/sambapos.com\/tr\/beko-yazarkasa-entegrasyonu\/","title":{"rendered":"Beko Yazarkasa Entegrasyonu"},"content":{"rendered":"<section class=\"l-section wpb_row us_custom_a5474a7f hide_on_tablets hide_on_mobiles height_huge\"><div class=\"l-section-h i-cf\"><div class=\"g-cols vc_row via_grid cols_1 laptops-cols_inherit tablets-cols_inherit mobiles-cols_1 valign_top type_default stacking_default\" style=\"--columns-gap:30rem;\"><div class=\"wpb_column vc_column_container\"><div class=\"vc_column-inner\"><div class=\"g-cols wpb_row via_grid cols_2 laptops-cols_inherit tablets-cols_inherit mobiles-cols_1 valign_middle type_default stacking_default\" style=\"--columns-gap:calc(3rem + 30px);\"><div class=\"wpb_column vc_column_container us_custom_862028bc\"><div class=\"vc_column-inner\"><h1 class=\"w-text\"><span class=\"w-text-h\"><span class=\"w-text-value\">Beko Yazarkasa Entegrasyonlar\u0131<\/span><\/span><\/h1><div class=\"w-separator size_custom\" style=\"height:25px\"><\/div><div class=\"wpb_text_column us_custom_1e0e9307\"><div class=\"wpb_wrapper\"><div>\n<p><strong><span lang=\"TR\">SambaPOS ile entegre kasada, masada ve paket serviste \u00f6deme alan i\u015fletmeler i\u00e7in g\u00fcvenilir yazarkasa <\/span><\/strong><strong><span lang=\"TR\">entegrasyonu.<\/span><\/strong><span lang=\"TR\"><\/span><\/p>\n<\/div>\n<\/div><\/div><div class=\"w-separator size_custom\" style=\"height:25px\"><\/div><div class=\"wpb_text_column\"><div class=\"wpb_wrapper\"><div>\n<p><span lang=\"TR\">Yeni yasaya uygun yazar kasa ve EFT POS \u00f6zelliklerini ayn\u0131 cihazda toplad\u0131\u011f\u0131 yeni nesil Beko YazarkasaPOS, dokunmatik ekran\u0131, kolay kullan\u0131m\u0131 ve hafif yap\u0131l\u0131 \u00f6zel tasar\u0131m\u0131yla beraber SambaPOS entegrasyonuna haz\u0131r.<\/span><\/p>\n<\/div>\n<div>\n<p><span lang=\"TR\">T\u00fcrkiye\u2019nin en yayg\u0131n sat\u0131\u015f ve servis a\u011f\u0131na sahip Beko yeni nesil yazarkasalar ile en \u00e7ok kullan\u0131lan restoran otomasyon uygulamas\u0131 SambaPOS art\u0131k tam entegre.<\/span><\/p>\n<\/div>\n<\/div><\/div><\/div><\/div><div class=\"wpb_column vc_column_container\"><div class=\"vc_column-inner\"><\/div><\/div><\/div><\/div><\/div><\/div><\/div><\/section><section class=\"l-section wpb_row us_custom_3b745cf9 hide_on_default hide_on_laptops height_auto\"><div class=\"l-section-h i-cf\"><div class=\"g-cols vc_row via_grid cols_1 laptops-cols_inherit tablets-cols_inherit mobiles-cols_1 valign_top type_default stacking_default\"><div class=\"wpb_column vc_column_container\"><div class=\"vc_column-inner\"><div class=\"w-separator size_custom\" style=\"height:125px\"><\/div><div class=\"g-cols wpb_row via_grid cols_1 laptops-cols_inherit tablets-cols_inherit mobiles-cols_1 valign_middle type_default stacking_default\" style=\"--columns-gap:calc(3rem + 30px);\"><div class=\"wpb_column vc_column_container\"><div class=\"vc_column-inner\"><h1 class=\"w-text\"><span class=\"w-text-h\"><span class=\"w-text-value\">Beko Yazarkasa Entegrasyonlar\u0131<\/span><\/span><\/h1><div class=\"w-separator size_custom\" style=\"height:25px\"><\/div><div class=\"wpb_text_column us_custom_1e0e9307\"><div class=\"wpb_wrapper\"><div>\n<p><strong><span lang=\"TR\">SambaPOS ile entegre kasada, masada ve paket serviste \u00f6deme alan i\u015fletmeler i\u00e7in g\u00fcvenilir yazarkasa <\/span><\/strong><strong><span lang=\"TR\">entegrasyonu.<\/span><\/strong><span lang=\"TR\"><\/span><\/p>\n<\/div>\n<\/div><\/div><div class=\"w-separator size_custom\" style=\"height:25px\"><\/div><div class=\"wpb_text_column\"><div class=\"wpb_wrapper\"><div>\n<p><span lang=\"TR\">Yeni yasaya uygun yazar kasa ve EFT POS \u00f6zelliklerini ayn\u0131 cihazda toplad\u0131\u011f\u0131 yeni nesil Beko YazarkasaPOS, dokunmatik ekran\u0131, kolay kullan\u0131m\u0131 ve hafif yap\u0131l\u0131 \u00f6zel tasar\u0131m\u0131yla beraber SambaPOS entegrasyonuna haz\u0131r.<\/span><\/p>\n<\/div>\n<div>\n<p><span lang=\"TR\">T\u00fcrkiye\u2019nin en yayg\u0131n sat\u0131\u015f ve servis a\u011f\u0131na sahip Beko yeni nesil yazarkasalar ile en \u00e7ok kullan\u0131lan restoran otomasyon uygulamas\u0131 SambaPOS art\u0131k tam entegre.<\/span><\/p>\n<\/div>\n<\/div><\/div><\/div><\/div><\/div><div class=\"w-separator size_custom\" style=\"height:75px\"><\/div><div class=\"g-cols wpb_row via_grid cols_2 laptops-cols_inherit tablets-cols_inherit mobiles-cols_1 valign_middle type_default stacking_default\" style=\"--columns-gap:calc(3rem + 30px);\"><div class=\"wpb_column vc_column_container\"><div class=\"vc_column-inner\"><div class=\"w-image align_center\"><div class=\"w-image-h\"><img decoding=\"async\" width=\"400\" height=\"383\" src=\"https:\/\/sambapos.com\/wp-content\/uploads\/beko-pos-product-400x383.png\" class=\"attachment-us_400_0 size-us_400_0\" alt=\"\" loading=\"lazy\" srcset=\"https:\/\/sambapos.com\/wp-content\/uploads\/beko-pos-product-400x383.png 400w, https:\/\/sambapos.com\/wp-content\/uploads\/beko-pos-product-300x287.png 300w, https:\/\/sambapos.com\/wp-content\/uploads\/beko-pos-product-1024x980.png 1024w, https:\/\/sambapos.com\/wp-content\/uploads\/beko-pos-product-418x400.png 418w, https:\/\/sambapos.com\/wp-content\/uploads\/beko-pos-product-100x96.png 100w, https:\/\/sambapos.com\/wp-content\/uploads\/beko-pos-product-150x144.png 150w, https:\/\/sambapos.com\/wp-content\/uploads\/beko-pos-product-120x115.png 120w, https:\/\/sambapos.com\/wp-content\/uploads\/beko-pos-product-200x191.png 200w, https:\/\/sambapos.com\/wp-content\/uploads\/beko-pos-product-46x44.png 46w, https:\/\/sambapos.com\/wp-content\/uploads\/beko-pos-product-31x30.png 31w, https:\/\/sambapos.com\/wp-content\/uploads\/beko-pos-product-60x57.png 60w, https:\/\/sambapos.com\/wp-content\/uploads\/beko-pos-product-600x574.png 600w, https:\/\/sambapos.com\/wp-content\/uploads\/beko-pos-product-250x239.png 250w, https:\/\/sambapos.com\/wp-content\/uploads\/beko-pos-product-30x29.png 30w, https:\/\/sambapos.com\/wp-content\/uploads\/beko-pos-product.png 1215w\" sizes=\"auto, (max-width: 400px) 100vw, 400px\" \/><\/div><\/div><\/div><\/div><div class=\"wpb_column vc_column_container\"><div class=\"vc_column-inner\"><div class=\"wpb_text_column\"><div class=\"wpb_wrapper\"><h3 style=\"font-weight: 400;\"><strong>Beko GMP3 (Kablolu) ve TSM (Kablosuz) Entegrasyon \u00d6zellikleri<\/strong><\/h3>\n<ul>\n<li>S\u0131n\u0131rs\u0131z say\u0131da \u00d6KC kullanabilme<\/li>\n<li>Anl\u0131k entegre \u00e7al\u0131\u015fabilme<\/li>\n<li>Detayl\u0131 adisyon i\u00e7eri\u011fi g\u00f6rebilme<\/li>\n<li>Toplu veya par\u00e7al\u0131 \u00f6deme alabilme<\/li>\n<li>Adisyon numaras\u0131 veya liste ile takip edebilme<\/li>\n<li>G\u00fcn Sonu Raporu alabilme<\/li>\n<\/ul>\n<\/div><\/div><\/div><\/div><\/div><div class=\"w-separator size_custom\" style=\"height:75px\"><\/div><\/div><\/div><\/div><\/div><\/section><section class=\"l-section wpb_row us_custom_3b745cf9 height_auto\"><div class=\"l-section-h i-cf\"><div class=\"g-cols vc_row via_grid cols_2 laptops-cols_inherit tablets-cols_inherit mobiles-cols_1 valign_middle type_default stacking_default\" style=\"--columns-gap:5rem;\"><div class=\"wpb_column vc_column_container\"><div class=\"vc_column-inner\"><div class=\"wpb_text_column\"><div class=\"wpb_wrapper\"><p style=\"font-weight: 400;\"><strong>\u0130\u015fletmenizde Beko yazarkasa entegrasyonlar\u0131 ile yasal gereklilikler do\u011frultusunda sorunsuz \u00f6deme alabilirsiniz.<\/strong><\/p>\n<p style=\"font-weight: 400;\">M\u00fc\u015fterileriniz istedikleri \u00f6deme y\u00f6ntemini kullanabilir, k\u0131smi veya toplu i\u015flem yapabilir. Adisyonlar\u0131n\u0131z\u0131 sistematik bir bi\u00e7imde numaraland\u0131rabilir, adisyonlar\u0131n\u0131z\u0131n t\u00fcm ayr\u0131nt\u0131lar\u0131n\u0131 g\u00f6r\u00fcnt\u00fcleyebilirsiniz.<\/p>\n<\/div><\/div><\/div><\/div><div class=\"wpb_column vc_column_container\"><div class=\"vc_column-inner\"><div class=\"g-cols wpb_row via_grid cols_1 laptops-cols_inherit tablets-cols_inherit mobiles-cols_1 valign_middle type_default stacking_default\" style=\"--columns-gap:calc(3rem + 30px);\"><div class=\"wpb_column vc_column_container\"><div class=\"vc_column-inner\"><div class=\"w-pricing style_cards items_1\"><div class=\"w-pricing-item type_featured\"><div class=\"w-pricing-item-h\"><div class=\"w-pricing-item-header\"><div class=\"w-pricing-item-title\">Beko Yazarkasa Entegrasyonu <\/div><div class=\"w-pricing-item-price\">$165 +KDV<small>Y\u0131ll\u0131k<\/small><\/div><\/div><ul class=\"w-pricing-item-features\"><li class=\"w-pricing-item-feature\">SambaPOS V5 Pro Lisans\u0131 gerektirir.<\/li><\/ul><div class=\"w-pricing-item-footer\"><a class=\"w-btn us-btn-style_28\" style=\"font-size:15px\" target=\"_blank\" rel=\"nofollow\" href=\"https:\/\/cp.sambapos.com\/market\"><span class=\"w-btn-label\">\u015eimdi Sat\u0131n Al\u0131n<\/span><\/a><\/div><\/div><\/div><\/div><\/div><\/div><\/div><\/div><\/div><\/div><\/div><\/section><section class=\"l-section wpb_row us_custom_3b745cf9 height_auto\"><div class=\"l-section-h i-cf\"><div class=\"g-cols vc_row via_grid cols_1 laptops-cols_inherit tablets-cols_inherit mobiles-cols_1 valign_top type_default stacking_default\"><div class=\"wpb_column vc_column_container\"><div class=\"vc_column-inner\"><div class=\"w-separator size_custom\" style=\"height:75px\"><\/div><div class=\"g-cols wpb_row via_grid cols_1 laptops-cols_inherit tablets-cols_inherit mobiles-cols_1 valign_top type_default stacking_default\" style=\"--columns-gap:3rem;\"><div class=\"wpb_column vc_column_container\"><div class=\"vc_column-inner\"><div class=\"w-message color_blue\"><div class=\"w-message-body\"><p><b>Yeni Yasaya Uygun<\/b><\/p>\n<p>2 A\u011fustos 2024 tarihli ve 7524 numaral\u0131 Resmi Gazete&#8217;de yay\u0131mlanan kanunun 13. maddesinin (\u00c7) bendine g\u00f6re, \u00f6deme kaydedici cihazlar\u0131n (Yeni Nesil EFT POS &#8211; Yazarkasa) sipari\u015f programlar\u0131yla entegre edilmesi zorunlu hale getirilmi\u015ftir. Denetimlerin s\u0131k\u0131la\u015ft\u0131r\u0131laca\u011f\u0131 ve entegrasyon yapmayan i\u015fletmelere a\u011f\u0131r yapt\u0131r\u0131mlar uygulanaca\u011f\u0131 belirtilmi\u015ftir. Firmam\u0131z yayg\u0131n olarak kullan\u0131lan yazarkasalarla entegrasyonunu tamamlam\u0131\u015f bulunmaktad\u0131r.<\/p>\n<\/div><\/div><\/div><\/div><\/div><\/div><\/div><\/div><\/div><\/section><section class=\"l-section wpb_row us_custom_3b745cf9 height_auto\"><div class=\"l-section-h i-cf\"><div class=\"g-cols vc_row via_grid cols_1 laptops-cols_inherit tablets-cols_inherit mobiles-cols_1 valign_top type_default stacking_default\" style=\"--columns-gap:1rem;\"><div class=\"wpb_column vc_column_container\"><div class=\"vc_column-inner\"><div class=\"w-separator size_custom\" style=\"height:75px\"><\/div><div class=\"g-cols wpb_row us_custom_4670c453 hide_on_tablets hide_on_mobiles via_grid cols_4 laptops-cols_inherit tablets-cols_inherit mobiles-cols_1 valign_middle type_default stacking_default\" style=\"--columns-gap:1rem;\"><div class=\"wpb_column vc_column_container\"><div class=\"vc_column-inner\"><\/div><\/div><div class=\"wpb_column vc_column_container\"><div class=\"vc_column-inner\"><div class=\"w-text\"><span class=\"w-text-h\"><span class=\"w-text-value\">Desteklenen Modeller<\/span><\/span><\/div><\/div><\/div><div class=\"wpb_column vc_column_container\"><div class=\"vc_column-inner\"><div class=\"w-text\"><span class=\"w-text-h\"><span class=\"w-text-value\">Destek Platformu<\/span><\/span><\/div><\/div><\/div><div class=\"wpb_column vc_column_container\"><div class=\"vc_column-inner\"><div class=\"w-text\"><span class=\"w-text-h\"><span class=\"w-text-value\">\u00c7al\u0131\u015fma Bi\u00e7imi<\/span><\/span><\/div><\/div><\/div><\/div><div class=\"w-separator size_custom\" style=\"height:15px\"><\/div><div class=\"g-cols wpb_row via_grid cols_4 laptops-cols_inherit tablets-cols_inherit mobiles-cols_1 valign_middle type_default stacking_default\" style=\"--columns-gap:1rem;\"><div class=\"wpb_column vc_column_container\"><div class=\"vc_column-inner\"><div class=\"w-image align_left\"><div class=\"w-image-h\"><img decoding=\"async\" width=\"100\" height=\"100\" src=\"https:\/\/sambapos.com\/wp-content\/uploads\/bekoX30TR-100x100.png\" class=\"attachment-us_100_0_crop size-us_100_0_crop\" alt=\"\" loading=\"lazy\" srcset=\"https:\/\/sambapos.com\/wp-content\/uploads\/bekoX30TR-100x100.png 100w, https:\/\/sambapos.com\/wp-content\/uploads\/bekoX30TR-120x120.png 120w, https:\/\/sambapos.com\/wp-content\/uploads\/bekoX30TR-44x44.png 44w, https:\/\/sambapos.com\/wp-content\/uploads\/bekoX30TR-30x30.png 30w, https:\/\/sambapos.com\/wp-content\/uploads\/bekoX30TR-60x60.png 60w, https:\/\/sambapos.com\/wp-content\/uploads\/bekoX30TR.png 150w\" sizes=\"auto, (max-width: 100px) 100vw, 100px\" \/><\/div><\/div><\/div><\/div><div class=\"wpb_column vc_column_container\"><div class=\"vc_column-inner\"><div class=\"w-iconbox us_custom_502c7aa6 iconpos_left style_default color_primary align_left no_text\"><div class=\"w-iconbox-icon\" style=\"font-size:1rem;\"><i class=\"fas fa-angle-right\"><\/i><\/div><div class=\"w-iconbox-meta\"><p class=\"w-iconbox-title\">X30TR<\/p><\/div><\/div><\/div><\/div><div class=\"wpb_column vc_column_container\"><div class=\"vc_column-inner\"><div class=\"w-iconbox us_custom_502c7aa6 iconpos_left style_default color_primary align_left no_text\"><div class=\"w-iconbox-icon\" style=\"font-size:1rem;\"><i class=\"fas fa-angle-right\"><\/i><\/div><div class=\"w-iconbox-meta\"><p class=\"w-iconbox-title\">Kablolu<\/p><\/div><\/div><\/div><\/div><div class=\"wpb_column vc_column_container\"><div class=\"vc_column-inner\"><div class=\"w-iconbox iconpos_left style_default color_primary align_left no_text\"><div class=\"w-iconbox-icon\" style=\"font-size:1rem;\"><i class=\"fas fa-angle-right\"><\/i><\/div><div class=\"w-iconbox-meta\"><p class=\"w-iconbox-title\">Kasada \u00f6deme alma<\/p><\/div><\/div><\/div><\/div><\/div><div class=\"w-separator size_custom with_line width_default thick_1 style_solid color_border align_center\" style=\"height:15px\"><div class=\"w-separator-h\"><\/div><\/div><div class=\"g-cols wpb_row us_custom_315b8835 via_grid cols_4 laptops-cols_inherit tablets-cols_inherit mobiles-cols_1 valign_middle type_default stacking_default\" style=\"--columns-gap:1rem;\"><div class=\"wpb_column vc_column_container\"><div class=\"vc_column-inner\"><div class=\"w-image align_left\"><div class=\"w-image-h\"><img decoding=\"async\" width=\"100\" height=\"100\" src=\"https:\/\/sambapos.com\/wp-content\/uploads\/bekoX30TR-100x100.png\" class=\"attachment-us_100_0_crop size-us_100_0_crop\" alt=\"\" loading=\"lazy\" srcset=\"https:\/\/sambapos.com\/wp-content\/uploads\/bekoX30TR-100x100.png 100w, https:\/\/sambapos.com\/wp-content\/uploads\/bekoX30TR-120x120.png 120w, https:\/\/sambapos.com\/wp-content\/uploads\/bekoX30TR-44x44.png 44w, https:\/\/sambapos.com\/wp-content\/uploads\/bekoX30TR-30x30.png 30w, https:\/\/sambapos.com\/wp-content\/uploads\/bekoX30TR-60x60.png 60w, https:\/\/sambapos.com\/wp-content\/uploads\/bekoX30TR.png 150w\" sizes=\"auto, (max-width: 100px) 100vw, 100px\" \/><\/div><\/div><\/div><\/div><div class=\"wpb_column vc_column_container\"><div class=\"vc_column-inner\"><div class=\"w-iconbox us_custom_502c7aa6 iconpos_left style_default color_primary align_left no_text\"><div class=\"w-iconbox-icon\" style=\"font-size:1rem;\"><i class=\"fas fa-angle-right\"><\/i><\/div><div class=\"w-iconbox-meta\"><p class=\"w-iconbox-title\">X30TR<\/p><\/div><\/div><\/div><\/div><div class=\"wpb_column vc_column_container\"><div class=\"vc_column-inner\"><div class=\"w-iconbox us_custom_502c7aa6 iconpos_left style_default color_primary align_left no_text\"><div class=\"w-iconbox-icon\" style=\"font-size:1rem;\"><i class=\"fas fa-angle-right\"><\/i><\/div><div class=\"w-iconbox-meta\"><p class=\"w-iconbox-title\">Kablosuz<\/p><\/div><\/div><\/div><\/div><div class=\"wpb_column vc_column_container\"><div class=\"vc_column-inner\"><div class=\"w-iconbox iconpos_left style_default color_primary align_left no_text\"><div class=\"w-iconbox-icon\" style=\"font-size:1rem;\"><i class=\"fas fa-angle-right\"><\/i><\/div><div class=\"w-iconbox-meta\"><p class=\"w-iconbox-title\">Masada veya Paket Servis ile kap\u0131da \u00f6deme alma<\/p><\/div><\/div><\/div><\/div><\/div><div class=\"w-separator size_custom with_line width_default thick_1 style_solid color_border align_center\" style=\"height:15px\"><div class=\"w-separator-h\"><\/div><\/div><div class=\"g-cols wpb_row us_custom_315b8835 via_grid cols_4 laptops-cols_inherit tablets-cols_inherit mobiles-cols_1 valign_middle type_default stacking_default\" style=\"--columns-gap:1rem;\"><div class=\"wpb_column vc_column_container\"><div class=\"vc_column-inner\"><div class=\"w-image align_left\"><div class=\"w-image-h\"><img decoding=\"async\" width=\"100\" height=\"100\" src=\"https:\/\/sambapos.com\/wp-content\/uploads\/beko300tr-100x100.png\" class=\"attachment-us_100_0_crop size-us_100_0_crop\" alt=\"\" loading=\"lazy\" srcset=\"https:\/\/sambapos.com\/wp-content\/uploads\/beko300tr-100x100.png 100w, https:\/\/sambapos.com\/wp-content\/uploads\/beko300tr-120x120.png 120w, https:\/\/sambapos.com\/wp-content\/uploads\/beko300tr-44x44.png 44w, https:\/\/sambapos.com\/wp-content\/uploads\/beko300tr-30x30.png 30w, https:\/\/sambapos.com\/wp-content\/uploads\/beko300tr-60x60.png 60w, https:\/\/sambapos.com\/wp-content\/uploads\/beko300tr.png 150w\" sizes=\"auto, (max-width: 100px) 100vw, 100px\" \/><\/div><\/div><\/div><\/div><div class=\"wpb_column vc_column_container\"><div class=\"vc_column-inner\"><div class=\"w-iconbox us_custom_502c7aa6 iconpos_left style_default color_primary align_left no_text\"><div class=\"w-iconbox-icon\" style=\"font-size:1rem;\"><i class=\"fas fa-angle-right\"><\/i><\/div><div class=\"w-iconbox-meta\"><p class=\"w-iconbox-title\">300TR<\/p><\/div><\/div><\/div><\/div><div class=\"wpb_column vc_column_container\"><div class=\"vc_column-inner\"><div class=\"w-iconbox us_custom_502c7aa6 iconpos_left style_default color_primary align_left no_text\"><div class=\"w-iconbox-icon\" style=\"font-size:1rem;\"><i class=\"fas fa-angle-right\"><\/i><\/div><div class=\"w-iconbox-meta\"><p class=\"w-iconbox-title\">Kablolu<\/p><\/div><\/div><\/div><\/div><div class=\"wpb_column vc_column_container\"><div class=\"vc_column-inner\"><div class=\"w-iconbox iconpos_left style_default color_primary align_left no_text\"><div class=\"w-iconbox-icon\" style=\"font-size:1rem;\"><i class=\"fas fa-angle-right\"><\/i><\/div><div class=\"w-iconbox-meta\"><p class=\"w-iconbox-title\">Kasada \u00f6deme alma<\/p><\/div><\/div><\/div><\/div><\/div><div class=\"w-separator size_custom\" style=\"height:75px\"><\/div><\/div><\/div><\/div><\/div><\/section>\n","protected":false},"excerpt":{"rendered":"Beko Yazarkasa Entegrasyonlar\u0131 SambaPOS ile entegre kasada, masada ve paket serviste \u00f6deme alan i\u015fletmeler i\u00e7in g\u00fcvenilir yazarkasa entegrasyonu. Yeni yasaya uygun yazar kasa ve EFT POS \u00f6zelliklerini ayn\u0131 cihazda toplad\u0131\u011f\u0131 yeni nesil Beko YazarkasaPOS, dokunmatik ekran\u0131, kolay kullan\u0131m\u0131 ve hafif yap\u0131l\u0131 \u00f6zel tasar\u0131m\u0131yla beraber SambaPOS entegrasyonuna haz\u0131r. T\u00fcrkiye\u2019nin en yayg\u0131n sat\u0131\u015f ve servis a\u011f\u0131na sahip...","protected":false},"author":1,"featured_media":0,"parent":0,"menu_order":0,"comment_status":"closed","ping_status":"closed","template":"","meta":{"footnotes":""},"class_list":["post-17029","page","type-page","status-publish","hentry"],"_links":{"self":[{"href":"https:\/\/sambapos.com\/tr\/wp-json\/wp\/v2\/pages\/17029","targetHints":{"allow":["GET"]}}],"collection":[{"href":"https:\/\/sambapos.com\/tr\/wp-json\/wp\/v2\/pages"}],"about":[{"href":"https:\/\/sambapos.com\/tr\/wp-json\/wp\/v2\/types\/page"}],"author":[{"embeddable":true,"href":"https:\/\/sambapos.com\/tr\/wp-json\/wp\/v2\/users\/1"}],"replies":[{"embeddable":true,"href":"https:\/\/sambapos.com\/tr\/wp-json\/wp\/v2\/comments?post=17029"}],"version-history":[{"count":98,"href":"https:\/\/sambapos.com\/tr\/wp-json\/wp\/v2\/pages\/17029\/revisions"}],"predecessor-version":[{"id":17561,"href":"https:\/\/sambapos.com\/tr\/wp-json\/wp\/v2\/pages\/17029\/revisions\/17561"}],"wp:attachment":[{"href":"https:\/\/sambapos.com\/tr\/wp-json\/wp\/v2\/media?parent=17029"}],"curies":[{"name":"wp","href":"https:\/\/api.w.org\/{rel}","templated":true}]}}