{"id":16621,"date":"2023-12-28T12:28:57","date_gmt":"2023-12-28T12:28:57","guid":{"rendered":"https:\/\/sambapos.com\/worldline-tim-integration-for-switzerland\/"},"modified":"2023-12-29T12:19:45","modified_gmt":"2023-12-29T12:19:45","slug":"isvicre-icin-worldline-tim-entegrasyonu","status":"publish","type":"page","link":"https:\/\/sambapos.com\/tr\/isvicre-icin-worldline-tim-entegrasyonu\/","title":{"rendered":"Worldline TIM Entegrasyonu"},"content":{"rendered":"<section class=\"l-section wpb_row us_custom_6ac6f918 hide_on_tablets hide_on_mobiles height_large\"><div class=\"l-section-h i-cf\"><div class=\"g-cols vc_row via_grid cols_1 laptops-cols_inherit tablets-cols_inherit mobiles-cols_1 valign_middle type_default stacking_default\" style=\"--columns-gap:30rem;\"><div class=\"wpb_column vc_column_container\"><div class=\"vc_column-inner\"><div class=\"g-cols wpb_row via_grid cols_2 laptops-cols_inherit tablets-cols_inherit mobiles-cols_1 valign_middle type_default stacking_default\" style=\"--columns-gap:calc(3rem + 30px);\"><div class=\"wpb_column vc_column_container us_custom_862028bc\"><div class=\"vc_column-inner\"><div class=\"wpb_text_column\"><div class=\"wpb_wrapper\"><h1><span style=\"color: #ff3131;\">Worldline TIM Entegrasyonu<\/span><\/h1>\n<\/div><\/div><div class=\"w-separator size_custom\" style=\"height:25px\"><\/div><div class=\"wpb_text_column us_custom_1e0e9307\"><div class=\"wpb_wrapper\"><h5><strong>\u0130svi\u00e7re i\u00e7in Kredi Kart\u0131 \u00d6deme \u00c7\u00f6z\u00fcm\u00fc<\/strong><\/h5>\n<\/div><\/div><div class=\"w-separator size_custom\" style=\"height:25px\"><\/div><div class=\"wpb_text_column\"><div class=\"wpb_wrapper\"><p>SambaPOS ve Worldline entegrasyonu restoranlara sorunsuz bir \u015fekilde kredi kart\u0131 ile \u00f6deme \u00e7\u00f6z\u00fcm\u00fc sunmaktad\u0131r. T\u0131pk\u0131 di\u011fer bir\u00e7ok \u00fclkede yapt\u0131\u011f\u0131m\u0131z gibi. Kolay \u00f6deme yapma deneyimi restoran\u0131n\u0131za bir\u00e7ok mutlu m\u00fc\u015fteri kazand\u0131racakt\u0131r.<\/p>\n<\/div><\/div><\/div><\/div><div class=\"wpb_column vc_column_container\"><div class=\"vc_column-inner\"><\/div><\/div><\/div><div class=\"w-separator size_huge\"><\/div><\/div><\/div><\/div><\/div><\/section><section class=\"l-section wpb_row hide_on_default hide_on_laptops height_large\"><div class=\"l-section-h i-cf\"><div class=\"g-cols vc_row via_grid cols_1 laptops-cols_inherit tablets-cols_inherit mobiles-cols_1 valign_middle type_default stacking_default\" style=\"--columns-gap:30rem;\"><div class=\"wpb_column vc_column_container\"><div class=\"vc_column-inner\"><div class=\"g-cols wpb_row via_grid cols_1 laptops-cols_inherit tablets-cols_inherit mobiles-cols_1 valign_middle type_default stacking_default\" style=\"--columns-gap:calc(3rem + 30px);\"><div class=\"wpb_column vc_column_container\"><div class=\"vc_column-inner\"><div class=\"w-separator size_custom\" style=\"height:75px\"><\/div><div class=\"wpb_text_column\"><div class=\"wpb_wrapper\"><h1><span style=\"color: #ff3131;\">Worldline TIM Entegrasyonu<\/span><\/h1>\n<\/div><\/div><div class=\"w-separator size_custom\" style=\"height:25px\"><\/div><div class=\"wpb_text_column us_custom_1e0e9307\"><div class=\"wpb_wrapper\"><h5><strong>\u0130svi\u00e7re i\u00e7in Kredi Kart\u0131 \u00d6deme \u00c7\u00f6z\u00fcm\u00fc<\/strong><\/h5>\n<\/div><\/div><div class=\"w-separator size_custom\" style=\"height:25px\"><\/div><div class=\"wpb_text_column\"><div class=\"wpb_wrapper\"><p>SambaPOS ve Worldline entegrasyonu restoranlara sorunsuz bir \u015fekilde kredi kart\u0131 ile \u00f6deme \u00e7\u00f6z\u00fcm\u00fc sunmaktad\u0131r. T\u0131pk\u0131 di\u011fer bir\u00e7ok \u00fclkede yapt\u0131\u011f\u0131m\u0131z gibi. Kolay \u00f6deme yapma deneyimi restoran\u0131n\u0131za bir\u00e7ok mutlu m\u00fc\u015fteri kazand\u0131racakt\u0131r.<\/p>\n<\/div><\/div><\/div><\/div><\/div><div class=\"w-separator hide_on_tablets hide_on_mobiles size_custom\" style=\"height:75px\"><\/div><\/div><\/div><\/div><\/div><\/section><section class=\"l-section wpb_row us_custom_3b745cf9 height_auto\"><div class=\"l-section-h i-cf\"><div class=\"g-cols vc_row via_grid cols_1 laptops-cols_inherit tablets-cols_inherit mobiles-cols_1 valign_top type_default stacking_default\"><div class=\"wpb_column vc_column_container\"><div class=\"vc_column-inner\"><div class=\"g-cols wpb_row via_grid cols_2 laptops-cols_inherit tablets-cols_inherit mobiles-cols_1 valign_bottom type_default stacking_default\" style=\"--columns-gap:calc(3rem + 30px);\"><div class=\"wpb_column vc_column_container\"><div class=\"vc_column-inner\"><div class=\"w-image align_center\"><div class=\"w-image-h\"><img decoding=\"async\" width=\"378\" height=\"507\" src=\"https:\/\/sambapos.com\/wp-content\/uploads\/worldline-product-1.png\" class=\"attachment-us_600_0_crop size-us_600_0_crop\" alt=\"\" loading=\"lazy\" srcset=\"https:\/\/sambapos.com\/wp-content\/uploads\/worldline-product-1.png 378w, https:\/\/sambapos.com\/wp-content\/uploads\/worldline-product-1-224x300.png 224w, https:\/\/sambapos.com\/wp-content\/uploads\/worldline-product-1-298x400.png 298w, https:\/\/sambapos.com\/wp-content\/uploads\/worldline-product-1-100x134.png 100w, https:\/\/sambapos.com\/wp-content\/uploads\/worldline-product-1-150x201.png 150w, https:\/\/sambapos.com\/wp-content\/uploads\/worldline-product-1-120x161.png 120w, https:\/\/sambapos.com\/wp-content\/uploads\/worldline-product-1-200x268.png 200w, https:\/\/sambapos.com\/wp-content\/uploads\/worldline-product-1-33x44.png 33w, https:\/\/sambapos.com\/wp-content\/uploads\/worldline-product-1-22x30.png 22w, https:\/\/sambapos.com\/wp-content\/uploads\/worldline-product-1-60x80.png 60w, https:\/\/sambapos.com\/wp-content\/uploads\/worldline-product-1-250x335.png 250w, https:\/\/sambapos.com\/wp-content\/uploads\/worldline-product-1-30x40.png 30w\" sizes=\"auto, (max-width: 378px) 100vw, 378px\" \/><\/div><\/div><\/div><\/div><div class=\"wpb_column vc_column_container\"><div class=\"vc_column-inner\"><div class=\"wpb_text_column\"><div class=\"wpb_wrapper\"><div class=\"page\" title=\"Page 4\">\n<div class=\"section\">\n<div class=\"layoutArea\">\n<div class=\"column\">\n<h2>SambaPOS ve Worldline B\u00fcy\u00fcmenizi Nas\u0131l Sa\u011flar?<\/h2>\n<p>Pin girilerek, yandan kayd\u0131rma y\u00f6ntemi ile ya da temass\u0131z bir \u015fekilde t\u00fcm kredi kartlar\u0131ndan \u00f6deme alabileceksiniz. M\u00fc\u015fterileriniz iki b\u00fcy\u00fck \u015firketin g\u00fcc\u00fcn\u00fc hissedecek ve g\u00fcvenle \u00f6demelerini yapabilecekler. Bu g\u00fcven sayesinde restoran\u0131n\u0131z b\u00f6lgenizin bir numaral\u0131 restoran\u0131 olacakt\u0131r.<\/p>\n<\/div>\n<\/div>\n<\/div>\n<\/div>\n<\/div><\/div><\/div><\/div><\/div><div class=\"w-separator size_custom\" style=\"height:125px\"><\/div><div class=\"g-cols wpb_row via_grid cols_2 laptops-cols_inherit tablets-cols_inherit mobiles-cols_1 valign_middle type_default stacking_default\" style=\"--columns-gap:calc(3rem + 30px);\"><div class=\"wpb_column vc_column_container\"><div class=\"vc_column-inner\"><div class=\"wpb_text_column\"><div class=\"wpb_wrapper\"><div class=\"page\" title=\"Page 4\">\n<div class=\"section\">\n<div class=\"layoutArea\">\n<h5 class=\"column\"><strong>Neden SambaPOS &amp; Worldline Entegrasyonuna ihtiyac\u0131n\u0131z var?<\/strong><\/h5>\n<p>&nbsp;<\/p>\n<\/div>\n<\/div>\n<\/div>\n<div class=\"page\" title=\"Page 4\">\n<div class=\"section\">\n<div class=\"layoutArea\">\n<div class=\"column\">\n<ul>\n<li>G\u00fc\u00e7l\u00fc \u00f6deme alma \u00f6zellikleriyle hatalar en aza iner<\/li>\n<li>T\u00fcm ana \u00f6deme tiplerinde \u00f6deme alma<\/li>\n<li>Kolay kurulum ve tedarik s\u00fcreci<\/li>\n<li>G\u00fc\u00e7l\u00fc \u015fifreleme ile sahte i\u015flemleri ve k\u00f6t\u00fcye kullan\u0131mlar\u0131 engeller<\/li>\n<li>Uluslararas\u0131 bir firmadan tam destek ve servis<\/li>\n<\/ul>\n<\/div>\n<\/div>\n<\/div>\n<\/div>\n<\/div><\/div><\/div><\/div><div class=\"wpb_column vc_column_container\"><div class=\"vc_column-inner\"><div class=\"w-pricing style_cards items_1\"><div class=\"w-pricing-item type_featured\"><div class=\"w-pricing-item-h\"><div class=\"w-pricing-item-header\"><div class=\"w-pricing-item-title\">Worldline TIM Entegrasyonu<\/div><div class=\"w-pricing-item-price\">135$<small>Y\u0131ll\u0131k<\/small><\/div><\/div><ul class=\"w-pricing-item-features\"><li class=\"w-pricing-item-feature\">H\u0131zl\u0131 ve kolay kurulum<\/li><li class=\"w-pricing-item-feature\">Kullan\u0131c\u0131 dostu aray\u00fcz<\/li><li class=\"w-pricing-item-feature\">H\u0131zl\u0131 tedarik s\u00fcreci<\/li><li class=\"w-pricing-item-feature\">G\u00fcvenli \u00f6deme<\/li><\/ul><div class=\"w-pricing-item-footer\"><a class=\"w-btn us-btn-style_28\" style=\"font-size:15px\" target=\"_blank\" rel=\"nofollow\" href=\"https:\/\/cp.sambapos.com\/market\"><span class=\"w-btn-label\">Sat\u0131n Al<\/span><\/a><\/div><\/div><\/div><\/div><\/div><\/div><\/div><\/div><\/div><\/div><\/div><\/section><section class=\"l-section wpb_row us_custom_3b745cf9 height_auto\"><div class=\"l-section-h i-cf\"><div class=\"g-cols vc_row via_grid cols_1 laptops-cols_inherit tablets-cols_inherit mobiles-cols_1 valign_top type_default stacking_default\"><div class=\"wpb_column vc_column_container\"><div class=\"vc_column-inner\"><div class=\"w-separator size_custom\" style=\"height:75px\"><\/div><div class=\"g-cols wpb_row via_grid cols_2 laptops-cols_inherit tablets-cols_inherit mobiles-cols_1 valign_middle type_default stacking_default\" style=\"--columns-gap:calc(3rem + 30px);\"><div class=\"wpb_column vc_column_container\"><div class=\"vc_column-inner\"><div class=\"w-image align_center\"><div class=\"w-image-h\"><img decoding=\"async\" width=\"1024\" height=\"615\" src=\"https:\/\/sambapos.com\/wp-content\/uploads\/sambapos-products-copy-1024x615.png\" class=\"attachment-large size-large\" alt=\"SambaPOS Products\" loading=\"lazy\" srcset=\"https:\/\/sambapos.com\/wp-content\/uploads\/sambapos-products-copy-1024x615.png 1024w, https:\/\/sambapos.com\/wp-content\/uploads\/sambapos-products-copy-300x180.png 300w, https:\/\/sambapos.com\/wp-content\/uploads\/sambapos-products-copy-600x360.png 600w, https:\/\/sambapos.com\/wp-content\/uploads\/sambapos-products-copy-100x60.png 100w, https:\/\/sambapos.com\/wp-content\/uploads\/sambapos-products-copy-150x90.png 150w, https:\/\/sambapos.com\/wp-content\/uploads\/sambapos-products-copy-120x72.png 120w, https:\/\/sambapos.com\/wp-content\/uploads\/sambapos-products-copy-200x120.png 200w, https:\/\/sambapos.com\/wp-content\/uploads\/sambapos-products-copy-73x44.png 73w, https:\/\/sambapos.com\/wp-content\/uploads\/sambapos-products-copy-50x30.png 50w, https:\/\/sambapos.com\/wp-content\/uploads\/sambapos-products-copy-60x36.png 60w, https:\/\/sambapos.com\/wp-content\/uploads\/sambapos-products-copy-400x240.png 400w, https:\/\/sambapos.com\/wp-content\/uploads\/sambapos-products-copy.png 1333w\" sizes=\"auto, (max-width: 1024px) 100vw, 1024px\" \/><\/div><\/div><\/div><\/div><div class=\"wpb_column vc_column_container\"><div class=\"vc_column-inner\"><div class=\"wpb_text_column\"><div class=\"wpb_wrapper\"><div class=\"page\" title=\"Page 5\">\n<div class=\"section\">\n<div class=\"layoutArea\">\n<div class=\"column\">\n<div class=\"page\" title=\"Page 5\">\n<div class=\"section\">\n<div class=\"layoutArea\">\n<div class=\"column\">\n<h3>SambaPOS &amp; Worldline Entegrasyonunun nas\u0131l \u00e7al\u0131\u015ft\u0131\u011f\u0131n\u0131 deneyimlemek ister misiniz?<\/h3>\n<\/div>\n<\/div>\n<\/div>\n<\/div>\n<\/div>\n<\/div>\n<\/div>\n<\/div>\n<\/div><\/div><div class=\"w-separator size_custom\" style=\"height:25px\"><\/div><div class=\"wpb_text_column\"><div class=\"wpb_wrapper\"><p>SambaPOS V5 Pro\u2019yu indirin, Worldline Entegrasyon<strong> <a href=\"https:\/\/cp.sambapos.com\/market\">lisans\u0131n\u0131 sat\u0131n al\u0131n<\/a><\/strong>, \u00f6demeleri kabul etmeye ba\u015flay\u0131n ve i\u015fletmenizin b\u00fcy\u00fcmesini g\u00f6r\u00fcn ya da <strong><a href=\"https:\/\/sambapos.com\/tr\/yetkili-bayi-basvurusu\/\">bayimiz olun!<\/a><\/strong><\/p>\n<\/div><\/div><\/div><\/div><\/div><div class=\"w-separator size_custom\" style=\"height:75px\"><\/div><\/div><\/div><\/div><\/div><\/section>\n","protected":false},"excerpt":{"rendered":"Worldline TIM Entegrasyonu \u0130svi\u00e7re i\u00e7in Kredi Kart\u0131 \u00d6deme \u00c7\u00f6z\u00fcm\u00fc SambaPOS ve Worldline entegrasyonu restoranlara sorunsuz bir \u015fekilde kredi kart\u0131 ile \u00f6deme \u00e7\u00f6z\u00fcm\u00fc sunmaktad\u0131r. T\u0131pk\u0131 di\u011fer bir\u00e7ok \u00fclkede yapt\u0131\u011f\u0131m\u0131z gibi. Kolay \u00f6deme yapma deneyimi restoran\u0131n\u0131za bir\u00e7ok mutlu m\u00fc\u015fteri kazand\u0131racakt\u0131r. Worldline TIM Entegrasyonu \u0130svi\u00e7re i\u00e7in Kredi Kart\u0131 \u00d6deme \u00c7\u00f6z\u00fcm\u00fc SambaPOS ve Worldline entegrasyonu restoranlara sorunsuz bir \u015fekilde...","protected":false},"author":1,"featured_media":0,"parent":0,"menu_order":0,"comment_status":"closed","ping_status":"closed","template":"","meta":{"footnotes":""},"class_list":["post-16621","page","type-page","status-publish","hentry"],"_links":{"self":[{"href":"https:\/\/sambapos.com\/tr\/wp-json\/wp\/v2\/pages\/16621","targetHints":{"allow":["GET"]}}],"collection":[{"href":"https:\/\/sambapos.com\/tr\/wp-json\/wp\/v2\/pages"}],"about":[{"href":"https:\/\/sambapos.com\/tr\/wp-json\/wp\/v2\/types\/page"}],"author":[{"embeddable":true,"href":"https:\/\/sambapos.com\/tr\/wp-json\/wp\/v2\/users\/1"}],"replies":[{"embeddable":true,"href":"https:\/\/sambapos.com\/tr\/wp-json\/wp\/v2\/comments?post=16621"}],"version-history":[{"count":4,"href":"https:\/\/sambapos.com\/tr\/wp-json\/wp\/v2\/pages\/16621\/revisions"}],"predecessor-version":[{"id":16632,"href":"https:\/\/sambapos.com\/tr\/wp-json\/wp\/v2\/pages\/16621\/revisions\/16632"}],"wp:attachment":[{"href":"https:\/\/sambapos.com\/tr\/wp-json\/wp\/v2\/media?parent=16621"}],"curies":[{"name":"wp","href":"https:\/\/api.w.org\/{rel}","templated":true}]}}