{"id":16220,"date":"2023-10-19T07:53:51","date_gmt":"2023-10-19T07:53:51","guid":{"rendered":"https:\/\/sambapos.com\/sambapos-time-clock\/"},"modified":"2023-10-23T06:51:17","modified_gmt":"2023-10-23T06:51:17","slug":"sambapos-pdks","status":"publish","type":"page","link":"https:\/\/sambapos.com\/tr\/sambapos-pdks\/","title":{"rendered":"SambaPOS PDKS"},"content":{"rendered":"<section class=\"l-section wpb_row us_custom_7b1f89e9 hide_on_tablets hide_on_mobiles height_large\"><div class=\"l-section-h i-cf\"><div class=\"g-cols vc_row via_grid cols_1 laptops-cols_inherit tablets-cols_inherit mobiles-cols_1 valign_top type_default stacking_default\" style=\"--columns-gap:30rem;\"><div class=\"wpb_column vc_column_container\"><div class=\"vc_column-inner\"><div class=\"g-cols wpb_row via_grid cols_2 laptops-cols_inherit tablets-cols_inherit mobiles-cols_1 valign_top type_default stacking_default\" style=\"--columns-gap:calc(3rem + 30px);\"><div class=\"wpb_column vc_column_container us_custom_862028bc\"><div class=\"vc_column-inner\"><div class=\"wpb_text_column\"><div class=\"wpb_wrapper\"><h1><span style=\"color: #ff3131;\">SambaPOS &#8211; PDKS <\/span><\/h1>\n<\/div><\/div><div class=\"w-separator size_custom\" style=\"height:25px\"><\/div><div class=\"wpb_text_column us_custom_1e0e9307\"><div class=\"wpb_wrapper\"><p style=\"font-weight: 400;\"><strong>SambaPOS PDKS mod\u00fcl\u00fc ile personellerinizin \u00e7al\u0131\u015fma saatlerini zahmetsizce takip edin. Hassasiyet ve basitlik parmaklar\u0131n\u0131z\u0131n ucunda.<\/strong><\/p>\n<\/div><\/div><div class=\"w-separator size_custom\" style=\"height:25px\"><\/div><div class=\"wpb_text_column\"><div class=\"wpb_wrapper\"><p style=\"font-weight: 400;\">SambaPOS&#8217;un son teknoloji PDKS mod\u00fcl\u00fc ile shift y\u00f6netiminde devrim yarat\u0131n! SambaPOS PDKS ile \u00e7al\u0131\u015fanlar\u0131n\u0131z\u0131n \u00e7al\u0131\u015fma saatlerini sorunsuz bir \u015fekilde takip edin, \u00fcretkenli\u011fi ve verimlili\u011fi art\u0131r\u0131n. Bug\u00fcn SambaPOS V5 PRO kullanmaya ba\u015flay\u0131n!<\/p>\n<ul>\n<li>Mola Y\u00f6netimi<\/li>\n<li>Departman Atamas\u0131<\/li>\n<li>Rol Atamalar\u0131<\/li>\n<li>\u00c7ok Departmanl\u0131 Rol Olu\u015fturma Yetkileri<\/li>\n<li>\u00d6zel Rapor Olu\u015fturma<\/li>\n<\/ul>\n<\/div><\/div><\/div><\/div><div class=\"wpb_column vc_column_container\"><div class=\"vc_column-inner\"><\/div><\/div><\/div><\/div><\/div><\/div><\/div><\/section><section class=\"l-section wpb_row hide_on_default hide_on_laptops height_large\"><div class=\"l-section-h i-cf\"><div class=\"g-cols vc_row via_grid cols_1 laptops-cols_inherit tablets-cols_inherit mobiles-cols_1 valign_top type_default stacking_default\" style=\"--columns-gap:30rem;\"><div class=\"wpb_column vc_column_container\"><div class=\"vc_column-inner\"><div class=\"g-cols wpb_row via_grid cols_1 laptops-cols_inherit tablets-cols_inherit mobiles-cols_1 valign_middle type_default stacking_default\" style=\"--columns-gap:calc(3rem + 30px);\"><div class=\"wpb_column vc_column_container\"><div class=\"vc_column-inner\"><div class=\"w-separator size_custom\" style=\"height:75px\"><\/div><div class=\"wpb_text_column\"><div class=\"wpb_wrapper\"><h1><span style=\"color: #ff3131;\">SambaPOS &#8211; PDKS <\/span><\/h1>\n<\/div><\/div><div class=\"w-separator size_custom\" style=\"height:25px\"><\/div><div class=\"wpb_text_column us_custom_1e0e9307\"><div class=\"wpb_wrapper\"><p style=\"font-weight: 400;\"><strong>SambaPOS PDKS mod\u00fcl\u00fc ile personellerinizin \u00e7al\u0131\u015fma saatlerini zahmetsizce takip edin. Hassasiyet ve basitlik parmaklar\u0131n\u0131z\u0131n ucunda.<\/strong><\/p>\n<\/div><\/div><div class=\"w-separator size_custom\" style=\"height:25px\"><\/div><div class=\"wpb_text_column\"><div class=\"wpb_wrapper\"><p style=\"font-weight: 400;\">SambaPOS&#8217;un son teknoloji PDKS mod\u00fcl\u00fc ile shift y\u00f6netiminde devrim yarat\u0131n! SambaPOS PDKS ile \u00e7al\u0131\u015fanlar\u0131n\u0131z\u0131n \u00e7al\u0131\u015fma saatlerini sorunsuz bir \u015fekilde takip edin, \u00fcretkenli\u011fi ve verimlili\u011fi art\u0131r\u0131n. Bug\u00fcn SambaPOS V5 PRO kullanmaya ba\u015flay\u0131n!<\/p>\n<ul>\n<li>Mola Y\u00f6netimi<\/li>\n<li>Departman Atamas\u0131<\/li>\n<li>Rol Atamalar\u0131<\/li>\n<li>\u00c7ok Departmanl\u0131 Rol Olu\u015fturma Yetkileri<\/li>\n<li>\u00d6zel Rapor Olu\u015fturma<\/li>\n<\/ul>\n<\/div><\/div><\/div><\/div><\/div><\/div><\/div><\/div><\/div><\/section><section class=\"l-section wpb_row us_custom_3b745cf9 height_auto\"><div class=\"l-section-h i-cf\"><div class=\"g-cols vc_row via_grid cols_1 laptops-cols_inherit tablets-cols_inherit mobiles-cols_1 valign_top type_default stacking_default\"><div class=\"wpb_column vc_column_container\"><div class=\"vc_column-inner\"><div class=\"w-separator hide_on_tablets hide_on_mobiles size_custom\" style=\"height:75px\"><\/div><div class=\"g-cols wpb_row via_grid cols_1-4-1 laptops-cols_inherit tablets-cols_inherit mobiles-cols_1 valign_top type_default stacking_default\" style=\"--columns-gap:3rem;\"><div class=\"wpb_column vc_column_container\"><div class=\"vc_column-inner\"><\/div><\/div><div class=\"wpb_column vc_column_container\"><div class=\"vc_column-inner\"><div class=\"wpb_text_column\"><div class=\"wpb_wrapper\"><h2 style=\"text-align: center;\"><strong>SambaPOS V5 PRO PDKS \u00c7\u00f6z\u00fcm\u00fc<\/strong><\/h2>\n<p style=\"font-weight: 400; text-align: center;\">SambaPOS PDKS ile hassas bordro bilgileri ve kolayla\u015ft\u0131r\u0131lm\u0131\u015f operasyonlar i\u00e7in \u00e7al\u0131\u015fanlar\u0131n\u0131z\u0131 zahmetsiz bir \u015fekilde takip edin.<\/p>\n<\/div><\/div><\/div><\/div><div class=\"wpb_column vc_column_container\"><div class=\"vc_column-inner\"><\/div><\/div><\/div><\/div><\/div><\/div><\/div><\/section><section class=\"l-section wpb_row us_custom_aa414d8c height_auto\"><div class=\"l-section-h i-cf\"><div class=\"g-cols vc_row via_grid cols_1 laptops-cols_inherit tablets-cols_inherit mobiles-cols_1 valign_top type_default stacking_default\" style=\"--columns-gap:2rem;\"><div class=\"wpb_column vc_column_container\"><div class=\"vc_column-inner\"><div class=\"g-cols wpb_row via_grid cols_2 laptops-cols_inherit tablets-cols_inherit mobiles-cols_1 valign_top type_default stacking_default\" style=\"--columns-gap:3rem;\"><div class=\"wpb_column vc_column_container us_custom_4fe2f0fa has_bg_color\"><div class=\"vc_column-inner\"><div class=\"w-separator size_custom\" style=\"height:20px\"><\/div><div class=\"wpb_text_column\"><div class=\"wpb_wrapper\"><h5 style=\"font-weight: 400; text-align: center;\"><strong>Mola Y\u00f6netimi<\/strong><\/h5>\n<p style=\"font-weight: 400; text-align: center;\">SambaPOS PDKS ile mola y\u00f6netimini kolayla\u015ft\u0131r\u0131n. Molalar\u0131 zahmetsizce \u00f6zelle\u015ftirin; tercihlerinize ve operasyonlar\u0131n\u0131za g\u00f6re \u00fccretleri takip edin veya s\u00fcrelerini ayarlay\u0131n.<\/p>\n<\/div><\/div><div class=\"w-separator size_custom\" style=\"height:20px\"><\/div><\/div><\/div><div class=\"wpb_column vc_column_container us_custom_4fe2f0fa has_bg_color\"><div class=\"vc_column-inner\"><div class=\"w-separator size_custom\" style=\"height:20px\"><\/div><div class=\"wpb_text_column\"><div class=\"wpb_wrapper\"><h5 style=\"font-weight: 400; text-align: center;\"><strong>Departman Atamalar\u0131<\/strong><\/h5>\n<p style=\"font-weight: 400; text-align: center;\">Personellerinizi \u201c\u00d6n Taraf\u201d veya \u201cArka Taraf\u201d gibi departmanlara g\u00f6re zahmetsizce organize edin. SambaPOS PDKS ile restoran\u0131n\u0131z\u0131n operasyonlar\u0131na uygun \u00f6zel departmanlar\u0131 \u00f6zelle\u015ftirin ve olu\u015fturun.<\/p>\n<\/div><\/div><div class=\"w-separator size_custom\" style=\"height:20px\"><\/div><\/div><\/div><\/div><div class=\"w-separator size_custom\" style=\"height:3rem\"><\/div><div class=\"g-cols wpb_row via_grid cols_2 laptops-cols_inherit tablets-cols_inherit mobiles-cols_1 valign_top type_default stacking_default\" style=\"--columns-gap:3rem;\"><div class=\"wpb_column vc_column_container us_custom_4fe2f0fa has_bg_color\"><div class=\"vc_column-inner\"><div class=\"w-separator size_custom\" style=\"height:20px\"><\/div><div class=\"wpb_text_column\"><div class=\"wpb_wrapper\"><h5 style=\"font-weight: 400; text-align: center;\"><strong>\u00c7al\u0131\u015fanlar\u0131n\u0131z\u0131n \u00c7oklu \u0130\u015f Y\u00f6netimi<\/strong><\/h5>\n<p style=\"font-weight: 400; text-align: center;\">De\u011fi\u015fen \u00fccret oranlar\u0131yla \u00e7ok y\u00f6nl\u00fc \u00e7al\u0131\u015fan rollerine sorunsuz bir \u015fekilde uyum sa\u011flay\u0131n. SambaPOS PDKS ile personellerinizin rollerini farkl\u0131 sorumluluklara ve \u00f6deme seviyelerine kolayca ve uyumlu \u015fekilde uyarlay\u0131n.<\/p>\n<\/div><\/div><div class=\"w-separator size_custom\" style=\"height:20px\"><\/div><\/div><\/div><div class=\"wpb_column vc_column_container us_custom_4fe2f0fa has_bg_color\"><div class=\"vc_column-inner\"><div class=\"w-separator size_custom\" style=\"height:20px\"><\/div><div class=\"wpb_text_column\"><div class=\"wpb_wrapper\"><h5 style=\"font-weight: 400; text-align: center;\"><strong>Rol Atamalar\u0131<\/strong><\/h5>\n<p style=\"font-weight: 400; text-align: center;\">\u00d6zelle\u015ftirilmi\u015f departmanlarda farkl\u0131 roller belirleyin: Garson, A\u015f\u00e7\u0131 ve daha fazlas\u0131. SambaPOS PDKS ile rolleri operasyonel ihtiya\u00e7lar\u0131n\u0131za uyacak \u015fekilde uyarlay\u0131n ve verimlili\u011fi optimize edin.<\/p>\n<\/div><\/div><div class=\"w-separator size_custom\" style=\"height:20px\"><\/div><\/div><\/div><\/div><\/div><\/div><\/div><\/div><\/section><section class=\"l-section wpb_row us_custom_3b745cf9 height_auto\"><div class=\"l-section-h i-cf\"><div class=\"g-cols vc_row via_grid cols_1 laptops-cols_inherit tablets-cols_inherit mobiles-cols_1 valign_top type_default stacking_default\"><div class=\"wpb_column vc_column_container\"><div class=\"vc_column-inner\"><div class=\"w-separator size_custom\" style=\"height:75px\"><\/div><div class=\"g-cols wpb_row via_grid cols_2 laptops-cols_inherit tablets-cols_inherit mobiles-cols_1 valign_top type_default stacking_default\" style=\"--columns-gap:calc(3rem + 30px);\"><div class=\"wpb_column vc_column_container\"><div class=\"vc_column-inner\"><div class=\"w-image align_center\"><div class=\"w-image-h\"><img decoding=\"async\" width=\"600\" height=\"400\" src=\"https:\/\/sambapos.com\/wp-content\/uploads\/SambaPOS-TimeClock-image-2.png\" class=\"attachment-large size-large\" alt=\"\" loading=\"lazy\" srcset=\"https:\/\/sambapos.com\/wp-content\/uploads\/SambaPOS-TimeClock-image-2.png 600w, https:\/\/sambapos.com\/wp-content\/uploads\/SambaPOS-TimeClock-image-2-300x200.png 300w, https:\/\/sambapos.com\/wp-content\/uploads\/SambaPOS-TimeClock-image-2-100x67.png 100w, https:\/\/sambapos.com\/wp-content\/uploads\/SambaPOS-TimeClock-image-2-150x100.png 150w, https:\/\/sambapos.com\/wp-content\/uploads\/SambaPOS-TimeClock-image-2-120x80.png 120w, https:\/\/sambapos.com\/wp-content\/uploads\/SambaPOS-TimeClock-image-2-200x133.png 200w, https:\/\/sambapos.com\/wp-content\/uploads\/SambaPOS-TimeClock-image-2-66x44.png 66w, https:\/\/sambapos.com\/wp-content\/uploads\/SambaPOS-TimeClock-image-2-45x30.png 45w, https:\/\/sambapos.com\/wp-content\/uploads\/SambaPOS-TimeClock-image-2-60x40.png 60w, https:\/\/sambapos.com\/wp-content\/uploads\/SambaPOS-TimeClock-image-2-400x267.png 400w, https:\/\/sambapos.com\/wp-content\/uploads\/SambaPOS-TimeClock-image-2-250x167.png 250w, https:\/\/sambapos.com\/wp-content\/uploads\/SambaPOS-TimeClock-image-2-30x20.png 30w\" sizes=\"auto, (max-width: 600px) 100vw, 600px\" \/><\/div><\/div><\/div><\/div><div class=\"wpb_column vc_column_container\"><div class=\"vc_column-inner\"><div class=\"wpb_text_column\"><div class=\"wpb_wrapper\"><h2 style=\"font-weight: 400;\"><strong>Farkl\u0131 Roller i\u00e7in Bordro Y\u00f6netimi<\/strong><\/h2>\n<p>Manage dual-role employees seamlessly: morning cook, afternoon waiter. Let SambaPOS Time Clock simplify your scheduling and payroll effortlessly.<\/p>\n<\/div><\/div><div class=\"w-separator size_custom\" style=\"height:25px\"><\/div><div class=\"w-iconbox iconpos_left style_default color_primary align_left no_title\"><div class=\"w-iconbox-icon\" style=\"font-size:2rem;\"><i class=\"fas fa-angle-right\"><\/i><\/div><div class=\"w-iconbox-meta\"><div class=\"w-iconbox-text\"><p>\u00c7al\u0131\u015fanlar\u0131n\u0131z\u0131n hem Departmanlar\u0131n\u0131 hem de Rollerini atay\u0131n.<\/p>\n<\/div><\/div><\/div><div class=\"w-separator size_custom\" style=\"height:25px\"><\/div><div class=\"w-iconbox iconpos_left style_default color_primary align_left no_title\"><div class=\"w-iconbox-icon\" style=\"font-size:2rem;\"><i class=\"fas fa-angle-right\"><\/i><\/div><div class=\"w-iconbox-meta\"><div class=\"w-iconbox-text\"><p>G\u00f6revlerini y\u00f6netirken, her farkl\u0131 rol i\u00e7in kar\u015f\u0131l\u0131k gelen \u00f6deme oran\u0131n\u0131 dahil edin.<\/p>\n<\/div><\/div><\/div><div class=\"w-separator size_custom\" style=\"height:25px\"><\/div><div class=\"w-iconbox iconpos_left style_default color_primary align_left no_title\"><div class=\"w-iconbox-icon\" style=\"font-size:2rem;\"><i class=\"fas fa-angle-right\"><\/i><\/div><div class=\"w-iconbox-meta\"><div class=\"w-iconbox-text\"><p>Giri\u015f yap\u0131ld\u0131\u011f\u0131nda do\u011fru Rol\u00fc atay\u0131n.<\/p>\n<\/div><\/div><\/div><div class=\"w-separator size_custom\" style=\"height:25px\"><\/div><div class=\"w-iconbox iconpos_left style_default color_primary align_left no_title\"><div class=\"w-iconbox-icon\" style=\"font-size:2rem;\"><i class=\"fas fa-angle-right\"><\/i><\/div><div class=\"w-iconbox-meta\"><div class=\"w-iconbox-text\"><p>Rolleri de\u011fi\u015ftirmek art\u0131k \u00e7ok kolay: Personellerinizin \u00e7\u0131k\u0131\u015f zamanlar\u0131n\u0131 sisteme girin, ard\u0131ndan yeni rol\u00fcne kolayca geri atay\u0131n.<\/p>\n<\/div><\/div><\/div><\/div><\/div><\/div><div class=\"w-separator size_custom\" style=\"height:75px\"><\/div><div class=\"g-cols wpb_row via_grid cols_2 laptops-cols_inherit tablets-cols_inherit mobiles-cols_1 valign_middle type_default stacking_default\" style=\"--columns-gap:calc(3rem + 30px);\"><div class=\"wpb_column vc_column_container\"><div class=\"vc_column-inner\"><div class=\"wpb_text_column\"><div class=\"wpb_wrapper\"><h2 style=\"font-weight: 400;\"><strong>SambaPOS PDKS ile \u00d6zelle\u015ftirilmi\u015f Raporlar<\/strong><\/h2>\n<p style=\"font-weight: 400;\">\u00d6zelle\u015ftirilmi\u015f raporlar ile m\u00fckemmelli\u011fi art\u0131r\u0131n: Daha ak\u0131ll\u0131 i\u015fg\u00fcc\u00fc y\u00f6netimi kararlar\u0131 i\u00e7in gerekli olan anahtar\u0131n\u0131z.<\/p>\n<\/div><\/div><div class=\"w-separator size_custom\" style=\"height:25px\"><\/div><div class=\"w-iconbox iconpos_left style_default color_primary align_left\"><div class=\"w-iconbox-icon\" style=\"font-size:2rem;\"><i class=\"fas fa-angle-right\"><\/i><\/div><div class=\"w-iconbox-meta\"><h4 class=\"w-iconbox-title\"><b>\u00d6zelle\u015ftirilmi\u015f Bilgiler<\/b><\/h4><div class=\"w-iconbox-text\"><p style=\"font-weight: 400;\">\u00d6zelle\u015ftirilebilir raporlar, i\u015fletmelerin veri sunumunu kendi \u00f6zel ihtiya\u00e7lar\u0131na ve \u00f6nceliklerine uyacak \u015fekilde uyarlamas\u0131na olanak tan\u0131r, \u00e7al\u0131\u015fan performans\u0131 ve operasyonel verimlilik hakk\u0131nda ilgili bilgiler sa\u011flar.<\/p>\n<\/div><\/div><\/div><div class=\"w-separator size_custom\" style=\"height:25px\"><\/div><div class=\"w-iconbox iconpos_left style_default color_primary align_left\"><div class=\"w-iconbox-icon\" style=\"font-size:2rem;\"><i class=\"fas fa-angle-right\"><\/i><\/div><div class=\"w-iconbox-meta\"><h4 class=\"w-iconbox-title\"><b>Veriye Dayal\u0131 Karar Verme<\/b><\/h4><div class=\"w-iconbox-text\"><p style=\"font-weight: 400;\">\u0130\u015fletmeler, \u00f6zel raporlar\u0131 analiz ederek, \u00e7al\u0131\u015fanlar\u0131n zaman kullan\u0131m\u0131na ili\u015fkin daha derin bilgiler elde ederek ve daha fazlas\u0131n\u0131 yaparak bilin\u00e7li kararlar alabilir. Bu veriye dayal\u0131 yakla\u015f\u0131m, operasyonel stratejileri geli\u015ftirir ve kaynaklar\u0131n\u0131z\u0131n daha iyi optimize edilmesine yard\u0131mc\u0131 olur.<\/p>\n<\/div><\/div><\/div><div class=\"w-separator size_custom\" style=\"height:25px\"><\/div><div class=\"w-iconbox iconpos_left style_default color_primary align_left\"><div class=\"w-iconbox-icon\" style=\"font-size:2rem;\"><i class=\"fas fa-angle-right\"><\/i><\/div><div class=\"w-iconbox-meta\"><h4 class=\"w-iconbox-title\"><b>Verimlili\u011fi Art\u0131r\u0131n<\/b><\/h4><div class=\"w-iconbox-text\"><p style=\"font-weight: 400;\">\u00d6zelle\u015ftirilebilir raporlar, i\u015fletmelerin kendileri i\u00e7in en \u00f6nemli olan temel performans g\u00f6stergelerine odaklanmas\u0131na olanak tan\u0131yarak karar almalar\u0131na ve genel operasyonlarda verimlili\u011fi art\u0131rmas\u0131na olanak sa\u011flar. Bu, i\u015f ak\u0131\u015flar\u0131n\u0131n optimize edilmesine ve \u00fcretkenli\u011fin art\u0131r\u0131lmas\u0131na yard\u0131mc\u0131 olur.<\/p>\n<\/div><\/div><\/div><div class=\"w-separator size_custom\" style=\"height:25px\"><\/div><div class=\"w-iconbox iconpos_left style_default color_primary align_left\"><div class=\"w-iconbox-icon\" style=\"font-size:2rem;\"><i class=\"fas fa-angle-right\"><\/i><\/div><div class=\"w-iconbox-meta\"><h4 class=\"w-iconbox-title\"><b>Uyarlanabilirlik ve Esneklik<\/b><\/h4><div class=\"w-iconbox-text\"><p style=\"font-weight: 400;\">\u0130\u015f ihtiya\u00e7lar\u0131 geli\u015ftik\u00e7e, \u00f6zelle\u015ftirilebilir raporlar yeni \u00f6l\u00e7\u00fcmlere, hedeflere veya performans g\u00f6stergelerine uyacak \u015fekilde kolayca de\u011fi\u015ftirilebilir veya g\u00fcncellenebilir. Bu uyarlanabilirlik, raporlama sisteminin farkl\u0131 i\u015f senaryolar\u0131na uygun ve etkili kalmas\u0131n\u0131 sa\u011flar.<\/p>\n<\/div><\/div><\/div><div class=\"w-separator size_custom\" style=\"height:25px\"><\/div><div class=\"w-iconbox iconpos_left style_default color_primary align_left\"><div class=\"w-iconbox-icon\" style=\"font-size:2rem;\"><i class=\"fas fa-angle-right\"><\/i><\/div><div class=\"w-iconbox-meta\"><h4 class=\"w-iconbox-title\"><b>Geli\u015fmi\u015f \u015eeffafl\u0131k ve Hesap Verebilirlik<\/b><\/h4><div class=\"w-iconbox-text\"><p style=\"font-weight: 400;\">\u00d6zelle\u015ftirilmi\u015f raporlar, \u00e7al\u0131\u015fan etkinliklerinde \u015feffafl\u0131k sa\u011flar, hesap verebilirli\u011fi kolayla\u015ft\u0131r\u0131r ve sorumluluk k\u00fclt\u00fcr\u00fcn\u00fc te\u015fvik eder. Bu d\u00fczeyde g\u00f6r\u00fcn\u00fcrl\u00fck, uygunsuz eylemlerin cayd\u0131r\u0131lmas\u0131na yard\u0131mc\u0131 olabilir ve \u00e7al\u0131\u015fanlar aras\u0131nda daha g\u00fc\u00e7l\u00fc bir i\u015f ahlak\u0131n\u0131 te\u015fvik edebilir.<\/p>\n<\/div><\/div><\/div><\/div><\/div><div class=\"wpb_column vc_column_container hide_on_tablets hide_on_mobiles\"><div class=\"vc_column-inner\"><div class=\"w-image align_center\"><div class=\"w-image-h\"><img decoding=\"async\" width=\"855\" height=\"1024\" src=\"https:\/\/sambapos.com\/wp-content\/uploads\/SambaPOS-TimeClock-image-1-855x1024.png\" class=\"attachment-large size-large\" alt=\"\" loading=\"lazy\" srcset=\"https:\/\/sambapos.com\/wp-content\/uploads\/SambaPOS-TimeClock-image-1-855x1024.png 855w, https:\/\/sambapos.com\/wp-content\/uploads\/SambaPOS-TimeClock-image-1-251x300.png 251w, https:\/\/sambapos.com\/wp-content\/uploads\/SambaPOS-TimeClock-image-1-334x400.png 334w, https:\/\/sambapos.com\/wp-content\/uploads\/SambaPOS-TimeClock-image-1-100x120.png 100w, https:\/\/sambapos.com\/wp-content\/uploads\/SambaPOS-TimeClock-image-1-150x180.png 150w, https:\/\/sambapos.com\/wp-content\/uploads\/SambaPOS-TimeClock-image-1-120x144.png 120w, https:\/\/sambapos.com\/wp-content\/uploads\/SambaPOS-TimeClock-image-1-200x239.png 200w, https:\/\/sambapos.com\/wp-content\/uploads\/SambaPOS-TimeClock-image-1-37x44.png 37w, https:\/\/sambapos.com\/wp-content\/uploads\/SambaPOS-TimeClock-image-1-25x30.png 25w, https:\/\/sambapos.com\/wp-content\/uploads\/SambaPOS-TimeClock-image-1-60x72.png 60w, https:\/\/sambapos.com\/wp-content\/uploads\/SambaPOS-TimeClock-image-1-600x718.png 600w, https:\/\/sambapos.com\/wp-content\/uploads\/SambaPOS-TimeClock-image-1-400x479.png 400w, https:\/\/sambapos.com\/wp-content\/uploads\/SambaPOS-TimeClock-image-1-250x299.png 250w, https:\/\/sambapos.com\/wp-content\/uploads\/SambaPOS-TimeClock-image-1-30x36.png 30w, https:\/\/sambapos.com\/wp-content\/uploads\/SambaPOS-TimeClock-image-1.png 1283w\" sizes=\"auto, (max-width: 855px) 100vw, 855px\" \/><\/div><\/div><\/div><\/div><\/div><div class=\"w-separator hide_on_tablets hide_on_mobiles size_custom\" style=\"height:75px\"><\/div><\/div><\/div><\/div><\/div><\/section><section class=\"l-section wpb_row us_custom_3b745cf9 height_auto\"><div class=\"l-section-h i-cf\"><div class=\"g-cols vc_row via_grid cols_1 laptops-cols_inherit tablets-cols_inherit mobiles-cols_1 valign_top type_default stacking_default\"><div class=\"wpb_column vc_column_container\"><div class=\"vc_column-inner\"><div class=\"w-separator size_custom\" style=\"height:75px\"><\/div><div class=\"g-cols wpb_row via_grid cols_2 laptops-cols_inherit tablets-cols_inherit mobiles-cols_1 valign_middle type_default stacking_default\" style=\"--columns-gap:calc(3rem + 30px);\"><div class=\"wpb_column vc_column_container\"><div class=\"vc_column-inner\"><div class=\"w-image align_center\"><div class=\"w-image-h\"><img decoding=\"async\" width=\"1024\" height=\"615\" src=\"https:\/\/sambapos.com\/wp-content\/uploads\/sambapos-products-copy-1024x615.png\" class=\"attachment-large size-large\" alt=\"SambaPOS Products\" loading=\"lazy\" srcset=\"https:\/\/sambapos.com\/wp-content\/uploads\/sambapos-products-copy-1024x615.png 1024w, https:\/\/sambapos.com\/wp-content\/uploads\/sambapos-products-copy-300x180.png 300w, https:\/\/sambapos.com\/wp-content\/uploads\/sambapos-products-copy-600x360.png 600w, https:\/\/sambapos.com\/wp-content\/uploads\/sambapos-products-copy-100x60.png 100w, https:\/\/sambapos.com\/wp-content\/uploads\/sambapos-products-copy-150x90.png 150w, https:\/\/sambapos.com\/wp-content\/uploads\/sambapos-products-copy-120x72.png 120w, https:\/\/sambapos.com\/wp-content\/uploads\/sambapos-products-copy-200x120.png 200w, https:\/\/sambapos.com\/wp-content\/uploads\/sambapos-products-copy-73x44.png 73w, https:\/\/sambapos.com\/wp-content\/uploads\/sambapos-products-copy-50x30.png 50w, https:\/\/sambapos.com\/wp-content\/uploads\/sambapos-products-copy-60x36.png 60w, https:\/\/sambapos.com\/wp-content\/uploads\/sambapos-products-copy-400x240.png 400w, https:\/\/sambapos.com\/wp-content\/uploads\/sambapos-products-copy.png 1333w\" sizes=\"auto, (max-width: 1024px) 100vw, 1024px\" \/><\/div><\/div><\/div><\/div><div class=\"wpb_column vc_column_container\"><div class=\"vc_column-inner\"><div class=\"wpb_text_column\"><div class=\"wpb_wrapper\"><div class=\"icerik\">\n<div id=\"articleContentDiv_FDbL5BmADgayIsi4oyuMRmRU9G9Dl4\" class=\"icerik_text\" data-entity=\"detailEntity_kUryFvRvm00KILlhf9ySj4dGouBQma\" data-field=\"ContentArticle\" data-auto-hide=\"true\">\n<div class=\"publisherHtmlBeautify\" data-entity=\"detailEntity_kUryFvRvm00KILlhf9ySj4dGouBQma\" data-field=\"ContentArticle\" data-display=\"html\">\n<h3 style=\"font-weight: 400;\"><strong>SambaPOS PDKS SambaPOS V5 PRO ile Kolayla\u015ft\u0131<\/strong><\/h3>\n<p style=\"font-weight: 400;\">SambaPOS V5 PRO ile \u0130\u015fletmenizi Y\u00fckseltin: G\u00fc\u00e7l\u00fc, \u00d6zelle\u015ftirilebilir ve Gelece\u011fe Haz\u0131r POS M\u00fckemmelli\u011fi Parmaklar\u0131n\u0131z\u0131n Ucunda!<\/p>\n<\/div>\n<\/div>\n<\/div>\n<\/div><\/div><\/div><\/div><\/div><div class=\"w-separator size_custom\" style=\"height:75px\"><\/div><\/div><\/div><\/div><\/div><\/section>\n","protected":false},"excerpt":{"rendered":"SambaPOS &#8211; PDKS SambaPOS PDKS mod\u00fcl\u00fc ile personellerinizin \u00e7al\u0131\u015fma saatlerini zahmetsizce takip edin. Hassasiyet ve basitlik parmaklar\u0131n\u0131z\u0131n ucunda. SambaPOS&#8217;un son teknoloji PDKS mod\u00fcl\u00fc ile shift y\u00f6netiminde devrim yarat\u0131n! SambaPOS PDKS ile \u00e7al\u0131\u015fanlar\u0131n\u0131z\u0131n \u00e7al\u0131\u015fma saatlerini sorunsuz bir \u015fekilde takip edin, \u00fcretkenli\u011fi ve verimlili\u011fi art\u0131r\u0131n. Bug\u00fcn SambaPOS V5 PRO kullanmaya ba\u015flay\u0131n! Mola Y\u00f6netimi Departman Atamas\u0131 Rol Atamalar\u0131...","protected":false},"author":1,"featured_media":0,"parent":0,"menu_order":0,"comment_status":"closed","ping_status":"closed","template":"","meta":{"footnotes":""},"class_list":["post-16220","page","type-page","status-publish","hentry"],"_links":{"self":[{"href":"https:\/\/sambapos.com\/tr\/wp-json\/wp\/v2\/pages\/16220","targetHints":{"allow":["GET"]}}],"collection":[{"href":"https:\/\/sambapos.com\/tr\/wp-json\/wp\/v2\/pages"}],"about":[{"href":"https:\/\/sambapos.com\/tr\/wp-json\/wp\/v2\/types\/page"}],"author":[{"embeddable":true,"href":"https:\/\/sambapos.com\/tr\/wp-json\/wp\/v2\/users\/1"}],"replies":[{"embeddable":true,"href":"https:\/\/sambapos.com\/tr\/wp-json\/wp\/v2\/comments?post=16220"}],"version-history":[{"count":2,"href":"https:\/\/sambapos.com\/tr\/wp-json\/wp\/v2\/pages\/16220\/revisions"}],"predecessor-version":[{"id":16222,"href":"https:\/\/sambapos.com\/tr\/wp-json\/wp\/v2\/pages\/16220\/revisions\/16222"}],"wp:attachment":[{"href":"https:\/\/sambapos.com\/tr\/wp-json\/wp\/v2\/media?parent=16220"}],"curies":[{"name":"wp","href":"https:\/\/api.w.org\/{rel}","templated":true}]}}