{"id":15325,"date":"2023-03-23T10:05:01","date_gmt":"2023-03-23T10:05:01","guid":{"rendered":"https:\/\/sambapos.com\/jetrik-qr-menu\/"},"modified":"2024-09-06T07:39:31","modified_gmt":"2024-09-06T07:39:31","slug":"jetrik-qr-menu","status":"publish","type":"page","link":"https:\/\/sambapos.com\/tr\/jetrik-qr-menu\/","title":{"rendered":"Jetrik QR Menu"},"content":{"rendered":"<section class=\"l-section wpb_row us_custom_c2af8cfe hide_on_tablets hide_on_mobiles height_medium\"><div class=\"l-section-h i-cf\"><div class=\"g-cols vc_row via_grid cols_1 laptops-cols_inherit tablets-cols_inherit mobiles-cols_1 valign_top type_default stacking_default\"><div class=\"wpb_column vc_column_container\"><div class=\"vc_column-inner\"><div class=\"g-cols wpb_row via_grid cols_2 laptops-cols_inherit tablets-cols_inherit mobiles-cols_1 valign_middle type_default stacking_default\" style=\"--columns-gap:calc(3rem + 30px);\"><div class=\"wpb_column vc_column_container us_custom_71be7f86\"><div class=\"vc_column-inner\"><div class=\"wpb_text_column us_custom_17629c1a has_text_color hide_on_default hide_on_laptops hide_on_tablets hide_on_mobiles\"><div class=\"wpb_wrapper\"><p>Jetrik QR Menu ile restoran\u0131n\u0131zda dijital men\u00fcye ge\u00e7in. Dijital men\u00fc ile yiyeceklerin foto\u011fraflar\u0131 m\u00fc\u015fterilerinizi kendine \u00e7ekecek, sat\u0131\u015flar\u0131n\u0131z artacak.<\/p>\n<\/div><\/div><div class=\"wpb_text_column\"><div class=\"wpb_wrapper\"><h1>Modern Restoranlar i\u00e7in Dijital Men\u00fcler!<\/h1>\n<\/div><\/div><div class=\"w-separator size_custom\" style=\"height:25px\"><\/div><div class=\"wpb_text_column us_custom_1e0e9307\"><div class=\"wpb_wrapper\"><div><span lang=\"TR\"><strong>Teknoloji h\u0131zl\u0131 bir \u015fekilde ilerlerken; Jetrik QR Menu, geleneksel men\u00fcleri ve k\u00e2\u011f\u0131da yazarak sipari\u015f alma sistemini kald\u0131rarak m\u00fc\u015fterilerinize daha iyi hizmet vermenize yard\u0131mc\u0131 olmak i\u00e7in tasarlanm\u0131\u015ft\u0131r.<\/strong> <\/span><\/div>\n<\/div><\/div><div class=\"w-separator size_custom\" style=\"height:25px\"><\/div><div class=\"wpb_text_column\"><div class=\"wpb_wrapper\"><div><span lang=\"TR\">Jetrik QR Menu, restoran\u0131n\u0131z\u0131 ziyaret eden m\u00fc\u015fterilerinizin dijital men\u00fcy\u00fc kullanarak kolayca sipari\u015f verebilmesini sa\u011flar. Ayr\u0131ca diledi\u011finiz zaman men\u00fcy\u00fc ve fiyatland\u0131rmay\u0131 sorunsuz bir \u015fekilde g\u00fcncelleyebilirsiniz.<\/span><\/div>\n<\/div><\/div><\/div><\/div><div class=\"wpb_column vc_column_container\"><div class=\"vc_column-inner\"><\/div><\/div><\/div><\/div><\/div><\/div><\/div><\/section><section class=\"l-section wpb_row hide_on_default hide_on_laptops height_large\"><div class=\"l-section-h i-cf\"><div class=\"g-cols vc_row via_grid cols_1 laptops-cols_inherit tablets-cols_inherit mobiles-cols_1 valign_top type_default stacking_default\"><div class=\"wpb_column vc_column_container\"><div class=\"vc_column-inner\"><div class=\"g-cols wpb_row via_grid cols_1 laptops-cols_inherit tablets-cols_inherit mobiles-cols_1 valign_middle type_default stacking_default\" style=\"--columns-gap:calc(3rem + 30px);\"><div class=\"wpb_column vc_column_container us_custom_71be7f86\"><div class=\"vc_column-inner\"><div class=\"w-separator size_custom\" style=\"height:75px\"><\/div><div class=\"wpb_text_column\"><div class=\"wpb_wrapper\"><h1>Modern Restoranlar i\u00e7in Dijital Men\u00fcler!<\/h1>\n<\/div><\/div><div class=\"w-separator size_custom\" style=\"height:25px\"><\/div><div class=\"wpb_text_column us_custom_1e0e9307\"><div class=\"wpb_wrapper\"><div><span lang=\"TR\"><strong>Teknoloji h\u0131zl\u0131 bir \u015fekilde ilerlerken; Jetrik QR Menu, geleneksel men\u00fcleri ve k\u00e2\u011f\u0131da yazarak sipari\u015f alma sistemini kald\u0131rarak m\u00fc\u015fterilerinize daha iyi hizmet vermenize yard\u0131mc\u0131 olmak i\u00e7in tasarlanm\u0131\u015ft\u0131r.<\/strong> <\/span><\/div>\n<\/div><\/div><div class=\"w-separator size_custom\" style=\"height:25px\"><\/div><div class=\"wpb_text_column\"><div class=\"wpb_wrapper\"><div><span lang=\"TR\">Jetrik QR Menu, restoran\u0131n\u0131z\u0131 ziyaret eden m\u00fc\u015fterilerinizin dijital men\u00fcy\u00fc kullanarak kolayca sipari\u015f verebilmesini sa\u011flar. Ayr\u0131ca diledi\u011finiz zaman men\u00fcy\u00fc ve fiyatland\u0131rmay\u0131 sorunsuz bir \u015fekilde g\u00fcncelleyebilirsiniz.<\/span><\/div>\n<\/div><\/div><\/div><\/div><\/div><\/div><\/div><\/div><\/div><\/section><section class=\"l-section wpb_row us_custom_3b745cf9 height_auto\"><div class=\"l-section-h i-cf\"><div class=\"g-cols vc_row via_grid cols_1 laptops-cols_inherit tablets-cols_inherit mobiles-cols_1 valign_top type_default stacking_default\"><div class=\"wpb_column vc_column_container\"><div class=\"vc_column-inner\"><div class=\"w-separator hide_on_tablets hide_on_mobiles size_custom\" style=\"height:75px\"><\/div><div class=\"g-cols wpb_row us_custom_3b745cf9 via_grid cols_1-4-1 laptops-cols_inherit tablets-cols_inherit mobiles-cols_1 valign_top type_default stacking_default\" style=\"--columns-gap:3rem;\"><div class=\"wpb_column vc_column_container\"><div class=\"vc_column-inner\"><\/div><\/div><div class=\"wpb_column vc_column_container\"><div class=\"vc_column-inner\"><div class=\"wpb_text_column\"><div class=\"wpb_wrapper\"><h2 style=\"text-align: center;\">Jetrik QR Menu:<\/h2>\n<\/div><\/div><div class=\"w-separator size_custom\" style=\"height:50px\"><\/div><\/div><\/div><div class=\"wpb_column vc_column_container\"><div class=\"vc_column-inner\"><\/div><\/div><\/div><div class=\"g-cols wpb_row us_custom_3b745cf9 via_grid cols_4 laptops-cols_inherit tablets-cols_inherit mobiles-cols_1 valign_top type_default stacking_default\" style=\"--columns-gap:3rem;\"><div class=\"wpb_column vc_column_container us_custom_4fe2f0fa has_bg_color\"><div class=\"vc_column-inner\"><div class=\"w-image align_center\"><div class=\"w-image-h\"><img decoding=\"async\" width=\"60\" height=\"60\" src=\"https:\/\/sambapos.com\/wp-content\/uploads\/easy-use-icon-60x60.png\" class=\"attachment-us_60_0_crop size-us_60_0_crop\" alt=\"SambaPOS QR Menu\" loading=\"lazy\" srcset=\"https:\/\/sambapos.com\/wp-content\/uploads\/easy-use-icon-60x60.png 60w, https:\/\/sambapos.com\/wp-content\/uploads\/easy-use-icon-150x150.png 150w, https:\/\/sambapos.com\/wp-content\/uploads\/easy-use-icon-100x100.png 100w, https:\/\/sambapos.com\/wp-content\/uploads\/easy-use-icon-120x120.png 120w, https:\/\/sambapos.com\/wp-content\/uploads\/easy-use-icon-44x44.png 44w, https:\/\/sambapos.com\/wp-content\/uploads\/easy-use-icon-30x30.png 30w, https:\/\/sambapos.com\/wp-content\/uploads\/easy-use-icon.png 171w\" sizes=\"auto, (max-width: 60px) 100vw, 60px\" \/><\/div><\/div><div class=\"w-separator size_custom\" style=\"height:10px\"><\/div><div class=\"wpb_text_column\"><div class=\"wpb_wrapper\"><p style=\"text-align: center;\"><strong>Etkile\u015fimli Dijital Men\u00fc<\/strong><\/p>\n<\/div><\/div><\/div><\/div><div class=\"wpb_column vc_column_container us_custom_4fe2f0fa has_bg_color\"><div class=\"vc_column-inner\"><div class=\"w-image align_center\"><div class=\"w-image-h\"><img decoding=\"async\" width=\"60\" height=\"60\" src=\"https:\/\/sambapos.com\/wp-content\/uploads\/theme-icon-60x60.png\" class=\"attachment-us_60_0_crop size-us_60_0_crop\" alt=\"SambaPOS QR Menu\" loading=\"lazy\" srcset=\"https:\/\/sambapos.com\/wp-content\/uploads\/theme-icon-60x60.png 60w, https:\/\/sambapos.com\/wp-content\/uploads\/theme-icon-150x150.png 150w, https:\/\/sambapos.com\/wp-content\/uploads\/theme-icon-100x100.png 100w, https:\/\/sambapos.com\/wp-content\/uploads\/theme-icon-120x120.png 120w, https:\/\/sambapos.com\/wp-content\/uploads\/theme-icon-44x44.png 44w, https:\/\/sambapos.com\/wp-content\/uploads\/theme-icon-30x30.png 30w, https:\/\/sambapos.com\/wp-content\/uploads\/theme-icon.png 171w\" sizes=\"auto, (max-width: 60px) 100vw, 60px\" \/><\/div><\/div><div class=\"w-separator size_custom\" style=\"height:10px\"><\/div><div class=\"wpb_text_column\"><div class=\"wpb_wrapper\"><div style=\"text-align: center;\"><strong><span lang=\"TR\">D\u00e2hili Temalar ve \u015eablonlar<\/span><\/strong><\/div>\n<\/div><\/div><\/div><\/div><div class=\"wpb_column vc_column_container us_custom_4fe2f0fa has_bg_color\"><div class=\"vc_column-inner\"><div class=\"w-image align_center\"><div class=\"w-image-h\"><img decoding=\"async\" width=\"60\" height=\"60\" src=\"https:\/\/sambapos.com\/wp-content\/uploads\/qr-60x60.png\" class=\"attachment-us_60_0_crop size-us_60_0_crop\" alt=\"SambaPOS QR Menu\" loading=\"lazy\" srcset=\"https:\/\/sambapos.com\/wp-content\/uploads\/qr-60x60.png 60w, https:\/\/sambapos.com\/wp-content\/uploads\/qr-150x150.png 150w, https:\/\/sambapos.com\/wp-content\/uploads\/qr-100x100.png 100w, https:\/\/sambapos.com\/wp-content\/uploads\/qr-120x120.png 120w, https:\/\/sambapos.com\/wp-content\/uploads\/qr-44x44.png 44w, https:\/\/sambapos.com\/wp-content\/uploads\/qr-30x30.png 30w, https:\/\/sambapos.com\/wp-content\/uploads\/qr.png 171w\" sizes=\"auto, (max-width: 60px) 100vw, 60px\" \/><\/div><\/div><div class=\"w-separator size_custom\" style=\"height:10px\"><\/div><div class=\"wpb_text_column\"><div class=\"wpb_wrapper\"><p style=\"text-align: center;\"><strong>QR Kod \u00d6zelli\u011fi<\/strong><\/p>\n<\/div><\/div><\/div><\/div><div class=\"wpb_column vc_column_container us_custom_4fe2f0fa has_bg_color\"><div class=\"vc_column-inner\"><div class=\"w-image align_center\"><div class=\"w-image-h\"><img decoding=\"async\" width=\"60\" height=\"60\" src=\"https:\/\/sambapos.com\/wp-content\/uploads\/Customizable-Sections-60x60.png\" class=\"attachment-us_60_0_crop size-us_60_0_crop\" alt=\"SambaPOS QR Menu\" loading=\"lazy\" srcset=\"https:\/\/sambapos.com\/wp-content\/uploads\/Customizable-Sections-60x60.png 60w, https:\/\/sambapos.com\/wp-content\/uploads\/Customizable-Sections-100x100.png 100w, https:\/\/sambapos.com\/wp-content\/uploads\/Customizable-Sections-44x44.png 44w, https:\/\/sambapos.com\/wp-content\/uploads\/Customizable-Sections-30x30.png 30w, https:\/\/sambapos.com\/wp-content\/uploads\/Customizable-Sections.png 120w\" sizes=\"auto, (max-width: 60px) 100vw, 60px\" \/><\/div><\/div><div class=\"w-separator size_custom\" style=\"height:10px\"><\/div><div class=\"wpb_text_column\"><div class=\"wpb_wrapper\"><p style=\"text-align: center;\"><strong>\u00d6zelle\u015ftirilebilir B\u00f6l\u00fcmler<\/strong><\/p>\n<\/div><\/div><\/div><\/div><\/div><\/div><\/div><\/div><\/div><\/section><section class=\"l-section wpb_row us_custom_3b745cf9 height_auto\"><div class=\"l-section-h i-cf\"><div class=\"g-cols vc_row via_grid cols_1 laptops-cols_inherit tablets-cols_inherit mobiles-cols_1 valign_top type_default stacking_default\"><div class=\"wpb_column vc_column_container\"><div class=\"vc_column-inner\"><div class=\"w-separator size_custom\" style=\"height:75px\"><\/div><div class=\"w-image align_center\"><div class=\"w-image-h\"><img decoding=\"async\" width=\"2560\" height=\"1043\" src=\"https:\/\/sambapos.com\/wp-content\/uploads\/SambaPOS-Gomenu-image-2-scaled.jpg\" class=\"attachment-full size-full\" alt=\"SambaPOS QR Menu\" loading=\"lazy\" srcset=\"https:\/\/sambapos.com\/wp-content\/uploads\/SambaPOS-Gomenu-image-2-scaled.jpg 2560w, https:\/\/sambapos.com\/wp-content\/uploads\/SambaPOS-Gomenu-image-2-300x122.jpg 300w, https:\/\/sambapos.com\/wp-content\/uploads\/SambaPOS-Gomenu-image-2-1024x417.jpg 1024w, https:\/\/sambapos.com\/wp-content\/uploads\/SambaPOS-Gomenu-image-2-1536x626.jpg 1536w, https:\/\/sambapos.com\/wp-content\/uploads\/SambaPOS-Gomenu-image-2-600x244.jpg 600w, https:\/\/sambapos.com\/wp-content\/uploads\/SambaPOS-Gomenu-image-2-100x41.jpg 100w, https:\/\/sambapos.com\/wp-content\/uploads\/SambaPOS-Gomenu-image-2-150x61.jpg 150w, https:\/\/sambapos.com\/wp-content\/uploads\/SambaPOS-Gomenu-image-2-120x49.jpg 120w, https:\/\/sambapos.com\/wp-content\/uploads\/SambaPOS-Gomenu-image-2-200x81.jpg 200w, https:\/\/sambapos.com\/wp-content\/uploads\/SambaPOS-Gomenu-image-2-108x44.jpg 108w, https:\/\/sambapos.com\/wp-content\/uploads\/SambaPOS-Gomenu-image-2-74x30.jpg 74w, https:\/\/sambapos.com\/wp-content\/uploads\/SambaPOS-Gomenu-image-2-60x24.jpg 60w\" sizes=\"auto, (max-width: 2560px) 100vw, 2560px\" \/><\/div><\/div><div class=\"w-separator size_custom\" style=\"height:75px\"><\/div><\/div><\/div><\/div><\/div><\/section><section class=\"l-section wpb_row us_custom_3b745cf9 height_auto\"><div class=\"l-section-h i-cf\"><div class=\"g-cols vc_row via_grid cols_2 laptops-cols_inherit tablets-cols_inherit mobiles-cols_1 valign_top type_default stacking_default\" style=\"--columns-gap:5rem;\"><div class=\"wpb_column vc_column_container\"><div class=\"vc_column-inner\"><div class=\"wpb_text_column\"><div class=\"wpb_wrapper\"><h3><strong>Jetrik QR Menu &#8211; Diledi\u011finiz Zaman \u0130stedi\u011finiz \u015eekilde G\u00fcncelleyin!<\/strong><\/h3>\n<p>\u0130\u015fletmenizdeki belirli \u00fcr\u00fcnler \u00fczerinde ek sat\u0131\u015f yapmak ve m\u00fc\u015fterilerinizi memnun etmek; geleneksel men\u00fcleri kullanarak s\u0131k\u0131c\u0131 ve zor olabilir. Ancak <strong><span lang=\"TR\">Jetrik QR Menu<\/span><\/strong> ile men\u00fc i\u00e7eriklerinizi g\u00fcncellemek ve en iyi yemek se\u00e7eneklerini \u00f6n plana \u00e7\u0131karmak olduk\u00e7a basittir.<\/p>\n<p><strong><span lang=\"TR\">Jetrik QR Menu<\/span>;<\/strong> \u00f6zel \u00fcr\u00fcnleri, promosyonlar\u0131 ve s\u0131n\u0131rl\u0131 s\u00fcreli teklifleri test ederek y\u00fcksek karl\u0131 \u00fcr\u00fcnlerin sat\u0131\u015flar\u0131n\u0131 art\u0131rman\u0131za yard\u0131mc\u0131 olabilir.<\/p>\n<p>Birden fazla yerde restoran i\u015fletiyor olsan\u0131z bile, <span lang=\"TR\">Jetrik QR Menu<\/span> sayesinde men\u00fclerinizi t\u00fcm konumlarda g\u00fcncelleyebilirsiniz.<\/p>\n<p>Ayr\u0131ca, <span lang=\"TR\">Jetrik QR Menu<\/span> sayesinde men\u00fclerinizi kahvalt\u0131, \u00f6\u011fle ve ak\u015fam yeme\u011fi gibi kategorilere ay\u0131rarak \u00f6zelle\u015ftirebilirsiniz. <span lang=\"TR\">Jetrik QR Menu<\/span>, m\u00fc\u015fterilerinizle \u00f6nerilen \u00fcr\u00fcnler hakk\u0131nda ileti\u015fim kurman\u0131za ger\u00e7ekten yard\u0131mc\u0131 olabilir ve bu da m\u00fc\u015fteri memnuniyetini \u00f6nemli \u00f6l\u00e7\u00fcde art\u0131r\u0131r.<\/p>\n<\/div><\/div><\/div><\/div><div class=\"wpb_column vc_column_container\"><div class=\"vc_column-inner\"><div class=\"g-cols wpb_row via_grid cols_1 laptops-cols_inherit tablets-cols_inherit mobiles-cols_1 valign_middle type_default stacking_default\" style=\"--columns-gap:calc(3rem + 30px);\"><div class=\"wpb_column vc_column_container\"><div class=\"vc_column-inner\"><div class=\"w-pricing style_cards items_1\"><div class=\"w-pricing-item type_featured\"><div class=\"w-pricing-item-h\"><div class=\"w-pricing-item-header\"><div class=\"w-pricing-item-title\">Jetrik QR Menu<\/div><div class=\"w-pricing-item-price\">1490\u20ba <small>Y\u0131ll\u0131k \u00d6deme<\/small><\/div><\/div><ul class=\"w-pricing-item-features\"><li class=\"w-pricing-item-feature\">S\u0131n\u0131rs\u0131z Masa & M\u00fc\u015fteri Kullan\u0131m\u0131<\/li><li class=\"w-pricing-item-feature\">S\u0131n\u0131rs\u0131z \u00dcr\u00fcn ve Daha Fazlas\u0131n\u0131 Ekleme<\/li><\/ul><div class=\"w-pricing-item-footer\"><a class=\"w-btn us-btn-style_28\" style=\"font-size:15px\" target=\"_blank\" rel=\"nofollow\" href=\"https:\/\/cp.sambapos.com\/market\"><span class=\"w-btn-label\">\u015eimdi Sat\u0131n Al<\/span><\/a><\/div><\/div><\/div><\/div><\/div><\/div><\/div><\/div><\/div><\/div><\/div><\/section><section class=\"l-section wpb_row us_custom_3b745cf9 height_auto\"><div class=\"l-section-h i-cf\"><div class=\"g-cols vc_row via_grid cols_1 laptops-cols_inherit tablets-cols_inherit mobiles-cols_1 valign_middle type_default stacking_default\" style=\"--columns-gap:5rem;\"><div class=\"wpb_column vc_column_container\"><div class=\"vc_column-inner\"><div class=\"w-separator size_custom\" style=\"height:75px\"><\/div><div class=\"g-cols wpb_row via_grid cols_2 laptops-cols_inherit tablets-cols_inherit mobiles-cols_1 valign_top type_default stacking_default\" style=\"--columns-gap:3rem;\"><div class=\"wpb_column vc_column_container\"><div class=\"vc_column-inner\"><div class=\"w-image align_none\"><div class=\"w-image-h\"><img decoding=\"async\" width=\"600\" height=\"400\" src=\"https:\/\/sambapos.com\/wp-content\/uploads\/Gomenu-imag-1-1.png\" class=\"attachment-large size-large\" alt=\"SambaPOS QR Menu\" loading=\"lazy\" srcset=\"https:\/\/sambapos.com\/wp-content\/uploads\/Gomenu-imag-1-1.png 600w, https:\/\/sambapos.com\/wp-content\/uploads\/Gomenu-imag-1-1-300x200.png 300w, https:\/\/sambapos.com\/wp-content\/uploads\/Gomenu-imag-1-1-100x67.png 100w, https:\/\/sambapos.com\/wp-content\/uploads\/Gomenu-imag-1-1-150x100.png 150w, https:\/\/sambapos.com\/wp-content\/uploads\/Gomenu-imag-1-1-120x80.png 120w, https:\/\/sambapos.com\/wp-content\/uploads\/Gomenu-imag-1-1-200x133.png 200w, https:\/\/sambapos.com\/wp-content\/uploads\/Gomenu-imag-1-1-66x44.png 66w, https:\/\/sambapos.com\/wp-content\/uploads\/Gomenu-imag-1-1-45x30.png 45w, https:\/\/sambapos.com\/wp-content\/uploads\/Gomenu-imag-1-1-60x40.png 60w\" sizes=\"auto, (max-width: 600px) 100vw, 600px\" \/><\/div><\/div><\/div><\/div><div class=\"wpb_column vc_column_container\"><div class=\"vc_column-inner\"><div class=\"wpb_text_column\"><div class=\"wpb_wrapper\"><h3><strong>M\u00fc\u015fterilerinizin Say\u0131s\u0131n\u0131 Art\u0131rabilmek i\u00e7in Dikkat \u00c7ekici Temalar!<\/strong><\/h3>\n<ul>\n<li>G\u00f6z Al\u0131c\u0131<\/li>\n<li>D\u00fczenlemesi Kolay<\/li>\n<li>Ki\u015fiselle\u015ftirilmi\u015f<\/li>\n<\/ul>\n<p>M\u00fc\u015fterilerinizin memnuniyetini art\u0131rabilmek i\u00e7in \u00e7e\u015fitli profesyonel temalar aras\u0131ndan se\u00e7im yap\u0131n. <span lang=\"TR\">Jetrik QR Menu<\/span>, dijital men\u00fcn\u00fcz\u00fc yeniden tasarlaman\u0131z\u0131 kolayla\u015ft\u0131ran \u00f6zelle\u015ftirilebilir temalara sahiptir. <span lang=\"TR\">Jetrik QR Menu<\/span>&#8216;deki men\u00fc temalar\u0131; yemek a\u00e7\u0131klamalar\u0131n\u0131 d\u00fczenlemek veya eklemek i\u00e7in kolayca de\u011fi\u015ftirilebilir ve en iyi sipari\u015f deneyimi i\u00e7in belirli bir kategori alt\u0131nda grupland\u0131rabilir. Uzmanlar, <span lang=\"TR\">Jetrik QR Menu<\/span>&#8216;de bulunan t\u00fcm temalar\u0131 tasarlayarak m\u00fc\u015fterilerinizin memnuniyet oran\u0131n\u0131n artmas\u0131n\u0131 sa\u011flarlar.<\/p>\n<\/div><\/div><\/div><\/div><\/div><div class=\"w-separator size_custom\" style=\"height:75px\"><\/div><\/div><\/div><\/div><\/div><\/section><section class=\"l-section wpb_row us_custom_3b745cf9 height_auto\"><div class=\"l-section-h i-cf\"><div class=\"g-cols vc_row via_grid cols_1 laptops-cols_inherit tablets-cols_inherit mobiles-cols_1 valign_middle type_default stacking_default\" style=\"--columns-gap:5rem;\"><div class=\"wpb_column vc_column_container\"><div class=\"vc_column-inner\"><div class=\"w-separator size_custom\" style=\"height:75px\"><\/div><div class=\"g-cols wpb_row via_grid cols_2 laptops-cols_inherit tablets-cols_inherit mobiles-cols_1 valign_top type_default stacking_default\" style=\"--columns-gap:3rem;\"><div class=\"wpb_column vc_column_container\"><div class=\"vc_column-inner\"><div class=\"w-image align_none\"><div class=\"w-image-h\"><img decoding=\"async\" width=\"600\" height=\"400\" src=\"https:\/\/sambapos.com\/wp-content\/uploads\/Gomenu-imag-3-1.png\" class=\"attachment-large size-large\" alt=\"SambaPOS QR Menu\" loading=\"lazy\" srcset=\"https:\/\/sambapos.com\/wp-content\/uploads\/Gomenu-imag-3-1.png 600w, https:\/\/sambapos.com\/wp-content\/uploads\/Gomenu-imag-3-1-300x200.png 300w, https:\/\/sambapos.com\/wp-content\/uploads\/Gomenu-imag-3-1-100x67.png 100w, https:\/\/sambapos.com\/wp-content\/uploads\/Gomenu-imag-3-1-150x100.png 150w, https:\/\/sambapos.com\/wp-content\/uploads\/Gomenu-imag-3-1-120x80.png 120w, https:\/\/sambapos.com\/wp-content\/uploads\/Gomenu-imag-3-1-200x133.png 200w, https:\/\/sambapos.com\/wp-content\/uploads\/Gomenu-imag-3-1-66x44.png 66w, https:\/\/sambapos.com\/wp-content\/uploads\/Gomenu-imag-3-1-45x30.png 45w, https:\/\/sambapos.com\/wp-content\/uploads\/Gomenu-imag-3-1-60x40.png 60w\" sizes=\"auto, (max-width: 600px) 100vw, 600px\" \/><\/div><\/div><\/div><\/div><div class=\"wpb_column vc_column_container\"><div class=\"vc_column-inner\"><div class=\"wpb_text_column\"><div class=\"wpb_wrapper\"><h2>Dijital Men\u00fcn\u00fcz\u00fc An\u0131nda De\u011fi\u015ftirebilirsiniz!<\/h2>\n<p>Baz\u0131 \u00fcr\u00fcnlerin stoklar\u0131 t\u00fckenebilir veya men\u00fc ile ilgili \u00f6nemli bir g\u00fcncelleme yapmak isteyece\u011finiz zamanlar olabilir. Bu durum sipari\u015f an\u0131nda baz\u0131 m\u00fc\u015fterileri rahats\u0131z edebilir. <span lang=\"TR\">Jetrik QR Menu<\/span>, bu t\u00fcr sorunlardan ka\u00e7\u0131nman\u0131z\u0131 ve dijital men\u00fcn\u00fcz\u00fc istedi\u011finiz zaman de\u011fi\u015ftirebilmenizi sa\u011flar.<\/p>\n<p>Kullan\u0131m\u0131 kolay ara y\u00fcz\u00fc ile <span lang=\"TR\">Jetrik QR Menu<\/span>; men\u00fclerinizi stok durumuna g\u00f6re g\u00fcncelleyebilmenizi ve <em>\u201cBaharatl\u0131 veya Baharats\u0131z, Vegan, Vejetaryen, Deniz \u00dcr\u00fcnleri, Et\u201d<\/em> gibi etiketlerle m\u00fc\u015fterilerinizin \u00fcr\u00fcn i\u00e7eriklerini daha iyi anlayabilmesini sa\u011flar. Ayr\u0131ca \u00fcr\u00fcnlerinize i\u00e7eriklerini belirten a\u00e7\u0131klamalar da ekleyebilirsiniz.<\/p>\n<\/div><\/div><\/div><\/div><\/div><div class=\"w-separator hide_on_tablets hide_on_mobiles size_custom\" style=\"height:75px\"><\/div><\/div><\/div><\/div><\/div><\/section><section class=\"l-section wpb_row us_custom_3b745cf9 height_auto\"><div class=\"l-section-h i-cf\"><div class=\"g-cols vc_row via_grid cols_1 laptops-cols_inherit tablets-cols_inherit mobiles-cols_1 valign_middle type_default stacking_default\" style=\"--columns-gap:5rem;\"><div class=\"wpb_column vc_column_container\"><div class=\"vc_column-inner\"><div class=\"w-separator size_custom\" style=\"height:75px\"><\/div><div class=\"g-cols wpb_row via_grid cols_2 laptops-cols_inherit tablets-cols_inherit mobiles-cols_1 valign_top type_default stacking_default\" style=\"--columns-gap:3rem;\"><div class=\"wpb_column vc_column_container\"><div class=\"vc_column-inner\"><div class=\"w-image align_none\"><div class=\"w-image-h\"><img decoding=\"async\" width=\"600\" height=\"400\" src=\"https:\/\/sambapos.com\/wp-content\/uploads\/Gomenu-imag-5-1.png\" class=\"attachment-large size-large\" alt=\"SambaPOS QR Menu\" loading=\"lazy\" srcset=\"https:\/\/sambapos.com\/wp-content\/uploads\/Gomenu-imag-5-1.png 600w, https:\/\/sambapos.com\/wp-content\/uploads\/Gomenu-imag-5-1-300x200.png 300w, https:\/\/sambapos.com\/wp-content\/uploads\/Gomenu-imag-5-1-100x67.png 100w, https:\/\/sambapos.com\/wp-content\/uploads\/Gomenu-imag-5-1-150x100.png 150w, https:\/\/sambapos.com\/wp-content\/uploads\/Gomenu-imag-5-1-120x80.png 120w, https:\/\/sambapos.com\/wp-content\/uploads\/Gomenu-imag-5-1-200x133.png 200w, https:\/\/sambapos.com\/wp-content\/uploads\/Gomenu-imag-5-1-66x44.png 66w, https:\/\/sambapos.com\/wp-content\/uploads\/Gomenu-imag-5-1-45x30.png 45w, https:\/\/sambapos.com\/wp-content\/uploads\/Gomenu-imag-5-1-60x40.png 60w\" sizes=\"auto, (max-width: 600px) 100vw, 600px\" \/><\/div><\/div><\/div><\/div><div class=\"wpb_column vc_column_container\"><div class=\"vc_column-inner\"><div class=\"wpb_text_column\"><div class=\"wpb_wrapper\"><h3>Dijital Men\u00fc Kullanmaya Ba\u015flamak i\u00e7in Beklemeyin!<\/h3>\n<p><span lang=\"TR\">Jetrik QR Menu<\/span>, sundu\u011funuz deneyimi modernize etmek i\u00e7in restoran, bar, kafe ve paket servis gibi i\u015fletmeleriniz i\u00e7in \u00f6zel olarak \u00fcretilmi\u015ftir. \u00c7o\u011fu restoran, dijital men\u00fclerin m\u00fc\u015fteri memnuniyetini art\u0131rd\u0131\u011f\u0131na inan\u0131r. Bu nedenle, i\u015fletmeniz i\u00e7in en iyi uygulamay\u0131 se\u00e7meniz \u00f6nemlidir. <span lang=\"TR\">Jetrik QR Menu<\/span>; uygun maliyetlidir, kullan\u0131m\u0131 kolayd\u0131r ve s\u00fcrekli teknolojik a\u00e7\u0131dan g\u00fcncellenir. Dijital men\u00fc, d\u00fcnya \u00e7ap\u0131nda t\u00fcm restoranlar i\u00e7in kullan\u0131lmaya uygundur.<\/p>\n<p><span lang=\"TR\">Jetrik QR Menu<\/span>, i\u015fletmenizin ve servis etti\u011finiz \u00fcr\u00fcn\u00fcn \u00f6zel ihtiya\u00e7lar\u0131na g\u00f6re uyarlanabilir ve de\u011fi\u015ftirilebilir. \u201c<em>H\u0131zl\u0131 ve etkili hizmet\u201d<\/em> slogan\u0131m\u0131zd\u0131r. E\u011fer men\u00fcn\u00fcz\u00fc modernize etmeye ve y\u00fckseltmeye haz\u0131rsan\u0131z, <span lang=\"TR\">Jetrik QR Menu<\/span>\u2019y\u00fc <a href=\"https:\/\/cp.sambapos.com\/market\"><strong>sat\u0131n al\u0131n<\/strong><\/a> veya <a href=\"https:\/\/sambapos.com\/tr\/yetkili-bayi-basvurusu\/\"><strong>bayi olun<\/strong><\/a> ve hemen ba\u015flay\u0131n.<\/p>\n<\/div><\/div><\/div><\/div><\/div><div class=\"w-separator size_custom\" style=\"height:75px\"><\/div><\/div><\/div><\/div><\/div><\/section>\n","protected":false},"excerpt":{"rendered":"Jetrik QR Menu ile restoran\u0131n\u0131zda dijital men\u00fcye ge\u00e7in. Dijital men\u00fc ile yiyeceklerin foto\u011fraflar\u0131 m\u00fc\u015fterilerinizi kendine \u00e7ekecek, sat\u0131\u015flar\u0131n\u0131z artacak. Modern Restoranlar i\u00e7in Dijital Men\u00fcler! Teknoloji h\u0131zl\u0131 bir \u015fekilde ilerlerken; Jetrik QR Menu, geleneksel men\u00fcleri ve k\u00e2\u011f\u0131da yazarak sipari\u015f alma sistemini kald\u0131rarak m\u00fc\u015fterilerinize daha iyi hizmet vermenize yard\u0131mc\u0131 olmak i\u00e7in tasarlanm\u0131\u015ft\u0131r. Jetrik QR Menu, restoran\u0131n\u0131z\u0131 ziyaret eden...","protected":false},"author":1,"featured_media":0,"parent":0,"menu_order":0,"comment_status":"closed","ping_status":"closed","template":"","meta":{"footnotes":""},"class_list":["post-15325","page","type-page","status-publish","hentry"],"_links":{"self":[{"href":"https:\/\/sambapos.com\/tr\/wp-json\/wp\/v2\/pages\/15325","targetHints":{"allow":["GET"]}}],"collection":[{"href":"https:\/\/sambapos.com\/tr\/wp-json\/wp\/v2\/pages"}],"about":[{"href":"https:\/\/sambapos.com\/tr\/wp-json\/wp\/v2\/types\/page"}],"author":[{"embeddable":true,"href":"https:\/\/sambapos.com\/tr\/wp-json\/wp\/v2\/users\/1"}],"replies":[{"embeddable":true,"href":"https:\/\/sambapos.com\/tr\/wp-json\/wp\/v2\/comments?post=15325"}],"version-history":[{"count":6,"href":"https:\/\/sambapos.com\/tr\/wp-json\/wp\/v2\/pages\/15325\/revisions"}],"predecessor-version":[{"id":16822,"href":"https:\/\/sambapos.com\/tr\/wp-json\/wp\/v2\/pages\/15325\/revisions\/16822"}],"wp:attachment":[{"href":"https:\/\/sambapos.com\/tr\/wp-json\/wp\/v2\/media?parent=15325"}],"curies":[{"name":"wp","href":"https:\/\/api.w.org\/{rel}","templated":true}]}}