{"id":14502,"date":"2022-06-21T12:20:46","date_gmt":"2022-06-21T12:20:46","guid":{"rendered":"https:\/\/sambapos.com\/?page_id=14502"},"modified":"2022-08-16T09:20:56","modified_gmt":"2022-08-16T09:20:56","slug":"netsis-entegrasyonu","status":"publish","type":"page","link":"https:\/\/sambapos.com\/tr\/netsis-entegrasyonu\/","title":{"rendered":"Netsis Entegrasyonu"},"content":{"rendered":"<section class=\"l-section wpb_row us_custom_325f1e3e hide_on_tablets hide_on_mobiles height_huge\"><div class=\"l-section-h i-cf\"><div class=\"g-cols vc_row via_grid cols_1 laptops-cols_inherit tablets-cols_inherit mobiles-cols_1 valign_top type_default stacking_default\" style=\"--columns-gap:30rem;\"><div class=\"wpb_column vc_column_container\"><div class=\"vc_column-inner\"><div class=\"g-cols wpb_row via_grid cols_2 laptops-cols_inherit tablets-cols_inherit mobiles-cols_1 valign_top type_default stacking_default\" style=\"--columns-gap:calc(3rem + 30px);\"><div class=\"wpb_column vc_column_container us_custom_862028bc\"><div class=\"vc_column-inner\"><div class=\"wpb_text_column hide_on_default hide_on_laptops hide_on_tablets hide_on_mobiles\"><div class=\"wpb_wrapper\"><p>Netsis Entegrasyonu, muhasebe i\u015flemleri<\/p>\n<\/div><\/div><div class=\"w-image align_none\"><div class=\"w-image-h\"><img decoding=\"async\" width=\"250\" height=\"43\" src=\"https:\/\/sambapos.com\/wp-content\/uploads\/cou-icon2-250x43.png\" class=\"attachment-us_250_0_crop size-us_250_0_crop\" alt=\"\u00c7\u00f6z\u00fcm Orta\u011f\u0131 \u00dcr\u00fcn\u00fc\" loading=\"lazy\" srcset=\"https:\/\/sambapos.com\/wp-content\/uploads\/cou-icon2-250x43.png 250w, https:\/\/sambapos.com\/wp-content\/uploads\/cou-icon2-300x52.png 300w, https:\/\/sambapos.com\/wp-content\/uploads\/cou-icon2-1024x178.png 1024w, https:\/\/sambapos.com\/wp-content\/uploads\/cou-icon2-1536x267.png 1536w, https:\/\/sambapos.com\/wp-content\/uploads\/cou-icon2-600x104.png 600w, https:\/\/sambapos.com\/wp-content\/uploads\/cou-icon2-100x17.png 100w, https:\/\/sambapos.com\/wp-content\/uploads\/cou-icon2-150x26.png 150w, https:\/\/sambapos.com\/wp-content\/uploads\/cou-icon2-120x21.png 120w, https:\/\/sambapos.com\/wp-content\/uploads\/cou-icon2-200x35.png 200w, https:\/\/sambapos.com\/wp-content\/uploads\/cou-icon2-254x44.png 254w, https:\/\/sambapos.com\/wp-content\/uploads\/cou-icon2-173x30.png 173w, https:\/\/sambapos.com\/wp-content\/uploads\/cou-icon2-60x10.png 60w, https:\/\/sambapos.com\/wp-content\/uploads\/cou-icon2-400x69.png 400w\" sizes=\"auto, (max-width: 250px) 100vw, 250px\" \/><\/div><\/div><div class=\"w-separator size_custom\" style=\"height:25px\"><\/div><div class=\"wpb_text_column\"><div class=\"wpb_wrapper\"><h1>SambaPOS &amp; Netsis Entegrasyonu ile Sat\u0131\u015flar\u0131n\u0131z Netsis\u2019e Aktar\u0131l\u0131r.<\/h1>\n<\/div><\/div><div class=\"w-separator size_custom\" style=\"height:25px\"><\/div><div class=\"wpb_text_column\"><div class=\"wpb_wrapper\"><div id=\"bannerR\">\n<div id=\"div-gpt-ad-1474537762122-3\" data-google-query-id=\"COua8pCxtPgCFcmddwodvrsFLg\">\n<p id=\"google_ads_iframe_\/15188745,22440292294\/Lipsum-Unit4_0__container__\">Netsis ve SambaPOS kullanan i\u015fletmeler i\u00e7in \u00f6zel geli\u015ftirilmi\u015f bir entegrasyon sistemidir. Bu\u00a0sistem ile SambaPOS da yapt\u0131\u011f\u0131n\u0131z sat\u0131\u015flar Netsis\u2019e aktar\u0131larak muhasebenizi daha kolay ve rahat\u00a0y\u00fcr\u00fctebilirsiniz.<\/p>\n<\/div>\n<\/div>\n<\/div><\/div><\/div><\/div><div class=\"wpb_column vc_column_container\"><div class=\"vc_column-inner\"><\/div><\/div><\/div><\/div><\/div><\/div><\/div><\/section><section class=\"l-section wpb_row us_custom_3b745cf9 height_auto\"><div class=\"l-section-h i-cf\"><div class=\"g-cols vc_row via_grid cols_1 laptops-cols_inherit tablets-cols_inherit mobiles-cols_1 valign_top type_default stacking_default\"><div class=\"wpb_column vc_column_container\"><div class=\"vc_column-inner\"><div class=\"w-separator hide_on_tablets hide_on_mobiles size_custom\" style=\"height:75px\"><\/div><div class=\"g-cols wpb_row via_grid cols_2 laptops-cols_inherit tablets-cols_inherit mobiles-cols_1 valign_middle type_default stacking_default\" style=\"--columns-gap:calc(3rem + 30px);\"><div class=\"wpb_column vc_column_container\"><div class=\"vc_column-inner\"><div class=\"wpb_text_column\"><div class=\"wpb_wrapper\"><h2>Netsis Entegrasyonu \u0130\u015finize Ne Katar?<\/h2>\n<ul>\n<li>Sat\u0131\u015flar\u0131n\u0131z\u0131 Netsis\u2019e aktararak takip edebilir ve rahatl\u0131kla Netsis taraf\u0131nda muhasebenizi\u00a0yapmaya devam edebilirsiniz.<\/li>\n<li>SambapPOS&#8217;daki m\u00fc\u015fterilerinize ait olan adisyonlar\u0131 Netsis&#8217;de muhasebele\u015ftirebilirsiniz.<\/li>\n<li>SambaPOS&#8217;daki \u00f6deme tiplerinizi g\u00f6re netsisde tahsilat olu\u015fturabilirsiniz.<\/li>\n<li>Netsis\u2019in \u00fcretim mod\u00fcl\u00fc ile \u00fcretim yapabilir ve stok takibinizi yapabilirsiniz.<\/li>\n<\/ul>\n<\/div><\/div><\/div><\/div><div class=\"wpb_column vc_column_container\"><div class=\"vc_column-inner\"><div class=\"w-pricing style_cards items_1\"><div class=\"w-pricing-item type_featured\"><div class=\"w-pricing-item-h\"><div class=\"w-pricing-item-header\"><div class=\"w-pricing-item-title\">SambaPOS & Netsis Entegrasyonu<\/div><div class=\"w-pricing-item-price\">249 USD <small>Y\u0131ll\u0131k<\/small><\/div><\/div><ul class=\"w-pricing-item-features\"><li class=\"w-pricing-item-feature\">Y\u0131ll\u0131k Kullan\u0131m Lisans\u0131<\/li><li class=\"w-pricing-item-feature\">S\u0131n\u0131rs\u0131z Adisyon \/ \u00d6deme Aktar\u0131m\u0131<\/li><li class=\"w-pricing-item-feature\">-<\/li><li class=\"w-pricing-item-feature\">SambaPOS V5 Pro Lisans\u0131 gerektirir<\/li><\/ul><div class=\"w-pricing-item-footer\"><a class=\"w-btn us-btn-style_28\" style=\"font-size:15px\" target=\"_blank\" rel=\"nofollow\" href=\"https:\/\/cp.sambapos.com\/market\"><span class=\"w-btn-label\">Sat\u0131n Al<\/span><\/a><\/div><\/div><\/div><\/div><\/div><\/div><\/div><div class=\"w-separator hide_on_tablets hide_on_mobiles size_custom\" style=\"height:75px\"><\/div><\/div><\/div><\/div><\/div><\/section><section class=\"l-section wpb_row us_custom_3b745cf9 height_auto\"><div class=\"l-section-h i-cf\"><div class=\"g-cols vc_row via_grid cols_1 laptops-cols_inherit tablets-cols_inherit mobiles-cols_1 valign_top type_default stacking_default\"><div class=\"wpb_column vc_column_container\"><div class=\"vc_column-inner\"><div class=\"w-separator size_custom\" style=\"height:75px\"><\/div><div class=\"g-cols wpb_row via_grid cols_2 laptops-cols_inherit tablets-cols_inherit mobiles-cols_1 valign_middle type_default stacking_default\" style=\"--columns-gap:3rem;\"><div class=\"wpb_column vc_column_container\"><div class=\"vc_column-inner\"><div class=\"w-image align_none\"><div class=\"w-image-h\"><img decoding=\"async\" width=\"991\" height=\"831\" src=\"https:\/\/sambapos.com\/wp-content\/uploads\/Untitled-2.png\" class=\"attachment-large size-large\" alt=\"SambaPOS\" loading=\"lazy\" srcset=\"https:\/\/sambapos.com\/wp-content\/uploads\/Untitled-2.png 991w, https:\/\/sambapos.com\/wp-content\/uploads\/Untitled-2-300x252.png 300w, https:\/\/sambapos.com\/wp-content\/uploads\/Untitled-2-477x400.png 477w, https:\/\/sambapos.com\/wp-content\/uploads\/Untitled-2-100x84.png 100w\" sizes=\"auto, (max-width: 991px) 100vw, 991px\" \/><\/div><\/div><\/div><\/div><div class=\"wpb_column vc_column_container\"><div class=\"vc_column-inner\"><div class=\"wpb_text_column\"><div class=\"wpb_wrapper\"><h2>SambaPOS\u2019u \u00dccretsiz Deneyin<\/h2>\n<\/div><\/div><div class=\"w-separator size_custom\" style=\"height:25px\"><\/div><div class=\"wpb_text_column\"><div class=\"wpb_wrapper\"><div class=\"wpb_text_column\">\n<div class=\"wpb_wrapper\">\n<p>Hemen \u015fimdi deneme s\u00fcr\u00fcm\u00fcn\u00fc indirin ve SambaPOS\u2019u t\u00fcm \u00f6zellikleriyle kullanmaya ba\u015flay\u0131n<\/p>\n<\/div>\n<\/div>\n<\/div><\/div><div class=\"w-separator size_custom\" style=\"height:25px\"><\/div><div class=\"w-btn-wrapper align_none\"><a class=\"w-btn us-btn-style_28\" title=\"\u0130ndir\" href=\"https:\/\/sambapos.com\/tr\/indir\/\"><span class=\"w-btn-label\">Deneme S\u00fcr\u00fcm\u00fcn\u00fc \u0130ndir<\/span><\/a><\/div><div class=\"w-btn-wrapper align_none\"><a class=\"w-btn us-btn-style_28\" title=\"SambaPOS V5 Pro\" href=\"https:\/\/sambapos.com\/tr\/sambapos-v5-pro\/\"><span class=\"w-btn-label\">SambaPOS Sat\u0131n Al<\/span><\/a><\/div><\/div><\/div><\/div><div class=\"w-separator size_custom\" style=\"height:75px\"><\/div><\/div><\/div><\/div><\/div><\/section>\n","protected":false},"excerpt":{"rendered":"Netsis Entegrasyonu, muhasebe i\u015flemleri SambaPOS &amp; Netsis Entegrasyonu ile Sat\u0131\u015flar\u0131n\u0131z Netsis\u2019e Aktar\u0131l\u0131r. Netsis ve SambaPOS kullanan i\u015fletmeler i\u00e7in \u00f6zel geli\u015ftirilmi\u015f bir entegrasyon sistemidir. Bu\u00a0sistem ile SambaPOS da yapt\u0131\u011f\u0131n\u0131z sat\u0131\u015flar Netsis\u2019e aktar\u0131larak muhasebenizi daha kolay ve rahat\u00a0y\u00fcr\u00fctebilirsiniz. Netsis Entegrasyonu \u0130\u015finize Ne Katar? Sat\u0131\u015flar\u0131n\u0131z\u0131 Netsis\u2019e aktararak takip edebilir ve rahatl\u0131kla Netsis taraf\u0131nda muhasebenizi\u00a0yapmaya devam edebilirsiniz. SambapPOS&#8217;daki m\u00fc\u015fterilerinize...","protected":false},"author":1,"featured_media":0,"parent":0,"menu_order":0,"comment_status":"closed","ping_status":"closed","template":"","meta":{"footnotes":""},"class_list":["post-14502","page","type-page","status-publish","hentry"],"_links":{"self":[{"href":"https:\/\/sambapos.com\/tr\/wp-json\/wp\/v2\/pages\/14502","targetHints":{"allow":["GET"]}}],"collection":[{"href":"https:\/\/sambapos.com\/tr\/wp-json\/wp\/v2\/pages"}],"about":[{"href":"https:\/\/sambapos.com\/tr\/wp-json\/wp\/v2\/types\/page"}],"author":[{"embeddable":true,"href":"https:\/\/sambapos.com\/tr\/wp-json\/wp\/v2\/users\/1"}],"replies":[{"embeddable":true,"href":"https:\/\/sambapos.com\/tr\/wp-json\/wp\/v2\/comments?post=14502"}],"version-history":[{"count":4,"href":"https:\/\/sambapos.com\/tr\/wp-json\/wp\/v2\/pages\/14502\/revisions"}],"predecessor-version":[{"id":14845,"href":"https:\/\/sambapos.com\/tr\/wp-json\/wp\/v2\/pages\/14502\/revisions\/14845"}],"wp:attachment":[{"href":"https:\/\/sambapos.com\/tr\/wp-json\/wp\/v2\/media?parent=14502"}],"curies":[{"name":"wp","href":"https:\/\/api.w.org\/{rel}","templated":true}]}}