{"id":14489,"date":"2022-06-20T08:07:02","date_gmt":"2022-06-20T08:07:02","guid":{"rendered":"https:\/\/sambapos.com\/mobile-client-v3\/"},"modified":"2022-06-20T12:08:50","modified_gmt":"2022-06-20T12:08:50","slug":"mobile-client-v3-launched","status":"publish","type":"page","link":"https:\/\/sambapos.com\/tr\/mobile-client-v3-launched\/","title":{"rendered":"Mobile Client V3"},"content":{"rendered":"<section class=\"l-section wpb_row us_custom_057801f8 height_auto with_shape\"><div class=\"l-section-shape type_tilt pos_bottom hor_flip\" style=\"height:35vh;\"><svg xmlns=\"http:\/\/www.w3.org\/2000\/svg\" viewBox=\"0 0 64 8\" preserveAspectRatio=\"none\" width=\"100%\" height=\"100%\">\r\n\t<path fill=\"currentColor\" d=\"M64 7.9 L64 10 L0 10 L0 0 Z\"\/>\r\n<\/svg><\/div><div class=\"l-section-h i-cf\"><div class=\"g-cols vc_row via_grid cols_1 laptops-cols_inherit tablets-cols_inherit mobiles-cols_1 valign_top type_default stacking_default\"><div class=\"wpb_column vc_column_container\"><div class=\"vc_column-inner\"><div class=\"g-cols wpb_row via_grid cols_2 laptops-cols_inherit tablets-cols_inherit mobiles-cols_1 valign_middle type_default stacking_default\" style=\"--columns-gap:3rem;\"><div class=\"wpb_column vc_column_container\"><div class=\"vc_column-inner\"><div class=\"w-separator size_small\"><\/div><div class=\"w-image align_none\"><div class=\"w-image-h\"><img decoding=\"async\" width=\"250\" height=\"64\" src=\"https:\/\/sambapos.com\/wp-content\/uploads\/SambaPOS-White-Logo-250x64.png\" class=\"attachment-us_250_0_crop size-us_250_0_crop\" alt=\"SambaPOS Ak\u0131ll\u0131 Restoran \u00c7\u00f6z\u00fcmleri\" loading=\"lazy\" srcset=\"https:\/\/sambapos.com\/wp-content\/uploads\/SambaPOS-White-Logo-250x64.png 250w, https:\/\/sambapos.com\/wp-content\/uploads\/SambaPOS-White-Logo-300x77.png 300w, https:\/\/sambapos.com\/wp-content\/uploads\/SambaPOS-White-Logo-1024x263.png 1024w, https:\/\/sambapos.com\/wp-content\/uploads\/SambaPOS-White-Logo-1536x395.png 1536w, https:\/\/sambapos.com\/wp-content\/uploads\/SambaPOS-White-Logo-600x154.png 600w, https:\/\/sambapos.com\/wp-content\/uploads\/SambaPOS-White-Logo-100x26.png 100w, https:\/\/sambapos.com\/wp-content\/uploads\/SambaPOS-White-Logo-150x39.png 150w, https:\/\/sambapos.com\/wp-content\/uploads\/SambaPOS-White-Logo-120x31.png 120w, https:\/\/sambapos.com\/wp-content\/uploads\/SambaPOS-White-Logo-200x51.png 200w, https:\/\/sambapos.com\/wp-content\/uploads\/SambaPOS-White-Logo-171x44.png 171w, https:\/\/sambapos.com\/wp-content\/uploads\/SambaPOS-White-Logo-117x30.png 117w, https:\/\/sambapos.com\/wp-content\/uploads\/SambaPOS-White-Logo-60x15.png 60w, https:\/\/sambapos.com\/wp-content\/uploads\/SambaPOS-White-Logo-400x103.png 400w\" sizes=\"auto, (max-width: 250px) 100vw, 250px\" \/><\/div><\/div><div class=\"w-separator size_medium\"><\/div><div class=\"wpb_text_column\"><div class=\"wpb_wrapper\"><h1><span style=\"color: #f5f5f5;\">Mobile Client V3 Yay\u0131nland\u0131!<\/span><\/h1>\n<\/div><\/div><div class=\"w-separator size_medium\"><\/div><\/div><\/div><div class=\"wpb_column vc_column_container\"><div class=\"vc_column-inner\"><div class=\"w-image align_none\"><div class=\"w-image-h\"><img decoding=\"async\" width=\"1024\" height=\"698\" src=\"https:\/\/sambapos.com\/wp-content\/uploads\/mobile-client-v3-image-1024x698.png\" class=\"attachment-large size-large\" alt=\"Mobile Client\" loading=\"lazy\" srcset=\"https:\/\/sambapos.com\/wp-content\/uploads\/mobile-client-v3-image-1024x698.png 1024w, https:\/\/sambapos.com\/wp-content\/uploads\/mobile-client-v3-image-300x205.png 300w, https:\/\/sambapos.com\/wp-content\/uploads\/mobile-client-v3-image-1536x1048.png 1536w, https:\/\/sambapos.com\/wp-content\/uploads\/mobile-client-v3-image-586x400.png 586w, https:\/\/sambapos.com\/wp-content\/uploads\/mobile-client-v3-image-100x68.png 100w, https:\/\/sambapos.com\/wp-content\/uploads\/mobile-client-v3-image-150x102.png 150w, https:\/\/sambapos.com\/wp-content\/uploads\/mobile-client-v3-image-120x82.png 120w, https:\/\/sambapos.com\/wp-content\/uploads\/mobile-client-v3-image-200x136.png 200w, https:\/\/sambapos.com\/wp-content\/uploads\/mobile-client-v3-image-65x44.png 65w, https:\/\/sambapos.com\/wp-content\/uploads\/mobile-client-v3-image-44x30.png 44w, https:\/\/sambapos.com\/wp-content\/uploads\/mobile-client-v3-image-60x41.png 60w, https:\/\/sambapos.com\/wp-content\/uploads\/mobile-client-v3-image-600x409.png 600w, https:\/\/sambapos.com\/wp-content\/uploads\/mobile-client-v3-image-400x273.png 400w, https:\/\/sambapos.com\/wp-content\/uploads\/mobile-client-v3-image-250x171.png 250w\" sizes=\"auto, (max-width: 1024px) 100vw, 1024px\" \/><\/div><\/div><\/div><\/div><\/div><\/div><\/div><\/div><\/div><\/section><section class=\"l-section wpb_row us_custom_3b745cf9 height_auto\"><div class=\"l-section-h i-cf\"><div class=\"g-cols vc_row via_grid cols_1 laptops-cols_inherit tablets-cols_inherit mobiles-cols_1 valign_top type_default stacking_default\"><div class=\"wpb_column vc_column_container\"><div class=\"vc_column-inner\"><div class=\"g-cols wpb_row via_grid cols_5-1 laptops-cols_inherit tablets-cols_inherit mobiles-cols_1 valign_middle type_default stacking_default\" style=\"--columns-gap:3rem;\"><div class=\"wpb_column vc_column_container\"><div class=\"vc_column-inner\"><div class=\"w-image align_left\"><div class=\"w-image-h\"><img decoding=\"async\" width=\"250\" height=\"30\" src=\"https:\/\/sambapos.com\/wp-content\/uploads\/mobile-client-logo-v3-250x30.png\" class=\"attachment-us_250_0_crop size-us_250_0_crop\" alt=\"SambaPOS Garson Uygulamas\u0131\" loading=\"lazy\" srcset=\"https:\/\/sambapos.com\/wp-content\/uploads\/mobile-client-logo-v3-250x30.png 250w, https:\/\/sambapos.com\/wp-content\/uploads\/mobile-client-logo-v3-300x36.png 300w, https:\/\/sambapos.com\/wp-content\/uploads\/mobile-client-logo-v3-1024x123.png 1024w, https:\/\/sambapos.com\/wp-content\/uploads\/mobile-client-logo-v3-1536x185.png 1536w, https:\/\/sambapos.com\/wp-content\/uploads\/mobile-client-logo-v3-600x72.png 600w, https:\/\/sambapos.com\/wp-content\/uploads\/mobile-client-logo-v3-100x12.png 100w, https:\/\/sambapos.com\/wp-content\/uploads\/mobile-client-logo-v3-150x18.png 150w, https:\/\/sambapos.com\/wp-content\/uploads\/mobile-client-logo-v3-120x14.png 120w, https:\/\/sambapos.com\/wp-content\/uploads\/mobile-client-logo-v3-200x24.png 200w, https:\/\/sambapos.com\/wp-content\/uploads\/mobile-client-logo-v3-366x44.png 366w, https:\/\/sambapos.com\/wp-content\/uploads\/mobile-client-logo-v3-60x7.png 60w, https:\/\/sambapos.com\/wp-content\/uploads\/mobile-client-logo-v3-400x48.png 400w\" sizes=\"auto, (max-width: 250px) 100vw, 250px\" \/><\/div><\/div><div class=\"w-separator size_medium\"><\/div><div class=\"wpb_text_column\"><div class=\"wpb_wrapper\"><h2>Android ve iOS Uyumlu Cihazlarla\u00a0Sipari\u015f Almak\u00a0Art\u0131k Daha Pratik ve H\u0131zl\u0131!<\/h2>\n<\/div><\/div><div class=\"w-separator size_medium\"><\/div><\/div><\/div><div class=\"wpb_column vc_column_container\"><div class=\"vc_column-inner\"><\/div><\/div><\/div><div class=\"g-cols wpb_row via_grid cols_2 laptops-cols_inherit tablets-cols_inherit mobiles-cols_1 valign_middle type_default stacking_default\" style=\"--columns-gap:3rem;\"><div class=\"wpb_column vc_column_container\"><div class=\"vc_column-inner\"><div class=\"wpb_text_column us_custom_365a1475 has_text_color\"><div class=\"wpb_wrapper\"><h3 style=\"text-align: center;\"><strong>Mobile Client V3 \u00d6zellikleri;<\/strong><\/h3>\n<\/div><\/div><div class=\"w-separator size_small\"><\/div><div class=\"w-iconbox iconpos_left style_default color_primary align_left no_text\"><div class=\"w-iconbox-icon\" style=\"font-size:2rem;\"><i class=\"fas fa-angle-right\"><\/i><\/div><div class=\"w-iconbox-meta\"><h6 class=\"w-iconbox-title\">Android 6.0, iOS 11 ve \u00fczeri cihazlarla uyumlu<\/h6><\/div><\/div><div class=\"w-iconbox iconpos_left style_default color_primary align_left no_text\"><div class=\"w-iconbox-icon\" style=\"font-size:2rem;\"><i class=\"fas fa-angle-right\"><\/i><\/div><div class=\"w-iconbox-meta\"><h6 class=\"w-iconbox-title\">\u00d6deme alabilme \u00f6zelli\u011fi<\/h6><\/div><\/div><div class=\"w-iconbox iconpos_left style_default color_primary align_left no_text\"><div class=\"w-iconbox-icon\" style=\"font-size:2rem;\"><i class=\"fas fa-angle-right\"><\/i><\/div><div class=\"w-iconbox-meta\"><h6 class=\"w-iconbox-title\">Yatay tablet de POS g\u00f6r\u00fcn\u00fcm\u00fcnde kullan\u0131m<\/h6><\/div><\/div><div class=\"w-iconbox iconpos_left style_default color_primary align_left no_text\"><div class=\"w-iconbox-icon\" style=\"font-size:2rem;\"><i class=\"fas fa-angle-right\"><\/i><\/div><div class=\"w-iconbox-meta\"><h6 class=\"w-iconbox-title\">Resimli \u00fcr\u00fcn butonlar\u0131<\/h6><\/div><\/div><div class=\"w-iconbox iconpos_left style_default color_primary align_left no_text\"><div class=\"w-iconbox-icon\" style=\"font-size:2rem;\"><i class=\"fas fa-angle-right\"><\/i><\/div><div class=\"w-iconbox-meta\"><h6 class=\"w-iconbox-title\">Mevcut Mobile Client lisans\u0131 ile kullan\u0131m<\/h6><\/div><\/div><div class=\"w-iconbox iconpos_left style_default color_primary align_left no_text\"><div class=\"w-iconbox-icon\" style=\"font-size:2rem;\"><i class=\"fas fa-angle-right\"><\/i><\/div><div class=\"w-iconbox-meta\"><h6 class=\"w-iconbox-title\">Kullan\u0131c\u0131 bazl\u0131 terminal ve varl\u0131k ekran\u0131 kullan\u0131m\u0131<\/h6><\/div><\/div><div class=\"w-separator size_small\"><\/div><div class=\"w-iconbox iconpos_left style_default color_primary align_left no_text\"><div class=\"w-iconbox-icon\" style=\"font-size:2rem;\"><i class=\"fas fa-angle-right\"><\/i><\/div><div class=\"w-iconbox-meta\"><h6 class=\"w-iconbox-title\">TR i\u00e7in e-fatura \/ e-ar\u015fiv entegrasyonu<\/h6><\/div><\/div><div class=\"w-iconbox iconpos_left style_default color_primary align_left no_text\"><div class=\"w-iconbox-icon\" style=\"font-size:2rem;\"><i class=\"fas fa-angle-right\"><\/i><\/div><div class=\"w-iconbox-meta\"><h6 class=\"w-iconbox-title\">US i\u00e7in GPI ve PAX entegrasyonu<\/h6><\/div><\/div><div class=\"w-iconbox iconpos_left style_default color_primary align_left no_text\"><div class=\"w-iconbox-icon\" style=\"font-size:2rem;\"><i class=\"fas fa-angle-right\"><\/i><\/div><div class=\"w-iconbox-meta\"><h6 class=\"w-iconbox-title\">UK i\u00e7in Dojo entegrasyonu<\/h6><\/div><\/div><div class=\"w-separator size_medium\"><\/div><div class=\"w-btn-wrapper align_none\"><a class=\"w-btn us-btn-style_25\" title=\"metrik\" href=\"https:\/\/apps.apple.com\/us\/app\/sambapos-mc3\/id1543700031\"><span class=\"w-btn-label\">App Store&#8217;dan \u0130ndir<\/span><\/a><\/div><div class=\"w-btn-wrapper align_none\"><a class=\"w-btn us-btn-style_25\" title=\"metrik\" href=\"https:\/\/play.google.com\/store\/apps\/details?id=com.sambapos.mc_v3\"><span class=\"w-btn-label\">Google Play&#8217;den \u0130ndir<\/span><\/a><\/div><\/div><\/div><div class=\"wpb_column vc_column_container\"><div class=\"vc_column-inner\"><div class=\"w-image align_none\"><div class=\"w-image-h\"><img decoding=\"async\" width=\"1024\" height=\"720\" src=\"https:\/\/sambapos.com\/wp-content\/uploads\/mobile-client-v3-product-1024x720.png\" class=\"attachment-large size-large\" alt=\"SambaPOS Mobile Client\" loading=\"lazy\" srcset=\"https:\/\/sambapos.com\/wp-content\/uploads\/mobile-client-v3-product-1024x720.png 1024w, https:\/\/sambapos.com\/wp-content\/uploads\/mobile-client-v3-product-300x211.png 300w, https:\/\/sambapos.com\/wp-content\/uploads\/mobile-client-v3-product-1536x1080.png 1536w, https:\/\/sambapos.com\/wp-content\/uploads\/mobile-client-v3-product-569x400.png 569w, https:\/\/sambapos.com\/wp-content\/uploads\/mobile-client-v3-product-100x70.png 100w, https:\/\/sambapos.com\/wp-content\/uploads\/mobile-client-v3-product-150x105.png 150w, https:\/\/sambapos.com\/wp-content\/uploads\/mobile-client-v3-product-120x84.png 120w, https:\/\/sambapos.com\/wp-content\/uploads\/mobile-client-v3-product-200x141.png 200w, https:\/\/sambapos.com\/wp-content\/uploads\/mobile-client-v3-product-63x44.png 63w, https:\/\/sambapos.com\/wp-content\/uploads\/mobile-client-v3-product-43x30.png 43w, https:\/\/sambapos.com\/wp-content\/uploads\/mobile-client-v3-product-60x42.png 60w, https:\/\/sambapos.com\/wp-content\/uploads\/mobile-client-v3-product-600x422.png 600w, https:\/\/sambapos.com\/wp-content\/uploads\/mobile-client-v3-product-400x281.png 400w, https:\/\/sambapos.com\/wp-content\/uploads\/mobile-client-v3-product-250x176.png 250w\" sizes=\"auto, (max-width: 1024px) 100vw, 1024px\" \/><\/div><\/div><\/div><\/div><\/div><div class=\"w-separator size_medium\"><\/div><\/div><\/div><\/div><\/div><\/section>\n","protected":false},"excerpt":{"rendered":"Mobile Client V3 Yay\u0131nland\u0131! Android ve iOS Uyumlu Cihazlarla\u00a0Sipari\u015f Almak\u00a0Art\u0131k Daha Pratik ve H\u0131zl\u0131! Mobile Client V3 \u00d6zellikleri; Android 6.0, iOS 11 ve \u00fczeri cihazlarla uyumlu\u00d6deme alabilme \u00f6zelli\u011fiYatay tablet de POS g\u00f6r\u00fcn\u00fcm\u00fcnde kullan\u0131mResimli \u00fcr\u00fcn butonlar\u0131Mevcut Mobile Client lisans\u0131 ile kullan\u0131mKullan\u0131c\u0131 bazl\u0131 terminal ve varl\u0131k ekran\u0131 kullan\u0131m\u0131TR i\u00e7in e-fatura \/ e-ar\u015fiv entegrasyonuUS i\u00e7in GPI ve PAX...","protected":false},"author":1,"featured_media":0,"parent":0,"menu_order":0,"comment_status":"closed","ping_status":"closed","template":"","meta":{"footnotes":""},"class_list":["post-14489","page","type-page","status-publish","hentry"],"_links":{"self":[{"href":"https:\/\/sambapos.com\/tr\/wp-json\/wp\/v2\/pages\/14489","targetHints":{"allow":["GET"]}}],"collection":[{"href":"https:\/\/sambapos.com\/tr\/wp-json\/wp\/v2\/pages"}],"about":[{"href":"https:\/\/sambapos.com\/tr\/wp-json\/wp\/v2\/types\/page"}],"author":[{"embeddable":true,"href":"https:\/\/sambapos.com\/tr\/wp-json\/wp\/v2\/users\/1"}],"replies":[{"embeddable":true,"href":"https:\/\/sambapos.com\/tr\/wp-json\/wp\/v2\/comments?post=14489"}],"version-history":[{"count":8,"href":"https:\/\/sambapos.com\/tr\/wp-json\/wp\/v2\/pages\/14489\/revisions"}],"predecessor-version":[{"id":14497,"href":"https:\/\/sambapos.com\/tr\/wp-json\/wp\/v2\/pages\/14489\/revisions\/14497"}],"wp:attachment":[{"href":"https:\/\/sambapos.com\/tr\/wp-json\/wp\/v2\/media?parent=14489"}],"curies":[{"name":"wp","href":"https:\/\/api.w.org\/{rel}","templated":true}]}}