{"id":13739,"date":"2021-11-29T08:53:50","date_gmt":"2021-11-29T08:53:50","guid":{"rendered":"https:\/\/sambapos.com\/food-truck\/"},"modified":"2023-10-10T12:28:34","modified_gmt":"2023-10-10T12:28:34","slug":"tekerlekli-restoranlar","status":"publish","type":"page","link":"https:\/\/sambapos.com\/tr\/tekerlekli-restoranlar\/","title":{"rendered":"Tekerlekli Restoranlar"},"content":{"rendered":"<section class=\"l-section wpb_row us_custom_a2b5a788 hide_on_tablets hide_on_mobiles height_huge\"><div class=\"l-section-h i-cf\"><div class=\"g-cols vc_row via_grid cols_1 laptops-cols_inherit tablets-cols_inherit mobiles-cols_1 valign_top type_default stacking_default\" style=\"--columns-gap:30rem;\"><div class=\"wpb_column vc_column_container\"><div class=\"vc_column-inner\"><div class=\"g-cols wpb_row via_grid cols_2 laptops-cols_inherit tablets-cols_inherit mobiles-cols_1 valign_middle type_default stacking_default\" style=\"--columns-gap:calc(3rem + 30px);\"><div class=\"wpb_column vc_column_container us_custom_862028bc\"><div class=\"vc_column-inner\"><div class=\"wpb_text_column\"><div class=\"wpb_wrapper\"><h1><span style=\"color: #ff3131;\">Tekerlekli Restoranlar<\/span><\/h1>\n<\/div><\/div><div class=\"w-separator size_custom\" style=\"height:25px\"><\/div><div class=\"wpb_text_column us_custom_1e0e9307\"><div class=\"wpb_wrapper\"><p><strong>Yemek Kamyonu olarak da adland\u0131r\u0131lan mini i\u015fletmelerinizde SambaPOS ile t\u00fcm i\u015flemlerinizi h\u0131zland\u0131r\u0131n ve m\u00fc\u015fteri memnuniyetinizi art\u0131r\u0131n!<\/strong><\/p>\n<\/div><\/div><div class=\"w-separator size_custom\" style=\"height:25px\"><\/div><div class=\"wpb_text_column\"><div class=\"wpb_wrapper\"><p>Hareket halinde olmak i\u015finizin bir par\u00e7as\u0131 oldu\u011fundan t\u00fcm i\u015flemlerinizi her an kontrol etmek zor olabilir. SambaPOS ile internete bile ihtiya\u00e7 olmadan sipari\u015f alabilir veya stok takibi yapabilirsiniz.<\/p>\n<\/div><\/div><div class=\"w-separator size_custom\" style=\"height:25px\"><\/div><\/div><\/div><div class=\"wpb_column vc_column_container\"><div class=\"vc_column-inner\"><\/div><\/div><\/div><div class=\"w-separator size_custom\" style=\"height:75px\"><\/div><\/div><\/div><\/div><\/div><\/section><section class=\"l-section wpb_row hide_on_default hide_on_laptops height_large\"><div class=\"l-section-h i-cf\"><div class=\"g-cols vc_row via_grid cols_1 laptops-cols_inherit tablets-cols_inherit mobiles-cols_1 valign_top type_default stacking_default\" style=\"--columns-gap:30rem;\"><div class=\"wpb_column vc_column_container\"><div class=\"vc_column-inner\"><div class=\"g-cols wpb_row via_grid cols_1 laptops-cols_inherit tablets-cols_inherit mobiles-cols_1 valign_middle type_default stacking_default\" style=\"--columns-gap:calc(3rem + 30px);\"><div class=\"wpb_column vc_column_container\"><div class=\"vc_column-inner\"><div class=\"w-separator size_custom\" style=\"height:75px\"><\/div><div class=\"wpb_text_column\"><div class=\"wpb_wrapper\"><h1><span style=\"color: #ff3131;\">Tekerlekli Restoranlar<\/span><\/h1>\n<\/div><\/div><div class=\"w-separator size_custom\" style=\"height:25px\"><\/div><div class=\"wpb_text_column us_custom_1e0e9307\"><div class=\"wpb_wrapper\"><p><strong>Yemek Kamyonu olarak da adland\u0131r\u0131lan mini i\u015fletmelerinizde SambaPOS ile t\u00fcm i\u015flemlerinizi h\u0131zland\u0131r\u0131n ve m\u00fc\u015fteri memnuniyetinizi art\u0131r\u0131n!<\/strong><\/p>\n<\/div><\/div><div class=\"w-separator size_custom\" style=\"height:25px\"><\/div><div class=\"wpb_text_column\"><div class=\"wpb_wrapper\"><p>Hareket halinde olmak i\u015finizin bir par\u00e7as\u0131 oldu\u011fundan t\u00fcm i\u015flemlerinizi her an kontrol etmek zor olabilir. SambaPOS ile internete bile ihtiya\u00e7 olmadan sipari\u015f alabilir veya stok takibi yapabilirsiniz.<\/p>\n<\/div><\/div><div class=\"w-separator size_custom\" style=\"height:25px\"><\/div><\/div><\/div><\/div><\/div><\/div><\/div><\/div><\/section><section class=\"l-section wpb_row us_custom_3b745cf9 height_auto\"><div class=\"l-section-h i-cf\"><div class=\"g-cols vc_row via_grid cols_1 laptops-cols_inherit tablets-cols_inherit mobiles-cols_1 valign_top type_default stacking_default\"><div class=\"wpb_column vc_column_container\"><div class=\"vc_column-inner\"><div class=\"w-separator hide_on_tablets hide_on_mobiles size_custom\" style=\"height:75px\"><\/div><div class=\"g-cols wpb_row via_grid cols_2 laptops-cols_inherit tablets-cols_inherit mobiles-cols_1 valign_middle type_default stacking_default\" style=\"--columns-gap:calc(3rem + 30px);\"><div class=\"wpb_column vc_column_container\"><div class=\"vc_column-inner\"><div class=\"w-image align_center\"><div class=\"w-image-h\"><img decoding=\"async\" width=\"600\" height=\"520\" src=\"https:\/\/sambapos.com\/wp-content\/uploads\/Food-Truck-product-3.png\" class=\"attachment-large size-large\" alt=\"SambaPOS Food Truck\" loading=\"lazy\" srcset=\"https:\/\/sambapos.com\/wp-content\/uploads\/Food-Truck-product-3.png 600w, https:\/\/sambapos.com\/wp-content\/uploads\/Food-Truck-product-3-300x260.png 300w, https:\/\/sambapos.com\/wp-content\/uploads\/Food-Truck-product-3-462x400.png 462w, https:\/\/sambapos.com\/wp-content\/uploads\/Food-Truck-product-3-100x87.png 100w, https:\/\/sambapos.com\/wp-content\/uploads\/Food-Truck-product-3-150x130.png 150w, https:\/\/sambapos.com\/wp-content\/uploads\/Food-Truck-product-3-120x104.png 120w, https:\/\/sambapos.com\/wp-content\/uploads\/Food-Truck-product-3-200x173.png 200w, https:\/\/sambapos.com\/wp-content\/uploads\/Food-Truck-product-3-51x44.png 51w, https:\/\/sambapos.com\/wp-content\/uploads\/Food-Truck-product-3-35x30.png 35w, https:\/\/sambapos.com\/wp-content\/uploads\/Food-Truck-product-3-60x52.png 60w, https:\/\/sambapos.com\/wp-content\/uploads\/Food-Truck-product-3-400x347.png 400w\" sizes=\"auto, (max-width: 600px) 100vw, 600px\" \/><\/div><\/div><\/div><\/div><div class=\"wpb_column vc_column_container\"><div class=\"vc_column-inner\"><div class=\"wpb_text_column\"><div class=\"wpb_wrapper\"><h2>\u00d6zel Men\u00fcler<\/h2>\n<p>SambaPOS m\u00fc\u015fterilerinizin de\u011fi\u015fen ihtiya\u00e7lar\u0131na ve i\u015fletmenizdeki yeniliklere ayak uydurarak men\u00fcleri ve fiyatlar\u0131 istedi\u011finiz zaman y\u00f6netmenizi sa\u011flar. Men\u00fclerinizi kategorilere ay\u0131rabilir ve men\u00fclerinize a\u00e7\u0131klamalar veya resimler ekleyebilirsiniz. Men\u00fcn\u00fcz\u00fc birden \u00e7ok dilde bile olu\u015fturabilirsiniz.<\/p>\n<\/div><\/div><\/div><\/div><\/div><div class=\"w-separator size_custom\" style=\"height:75px\"><\/div><div class=\"g-cols wpb_row via_grid cols_3 laptops-cols_inherit tablets-cols_inherit mobiles-cols_1 valign_top type_default stacking_default\" style=\"--columns-gap:calc(3rem + 30px);\"><div class=\"wpb_column vc_column_container us_custom_6b8248eb\"><div class=\"vc_column-inner\"><div class=\"w-iconbox iconpos_left style_default color_primary align_left\"><div class=\"w-iconbox-icon\" style=\"font-size:2rem;\"><i class=\"fas fa-angle-right\"><\/i><\/div><div class=\"w-iconbox-meta\"><h5 class=\"w-iconbox-title\"><b>Kusursuz Yemek Sipari\u015fi<\/b><\/h5><div class=\"w-iconbox-text\"><p>Sipari\u015f s\u00fcrecini h\u0131zland\u0131rmak i\u00e7in m\u00fc\u015fterileriniz, M\u00fc\u015fteri Ekranlar\u0131 arac\u0131l\u0131\u011f\u0131yla yemek sipari\u015f edebilir. Dinamik ekran; \u00fcr\u00fcnleri g\u00fcncellemenizi, sipari\u015f durumunu payla\u015fman\u0131z\u0131 ve daha fazlas\u0131n\u0131 yapman\u0131z\u0131 sa\u011flar. SambaPOS, sipari\u015f verdikten sonra fi\u015f olu\u015fturur ve m\u00fc\u015fterileriniz tercihlerine g\u00f6re \u00f6deme yapabilir.<\/p>\n<\/div><\/div><\/div><\/div><\/div><div class=\"wpb_column vc_column_container us_custom_6b8248eb\"><div class=\"vc_column-inner\"><div class=\"w-iconbox iconpos_left style_default color_primary align_left\"><div class=\"w-iconbox-icon\" style=\"font-size:2rem;\"><i class=\"fas fa-angle-right\"><\/i><\/div><div class=\"w-iconbox-meta\"><h5 class=\"w-iconbox-title\"><b>Daha H\u0131zl\u0131 Paket Servis<\/b><\/h5><div class=\"w-iconbox-text\"><p>Ayn\u0131 anda hem restoran i\u00e7i hem de teslimat sipari\u015fleriyle ilgilenebiliyor musunuz? SambaPOS, sipari\u015flerinizi tek merkezden y\u00f6netebilmenizi sa\u011flar. Paket Servis hizmeti, i\u015flerinizi kolayla\u015ft\u0131rmak i\u00e7in SambaPOS V5 Pro ile entegre edilmi\u015ftir. Sipari\u015fleri e\u015f zamanl\u0131 olarak takip edebilir ve \u00fcr\u00fcnlerinizi sorunsuz bir \u015fekilde teslim edebilirsiniz.<\/p>\n<\/div><\/div><\/div><\/div><\/div><div class=\"wpb_column vc_column_container us_custom_6b8248eb\"><div class=\"vc_column-inner\"><div class=\"w-iconbox iconpos_left style_default color_primary align_left\"><div class=\"w-iconbox-icon\" style=\"font-size:2rem;\"><i class=\"fas fa-angle-right\"><\/i><\/div><div class=\"w-iconbox-meta\"><h5 class=\"w-iconbox-title\"><b>Stok Y\u00f6netimi<\/b><\/h5><div class=\"w-iconbox-text\"><p>SambaPOS, stokunuzu y\u00f6netmek i\u00e7in size m\u00fckemmel bir hizmet sunar. Stokunuzun takibini otomatikle\u015ftirmenize, en \u00e7ok satan \u00fcr\u00fcnleri kontrol etmenize ve stoklar\u0131n t\u00fckenmesini veya fazla stoklanmas\u0131n\u0131 \u00f6nlemenize yard\u0131mc\u0131 olur. Stoklar\u0131n\u0131z\u0131 d\u00fczenli olarak takip edin ve stoklar\u0131n\u0131z azald\u0131\u011f\u0131nda an\u0131nda uyar\u0131lar al\u0131n.<\/p>\n<\/div><\/div><\/div><\/div><\/div><\/div><div class=\"w-separator size_custom\" style=\"height:75px\"><\/div><div class=\"g-cols wpb_row via_grid cols_2 laptops-cols_inherit tablets-cols_inherit mobiles-cols_1 valign_middle type_default stacking_default\" style=\"--columns-gap:calc(3rem + 30px);\"><div class=\"wpb_column vc_column_container\"><div class=\"vc_column-inner\"><div class=\"w-image align_center\"><div class=\"w-image-h\"><img decoding=\"async\" width=\"600\" height=\"400\" src=\"https:\/\/sambapos.com\/wp-content\/uploads\/Quick-Payment-Process-and-Loyalty-Benefits.png\" class=\"attachment-large size-large\" alt=\"SambaPOS Food Truck\" loading=\"lazy\" srcset=\"https:\/\/sambapos.com\/wp-content\/uploads\/Quick-Payment-Process-and-Loyalty-Benefits.png 600w, https:\/\/sambapos.com\/wp-content\/uploads\/Quick-Payment-Process-and-Loyalty-Benefits-300x200.png 300w, https:\/\/sambapos.com\/wp-content\/uploads\/Quick-Payment-Process-and-Loyalty-Benefits-100x67.png 100w, https:\/\/sambapos.com\/wp-content\/uploads\/Quick-Payment-Process-and-Loyalty-Benefits-150x100.png 150w, https:\/\/sambapos.com\/wp-content\/uploads\/Quick-Payment-Process-and-Loyalty-Benefits-120x80.png 120w, https:\/\/sambapos.com\/wp-content\/uploads\/Quick-Payment-Process-and-Loyalty-Benefits-200x133.png 200w, https:\/\/sambapos.com\/wp-content\/uploads\/Quick-Payment-Process-and-Loyalty-Benefits-66x44.png 66w, https:\/\/sambapos.com\/wp-content\/uploads\/Quick-Payment-Process-and-Loyalty-Benefits-45x30.png 45w, https:\/\/sambapos.com\/wp-content\/uploads\/Quick-Payment-Process-and-Loyalty-Benefits-60x40.png 60w, https:\/\/sambapos.com\/wp-content\/uploads\/Quick-Payment-Process-and-Loyalty-Benefits-400x267.png 400w\" sizes=\"auto, (max-width: 600px) 100vw, 600px\" \/><\/div><\/div><\/div><\/div><div class=\"wpb_column vc_column_container\"><div class=\"vc_column-inner\"><div class=\"wpb_text_column\"><div class=\"wpb_wrapper\"><h2>H\u0131zl\u0131 \u00d6deme S\u00fcreci ve Sadakat Program\u0131 Avantajlar\u0131<\/h2>\n<p>M\u00fc\u015fterileriniz, \u00f6deme y\u00f6ntemlerini (nakit, banka\/kredi kart\u0131 ve daha fazlas\u0131) se\u00e7me \u00f6zg\u00fcrl\u00fc\u011f\u00fcne sahiptir. Bunun i\u00e7in SambaPOS, \u00e7e\u015fitli \u00f6deme s\u00fcreci entegrasyonlar\u0131 sunar. Hediye kartlar\u0131 ve sadakat programlar\u0131 ek avantajlardan baz\u0131lar\u0131d\u0131r.\u00a0 SambaPOS ile yeni m\u00fc\u015fteriler davet edebilir ve mevcut m\u00fc\u015fterileri elde tutmak i\u00e7in \u00f6zel sadakat \u00f6d\u00fclleri sunabilirsiniz.<\/p>\n<\/div><\/div><\/div><\/div><\/div><\/div><\/div><\/div><\/div><\/section><section class=\"l-section wpb_row us_custom_3b745cf9 height_auto\"><div class=\"l-section-h i-cf\"><div class=\"g-cols vc_row via_grid cols_1 laptops-cols_inherit tablets-cols_inherit mobiles-cols_1 valign_top type_default stacking_default\"><div class=\"wpb_column vc_column_container\"><div class=\"vc_column-inner\"><div class=\"w-separator size_custom\" style=\"height:75px\"><\/div><div class=\"g-cols wpb_row via_grid cols_1-4-1 laptops-cols_inherit tablets-cols_inherit mobiles-cols_1 valign_top type_default stacking_default\" style=\"--columns-gap:calc(3rem + 30px);\"><div class=\"wpb_column vc_column_container\"><div class=\"vc_column-inner\"><\/div><\/div><div class=\"wpb_column vc_column_container\"><div class=\"vc_column-inner\"><div class=\"wpb_text_column\"><div class=\"wpb_wrapper\"><h2 style=\"text-align: center;\">Geli\u015fmi\u015f Raporlama<\/h2>\n<p style=\"text-align: center;\">SambaPOS, i\u015fletmenize g\u00f6re pazarlama stratejilerinizi planlaman\u0131z i\u00e7in size \u00e7e\u015fitli raporlama ara\u00e7lar\u0131 sunar.<\/p>\n<\/div><\/div><div class=\"w-separator size_custom\" style=\"height:50px\"><\/div><\/div><\/div><div class=\"wpb_column vc_column_container\"><div class=\"vc_column-inner\"><\/div><\/div><\/div><div class=\"g-cols wpb_row via_grid cols_4 laptops-cols_inherit tablets-cols_inherit mobiles-cols_1 valign_top type_default stacking_default\" style=\"--columns-gap:3rem;\"><div class=\"wpb_column vc_column_container\"><div class=\"vc_column-inner\"><div class=\"wpb_text_column us_custom_c94870f6\"><div class=\"wpb_wrapper\"><h5 style=\"text-align: center;\"><strong>Analitik Raporlama<\/strong><\/h5>\n<\/div><\/div><div class=\"w-separator size_custom\" style=\"height:25px\"><\/div><div class=\"wpb_text_column\"><div class=\"wpb_wrapper\"><p>SambaPOS ile i\u015finizle ilgili eksiksiz, e\u015f zamanl\u0131 ve yap\u0131land\u0131r\u0131labilir analitik raporlar elde edebilirsiniz.<\/p>\n<\/div><\/div><\/div><\/div><div class=\"wpb_column vc_column_container\"><div class=\"vc_column-inner\"><div class=\"wpb_text_column us_custom_c94870f6\"><div class=\"wpb_wrapper\"><h5 style=\"text-align: center;\"><strong>Sat\u0131\u015f Raporlama<\/strong><\/h5>\n<\/div><\/div><div class=\"w-separator size_custom\" style=\"height:25px\"><\/div><div class=\"wpb_text_column\"><div class=\"wpb_wrapper\"><p>Yemek kamyonu i\u015finde sat\u0131\u015flar\u0131 y\u00f6netmek olduk\u00e7a zor olabilir. SambaPOS size detayl\u0131 sat\u0131\u015f raporu sunar. Sat\u0131\u015f performans\u0131n\u0131 takip edebilmeniz i\u00e7in kar oran\u0131n\u0131, sat\u0131\u015f \u00f6zetlerini, sat\u0131\u015flar\u0131n haftal\u0131k grafi\u011fini; i\u015finizi geli\u015ftirmenize yard\u0131mc\u0131 olmak i\u00e7in en \u00e7ok ve en az satan \u00fcr\u00fcnleri g\u00f6sterir.<\/p>\n<\/div><\/div><\/div><\/div><div class=\"wpb_column vc_column_container\"><div class=\"vc_column-inner\"><div class=\"wpb_text_column us_custom_c94870f6\"><div class=\"wpb_wrapper\"><h5 style=\"text-align: center;\"><strong>\u00d6deme Raporlama<\/strong><\/h5>\n<\/div><\/div><div class=\"w-separator size_custom\" style=\"height:25px\"><\/div><div class=\"wpb_text_column\"><div class=\"wpb_wrapper\"><p>\u0130\u015fletmenizi sorunsuz bir \u015fekilde y\u00f6netmek i\u00e7in farkl\u0131 \u00f6deme \u015fekillerini takip edebilir ve vergileri, bah\u015fi\u015fleri ve hediye kart\u0131 puanlar\u0131n\u0131 kontrol edebilirsiniz.<\/p>\n<\/div><\/div><\/div><\/div><div class=\"wpb_column vc_column_container\"><div class=\"vc_column-inner\"><div class=\"wpb_text_column us_custom_c94870f6\"><div class=\"wpb_wrapper\"><h5 style=\"text-align: center;\"><strong>M\u00fc\u015fteri Raporlama<\/strong><\/h5>\n<\/div><\/div><div class=\"w-separator size_custom\" style=\"height:25px\"><\/div><div class=\"wpb_text_column\"><div class=\"wpb_wrapper\"><p>Ad, telefon, adres gibi m\u00fc\u015fteri verilerini toplayabilir ve \u00e7\u0131k\u0131\u015f i\u015flemi s\u0131ras\u0131nda m\u00fc\u015fterilerinizden geri bildirim alabilirsiniz. B\u00f6ylece i\u015fletmenizin i\u015fleyi\u015fini renk kodlu derecelendirmelerle takip edebilirsiniz.<\/p>\n<\/div><\/div><\/div><\/div><\/div><div class=\"w-separator size_custom\" style=\"height:75px\"><\/div><\/div><\/div><\/div><\/div><\/section><section class=\"l-section wpb_row height_auto with_img\"><div class=\"l-section-img\" role=\"img\" aria-label=\"SambaPOS Food Truck\" data-img-width=\"2560\" data-img-height=\"955\" style=\"background-image: url(https:\/\/sambapos.com\/wp-content\/uploads\/Food-Truck-image-scaled.jpeg);background-position: top center;\"><\/div><div class=\"l-section-h i-cf\"><div class=\"g-cols vc_row via_grid cols_2 laptops-cols_inherit tablets-cols_inherit mobiles-cols_1 valign_top type_default stacking_default\"><div class=\"wpb_column vc_column_container\"><div class=\"vc_column-inner\"><div class=\"w-separator size_custom\" style=\"height:75px\"><\/div><div class=\"g-cols wpb_row us_custom_807de8c1 via_grid cols_1 laptops-cols_inherit tablets-cols_inherit mobiles-cols_1 valign_top type_default stacking_default\" style=\"--columns-gap:3rem;\"><div class=\"wpb_column vc_column_container\"><div class=\"vc_column-inner\"><div class=\"w-separator size_custom\" style=\"height:25px\"><\/div><div class=\"w-iconbox iconpos_left style_default color_primary align_left\"><div class=\"w-iconbox-icon\" style=\"font-size:2rem;\"><i class=\"fas fa-angle-right\"><\/i><\/div><div class=\"w-iconbox-meta\"><h5 class=\"w-iconbox-title\"><b>Destek Hizmetleri<\/b><\/h5><div class=\"w-iconbox-text\"><p>SambaPOS, teknik konularda yard\u0131mc\u0131 olmak i\u00e7in 24 saat destek hizmetleri sa\u011flar. Dok\u00fcman kayna\u011f\u0131m\u0131z ve forumumuz, \u00f6zelliklerimiz ve kullan\u0131m hakk\u0131nda ayr\u0131nt\u0131l\u0131 bilgi verir. Ayr\u0131ca herhangi bir sorunuzu e-posta yoluyla da bizlere g\u00f6nderebilirsiniz.<\/p>\n<\/div><\/div><\/div><div class=\"w-separator size_custom\" style=\"height:25px\"><\/div><\/div><\/div><\/div><div class=\"w-separator size_custom\" style=\"height:75px\"><\/div><div class=\"wpb_column vc_column_container\"><div class=\"vc_column-inner\"><\/div><\/div><\/div><\/div><div class=\"wpb_column vc_column_container\"><div class=\"vc_column-inner\"><\/div><\/div><\/div><\/div><\/section><section class=\"l-section wpb_row us_custom_3b745cf9 height_small\"><div class=\"l-section-h i-cf\"><div class=\"g-cols vc_row via_grid cols_1 laptops-cols_inherit tablets-cols_inherit mobiles-cols_1 valign_top type_default stacking_default\"><div class=\"wpb_column vc_column_container\"><div class=\"vc_column-inner\"><div class=\"w-separator size_custom\" style=\"height:75px\"><\/div><div class=\"g-cols wpb_row via_grid cols_2 laptops-cols_inherit tablets-cols_inherit mobiles-cols_1 valign_middle type_default stacking_default\" style=\"--columns-gap:calc(3rem + 30px);\"><div class=\"wpb_column vc_column_container\"><div class=\"vc_column-inner\"><div class=\"w-image align_center\"><div class=\"w-image-h\"><img decoding=\"async\" width=\"1024\" height=\"615\" src=\"https:\/\/sambapos.com\/wp-content\/uploads\/sambapos-products-copy-1024x615.png\" class=\"attachment-large size-large\" alt=\"SambaPOS Products\" loading=\"lazy\" srcset=\"https:\/\/sambapos.com\/wp-content\/uploads\/sambapos-products-copy-1024x615.png 1024w, https:\/\/sambapos.com\/wp-content\/uploads\/sambapos-products-copy-300x180.png 300w, https:\/\/sambapos.com\/wp-content\/uploads\/sambapos-products-copy-600x360.png 600w, https:\/\/sambapos.com\/wp-content\/uploads\/sambapos-products-copy-100x60.png 100w, https:\/\/sambapos.com\/wp-content\/uploads\/sambapos-products-copy-150x90.png 150w, https:\/\/sambapos.com\/wp-content\/uploads\/sambapos-products-copy-120x72.png 120w, https:\/\/sambapos.com\/wp-content\/uploads\/sambapos-products-copy-200x120.png 200w, https:\/\/sambapos.com\/wp-content\/uploads\/sambapos-products-copy-73x44.png 73w, https:\/\/sambapos.com\/wp-content\/uploads\/sambapos-products-copy-50x30.png 50w, https:\/\/sambapos.com\/wp-content\/uploads\/sambapos-products-copy-60x36.png 60w, https:\/\/sambapos.com\/wp-content\/uploads\/sambapos-products-copy-400x240.png 400w, https:\/\/sambapos.com\/wp-content\/uploads\/sambapos-products-copy.png 1333w\" sizes=\"auto, (max-width: 1024px) 100vw, 1024px\" \/><\/div><\/div><\/div><\/div><div class=\"wpb_column vc_column_container\"><div class=\"vc_column-inner\"><div class=\"wpb_text_column\"><div class=\"wpb_wrapper\"><h3>SambaPOS&#8217;u Hemen Sat\u0131n Al\u0131n!<\/h3>\n<p>SambaPOS; stok, sipari\u015f, faturaland\u0131rma ve daha fazlas\u0131 i\u00e7in pratik \u00e7\u00f6z\u00fcmlerle yemek kamyonu i\u015fletmeleriniz i\u00e7in \u00e7\u00f6z\u00fcmler ve hizmetler sunar. Hemen \u015fimdi denemek i\u00e7in <a href=\"https:\/\/cp.sambapos.com\/market\"><strong>SambaPOS sat\u0131n al\u0131n<\/strong><\/a> veya <a href=\"https:\/\/sambapos.com\/tr\/yetkili-bayi-basvurusu\/\"><strong>bayi olmak i\u00e7in ba\u015fvurun!<\/strong><\/a><\/p>\n<\/div><\/div><\/div><\/div><\/div><div class=\"w-separator size_custom\" style=\"height:75px\"><\/div><\/div><\/div><\/div><\/div><\/section>\n","protected":false},"excerpt":{"rendered":"Tekerlekli Restoranlar Yemek Kamyonu olarak da adland\u0131r\u0131lan mini i\u015fletmelerinizde SambaPOS ile t\u00fcm i\u015flemlerinizi h\u0131zland\u0131r\u0131n ve m\u00fc\u015fteri memnuniyetinizi art\u0131r\u0131n! Hareket halinde olmak i\u015finizin bir par\u00e7as\u0131 oldu\u011fundan t\u00fcm i\u015flemlerinizi her an kontrol etmek zor olabilir. SambaPOS ile internete bile ihtiya\u00e7 olmadan sipari\u015f alabilir veya stok takibi yapabilirsiniz. Tekerlekli Restoranlar Yemek Kamyonu olarak da adland\u0131r\u0131lan mini i\u015fletmelerinizde SambaPOS...","protected":false},"author":1,"featured_media":0,"parent":0,"menu_order":0,"comment_status":"closed","ping_status":"closed","template":"","meta":{"footnotes":""},"class_list":["post-13739","page","type-page","status-publish","hentry"],"_links":{"self":[{"href":"https:\/\/sambapos.com\/tr\/wp-json\/wp\/v2\/pages\/13739","targetHints":{"allow":["GET"]}}],"collection":[{"href":"https:\/\/sambapos.com\/tr\/wp-json\/wp\/v2\/pages"}],"about":[{"href":"https:\/\/sambapos.com\/tr\/wp-json\/wp\/v2\/types\/page"}],"author":[{"embeddable":true,"href":"https:\/\/sambapos.com\/tr\/wp-json\/wp\/v2\/users\/1"}],"replies":[{"embeddable":true,"href":"https:\/\/sambapos.com\/tr\/wp-json\/wp\/v2\/comments?post=13739"}],"version-history":[{"count":5,"href":"https:\/\/sambapos.com\/tr\/wp-json\/wp\/v2\/pages\/13739\/revisions"}],"predecessor-version":[{"id":15901,"href":"https:\/\/sambapos.com\/tr\/wp-json\/wp\/v2\/pages\/13739\/revisions\/15901"}],"wp:attachment":[{"href":"https:\/\/sambapos.com\/tr\/wp-json\/wp\/v2\/media?parent=13739"}],"curies":[{"name":"wp","href":"https:\/\/api.w.org\/{rel}","templated":true}]}}