{"id":13737,"date":"2022-02-07T09:54:50","date_gmt":"2022-02-07T09:54:50","guid":{"rendered":"https:\/\/sambapos.com\/sambapos-delivery\/"},"modified":"2023-10-11T07:10:57","modified_gmt":"2023-10-11T07:10:57","slug":"sambapos-paket-servis","status":"publish","type":"page","link":"https:\/\/sambapos.com\/tr\/sambapos-paket-servis\/","title":{"rendered":"SambaPOS: Paket Servis"},"content":{"rendered":"<section class=\"l-section wpb_row us_custom_bc4b4ad4 hide_on_tablets hide_on_mobiles height_small\"><div class=\"l-section-h i-cf\"><div class=\"g-cols vc_row via_grid cols_1 laptops-cols_inherit tablets-cols_inherit mobiles-cols_1 valign_top type_default stacking_default\" style=\"--columns-gap:30rem;\"><div class=\"wpb_column vc_column_container\"><div class=\"vc_column-inner\"><div class=\"g-cols wpb_row via_grid cols_2 laptops-cols_inherit tablets-cols_inherit mobiles-cols_1 valign_middle type_default stacking_default\" style=\"--columns-gap:calc(3rem + 30px);\"><div class=\"wpb_column vc_column_container us_custom_8941bddd\"><div class=\"vc_column-inner\"><div class=\"wpb_text_column\"><div class=\"wpb_wrapper\"><h1><span style=\"color: #ff3131;\">SambaPOS: \u0130\u015fletmeniz i\u00e7in En \u0130yi POS Sistemi<\/span><\/h1>\n<\/div><\/div><div class=\"w-separator size_custom\" style=\"height:25px\"><\/div><div class=\"wpb_text_column us_custom_1e0e9307\"><div class=\"wpb_wrapper\"><p><strong>SambaPOS, restoranlar i\u00e7in \u0130svi\u00e7re \u00e7ak\u0131s\u0131 gibidir.<\/strong><\/p>\n<\/div><\/div><div class=\"w-separator size_custom\" style=\"height:25px\"><\/div><div class=\"wpb_text_column\"><div class=\"wpb_wrapper\"><p>SambaPOS, sizin m\u00fc\u015fterilerinizle olan etkile\u015fiminizi art\u0131rmak ve onlara verece\u011finiz hizmetin kalitesini art\u0131rmak i\u00e7in tasarlanm\u0131\u015ft\u0131r. Bunun i\u00e7in SambaPOS sadece restoran i\u00e7i sipari\u015flerinizi de\u011fil ayn\u0131 zamanda online sipari\u015flerinizi y\u00f6netebilmeniz i\u00e7in de harika bir ara\u00e7t\u0131r.<\/p>\n<p>M\u00fc\u015fterilerinizin, ak\u0131ll\u0131 telefonlar veya di\u011fer cihazlar arac\u0131l\u0131\u011f\u0131yla Yemek Sepeti gibi pop\u00fcler yemek da\u011f\u0131t\u0131m firmalar\u0131ndan verdikleri online sipari\u015fler an\u0131nda SambaPOS\u2019a d\u00fc\u015fer. Ayr\u0131ca di\u011fer yemek da\u011f\u0131t\u0131m firmalar\u0131 da SambaPOS ile entegre edilebilir.<\/p>\n<\/div><\/div><\/div><\/div><div class=\"wpb_column vc_column_container\"><div class=\"vc_column-inner\"><\/div><\/div><\/div><div class=\"w-separator size_custom\" style=\"height:75px\"><\/div><\/div><\/div><\/div><\/div><\/section><section class=\"l-section wpb_row hide_on_default hide_on_laptops height_large\"><div class=\"l-section-h i-cf\"><div class=\"g-cols vc_row via_grid cols_1 laptops-cols_inherit tablets-cols_inherit mobiles-cols_1 valign_top type_default stacking_default\" style=\"--columns-gap:30rem;\"><div class=\"wpb_column vc_column_container\"><div class=\"vc_column-inner\"><div class=\"g-cols wpb_row via_grid cols_1 laptops-cols_inherit tablets-cols_inherit mobiles-cols_1 valign_middle type_default stacking_default\" style=\"--columns-gap:calc(3rem + 30px);\"><div class=\"wpb_column vc_column_container\"><div class=\"vc_column-inner\"><div class=\"w-separator size_custom\" style=\"height:75px\"><\/div><div class=\"wpb_text_column\"><div class=\"wpb_wrapper\"><h1><span style=\"color: #ff3131;\">SambaPOS: \u0130\u015fletmeniz i\u00e7in En \u0130yi POS Sistemi<\/span><\/h1>\n<\/div><\/div><div class=\"w-separator size_custom\" style=\"height:25px\"><\/div><div class=\"wpb_text_column us_custom_1e0e9307\"><div class=\"wpb_wrapper\"><p><strong>SambaPOS, restoranlar i\u00e7in \u0130svi\u00e7re \u00e7ak\u0131s\u0131 gibidir.<\/strong><\/p>\n<\/div><\/div><div class=\"w-separator size_custom\" style=\"height:25px\"><\/div><div class=\"wpb_text_column\"><div class=\"wpb_wrapper\"><p>SambaPOS, sizin m\u00fc\u015fterilerinizle olan etkile\u015fiminizi art\u0131rmak ve onlara verece\u011finiz hizmetin kalitesini art\u0131rmak i\u00e7in tasarlanm\u0131\u015ft\u0131r. Bunun i\u00e7in SambaPOS sadece restoran i\u00e7i sipari\u015flerinizi de\u011fil ayn\u0131 zamanda online sipari\u015flerinizi y\u00f6netebilmeniz i\u00e7in de harika bir ara\u00e7t\u0131r.<\/p>\n<p>M\u00fc\u015fterilerinizin, ak\u0131ll\u0131 telefonlar veya di\u011fer cihazlar arac\u0131l\u0131\u011f\u0131yla Yemek Sepeti gibi pop\u00fcler yemek da\u011f\u0131t\u0131m firmalar\u0131ndan verdikleri online sipari\u015fler an\u0131nda SambaPOS\u2019a d\u00fc\u015fer. Ayr\u0131ca di\u011fer yemek da\u011f\u0131t\u0131m firmalar\u0131 da SambaPOS ile entegre edilebilir.<\/p>\n<\/div><\/div><\/div><\/div><\/div><\/div><\/div><\/div><\/div><\/section><section class=\"l-section wpb_row us_custom_3b745cf9 height_auto\"><div class=\"l-section-h i-cf\"><div class=\"g-cols vc_row via_grid cols_1 laptops-cols_inherit tablets-cols_inherit mobiles-cols_1 valign_top type_default stacking_default\"><div class=\"wpb_column vc_column_container\"><div class=\"vc_column-inner\"><div class=\"g-cols wpb_row via_grid cols_2 laptops-cols_inherit tablets-cols_inherit mobiles-cols_1 valign_middle type_default stacking_default\" style=\"--columns-gap:calc(3rem + 30px);\"><div class=\"wpb_column vc_column_container\"><div class=\"vc_column-inner\"><div class=\"w-image align_center\"><div class=\"w-image-h\"><img decoding=\"async\" width=\"600\" height=\"607\" src=\"https:\/\/sambapos.com\/wp-content\/uploads\/RestaurantType-SambaPOS-Delivery-image.png\" class=\"attachment-large size-large\" alt=\"SambaPOS Delivery\" loading=\"lazy\" srcset=\"https:\/\/sambapos.com\/wp-content\/uploads\/RestaurantType-SambaPOS-Delivery-image.png 600w, https:\/\/sambapos.com\/wp-content\/uploads\/RestaurantType-SambaPOS-Delivery-image-297x300.png 297w, https:\/\/sambapos.com\/wp-content\/uploads\/RestaurantType-SambaPOS-Delivery-image-395x400.png 395w, https:\/\/sambapos.com\/wp-content\/uploads\/RestaurantType-SambaPOS-Delivery-image-100x101.png 100w, https:\/\/sambapos.com\/wp-content\/uploads\/RestaurantType-SambaPOS-Delivery-image-150x152.png 150w, https:\/\/sambapos.com\/wp-content\/uploads\/RestaurantType-SambaPOS-Delivery-image-120x121.png 120w, https:\/\/sambapos.com\/wp-content\/uploads\/RestaurantType-SambaPOS-Delivery-image-200x202.png 200w, https:\/\/sambapos.com\/wp-content\/uploads\/RestaurantType-SambaPOS-Delivery-image-43x44.png 43w, https:\/\/sambapos.com\/wp-content\/uploads\/RestaurantType-SambaPOS-Delivery-image-30x30.png 30w, https:\/\/sambapos.com\/wp-content\/uploads\/RestaurantType-SambaPOS-Delivery-image-60x61.png 60w, https:\/\/sambapos.com\/wp-content\/uploads\/RestaurantType-SambaPOS-Delivery-image-400x405.png 400w\" sizes=\"auto, (max-width: 600px) 100vw, 600px\" \/><\/div><\/div><\/div><\/div><div class=\"wpb_column vc_column_container\"><div class=\"vc_column-inner\"><div class=\"wpb_text_column\"><div class=\"wpb_wrapper\"><h2>Geli\u015fmi\u015f \u00f6zellikler<\/h2>\n<ul>\n<li>Caller ID<\/li>\n<li>H\u0131zl\u0131 \u00d6deme Butonlar\u0131<\/li>\n<li>Kolay Men\u00fc<\/li>\n<li>Paket Servis Takip Ekran\u0131<\/li>\n<li>M\u00fc\u015fteri Adresi Aratma<\/li>\n<li>Sadakat Programlar\u0131<\/li>\n<\/ul>\n<\/div><\/div><\/div><\/div><\/div><\/div><\/div><\/div><\/div><\/section><section class=\"l-section wpb_row us_custom_aa414d8c height_auto\"><div class=\"l-section-h i-cf\"><div class=\"g-cols vc_row via_grid cols_1 laptops-cols_inherit tablets-cols_inherit mobiles-cols_1 valign_top type_default stacking_default\" style=\"--columns-gap:2rem;\"><div class=\"wpb_column vc_column_container\"><div class=\"vc_column-inner\"><div class=\"w-separator size_custom\" style=\"height:75px\"><\/div><div class=\"g-cols wpb_row via_grid cols_3 laptops-cols_inherit tablets-cols_inherit mobiles-cols_1 valign_top type_default stacking_default\" style=\"--columns-gap:3rem;\"><div class=\"wpb_column vc_column_container us_custom_6b8248eb\"><div class=\"vc_column-inner\"><div class=\"wpb_text_column\"><div class=\"wpb_wrapper\"><h5><strong>Gel Al ve Paket Servis<\/strong><\/h5>\n<p>SambaPOS\u2019un geli\u015fmi\u015f Gel Al \u00f6zellikleriyle m\u00fc\u015fterileriniz sipari\u015flerini gelmeden \u00f6nce verebilir ve kendileri teslim alabilir. Ayr\u0131ca Paket Servis ile m\u00fc\u015fterileriniz cep telefonlar\u0131 \u00fczerinden men\u00fcn\u00fcze kolayl\u0131kla eri\u015fim sa\u011flayabilir ve online olarak sipari\u015flerini verebilir.<\/p>\n<\/div><\/div><\/div><\/div><div class=\"wpb_column vc_column_container us_custom_6b8248eb\"><div class=\"vc_column-inner\"><div class=\"wpb_text_column\"><div class=\"wpb_wrapper\"><h5><strong>Sipari\u015f Y\u00f6netimi<\/strong><\/h5>\n<p>\u00d6zelle\u015ftirilebilir ekranlara ve tekrarlanan i\u015flemlere kolay eri\u015fim ile sorunsuz sipari\u015fler sa\u011flayabilir ve birden fazla sipari\u015fi tek bir ekranda g\u00f6r\u00fcnt\u00fcleyebilirsiniz. M\u00fc\u015fteri, sipari\u015f verdi\u011finde sipari\u015f detaylar\u0131 mutfa\u011f\u0131n\u0131z\u0131n SambaPOS kurulu ekran\u0131na veya monit\u00f6r\u00fcne otomatik olarak yans\u0131r. Sipari\u015f detaylar\u0131 da SambaPOS&#8217;a ba\u011fl\u0131 yaz\u0131c\u0131ya yans\u0131r. SambaPOS&#8217;un geli\u015fmi\u015f raporlama \u00f6zelli\u011fi ile e\u015f zamanl\u0131 verilerden faydalanabilir ve i\u015fletmenizin paket servisinin hangi y\u00f6n\u00fcne daha fazla dikkat edilmesi gerekti\u011fine karar verebilirsiniz. SambaPOS, i\u015fletmenizin online sipari\u015flerinin veya paket servislerinin e\u015f zamanl\u0131 verilerini saklaman\u0131n yan\u0131 s\u0131ra sipari\u015f ayr\u0131nt\u0131lar\u0131n\u0131 de\u011fi\u015ftirmenize ve fiyatland\u0131rmay\u0131 g\u00fcncellemenize olanak sa\u011flar.<\/p>\n<\/div><\/div><\/div><\/div><div class=\"wpb_column vc_column_container us_custom_6b8248eb\"><div class=\"vc_column-inner\"><div class=\"wpb_text_column\"><div class=\"wpb_wrapper\"><h5><strong>\u00d6deme Y\u00f6netimi<\/strong><\/h5>\n<p>S\u00fcrekli geli\u015fen teknoloji d\u00fcnyas\u0131nda, i\u015fletmelerin birden fazla \u00f6deme se\u00e7ene\u011fine sahip olmas\u0131 her zamankinden daha \u00f6nemli. SambaPOS ile herhangi bir teknoloji ile uyumlu \u00e7oklu \u00f6deme se\u00e7enekleri sa\u011flayabilirsiniz. Ayr\u0131ca baz\u0131 uygulamalar\u0131 kendi sisteminize entegre ederek m\u00fc\u015fterilerinize daha fazla \u00f6deme se\u00e7ene\u011fi sunabilirsiniz.<\/p>\n<\/div><\/div><\/div><\/div><\/div><\/div><\/div><\/div><\/div><\/section><section class=\"l-section wpb_row us_custom_3b745cf9 height_auto\"><div class=\"l-section-h i-cf\"><div class=\"g-cols vc_row via_grid cols_1 laptops-cols_inherit tablets-cols_inherit mobiles-cols_1 valign_top type_default stacking_default\"><div class=\"wpb_column vc_column_container\"><div class=\"vc_column-inner\"><div class=\"w-separator size_custom\" style=\"height:75px\"><\/div><div class=\"g-cols wpb_row via_grid cols_2 laptops-cols_inherit tablets-cols_inherit mobiles-cols_1 valign_middle type_default stacking_default\" style=\"--columns-gap:calc(3rem + 30px);\"><div class=\"wpb_column vc_column_container\"><div class=\"vc_column-inner\"><div class=\"w-image align_center\"><div class=\"w-image-h\"><img decoding=\"async\" width=\"1024\" height=\"615\" src=\"https:\/\/sambapos.com\/wp-content\/uploads\/sambapos-products-copy-1024x615.png\" class=\"attachment-large size-large\" alt=\"SambaPOS Products\" loading=\"lazy\" srcset=\"https:\/\/sambapos.com\/wp-content\/uploads\/sambapos-products-copy-1024x615.png 1024w, https:\/\/sambapos.com\/wp-content\/uploads\/sambapos-products-copy-300x180.png 300w, https:\/\/sambapos.com\/wp-content\/uploads\/sambapos-products-copy-600x360.png 600w, https:\/\/sambapos.com\/wp-content\/uploads\/sambapos-products-copy-100x60.png 100w, https:\/\/sambapos.com\/wp-content\/uploads\/sambapos-products-copy-150x90.png 150w, https:\/\/sambapos.com\/wp-content\/uploads\/sambapos-products-copy-120x72.png 120w, https:\/\/sambapos.com\/wp-content\/uploads\/sambapos-products-copy-200x120.png 200w, https:\/\/sambapos.com\/wp-content\/uploads\/sambapos-products-copy-73x44.png 73w, https:\/\/sambapos.com\/wp-content\/uploads\/sambapos-products-copy-50x30.png 50w, https:\/\/sambapos.com\/wp-content\/uploads\/sambapos-products-copy-60x36.png 60w, https:\/\/sambapos.com\/wp-content\/uploads\/sambapos-products-copy-400x240.png 400w, https:\/\/sambapos.com\/wp-content\/uploads\/sambapos-products-copy.png 1333w\" sizes=\"auto, (max-width: 1024px) 100vw, 1024px\" \/><\/div><\/div><\/div><\/div><div class=\"wpb_column vc_column_container\"><div class=\"vc_column-inner\"><div class=\"wpb_text_column\"><div class=\"wpb_wrapper\"><div class=\"icerik\">\n<div id=\"articleContentDiv_FDbL5BmADgayIsi4oyuMRmRU9G9Dl4\" class=\"icerik_text\" data-entity=\"detailEntity_kUryFvRvm00KILlhf9ySj4dGouBQma\" data-field=\"ContentArticle\" data-auto-hide=\"true\">\n<div class=\"publisherHtmlBeautify\" data-entity=\"detailEntity_kUryFvRvm00KILlhf9ySj4dGouBQma\" data-field=\"ContentArticle\" data-display=\"html\">\n<h3>Teslimat Y\u00f6netimi<\/h3>\n<p>Teknoloji sayesinde d\u00fcnya art\u0131k \u00e7ok \u201ck\u00fc\u00e7\u00fck\u201d! \u0130nsanlar art\u0131k yiyeceklerini birka\u00e7 dakika i\u00e7inde herhangi bir yerden sipari\u015f edebiliyor. Paket servis veya gel al hizmeti sunan restoranlar i\u00e7in bu durum ola\u011fan\u00fcst\u00fcd\u00fcr. Paket servis, sipari\u015flerinizin her zaman do\u011fru s\u0131cakl\u0131kta teslim edilmesini sa\u011flamak i\u00e7in tasarlanm\u0131\u015ft\u0131r. Sipari\u015f rotalar\u0131n\u0131 de\u011ferlendirerek zaman\u0131nda teslimat i\u00e7in s\u00fcr\u00fcc\u00fcler atayabilir, onlar\u0131 takip edebilir ve teslimat durumunu e\u015f zamanl\u0131 izleyebilirsiniz. Bu sayede i\u015fletmenizin online sipari\u015fleri \u00fczerinde ayarlamalar yapabilir ve kar oran\u0131n\u0131z\u0131 art\u0131rabilirsiniz. Ayr\u0131ca SambaPOS, t\u00fcm online paket servis standartlar\u0131n\u0131 kar\u015f\u0131laman\u0131za yard\u0131mc\u0131 olur.<\/p>\n<p>Daha fazlas\u0131 i\u00e7in\u00a0<a href=\"https:\/\/cp.sambapos.com\/market\"><strong>SambaPOS sat\u0131n al\u0131n<\/strong><\/a> veya<a href=\"https:\/\/sambapos.com\/tr\/yetkili-bayi-basvurusu\/\"> <strong>bayi olmak i\u00e7in ba\u015fvurun!<\/strong><\/a><\/p>\n<\/div>\n<\/div>\n<\/div>\n<\/div><\/div><\/div><\/div><\/div><div class=\"w-separator size_custom\" style=\"height:75px\"><\/div><\/div><\/div><\/div><\/div><\/section>\n","protected":false},"excerpt":{"rendered":"SambaPOS: \u0130\u015fletmeniz i\u00e7in En \u0130yi POS Sistemi SambaPOS, restoranlar i\u00e7in \u0130svi\u00e7re \u00e7ak\u0131s\u0131 gibidir. SambaPOS, sizin m\u00fc\u015fterilerinizle olan etkile\u015fiminizi art\u0131rmak ve onlara verece\u011finiz hizmetin kalitesini art\u0131rmak i\u00e7in tasarlanm\u0131\u015ft\u0131r. Bunun i\u00e7in SambaPOS sadece restoran i\u00e7i sipari\u015flerinizi de\u011fil ayn\u0131 zamanda online sipari\u015flerinizi y\u00f6netebilmeniz i\u00e7in de harika bir ara\u00e7t\u0131r. M\u00fc\u015fterilerinizin, ak\u0131ll\u0131 telefonlar veya di\u011fer cihazlar arac\u0131l\u0131\u011f\u0131yla Yemek Sepeti gibi...","protected":false},"author":1,"featured_media":0,"parent":0,"menu_order":0,"comment_status":"closed","ping_status":"closed","template":"","meta":{"footnotes":""},"class_list":["post-13737","page","type-page","status-publish","hentry"],"_links":{"self":[{"href":"https:\/\/sambapos.com\/tr\/wp-json\/wp\/v2\/pages\/13737","targetHints":{"allow":["GET"]}}],"collection":[{"href":"https:\/\/sambapos.com\/tr\/wp-json\/wp\/v2\/pages"}],"about":[{"href":"https:\/\/sambapos.com\/tr\/wp-json\/wp\/v2\/types\/page"}],"author":[{"embeddable":true,"href":"https:\/\/sambapos.com\/tr\/wp-json\/wp\/v2\/users\/1"}],"replies":[{"embeddable":true,"href":"https:\/\/sambapos.com\/tr\/wp-json\/wp\/v2\/comments?post=13737"}],"version-history":[{"count":4,"href":"https:\/\/sambapos.com\/tr\/wp-json\/wp\/v2\/pages\/13737\/revisions"}],"predecessor-version":[{"id":15925,"href":"https:\/\/sambapos.com\/tr\/wp-json\/wp\/v2\/pages\/13737\/revisions\/15925"}],"wp:attachment":[{"href":"https:\/\/sambapos.com\/tr\/wp-json\/wp\/v2\/media?parent=13737"}],"curies":[{"name":"wp","href":"https:\/\/api.w.org\/{rel}","templated":true}]}}