{"id":13736,"date":"2021-11-29T08:24:23","date_gmt":"2021-11-29T08:24:23","guid":{"rendered":"https:\/\/sambapos.com\/pool-aquapark\/"},"modified":"2023-10-10T13:55:38","modified_gmt":"2023-10-10T13:55:38","slug":"aquapark","status":"publish","type":"page","link":"https:\/\/sambapos.com\/tr\/aquapark\/","title":{"rendered":"Aquapark"},"content":{"rendered":"<section class=\"l-section wpb_row us_custom_fe08b39b hide_on_tablets hide_on_mobiles height_huge\"><div class=\"l-section-h i-cf\"><div class=\"g-cols vc_row via_grid cols_1 laptops-cols_inherit tablets-cols_inherit mobiles-cols_1 valign_top type_default stacking_default\" style=\"--columns-gap:30rem;\"><div class=\"wpb_column vc_column_container\"><div class=\"vc_column-inner\"><div class=\"g-cols wpb_row via_grid cols_2 laptops-cols_inherit tablets-cols_inherit mobiles-cols_1 valign_middle type_default stacking_default\" style=\"--columns-gap:calc(3rem + 30px);\"><div class=\"wpb_column vc_column_container us_custom_862028bc\"><div class=\"vc_column-inner\"><div class=\"wpb_text_column\"><div class=\"wpb_wrapper\"><h1><span style=\"color: #ff3131;\">Aquapark<\/span><\/h1>\n<\/div><\/div><div class=\"w-separator size_custom\" style=\"height:25px\"><\/div><div class=\"wpb_text_column us_custom_1e0e9307\"><div class=\"wpb_wrapper\"><p><strong>Aquapark \u0130\u015fletmeniz i\u00e7in M\u00fc\u015fteri Memnuniyetinizi Art\u0131r\u0131n!<\/strong><\/p>\n<\/div><\/div><div class=\"w-separator size_custom\" style=\"height:25px\"><\/div><div class=\"wpb_text_column\"><div class=\"wpb_wrapper\"><p>Hizmet sekt\u00f6r\u00fcndeki herhangi bir i\u015fletmenin ba\u015far\u0131s\u0131n\u0131 tan\u0131mlayan temel \u015fey m\u00fckemmel bir m\u00fc\u015fteri hizmeti sunmakt\u0131r. SambaPOS ile daha iyi bir m\u00fc\u015fteri memnuniyeti i\u00e7in havuz ba\u015f\u0131 i\u015fletmenizi d\u00fczene sokabilir ve kritik s\u00fcre\u00e7leri basitle\u015ftirebilirsiniz.<\/p>\n<\/div><\/div><\/div><\/div><div class=\"wpb_column vc_column_container\"><div class=\"vc_column-inner\"><\/div><\/div><\/div><div class=\"w-separator size_custom\" style=\"height:25px\"><\/div><\/div><\/div><\/div><\/div><\/section><section class=\"l-section wpb_row hide_on_default hide_on_laptops height_large\"><div class=\"l-section-h i-cf\"><div class=\"g-cols vc_row via_grid cols_1 laptops-cols_inherit tablets-cols_inherit mobiles-cols_1 valign_top type_default stacking_default\" style=\"--columns-gap:30rem;\"><div class=\"wpb_column vc_column_container\"><div class=\"vc_column-inner\"><div class=\"g-cols wpb_row via_grid cols_1 laptops-cols_inherit tablets-cols_inherit mobiles-cols_1 valign_middle type_default stacking_default\" style=\"--columns-gap:calc(3rem + 30px);\"><div class=\"wpb_column vc_column_container\"><div class=\"vc_column-inner\"><div class=\"w-separator size_custom\" style=\"height:75px\"><\/div><div class=\"wpb_text_column\"><div class=\"wpb_wrapper\"><h1><span style=\"color: #ff3131;\">Aquapark<\/span><\/h1>\n<\/div><\/div><div class=\"w-separator size_custom\" style=\"height:25px\"><\/div><div class=\"wpb_text_column us_custom_1e0e9307\"><div class=\"wpb_wrapper\"><p><strong>Aquapark \u0130\u015fletmeniz i\u00e7in M\u00fc\u015fteri Memnuniyetinizi Art\u0131r\u0131n!<\/strong><\/p>\n<\/div><\/div><div class=\"w-separator size_custom\" style=\"height:25px\"><\/div><div class=\"wpb_text_column\"><div class=\"wpb_wrapper\"><p>Hizmet sekt\u00f6r\u00fcndeki herhangi bir i\u015fletmenin ba\u015far\u0131s\u0131n\u0131 tan\u0131mlayan temel \u015fey m\u00fckemmel bir m\u00fc\u015fteri hizmeti sunmakt\u0131r. SambaPOS ile daha iyi bir m\u00fc\u015fteri memnuniyeti i\u00e7in havuz ba\u015f\u0131 i\u015fletmenizi d\u00fczene sokabilir ve kritik s\u00fcre\u00e7leri basitle\u015ftirebilirsiniz.<\/p>\n<\/div><\/div><\/div><\/div><\/div><\/div><\/div><\/div><\/div><\/section><section class=\"l-section wpb_row us_custom_3b745cf9 height_auto\"><div class=\"l-section-h i-cf\"><div class=\"g-cols vc_row via_grid cols_1 laptops-cols_inherit tablets-cols_inherit mobiles-cols_1 valign_top type_default stacking_default\"><div class=\"wpb_column vc_column_container\"><div class=\"vc_column-inner\"><div class=\"w-separator hide_on_tablets hide_on_mobiles size_custom\" style=\"height:75px\"><\/div><div class=\"g-cols wpb_row via_grid cols_2 laptops-cols_inherit tablets-cols_inherit mobiles-cols_1 valign_middle type_default stacking_default\" style=\"--columns-gap:calc(3rem + 30px);\"><div class=\"wpb_column vc_column_container\"><div class=\"vc_column-inner\"><div class=\"w-image align_center\"><div class=\"w-image-h\"><img decoding=\"async\" width=\"600\" height=\"400\" src=\"https:\/\/sambapos.com\/wp-content\/uploads\/Pool-Aquapark-image.png\" class=\"attachment-large size-large\" alt=\"SambaPOS Pool Aquapark\" loading=\"lazy\" srcset=\"https:\/\/sambapos.com\/wp-content\/uploads\/Pool-Aquapark-image.png 600w, https:\/\/sambapos.com\/wp-content\/uploads\/Pool-Aquapark-image-300x200.png 300w, https:\/\/sambapos.com\/wp-content\/uploads\/Pool-Aquapark-image-100x67.png 100w, https:\/\/sambapos.com\/wp-content\/uploads\/Pool-Aquapark-image-150x100.png 150w, https:\/\/sambapos.com\/wp-content\/uploads\/Pool-Aquapark-image-120x80.png 120w, https:\/\/sambapos.com\/wp-content\/uploads\/Pool-Aquapark-image-200x133.png 200w, https:\/\/sambapos.com\/wp-content\/uploads\/Pool-Aquapark-image-66x44.png 66w, https:\/\/sambapos.com\/wp-content\/uploads\/Pool-Aquapark-image-45x30.png 45w, https:\/\/sambapos.com\/wp-content\/uploads\/Pool-Aquapark-image-60x40.png 60w, https:\/\/sambapos.com\/wp-content\/uploads\/Pool-Aquapark-image-400x267.png 400w\" sizes=\"auto, (max-width: 600px) 100vw, 600px\" \/><\/div><\/div><\/div><\/div><div class=\"wpb_column vc_column_container\"><div class=\"vc_column-inner\"><div class=\"wpb_text_column\"><div class=\"wpb_wrapper\"><h2>\u00d6n \u00d6demeli Sistem ile Nakit \u00d6demeleri Ortadan Kald\u0131r\u0131n<\/h2>\n<p>Havuzda veya plajda nakit ta\u015f\u0131mak ve ba\u015fka bir yere b\u0131rakmak m\u00fc\u015fteriler i\u00e7in olduk\u00e7a sak\u0131ncal\u0131d\u0131r. Havuz ba\u015f\u0131ndaki bardan bir \u015feyler sat\u0131n almak veya y\u00fczd\u00fckten sonra bir \u015feyler at\u0131\u015ft\u0131rmak isteyebilirler. SambaPOS ile m\u00fc\u015fterileriniz aquaparka giri\u015ften \u00f6nce kendilerine verilen kartlara kont\u00f6r y\u00fckleyebilir ve yanlar\u0131nda nakit ta\u015f\u0131ma ihtiya\u00e7lar\u0131n\u0131 ortadan kald\u0131rabilirler. Havuz kenar\u0131nda yiyecek ve i\u00e7ecek sat\u0131n almak i\u00e7in kart\u0131 \u00e7e\u015fitli \u00f6deme noktalar\u0131nda kullanabilirler. Bu da m\u00fc\u015fteri memnuniyetinin artmas\u0131n\u0131 sa\u011flar.<\/p>\n<\/div><\/div><\/div><\/div><\/div><div class=\"w-separator size_custom\" style=\"height:75px\"><\/div><div class=\"g-cols wpb_row via_grid cols_2 laptops-cols_inherit tablets-cols_inherit mobiles-cols_1 valign_middle type_default stacking_default\" style=\"--columns-gap:calc(3rem + 30px);\"><div class=\"wpb_column vc_column_container us_custom_6b8248eb\"><div class=\"vc_column-inner\"><div class=\"w-iconbox iconpos_left style_default color_primary align_left\"><div class=\"w-iconbox-icon\" style=\"font-size:2rem;\"><i class=\"fas fa-angle-right\"><\/i><\/div><div class=\"w-iconbox-meta\"><p class=\"w-iconbox-title\"><b>Daha \u0130yi M\u00fc\u015fteri Deneyimi \u0130\u00e7in \u00d6zel D\u00fczen<\/b><\/p><div class=\"w-iconbox-text\"><p>Daha keyifli bir m\u00fc\u015fteri deneyimi i\u00e7in havuz ba\u015f\u0131 i\u015fletmenizi \u00f6zelle\u015ftirebilirsiniz. Daha h\u0131zl\u0131 hizmet verebilmek i\u00e7in oturma d\u00fczenini de\u011fi\u015ftirebilir ve d\u00fczenleyebilirsiniz. D\u00fczenlemeler, uygulanmadan \u00f6nce tasarlanabilir ve de\u011fi\u015ftirilebilir. SambaPOS, oturma d\u00fczenini de\u011fi\u015ftirme \u00e7abalar\u0131n\u0131z\u0131n bo\u015fa gitmemesine ve daha y\u00fcksek verimlilik alman\u0131za yard\u0131mc\u0131 olur.<\/p>\n<\/div><\/div><\/div><\/div><\/div><div class=\"wpb_column vc_column_container us_custom_6b8248eb\"><div class=\"vc_column-inner\"><div class=\"w-iconbox iconpos_left style_default color_primary align_left\"><div class=\"w-iconbox-icon\" style=\"font-size:2rem;\"><i class=\"fas fa-angle-right\"><\/i><\/div><div class=\"w-iconbox-meta\"><p class=\"w-iconbox-title\"><b>\u00d6zel Sipari\u015fler Haz\u0131rlayarak T\u00fcm M\u00fc\u015fterilerinizi Memnun Edin<\/b><\/p><div class=\"w-iconbox-text\"><p>M\u00fc\u015fterilerinize sunulan yemeklerin kalitesi, bir i\u015fletmenin belki de en kritik yan\u0131d\u0131r. M\u00fc\u015fterilerinizin i\u015fletmenize tekrar gelmelerini sa\u011flamak i\u00e7in \u00fcr\u00fcnlerinizin kalitesinin verdi\u011finiz hizmetlerle uyumlu olmas\u0131 gerekir. SambaPOS ile yemek men\u00fcs\u00fcne de\u011fi\u015fken se\u00e7enekler ekleyerek m\u00fc\u015fterilerinize daha fazla \u00e7e\u015fit aras\u0131ndan se\u00e7im yapma imk\u00e2n\u0131 sunabilirsiniz. Ayr\u0131ca, misafirinizin be\u011fenisine g\u00f6re belirli bir yeme\u011fe eklenebilecek \u00e7e\u015fitli soslar\u0131, baharatlar\u0131 vb. ekranda g\u00f6r\u00fcnt\u00fcleyebilirsiniz.<\/p>\n<\/div><\/div><\/div><\/div><\/div><\/div><div class=\"w-separator size_custom\" style=\"height:75px\"><\/div><\/div><\/div><\/div><\/div><\/section><section class=\"l-section wpb_row height_auto with_img\"><div class=\"l-section-img\" role=\"img\" aria-label=\"SambaPOS Pool Aquapark\" data-img-width=\"1254\" data-img-height=\"836\" style=\"background-image: url(https:\/\/sambapos.com\/wp-content\/uploads\/Pool-Aquaparkx2.jpeg);\"><\/div><div class=\"l-section-h i-cf\"><div class=\"g-cols vc_row via_grid cols_2 laptops-cols_inherit tablets-cols_inherit mobiles-cols_1 valign_top type_default stacking_default\"><div class=\"wpb_column vc_column_container\"><div class=\"vc_column-inner\"><div class=\"w-separator size_custom\" style=\"height:75px\"><\/div><div class=\"g-cols wpb_row us_custom_807de8c1 via_grid cols_1 laptops-cols_inherit tablets-cols_inherit mobiles-cols_1 valign_top type_default stacking_default\" style=\"--columns-gap:3rem;\"><div class=\"wpb_column vc_column_container\"><div class=\"vc_column-inner\"><div class=\"w-separator size_custom\" style=\"height:25px\"><\/div><div class=\"w-iconbox iconpos_left style_default color_primary align_left\"><div class=\"w-iconbox-icon\" style=\"font-size:2rem;\"><i class=\"fas fa-angle-right\"><\/i><\/div><div class=\"w-iconbox-meta\"><p class=\"w-iconbox-title\"><b>Aquapark \u0130\u015fletmeniz \u0130\u00e7in Size \u00d6zel \u00c7\u00f6z\u00fcmler<\/b><\/p><div class=\"w-iconbox-text\"><p>\u00d6zellikle \u00f6n \u00f6demeli bir \u00f6deme sisteminiz yoksa havuz ba\u015f\u0131nda zorlu i\u015flemleri y\u00f6netmek can s\u0131k\u0131c\u0131 olabilir. SambaPOS ile m\u00fc\u015fterilerinizin sipari\u015flerini do\u011fru bir \u015fekilde takip edebilir ve m\u00fc\u015fterilerinizin havuz ba\u015f\u0131nda sipari\u015f verirken \u201cen \u00e7ok satan\u201d \u00fcr\u00fcnleri \u00f6\u011frenmelerine yard\u0131mc\u0131 olabilirsiniz. Bu sayede en se\u00e7kin yemeklerinizi m\u00fc\u015fterilerinize tan\u0131tabilirsiniz.<\/p>\n<\/div><\/div><\/div><div class=\"w-separator size_custom\" style=\"height:25px\"><\/div><\/div><\/div><\/div><div class=\"w-separator size_custom\" style=\"height:75px\"><\/div><div class=\"wpb_column vc_column_container\"><div class=\"vc_column-inner\"><\/div><\/div><\/div><\/div><div class=\"wpb_column vc_column_container\"><div class=\"vc_column-inner\"><\/div><\/div><\/div><\/div><\/section><section class=\"l-section wpb_row us_custom_3b745cf9 height_auto\"><div class=\"l-section-h i-cf\"><div class=\"g-cols vc_row via_grid cols_1 laptops-cols_inherit tablets-cols_inherit mobiles-cols_1 valign_top type_default stacking_default\"><div class=\"wpb_column vc_column_container\"><div class=\"vc_column-inner\"><div class=\"w-separator size_custom\" style=\"height:75px\"><\/div><div class=\"g-cols wpb_row via_grid cols_2 laptops-cols_inherit tablets-cols_inherit mobiles-cols_1 valign_middle type_default stacking_default\" style=\"--columns-gap:calc(3rem + 30px);\"><div class=\"wpb_column vc_column_container\"><div class=\"vc_column-inner\"><div class=\"w-image align_center\"><div class=\"w-image-h\"><img decoding=\"async\" width=\"600\" height=\"400\" src=\"https:\/\/sambapos.com\/wp-content\/uploads\/sambapos-products.png\" class=\"attachment-large size-large\" alt=\"SambaPOS\" loading=\"lazy\" srcset=\"https:\/\/sambapos.com\/wp-content\/uploads\/sambapos-products.png 600w, https:\/\/sambapos.com\/wp-content\/uploads\/sambapos-products-300x200.png 300w, https:\/\/sambapos.com\/wp-content\/uploads\/sambapos-products-100x67.png 100w, https:\/\/sambapos.com\/wp-content\/uploads\/sambapos-products-150x100.png 150w, https:\/\/sambapos.com\/wp-content\/uploads\/sambapos-products-120x80.png 120w, https:\/\/sambapos.com\/wp-content\/uploads\/sambapos-products-200x133.png 200w, https:\/\/sambapos.com\/wp-content\/uploads\/sambapos-products-66x44.png 66w, https:\/\/sambapos.com\/wp-content\/uploads\/sambapos-products-45x30.png 45w, https:\/\/sambapos.com\/wp-content\/uploads\/sambapos-products-60x40.png 60w, https:\/\/sambapos.com\/wp-content\/uploads\/sambapos-products-400x267.png 400w\" sizes=\"auto, (max-width: 600px) 100vw, 600px\" \/><\/div><\/div><\/div><\/div><div class=\"wpb_column vc_column_container\"><div class=\"vc_column-inner\"><div class=\"wpb_text_column\"><div class=\"wpb_wrapper\"><h3>SambaPOS ile T\u00fcm \u0130\u015flemlerinizi Tek Ekrandan Y\u00f6netin<\/h3>\n<p>SambaPOS, i\u015fletmenizi modernize etmek i\u00e7in ihtiya\u00e7 duyaca\u011f\u0131n\u0131z tek POS sistemidir ve havuz ba\u015f\u0131 i\u015fletmenizi y\u00f6netmek i\u00e7in son derece uygundur. SambaPOS ile mutfa\u011f\u0131n\u0131z\u0131, stoklar\u0131n\u0131z\u0131, personelinizi kontrol edebilir ve i\u015fletme y\u00f6netim sisteminizi tamamen g\u00fcncelleyebilirsiniz. Siz de m\u00fc\u015fterilerinize sunulan hizmet kalitesini art\u0131rmak istiyorsan\u0131z hemen <a href=\"https:\/\/cp.sambapos.com\/market\"><strong>SambaPOS sat\u0131n al\u0131n<\/strong><\/a> veya <a href=\"https:\/\/sambapos.com\/tr\/yetkili-bayi-basvurusu\/\"><strong>bayi olun!<\/strong><\/a><\/p>\n<\/div><\/div><\/div><\/div><\/div><div class=\"w-separator size_custom\" style=\"height:75px\"><\/div><\/div><\/div><\/div><\/div><\/section>\n","protected":false},"excerpt":{"rendered":"Aquapark Aquapark \u0130\u015fletmeniz i\u00e7in M\u00fc\u015fteri Memnuniyetinizi Art\u0131r\u0131n! Hizmet sekt\u00f6r\u00fcndeki herhangi bir i\u015fletmenin ba\u015far\u0131s\u0131n\u0131 tan\u0131mlayan temel \u015fey m\u00fckemmel bir m\u00fc\u015fteri hizmeti sunmakt\u0131r. SambaPOS ile daha iyi bir m\u00fc\u015fteri memnuniyeti i\u00e7in havuz ba\u015f\u0131 i\u015fletmenizi d\u00fczene sokabilir ve kritik s\u00fcre\u00e7leri basitle\u015ftirebilirsiniz. Aquapark Aquapark \u0130\u015fletmeniz i\u00e7in M\u00fc\u015fteri Memnuniyetinizi Art\u0131r\u0131n! Hizmet sekt\u00f6r\u00fcndeki herhangi bir i\u015fletmenin ba\u015far\u0131s\u0131n\u0131 tan\u0131mlayan temel \u015fey m\u00fckemmel...","protected":false},"author":1,"featured_media":0,"parent":0,"menu_order":0,"comment_status":"closed","ping_status":"closed","template":"","meta":{"footnotes":""},"class_list":["post-13736","page","type-page","status-publish","hentry"],"_links":{"self":[{"href":"https:\/\/sambapos.com\/tr\/wp-json\/wp\/v2\/pages\/13736","targetHints":{"allow":["GET"]}}],"collection":[{"href":"https:\/\/sambapos.com\/tr\/wp-json\/wp\/v2\/pages"}],"about":[{"href":"https:\/\/sambapos.com\/tr\/wp-json\/wp\/v2\/types\/page"}],"author":[{"embeddable":true,"href":"https:\/\/sambapos.com\/tr\/wp-json\/wp\/v2\/users\/1"}],"replies":[{"embeddable":true,"href":"https:\/\/sambapos.com\/tr\/wp-json\/wp\/v2\/comments?post=13736"}],"version-history":[{"count":7,"href":"https:\/\/sambapos.com\/tr\/wp-json\/wp\/v2\/pages\/13736\/revisions"}],"predecessor-version":[{"id":15911,"href":"https:\/\/sambapos.com\/tr\/wp-json\/wp\/v2\/pages\/13736\/revisions\/15911"}],"wp:attachment":[{"href":"https:\/\/sambapos.com\/tr\/wp-json\/wp\/v2\/media?parent=13736"}],"curies":[{"name":"wp","href":"https:\/\/api.w.org\/{rel}","templated":true}]}}