{"id":13653,"date":"2021-11-29T08:29:11","date_gmt":"2021-11-29T08:29:11","guid":{"rendered":"https:\/\/sambapos.com\/fine-dining\/"},"modified":"2023-10-10T13:55:11","modified_gmt":"2023-10-10T13:55:11","slug":"alakart-restoran","status":"publish","type":"page","link":"https:\/\/sambapos.com\/tr\/alakart-restoran\/","title":{"rendered":"Alakart Restoran"},"content":{"rendered":"<section class=\"l-section wpb_row us_custom_a4c7caae hide_on_tablets hide_on_mobiles height_huge\"><div class=\"l-section-h i-cf\"><div class=\"g-cols vc_row via_grid cols_1 laptops-cols_inherit tablets-cols_inherit mobiles-cols_1 valign_middle type_default stacking_default\" style=\"--columns-gap:30rem;\"><div class=\"wpb_column vc_column_container\"><div class=\"vc_column-inner\"><div class=\"g-cols wpb_row via_grid cols_2 laptops-cols_inherit tablets-cols_inherit mobiles-cols_1 valign_middle type_default stacking_default\" style=\"--columns-gap:calc(3rem + 30px);\"><div class=\"wpb_column vc_column_container us_custom_8941bddd\"><div class=\"vc_column-inner\"><div class=\"wpb_text_column hide_on_default hide_on_laptops hide_on_tablets hide_on_mobiles\"><div class=\"wpb_wrapper\"><p>alakart restoran<\/p>\n<\/div><\/div><div class=\"wpb_text_column\"><div class=\"wpb_wrapper\"><h1><span style=\"color: #ff3131;\">Alakart Restoran<\/span><\/h1>\n<\/div><\/div><div class=\"w-separator size_custom\" style=\"height:25px\"><\/div><div class=\"wpb_text_column us_custom_1e0e9307\"><div class=\"wpb_wrapper\"><p><strong>SambaPOS ile Ola\u011fan\u00fcst\u00fc M\u00fc\u015fteri Deneyimi <\/strong><\/p>\n<\/div><\/div><div class=\"w-separator size_custom\" style=\"height:25px\"><\/div><div class=\"wpb_text_column\"><div class=\"wpb_wrapper\"><p>Misafirlerinizi memnun etmek, temel i\u015flemlerinizi kusursuzca y\u00f6netmek ve kaliteli yemek deneyimini geli\u015ftirmek art\u0131k SambaPOS ile \u00e7ok kolay! SambaPOS, t\u00fcm i\u015fleyi\u015finizi sorunsuz bir \u015fekilde yerine getirmenize yard\u0131mc\u0131 olur ve m\u00fc\u015fteri memnuniyetinizi art\u0131rman\u0131z\u0131 sa\u011flar.<\/p>\n<\/div><\/div><\/div><\/div><div class=\"wpb_column vc_column_container\"><div class=\"vc_column-inner\"><\/div><\/div><\/div><div class=\"w-separator size_custom\" style=\"height:100px\"><\/div><\/div><\/div><\/div><\/div><\/section><section class=\"l-section wpb_row hide_on_default hide_on_laptops height_large\"><div class=\"l-section-h i-cf\"><div class=\"g-cols vc_row via_grid cols_1 laptops-cols_inherit tablets-cols_inherit mobiles-cols_1 valign_middle type_default stacking_default\" style=\"--columns-gap:30rem;\"><div class=\"wpb_column vc_column_container\"><div class=\"vc_column-inner\"><div class=\"g-cols wpb_row via_grid cols_1 laptops-cols_inherit tablets-cols_inherit mobiles-cols_1 valign_middle type_default stacking_default\" style=\"--columns-gap:calc(3rem + 30px);\"><div class=\"wpb_column vc_column_container\"><div class=\"vc_column-inner\"><div class=\"w-separator size_custom\" style=\"height:75px\"><\/div><div class=\"wpb_text_column\"><div class=\"wpb_wrapper\"><h1><span style=\"color: #ff3131;\">Alakart Restoran<\/span><\/h1>\n<\/div><\/div><div class=\"w-separator size_custom\" style=\"height:25px\"><\/div><div class=\"wpb_text_column us_custom_1e0e9307\"><div class=\"wpb_wrapper\"><p><strong>SambaPOS ile Ola\u011fan\u00fcst\u00fc M\u00fc\u015fteri Deneyimi <\/strong><\/p>\n<\/div><\/div><div class=\"w-separator size_custom\" style=\"height:25px\"><\/div><div class=\"wpb_text_column\"><div class=\"wpb_wrapper\"><p>Misafirlerinizi memnun etmek, temel i\u015flemlerinizi kusursuzca y\u00f6netmek ve kaliteli yemek deneyimini geli\u015ftirmek art\u0131k SambaPOS ile \u00e7ok kolay! SambaPOS, t\u00fcm i\u015fleyi\u015finizi sorunsuz bir \u015fekilde yerine getirmenize yard\u0131mc\u0131 olur ve m\u00fc\u015fteri memnuniyetinizi art\u0131rman\u0131z\u0131 sa\u011flar.<\/p>\n<\/div><\/div><\/div><\/div><\/div><\/div><\/div><\/div><\/div><\/section><section class=\"l-section wpb_row us_custom_3b745cf9 height_auto\"><div class=\"l-section-h i-cf\"><div class=\"g-cols vc_row via_grid cols_1 laptops-cols_inherit tablets-cols_inherit mobiles-cols_1 valign_top type_default stacking_default\"><div class=\"wpb_column vc_column_container\"><div class=\"vc_column-inner\"><div class=\"w-separator hide_on_tablets hide_on_mobiles size_custom\" style=\"height:75px\"><\/div><div class=\"g-cols wpb_row via_grid cols_2 laptops-cols_inherit tablets-cols_inherit mobiles-cols_1 valign_middle type_default stacking_default\" style=\"--columns-gap:calc(3rem + 30px);\"><div class=\"wpb_column vc_column_container\"><div class=\"vc_column-inner\"><div class=\"w-image align_center\"><div class=\"w-image-h\"><img decoding=\"async\" width=\"600\" height=\"400\" src=\"https:\/\/sambapos.com\/wp-content\/uploads\/Fine-Dining-image.png\" class=\"attachment-large size-large\" alt=\"SambaPOS Fine Dining\" loading=\"lazy\" srcset=\"https:\/\/sambapos.com\/wp-content\/uploads\/Fine-Dining-image.png 600w, https:\/\/sambapos.com\/wp-content\/uploads\/Fine-Dining-image-300x200.png 300w, https:\/\/sambapos.com\/wp-content\/uploads\/Fine-Dining-image-100x67.png 100w, https:\/\/sambapos.com\/wp-content\/uploads\/Fine-Dining-image-150x100.png 150w, https:\/\/sambapos.com\/wp-content\/uploads\/Fine-Dining-image-120x80.png 120w, https:\/\/sambapos.com\/wp-content\/uploads\/Fine-Dining-image-200x133.png 200w, https:\/\/sambapos.com\/wp-content\/uploads\/Fine-Dining-image-66x44.png 66w, https:\/\/sambapos.com\/wp-content\/uploads\/Fine-Dining-image-45x30.png 45w, https:\/\/sambapos.com\/wp-content\/uploads\/Fine-Dining-image-60x40.png 60w, https:\/\/sambapos.com\/wp-content\/uploads\/Fine-Dining-image-400x267.png 400w\" sizes=\"auto, (max-width: 600px) 100vw, 600px\" \/><\/div><\/div><\/div><\/div><div class=\"wpb_column vc_column_container\"><div class=\"vc_column-inner\"><div class=\"wpb_text_column\"><div class=\"wpb_wrapper\"><h2>M\u00fc\u015fteri Memnuniyetinizi Zirveye \u00c7\u0131kar\u0131n!<\/h2>\n<p>SambaPOS ile m\u00fc\u015fterilerinize online masa rezervasyon sistemi sunarak onlar\u0131n ola\u011fan\u00fcst\u00fc bir yemek deneyimlemelerine yard\u0131mc\u0131 olabilirsiniz. Tek bir ekrandan stoklar\u0131n\u0131z\u0131 ve faturaland\u0131rma s\u00fcrecini y\u00f6neterek m\u00fc\u015fterilerinize \u00f6zel hizmetler sunabilirsiniz.<\/p>\n<\/div><\/div><\/div><\/div><\/div><div class=\"w-separator size_custom\" style=\"height:75px\"><\/div><div class=\"g-cols wpb_row via_grid cols_2 laptops-cols_inherit tablets-cols_inherit mobiles-cols_1 valign_top type_default stacking_default\" style=\"--columns-gap:calc(3rem + 30px);\"><div class=\"wpb_column vc_column_container us_custom_6b8248eb\"><div class=\"vc_column-inner\"><div class=\"w-iconbox iconpos_left style_default color_primary align_left\"><div class=\"w-iconbox-icon\" style=\"font-size:2rem;\"><i class=\"fas fa-angle-right\"><\/i><\/div><div class=\"w-iconbox-meta\"><p class=\"w-iconbox-title\"><b>Sipari\u015flerinizi Koordine Edin<\/b><\/p><div class=\"w-iconbox-text\"><p>SambaPOS ile sipari\u015fleri alarak adisyonlar\u0131n\u0131z\u0131 do\u011frudan mutfa\u011fa iletebilirsiniz. Ayr\u0131ca Mobile Client entegrasyonu ile mobil telefonunuzdan al\u0131nan sipari\u015flerin ana makine ile koordine olmas\u0131n\u0131 sa\u011flayarak masalar\u0131n\u0131z\u0131 kusursuz bir \u015fekilde kontrol edebilirsiniz.<\/p>\n<\/div><\/div><\/div><\/div><\/div><div class=\"wpb_column vc_column_container us_custom_6b8248eb\"><div class=\"vc_column-inner\"><div class=\"w-iconbox iconpos_left style_default color_primary align_left\"><div class=\"w-iconbox-icon\" style=\"font-size:2rem;\"><i class=\"fas fa-angle-right\"><\/i><\/div><div class=\"w-iconbox-meta\"><p class=\"w-iconbox-title\"><b>Men\u00fc \u00d6nerileri ve Y\u00f6netimi<\/b><\/p><div class=\"w-iconbox-text\"><p>SambaPOS ile otomatik men\u00fc \u00f6nerileri yapabilir ve sizin y\u00f6nlendirdi\u011finiz yemeklerin m\u00fc\u015fterilerinizin g\u00f6rmelerini sa\u011flayarak memnuniyetlerini art\u0131rabilirsiniz. Bu durum, \u00e7al\u0131\u015fanlar\u0131n\u0131z\u0131n m\u00fc\u015fterilere daha iyi \u00f6nerilerde bulunmas\u0131na ve sizin de men\u00fcy\u00fc daha kolay y\u00f6netmenize yard\u0131mc\u0131 olur.<\/p>\n<\/div><\/div><\/div><\/div><\/div><\/div><div class=\"w-separator size_custom\" style=\"height:75px\"><\/div><div class=\"g-cols wpb_row via_grid cols_2 laptops-cols_inherit tablets-cols_inherit mobiles-cols_1 valign_top type_default stacking_default\" style=\"--columns-gap:calc(3rem + 30px);\"><div class=\"wpb_column vc_column_container us_custom_6b8248eb\"><div class=\"vc_column-inner\"><div class=\"w-iconbox iconpos_left style_default color_primary align_left\"><div class=\"w-iconbox-icon\" style=\"font-size:2rem;\"><i class=\"fas fa-angle-right\"><\/i><\/div><div class=\"w-iconbox-meta\"><p class=\"w-iconbox-title\"><b>SambaPOS ile Kesintileri \u00d6nleyin<\/b><\/p><div class=\"w-iconbox-text\"><p>SambaPOS, y\u00fcksek kapasiteli restoranlar\u0131n yo\u011fun oldu\u011fu saatlerde veya \u00f6zel g\u00fcnlerde bile, t\u00fcm i\u015fleyi\u015flerin kesintiye u\u011framadan s\u00fcrd\u00fcr\u00fclmesine yard\u0131mc\u0131 olan ve m\u00fc\u015fteri bilgilerinizi koruyan bir sistemdir. Ayr\u0131ca destek ekiplerimiz, sisteminizi veya restoran\u0131n\u0131z\u0131 kapatmaya gerek kalmadan sistem sorunlar\u0131n\u0131 uzaktan ve h\u0131zl\u0131 bir \u015fekilde \u00e7\u00f6zmek i\u00e7in yeterli donan\u0131ma sahiptir.<\/p>\n<\/div><\/div><\/div><\/div><\/div><div class=\"wpb_column vc_column_container us_custom_6b8248eb\"><div class=\"vc_column-inner\"><div class=\"w-iconbox iconpos_left style_default color_primary align_left\"><div class=\"w-iconbox-icon\" style=\"font-size:2rem;\"><i class=\"fas fa-angle-right\"><\/i><\/div><div class=\"w-iconbox-meta\"><p class=\"w-iconbox-title\"><b>Fatura \u0130\u015flemlerinizi Basitle\u015ftirin<\/b><\/p><div class=\"w-iconbox-text\"><p>Yemek \u00fccretini \u00f6demek ve bah\u015fi\u015fleri hesaplamak, genellikle m\u00fc\u015fteri memnuniyetini art\u0131rman\u0131n en zor yanlar\u0131ndan biridir. SambaPOS, bu s\u00fcreci d\u00fczenleyerek m\u00fc\u015fterilerinizin unutulmaz bir yemek deneyimi ya\u015famas\u0131n\u0131 sa\u011flar. Ayr\u0131ca faturalar\u0131n\u0131z\u0131 tek tu\u015fla b\u00f6lebilir veya birle\u015ftirebilirsiniz. \u00d6nerilen bah\u015fi\u015f y\u00fczdeleriyle dijital faturalar olu\u015fturarak i\u015fletmenizi modernize edebilirsiniz.<\/p>\n<\/div><\/div><\/div><\/div><\/div><\/div><div class=\"w-separator size_custom\" style=\"height:75px\"><\/div><\/div><\/div><\/div><\/div><\/section><section class=\"l-section wpb_row height_auto with_img\"><div class=\"l-section-img\" role=\"img\" aria-label=\"SambaPOS Fine Dining\" data-img-width=\"2560\" data-img-height=\"1707\" style=\"background-image: url(https:\/\/sambapos.com\/wp-content\/uploads\/Fine-Dining-images.jpeg);\"><\/div><div class=\"l-section-h i-cf\"><div class=\"g-cols vc_row via_grid cols_2 laptops-cols_inherit tablets-cols_inherit mobiles-cols_1 valign_top type_default stacking_default\"><div class=\"wpb_column vc_column_container\"><div class=\"vc_column-inner\"><div class=\"w-separator size_custom\" style=\"height:75px\"><\/div><div class=\"g-cols wpb_row us_custom_807de8c1 via_grid cols_1 laptops-cols_inherit tablets-cols_inherit mobiles-cols_1 valign_top type_default stacking_default\" style=\"--columns-gap:3rem;\"><div class=\"wpb_column vc_column_container\"><div class=\"vc_column-inner\"><div class=\"w-separator size_custom\" style=\"height:25px\"><\/div><div class=\"w-iconbox iconpos_left style_default color_primary align_left\"><div class=\"w-iconbox-icon\" style=\"font-size:2rem;\"><i class=\"fas fa-angle-right\"><\/i><\/div><div class=\"w-iconbox-meta\"><p class=\"w-iconbox-title\"><b>Stok Y\u00f6netiminizi \u0130yile\u015ftirin<\/b><\/p><div class=\"w-iconbox-text\"><p>Re\u00e7eteleri, \u00fcr\u00fcn stoklar\u0131n\u0131 ve sat\u0131n alma i\u015flemlerinizi SambaPOS ile daha kolay hale getirebilirsiniz. Ayr\u0131ca daha az se\u00e7ilen \u00fcr\u00fcnlerinizin stoklar\u0131n\u0131n \u00e7\u00f6pe gitmelerini \u00f6nleyerek tasarruf sa\u011flayabilirsiniz.<\/p>\n<\/div><\/div><\/div><div class=\"w-separator size_custom\" style=\"height:25px\"><\/div><\/div><\/div><\/div><div class=\"w-separator size_custom\" style=\"height:75px\"><\/div><div class=\"wpb_column vc_column_container\"><div class=\"vc_column-inner\"><\/div><\/div><\/div><\/div><div class=\"wpb_column vc_column_container\"><div class=\"vc_column-inner\"><\/div><\/div><\/div><\/div><\/section><section class=\"l-section wpb_row us_custom_3b745cf9 height_small\"><div class=\"l-section-h i-cf\"><div class=\"g-cols vc_row via_grid cols_1 laptops-cols_inherit tablets-cols_inherit mobiles-cols_1 valign_top type_default stacking_default\"><div class=\"wpb_column vc_column_container\"><div class=\"vc_column-inner\"><div class=\"w-separator size_custom\" style=\"height:75px\"><\/div><div class=\"g-cols wpb_row via_grid cols_2 laptops-cols_inherit tablets-cols_inherit mobiles-cols_1 valign_middle type_default stacking_default\" style=\"--columns-gap:calc(3rem + 30px);\"><div class=\"wpb_column vc_column_container\"><div class=\"vc_column-inner\"><div class=\"w-image align_center\"><div class=\"w-image-h\"><img decoding=\"async\" width=\"1024\" height=\"615\" src=\"https:\/\/sambapos.com\/wp-content\/uploads\/sambapos-products-copy-1024x615.png\" class=\"attachment-large size-large\" alt=\"SambaPOS Products\" loading=\"lazy\" srcset=\"https:\/\/sambapos.com\/wp-content\/uploads\/sambapos-products-copy-1024x615.png 1024w, https:\/\/sambapos.com\/wp-content\/uploads\/sambapos-products-copy-300x180.png 300w, https:\/\/sambapos.com\/wp-content\/uploads\/sambapos-products-copy-600x360.png 600w, https:\/\/sambapos.com\/wp-content\/uploads\/sambapos-products-copy-100x60.png 100w, https:\/\/sambapos.com\/wp-content\/uploads\/sambapos-products-copy-150x90.png 150w, https:\/\/sambapos.com\/wp-content\/uploads\/sambapos-products-copy-120x72.png 120w, https:\/\/sambapos.com\/wp-content\/uploads\/sambapos-products-copy-200x120.png 200w, https:\/\/sambapos.com\/wp-content\/uploads\/sambapos-products-copy-73x44.png 73w, https:\/\/sambapos.com\/wp-content\/uploads\/sambapos-products-copy-50x30.png 50w, https:\/\/sambapos.com\/wp-content\/uploads\/sambapos-products-copy-60x36.png 60w, https:\/\/sambapos.com\/wp-content\/uploads\/sambapos-products-copy-400x240.png 400w, https:\/\/sambapos.com\/wp-content\/uploads\/sambapos-products-copy.png 1333w\" sizes=\"auto, (max-width: 1024px) 100vw, 1024px\" \/><\/div><\/div><\/div><\/div><div class=\"wpb_column vc_column_container\"><div class=\"vc_column-inner\"><div class=\"wpb_text_column\"><div class=\"wpb_wrapper\"><h3>M\u00fc\u015fteri Memnuniyetinizi Art\u0131rmak i\u00e7in Alakart Restoran da Kullan\u0131labilen Kaliteli Bir POS Sistemi<\/h3>\n<p>SambaPOS; masa sipari\u015fleri, \u00f6deme s\u00fcre\u00e7leri veya Cloud tabanl\u0131 raporlar gibi geli\u015fmi\u015f \u00f6zelliklerle i\u015finiz b\u00fcy\u00fcd\u00fck\u00e7e \u00f6l\u00e7eklendirilebilen kullan\u0131m\u0131 kolay bir yaz\u0131l\u0131m sistemidir ve m\u00fc\u015fterilerinizin deneyimi i\u00e7in kritik olan i\u015fleyi\u015fleri daha kolay y\u00f6netmenize yard\u0131mc\u0131 olur.<\/p>\n<p>M\u00fc\u015fterilerinize daha iyi hizmetler sunmaya, onlar i\u00e7in unutulmaz bir yemek deneyimi yaratmaya ba\u015flamak istiyorsan\u0131z \u015fimdi <a href=\"https:\/\/cp.sambapos.com\/market\"><strong>SambaPOS sat\u0131n al\u0131n<\/strong><\/a> veya <a href=\"https:\/\/sambapos.com\/tr\/yetkili-bayi-basvurusu\/\"><strong>bayi olun!<\/strong><\/a><\/p>\n<\/div><\/div><div class=\"w-separator size_custom\" style=\"height:25px\"><\/div><\/div><\/div><\/div><div class=\"w-separator size_custom\" style=\"height:75px\"><\/div><\/div><\/div><\/div><\/div><\/section>\n","protected":false},"excerpt":{"rendered":"alakart restoran Alakart Restoran SambaPOS ile Ola\u011fan\u00fcst\u00fc M\u00fc\u015fteri Deneyimi Misafirlerinizi memnun etmek, temel i\u015flemlerinizi kusursuzca y\u00f6netmek ve kaliteli yemek deneyimini geli\u015ftirmek art\u0131k SambaPOS ile \u00e7ok kolay! SambaPOS, t\u00fcm i\u015fleyi\u015finizi sorunsuz bir \u015fekilde yerine getirmenize yard\u0131mc\u0131 olur ve m\u00fc\u015fteri memnuniyetinizi art\u0131rman\u0131z\u0131 sa\u011flar. Alakart Restoran SambaPOS ile Ola\u011fan\u00fcst\u00fc M\u00fc\u015fteri Deneyimi Misafirlerinizi memnun etmek, temel i\u015flemlerinizi kusursuzca y\u00f6netmek...","protected":false},"author":1,"featured_media":0,"parent":0,"menu_order":0,"comment_status":"closed","ping_status":"closed","template":"","meta":{"footnotes":""},"class_list":["post-13653","page","type-page","status-publish","hentry"],"_links":{"self":[{"href":"https:\/\/sambapos.com\/tr\/wp-json\/wp\/v2\/pages\/13653","targetHints":{"allow":["GET"]}}],"collection":[{"href":"https:\/\/sambapos.com\/tr\/wp-json\/wp\/v2\/pages"}],"about":[{"href":"https:\/\/sambapos.com\/tr\/wp-json\/wp\/v2\/types\/page"}],"author":[{"embeddable":true,"href":"https:\/\/sambapos.com\/tr\/wp-json\/wp\/v2\/users\/1"}],"replies":[{"embeddable":true,"href":"https:\/\/sambapos.com\/tr\/wp-json\/wp\/v2\/comments?post=13653"}],"version-history":[{"count":12,"href":"https:\/\/sambapos.com\/tr\/wp-json\/wp\/v2\/pages\/13653\/revisions"}],"predecessor-version":[{"id":15910,"href":"https:\/\/sambapos.com\/tr\/wp-json\/wp\/v2\/pages\/13653\/revisions\/15910"}],"wp:attachment":[{"href":"https:\/\/sambapos.com\/tr\/wp-json\/wp\/v2\/media?parent=13653"}],"curies":[{"name":"wp","href":"https:\/\/api.w.org\/{rel}","templated":true}]}}