{"id":13649,"date":"2022-02-10T11:37:11","date_gmt":"2022-02-10T11:37:11","guid":{"rendered":"https:\/\/sambapos.com\/fast-food\/"},"modified":"2022-08-31T10:07:39","modified_gmt":"2022-08-31T10:07:39","slug":"fast-food","status":"publish","type":"page","link":"https:\/\/sambapos.com\/tr\/fast-food\/","title":{"rendered":"Fast Food"},"content":{"rendered":"<section class=\"l-section wpb_row us_custom_3b231f8e hide_on_tablets hide_on_mobiles height_large\"><div class=\"l-section-h i-cf\"><div class=\"g-cols vc_row via_grid cols_1 laptops-cols_inherit tablets-cols_inherit mobiles-cols_1 valign_top type_default stacking_default\" style=\"--columns-gap:30rem;\"><div class=\"wpb_column vc_column_container\"><div class=\"vc_column-inner\"><div class=\"g-cols wpb_row via_grid cols_2 laptops-cols_inherit tablets-cols_inherit mobiles-cols_1 valign_middle type_default stacking_default\" style=\"--columns-gap:calc(3rem + 30px);\"><div class=\"wpb_column vc_column_container us_custom_71be7f86\"><div class=\"vc_column-inner\"><div class=\"wpb_text_column\"><div class=\"wpb_wrapper\"><h1><span style=\"color: #ff3131;\">Fast Food<\/span><\/h1>\n<\/div><\/div><div class=\"w-separator size_custom\" style=\"height:25px\"><\/div><div class=\"wpb_text_column us_custom_1e0e9307\"><div class=\"wpb_wrapper\"><p><strong>H\u0131zl\u0131 \u0130\u015flemler i\u00e7in SambaPOS<\/strong><\/p>\n<\/div><\/div><div class=\"w-separator size_custom\" style=\"height:25px\"><\/div><div class=\"wpb_text_column\"><div class=\"wpb_wrapper\"><p>SambaPOS ile bordro y\u00f6netimi, sipari\u015f kontrol\u00fc, m\u00fc\u015fteri takibi gibi t\u00fcm i\u015flemlerinizi tek bir yerden y\u00f6netebilirsiniz.<\/p>\n<p><strong>SambaPOS Kullanman\u0131n Faydalar\u0131<\/strong><\/p>\n<ul>\n<li>Sat\u0131\u015flar\u0131n\u0131z\u0131 ve kar oran\u0131n\u0131z\u0131 art\u0131r\u0131n<\/li>\n<li>M\u00fc\u015fterilerinizin beklentilerine ayak uydurun<\/li>\n<li>T\u00fcm i\u015fleyi\u015finizdeki gecikmeleri ve hatalar\u0131 azalt\u0131n<\/li>\n<\/ul>\n<p>Kolay faturaland\u0131rma i\u00e7in h\u0131zl\u0131 \u00f6deme y\u00f6ntemlerini kullan\u0131n.<\/p>\n<\/div><\/div><\/div><\/div><div class=\"wpb_column vc_column_container\"><div class=\"vc_column-inner\"><\/div><\/div><\/div><\/div><\/div><\/div><\/div><\/section><section class=\"l-section wpb_row hide_on_default hide_on_laptops height_large\"><div class=\"l-section-h i-cf\"><div class=\"g-cols vc_row via_grid cols_1 laptops-cols_inherit tablets-cols_inherit mobiles-cols_1 valign_top type_default stacking_default\" style=\"--columns-gap:30rem;\"><div class=\"wpb_column vc_column_container\"><div class=\"vc_column-inner\"><div class=\"g-cols wpb_row via_grid cols_1 laptops-cols_inherit tablets-cols_inherit mobiles-cols_1 valign_middle type_default stacking_default\" style=\"--columns-gap:calc(3rem + 30px);\"><div class=\"wpb_column vc_column_container\"><div class=\"vc_column-inner\"><div class=\"w-separator size_custom\" style=\"height:75px\"><\/div><div class=\"wpb_text_column\"><div class=\"wpb_wrapper\"><h1><span style=\"color: #ff3131;\">Fast Food<\/span><\/h1>\n<\/div><\/div><div class=\"w-separator size_custom\" style=\"height:25px\"><\/div><div class=\"wpb_text_column us_custom_1e0e9307\"><div class=\"wpb_wrapper\"><p><strong>H\u0131zl\u0131 \u0130\u015flemler i\u00e7in SambaPOS<\/strong><\/p>\n<\/div><\/div><div class=\"w-separator size_custom\" style=\"height:25px\"><\/div><div class=\"wpb_text_column\"><div class=\"wpb_wrapper\"><p>SambaPOS ile bordro y\u00f6netimi, sipari\u015f kontrol\u00fc, m\u00fc\u015fteri takibi gibi t\u00fcm i\u015flemlerinizi tek bir yerden y\u00f6netebilirsiniz.<\/p>\n<p><strong>SambaPOS Kullanman\u0131n Faydalar\u0131<\/strong><\/p>\n<ul>\n<li>Sat\u0131\u015flar\u0131n\u0131z\u0131 ve kar oran\u0131n\u0131z\u0131 art\u0131r\u0131n<\/li>\n<li>M\u00fc\u015fterilerinizin beklentilerine ayak uydurun<\/li>\n<li>T\u00fcm i\u015fleyi\u015finizdeki gecikmeleri ve hatalar\u0131 azalt\u0131n<\/li>\n<\/ul>\n<p>Kolay faturaland\u0131rma i\u00e7in h\u0131zl\u0131 \u00f6deme y\u00f6ntemlerini kullan\u0131n.<\/p>\n<\/div><\/div><\/div><\/div><\/div><\/div><\/div><\/div><\/div><\/section><section class=\"l-section wpb_row us_custom_3b745cf9 height_auto\"><div class=\"l-section-h i-cf\"><div class=\"g-cols vc_row via_grid cols_1 laptops-cols_inherit tablets-cols_inherit mobiles-cols_1 valign_top type_default stacking_default\"><div class=\"wpb_column vc_column_container\"><div class=\"vc_column-inner\"><div class=\"w-separator hide_on_tablets hide_on_mobiles size_custom\" style=\"height:75px\"><\/div><div class=\"g-cols wpb_row via_grid cols_2 laptops-cols_inherit tablets-cols_inherit mobiles-cols_1 valign_top type_default stacking_default\" style=\"--columns-gap:calc(3rem + 30px);\"><div class=\"wpb_column vc_column_container\"><div class=\"vc_column-inner\"><div class=\"w-image align_center\"><div class=\"w-image-h\"><img decoding=\"async\" width=\"600\" height=\"400\" src=\"https:\/\/sambapos.com\/wp-content\/uploads\/Digital-Menu-for-Your-Customers-with-the-Fast-Food-POS-Software.png\" class=\"attachment-large size-large\" alt=\"SambaPOS\" loading=\"lazy\" srcset=\"https:\/\/sambapos.com\/wp-content\/uploads\/Digital-Menu-for-Your-Customers-with-the-Fast-Food-POS-Software.png 600w, https:\/\/sambapos.com\/wp-content\/uploads\/Digital-Menu-for-Your-Customers-with-the-Fast-Food-POS-Software-300x200.png 300w, https:\/\/sambapos.com\/wp-content\/uploads\/Digital-Menu-for-Your-Customers-with-the-Fast-Food-POS-Software-100x67.png 100w, https:\/\/sambapos.com\/wp-content\/uploads\/Digital-Menu-for-Your-Customers-with-the-Fast-Food-POS-Software-150x100.png 150w, https:\/\/sambapos.com\/wp-content\/uploads\/Digital-Menu-for-Your-Customers-with-the-Fast-Food-POS-Software-120x80.png 120w, https:\/\/sambapos.com\/wp-content\/uploads\/Digital-Menu-for-Your-Customers-with-the-Fast-Food-POS-Software-200x133.png 200w, https:\/\/sambapos.com\/wp-content\/uploads\/Digital-Menu-for-Your-Customers-with-the-Fast-Food-POS-Software-66x44.png 66w, https:\/\/sambapos.com\/wp-content\/uploads\/Digital-Menu-for-Your-Customers-with-the-Fast-Food-POS-Software-45x30.png 45w, https:\/\/sambapos.com\/wp-content\/uploads\/Digital-Menu-for-Your-Customers-with-the-Fast-Food-POS-Software-60x40.png 60w, https:\/\/sambapos.com\/wp-content\/uploads\/Digital-Menu-for-Your-Customers-with-the-Fast-Food-POS-Software-400x267.png 400w\" sizes=\"auto, (max-width: 600px) 100vw, 600px\" \/><\/div><\/div><\/div><\/div><div class=\"wpb_column vc_column_container\"><div class=\"vc_column-inner\"><div class=\"wpb_text_column\"><div class=\"wpb_wrapper\"><h2>M\u00fc\u015fterilerinize Dijital Men\u00fc<\/h2>\n<p>SambaPOS, m\u00fc\u015fterilerinize h\u0131zl\u0131 ve verimli bir \u015fekilde fast food \u00fcr\u00fcnlerizi sunman\u0131za yard\u0131mc\u0131 olur. Tamamen dijital bir men\u00fc olan SambaPOS Go Menu size \u015funlar\u0131 sunar:<\/p>\n<ul>\n<li>\u00c7oklu dil deste\u011fi<\/li>\n<li>\u00d6zel \u00fcr\u00fcnler, mevsimlik men\u00fcler ve bayrama \u00f6zel \u00fcr\u00fcnler ekleme<\/li>\n<li>Sipari\u015flerde daha az hata olas\u0131l\u0131\u011f\u0131<\/li>\n<li>\u00dcr\u00fcnlerin foto\u011fraflar\u0131n\u0131 ekleme<\/li>\n<li>Artan m\u00fc\u015fteri memnuniyeti<\/li>\n<\/ul>\n<\/div><\/div><\/div><\/div><\/div><div class=\"w-separator size_custom\" style=\"height:75px\"><\/div><div class=\"g-cols wpb_row via_grid cols_2 laptops-cols_inherit tablets-cols_inherit mobiles-cols_1 valign_top type_default stacking_default\" style=\"--columns-gap:calc(3rem + 30px);\"><div class=\"wpb_column vc_column_container\"><div class=\"vc_column-inner\"><div class=\"wpb_text_column\"><div class=\"wpb_wrapper\"><h2>Performans\u0131n\u0131z\u0131 Art\u0131r\u0131n<\/h2>\n<p>\u0130ster tek bir i\u015fletmeniz, ister bir fast food restoran zinciriniz olsun, sat\u0131\u015flar ve kar oran\u0131 \u00e7ok \u00f6nemli iki unsurdur. SambaPOS, sat\u0131\u015f ve kar oran\u0131 \u00f6l\u00e7\u00fcmlerinizi, en \u00e7ok satan \u00fcr\u00fcnlerinizi, en verimli saatlerinizi ve daha fazlas\u0131n\u0131 takip etmenize yard\u0131mc\u0131 olur.<\/p>\n<p>\u0130\u015fleyi\u015finizi ve personelinizi y\u00f6netmenize yard\u0131mc\u0131 olan MetriK uygulamas\u0131, mobil cihaz\u0131n\u0131z \u00fczerinden siz i\u015fletmenizde olmasan\u0131z bile i\u015fletmenizi uzaktan denetleyebilmenize yard\u0131mc\u0131 olur.<\/p>\n<p><strong>MetriK;<\/strong><\/p>\n<ul>\n<li>Kullan\u0131m\u0131 kolay mobil uygulama<\/li>\n<li>\u00c7al\u0131\u015fanlar\u0131n\u0131z\u0131n \u00e7al\u0131\u015fma saatlerinin izlenmesi<\/li>\n<li>Farkl\u0131 \u00f6deme y\u00f6ntemlerinin takibi<\/li>\n<li>\u0130\u015fletme hedeflerinize uygun \u00f6zel raporlar<\/li>\n<\/ul>\n<\/div><\/div><\/div><\/div><div class=\"wpb_column vc_column_container\"><div class=\"vc_column-inner\"><div class=\"w-image align_center\"><div class=\"w-image-h\"><img decoding=\"async\" width=\"600\" height=\"400\" src=\"https:\/\/sambapos.com\/wp-content\/uploads\/Fastfood-image.png\" class=\"attachment-large size-large\" alt=\"SambaPOS FastFood\" loading=\"lazy\" srcset=\"https:\/\/sambapos.com\/wp-content\/uploads\/Fastfood-image.png 600w, https:\/\/sambapos.com\/wp-content\/uploads\/Fastfood-image-300x200.png 300w, https:\/\/sambapos.com\/wp-content\/uploads\/Fastfood-image-100x67.png 100w, https:\/\/sambapos.com\/wp-content\/uploads\/Fastfood-image-150x100.png 150w, https:\/\/sambapos.com\/wp-content\/uploads\/Fastfood-image-120x80.png 120w, https:\/\/sambapos.com\/wp-content\/uploads\/Fastfood-image-200x133.png 200w, https:\/\/sambapos.com\/wp-content\/uploads\/Fastfood-image-66x44.png 66w, https:\/\/sambapos.com\/wp-content\/uploads\/Fastfood-image-45x30.png 45w, https:\/\/sambapos.com\/wp-content\/uploads\/Fastfood-image-60x40.png 60w, https:\/\/sambapos.com\/wp-content\/uploads\/Fastfood-image-400x267.png 400w\" sizes=\"auto, (max-width: 600px) 100vw, 600px\" \/><\/div><\/div><\/div><\/div><\/div><div class=\"w-separator size_custom\" style=\"height:75px\"><\/div><div class=\"g-cols wpb_row via_grid cols_3 laptops-cols_inherit tablets-cols_inherit mobiles-cols_1 valign_middle type_default stacking_default\" style=\"--columns-gap:calc(3rem + 30px);\"><div class=\"wpb_column vc_column_container us_custom_6b8248eb\"><div class=\"vc_column-inner\"><div class=\"w-iconbox iconpos_left style_default color_primary align_left\"><div class=\"w-iconbox-icon\" style=\"font-size:2rem;\"><i class=\"fas fa-angle-right\"><\/i><\/div><div class=\"w-iconbox-meta\"><p class=\"w-iconbox-title\"><b>Uzun Kuyruklardan Kurtulun<\/b><\/p><div class=\"w-iconbox-text\"><p>\u0130\u015fletme sahibi olarak, uzun m\u00fc\u015fteri kuyruklar\u0131yla u\u011fra\u015fmak size zor gelebilir. Personellerinizin sorunsuz bir \u015fekilde i\u015f y\u00fck\u00fcn\u00fc hafifletmek i\u00e7in SambaPOS\u2019un M\u00fc\u015fteri Ekran\u0131 Konfig\u00fcrasyonundan yararlanabilirsiniz.<\/p>\n<\/div><\/div><\/div><\/div><\/div><div class=\"wpb_column vc_column_container us_custom_6b8248eb\"><div class=\"vc_column-inner\"><div class=\"w-iconbox iconpos_left style_default color_primary align_left\"><div class=\"w-iconbox-icon\" style=\"font-size:2rem;\"><i class=\"fas fa-angle-right\"><\/i><\/div><div class=\"w-iconbox-meta\"><p class=\"w-iconbox-title\"><b>Mutfak Ekran\u0131 Konfig\u00fcrasyonu<\/b><\/p><div class=\"w-iconbox-text\"><p>Mutfak Ekran\u0131 Konfig\u00fcrasyonu ile do\u011frudan mutfa\u011fa sipari\u015f g\u00f6ndererek personelinizin ve m\u00fc\u015fterinizin zaman\u0131ndan tasarruf edebilirsiniz. Art\u0131k garsonlar\u0131n\u0131z sipari\u015fleri mutfak personeline iletmek i\u00e7in ek zaman harcamak zorunda kalmayacak.<\/p>\n<\/div><\/div><\/div><\/div><\/div><div class=\"wpb_column vc_column_container us_custom_6b8248eb\"><div class=\"vc_column-inner\"><div class=\"w-iconbox iconpos_left style_default color_primary align_left\"><div class=\"w-iconbox-icon\" style=\"font-size:2rem;\"><i class=\"fas fa-angle-right\"><\/i><\/div><div class=\"w-iconbox-meta\"><p class=\"w-iconbox-title\"><b>Fast Food Sipari\u015fler \u0130\u00e7in Self Servis<\/b><\/p><div class=\"w-iconbox-text\"><p>Self servis, fast food restoran\u0131n\u0131zdaki personelleriniz ve m\u00fc\u015fterileriniz i\u00e7in b\u00fcy\u00fck \u00f6l\u00e7\u00fcde kolayl\u0131k sa\u011flar. SambaPOS GO Kiosk ile personelleriniz zamandan tasarruf edebilir, m\u00fc\u015fterileriniz de istedikleri \u00fcr\u00fcnleri tek tu\u015fla sipari\u015f edebilir ve kendileri \u00f6deme yapabilirler.<\/p>\n<\/div><\/div><\/div><\/div><\/div><\/div><div class=\"w-separator size_custom\" style=\"height:75px\"><\/div><\/div><\/div><\/div><\/div><\/section><section class=\"l-section wpb_row height_small with_img\"><div class=\"l-section-img\" role=\"img\" aria-label=\"SambaPOS FastFood\" data-img-width=\"2000\" data-img-height=\"1500\" style=\"background-image: url(https:\/\/sambapos.com\/wp-content\/uploads\/Fastfood-image-x2.jpeg);\"><\/div><div class=\"l-section-h i-cf\"><div class=\"g-cols vc_row via_grid cols_2 laptops-cols_inherit tablets-cols_inherit mobiles-cols_1 valign_top type_default stacking_default\"><div class=\"wpb_column vc_column_container\"><div class=\"vc_column-inner\"><div class=\"w-separator size_custom\" style=\"height:75px\"><\/div><div class=\"g-cols wpb_row us_custom_807de8c1 via_grid cols_1 laptops-cols_inherit tablets-cols_inherit mobiles-cols_1 valign_top type_default stacking_default\" style=\"--columns-gap:3rem;\"><div class=\"wpb_column vc_column_container\"><div class=\"vc_column-inner\"><div class=\"w-separator size_custom\" style=\"height:25px\"><\/div><div class=\"w-iconbox iconpos_left style_default color_primary align_left\"><div class=\"w-iconbox-icon\" style=\"font-size:2rem;\"><i class=\"fas fa-angle-right\"><\/i><\/div><div class=\"w-iconbox-meta\"><p class=\"w-iconbox-title\"><b>Kolay \u00d6deme Y\u00f6ntemleri<\/b><\/p><div class=\"w-iconbox-text\"><p>\u00d6deme ekran\u0131na h\u0131zl\u0131 \u00f6deme se\u00e7enekleri ekleyin ve m\u00fc\u015fterilerinizin en \u00e7ok tercih ettikleri y\u00f6ntemi kullanarak \u00f6deme yapmalar\u0131n\u0131 sa\u011flay\u0131n. \u0130ndirimler, vergiler, bah\u015fi\u015fler ve daha fazlas\u0131n\u0131 \u00f6deme y\u00f6ntemlerine d\u00e2hil edebilirsiniz!<\/p>\n<\/div><\/div><\/div><div class=\"w-separator size_custom\" style=\"height:25px\"><\/div><\/div><\/div><\/div><div class=\"w-separator size_custom\" style=\"height:75px\"><\/div><div class=\"wpb_column vc_column_container\"><div class=\"vc_column-inner\"><\/div><\/div><\/div><\/div><div class=\"wpb_column vc_column_container\"><div class=\"vc_column-inner\"><\/div><\/div><\/div><\/div><\/section><section class=\"l-section wpb_row us_custom_3b745cf9 height_small\"><div class=\"l-section-h i-cf\"><div class=\"g-cols vc_row via_grid cols_1 laptops-cols_inherit tablets-cols_inherit mobiles-cols_1 valign_top type_default stacking_default\"><div class=\"wpb_column vc_column_container\"><div class=\"vc_column-inner\"><div class=\"w-separator size_custom\" style=\"height:75px\"><\/div><div class=\"g-cols wpb_row via_grid cols_2 laptops-cols_inherit tablets-cols_inherit mobiles-cols_1 valign_middle type_default stacking_default\" style=\"--columns-gap:calc(3rem + 30px);\"><div class=\"wpb_column vc_column_container\"><div class=\"vc_column-inner\"><div class=\"w-image align_center\"><div class=\"w-image-h\"><img decoding=\"async\" width=\"1024\" height=\"615\" src=\"https:\/\/sambapos.com\/wp-content\/uploads\/sambapos-products-copy-1024x615.png\" class=\"attachment-large size-large\" alt=\"SambaPOS Products\" loading=\"lazy\" srcset=\"https:\/\/sambapos.com\/wp-content\/uploads\/sambapos-products-copy-1024x615.png 1024w, https:\/\/sambapos.com\/wp-content\/uploads\/sambapos-products-copy-300x180.png 300w, https:\/\/sambapos.com\/wp-content\/uploads\/sambapos-products-copy-600x360.png 600w, https:\/\/sambapos.com\/wp-content\/uploads\/sambapos-products-copy-100x60.png 100w, https:\/\/sambapos.com\/wp-content\/uploads\/sambapos-products-copy-150x90.png 150w, https:\/\/sambapos.com\/wp-content\/uploads\/sambapos-products-copy-120x72.png 120w, https:\/\/sambapos.com\/wp-content\/uploads\/sambapos-products-copy-200x120.png 200w, https:\/\/sambapos.com\/wp-content\/uploads\/sambapos-products-copy-73x44.png 73w, https:\/\/sambapos.com\/wp-content\/uploads\/sambapos-products-copy-50x30.png 50w, https:\/\/sambapos.com\/wp-content\/uploads\/sambapos-products-copy-60x36.png 60w, https:\/\/sambapos.com\/wp-content\/uploads\/sambapos-products-copy-400x240.png 400w, https:\/\/sambapos.com\/wp-content\/uploads\/sambapos-products-copy.png 1333w\" sizes=\"auto, (max-width: 1024px) 100vw, 1024px\" \/><\/div><\/div><\/div><\/div><div class=\"wpb_column vc_column_container\"><div class=\"vc_column-inner\"><div class=\"wpb_text_column\"><div class=\"wpb_wrapper\"><h3>SambaPOS ile \u0130\u015fletmenizi B\u00fcy\u00fct\u00fcn<\/h3>\n<p>Sipari\u015flerinizi daha iyi y\u00f6netmek, stoklar\u0131n\u0131z\u0131 daha iyi takip edebilmek, men\u00fc veya \u00fcr\u00fcn i\u00e7eriklerinizi daha kolay de\u011fi\u015ftirebilmek i\u00e7in \u015fimdi <a href=\"https:\/\/cp.sambapos.com\/market\"><strong>SambaPOS sat\u0131n al\u0131n<\/strong><\/a> veya <a href=\"https:\/\/sambapos.com\/become-a-partner\/\"><strong>bayi olun.<\/strong><\/a><\/p>\n<\/div><\/div><\/div><\/div><\/div><div class=\"w-separator size_custom\" style=\"height:75px\"><\/div><\/div><\/div><\/div><\/div><\/section>\n","protected":false},"excerpt":{"rendered":"Fast Food H\u0131zl\u0131 \u0130\u015flemler i\u00e7in SambaPOS SambaPOS ile bordro y\u00f6netimi, sipari\u015f kontrol\u00fc, m\u00fc\u015fteri takibi gibi t\u00fcm i\u015flemlerinizi tek bir yerden y\u00f6netebilirsiniz. SambaPOS Kullanman\u0131n Faydalar\u0131 Sat\u0131\u015flar\u0131n\u0131z\u0131 ve kar oran\u0131n\u0131z\u0131 art\u0131r\u0131n M\u00fc\u015fterilerinizin beklentilerine ayak uydurun T\u00fcm i\u015fleyi\u015finizdeki gecikmeleri ve hatalar\u0131 azalt\u0131n Kolay faturaland\u0131rma i\u00e7in h\u0131zl\u0131 \u00f6deme y\u00f6ntemlerini kullan\u0131n. Fast Food H\u0131zl\u0131 \u0130\u015flemler i\u00e7in SambaPOS SambaPOS ile bordro...","protected":false},"author":1,"featured_media":0,"parent":0,"menu_order":0,"comment_status":"closed","ping_status":"closed","template":"","meta":{"footnotes":""},"class_list":["post-13649","page","type-page","status-publish","hentry"],"_links":{"self":[{"href":"https:\/\/sambapos.com\/tr\/wp-json\/wp\/v2\/pages\/13649","targetHints":{"allow":["GET"]}}],"collection":[{"href":"https:\/\/sambapos.com\/tr\/wp-json\/wp\/v2\/pages"}],"about":[{"href":"https:\/\/sambapos.com\/tr\/wp-json\/wp\/v2\/types\/page"}],"author":[{"embeddable":true,"href":"https:\/\/sambapos.com\/tr\/wp-json\/wp\/v2\/users\/1"}],"replies":[{"embeddable":true,"href":"https:\/\/sambapos.com\/tr\/wp-json\/wp\/v2\/comments?post=13649"}],"version-history":[{"count":5,"href":"https:\/\/sambapos.com\/tr\/wp-json\/wp\/v2\/pages\/13649\/revisions"}],"predecessor-version":[{"id":13651,"href":"https:\/\/sambapos.com\/tr\/wp-json\/wp\/v2\/pages\/13649\/revisions\/13651"}],"wp:attachment":[{"href":"https:\/\/sambapos.com\/tr\/wp-json\/wp\/v2\/media?parent=13649"}],"curies":[{"name":"wp","href":"https:\/\/api.w.org\/{rel}","templated":true}]}}