{"id":13645,"date":"2021-11-29T08:58:32","date_gmt":"2021-11-29T08:58:32","guid":{"rendered":"https:\/\/sambapos.com\/bars-and-nightclubs\/"},"modified":"2023-10-10T13:59:48","modified_gmt":"2023-10-10T13:59:48","slug":"barlar-ve-gece-kulupleri","status":"publish","type":"page","link":"https:\/\/sambapos.com\/tr\/barlar-ve-gece-kulupleri\/","title":{"rendered":"Barlar ve Gece Kul\u00fcpleri"},"content":{"rendered":"<section class=\"l-section wpb_row us_custom_b89ad59c hide_on_tablets hide_on_mobiles height_huge\"><div class=\"l-section-h i-cf\"><div class=\"g-cols vc_row via_grid cols_1 laptops-cols_inherit tablets-cols_inherit mobiles-cols_1 valign_top type_default stacking_default\" style=\"--columns-gap:30rem;\"><div class=\"wpb_column vc_column_container\"><div class=\"vc_column-inner\"><div class=\"g-cols wpb_row via_grid cols_2 laptops-cols_inherit tablets-cols_inherit mobiles-cols_1 valign_middle type_default stacking_default\" style=\"--columns-gap:calc(3rem + 30px);\"><div class=\"wpb_column vc_column_container us_custom_862028bc\"><div class=\"vc_column-inner\"><div class=\"wpb_text_column\"><div class=\"wpb_wrapper\"><h1><span style=\"color: #ff3131;\">Barlar ve Gece Kul\u00fcpleri<\/span><\/h1>\n<\/div><\/div><div class=\"w-separator size_custom\" style=\"height:25px\"><\/div><div class=\"wpb_text_column us_custom_1e0e9307\"><div class=\"wpb_wrapper\"><p><strong>SambaPOS \u2013 Ayr\u0131cal\u0131kl\u0131 \u00d6zelliklerle \u0130\u015fletmenizin \u0130\u015fleyi\u015fini D\u00fczenleyen POS Sistemi<\/strong><\/p>\n<\/div><\/div><div class=\"w-separator size_custom\" style=\"height:25px\"><\/div><div class=\"wpb_text_column\"><div class=\"wpb_wrapper\"><p>E\u011fer bir bar veya gece kul\u00fcb\u00fc i\u015fletmeniz varsa onu sorunsuz bir \u015fekilde i\u015fletebilmek i\u00e7in iyi bir POS Sistemine ihtiya\u00e7 duyars\u0131n\u0131z. \u0130\u015fletmenizin t\u00fcm d\u00fczenini yorulmadan ve aksatmadan SambaPOS ile denetleyebilirsiniz.<\/p>\n<\/div><\/div><\/div><\/div><div class=\"wpb_column vc_column_container\"><div class=\"vc_column-inner\"><\/div><\/div><\/div><div class=\"w-separator size_custom\" style=\"height:75px\"><\/div><\/div><\/div><\/div><\/div><\/section><section class=\"l-section wpb_row hide_on_default hide_on_laptops height_huge\"><div class=\"l-section-h i-cf\"><div class=\"g-cols vc_row via_grid cols_1 laptops-cols_inherit tablets-cols_inherit mobiles-cols_1 valign_top type_default stacking_default\" style=\"--columns-gap:30rem;\"><div class=\"wpb_column vc_column_container\"><div class=\"vc_column-inner\"><div class=\"g-cols wpb_row via_grid cols_1 laptops-cols_inherit tablets-cols_inherit mobiles-cols_1 valign_middle type_default stacking_default\" style=\"--columns-gap:calc(3rem + 30px);\"><div class=\"wpb_column vc_column_container\"><div class=\"vc_column-inner\"><div class=\"w-separator size_custom\" style=\"height:75px\"><\/div><div class=\"wpb_text_column\"><div class=\"wpb_wrapper\"><h1><span style=\"color: #ff3131;\">Barlar ve Gece Kul\u00fcpleri<\/span><\/h1>\n<\/div><\/div><div class=\"w-separator size_custom\" style=\"height:25px\"><\/div><div class=\"wpb_text_column us_custom_1e0e9307\"><div class=\"wpb_wrapper\"><p><strong>SambaPOS \u2013 Ayr\u0131cal\u0131kl\u0131 \u00d6zelliklerle \u0130\u015fletmenizin \u0130\u015fleyi\u015fini D\u00fczenleyen POS Sistemi<\/strong><\/p>\n<\/div><\/div><div class=\"w-separator size_custom\" style=\"height:25px\"><\/div><div class=\"wpb_text_column\"><div class=\"wpb_wrapper\"><p>E\u011fer bir bar veya gece kul\u00fcb\u00fc i\u015fletmeniz varsa onu sorunsuz bir \u015fekilde i\u015fletebilmek i\u00e7in iyi bir POS Sistemine ihtiya\u00e7 duyars\u0131n\u0131z. \u0130\u015fletmenizin t\u00fcm d\u00fczenini yorulmadan ve aksatmadan SambaPOS ile denetleyebilirsiniz.<\/p>\n<\/div><\/div><\/div><\/div><\/div><\/div><\/div><\/div><\/div><\/section><section class=\"l-section wpb_row us_custom_3b745cf9 height_auto\"><div class=\"l-section-h i-cf\"><div class=\"g-cols vc_row via_grid cols_1 laptops-cols_inherit tablets-cols_inherit mobiles-cols_1 valign_top type_default stacking_default\"><div class=\"wpb_column vc_column_container\"><div class=\"vc_column-inner\"><div class=\"w-separator hide_on_tablets hide_on_mobiles size_custom\" style=\"height:75px\"><\/div><div class=\"g-cols wpb_row via_grid cols_3 laptops-cols_inherit tablets-cols_inherit mobiles-cols_1 valign_top type_default stacking_default\" style=\"--columns-gap:calc(3rem + 30px);\"><div class=\"wpb_column vc_column_container us_custom_6b8248eb\"><div class=\"vc_column-inner\"><div class=\"w-iconbox iconpos_left style_default color_primary align_left\"><div class=\"w-iconbox-icon\" style=\"font-size:2rem;\"><i class=\"fas fa-angle-right\"><\/i><\/div><div class=\"w-iconbox-meta\"><p class=\"w-iconbox-title\"><b>Ak\u0131ll\u0131 Mutfak Ekran\u0131 Sistemi<\/b><\/p><div class=\"w-iconbox-text\"><p>Mutfak ve bar i\u015fleyi\u015fini sorunsuz hale getirmek ve takip etmek i\u00e7in \u00e7al\u0131\u015fanlar\u0131n\u0131z SambaPOS kullanarak mutfak ekran\u0131 ile sipari\u015fi otomatik olarak g\u00f6r\u00fcnt\u00fcleyebilir ve yemek haz\u0131rland\u0131ktan sonra SambaPOS GO Tablet arac\u0131l\u0131\u011f\u0131yla di\u011fer \u00e7al\u0131\u015fanlara sipari\u015f g\u00fcncellemeleri g\u00f6nderebilir.<\/p>\n<\/div><\/div><\/div><\/div><\/div><div class=\"wpb_column vc_column_container us_custom_6b8248eb\"><div class=\"vc_column-inner\"><div class=\"w-iconbox iconpos_left style_default color_primary align_left\"><div class=\"w-iconbox-icon\" style=\"font-size:2rem;\"><i class=\"fas fa-angle-right\"><\/i><\/div><div class=\"w-iconbox-meta\"><p class=\"w-iconbox-title\"><b>Hatas\u0131z Stok Takibi<\/b><\/p><div class=\"w-iconbox-text\"><p>Stoklar\u0131n\u0131z\u0131 g\u00fcn\u00fcn her saatinde takip edebilir ve \u00fcr\u00fcnleriniz bitmeden kontrol\u00fcn\u00fc sa\u011flayabilirsiniz. SambaPOS, stoklar\u0131n\u0131z\u0131n yenilenmesi gerekti\u011finde sizi uyar\u0131r. Bu sayede sat\u0131c\u0131lar\u0131n\u0131zla ileti\u015fime ge\u00e7erek stoklar\u0131n\u0131z\u0131 g\u00fcncelleyebilirsiniz.<\/p>\n<\/div><\/div><\/div><\/div><\/div><div class=\"wpb_column vc_column_container us_custom_6b8248eb\"><div class=\"vc_column-inner\"><div class=\"w-iconbox iconpos_left style_default color_primary align_left\"><div class=\"w-iconbox-icon\" style=\"font-size:2rem;\"><i class=\"fas fa-angle-right\"><\/i><\/div><div class=\"w-iconbox-meta\"><p class=\"w-iconbox-title\"><b>Men\u00fc ve Fiyatland\u0131rma<\/b><\/p><div class=\"w-iconbox-text\"><p>Men\u00fcn\u00fcz\u00fc, \u201cHappy Hours\u201d veya \u00f6zel etkinlikler i\u00e7in g\u00fcncelleyebilir, men\u00fcn\u00fczdeki \u00fcr\u00fcnleri veya fiyatlar\u0131 saatlere g\u00f6re de\u011fi\u015ftirebilir, diledi\u011finiz zaman herhangi bir \u00fcr\u00fcn ekleyebilir veya silebilirsiniz. Ayr\u0131ca men\u00fcn\u00fcz\u00fc a\u00e7\u0131klama veya resimler ekleyerek \u00f6zelle\u015ftirebilirsiniz.<\/p>\n<\/div><\/div><\/div><\/div><\/div><\/div><div class=\"w-separator size_custom\" style=\"height:75px\"><\/div><div class=\"g-cols wpb_row via_grid cols_3 laptops-cols_inherit tablets-cols_inherit mobiles-cols_1 valign_top type_default stacking_default\" style=\"--columns-gap:calc(3rem + 30px);\"><div class=\"wpb_column vc_column_container us_custom_6b8248eb\"><div class=\"vc_column-inner\"><div class=\"w-iconbox iconpos_left style_default color_primary align_left\"><div class=\"w-iconbox-icon\" style=\"font-size:2rem;\"><i class=\"fas fa-angle-right\"><\/i><\/div><div class=\"w-iconbox-meta\"><p class=\"w-iconbox-title\"><b>Ya\u015f Do\u011frulama<\/b><\/p><div class=\"w-iconbox-text\"><p>Bar veya gece kl\u00fcplerinizdeki m\u00fc\u015fterilerinizin ya\u015flar\u0131n\u0131 do\u011frulayabilir ve bunlar\u0131 kaydedebilirsiniz. \u00c7al\u0131nan veya kopyalanan kimlik kartlar\u0131n\u0131 tespit edebilir ve doland\u0131r\u0131c\u0131l\u0131k gibi aksiliklerin ya\u015fanmas\u0131n\u0131 \u00f6nleyebilirsiniz.<\/p>\n<\/div><\/div><\/div><\/div><\/div><div class=\"wpb_column vc_column_container us_custom_6b8248eb\"><div class=\"vc_column-inner\"><div class=\"w-iconbox iconpos_left style_default color_primary align_left\"><div class=\"w-iconbox-icon\" style=\"font-size:2rem;\"><i class=\"fas fa-angle-right\"><\/i><\/div><div class=\"w-iconbox-meta\"><p class=\"w-iconbox-title\"><b>Geli\u015fmi\u015f \u00d6deme Y\u00f6ntemi<\/b><\/p><div class=\"w-iconbox-text\"><p>SambaPOS, m\u00fc\u015fterileriniz i\u00e7in entegre \u00f6deme y\u00f6ntemleri sunar; nakit, kredi veya banka kartlar\u0131, \u00e7ekler, hediye kartlar\u0131 ve daha bir\u00e7ok \u00f6deme se\u00e7ene\u011finden g\u00fcvenli bir \u015fekilde yararlanabilirler. M\u00fc\u015fterilerinizin g\u00fcvenli \u00f6deme yapabilmelerini sa\u011flamak i\u00e7in SambaPOS u\u00e7tan uca \u015fifreleme sa\u011flar.<\/p>\n<\/div><\/div><\/div><\/div><\/div><div class=\"wpb_column vc_column_container us_custom_6b8248eb\"><div class=\"vc_column-inner\"><div class=\"w-iconbox iconpos_left style_default color_primary align_left\"><div class=\"w-iconbox-icon\" style=\"font-size:2rem;\"><i class=\"fas fa-angle-right\"><\/i><\/div><div class=\"w-iconbox-meta\"><p class=\"w-iconbox-title\"><b>Sadakat Program\u0131<\/b><\/p><div class=\"w-iconbox-text\"><p>Bar\u0131n\u0131za veya gece kul\u00fcb\u00fcn\u00fcze gelen m\u00fc\u015fterilerinizin devaml\u0131l\u0131\u011f\u0131n\u0131 sa\u011flamak i\u00e7in i\u015fletmenize \u00f6zel sadakat veya \u00f6d\u00fcl programlar\u0131 sunabilir ve d\u00fczenli m\u00fc\u015fterilerinize \u00e7e\u015fitli indirimler sa\u011flayabilirsiniz.<\/p>\n<\/div><\/div><\/div><\/div><\/div><\/div><div class=\"w-separator size_custom\" style=\"height:75px\"><\/div><\/div><\/div><\/div><\/div><\/section><section class=\"l-section wpb_row height_auto with_img\"><div class=\"l-section-img\" role=\"img\" aria-label=\"SambaPOS Bars and Nightclubs\" data-img-width=\"2480\" data-img-height=\"1653\" style=\"background-image: url(https:\/\/sambapos.com\/wp-content\/uploads\/bar-and-nights-image.jpeg);background-position: bottom center;\"><\/div><div class=\"l-section-h i-cf\"><div class=\"g-cols vc_row via_grid cols_2 laptops-cols_inherit tablets-cols_inherit mobiles-cols_1 valign_top type_default stacking_default\"><div class=\"wpb_column vc_column_container\"><div class=\"vc_column-inner\"><div class=\"w-separator size_custom\" style=\"height:75px\"><\/div><div class=\"g-cols wpb_row us_custom_807de8c1 via_grid cols_1 laptops-cols_inherit tablets-cols_inherit mobiles-cols_1 valign_top type_default stacking_default\" style=\"--columns-gap:3rem;\"><div class=\"wpb_column vc_column_container\"><div class=\"vc_column-inner\"><div class=\"w-separator size_custom\" style=\"height:25px\"><\/div><div class=\"w-iconbox iconpos_left style_default color_primary align_left\"><div class=\"w-iconbox-icon\" style=\"font-size:2rem;\"><i class=\"fas fa-angle-right\"><\/i><\/div><div class=\"w-iconbox-meta\"><h5 class=\"w-iconbox-title\"><b>Detayl\u0131 Raporlar<\/b><\/h5><div class=\"w-iconbox-text\"><p>SambaPOS size g\u00fcnl\u00fck, haftal\u0131k, ayl\u0131k ve y\u0131ll\u0131k olarak i\u015fletmenizin detayl\u0131 analizini sunar. \u00d6zelle\u015ftirilebilir raporlar ile i\u015fletmenizin performans\u0131 hakk\u0131nda e\u015f zamanl\u0131 ve \u00f6nemli bilgiler elde edebilirsiniz. Sat\u0131\u015flar\u0131n\u0131z\u0131 takip ederek en \u00e7ok ve en az satan \u00fcr\u00fcn\u00fc belirleyebilir buna g\u00f6re \u00fcr\u00fcnlerinizi kategorilere ay\u0131rabilirsiniz.<\/p>\n<ul>\n<li>Sat\u0131\u015f Raporu \u2013 Kar oran\u0131n\u0131z\u0131 takip edin ve sat\u0131\u015flar\u0131n\u0131z\u0131 y\u00f6netin<\/li>\n<li>\u00d6deme Raporu \u2013 \u00d6deme \u015feklini, vergileri, \u00f6d\u00fclleri ve bah\u015fi\u015fleri y\u00f6netin<\/li>\n<li>M\u00fc\u015fteri Raporu \u2013 \u0130\u015fletme performans\u0131n\u0131z\u0131 art\u0131rmak ve doland\u0131r\u0131c\u0131l\u0131\u011f\u0131 \u00f6nlemek i\u00e7in m\u00fc\u015fteri bilgilerini kaydedin<\/li>\n<\/ul>\n<\/div><\/div><\/div><div class=\"w-separator size_custom\" style=\"height:25px\"><\/div><\/div><\/div><\/div><div class=\"w-separator size_custom\" style=\"height:75px\"><\/div><div class=\"wpb_column vc_column_container\"><div class=\"vc_column-inner\"><\/div><\/div><\/div><\/div><div class=\"wpb_column vc_column_container\"><div class=\"vc_column-inner\"><\/div><\/div><\/div><\/div><\/section><section class=\"l-section wpb_row us_custom_3b745cf9 height_auto\"><div class=\"l-section-h i-cf\"><div class=\"g-cols vc_row via_grid cols_1 laptops-cols_inherit tablets-cols_inherit mobiles-cols_1 valign_top type_default stacking_default\"><div class=\"wpb_column vc_column_container\"><div class=\"vc_column-inner\"><div class=\"w-separator size_custom\" style=\"height:75px\"><\/div><div class=\"g-cols wpb_row via_grid cols_2 laptops-cols_inherit tablets-cols_inherit mobiles-cols_1 valign_middle type_default stacking_default\" style=\"--columns-gap:calc(3rem + 30px);\"><div class=\"wpb_column vc_column_container\"><div class=\"vc_column-inner\"><div class=\"w-image align_center\"><div class=\"w-image-h\"><img decoding=\"async\" width=\"1024\" height=\"615\" src=\"https:\/\/sambapos.com\/wp-content\/uploads\/sambapos-products-copy-1024x615.png\" class=\"attachment-large size-large\" alt=\"SambaPOS Products\" loading=\"lazy\" srcset=\"https:\/\/sambapos.com\/wp-content\/uploads\/sambapos-products-copy-1024x615.png 1024w, https:\/\/sambapos.com\/wp-content\/uploads\/sambapos-products-copy-300x180.png 300w, https:\/\/sambapos.com\/wp-content\/uploads\/sambapos-products-copy-600x360.png 600w, https:\/\/sambapos.com\/wp-content\/uploads\/sambapos-products-copy-100x60.png 100w, https:\/\/sambapos.com\/wp-content\/uploads\/sambapos-products-copy-150x90.png 150w, https:\/\/sambapos.com\/wp-content\/uploads\/sambapos-products-copy-120x72.png 120w, https:\/\/sambapos.com\/wp-content\/uploads\/sambapos-products-copy-200x120.png 200w, https:\/\/sambapos.com\/wp-content\/uploads\/sambapos-products-copy-73x44.png 73w, https:\/\/sambapos.com\/wp-content\/uploads\/sambapos-products-copy-50x30.png 50w, https:\/\/sambapos.com\/wp-content\/uploads\/sambapos-products-copy-60x36.png 60w, https:\/\/sambapos.com\/wp-content\/uploads\/sambapos-products-copy-400x240.png 400w, https:\/\/sambapos.com\/wp-content\/uploads\/sambapos-products-copy.png 1333w\" sizes=\"auto, (max-width: 1024px) 100vw, 1024px\" \/><\/div><\/div><\/div><\/div><div class=\"wpb_column vc_column_container\"><div class=\"vc_column-inner\"><div class=\"wpb_text_column\"><div class=\"wpb_wrapper\"><div class=\"icerik\">\n<h3>Bar\u0131n\u0131z veya Gece Kul\u00fcb\u00fcn\u00fcz i\u00e7in SambaPOS Sat\u0131n Al\u0131n!<\/h3>\n<p>Restoran, bar, gece kul\u00fcb\u00fc veya kafenizin ihtiya\u00e7lar\u0131n\u0131 en iyi \u015fekilde gidermek i\u00e7in buraya t\u0131klayarak \u015fimdi <a href=\"https:\/\/cp.sambapos.com\/market\"><strong>SambaPOS sat\u0131n al\u0131n<\/strong><\/a> veya <a href=\"https:\/\/sambapos.com\/tr\/yetkili-bayi-basvurusu\/\"><strong>bayi olun!<\/strong><\/a><\/p>\n<\/div>\n<\/div><\/div><\/div><\/div><\/div><div class=\"w-separator size_custom\" style=\"height:75px\"><\/div><\/div><\/div><\/div><\/div><\/section>\n","protected":false},"excerpt":{"rendered":"Barlar ve Gece Kul\u00fcpleri SambaPOS \u2013 Ayr\u0131cal\u0131kl\u0131 \u00d6zelliklerle \u0130\u015fletmenizin \u0130\u015fleyi\u015fini D\u00fczenleyen POS Sistemi E\u011fer bir bar veya gece kul\u00fcb\u00fc i\u015fletmeniz varsa onu sorunsuz bir \u015fekilde i\u015fletebilmek i\u00e7in iyi bir POS Sistemine ihtiya\u00e7 duyars\u0131n\u0131z. \u0130\u015fletmenizin t\u00fcm d\u00fczenini yorulmadan ve aksatmadan SambaPOS ile denetleyebilirsiniz. Barlar ve Gece Kul\u00fcpleri SambaPOS \u2013 Ayr\u0131cal\u0131kl\u0131 \u00d6zelliklerle \u0130\u015fletmenizin \u0130\u015fleyi\u015fini D\u00fczenleyen POS Sistemi...","protected":false},"author":1,"featured_media":0,"parent":0,"menu_order":0,"comment_status":"closed","ping_status":"closed","template":"","meta":{"footnotes":""},"class_list":["post-13645","page","type-page","status-publish","hentry"],"_links":{"self":[{"href":"https:\/\/sambapos.com\/tr\/wp-json\/wp\/v2\/pages\/13645","targetHints":{"allow":["GET"]}}],"collection":[{"href":"https:\/\/sambapos.com\/tr\/wp-json\/wp\/v2\/pages"}],"about":[{"href":"https:\/\/sambapos.com\/tr\/wp-json\/wp\/v2\/types\/page"}],"author":[{"embeddable":true,"href":"https:\/\/sambapos.com\/tr\/wp-json\/wp\/v2\/users\/1"}],"replies":[{"embeddable":true,"href":"https:\/\/sambapos.com\/tr\/wp-json\/wp\/v2\/comments?post=13645"}],"version-history":[{"count":6,"href":"https:\/\/sambapos.com\/tr\/wp-json\/wp\/v2\/pages\/13645\/revisions"}],"predecessor-version":[{"id":15913,"href":"https:\/\/sambapos.com\/tr\/wp-json\/wp\/v2\/pages\/13645\/revisions\/15913"}],"wp:attachment":[{"href":"https:\/\/sambapos.com\/tr\/wp-json\/wp\/v2\/media?parent=13645"}],"curies":[{"name":"wp","href":"https:\/\/api.w.org\/{rel}","templated":true}]}}