{"id":13641,"date":"2021-11-29T08:49:16","date_gmt":"2021-11-29T08:49:16","guid":{"rendered":"https:\/\/sambapos.com\/cafe-bakery\/"},"modified":"2023-10-10T14:04:51","modified_gmt":"2023-10-10T14:04:51","slug":"kafe-firin","status":"publish","type":"page","link":"https:\/\/sambapos.com\/tr\/kafe-firin\/","title":{"rendered":"Kafe &#038; F\u0131r\u0131n"},"content":{"rendered":"<section class=\"l-section wpb_row us_custom_6f1f8981 hide_on_tablets hide_on_mobiles height_huge\"><div class=\"l-section-h i-cf\"><div class=\"g-cols vc_row via_grid cols_1 laptops-cols_inherit tablets-cols_inherit mobiles-cols_1 valign_top type_default stacking_default\" style=\"--columns-gap:30rem;\"><div class=\"wpb_column vc_column_container\"><div class=\"vc_column-inner\"><div class=\"g-cols wpb_row via_grid cols_2 laptops-cols_inherit tablets-cols_inherit mobiles-cols_1 valign_middle type_default stacking_default\" style=\"--columns-gap:calc(3rem + 30px);\"><div class=\"wpb_column vc_column_container us_custom_862028bc\"><div class=\"vc_column-inner\"><div class=\"wpb_text_column\"><div class=\"wpb_wrapper\"><h1><span style=\"color: #ff3131;\">Kafe &amp; F\u0131r\u0131n<\/span><\/h1>\n<\/div><\/div><div class=\"w-separator size_custom\" style=\"height:25px\"><\/div><div class=\"wpb_text_column us_custom_1e0e9307\"><div class=\"wpb_wrapper\"><p><strong>Kafenizi ve F\u0131r\u0131n\u0131n\u0131z\u0131 SambaPOS&#8217;un Otomatikle\u015ftirilmi\u015f \u00d6zellikleriyle \u00c7al\u0131\u015ft\u0131r\u0131n!<\/strong><\/p>\n<\/div><\/div><div class=\"w-separator size_custom\" style=\"height:25px\"><\/div><div class=\"wpb_text_column\"><div class=\"wpb_wrapper\"><p>M\u00fc\u015fteri ekran\u0131 konfig\u00fcrasyonu, daha h\u0131zl\u0131 faturaland\u0131rma ve sadakat programlar\u0131yla kafeniz veya f\u0131r\u0131n\u0131n\u0131z\u0131n m\u00fc\u015fteri memnuniyetini art\u0131rarak s\u00fcrekli m\u00fc\u015fteriler edinebilir ve i\u015fletmenizi b\u00fcy\u00fctebilirsiniz.<\/p>\n<\/div><\/div><div class=\"w-separator size_custom\" style=\"height:75px\"><\/div><\/div><\/div><div class=\"wpb_column vc_column_container\"><div class=\"vc_column-inner\"><\/div><\/div><\/div><\/div><\/div><\/div><\/div><\/section><section class=\"l-section wpb_row hide_on_default hide_on_laptops height_huge\"><div class=\"l-section-h i-cf\"><div class=\"g-cols vc_row via_grid cols_1 laptops-cols_inherit tablets-cols_inherit mobiles-cols_1 valign_top type_default stacking_default\" style=\"--columns-gap:30rem;\"><div class=\"wpb_column vc_column_container\"><div class=\"vc_column-inner\"><div class=\"g-cols wpb_row via_grid cols_1 laptops-cols_inherit tablets-cols_inherit mobiles-cols_1 valign_middle type_default stacking_default\" style=\"--columns-gap:calc(3rem + 30px);\"><div class=\"wpb_column vc_column_container\"><div class=\"vc_column-inner\"><div class=\"w-separator size_custom\" style=\"height:75px\"><\/div><div class=\"wpb_text_column\"><div class=\"wpb_wrapper\"><h1><span style=\"color: #ff3131;\">Kafe &amp; F\u0131r\u0131n<\/span><\/h1>\n<\/div><\/div><div class=\"w-separator size_custom\" style=\"height:25px\"><\/div><div class=\"wpb_text_column us_custom_1e0e9307\"><div class=\"wpb_wrapper\"><p><strong>Kafenizi ve F\u0131r\u0131n\u0131n\u0131z\u0131 SambaPOS&#8217;un Otomatikle\u015ftirilmi\u015f \u00d6zellikleriyle \u00c7al\u0131\u015ft\u0131r\u0131n!<\/strong><\/p>\n<\/div><\/div><div class=\"w-separator size_custom\" style=\"height:25px\"><\/div><div class=\"wpb_text_column\"><div class=\"wpb_wrapper\"><p>M\u00fc\u015fteri ekran\u0131 konfig\u00fcrasyonu, daha h\u0131zl\u0131 faturaland\u0131rma ve sadakat programlar\u0131yla kafeniz veya f\u0131r\u0131n\u0131n\u0131z\u0131n m\u00fc\u015fteri memnuniyetini art\u0131rarak s\u00fcrekli m\u00fc\u015fteriler edinebilir ve i\u015fletmenizi b\u00fcy\u00fctebilirsiniz.<\/p>\n<\/div><\/div><\/div><\/div><\/div><\/div><\/div><\/div><\/div><\/section><section class=\"l-section wpb_row us_custom_3b745cf9 height_auto\"><div class=\"l-section-h i-cf\"><div class=\"g-cols vc_row via_grid cols_1 laptops-cols_inherit tablets-cols_inherit mobiles-cols_1 valign_top type_default stacking_default\"><div class=\"wpb_column vc_column_container\"><div class=\"vc_column-inner\"><div class=\"w-separator hide_on_tablets hide_on_mobiles size_custom\" style=\"height:75px\"><\/div><div class=\"g-cols wpb_row via_grid cols_2 laptops-cols_inherit tablets-cols_inherit mobiles-cols_1 valign_middle type_default stacking_default\" style=\"--columns-gap:calc(3rem + 30px);\"><div class=\"wpb_column vc_column_container\"><div class=\"vc_column-inner\"><div class=\"w-image align_center\"><div class=\"w-image-h\"><img decoding=\"async\" width=\"600\" height=\"400\" src=\"https:\/\/sambapos.com\/wp-content\/uploads\/Cafe-Bakery-image.png\" class=\"attachment-large size-large\" alt=\"SambaPOS Cafe Bakery\" loading=\"lazy\" srcset=\"https:\/\/sambapos.com\/wp-content\/uploads\/Cafe-Bakery-image.png 600w, https:\/\/sambapos.com\/wp-content\/uploads\/Cafe-Bakery-image-300x200.png 300w, https:\/\/sambapos.com\/wp-content\/uploads\/Cafe-Bakery-image-100x67.png 100w, https:\/\/sambapos.com\/wp-content\/uploads\/Cafe-Bakery-image-150x100.png 150w, https:\/\/sambapos.com\/wp-content\/uploads\/Cafe-Bakery-image-120x80.png 120w, https:\/\/sambapos.com\/wp-content\/uploads\/Cafe-Bakery-image-200x133.png 200w, https:\/\/sambapos.com\/wp-content\/uploads\/Cafe-Bakery-image-66x44.png 66w, https:\/\/sambapos.com\/wp-content\/uploads\/Cafe-Bakery-image-45x30.png 45w, https:\/\/sambapos.com\/wp-content\/uploads\/Cafe-Bakery-image-60x40.png 60w, https:\/\/sambapos.com\/wp-content\/uploads\/Cafe-Bakery-image-400x267.png 400w\" sizes=\"auto, (max-width: 600px) 100vw, 600px\" \/><\/div><\/div><\/div><\/div><div class=\"wpb_column vc_column_container\"><div class=\"vc_column-inner\"><div class=\"wpb_text_column\"><div class=\"wpb_wrapper\"><h2>Kafe veya F\u0131r\u0131n\u0131n\u0131z i\u00e7in;<\/h2>\n<ul>\n<li>E\u015f zamanl\u0131 stok y\u00f6netimi<\/li>\n<li>M\u00fc\u015fteri ekran\u0131 ile sipari\u015f takibi<\/li>\n<li>Kolay \u00f6deme y\u00f6ntemleri<\/li>\n<li>Sadakat programlar\u0131 ve indirim teklifleri<\/li>\n<\/ul>\n<\/div><\/div><\/div><\/div><\/div><div class=\"w-separator size_custom\" style=\"height:75px\"><\/div><div class=\"g-cols wpb_row via_grid cols_2 laptops-cols_inherit tablets-cols_inherit mobiles-cols_1 valign_top type_default stacking_default\" style=\"--columns-gap:calc(3rem + 30px);\"><div class=\"wpb_column vc_column_container\"><div class=\"vc_column-inner\"><div class=\"wpb_text_column\"><div class=\"wpb_wrapper\"><h3><strong>Stoklar\u0131n\u0131z\u0131 Y\u00f6netin<\/strong><\/h3>\n<p>Kafe ve unlu mamullerin gerekli mutfak malzemeleri h\u0131zla t\u00fckenebilir ve stoklar\u0131n\u0131n s\u00fcrekli g\u00fcncellenmesi gerekebilir. D\u00fczenli raporlar arac\u0131l\u0131\u011f\u0131yla deponuzdaki eksik malzemeleri s\u00fcrekli ve an\u0131nda tespit ederek stoklar\u0131n\u0131z\u0131 y\u00f6netebilirsiniz. Sipari\u015fler ve mutfak y\u00f6netimi birbiriyle ba\u011flant\u0131l\u0131 oldu\u011fundan stok y\u00f6netimini sorunsuz bir \u015fekilde kontrol edebilirsiniz.<\/p>\n<\/div><\/div><div class=\"w-separator size_custom\" style=\"height:25px\"><\/div><div class=\"w-iconbox iconpos_left style_default color_primary align_left\"><div class=\"w-iconbox-icon\" style=\"font-size:2rem;\"><i class=\"fas fa-angle-right\"><\/i><\/div><div class=\"w-iconbox-meta\"><p class=\"w-iconbox-title\"><b>Stok Takibi<\/b><\/p><div class=\"w-iconbox-text\"><p>Men\u00fcn\u00fczdeki her bir \u00fcr\u00fcn\u00fcn detay\u0131n\u0131 re\u00e7etelerinize ekleyerek stoklar\u0131n\u0131z\u0131 kusursuz bir \u015fekilde takip edebilirsiniz.<\/p>\n<\/div><\/div><\/div><div class=\"w-separator size_custom\" style=\"height:25px\"><\/div><div class=\"w-iconbox iconpos_left style_default color_primary align_left\"><div class=\"w-iconbox-icon\" style=\"font-size:2rem;\"><i class=\"fas fa-angle-right\"><\/i><\/div><div class=\"w-iconbox-meta\"><p class=\"w-iconbox-title\"><b>Stok Raporlar\u0131<\/b><\/p><div class=\"w-iconbox-text\"><p>Stok raporlar\u0131, mutfa\u011f\u0131n\u0131z\u0131n i\u015fleyi\u015finin aksamamas\u0131 i\u00e7in size d\u00fczenli uyar\u0131lar\/bildirimler ile hat\u0131rlatma yapar. Ayr\u0131ca en \u00e7ok sat\u0131lan \u00fcr\u00fcnlerinizi, favori \u00fcr\u00fcnlerinizi ve daha fazlas\u0131n\u0131 g\u00f6r\u00fcnt\u00fcleyebilirsiniz!<\/p>\n<\/div><\/div><\/div><\/div><\/div><div class=\"wpb_column vc_column_container\"><div class=\"vc_column-inner\"><div class=\"wpb_text_column\"><div class=\"wpb_wrapper\"><h3><strong>Sorunsuz \u0130\u015flemler i\u00e7in Mutfak Ekran\u0131<\/strong><\/h3>\n<p>Mutfak Ekran\u0131 Konfig\u00fcrasyonu, e\u015f zamanl\u0131 sipari\u015f y\u00f6netimi ile m\u00fc\u015fterilerinizin bekleme s\u00fcresini azalt\u0131r. Garsonlar, mutfak personeli ile sipari\u015fleri koordine etmek i\u00e7in s\u0131k s\u0131k mutfa\u011fa gitmek durumunda kalmazlar.<\/p>\n<\/div><\/div><div class=\"w-separator size_custom\" style=\"height:25px\"><\/div><div class=\"w-iconbox iconpos_left style_default color_primary align_left\"><div class=\"w-iconbox-icon\" style=\"font-size:2rem;\"><i class=\"fas fa-angle-right\"><\/i><\/div><div class=\"w-iconbox-meta\"><p class=\"w-iconbox-title\"><b>Otomatik \u00d6zellik Se\u00e7<\/b><\/p><div class=\"w-iconbox-text\"><p>Sipari\u015f edilen herhangi bir \u00fcr\u00fcne i\u00e7ecek, sos gibi tamamlay\u0131c\u0131 \u00fcr\u00fcn eklendi\u011finde otomatik olarak g\u00f6r\u00fcnt\u00fclenmesini sa\u011flayabilirsiniz.<\/p>\n<\/div><\/div><\/div><\/div><\/div><\/div><div class=\"w-separator size_custom\" style=\"height:75px\"><\/div><div class=\"g-cols wpb_row via_grid cols_2 laptops-cols_inherit tablets-cols_inherit mobiles-cols_1 valign_middle type_default stacking_default\" style=\"--columns-gap:calc(3rem + 30px);\"><div class=\"wpb_column vc_column_container\"><div class=\"vc_column-inner\"><div class=\"wpb_text_column\"><div class=\"wpb_wrapper\"><h3><strong>M\u00fc\u015fteri Ekran\u0131 Konfig\u00fcrasyonu<\/strong><\/h3>\n<p>M\u00fc\u015fteri ekran\u0131 ile m\u00fc\u015fterileriniz sipari\u015f ettikleri \u00fcr\u00fcnlerin detaylar\u0131n\u0131 M\u00fc\u015fteri Ekran Konfig\u00fcrasyonundan takip edebilir. M\u00fc\u015fterileriniz ekranda \u00fcr\u00fcnlerin fiyatlar\u0131n\u0131, vergilerini, indirimlerini ve di\u011fer detaylar\u0131 g\u00f6rebilir.<\/p>\n<\/div><\/div><\/div><\/div><div class=\"wpb_column vc_column_container\"><div class=\"vc_column-inner\"><div class=\"w-image align_center\"><div class=\"w-image-h\"><img decoding=\"async\" width=\"600\" height=\"537\" src=\"https:\/\/sambapos.com\/wp-content\/uploads\/Cafe-Bakery-Product-2.png\" class=\"attachment-large size-large\" alt=\"SambaPOS Cafe Bakery\" loading=\"lazy\" srcset=\"https:\/\/sambapos.com\/wp-content\/uploads\/Cafe-Bakery-Product-2.png 600w, https:\/\/sambapos.com\/wp-content\/uploads\/Cafe-Bakery-Product-2-300x269.png 300w, https:\/\/sambapos.com\/wp-content\/uploads\/Cafe-Bakery-Product-2-447x400.png 447w, https:\/\/sambapos.com\/wp-content\/uploads\/Cafe-Bakery-Product-2-100x90.png 100w, https:\/\/sambapos.com\/wp-content\/uploads\/Cafe-Bakery-Product-2-150x134.png 150w, https:\/\/sambapos.com\/wp-content\/uploads\/Cafe-Bakery-Product-2-120x107.png 120w, https:\/\/sambapos.com\/wp-content\/uploads\/Cafe-Bakery-Product-2-200x179.png 200w, https:\/\/sambapos.com\/wp-content\/uploads\/Cafe-Bakery-Product-2-49x44.png 49w, https:\/\/sambapos.com\/wp-content\/uploads\/Cafe-Bakery-Product-2-34x30.png 34w, https:\/\/sambapos.com\/wp-content\/uploads\/Cafe-Bakery-Product-2-60x54.png 60w, https:\/\/sambapos.com\/wp-content\/uploads\/Cafe-Bakery-Product-2-400x358.png 400w\" sizes=\"auto, (max-width: 600px) 100vw, 600px\" \/><\/div><\/div><\/div><\/div><\/div><div class=\"w-separator size_custom\" style=\"height:75px\"><\/div><div class=\"g-cols wpb_row via_grid cols_2 laptops-cols_inherit tablets-cols_inherit mobiles-cols_1 valign_top type_default stacking_default\" style=\"--columns-gap:calc(3rem + 30px);\"><div class=\"wpb_column vc_column_container us_custom_6b8248eb\"><div class=\"vc_column-inner\"><div class=\"w-iconbox iconpos_left style_default color_primary align_left\"><div class=\"w-iconbox-icon\" style=\"font-size:2rem;\"><i class=\"fas fa-angle-right\"><\/i><\/div><div class=\"w-iconbox-meta\"><p class=\"w-iconbox-title\"><b>S\u0131n\u0131rs\u0131z Men\u00fc Olu\u015fturun<\/b><\/p><div class=\"w-iconbox-text\"><ul>\n<li>Herhangi bir hata olmadan kolayca \u00e7ok dilli bir men\u00fc olu\u015fturabilir, d\u00fczenleyebilir ve g\u00fcncelleyebilirsiniz.<\/li>\n<li>Her b\u00f6l\u00fcm\u00fcn alt\u0131nda kategoriler ve alt kategoriler olu\u015fturarak men\u00fcde g\u00fcncellemeler yapabilirsiniz. \u00d6rne\u011fin i\u00e7ecek b\u00f6l\u00fcm\u00fcn\u00fcn alt\u0131nda s\u0131ras\u0131yla s\u0131cak ve so\u011fuk i\u00e7ecekler i\u00e7in alt kategoriler olu\u015fturabilirsiniz.<\/li>\n<li>Mutfakta mevcut olan d\u00f6nemsel ve mevsimlik malzemelere g\u00f6re birden fazla men\u00fc bulundurabilirsiniz.<\/li>\n<\/ul>\n<\/div><\/div><\/div><\/div><\/div><div class=\"wpb_column vc_column_container us_custom_6b8248eb\"><div class=\"vc_column-inner\"><div class=\"w-iconbox iconpos_left style_default color_primary align_left\"><div class=\"w-iconbox-icon\" style=\"font-size:2rem;\"><i class=\"fas fa-angle-right\"><\/i><\/div><div class=\"w-iconbox-meta\"><p class=\"w-iconbox-title\"><b>Sipari\u015f Y\u00f6netimi<\/b><\/p><div class=\"w-iconbox-text\"><p>E\u015f zamanl\u0131 mutfak ekran\u0131n\u0131zda sipari\u015flerinizi \u201cyeni\u201d, \u201cbekleyen\u201d ve \u201cteslim edildi\u201d olarak ayr\u0131 departmanlara atayarak daha kolay y\u00f6netebilirsiniz.<\/p>\n<ul>\n<li>Restoran i\u00e7i sipari\u015fler veya paket servis sipari\u015fleri, merkezi bir da\u011f\u0131t\u0131m y\u00f6netim sisteminde i\u015flenir.<\/li>\n<li>M\u00fc\u015fterilerinize rezervasyon sistemi ile istedikleri \u00fcr\u00fcnleri sipari\u015f edebilmelerini sa\u011flayarak onlara ki\u015fiselle\u015ftirilmi\u015f bir hizmet sunabilirsiniz.<\/li>\n<\/ul>\n<\/div><\/div><\/div><\/div><\/div><\/div><div class=\"w-separator size_custom\" style=\"height:75px\"><\/div><\/div><\/div><\/div><\/div><\/section><section class=\"l-section wpb_row height_small with_img\"><div class=\"l-section-img\" role=\"img\" aria-label=\"SambaPOS Cafe Bakery\" data-img-width=\"2560\" data-img-height=\"1707\" style=\"background-image: url(https:\/\/sambapos.com\/wp-content\/uploads\/cafe-bakery-image.jpg);background-position: center right;\"><\/div><div class=\"l-section-h i-cf\"><div class=\"g-cols vc_row via_grid cols_2 laptops-cols_inherit tablets-cols_inherit mobiles-cols_1 valign_top type_default stacking_default\"><div class=\"wpb_column vc_column_container\"><div class=\"vc_column-inner\"><div class=\"w-separator size_custom\" style=\"height:75px\"><\/div><div class=\"g-cols wpb_row us_custom_807de8c1 via_grid cols_1 laptops-cols_inherit tablets-cols_inherit mobiles-cols_1 valign_top type_default stacking_default\" style=\"--columns-gap:3rem;\"><div class=\"wpb_column vc_column_container\"><div class=\"vc_column-inner\"><div class=\"w-separator size_custom\" style=\"height:25px\"><\/div><div class=\"w-iconbox iconpos_left style_default color_primary align_left\"><div class=\"w-iconbox-icon\" style=\"font-size:2rem;\"><i class=\"fas fa-angle-right\"><\/i><\/div><div class=\"w-iconbox-meta\"><h4 class=\"w-iconbox-title\"><b>Daha \u0130yi \u00d6deme Y\u00f6ntemleri<\/b><\/h4><div class=\"w-iconbox-text\"><p>M\u00fc\u015fterileriniz QR kodlar\u0131, kart \u00f6demeleri veya e-faturalar\u0131 kullanarak temass\u0131z \u00f6deme yapabilirler. Ayr\u0131ca SambaPOS ile otomatik fatura olu\u015fturarak daha h\u0131zl\u0131 hesaplama yapabilir ve m\u00fc\u015fterilerinize otomatik fatura g\u00f6nderebilirsiniz.<\/p>\n<p><strong>Sadakat Puanlar\u0131 ve \u0130ndirimler<\/strong><\/p>\n<p>D\u00fczenli m\u00fc\u015fterilerinizin memnuniyetlerini art\u0131rmak ve onlara daha iyi hizmet sunmak i\u00e7in sadakat veya \u00f6d\u00fcl puanlar\u0131 ekleyebilirsiniz. D\u00fczenli m\u00fc\u015fterilerinize onlara \u00f6deme konusunda yard\u0131mc\u0131 olabilirsiniz:<\/p>\n<ul>\n<li>Sadakat kartlar\u0131 m\u00fc\u015fteri hesaplar\u0131na sorunsuz bir \u015fekilde eklenir<\/li>\n<li>Bir m\u00fc\u015fteri sadakat puanlar\u0131n\u0131 kullanmay\u0131 se\u00e7ti\u011finde indirimler otomatik olarak hesaplan\u0131r<\/li>\n<li>M\u00fc\u015fterilerinize do\u011fum g\u00fcnlerinde veya \u00f6zel g\u00fcn\/y\u0131l d\u00f6n\u00fcmlerinde \u00f6zel teklifler sunulur<\/li>\n<\/ul>\n<\/div><\/div><\/div><div class=\"w-separator size_custom\" style=\"height:25px\"><\/div><\/div><\/div><\/div><div class=\"w-separator size_custom\" style=\"height:75px\"><\/div><div class=\"wpb_column vc_column_container\"><div class=\"vc_column-inner\"><\/div><\/div><\/div><\/div><div class=\"wpb_column vc_column_container\"><div class=\"vc_column-inner\"><\/div><\/div><\/div><\/div><\/section><section class=\"l-section wpb_row us_custom_3b745cf9 height_small\"><div class=\"l-section-h i-cf\"><div class=\"g-cols vc_row via_grid cols_1 laptops-cols_inherit tablets-cols_inherit mobiles-cols_1 valign_top type_default stacking_default\"><div class=\"wpb_column vc_column_container\"><div class=\"vc_column-inner\"><div class=\"w-separator size_custom\" style=\"height:75px\"><\/div><div class=\"g-cols wpb_row via_grid cols_2 laptops-cols_inherit tablets-cols_inherit mobiles-cols_1 valign_middle type_default stacking_default\" style=\"--columns-gap:calc(3rem + 30px);\"><div class=\"wpb_column vc_column_container\"><div class=\"vc_column-inner\"><div class=\"w-image align_center\"><div class=\"w-image-h\"><img decoding=\"async\" width=\"1024\" height=\"615\" src=\"https:\/\/sambapos.com\/wp-content\/uploads\/sambapos-products-copy-1024x615.png\" class=\"attachment-large size-large\" alt=\"SambaPOS Products\" loading=\"lazy\" srcset=\"https:\/\/sambapos.com\/wp-content\/uploads\/sambapos-products-copy-1024x615.png 1024w, https:\/\/sambapos.com\/wp-content\/uploads\/sambapos-products-copy-300x180.png 300w, https:\/\/sambapos.com\/wp-content\/uploads\/sambapos-products-copy-600x360.png 600w, https:\/\/sambapos.com\/wp-content\/uploads\/sambapos-products-copy-100x60.png 100w, https:\/\/sambapos.com\/wp-content\/uploads\/sambapos-products-copy-150x90.png 150w, https:\/\/sambapos.com\/wp-content\/uploads\/sambapos-products-copy-120x72.png 120w, https:\/\/sambapos.com\/wp-content\/uploads\/sambapos-products-copy-200x120.png 200w, https:\/\/sambapos.com\/wp-content\/uploads\/sambapos-products-copy-73x44.png 73w, https:\/\/sambapos.com\/wp-content\/uploads\/sambapos-products-copy-50x30.png 50w, https:\/\/sambapos.com\/wp-content\/uploads\/sambapos-products-copy-60x36.png 60w, https:\/\/sambapos.com\/wp-content\/uploads\/sambapos-products-copy-400x240.png 400w, https:\/\/sambapos.com\/wp-content\/uploads\/sambapos-products-copy.png 1333w\" sizes=\"auto, (max-width: 1024px) 100vw, 1024px\" \/><\/div><\/div><\/div><\/div><div class=\"wpb_column vc_column_container\"><div class=\"vc_column-inner\"><div class=\"wpb_text_column\"><div class=\"wpb_wrapper\"><h3>Kafe\/F\u0131r\u0131n \u0130\u015fletmenizi Y\u00fckseltin<\/h3>\n<p>SambaPOS, bir kafe veya f\u0131r\u0131n i\u00e7in ihtiyac\u0131n\u0131z olan her \u015feye sahiptir. Kafe veya f\u0131r\u0131n\u0131n\u0131z ile uyumlu stok takibi, sipari\u015fleriniz i\u00e7in e\u015f zamanl\u0131 m\u00fc\u015fteri ekranlar\u0131, h\u0131zl\u0131 \u00f6deme y\u00f6ntemleri ve daha fazlas\u0131 i\u00e7in \u015fimdi <a href=\"https:\/\/cp.sambapos.com\/market\"><strong>SambaPOS sat\u0131n al\u0131n<\/strong><\/a> veya <a href=\"https:\/\/sambapos.com\/tr\/yetkili-bayi-basvurusu\/\"><strong>bayi olun!<\/strong><\/a><\/p>\n<\/div><\/div><\/div><\/div><\/div><div class=\"w-separator size_custom\" style=\"height:75px\"><\/div><\/div><\/div><\/div><\/div><\/section>\n","protected":false},"excerpt":{"rendered":"Kafe &amp; F\u0131r\u0131n Kafenizi ve F\u0131r\u0131n\u0131n\u0131z\u0131 SambaPOS&#8217;un Otomatikle\u015ftirilmi\u015f \u00d6zellikleriyle \u00c7al\u0131\u015ft\u0131r\u0131n! M\u00fc\u015fteri ekran\u0131 konfig\u00fcrasyonu, daha h\u0131zl\u0131 faturaland\u0131rma ve sadakat programlar\u0131yla kafeniz veya f\u0131r\u0131n\u0131n\u0131z\u0131n m\u00fc\u015fteri memnuniyetini art\u0131rarak s\u00fcrekli m\u00fc\u015fteriler edinebilir ve i\u015fletmenizi b\u00fcy\u00fctebilirsiniz. Kafe &amp; F\u0131r\u0131n Kafenizi ve F\u0131r\u0131n\u0131n\u0131z\u0131 SambaPOS&#8217;un Otomatikle\u015ftirilmi\u015f \u00d6zellikleriyle \u00c7al\u0131\u015ft\u0131r\u0131n! M\u00fc\u015fteri ekran\u0131 konfig\u00fcrasyonu, daha h\u0131zl\u0131 faturaland\u0131rma ve sadakat programlar\u0131yla kafeniz veya f\u0131r\u0131n\u0131n\u0131z\u0131n m\u00fc\u015fteri memnuniyetini...","protected":false},"author":1,"featured_media":0,"parent":0,"menu_order":0,"comment_status":"closed","ping_status":"closed","template":"","meta":{"footnotes":""},"class_list":["post-13641","page","type-page","status-publish","hentry"],"_links":{"self":[{"href":"https:\/\/sambapos.com\/tr\/wp-json\/wp\/v2\/pages\/13641","targetHints":{"allow":["GET"]}}],"collection":[{"href":"https:\/\/sambapos.com\/tr\/wp-json\/wp\/v2\/pages"}],"about":[{"href":"https:\/\/sambapos.com\/tr\/wp-json\/wp\/v2\/types\/page"}],"author":[{"embeddable":true,"href":"https:\/\/sambapos.com\/tr\/wp-json\/wp\/v2\/users\/1"}],"replies":[{"embeddable":true,"href":"https:\/\/sambapos.com\/tr\/wp-json\/wp\/v2\/comments?post=13641"}],"version-history":[{"count":8,"href":"https:\/\/sambapos.com\/tr\/wp-json\/wp\/v2\/pages\/13641\/revisions"}],"predecessor-version":[{"id":15917,"href":"https:\/\/sambapos.com\/tr\/wp-json\/wp\/v2\/pages\/13641\/revisions\/15917"}],"wp:attachment":[{"href":"https:\/\/sambapos.com\/tr\/wp-json\/wp\/v2\/media?parent=13641"}],"curies":[{"name":"wp","href":"https:\/\/api.w.org\/{rel}","templated":true}]}}