{"id":13604,"date":"2022-05-17T11:14:46","date_gmt":"2022-05-17T11:14:46","guid":{"rendered":"https:\/\/sambapos.com\/support\/"},"modified":"2024-04-19T07:54:08","modified_gmt":"2024-04-19T07:54:08","slug":"destek","status":"publish","type":"page","link":"https:\/\/sambapos.com\/tr\/destek\/","title":{"rendered":"Destek"},"content":{"rendered":"<section class=\"l-section wpb_row height_large\"><div class=\"l-section-h i-cf\"><div class=\"g-cols vc_row via_grid cols_1 laptops-cols_inherit tablets-cols_inherit mobiles-cols_1 valign_middle type_default stacking_default\"><div class=\"wpb_column vc_column_container\"><div class=\"vc_column-inner\"><div class=\"g-cols wpb_row via_grid cols_1-4-1 laptops-cols_inherit tablets-cols_inherit mobiles-cols_1 valign_top type_default stacking_default\" style=\"--columns-gap:3rem;\"><div class=\"wpb_column vc_column_container\"><div class=\"vc_column-inner\"><\/div><\/div><div class=\"wpb_column vc_column_container\"><div class=\"vc_column-inner\"><div class=\"wpb_text_column\"><div class=\"wpb_wrapper\"><h2 style=\"text-align: center;\">Bize eposta g\u00f6nderebilir ya da a\u015fa\u011f\u0131daki ba\u011flant\u0131lardan destek dok\u00fcmanlar\u0131m\u0131za ula\u015fabilirsiniz.<\/h2>\n<h5 style=\"text-align: center;\">Bize ula\u015fmak isterseniz: <a href=\"mailto:support@sambapos.com\">support@sambapos.com<\/a><\/h5>\n<\/div><\/div><div class=\"w-separator size_custom\" style=\"height:25px\"><\/div><\/div><\/div><div class=\"wpb_column vc_column_container\"><div class=\"vc_column-inner\"><\/div><\/div><\/div><div class=\"g-cols wpb_row hide_on_tablets hide_on_mobiles via_grid cols_6 laptops-cols_inherit tablets-cols_inherit mobiles-cols_1 valign_top type_default stacking_default\" style=\"--columns-gap:3rem;\"><div class=\"wpb_column vc_column_container\"><div class=\"vc_column-inner\"><\/div><\/div><div class=\"wpb_column vc_column_container\"><div class=\"vc_column-inner\"><\/div><\/div><div class=\"wpb_column vc_column_container\"><div class=\"vc_column-inner\"><div class=\"w-btn-wrapper align_right\"><a class=\"w-btn us-btn-style_26 us_custom_3000a3fb\" href=\"https:\/\/forum.sambapos.com\/\"><span class=\"w-btn-label\">Forum<\/span><\/a><\/div><\/div><\/div><div class=\"wpb_column vc_column_container\"><div class=\"vc_column-inner\"><div class=\"w-btn-wrapper align_left\"><a class=\"w-btn us-btn-style_28 us_custom_3000a3fb\" href=\"https:\/\/kb.sambapos.com\/?lang=en\"><span class=\"w-btn-label\">D\u00f6k\u00fcmanlar<\/span><\/a><\/div><\/div><\/div><div class=\"wpb_column vc_column_container\"><div class=\"vc_column-inner\"><\/div><\/div><div class=\"wpb_column vc_column_container\"><div class=\"vc_column-inner\"><\/div><\/div><\/div><div class=\"g-cols wpb_row hide_on_default hide_on_laptops via_grid cols_1 laptops-cols_inherit tablets-cols_inherit mobiles-cols_1 valign_top type_default stacking_default\" style=\"--columns-gap:3rem;\"><div class=\"wpb_column vc_column_container\"><div class=\"vc_column-inner\"><div class=\"w-btn-wrapper align_center\"><a class=\"w-btn us-btn-style_26 us_custom_3000a3fb\" href=\"https:\/\/forum.sambapos.com\/\"><span class=\"w-btn-label\">Forum<\/span><\/a><\/div><div class=\"w-btn-wrapper align_center\"><a class=\"w-btn us-btn-style_28 us_custom_3000a3fb\" href=\"https:\/\/kb.sambapos.com\/?lang=en\"><span class=\"w-btn-label\">D\u00f6k\u00fcmanlar<\/span><\/a><\/div><\/div><\/div><\/div><\/div><\/div><\/div><\/div><\/section>\n","protected":false},"excerpt":{"rendered":"Bize eposta g\u00f6nderebilir ya da a\u015fa\u011f\u0131daki ba\u011flant\u0131lardan destek dok\u00fcmanlar\u0131m\u0131za ula\u015fabilirsiniz. Bize ula\u015fmak isterseniz: support@sambapos.com ForumD\u00f6k\u00fcmanlarForumD\u00f6k\u00fcmanlar","protected":false},"author":1,"featured_media":0,"parent":0,"menu_order":0,"comment_status":"closed","ping_status":"closed","template":"","meta":{"footnotes":""},"class_list":["post-13604","page","type-page","status-publish","hentry"],"_links":{"self":[{"href":"https:\/\/sambapos.com\/tr\/wp-json\/wp\/v2\/pages\/13604","targetHints":{"allow":["GET"]}}],"collection":[{"href":"https:\/\/sambapos.com\/tr\/wp-json\/wp\/v2\/pages"}],"about":[{"href":"https:\/\/sambapos.com\/tr\/wp-json\/wp\/v2\/types\/page"}],"author":[{"embeddable":true,"href":"https:\/\/sambapos.com\/tr\/wp-json\/wp\/v2\/users\/1"}],"replies":[{"embeddable":true,"href":"https:\/\/sambapos.com\/tr\/wp-json\/wp\/v2\/comments?post=13604"}],"version-history":[{"count":4,"href":"https:\/\/sambapos.com\/tr\/wp-json\/wp\/v2\/pages\/13604\/revisions"}],"predecessor-version":[{"id":13677,"href":"https:\/\/sambapos.com\/tr\/wp-json\/wp\/v2\/pages\/13604\/revisions\/13677"}],"wp:attachment":[{"href":"https:\/\/sambapos.com\/tr\/wp-json\/wp\/v2\/media?parent=13604"}],"curies":[{"name":"wp","href":"https:\/\/api.w.org\/{rel}","templated":true}]}}