{"id":13582,"date":"2015-08-26T14:14:01","date_gmt":"2015-08-26T14:14:01","guid":{"rendered":"https:\/\/sambapos.com\/blog\/"},"modified":"2022-08-31T18:47:35","modified_gmt":"2022-08-31T18:47:35","slug":"blog","status":"publish","type":"page","link":"https:\/\/sambapos.com\/tr\/blog\/","title":{"rendered":"Blog"},"content":{"rendered":"<section class=\"l-section wpb_row height_auto\"><div class=\"l-section-h i-cf\"><div class=\"g-cols vc_row via_grid cols_1 laptops-cols_inherit tablets-cols_inherit mobiles-cols_1 valign_top type_default stacking_default\"><div class=\"wpb_column vc_column_container\"><div class=\"vc_column-inner\"><div class=\"w-separator size_medium\"><\/div><div class=\"w-grid us_grid type_masonry layout_blog_11 cols_2 pagination_infinite preload_style_spinner with_isotope with_css_animation\" id=\"us_grid_1\" style=\"--columns:2;--gap:3rem;\" data-filterable=\"true\"><style>@media (max-width:600px){#us_grid_1{--columns:1!important}}.layout_blog_11 .w-grid-item-h{}.layout_blog_11 .usg_post_title_1{font-size:1.4rem!important;font-weight:700!important;margin-bottom:0.5rem!important}.layout_blog_11 .usg_hwrapper_1{color:var(--color-content-faded)!important;font-size:0.9rem!important}.layout_blog_11 .usg_post_taxonomy_1{font-weight:700!important;text-transform:uppercase!important}.layout_blog_11 .usg_post_image_1{margin-top:0.7rem!important}.layout_blog_11 .usg_post_content_1{max-width:600px!important;margin-top:0.8rem!important}@media (max-width:600px){.layout_blog_11 .usg_post_title_1{font-size:1.2rem!important}}<\/style><div class=\"w-grid-list\">\t<article class=\"w-grid-item us_animate_aft off_autostart size_1x1 post-18543 post type-post status-publish format-standard hentry category-sambapos\" data-id=\"18543\" style=\"animation-delay:0s\">\r\n\t\t<div class=\"w-grid-item-h\">\r\n\t\t\t\t\t\t<h2 class=\"w-post-elm post_title usg_post_title_1 entry-title color_link_inherit\"><a href=\"https:\/\/sambapos.com\/tr\/sambapos-v3-download\/\">SambaPOS V3 Download<\/a><\/h2><div class=\"w-hwrapper usg_hwrapper_1 has_text_color align_none valign_top wrap\" style=\"--hwrapper-gap:1.2rem\"><div class=\"w-post-elm post_taxonomy usg_post_taxonomy_1 style_simple\"><a class=\"term-19 term-sambapos\" href=\"https:\/\/sambapos.com\/tr\/category\/sambapos\/\">SambaPOS<\/a><\/div><time class=\"w-post-elm post_date usg_post_date_1 entry-date published\" datetime=\"2026-04-27T12:47:57+00:00\" title=\"27 Nisan 2026, 12:47:57 +00:00\">2 hafta \u00f6nce<\/time><\/div><div class=\"w-post-elm post_content usg_post_content_1\">SambaPOS V3, sistemin eski nesil versiyonlar\u0131ndan biridir ve ge\u00e7mi\u015fte bir\u00e7ok i\u015fletme taraf\u0131ndan kullan\u0131lm\u0131\u015ft\u0131r. Ancak yaz\u0131l\u0131m teknolojilerinin geli\u015fmesiyle birlikte yerini daha g\u00fc\u00e7l\u00fc s\u00fcr\u00fcmlere b\u0131rakm\u0131\u015ft\u0131r. \u00d6nemli Uyar\u0131: V3 Art\u0131k Desteklenmiyor. SambaPOS V3&hellip;<\/div>\t\t<\/div>\r\n\t\t\t<\/article>\r\n\t<article class=\"w-grid-item us_animate_aft off_autostart size_1x1 post-18530 post type-post status-publish format-standard hentry category-sambapos\" data-id=\"18530\" style=\"animation-delay:0.1s\">\r\n\t\t<div class=\"w-grid-item-h\">\r\n\t\t\t\t\t\t<h2 class=\"w-post-elm post_title usg_post_title_1 entry-title color_link_inherit\"><a href=\"https:\/\/sambapos.com\/tr\/sambapos-reseller\/\">SambaPOS Reseller Program\u0131 \u2013 Nas\u0131l Bayi Olunur?<\/a><\/h2><div class=\"w-hwrapper usg_hwrapper_1 has_text_color align_none valign_top wrap\" style=\"--hwrapper-gap:1.2rem\"><div class=\"w-post-elm post_taxonomy usg_post_taxonomy_1 style_simple\"><a class=\"term-19 term-sambapos\" href=\"https:\/\/sambapos.com\/tr\/category\/sambapos\/\">SambaPOS<\/a><\/div><time class=\"w-post-elm post_date usg_post_date_1 entry-date published\" datetime=\"2026-04-27T12:32:02+00:00\" title=\"27 Nisan 2026, 12:32:02 +00:00\">2 hafta \u00f6nce<\/time><\/div><div class=\"w-post-elm post_content usg_post_content_1\">SambaPOS Reseller program\u0131, SambaPOS \u00e7\u00f6z\u00fcmlerini m\u00fc\u015fterilere sunmak, kurulum ve sat\u0131\u015f s\u00fcre\u00e7lerini y\u00f6netmek isteyen i\u015f ortaklar\u0131 i\u00e7in olu\u015fturulmu\u015f bir bayi sistemidir. Bu program sayesinde hem sat\u0131\u015f yapabilir hem de teknik destek&hellip;<\/div>\t\t<\/div>\r\n\t\t\t<\/article>\r\n\t<article class=\"w-grid-item us_animate_aft off_autostart size_1x1 post-15315 post type-post status-publish format-standard hentry category-sambapos\" data-id=\"15315\" style=\"animation-delay:0.2s\">\r\n\t\t<div class=\"w-grid-item-h\">\r\n\t\t\t\t\t\t<h2 class=\"w-post-elm post_title usg_post_title_1 entry-title color_link_inherit\"><a href=\"https:\/\/sambapos.com\/tr\/restoranlarin-2023de-dijitallesmesi-icin-cok-mu-gec\/\">Restoranlar\u0131n 2023&#8217;de Dijitalle\u015fmesi i\u00e7in \u00c7ok mu Ge\u00e7?<\/a><\/h2><div class=\"w-hwrapper usg_hwrapper_1 has_text_color align_none valign_top wrap\" style=\"--hwrapper-gap:1.2rem\"><div class=\"w-post-elm post_taxonomy usg_post_taxonomy_1 style_simple\"><a class=\"term-19 term-sambapos\" href=\"https:\/\/sambapos.com\/tr\/category\/sambapos\/\">SambaPOS<\/a><\/div><time class=\"w-post-elm post_date usg_post_date_1 entry-date published\" datetime=\"2023-02-23T18:49:51+00:00\" title=\"23 \u015eubat 2023, 18:49:51 +00:00\">3 y\u0131l \u00f6nce<\/time><\/div><div class=\"w-post-elm post_content usg_post_content_1\">Pandemi, hayat\u0131m\u0131z\u0131 ve i\u015flerimizi en beklenmedik \u015fekillerde de\u011fi\u015ftirmemize neden oldu. Bunu, tek ge\u00e7im kayna\u011f\u0131 \u00f6\u011fle ve ak\u015fam yeme\u011fi ko\u015fu\u015fturmacalar\u0131 olan restoran sahiplerinden daha iyi kim bilebilir? Bug\u00fcn, m\u00fc\u015fterilerin \u00e7o\u011funlu\u011fu paket&hellip;<\/div>\t\t<\/div>\r\n\t\t\t<\/article>\r\n\t<article class=\"w-grid-item us_animate_aft off_autostart size_1x1 post-15289 post type-post status-publish format-standard hentry category-sambapos\" data-id=\"15289\" style=\"animation-delay:0.3s\">\r\n\t\t<div class=\"w-grid-item-h\">\r\n\t\t\t\t\t\t<h2 class=\"w-post-elm post_title usg_post_title_1 entry-title color_link_inherit\"><a href=\"https:\/\/sambapos.com\/tr\/menu-fiyatlariniza-zam-yaparken-goz-onunde-bulundurmaniz-gerekenler\/\">Men\u00fc Fiyatlar\u0131n\u0131za Zam Yaparken G\u00f6z \u00d6n\u00fcnde Bulundurman\u0131z Gerekenler<\/a><\/h2><div class=\"w-hwrapper usg_hwrapper_1 has_text_color align_none valign_top wrap\" style=\"--hwrapper-gap:1.2rem\"><div class=\"w-post-elm post_taxonomy usg_post_taxonomy_1 style_simple\"><a class=\"term-19 term-sambapos\" href=\"https:\/\/sambapos.com\/tr\/category\/sambapos\/\">SambaPOS<\/a><\/div><time class=\"w-post-elm post_date usg_post_date_1 entry-date published\" datetime=\"2023-01-25T13:01:38+00:00\" title=\"25 Ocak 2023, 13:01:38 +00:00\">3 y\u0131l \u00f6nce<\/time><\/div><div class=\"w-post-elm post_content usg_post_content_1\">Pandemi s\u00fcrecinin d\u00fcnya \u00e7ap\u0131na getirdi\u011fi kriz ile beraber t\u00fcm i\u015fletmeler ekonomik anlamda k\u00fc\u00e7\u00fclmeye gitmi\u015ftir. Kar oranlar\u0131 bir yana, k\u00fc\u00e7\u00fclmelerini durdurabilmek ve de \u00e7ark\u0131n d\u00f6nmesini sa\u011flayabilmek ad\u0131na t\u00fcm i\u015fletmeler irili ufakl\u0131&hellip;<\/div>\t\t<\/div>\r\n\t\t\t<\/article>\r\n\t<article class=\"w-grid-item us_animate_aft off_autostart size_1x1 post-15287 post type-post status-publish format-standard hentry category-sambapos\" data-id=\"15287\" style=\"animation-delay:0s\">\r\n\t\t<div class=\"w-grid-item-h\">\r\n\t\t\t\t\t\t<h2 class=\"w-post-elm post_title usg_post_title_1 entry-title color_link_inherit\"><a href=\"https:\/\/sambapos.com\/tr\/restoranda-kriz-aninda-yapilmasi-gerekenler\/\">Restoranda Kriz An\u0131nda Yap\u0131lmas\u0131 Gerekenler<\/a><\/h2><div class=\"w-hwrapper usg_hwrapper_1 has_text_color align_none valign_top wrap\" style=\"--hwrapper-gap:1.2rem\"><div class=\"w-post-elm post_taxonomy usg_post_taxonomy_1 style_simple\"><a class=\"term-19 term-sambapos\" href=\"https:\/\/sambapos.com\/tr\/category\/sambapos\/\">SambaPOS<\/a><\/div><time class=\"w-post-elm post_date usg_post_date_1 entry-date published\" datetime=\"2023-01-23T07:12:30+00:00\" title=\"23 Ocak 2023, 07:12:30 +00:00\">3 y\u0131l \u00f6nce<\/time><\/div><div class=\"w-post-elm post_content usg_post_content_1\">\u0130lk kez 2019 y\u0131l\u0131n\u0131n sonlar\u0131na do\u011fru tespit edilen Covid-19 vir\u00fcs\u00fc 2020 y\u0131l\u0131nda bizi pandemi s\u00fcrecine s\u00fcr\u00fckledi. \u00c7o\u011fu restoran ve i\u015fletmeler birden kapand\u0131 ve uzun s\u00fcre i\u015f yapamad\u0131lar. Bu sayede ekonomik&hellip;<\/div>\t\t<\/div>\r\n\t\t\t<\/article>\r\n\t<article class=\"w-grid-item us_animate_aft off_autostart size_1x1 post-15276 post type-post status-publish format-standard hentry category-sambapos\" data-id=\"15276\" style=\"animation-delay:0.1s\">\r\n\t\t<div class=\"w-grid-item-h\">\r\n\t\t\t\t\t\t<h2 class=\"w-post-elm post_title usg_post_title_1 entry-title color_link_inherit\"><a href=\"https:\/\/sambapos.com\/tr\/restoranlarda-yapilmamasi-gereken-4-madde\/\">Restoranlarda Yap\u0131lmamas\u0131 Gereken 4 Madde<\/a><\/h2><div class=\"w-hwrapper usg_hwrapper_1 has_text_color align_none valign_top wrap\" style=\"--hwrapper-gap:1.2rem\"><div class=\"w-post-elm post_taxonomy usg_post_taxonomy_1 style_simple\"><a class=\"term-19 term-sambapos\" href=\"https:\/\/sambapos.com\/tr\/category\/sambapos\/\">SambaPOS<\/a><\/div><time class=\"w-post-elm post_date usg_post_date_1 entry-date published\" datetime=\"2023-01-04T08:48:28+00:00\" title=\"4 Ocak 2023, 08:48:28 +00:00\">3 y\u0131l \u00f6nce<\/time><\/div><div class=\"w-post-elm post_content usg_post_content_1\">1-G\u0131da g\u00fcvenli\u011finden \u00f6d\u00fcn vermeyin &#8211; Restoranlar\u0131n \u00e7o\u011fu azalt\u0131lm\u0131\u015f insan g\u00fcc\u00fcyle \u00e7al\u0131\u015ft\u0131\u011f\u0131ndan, g\u00fcnl\u00fck denetimlerin ve g\u0131da g\u00fcvenli\u011fi kontrollerinin ka\u00e7\u0131r\u0131ld\u0131\u011f\u0131 bir\u00e7ok durum olmu\u015ftur. Bir mal sahibi olarak, bunun olmas\u0131na izin vermemelisiniz. Restoran\u0131n\u0131zdaki&hellip;<\/div>\t\t<\/div>\r\n\t\t\t<\/article>\r\n\t<article class=\"w-grid-item us_animate_aft off_autostart size_1x1 post-15245 post type-post status-publish format-standard hentry category-sambapos\" data-id=\"15245\" style=\"animation-delay:0.2s\">\r\n\t\t<div class=\"w-grid-item-h\">\r\n\t\t\t\t\t\t<h2 class=\"w-post-elm post_title usg_post_title_1 entry-title color_link_inherit\"><a href=\"https:\/\/sambapos.com\/tr\/bir-restoran-personel-eksikligi-sorunlariyla-nasil-basa-cikabilir\/\">Bir Restoran Personel Eksikli\u011fi Sorunlar\u0131yla Nas\u0131l Ba\u015fa \u00c7\u0131kabilir?<\/a><\/h2><div class=\"w-hwrapper usg_hwrapper_1 has_text_color align_none valign_top wrap\" style=\"--hwrapper-gap:1.2rem\"><div class=\"w-post-elm post_taxonomy usg_post_taxonomy_1 style_simple\"><a class=\"term-19 term-sambapos\" href=\"https:\/\/sambapos.com\/tr\/category\/sambapos\/\">SambaPOS<\/a><\/div><time class=\"w-post-elm post_date usg_post_date_1 entry-date published\" datetime=\"2022-12-21T06:51:32+00:00\" title=\"21 Aral\u0131k 2022, 06:51:32 +00:00\">3 y\u0131l \u00f6nce<\/time><\/div><div class=\"w-post-elm post_content usg_post_content_1\">Personel s\u0131k\u0131nt\u0131s\u0131 restoran end\u00fcstrisinde her zaman kritik konulardan biri olmu\u015ftur. Durum pandemiden sonra daha da k\u00f6t\u00fcle\u015fti ve restoran end\u00fcstrisindeki yakla\u015f\u0131k 5,9 milyon ki\u015fi, pandeminin ba\u015flang\u0131c\u0131nda alt\u0131 hafta i\u00e7inde i\u015fini kaybetti&hellip;<\/div>\t\t<\/div>\r\n\t\t\t<\/article>\r\n\t<article class=\"w-grid-item us_animate_aft off_autostart size_1x1 post-15185 post type-post status-publish format-standard hentry category-sambapos\" data-id=\"15185\" style=\"animation-delay:0.3s\">\r\n\t\t<div class=\"w-grid-item-h\">\r\n\t\t\t\t\t\t<h2 class=\"w-post-elm post_title usg_post_title_1 entry-title color_link_inherit\"><a href=\"https:\/\/sambapos.com\/tr\/black-fridaye-hazirlik\/\">Black Friday\u2019e Haz\u0131rl\u0131k<\/a><\/h2><div class=\"w-hwrapper usg_hwrapper_1 has_text_color align_none valign_top wrap\" style=\"--hwrapper-gap:1.2rem\"><div class=\"w-post-elm post_taxonomy usg_post_taxonomy_1 style_simple\"><a class=\"term-19 term-sambapos\" href=\"https:\/\/sambapos.com\/tr\/category\/sambapos\/\">SambaPOS<\/a><\/div><time class=\"w-post-elm post_date usg_post_date_1 entry-date published\" datetime=\"2022-11-29T10:42:32+00:00\" title=\"29 Kas\u0131m 2022, 10:42:32 +00:00\">3 y\u0131l \u00f6nce<\/time><\/div><div class=\"w-post-elm post_content usg_post_content_1\">Bu sene 25 Kas\u0131m tarihine denk gelen Black Friday \u2013Kara Cuma- i\u00e7in haz\u0131rl\u0131k yapmak istemez misiniz? Y\u0131l\u0131n en yo\u011fun ge\u00e7en g\u00fcnlerinden biri olan Black Friday ile restoran\u0131n\u0131z i\u00e7in iyi planlamalar&hellip;<\/div>\t\t<\/div>\r\n\t\t\t<\/article>\r\n<\/div>\t<div class=\"w-grid-preloader\">\r\n\t\t<div class=\"g-preloader type_1\">\r\n\t\t\t<div><\/div>\r\n\t\t<\/div>\r\n\t<\/div>\r\n\t\t\t\t<div class=\"g-loadmore\">\r\n\t\t\t\t<div class=\"g-preloader type_1\">\r\n\t\t\t\t\t<div><\/div>\r\n\t\t\t\t<\/div>\r\n\t\t\t\t<button class=\"w-btn us-btn-style_26\">\r\n\t\t\t\t\t<span class=\"w-btn-label\">Daha fazla<\/span>\r\n\t\t\t\t<\/button>\r\n\t\t\t<\/div>\r\n\t\t\t\t<div class=\"w-grid-json hidden\" onclick='return {&quot;action&quot;:&quot;us_ajax_grid&quot;,&quot;infinite_scroll&quot;:true,&quot;max_num_pages&quot;:7,&quot;pagination&quot;:&quot;ajax&quot;,&quot;template_vars&quot;:{&quot;columns&quot;:&quot;2&quot;,&quot;exclude_items&quot;:&quot;none&quot;,&quot;img_size&quot;:&quot;default&quot;,&quot;ignore_items_size&quot;:0,&quot;items_layout&quot;:&quot;blog_11&quot;,&quot;items_offset&quot;:&quot;1&quot;,&quot;load_animation&quot;:&quot;aft&quot;,&quot;overriding_link&quot;:&quot;{\\&quot;url\\&quot;:\\&quot;\\&quot;}&quot;,&quot;post_id&quot;:0,&quot;query_args&quot;:{&quot;post_type&quot;:[&quot;post&quot;],&quot;post_status&quot;:[&quot;publish&quot;],&quot;posts_per_page&quot;:&quot;8&quot;},&quot;orderby_query_args&quot;:{&quot;orderby&quot;:{&quot;date&quot;:&quot;DESC&quot;}},&quot;type&quot;:&quot;masonry&quot;,&quot;us_grid_post_type&quot;:&quot;post&quot;,&quot;us_grid_ajax_index&quot;:1,&quot;us_grid_filter_query_string&quot;:null,&quot;us_grid_index&quot;:1,&quot;page_args&quot;:[],&quot;lang&quot;:&quot;tr&quot;}}'><\/div>\r\n\t<\/div><\/div><\/div><\/div><\/div><\/section>\n","protected":false},"excerpt":{"rendered":"Bu sene 25 Kas\u0131m tarihine denk gelen Black Friday \u2013Kara Cuma- i\u00e7in haz\u0131rl\u0131k yapmak istemez misiniz? Y\u0131l\u0131n en yo\u011fun ge\u00e7en g\u00fcnlerinden biri olan Black Friday ile restoran\u0131n\u0131z i\u00e7in iyi planlamalar yaparak \u00e7ok iyi avantajlar elde edebilir ve kar oran\u0131n\u0131z\u0131 art\u0131rabilirsiniz. \u0130\u015fte Kara Cuma kampanyan\u0131za ilham verecek baz\u0131 harika fikirler; 1-Ba\u015fka Bir Yerel \u0130\u015fletmeyle Anla\u015f\u0131n Ba\u015fka...","protected":false},"author":1,"featured_media":0,"parent":0,"menu_order":0,"comment_status":"closed","ping_status":"closed","template":"","meta":{"footnotes":""},"class_list":["post-13582","page","type-page","status-publish","hentry"],"_links":{"self":[{"href":"https:\/\/sambapos.com\/tr\/wp-json\/wp\/v2\/pages\/13582","targetHints":{"allow":["GET"]}}],"collection":[{"href":"https:\/\/sambapos.com\/tr\/wp-json\/wp\/v2\/pages"}],"about":[{"href":"https:\/\/sambapos.com\/tr\/wp-json\/wp\/v2\/types\/page"}],"author":[{"embeddable":true,"href":"https:\/\/sambapos.com\/tr\/wp-json\/wp\/v2\/users\/1"}],"replies":[{"embeddable":true,"href":"https:\/\/sambapos.com\/tr\/wp-json\/wp\/v2\/comments?post=13582"}],"version-history":[{"count":2,"href":"https:\/\/sambapos.com\/tr\/wp-json\/wp\/v2\/pages\/13582\/revisions"}],"predecessor-version":[{"id":13584,"href":"https:\/\/sambapos.com\/tr\/wp-json\/wp\/v2\/pages\/13582\/revisions\/13584"}],"wp:attachment":[{"href":"https:\/\/sambapos.com\/tr\/wp-json\/wp\/v2\/media?parent=13582"}],"curies":[{"name":"wp","href":"https:\/\/api.w.org\/{rel}","templated":true}]}}