{"id":13251,"date":"2021-12-05T18:26:28","date_gmt":"2021-12-05T18:26:28","guid":{"rendered":"https:\/\/sambapos.com\/sambapos-neptune\/"},"modified":"2023-10-11T07:06:32","modified_gmt":"2023-10-11T07:06:32","slug":"sambapos-neptune","status":"publish","type":"page","link":"https:\/\/sambapos.com\/tr\/sambapos-neptune\/","title":{"rendered":"SambaPOS Neptune"},"content":{"rendered":"<section class=\"l-section wpb_row us_custom_9a612d3c hide_on_tablets hide_on_mobiles height_huge\"><div class=\"l-section-h i-cf\"><div class=\"g-cols vc_row via_grid cols_1 laptops-cols_inherit tablets-cols_inherit mobiles-cols_1 valign_top type_default stacking_default\" style=\"--columns-gap:30rem;\"><div class=\"wpb_column vc_column_container\"><div class=\"vc_column-inner\"><div class=\"g-cols wpb_row via_grid cols_2 laptops-cols_inherit tablets-cols_inherit mobiles-cols_1 valign_middle type_default stacking_default\" style=\"--columns-gap:calc(3rem + 30px);\"><div class=\"wpb_column vc_column_container us_custom_8941bddd\"><div class=\"vc_column-inner\"><div class=\"wpb_text_column us_custom_17629c1a has_text_color hide_on_default hide_on_laptops hide_on_tablets hide_on_mobiles\"><div class=\"wpb_wrapper\"><p>SambaPOS Neptune<\/p>\n<\/div><\/div><div class=\"wpb_text_column\"><div class=\"wpb_wrapper\"><h1>SambaPOS Neptune<\/h1>\n<\/div><\/div><div class=\"w-separator size_custom\" style=\"height:25px\"><\/div><div class=\"wpb_text_column us_custom_1e0e9307\"><div class=\"wpb_wrapper\"><p><strong>\u015eubeli restoranlar\u0131n\u0131z\u0131 Bulut tabanl\u0131 sistemimizle kolayl\u0131kla y\u00f6netebilirsiniz. \u0130ster tek \u015fube ister 1000 \u015fube olsun.<\/strong><\/p>\n<\/div><\/div><div class=\"w-separator size_custom\" style=\"height:25px\"><\/div><div class=\"wpb_text_column\"><div class=\"wpb_wrapper\"><p>Men\u00fc, \u00fcr\u00fcn ve fiyat de\u011fi\u015fikliklerinizi merkezinizden kolayl\u0131kla yapabilirsiniz.<\/p>\n<\/div><\/div><div class=\"w-separator size_custom\" style=\"height:25px\"><\/div><\/div><\/div><div class=\"wpb_column vc_column_container\"><div class=\"vc_column-inner\"><\/div><\/div><\/div><div class=\"w-separator size_custom\" style=\"height:75px\"><\/div><\/div><\/div><\/div><\/div><\/section><section class=\"l-section wpb_row hide_on_default hide_on_laptops height_large\"><div class=\"l-section-h i-cf\"><div class=\"g-cols vc_row via_grid cols_1 laptops-cols_inherit tablets-cols_inherit mobiles-cols_1 valign_top type_default stacking_default\" style=\"--columns-gap:30rem;\"><div class=\"wpb_column vc_column_container\"><div class=\"vc_column-inner\"><div class=\"w-separator size_custom\" style=\"height:75px\"><\/div><div class=\"g-cols wpb_row via_grid cols_1 laptops-cols_inherit tablets-cols_inherit mobiles-cols_1 valign_middle type_default stacking_default\" style=\"--columns-gap:calc(3rem + 30px);\"><div class=\"wpb_column vc_column_container us_custom_8941bddd\"><div class=\"vc_column-inner\"><div class=\"wpb_text_column\"><div class=\"wpb_wrapper\"><h1>SambaPOS Neptune<\/h1>\n<\/div><\/div><div class=\"w-separator size_custom\" style=\"height:25px\"><\/div><div class=\"wpb_text_column us_custom_1e0e9307\"><div class=\"wpb_wrapper\"><p><strong>\u015eubeli restoranlar\u0131n\u0131z\u0131 Bulut tabanl\u0131 sistemimizle kolayl\u0131kla y\u00f6netebilirsiniz. \u0130ster tek \u015fube ister 1000 \u015fube olsun.<\/strong><\/p>\n<\/div><\/div><div class=\"w-separator size_custom\" style=\"height:25px\"><\/div><div class=\"wpb_text_column\"><div class=\"wpb_wrapper\"><p>Men\u00fc, \u00fcr\u00fcn ve fiyat de\u011fi\u015fikliklerinizi merkezinizden kolayl\u0131kla yapabilirsiniz.<\/p>\n<\/div><\/div><div class=\"w-separator size_custom\" style=\"height:25px\"><\/div><\/div><\/div><\/div><\/div><\/div><\/div><\/div><\/section><section class=\"l-section wpb_row us_custom_3b745cf9 height_auto\"><div class=\"l-section-h i-cf\"><div class=\"g-cols vc_row via_grid cols_1 laptops-cols_inherit tablets-cols_inherit mobiles-cols_1 valign_top type_default stacking_default\"><div class=\"wpb_column vc_column_container\"><div class=\"vc_column-inner\"><div class=\"w-separator hide_on_tablets hide_on_mobiles size_custom\" style=\"height:75px\"><\/div><div class=\"g-cols wpb_row via_grid cols_2 laptops-cols_inherit tablets-cols_inherit mobiles-cols_1 valign_top type_default stacking_default\" style=\"--columns-gap:calc(3rem + 30px);\"><div class=\"wpb_column vc_column_container\"><div class=\"vc_column-inner\"><div class=\"w-image align_center\"><div class=\"w-image-h\"><img decoding=\"async\" width=\"600\" height=\"400\" src=\"https:\/\/sambapos.com\/wp-content\/uploads\/SambaPOS-Neptune-image-1.png\" class=\"attachment-large size-large\" alt=\"SambaPOS Neptune\" loading=\"lazy\" srcset=\"https:\/\/sambapos.com\/wp-content\/uploads\/SambaPOS-Neptune-image-1.png 600w, https:\/\/sambapos.com\/wp-content\/uploads\/SambaPOS-Neptune-image-1-300x200.png 300w, https:\/\/sambapos.com\/wp-content\/uploads\/SambaPOS-Neptune-image-1-100x67.png 100w, https:\/\/sambapos.com\/wp-content\/uploads\/SambaPOS-Neptune-image-1-150x100.png 150w, https:\/\/sambapos.com\/wp-content\/uploads\/SambaPOS-Neptune-image-1-120x80.png 120w, https:\/\/sambapos.com\/wp-content\/uploads\/SambaPOS-Neptune-image-1-200x133.png 200w, https:\/\/sambapos.com\/wp-content\/uploads\/SambaPOS-Neptune-image-1-66x44.png 66w, https:\/\/sambapos.com\/wp-content\/uploads\/SambaPOS-Neptune-image-1-45x30.png 45w, https:\/\/sambapos.com\/wp-content\/uploads\/SambaPOS-Neptune-image-1-60x40.png 60w\" sizes=\"auto, (max-width: 600px) 100vw, 600px\" \/><\/div><\/div><\/div><\/div><div class=\"wpb_column vc_column_container\"><div class=\"vc_column-inner\"><div class=\"wpb_text_column\"><div class=\"wpb_wrapper\"><h3><strong>SambaPOS Neptune ile neler yapabilirsiniz?<\/strong><\/h3>\n<p>Bulut tabanl\u0131 sistem sayesinde \u015fube bilgisayarlar\u0131n\u0131zda a\u015fa\u011f\u0131daki i\u015flemleri ve de\u011fi\u015fiklikleri yapabilirsiniz. \u0130ster tek \u015fubeye isterseniz t\u00fcm \u015fubelere yap\u0131lan de\u011fi\u015fikleri aktarabilirsiniz.<\/p>\n<ul>\n<li>\u00dcr\u00fcnler<\/li>\n<li>Men\u00fcler<\/li>\n<li>Fiyatlar<\/li>\n<li>Sat\u0131\u015f ekranlar\u0131<\/li>\n<li>Kullan\u0131c\u0131lar<\/li>\n<li>Yetkiler<\/li>\n<li>Raporlar<\/li>\n<li>Stoklar<\/li>\n<li>Re\u00e7eteler<\/li>\n<li>Hesaplar<\/li>\n<\/ul>\n<\/div><\/div><\/div><\/div><\/div><div class=\"w-separator size_custom\" style=\"height:75px\"><\/div><div class=\"g-cols wpb_row via_grid cols_2 laptops-cols_inherit tablets-cols_inherit mobiles-cols_1 valign_middle type_default stacking_default\" style=\"--columns-gap:calc(3rem + 30px);\"><div class=\"wpb_column vc_column_container\"><div class=\"vc_column-inner\"><div class=\"wpb_text_column\"><div class=\"wpb_wrapper\"><p>SambaPOS Neptune, merkezden \u015fube y\u00f6netimini kolayla\u015ft\u0131r\u0131r. Bir ya da birden fazla \u015fubesi olan i\u015fletmeler, \u015fubeye gitmeden gerekli de\u011fi\u015fiklikleri dakikalar i\u00e7inde yapabilir. Merkez i\u00e7in olu\u015fturulan bulut tabanl\u0131 sunucular sayesinde \u015fubelere \u00f6zel de\u011fi\u015fiklikler yap\u0131labilir.<\/p>\n<p><strong>Merkezi y\u00f6netim sayesinde zincir restoran sahipleri d\u00fcnyan\u0131n her yerinden \u015fubelerini kolayl\u0131kla y\u00f6netebilir.<\/strong><\/p>\n<p>SambaPOS V5 ekranlar\u0131n\u0131n neredeyse benzeri bir ara y\u00fczle uzun s\u00fcren e\u011fitim s\u00fcre\u00e7leri gerekmeden yetki verdi\u011finiz kullan\u0131c\u0131lar bir web sayfas\u0131 arac\u0131l\u0131\u011f\u0131yla \u015fube ekranlar\u0131nda gerekli de\u011fi\u015fiklikleri kolayl\u0131kla yapabilir.<\/p>\n<\/div><\/div><\/div><\/div><div class=\"wpb_column vc_column_container\"><div class=\"vc_column-inner\"><div class=\"w-pricing style_cards items_1\"><div class=\"w-pricing-item type_featured\"><div class=\"w-pricing-item-h\"><div class=\"w-pricing-item-header\"><div class=\"w-pricing-item-title\">SambaPOS Neptune<\/div><div class=\"w-pricing-item-price\"><\/div><\/div><ul class=\"w-pricing-item-features\"><li class=\"w-pricing-item-feature\">Web tabanl\u0131 \u015fube y\u00f6netim sistemi<\/li><li class=\"w-pricing-item-feature\">SambaPOS V5 Pro ile tam uyumlu<\/li><li class=\"w-pricing-item-feature\">\u015eube grupland\u0131rma<\/li><li class=\"w-pricing-item-feature\">\u015eube ekranlar\u0131n\u0131 merkezden y\u00f6netme<\/li><li class=\"w-pricing-item-feature\">\u015eubeden sipari\u015f bilgisi alma, g\u00f6nderme<\/li><\/ul><div class=\"w-pricing-item-footer\"><a class=\"w-btn us-btn-style_28\" style=\"font-size:15px\" title=\"\u0130leti\u015fim\" target=\"_blank\" rel=\"nofollow\" href=\"https:\/\/sambapos.com\/tr\/iletisim\/\"><span class=\"w-btn-label\">Bize Ula\u015f\u0131n<\/span><\/a><\/div><\/div><\/div><\/div><\/div><\/div><\/div><div class=\"w-separator size_custom\" style=\"height:75px\"><\/div><\/div><\/div><\/div><\/div><\/section><section class=\"l-section wpb_row height_auto with_img\"><div class=\"l-section-img\" role=\"img\" aria-label=\"SambaPOS Neptune\" data-img-width=\"2560\" data-img-height=\"1707\" style=\"background-image: url(https:\/\/sambapos.com\/wp-content\/uploads\/SambaPOS-Neptune-image-scaled.jpg);\"><\/div><div class=\"l-section-h i-cf\"><div class=\"g-cols vc_row via_grid cols_2 laptops-cols_inherit tablets-cols_inherit mobiles-cols_1 valign_top type_default stacking_default\"><div class=\"wpb_column vc_column_container\"><div class=\"vc_column-inner\"><div class=\"w-separator size_custom\" style=\"height:75px\"><\/div><div class=\"g-cols wpb_row us_custom_4fe2f0fa via_grid cols_1 laptops-cols_inherit tablets-cols_inherit mobiles-cols_1 valign_top type_default stacking_default\" style=\"--columns-gap:3rem;\"><div class=\"wpb_column vc_column_container us_custom_38bb2da8\"><div class=\"vc_column-inner\"><div class=\"w-separator size_custom\" style=\"height:25px\"><\/div><div class=\"wpb_text_column\"><div class=\"wpb_wrapper\"><h4 class=\"w-iconbox-title\"><strong>SambaPOS Neptune ve SambaPOS Metrik ile Raporlar\u0131n\u0131z Hep Elinizin Alt\u0131nda<\/strong><\/h4>\n<div class=\"w-iconbox-text\">\n<p>\u00c7oklu \u015fube y\u00f6netiminde raporlar\u0131n g\u00fcncel ve s\u00fcrekli ula\u015f\u0131labilir olmas\u0131 restoran sahipleri i\u00e7in \u00e7ok \u00f6nemlidir. SambaPOS Neptune ile h\u0131zl\u0131 sat\u0131\u015f, fast food, paket servis, masaya servis ekranlar\u0131n\u0131z\u0131 y\u00f6netebildi\u011finiz gibi al\u0131nan \u00f6demeler ve \u00fcr\u00fcn raporlar\u0131 an\u0131nda raporlar\u0131n\u0131za yans\u0131r ve SambaPOS Metrik&#8217;te g\u00f6r\u00fcnt\u00fclenir. Dilerseniz raporlar\u0131n\u0131z\u0131n \u00e7\u0131kt\u0131s\u0131n\u0131 alabilir ya da dijital olarak saklayabilirsiniz.<\/p>\n<p>Bulut tabanl\u0131 SambaPOS Metrik diledi\u011finiz zaman bu raporlara eri\u015fim imkan\u0131 sa\u011flar. Al\u0131nan raporlar sayesinde restoranlar\u0131n\u0131z i\u00e7in do\u011fru kararlar alabilir, sat\u0131\u015f hedeflerinizi y\u00f6nlendirebilirsiniz. SambaPOS Neptune ve SambaPOS Metrik sayesinde \u015fube cirolar\u0131n\u0131, \u00f6deme detay raporlar\u0131n\u0131z\u0131, \u00fcr\u00fcn sat\u0131\u015f raporlar\u0131n\u0131z\u0131, personel raporlar\u0131n\u0131z\u0131, stok raporlar\u0131n\u0131z\u0131 alabilirsiniz.<\/p>\n<p>T\u00fcm raporlar\u0131n\u0131z \u015fube bilgisayarlar\u0131nda da sakland\u0131\u011f\u0131ndan mutabakat, kasa ve g\u00fcn sonu i\u015flemleri \u00e7ok h\u0131zl\u0131 bir \u015fekilde sonu\u00e7land\u0131r\u0131labilir.<\/p>\n<\/div>\n<\/div><\/div><div class=\"w-separator size_custom\" style=\"height:25px\"><\/div><\/div><\/div><\/div><div class=\"w-separator size_custom\" style=\"height:75px\"><\/div><div class=\"wpb_column vc_column_container\"><div class=\"vc_column-inner\"><\/div><\/div><\/div><\/div><div class=\"wpb_column vc_column_container\"><div class=\"vc_column-inner\"><\/div><\/div><\/div><\/div><\/section><section class=\"l-section wpb_row us_custom_3b745cf9 height_auto\"><div class=\"l-section-h i-cf\"><div class=\"g-cols vc_row via_grid cols_1 laptops-cols_inherit tablets-cols_inherit mobiles-cols_1 valign_top type_default stacking_default\"><div class=\"wpb_column vc_column_container\"><div class=\"vc_column-inner\"><div class=\"w-separator size_custom\" style=\"height:75px\"><\/div><div class=\"g-cols wpb_row via_grid cols_2 laptops-cols_inherit tablets-cols_inherit mobiles-cols_1 valign_top type_default stacking_default\" style=\"--columns-gap:calc(3rem + 30px);\"><div class=\"wpb_column vc_column_container us_custom_9274297f has_bg_color\"><div class=\"vc_column-inner\"><div class=\"wpb_text_column\"><div class=\"wpb_wrapper\"><h4><strong>\u015eube Sipari\u015f Y\u00f6netimi<\/strong><\/h4>\n<p>\u00c7oklu \u015fubeli restoranlarda \u015fube stoklar\u0131 ve sat\u0131\u015f \u00fcr\u00fcnlerinin tedari\u011fi \u00e7ok \u00f6nemlidir. SambaPOS Neptune sayesinde restoran \u015fubeleri g\u00fcn i\u00e7inde ya da g\u00fcn sonunda merkeze ihtiya\u00e7 duyduklar\u0131 \u00fcr\u00fcnlerin sipari\u015fini verebilir. Sipari\u015flerin takibini yapabilir. G\u00f6nderilen sipari\u015fleri merkez an\u0131nda g\u00f6r\u00fcr, \u00fcretim ve tedarik s\u00fcre\u00e7lerini planlayabilir. Onaylanan sipari\u015flerin g\u00f6nderim bilgisi restoran \u015fubeleriyle payla\u015f\u0131l\u0131r.<\/p>\n<p>SambaPOS Neptune sipari\u015f takip sistemi sayesinde sat\u0131\u015flar aksamadan devam eder. Gerekli \u00fcr\u00fcnler zaman\u0131nda restoran \u015fubelerine g\u00f6nderilir. Restoran \u015fubeleri gelen \u00fcr\u00fcnleri stoklar\u0131na ekleyerek do\u011fru raporlama i\u00e7in merkezin an\u0131nda bilgi sahibi olmas\u0131n\u0131 sa\u011flar. \u00dcretim planlamas\u0131 raporlara g\u00f6re yap\u0131laca\u011f\u0131ndan \u00fcretim ve i\u015f\u00e7ilik maliyetleri merkezin istedi\u011fi gibi \u015fekillenir.<\/p>\n<p>Al\u0131nan raporlara g\u00f6re restoranda en \u00e7ok sat\u0131lan \u00fcr\u00fcnler ya da sat\u0131\u015f\u0131 az olan \u00fcr\u00fcnler belirlenir. Merkez sipari\u015f s\u00fcre\u00e7lerini restoran \u015fubeleri baz\u0131nda planlayabilir. Hangi \u015fubede hangi \u00fcr\u00fcn\u00fcn daha fazla sat\u0131\u015f\u0131n\u0131n yap\u0131ld\u0131\u011f\u0131 bilgisi merkezde olaca\u011f\u0131ndan, \u00fcretim ve tedarik planlamas\u0131 restoran \u015fubeleri baz\u0131nda yap\u0131labilir.<\/p>\n<\/div><\/div><\/div><\/div><div class=\"wpb_column vc_column_container us_custom_9274297f has_bg_color\"><div class=\"vc_column-inner\"><div class=\"wpb_text_column\"><div class=\"wpb_wrapper\"><h4><strong>\u015eubelerde \u00dcr\u00fcn, Men\u00fc ve Fiyat De\u011fi\u015fiklikleri<\/strong><\/h4>\n<p>Birden fazla \u015fubesi olan restoranlarda \u00fcr\u00fcn, men\u00fc ve fiyat de\u011fi\u015fiklikleri SambaPOS Neptune sayesinde kolayl\u0131kla yap\u0131labilir. D\u00f6nemsel haz\u0131rlanan men\u00fcler istenilen \u015fubelerde aktif edilebilir. Farkl\u0131 \u00fcr\u00fcnler farkl\u0131 \u015fubelerde sat\u0131\u015fa sunulabilir. \u00dcr\u00fcnlerin fiyatlar\u0131 \u015fubelere g\u00f6re belirlenebilir.<\/p>\n<p>Kampanya d\u00f6nemlerine uygun men\u00fcler olu\u015fturulup \u015fubeler baz\u0131nda uygulanabilir. Uygulama s\u00fcresi biten men\u00fcler istenen \u015fubenin ekranlar\u0131ndan kald\u0131r\u0131l\u0131p yenisi eklenebilir. Men\u00fclerinize farkl\u0131 isimler verip gerekti\u011finde bu men\u00fcleri aktif hale getirebilirsiniz. G\u00fcnl\u00fck, ayl\u0131k, artan maliyetlere g\u00f6re men\u00fc \u00fcr\u00fcnlerinin fiyatlar\u0131n\u0131 diledi\u011finiz zaman de\u011fi\u015ftirebilirsiniz. Bu sayede karl\u0131l\u0131\u011f\u0131n\u0131z s\u00fcrekli g\u00fcncel kal\u0131r ve maliyet art\u0131\u015flar\u0131ndan etkilenmezsiniz.<\/p>\n<p>Dilerseniz \u00fcr\u00fcn, men\u00fc ve fiyat giri\u015flerini ve de\u011fi\u015fikliklerini restoran \u015fubelerinde engelleyebilir, t\u00fcm giri\u015flerin ve de\u011fi\u015fikliklerin merkezden yap\u0131lmas\u0131n\u0131 sa\u011flayabilirsiniz. Merkezi kontrol sistemi yetkilere ba\u011flanarak merkezde yetki verilen \u015fube y\u00f6neticileri taraf\u0131ndan yap\u0131labilir. B\u00f6ylece her zaman kontrol ve g\u00fcvenlik \u00fcst d\u00fczeyde tutulur.<\/p>\n<\/div><\/div><\/div><\/div><\/div><div class=\"w-separator size_custom\" style=\"height:75px\"><\/div><\/div><\/div><\/div><\/div><\/section><section class=\"l-section wpb_row us_custom_3b745cf9 height_auto\"><div class=\"l-section-h i-cf\"><div class=\"g-cols vc_row via_grid cols_1 laptops-cols_inherit tablets-cols_inherit mobiles-cols_1 valign_top type_default stacking_default\"><div class=\"wpb_column vc_column_container\"><div class=\"vc_column-inner\"><div class=\"w-separator size_custom\" style=\"height:75px\"><\/div><div class=\"g-cols wpb_row via_grid cols_2 laptops-cols_inherit tablets-cols_inherit mobiles-cols_1 valign_top type_default stacking_default\" style=\"--columns-gap:calc(3rem + 30px);\"><div class=\"wpb_column vc_column_container\"><div class=\"vc_column-inner\"><div class=\"w-image align_center\"><div class=\"w-image-h\"><img decoding=\"async\" width=\"600\" height=\"400\" src=\"https:\/\/sambapos.com\/wp-content\/uploads\/SambaPOS-Neptune-image-3.png\" class=\"attachment-large size-large\" alt=\"SambaPOS Neptune\" loading=\"lazy\" srcset=\"https:\/\/sambapos.com\/wp-content\/uploads\/SambaPOS-Neptune-image-3.png 600w, https:\/\/sambapos.com\/wp-content\/uploads\/SambaPOS-Neptune-image-3-300x200.png 300w, https:\/\/sambapos.com\/wp-content\/uploads\/SambaPOS-Neptune-image-3-100x67.png 100w, https:\/\/sambapos.com\/wp-content\/uploads\/SambaPOS-Neptune-image-3-150x100.png 150w, https:\/\/sambapos.com\/wp-content\/uploads\/SambaPOS-Neptune-image-3-120x80.png 120w, https:\/\/sambapos.com\/wp-content\/uploads\/SambaPOS-Neptune-image-3-200x133.png 200w, https:\/\/sambapos.com\/wp-content\/uploads\/SambaPOS-Neptune-image-3-66x44.png 66w, https:\/\/sambapos.com\/wp-content\/uploads\/SambaPOS-Neptune-image-3-45x30.png 45w, https:\/\/sambapos.com\/wp-content\/uploads\/SambaPOS-Neptune-image-3-60x40.png 60w\" sizes=\"auto, (max-width: 600px) 100vw, 600px\" \/><\/div><\/div><\/div><\/div><div class=\"wpb_column vc_column_container\"><div class=\"vc_column-inner\"><div class=\"wpb_text_column\"><div class=\"wpb_wrapper\"><h3>SambaPOS Neptune ile Yeni \u015eube<\/h3>\n<p>SambaPOS Neptune ile yeni bir \u015fube a\u00e7mak \u00e7ok kolay. D\u00fcnyan\u0131n neresinde olursa olsun olu\u015fturulan veritabanlar\u0131 bulut sistemi sayesinde yeni \u015fube bilgisayarlar\u0131na aktar\u0131l\u0131r. Uzaktan ba\u011flan\u0131larak gerekli \u00f6zelle\u015ftirmeler, yaz\u0131c\u0131 g\u00f6revleri tan\u0131mlan\u0131r. \u015eubeye fiziken gitmeden yap\u0131lan y\u00fcklemeler sayesinde restoran \u00e7ok h\u0131zl\u0131 bir \u015fekilde aktif hale getirilir.<\/p>\n<p>\u015eubeye \u00f6zel ekranlar, yazd\u0131rma \u015fablonlar\u0131, \u00fcr\u00fcnler, men\u00fcler ve raporlar an\u0131nda restoran \u015fubesinde olu\u015fur. \u0130stenildi\u011finde gerekli de\u011fi\u015fiklikler yine ayn\u0131 h\u0131zla yap\u0131l\u0131r. Personel e\u011fitimleri uzaktan verilerek i\u015fe ba\u015flama s\u00fcre\u00e7leri h\u0131zland\u0131r\u0131l\u0131r. Restoran \u015fubelerinde \u00e7al\u0131\u015fan personel tan\u0131mlamalar\u0131 SambaPOS Neptune taraf\u0131ndan yap\u0131larak, yetkil ayr\u0131mlar\u0131 belirlenir. K\u0131s\u0131tlamalar tan\u0131mlan\u0131r.<\/p>\n<p>SambaPOS Neptune sayesinde merkezi denetim g\u00fc\u00e7lenir ve sat\u0131\u015fa odakl\u0131 restoran \u015fube yap\u0131s\u0131 olu\u015fturulur. Y\u00fczlerce \u015fubenin y\u00f6netimini kolayl\u0131kla yapman\u0131n verdi\u011fi g\u00fcvenle sadece i\u015finizi b\u00fcy\u00fctmeye odaklanabilirsiniz.<\/p>\n<p>Restoran POS ve \u015fube y\u00f6netim sistemlerinin en yenisi ve en iyisini <a href=\"https:\/\/cp.sambapos.com\/market\"><strong>SambaPOS Neptune\u2019\u00fc \u015fimdi sat\u0131n al\u0131n<\/strong><\/a> veya <a href=\"https:\/\/sambapos.com\/tr\/yetkili-bayi-basvurusu\/\"><strong>bayi olun!<\/strong><\/a><\/p>\n<\/div><\/div><\/div><\/div><\/div><div class=\"w-separator size_custom\" style=\"height:75px\"><\/div><\/div><\/div><\/div><\/div><\/section>\n","protected":false},"excerpt":{"rendered":"SambaPOS Neptune SambaPOS Neptune \u015eubeli restoranlar\u0131n\u0131z\u0131 Bulut tabanl\u0131 sistemimizle kolayl\u0131kla y\u00f6netebilirsiniz. \u0130ster tek \u015fube ister 1000 \u015fube olsun. Men\u00fc, \u00fcr\u00fcn ve fiyat de\u011fi\u015fikliklerinizi merkezinizden kolayl\u0131kla yapabilirsiniz. SambaPOS Neptune \u015eubeli restoranlar\u0131n\u0131z\u0131 Bulut tabanl\u0131 sistemimizle kolayl\u0131kla y\u00f6netebilirsiniz. \u0130ster tek \u015fube ister 1000 \u015fube olsun. Men\u00fc, \u00fcr\u00fcn ve fiyat de\u011fi\u015fikliklerinizi merkezinizden kolayl\u0131kla yapabilirsiniz. SambaPOS Neptune ile neler yapabilirsiniz?...","protected":false},"author":1,"featured_media":0,"parent":0,"menu_order":0,"comment_status":"closed","ping_status":"closed","template":"","meta":{"footnotes":""},"class_list":["post-13251","page","type-page","status-publish","hentry"],"_links":{"self":[{"href":"https:\/\/sambapos.com\/tr\/wp-json\/wp\/v2\/pages\/13251","targetHints":{"allow":["GET"]}}],"collection":[{"href":"https:\/\/sambapos.com\/tr\/wp-json\/wp\/v2\/pages"}],"about":[{"href":"https:\/\/sambapos.com\/tr\/wp-json\/wp\/v2\/types\/page"}],"author":[{"embeddable":true,"href":"https:\/\/sambapos.com\/tr\/wp-json\/wp\/v2\/users\/1"}],"replies":[{"embeddable":true,"href":"https:\/\/sambapos.com\/tr\/wp-json\/wp\/v2\/comments?post=13251"}],"version-history":[{"count":26,"href":"https:\/\/sambapos.com\/tr\/wp-json\/wp\/v2\/pages\/13251\/revisions"}],"predecessor-version":[{"id":15922,"href":"https:\/\/sambapos.com\/tr\/wp-json\/wp\/v2\/pages\/13251\/revisions\/15922"}],"wp:attachment":[{"href":"https:\/\/sambapos.com\/tr\/wp-json\/wp\/v2\/media?parent=13251"}],"curies":[{"name":"wp","href":"https:\/\/api.w.org\/{rel}","templated":true}]}}