{"id":13232,"date":"2021-11-28T18:20:51","date_gmt":"2021-11-28T18:20:51","guid":{"rendered":"https:\/\/sambapos.com\/sambapos-android-cid\/"},"modified":"2023-11-16T05:16:33","modified_gmt":"2023-11-16T05:16:33","slug":"sambapos-android-cid","status":"publish","type":"page","link":"https:\/\/sambapos.com\/tr\/sambapos-android-cid\/","title":{"rendered":"SambaPOS Android CID"},"content":{"rendered":"<section class=\"l-section wpb_row us_custom_da3889f7 hide_on_tablets hide_on_mobiles height_huge\"><div class=\"l-section-h i-cf\"><div class=\"g-cols vc_row via_grid cols_1 laptops-cols_inherit tablets-cols_inherit mobiles-cols_1 valign_top type_default stacking_default\" style=\"--columns-gap:30rem;\"><div class=\"wpb_column vc_column_container\"><div class=\"vc_column-inner\"><div class=\"g-cols wpb_row via_grid cols_2 laptops-cols_inherit tablets-cols_inherit mobiles-cols_1 valign_middle type_default stacking_default\" style=\"--columns-gap:calc(3rem + 30px);\"><div class=\"wpb_column vc_column_container us_custom_862028bc\"><div class=\"vc_column-inner\"><div class=\"wpb_text_column us_custom_17629c1a has_text_color hide_on_default hide_on_laptops hide_on_tablets hide_on_mobiles\"><div class=\"wpb_wrapper\"><p>SambaPOS Android CID, Caller ID<\/p>\n<\/div><\/div><div class=\"wpb_text_column\"><div class=\"wpb_wrapper\"><h1>SambaPOS Android CID<\/h1>\n<\/div><\/div><div class=\"w-separator size_custom\" style=\"height:25px\"><\/div><div class=\"wpb_text_column us_custom_1e0e9307\"><div class=\"wpb_wrapper\"><p><strong>Restoranlar i\u00e7in Son Teknoloji Caller ID <\/strong><\/p>\n<\/div><\/div><div class=\"w-separator size_custom\" style=\"height:25px\"><\/div><div class=\"wpb_text_column\"><div class=\"wpb_wrapper\"><p>Sipari\u015f Y\u00f6netimi \u2192 Daha H\u0131zl\u0131 Servis<\/p>\n<p>Ki\u015fiselle\u015ftirilmi\u015f M\u00fc\u015fteri Hizmeti \u2192 Daha Fazla M\u00fc\u015fteri Memnuniyeti<\/p>\n<p>Artan Personel Verimlili\u011fi \u2192 Daha Az Hata<\/p>\n<p>B\u00fcy\u00fcyen M\u00fc\u015fteri Taban\u0131 \u2192 Etkili Pazarlama Kampanyalar\u0131<\/p>\n<\/div><\/div><div class=\"w-separator size_custom\" style=\"height:25px\"><\/div><\/div><\/div><div class=\"wpb_column vc_column_container\"><div class=\"vc_column-inner\"><\/div><\/div><\/div><\/div><\/div><\/div><\/div><\/section><section class=\"l-section wpb_row hide_on_default hide_on_laptops height_large\"><div class=\"l-section-h i-cf\"><div class=\"g-cols vc_row via_grid cols_1 laptops-cols_inherit tablets-cols_inherit mobiles-cols_1 valign_top type_default stacking_default\" style=\"--columns-gap:30rem;\"><div class=\"wpb_column vc_column_container\"><div class=\"vc_column-inner\"><div class=\"g-cols wpb_row via_grid cols_1 laptops-cols_inherit tablets-cols_inherit mobiles-cols_1 valign_middle type_default stacking_default\" style=\"--columns-gap:calc(3rem + 30px);\"><div class=\"wpb_column vc_column_container\"><div class=\"vc_column-inner\"><div class=\"w-separator size_custom\" style=\"height:75px\"><\/div><div class=\"wpb_text_column\"><div class=\"wpb_wrapper\"><h1>SambaPOS Android CID<\/h1>\n<\/div><\/div><div class=\"w-separator size_custom\" style=\"height:25px\"><\/div><div class=\"wpb_text_column us_custom_1e0e9307\"><div class=\"wpb_wrapper\"><p><strong>Restoranlar i\u00e7in Son Teknoloji Caller ID <\/strong><\/p>\n<\/div><\/div><div class=\"w-separator size_custom\" style=\"height:25px\"><\/div><div class=\"wpb_text_column\"><div class=\"wpb_wrapper\"><p>Sipari\u015f Y\u00f6netimi \u2192 Daha H\u0131zl\u0131 Servis<\/p>\n<p>Ki\u015fiselle\u015ftirilmi\u015f M\u00fc\u015fteri Hizmeti \u2192 Daha Fazla M\u00fc\u015fteri Memnuniyeti<\/p>\n<p>Artan Personel Verimlili\u011fi \u2192 Daha Az Hata<\/p>\n<p>B\u00fcy\u00fcyen M\u00fc\u015fteri Taban\u0131 \u2192 Etkili Pazarlama Kampanyalar\u0131<\/p>\n<\/div><\/div><div class=\"w-separator size_custom\" style=\"height:25px\"><\/div><\/div><\/div><\/div><\/div><\/div><\/div><\/div><\/section><section class=\"l-section wpb_row us_custom_3b745cf9 height_auto\"><div class=\"l-section-h i-cf\"><div class=\"g-cols vc_row via_grid cols_1 laptops-cols_inherit tablets-cols_inherit mobiles-cols_1 valign_top type_default stacking_default\"><div class=\"wpb_column vc_column_container\"><div class=\"vc_column-inner\"><div class=\"w-separator hide_on_tablets hide_on_mobiles size_custom\" style=\"height:75px\"><\/div><div class=\"g-cols wpb_row via_grid cols_2 laptops-cols_inherit tablets-cols_inherit mobiles-cols_1 valign_top type_default stacking_default\" style=\"--columns-gap:calc(3rem + 30px);\"><div class=\"wpb_column vc_column_container\"><div class=\"vc_column-inner\"><div class=\"wpb_text_column\"><div class=\"wpb_wrapper\"><p>M\u00fc\u015fteriler, telefonla arad\u0131klar\u0131nda kolay bir \u015fekilde sipari\u015f vermek isterler. SambaPOS Android CID ile i\u015fletmenizi modernize edebilir ve teknolojiyi kullanarak daha kolay sipari\u015f alabilirsiniz. Bu sayede i\u015fletmenizin y\u00fckselme h\u0131z\u0131 ve m\u00fc\u015fteri memnuniyeti artar.<\/p>\n<\/div><\/div><div class=\"w-separator size_custom\" style=\"height:25px\"><\/div><div class=\"wpb_text_column\"><div class=\"wpb_wrapper\"><p>Restoranlar, kafeler ve barlar i\u00e7in \u00f6zel olarak tasarlanan SambaPOS Android CID, i\u015fletmenizi arayan m\u00fc\u015fterileri kolayca takip etmenizi ve onlar\u0131 kaydetmenizi sa\u011flar.\u00a0SambaPOS Android CID (Caller ID) uygulamas\u0131n\u0131 ak\u0131ll\u0131 telefonunuza kolayca y\u00fckleyebilir ve telefon aramalar\u0131n\u0131 takip ederek arayan m\u00fc\u015fterilerinizle ilgili t\u00fcm bilgileri g\u00f6r\u00fcnt\u00fcleyebilirsiniz.<\/p>\n<p>Kolayl\u0131\u011f\u0131 en \u00fcst d\u00fczeye \u00e7\u0131karmak ve i\u015fletmenizin verimlili\u011fini art\u0131rmak i\u00e7in tasarlanan SambaPOS Android CID, m\u00fc\u015fterilerinizi h\u0131zl\u0131 bir \u015fekilde kaydeder ve bir sonraki telefon \u00e7a\u011fr\u0131s\u0131nda t\u00fcm bilgileri an\u0131nda g\u00f6r\u00fcnt\u00fcler. SambaPOS Android CID (Caller ID)\u00a0ile personelleriniz, m\u00fc\u015fteriler arad\u0131klar\u0131nda daha cevap vermeden onlar hakk\u0131ndaki bilgilere eri\u015fir. B\u00f6ylece paket servis ve gel al sipari\u015fleriniz kolay bir \u015fekilde y\u00f6netilir.<\/p>\n<ul>\n<li>M\u00fc\u015fteri Veritaban\u0131n\u0131z\u0131 Olu\u015fturun<\/li>\n<li>Paket Servis ve Gel Al Sipari\u015flerinizi H\u0131zland\u0131r\u0131n<\/li>\n<li>\u0130\u015fletmenizi B\u00fcy\u00fct\u00fcn<\/li>\n<\/ul>\n<\/div><\/div><\/div><\/div><div class=\"wpb_column vc_column_container\"><div class=\"vc_column-inner\"><div class=\"w-pricing style_cards items_1\"><div class=\"w-pricing-item type_featured\"><div class=\"w-pricing-item-h\"><div class=\"w-pricing-item-header\"><div class=\"w-pricing-item-title\">SambaPOS Android CID<\/div><div class=\"w-pricing-item-price\">29$<small>Tek Sefer \/ Cihaz Ba\u015f\u0131<\/small><\/div><\/div><ul class=\"w-pricing-item-features\"><li class=\"w-pricing-item-feature\">Android telefonunuz an\u0131nda Caller ID olur<\/li><li class=\"w-pricing-item-feature\">Android 5.0 ve yukar\u0131s\u0131 t\u00fcm telefonlarda \u00e7al\u0131\u015f\u0131r<\/li><li class=\"w-pricing-item-feature\">Ayn\u0131 anda bir\u00e7ok telefon kullanabilrisiniz<\/li><\/ul><div class=\"w-pricing-item-footer\"><a class=\"w-btn us-btn-style_28\" style=\"font-size:15px\" target=\"_blank\" rel=\"nofollow\" href=\"https:\/\/cp.sambapos.com\/market\"><span class=\"w-btn-label\">Sat\u0131n Al<\/span><\/a><\/div><\/div><\/div><\/div><\/div><\/div><\/div><div class=\"w-separator size_custom\" style=\"height:75px\"><\/div><div class=\"g-cols wpb_row via_grid cols_2 laptops-cols_inherit tablets-cols_inherit mobiles-cols_1 valign_middle type_default stacking_default\" style=\"--columns-gap:calc(3rem + 30px);\"><div class=\"wpb_column vc_column_container\"><div class=\"vc_column-inner\"><div class=\"wpb_text_column\"><div class=\"wpb_wrapper\"><h2>Paket Servis \u0130\u015flemlerinizi Basitle\u015ftirin<\/h2>\n<p>M\u00fc\u015fterilerinizden s\u00fcrekli olarak sipari\u015f detaylar\u0131 hakk\u0131nda bilgi talep etmeniz hem \u00e7al\u0131\u015fanlar\u0131n\u0131z\u0131 hem de m\u00fc\u015fterilerinizi yorabilir. Yan\u0131t vermede s\u0131k ya\u015fanan gecikmeler memnuniyeti azaltabilir. Bunu \u00f6nlemek i\u00e7in sizi arayan m\u00fc\u015fterileriniz hakk\u0131nda bilgi verebilecek SambaPOS Android CID (Caller ID) uygulamas\u0131n\u0131 geli\u015ftirdik.<\/p>\n<p>M\u00fc\u015fteri bilgilerine kolay eri\u015fim, \u00e7al\u0131\u015fanlar\u0131n\u0131z\u0131n arayanlara yan\u0131t vermesini son derece basitle\u015ftirerek sipari\u015f bilgilerini manuel olarak almak i\u00e7in gereken zamandan ve \u00e7abadan tasarruf etmelerini sa\u011flar. SambaPOS Android CID ile paket servis ve gel al hizmetlerinizin takibi kolayla\u015f\u0131r ve m\u00fc\u015fteri memnuniyetinizi geli\u015ftirmenize olanak tan\u0131r.<\/p>\n<\/div><\/div><\/div><\/div><div class=\"wpb_column vc_column_container hide_on_tablets hide_on_mobiles\"><div class=\"vc_column-inner\"><div class=\"w-image align_center\"><div class=\"w-image-h\"><img decoding=\"async\" width=\"600\" height=\"607\" src=\"https:\/\/sambapos.com\/wp-content\/uploads\/SambaPOS-Android-CID-product-1.png\" class=\"attachment-large size-large\" alt=\"SambaPOS Android CID\" loading=\"lazy\" srcset=\"https:\/\/sambapos.com\/wp-content\/uploads\/SambaPOS-Android-CID-product-1.png 600w, https:\/\/sambapos.com\/wp-content\/uploads\/SambaPOS-Android-CID-product-1-297x300.png 297w, https:\/\/sambapos.com\/wp-content\/uploads\/SambaPOS-Android-CID-product-1-395x400.png 395w, https:\/\/sambapos.com\/wp-content\/uploads\/SambaPOS-Android-CID-product-1-100x101.png 100w, https:\/\/sambapos.com\/wp-content\/uploads\/SambaPOS-Android-CID-product-1-150x152.png 150w, https:\/\/sambapos.com\/wp-content\/uploads\/SambaPOS-Android-CID-product-1-120x121.png 120w, https:\/\/sambapos.com\/wp-content\/uploads\/SambaPOS-Android-CID-product-1-200x202.png 200w, https:\/\/sambapos.com\/wp-content\/uploads\/SambaPOS-Android-CID-product-1-43x44.png 43w, https:\/\/sambapos.com\/wp-content\/uploads\/SambaPOS-Android-CID-product-1-30x30.png 30w, https:\/\/sambapos.com\/wp-content\/uploads\/SambaPOS-Android-CID-product-1-60x61.png 60w, https:\/\/sambapos.com\/wp-content\/uploads\/SambaPOS-Android-CID-product-1-400x405.png 400w\" sizes=\"auto, (max-width: 600px) 100vw, 600px\" \/><\/div><\/div><\/div><\/div><\/div><div class=\"w-separator size_custom\" style=\"height:75px\"><\/div><\/div><\/div><\/div><\/div><\/section><section class=\"l-section wpb_row height_auto with_img\"><div class=\"l-section-img\" role=\"img\" aria-label=\"SambaPOS Android CID\" data-img-width=\"2122\" data-img-height=\"1412\" style=\"background-image: url(https:\/\/sambapos.com\/wp-content\/uploads\/SambaPOS-Android-CID-X2-1.jpeg);\"><\/div><div class=\"l-section-h i-cf\"><div class=\"g-cols vc_row via_grid cols_2 laptops-cols_inherit tablets-cols_inherit mobiles-cols_1 valign_top type_default stacking_default\"><div class=\"wpb_column vc_column_container\"><div class=\"vc_column-inner\"><div class=\"w-separator size_custom\" style=\"height:125px\"><\/div><div class=\"g-cols wpb_row us_custom_807de8c1 via_grid cols_1 laptops-cols_inherit tablets-cols_inherit mobiles-cols_1 valign_top type_default stacking_default\" style=\"--columns-gap:3rem;\"><div class=\"wpb_column vc_column_container us_custom_2c4f4a12\"><div class=\"vc_column-inner\"><div class=\"w-separator size_custom\" style=\"height:25px\"><\/div><div class=\"wpb_text_column\"><div class=\"wpb_wrapper\"><h3><strong>M\u00fc\u015fterilerinize \u00d6zel Hizmet Verin!<\/strong><\/h3>\n<p>SambaPOS Android CID (Caller ID), arayan m\u00fc\u015fterilerinizin Ad ve Soyadlar\u0131n\u0131, Adreslerini, \u00d6nceki Sipari\u015flerini ve daha fazla ki\u015fisel bilgisini an\u0131nda kaydeder. B\u00f6ylece \u00e7al\u0131\u015fanlar\u0131n\u0131z, m\u00fc\u015fterilerinize isimleriyle yan\u0131t verebilir.<\/p>\n<p>Ek olarak SambaPOS Android CID, \u00f6nceden tekrarlanan sipari\u015fleri g\u00f6rebilmenizi ve m\u00fc\u015fterilerinize \u00f6zel hizmet verebilmenizi sa\u011flar. Ki\u015fiselle\u015ftirilmi\u015f hizmetler, m\u00fc\u015fterilerinizin kendilerini \u00f6ncelikli hissedecekleri bir ortam yaratarak m\u00fc\u015fteri memnuniyetini ve say\u0131s\u0131n\u0131 art\u0131r\u0131r.<\/p>\n<\/div><\/div><div class=\"w-separator size_custom\" style=\"height:25px\"><\/div><\/div><\/div><\/div><div class=\"w-separator size_custom\" style=\"height:125px\"><\/div><div class=\"wpb_column vc_column_container\"><div class=\"vc_column-inner\"><\/div><\/div><\/div><\/div><div class=\"wpb_column vc_column_container\"><div class=\"vc_column-inner\"><\/div><\/div><\/div><\/div><\/section><section class=\"l-section wpb_row us_custom_3b745cf9 height_auto\"><div class=\"l-section-h i-cf\"><div class=\"g-cols vc_row via_grid cols_1 laptops-cols_inherit tablets-cols_inherit mobiles-cols_1 valign_top type_default stacking_default\"><div class=\"wpb_column vc_column_container\"><div class=\"vc_column-inner\"><div class=\"w-separator size_custom\" style=\"height:75px\"><\/div><div class=\"g-cols wpb_row via_grid cols_2 laptops-cols_inherit tablets-cols_inherit mobiles-cols_1 valign_top type_default stacking_default\" style=\"--columns-gap:3rem;\"><div class=\"wpb_column vc_column_container us_custom_6b8248eb\"><div class=\"vc_column-inner\"><div class=\"w-iconbox iconpos_left style_default color_primary align_left\"><div class=\"w-iconbox-icon\" style=\"font-size:2rem;\"><i class=\"fas fa-angle-right\"><\/i><\/div><div class=\"w-iconbox-meta\"><h4 class=\"w-iconbox-title\"><b>M\u00fc\u015fteri Memnuniyetini Art\u0131r\u0131n<\/b><\/h4><div class=\"w-iconbox-text\"><p>SambaPOS Android CID, personelinizin verimlili\u011fini art\u0131rarak m\u00fc\u015fterinizin zaman\u0131ndan tasarruf etmesine yard\u0131mc\u0131 olabilir. SambaPOS Android CID, tekrar tekrar adres yazma zahmetinden veya telefon numaralar\u0131n\u0131 yanl\u0131\u015f edinme olas\u0131l\u0131\u011f\u0131ndan kurtar\u0131r. Personeliniz ve m\u00fc\u015fterileriniz aras\u0131ndaki gereksiz ileti\u015fimi ortadan kald\u0131rd\u0131\u011f\u0131 i\u00e7in SambaPOS Android CID (Caller ID) kullanarak bu problemlerden kurtulabilirsiniz. Bunun yerine, personelinizin ki\u015fiselle\u015ftirilmi\u015f hizmetler sunmaya daha fazla odaklanmas\u0131n\u0131 sa\u011flayarak m\u00fc\u015fteri memnuniyetinizi art\u0131rabilirsiniz.<\/p>\n<\/div><\/div><\/div><\/div><\/div><div class=\"wpb_column vc_column_container us_custom_6b8248eb\"><div class=\"vc_column-inner\"><div class=\"w-iconbox iconpos_left style_default color_primary align_left\"><div class=\"w-iconbox-icon\" style=\"font-size:2rem;\"><i class=\"fas fa-angle-right\"><\/i><\/div><div class=\"w-iconbox-meta\"><h4 class=\"w-iconbox-title\"><b>M\u00fc\u015fteri Say\u0131n\u0131z\u0131 Art\u0131r\u0131n<\/b><\/h4><div class=\"w-iconbox-text\"><p>SambaPOS Android CID (Caller ID), yaln\u0131zca mevcut m\u00fc\u015fteriler i\u00e7in kullan\u0131\u015fl\u0131 de\u011fildir. Birka\u00e7 basit ad\u0131mda ad, telefon numaras\u0131 ve teslimat adresi gibi bilgilerle ilk defa arayan m\u00fc\u015fterilerinizi kaydedebilir ve bu bilgilere istedi\u011finiz zaman ula\u015fabilirsiniz.\u00a0Bu, yeni m\u00fc\u015fterilerinizin bir listesini olu\u015fturman\u0131za olanak sa\u011flar. G\u00fcn\u00fcn men\u00fcs\u00fcn\u00fc\/\u00fcr\u00fcn\u00fcn\u00fc veya yeni \u00e7\u0131kan bir \u00fcr\u00fcn\u00fc pazarlamak i\u00e7in bu listeyi kullanabilirsiniz.<\/p>\n<\/div><\/div><\/div><\/div><\/div><\/div><\/div><\/div><\/div><\/div><\/section><section class=\"l-section wpb_row us_custom_3b745cf9 height_auto\"><div class=\"l-section-h i-cf\"><div class=\"g-cols vc_row via_grid cols_1 laptops-cols_inherit tablets-cols_inherit mobiles-cols_1 valign_top type_default stacking_default\"><div class=\"wpb_column vc_column_container\"><div class=\"vc_column-inner\"><div class=\"w-separator size_custom\" style=\"height:75px\"><\/div><div class=\"g-cols wpb_row via_grid cols_2 laptops-cols_inherit tablets-cols_inherit mobiles-cols_1 valign_middle type_default stacking_default\" style=\"--columns-gap:calc(3rem + 30px);\"><div class=\"wpb_column vc_column_container\"><div class=\"vc_column-inner\"><div class=\"w-image align_center\"><div class=\"w-image-h\"><img decoding=\"async\" width=\"1024\" height=\"615\" src=\"https:\/\/sambapos.com\/wp-content\/uploads\/sambapos-products-copy-1024x615.png\" class=\"attachment-large size-large\" alt=\"SambaPOS Products\" loading=\"lazy\" srcset=\"https:\/\/sambapos.com\/wp-content\/uploads\/sambapos-products-copy-1024x615.png 1024w, https:\/\/sambapos.com\/wp-content\/uploads\/sambapos-products-copy-300x180.png 300w, https:\/\/sambapos.com\/wp-content\/uploads\/sambapos-products-copy-600x360.png 600w, https:\/\/sambapos.com\/wp-content\/uploads\/sambapos-products-copy-100x60.png 100w, https:\/\/sambapos.com\/wp-content\/uploads\/sambapos-products-copy-150x90.png 150w, https:\/\/sambapos.com\/wp-content\/uploads\/sambapos-products-copy-120x72.png 120w, https:\/\/sambapos.com\/wp-content\/uploads\/sambapos-products-copy-200x120.png 200w, https:\/\/sambapos.com\/wp-content\/uploads\/sambapos-products-copy-73x44.png 73w, https:\/\/sambapos.com\/wp-content\/uploads\/sambapos-products-copy-50x30.png 50w, https:\/\/sambapos.com\/wp-content\/uploads\/sambapos-products-copy-60x36.png 60w, https:\/\/sambapos.com\/wp-content\/uploads\/sambapos-products-copy-400x240.png 400w, https:\/\/sambapos.com\/wp-content\/uploads\/sambapos-products-copy.png 1333w\" sizes=\"auto, (max-width: 1024px) 100vw, 1024px\" \/><\/div><\/div><\/div><\/div><div class=\"wpb_column vc_column_container\"><div class=\"vc_column-inner\"><div class=\"wpb_text_column\"><div class=\"wpb_wrapper\"><h3>SambaPOS Android CID\u00a0Kurulumu ve Kullan\u0131m\u0131 \u00c7ok Kolay!<\/h3>\n<p>Herhangi bir m\u00fc\u015fteri restoran\u0131n\u0131z\u0131 arad\u0131\u011f\u0131nda, sipari\u015fini h\u0131zl\u0131 ve gereksiz gecikmeler olmadan vermeyi ister. SambaPOS Android CID, paket servis ve gel al i\u00e7in sipari\u015f s\u00fcrecini kolayla\u015ft\u0131rarak zaman kayb\u0131 olmadan bunu m\u00fcmk\u00fcn k\u0131lar.<\/p>\n<p>SambaPOS, t\u00fcm \u00fcr\u00fcnlerini, i\u015fletmecilerin m\u00fc\u015fterilerine en iyi hizmeti sunabilmesini sa\u011flama amac\u0131yla yapmaktad\u0131r. Manuel bilgi edinme y\u00fcksek oranda hata i\u00e7erir. SambaPOS Android CID, gereksiz hatalar\u0131 ve zaman kayb\u0131n\u0131 \u00f6nleme amac\u0131yla geli\u015ftirilmi\u015ftir.<\/p>\n<p>Ayr\u0131ca Android CID kullan\u0131m\u0131 kolay ve pratiktir. Siz ki\u015fiselle\u015ftirilmi\u015f bir m\u00fc\u015fteri deneyimi sunmaya odaklan\u0131rken t\u00fcm i\u015fi uygulamam\u0131za b\u0131rak\u0131n. <a href=\"https:\/\/cp.sambapos.com\/market\"><strong>\u015eimdi sat\u0131n al\u0131n<\/strong><\/a> veya <a href=\"https:\/\/sambapos.com\/tr\/yetkili-bayi-basvurusu\/\"><strong>bayin<\/strong> <strong>olun!<\/strong><\/a><\/p>\n<\/div><\/div><div class=\"w-separator size_custom\" style=\"height:25px\"><\/div><\/div><\/div><\/div><div class=\"w-separator size_custom\" style=\"height:75px\"><\/div><\/div><\/div><\/div><\/div><\/section>\n","protected":false},"excerpt":{"rendered":"SambaPOS Android CID, Caller ID SambaPOS Android CID Restoranlar i\u00e7in Son Teknoloji Caller ID Sipari\u015f Y\u00f6netimi \u2192 Daha H\u0131zl\u0131 Servis Ki\u015fiselle\u015ftirilmi\u015f M\u00fc\u015fteri Hizmeti \u2192 Daha Fazla M\u00fc\u015fteri Memnuniyeti Artan Personel Verimlili\u011fi \u2192 Daha Az Hata B\u00fcy\u00fcyen M\u00fc\u015fteri Taban\u0131 \u2192 Etkili Pazarlama Kampanyalar\u0131 SambaPOS Android CID Restoranlar i\u00e7in Son Teknoloji Caller ID Sipari\u015f Y\u00f6netimi \u2192 Daha...","protected":false},"author":1,"featured_media":0,"parent":0,"menu_order":0,"comment_status":"closed","ping_status":"closed","template":"","meta":{"footnotes":""},"class_list":["post-13232","page","type-page","status-publish","hentry"],"_links":{"self":[{"href":"https:\/\/sambapos.com\/tr\/wp-json\/wp\/v2\/pages\/13232","targetHints":{"allow":["GET"]}}],"collection":[{"href":"https:\/\/sambapos.com\/tr\/wp-json\/wp\/v2\/pages"}],"about":[{"href":"https:\/\/sambapos.com\/tr\/wp-json\/wp\/v2\/types\/page"}],"author":[{"embeddable":true,"href":"https:\/\/sambapos.com\/tr\/wp-json\/wp\/v2\/users\/1"}],"replies":[{"embeddable":true,"href":"https:\/\/sambapos.com\/tr\/wp-json\/wp\/v2\/comments?post=13232"}],"version-history":[{"count":15,"href":"https:\/\/sambapos.com\/tr\/wp-json\/wp\/v2\/pages\/13232\/revisions"}],"predecessor-version":[{"id":16252,"href":"https:\/\/sambapos.com\/tr\/wp-json\/wp\/v2\/pages\/13232\/revisions\/16252"}],"wp:attachment":[{"href":"https:\/\/sambapos.com\/tr\/wp-json\/wp\/v2\/media?parent=13232"}],"curies":[{"name":"wp","href":"https:\/\/api.w.org\/{rel}","templated":true}]}}