{"id":13179,"date":"2022-05-09T18:25:19","date_gmt":"2022-05-09T18:25:19","guid":{"rendered":"https:\/\/sambapos.com\/personal-data\/"},"modified":"2022-08-31T18:03:21","modified_gmt":"2022-08-31T18:03:21","slug":"kisisel-veriler","status":"publish","type":"page","link":"https:\/\/sambapos.com\/tr\/kisisel-veriler\/","title":{"rendered":"Ki\u015fisel Veriler"},"content":{"rendered":"<section class=\"l-section wpb_row height_medium\"><div class=\"l-section-h i-cf\"><div class=\"g-cols vc_row via_grid cols_1-4-1 laptops-cols_inherit tablets-cols_inherit mobiles-cols_1 valign_top type_default stacking_default\"><div class=\"wpb_column vc_column_container\"><div class=\"vc_column-inner\"><\/div><\/div><div class=\"wpb_column vc_column_container\"><div class=\"vc_column-inner\"><div class=\"g-cols wpb_row via_grid cols_1 laptops-cols_inherit tablets-cols_inherit mobiles-cols_1 valign_top type_default stacking_default\" style=\"--columns-gap:3rem;\"><div class=\"wpb_column vc_column_container\"><div class=\"vc_column-inner\"><div class=\"wpb_text_column\"><div class=\"wpb_wrapper\"><h2><strong>Ayd\u0131nlatma Metni<\/strong><\/h2>\n<p>Bu ayd\u0131nlatma metni, 6698 say\u0131l\u0131 Ki\u015fisel Verilerin Korunmas\u0131 Kanunu (\u201cKanun\u201d) kapsam\u0131nda, SambaPOS Yaz\u0131l\u0131m Sanayi ve Ticaret A.\u015e.\u2019nin veri sorumlusu s\u0131fat\u0131yla hareket etti\u011fi hallerde, Kanun\u2019un 10.maddesine uygun olarak, ger\u00e7ek ki\u015filere (\u201cVeri Sahibi\u201d), ki\u015fisel verilerinin toplanma, i\u015flenme, saklanma, korunma ve imha s\u00fcre\u00e7, \u015fekil ve ama\u00e7lar\u0131 ile Kanun uyar\u0131nca haklar\u0131na ve haklar\u0131n\u0131 kullanma y\u00f6ntemlerine ili\u015fkin bilgi verilmesi amac\u0131yla haz\u0131rlanm\u0131\u015ft\u0131r.<\/p>\n<ul>\n<li>Veri sorumlusu:\u00a0SambaPOS Yaz\u0131l\u0131m Sanayi ve Ticaret A.\u015e.<\/li>\n<li>Adres:\u00a0Bah\u00e7elievler Mahallesi Mehmet\u00e7ik Sokak No:1-B01 Kat Plaza Kat:3 Ofis 305, 34180 Bah\u00e7elievler \/ \u0130stanbul<\/li>\n<li>MERS\u0130S no:<\/li>\n<li>Ticaret sicil no:<\/li>\n<li>Tel:\u00a0+90 212 252 0634<\/li>\n<li>Web sitesi:\u00a0https:\/\/www.sambapos.com<\/li>\n<\/ul>\n<p>Ki\u015fisel verilerinizin i\u015flenmesine ili\u015fkin ayr\u0131nt\u0131l\u0131 bilgiye \u201cSambaPOS Yaz\u0131l\u0131m Sanayi ve Ticaret A.\u015e. Ki\u015fisel Verilerin Korunmas\u0131, \u0130\u015flenmesi, Saklanmas\u0131 Ve \u0130mhas\u0131 Politikas\u0131\u201dndan (\u201cPolitika\u201d) ula\u015fabilirsiniz. Politika\u2019ya eri\u015fmek i\u00e7in\u00a0t\u0131klay\u0131n\u0131z.<\/p>\n<h2><strong>1-Ki\u015fisel Verilerinizi Hangi Ama\u00e7larla \u0130\u015fliyoruz?<\/strong><\/h2>\n<p>Veri Sorumlusu olarak ki\u015fisel verilerinizi Kanun\u2019un maddelerine uygun olarak ve a\u015fa\u011f\u0131daki ama\u00e7larla i\u015fleyebilmekteyiz:<\/p>\n<ul>\n<li>S\u00f6zle\u015fmelerin m\u00fczakeresi, akdedilmesi ve ifas\u0131,<\/li>\n<li>\u00dcr\u00fcn ve hizmetlerin sunulabilmesi,<\/li>\n<li>Sunulan \u00fcr\u00fcn ve hizmetlerin taleplere uygun olarak \u00f6zelle\u015ftirilmesi; m\u00fc\u015fteri ihtiya\u00e7lar\u0131, yasal ve teknik geli\u015fmeler sebebiyle g\u00fcncellenmesi, geli\u015ftirilmesi,<\/li>\n<li>Sunulan \u00fcr\u00fcn ve hizmetler \u00f6zelinde, sistemlere kullan\u0131c\u0131 tan\u0131mlamalar\u0131n\u0131n yap\u0131lmas\u0131,<\/li>\n<li>\u00c7a\u011fr\u0131 merkezi ve uzaktan destek hizmetlerinin sa\u011flanmas\u0131, \u00e7a\u011fr\u0131 say\u0131s\u0131 ve i\u00e7erik takibi,<\/li>\n<li>Yeni veya mevcut \u00fcr\u00fcn, hizmet ve kampanyalar\u0131n duyurulmas\u0131, sat\u0131\u015f ve pazarlama faaliyetlerinin y\u00fcr\u00fct\u00fclmesi,<\/li>\n<li>Pazar ara\u015ft\u0131rmas\u0131 yap\u0131lmas\u0131,<\/li>\n<li>\u0130statistik olu\u015fturulmas\u0131 ve kullan\u0131mlar\u0131n analiz edilmesi,<\/li>\n<li>\u00dcr\u00fcn, hizmet ve servis bedellerinin \u00f6denmesi, tahsil edilmesi, tahsilat y\u00f6nteminin se\u00e7ilmesi,<\/li>\n<li>\u0130rtibat\/ileti\u015fim sa\u011flanmas\u0131,<\/li>\n<li>\u0130\u015fbirli\u011fi yap\u0131lan firmalar, tedarik\u00e7iler, yeniden sat\u0131c\u0131lar ve hizmet al\u0131nan firmalarla olan ticari ili\u015fkilerin y\u00fcr\u00fct\u00fclmesi,<\/li>\n<li>\u0130\u015fbirli\u011fi \u00e7er\u00e7evesinde raporlama yap\u0131lmas\u0131,<\/li>\n<li>Yeniden sat\u0131c\u0131lar\u0131n i\u015f ortakl\u0131\u011f\u0131 ba\u015fvuru s\u00fcrecinin de\u011ferlendirilmesi,<\/li>\n<li>\u015eirketin ticari stratejilerinin geli\u015ftirilmesi ve planlar\u0131n\u0131n yap\u0131lmas\u0131,<\/li>\n<li>SambaPOS Yaz\u0131l\u0131m Sanayi ve Ticaret A.\u015e.taraf\u0131ndan memnuniyet \u00f6l\u00e7\u00fcm\u00fc anketleri i\u00e7in ileti\u015fim kurulmas\u0131,<\/li>\n<li>Anla\u015fmal\u0131 web sitelerinden ve kurumlardan yap\u0131lan al\u0131\u015fveri\u015flerde indirim sa\u011flanmas\u0131,<\/li>\n<li>SambaPOS Yaz\u0131l\u0131m Sanayi ve Ticaret A.\u015e. taraf\u0131ndan d\u00fczenlenen etkinliklerde\/e\u011fitimlerde kat\u0131l\u0131mc\u0131 kayd\u0131n\u0131n olu\u015fturulmas\u0131, sertifikalar\u0131n\/kat\u0131l\u0131m belgelerinin d\u00fczenlenmesi, \u00f6d\u00fcl\/hediye sahiplerinin belirlenmesi ve \u00f6d\u00fcl\/hediyelerin teslimi,<\/li>\n<li>Adli\/idari s\u00fcre\u00e7lerin y\u00f6netimi, kamu kurum kuru\u015flar\u0131ndan gelen taleplere cevap verilmesi, yasal d\u00fczenlemelere ba\u011fl\u0131 olarak hukuki y\u00fck\u00fcml\u00fcl\u00fcklerin yerine getirilmesi, hukuki uyu\u015fmazl\u0131klar\u0131n \u00e7\u00f6z\u00fcmlenmesi,<\/li>\n<li>Yat\u0131r\u0131mc\u0131 ili\u015fkilerinin y\u00fcr\u00fct\u00fclmesi,<\/li>\n<li>\u015eirketin ba\u015fka bir \u015firket ile birle\u015fmesi, b\u00f6l\u00fcnmesi, tamam\u0131n\u0131n veya bir k\u0131sm\u0131n\u0131n devredilmesi halinde bu hukuki i\u015flemden do\u011fan sonu\u00e7lar\u0131n temin edilmesi,<\/li>\n<li>Sosyal medya payla\u015f\u0131mlar\u0131nda SambaPOS Yaz\u0131l\u0131m Sanayi ve Ticaret A.\u015e. \u00e7al\u0131\u015fanlar\u0131n, Ger\u00e7ek Ki\u015fi Yeniden Sat\u0131c\u0131\/M\u00fc\u015fterilerin, Yeniden Sat\u0131c\u0131\/M\u00fc\u015fteri \u0130lgililerinin tan\u0131t\u0131lmas\u0131,<\/li>\n<li>\u0130\u015f g\u00f6r\u00fc\u015fmelerinin y\u00fcr\u00fct\u00fclmesi, i\u015f ba\u015fvurular\u0131n\u0131n de\u011ferlendirilmesi,<\/li>\n<li>\u0130\u015f ili\u015fkisinin\/s\u00f6zle\u015fmesinin kurulmas\u0131, y\u00fcr\u00fct\u00fclmesi ve sonland\u0131r\u0131lmas\u0131,<\/li>\n<li>SambaPOS Yaz\u0131l\u0131m Sanayi ve Ticaret A.\u015e. \u00e7al\u0131\u015fanlar\u0131n\u0131n i\u015f s\u00f6zle\u015fmelerinden do\u011fan as\u0131l ve yan haklardan yararland\u0131r\u0131lmas\u0131, performans\u0131n\u0131n ve \u00e7al\u0131\u015fmalar\u0131n\u0131n de\u011ferlendirilmesi,<\/li>\n<li>\u00c7al\u0131\u015fanlara kullan\u0131c\u0131 hesab\u0131 a\u00e7\u0131lmas\u0131, \u015firket i\u00e7i kimlik ve yemek kart\u0131 verilmesi,<\/li>\n<li>\u015eirket \u00e7al\u0131\u015fanlar\u0131n\u0131n ula\u015f\u0131m organizasyonunun sa\u011flanmas\u0131, \u015firket havuz ara\u00e7lar\u0131n\u0131n takibi,<\/li>\n<li>\u015eirket ad\u0131na bir organizasyona kat\u0131l\u0131m olmas\u0131 durumunda, kat\u0131l\u0131mc\u0131 kayd\u0131n\u0131n olu\u015fturulmas\u0131,<\/li>\n<li>\u00c7al\u0131\u015fanlar\u0131n e\u011fitimlere kat\u0131l\u0131m ve sertifika kay\u0131tlar\u0131n\u0131n olu\u015fturulmas\u0131,<\/li>\n<li>Ziyaret\u00e7i kay\u0131tlar\u0131n\u0131n olu\u015fturulmas\u0131 ve takibi,<\/li>\n<li>\u015eirketin i\u00e7 ve \u00e7evre g\u00fcvenli\u011fi ile Web Sitesi\u2019nin ve Uygulamalar\u2019\u0131n g\u00fcvenli\u011finin sa\u011flanmas\u0131,<\/li>\n<li>Web Sitesi\u2019nin kullan\u0131m analizi,<\/li>\n<li>Ki\u015fisel veri envanterinin olu\u015fturulmas\u0131,<\/li>\n<li>Ki\u015fisel verilere ili\u015fkin olanlar dahil, yaz\u0131l\u0131, s\u00f6zl\u00fc veya elektronik olarak iletilen t\u00fcm soru, talep, \u00f6neri, \u015fik\u00e2yet ve ba\u015fvurular\u0131n de\u011ferlendirilmesi, bunlara cevap verilmesi.<\/li>\n<\/ul>\n<h2><strong>2. \u0130\u015flenen Ki\u015fisel Verilerinizi Kimlere Hangi Ama\u00e7larla Aktar\u0131yoruz?<\/strong><\/h2>\n<p>Ki\u015fisel verileriniz, yukar\u0131da 1. maddede belirtti\u011fimiz ama\u00e7lar kapsam\u0131nda ve Kanun ve ki\u015fisel verilere ili\u015fkin y\u00fcr\u00fcrl\u00fckte bulunan di\u011fer emredici mevzuat h\u00fck\u00fcmlerine uygun olarak, yurt i\u00e7inde veya yurt d\u0131\u015f\u0131ndaki a\u015fa\u011f\u0131da belirtilen \u00fc\u00e7\u00fcnc\u00fc ki\u015filere aktar\u0131labilmektedir:<\/p>\n<ul>\n<li>Dan\u0131\u015fmanlar<\/li>\n<li>Denetim Firmalar\u0131<\/li>\n<li>Hizmet Al\u0131nan Firmalar<\/li>\n<li>\u0130\u015fbirli\u011fi Yap\u0131lan Firmalar<\/li>\n<li>SambaPOS Yaz\u0131l\u0131m Sanayi ve Ticaret A.\u015e.<\/li>\n<li>M\u00fc\u015fteriler<\/li>\n<li>Pay Sahipleri<\/li>\n<li>\u015eirket Yetkilileri<\/li>\n<li>Tedarik\u00e7iler<\/li>\n<li>Teknopark Y\u00f6netimi (Y\u00f6netici \u015eirket)<\/li>\n<li>Bankalar ve Finans Kurulu\u015flar\u0131<\/li>\n<li>Yarg\u0131sal Merciler ve Kamu Otoriterleri<\/li>\n<li>Yeniden Sat\u0131c\u0131lar<\/li>\n<li>Merkezi Kay\u0131t Kurulu\u015fu, Kamuyu Ayd\u0131nlatma Platformu, Borsa \u0130stanbul A.\u015e., Saklama Kurulu\u015flar\u0131, Sermaye Piyasas\u0131 Kurulu<\/li>\n<\/ul>\n<h2><strong>3. Ki\u015fisel Veri Toplama Y\u00f6ntemlerimiz ve Toplamam\u0131z\u0131n Hukuki Sebepleri Nelerdir?<\/strong><\/h2>\n<p>Ki\u015fisel Verilerinizi; Politika\u2019n\u0131n, Kanun\u2019un ve ilgili sair mevzuat\u0131n d\u00fczenlemelerine uygun olarak, yaz\u0131l\u0131, s\u00f6zl\u00fc, elektronik yollardan, g\u00f6r\u00fcnt\u00fc\/ses kayd\u0131 yoluyla veya fiziksel olarak sizinle kar\u015f\u0131 kar\u015f\u0131ya gelmek suretiyle toplayabiliyor ve i\u015fleyebiliyoruz.<\/p>\n<p>Veri toplama s\u00fcrecimiz; i) Web Sitesi, mobil uygulamalar, e-posta, i\u015fe al\u0131m portallar\u0131 dahil dijital mecralar veya yaz\u0131l\u0131m \u00fczerinden; ii) s\u00f6zle\u015fmeler, ba\u015fvurular, formlar, \u00e7a\u011fr\u0131 merkezi, uzaktan destek, sat\u0131\u015f ve pazarlama birimi, Web Siteleri\u2019ndeki \u00e7erezler, kartvizit, telefon gibi vas\u0131talar arac\u0131l\u0131\u011f\u0131yla; veya iii) Veri Sahibi ile y\u00fcz y\u00fcze yap\u0131lan g\u00f6r\u00fc\u015fmeler arac\u0131l\u0131\u011f\u0131yla ger\u00e7ekle\u015febilmektedir.<\/p>\n<h2><strong>4. Veri Sahibi Olarak Haklar\u0131n\u0131z Nelerdir?<\/strong><\/h2>\n<p>Kanun\u2019un 11. maddesi uyar\u0131nca, Veri Sahibi olarak \u015eirketimize ba\u015fvurarak kendinizle ilgili;<\/p>\n<ul>\n<li>Verilerinizin i\u015flenip i\u015flenmedi\u011fini \u00f6\u011frenme,<\/li>\n<li>Verileriniz i\u015flenmi\u015fse buna ili\u015fkin bilgi talep etme,<\/li>\n<li>Verilerin i\u015flenme amac\u0131n\u0131 ve bunlar\u0131n amac\u0131na uygun kullan\u0131l\u0131p kullan\u0131lmad\u0131\u011f\u0131n\u0131 \u00f6\u011frenme,<\/li>\n<li>Yurt i\u00e7inde veya yurt d\u0131\u015f\u0131nda Verilerin aktar\u0131ld\u0131\u011f\u0131 \u00fc\u00e7\u00fcnc\u00fc ki\u015fileri bilme,<\/li>\n<li>Verilerin eksik veya yanl\u0131\u015f i\u015flenmi\u015f olmas\u0131 h\u00e2linde bunlar\u0131n d\u00fczeltilmesini ve bu kapsamda yap\u0131lan i\u015flemin Verilerin aktar\u0131ld\u0131\u011f\u0131 \u00fc\u00e7\u00fcnc\u00fc ki\u015filere bildirilmesini isteme,<\/li>\n<li>Kanun ve ilgili di\u011fer mevzuat h\u00fck\u00fcmlerine uygun olarak i\u015flenmi\u015f olmas\u0131na ra\u011fmen, i\u015flenmesini gerektiren sebeplerin ortadan kalkmas\u0131 h\u00e2linde Verilerin silinmesini veya yok edilmesini ve bu kapsamda yap\u0131lan i\u015flemin Verilerin aktar\u0131ld\u0131\u011f\u0131 \u00fc\u00e7\u00fcnc\u00fc ki\u015filere bildirilmesini isteme,<\/li>\n<li>\u0130\u015flenen Verilerin m\u00fcnhas\u0131ran otomatik sistemler vas\u0131tas\u0131yla analiz edilmesi suretiyle ki\u015finin kendisi aleyhine bir sonucun ortaya \u00e7\u0131kmas\u0131na itiraz etme,<\/li>\n<li>Verilerin kanuna ayk\u0131r\u0131 olarak i\u015flenmesi sebebiyle zarara u\u011framan\u0131z h\u00e2linde zarar\u0131n giderilmesini talep etme, haklar\u0131na sahipsiniz.<\/li>\n<\/ul>\n<p>Ancak Ki\u015fisel Verilerin Korunmas\u0131 Kanunu\u2019nun 28\/2. maddesi h\u00fckm\u00fc gere\u011fi a\u015fa\u011f\u0131daki hallerde zarar\u0131n giderilmesini talep etme hakk\u0131n\u0131z hari\u00e7 yukar\u0131da say\u0131lan haklar\u0131n\u0131z\u0131 kullanamazs\u0131n\u0131z:<\/p>\n<ul>\n<li>Ki\u015fisel veri i\u015flemenin su\u00e7 i\u015flenmesinin \u00f6nlenmesi veya su\u00e7 soru\u015fturmas\u0131 i\u00e7in gerekli olmas\u0131.<\/li>\n<li>\u0130lgili ki\u015finin kendisi taraf\u0131ndan alenile\u015ftirilmi\u015f ki\u015fisel verilerin i\u015flenmesi.<\/li>\n<li>Ki\u015fisel veri i\u015flemenin kanunun verdi\u011fi yetkiye dayan\u0131larak g\u00f6revli ve yetkili kamu kurum ve kurulu\u015flar\u0131 ile kamu kurumu niteli\u011findeki meslek kurulu\u015flar\u0131nca, denetleme veya d\u00fczenleme g\u00f6revlerinin y\u00fcr\u00fct\u00fclmesi ile disiplin soru\u015fturma veya kovu\u015fturmas\u0131 i\u00e7in gerekli olmas\u0131.<\/li>\n<li>Ki\u015fisel veri i\u015flemenin b\u00fct\u00e7e, vergi ve mali konulara ili\u015fkin olarak Devletin ekonomik ve mali \u00e7\u0131karlar\u0131n\u0131n korunmas\u0131 i\u00e7in gerekli olmas\u0131.<\/li>\n<\/ul>\n<p>Haklar\u0131n\u0131z\u0131 kullanmak istemeniz durumunda, a\u015fa\u011f\u0131daki linke t\u0131klayarak edinebilece\u011finiz formu T\u00fcrk\u00e7e doldurarak, taleplerinizi; yaz\u0131l\u0131 olarak veya kay\u0131tl\u0131 elektronik posta (KEP), g\u00fcvenli elektronik imza, mobil imza ya da taraf\u0131n\u0131zdan \u015eirketimize daha \u00f6nce bildirilen ve \u015eirketimiz sisteminde kay\u0131tl\u0131 bulunan elektronik posta adresiniz vas\u0131tas\u0131yla \u015eirketimize iletebilirsiniz.-<\/p>\n<p>Yaz\u0131l\u0131 ba\u015fvurularda, \u0131slak imzal\u0131 formu, \u015firketimizin \u201cBah\u00e7elievler Mahallesi Mehmet\u00e7ik Sokak No:1-B01 Kat Plaza Kat:3 Ofis 305, 34180 Bah\u00e7elievler \/ \u0130stanbul\u201d adresine noter arac\u0131l\u0131\u011f\u0131yla g\u00f6nderebilir veya ayn\u0131 adrese bizzat ya da vekili arac\u0131l\u0131\u011f\u0131yla elden ula\u015ft\u0131rabilirsiniz.<\/p>\n<p>Yukar\u0131da belirtilen di\u011fer yollarla (elektronik olarak) yap\u0131lacak ba\u015fvurularda, formu doldurup, a\u015fa\u011f\u0131da belirtilen adreslerimize g\u00f6nderebilirsiniz:<\/p>\n<p><strong>E-mail:\u00a0info@sambapos.com<\/strong><\/p>\n<p>Kimli\u011finizi tevsik edici belgelerin, varsa talebinizi destekleyici belgelerin, bu hakk\u0131n\u0131z\u0131 vekiliniz arac\u0131l\u0131\u011f\u0131yla kullanmak istemeniz durumunda, \u00f6zel yetkiyi i\u00e7eren vekaletname suretinin formun ekinde iletilmesi zorunludur.<\/p>\n<p>Form ile g\u00f6nderilen talepleriniz, talebin niteli\u011fine g\u00f6re en k\u0131sa s\u00fcrede ve\u00a0en ge\u00e7 otuz g\u00fcn\u00a0i\u00e7inde \u00fccretsiz olarak cevapland\u0131r\u0131lacakt\u0131r. Ancak, i\u015flemin ayr\u0131ca bir maliyeti gerektirmesi h\u00e2linde, Kurul taraf\u0131ndan belirlenen tarifedeki \u00fccret al\u0131nabilir.<\/p>\n<p>Ba\u015fvuruda; bilgilerin eksik veya yanl\u0131\u015f payla\u015f\u0131lmas\u0131, talebin a\u00e7\u0131k ve anla\u015f\u0131l\u0131r bir \u015fekilde dile getirilmemi\u015f olmas\u0131, talebi destekleyici nitelikteki belgelerin hi\u00e7 veya gere\u011fi gibi iletilmemesi, vekil suretiyle yap\u0131lan ba\u015fvurularda vekaletname suretinin eklenmemesi gibi durumlarda, taleplerinizi kar\u015f\u0131lamakta g\u00fc\u00e7l\u00fck ya\u015fayabiliriz ve ara\u015ft\u0131rma s\u00fcrecinde gecikmeler olabilir. Bu nedenle haklar\u0131n\u0131z\u0131n kullan\u0131m\u0131nda bu hususlara riayet etmeniz \u00f6nem arz etmektedir. Aksi durumda ya\u015fanacak gecikmelerden \u015firketimiz sorumlu olmayacakt\u0131r. Hatal\u0131, ger\u00e7e\u011fe\/hukuka ayk\u0131r\u0131, k\u00f6t\u00fcniyetli ba\u015fvurular kar\u015f\u0131s\u0131nda \u015firketimizin yasal haklar\u0131 sakl\u0131d\u0131r.<\/p>\n<\/div><\/div><\/div><\/div><\/div><\/div><\/div><div class=\"wpb_column vc_column_container\"><div class=\"vc_column-inner\"><\/div><\/div><\/div><\/div><\/section>\n","protected":false},"excerpt":{"rendered":"Ayd\u0131nlatma Metni Bu ayd\u0131nlatma metni, 6698 say\u0131l\u0131 Ki\u015fisel Verilerin Korunmas\u0131 Kanunu (\u201cKanun\u201d) kapsam\u0131nda, SambaPOS Yaz\u0131l\u0131m Sanayi ve Ticaret A.\u015e.\u2019nin veri sorumlusu s\u0131fat\u0131yla hareket etti\u011fi hallerde, Kanun\u2019un 10.maddesine uygun olarak, ger\u00e7ek ki\u015filere (\u201cVeri Sahibi\u201d), ki\u015fisel verilerinin toplanma, i\u015flenme, saklanma, korunma ve imha s\u00fcre\u00e7, \u015fekil ve ama\u00e7lar\u0131 ile Kanun uyar\u0131nca haklar\u0131na ve haklar\u0131n\u0131 kullanma y\u00f6ntemlerine ili\u015fkin bilgi...","protected":false},"author":1,"featured_media":0,"parent":0,"menu_order":0,"comment_status":"closed","ping_status":"closed","template":"","meta":{"footnotes":""},"class_list":["post-13179","page","type-page","status-publish","hentry"],"_links":{"self":[{"href":"https:\/\/sambapos.com\/tr\/wp-json\/wp\/v2\/pages\/13179","targetHints":{"allow":["GET"]}}],"collection":[{"href":"https:\/\/sambapos.com\/tr\/wp-json\/wp\/v2\/pages"}],"about":[{"href":"https:\/\/sambapos.com\/tr\/wp-json\/wp\/v2\/types\/page"}],"author":[{"embeddable":true,"href":"https:\/\/sambapos.com\/tr\/wp-json\/wp\/v2\/users\/1"}],"replies":[{"embeddable":true,"href":"https:\/\/sambapos.com\/tr\/wp-json\/wp\/v2\/comments?post=13179"}],"version-history":[{"count":3,"href":"https:\/\/sambapos.com\/tr\/wp-json\/wp\/v2\/pages\/13179\/revisions"}],"predecessor-version":[{"id":14545,"href":"https:\/\/sambapos.com\/tr\/wp-json\/wp\/v2\/pages\/13179\/revisions\/14545"}],"wp:attachment":[{"href":"https:\/\/sambapos.com\/tr\/wp-json\/wp\/v2\/media?parent=13179"}],"curies":[{"name":"wp","href":"https:\/\/api.w.org\/{rel}","templated":true}]}}