{"id":13169,"date":"2022-05-09T17:57:53","date_gmt":"2022-05-09T17:57:53","guid":{"rendered":"https:\/\/sambapos.com\/cookie-use-policy\/"},"modified":"2022-08-31T18:44:07","modified_gmt":"2022-08-31T18:44:07","slug":"cerez-kullanim-politikasi","status":"publish","type":"page","link":"https:\/\/sambapos.com\/tr\/cerez-kullanim-politikasi\/","title":{"rendered":"\u00c7erez Kullan\u0131m Politikas\u0131"},"content":{"rendered":"<section class=\"l-section wpb_row height_medium\"><div class=\"l-section-h i-cf\"><div class=\"g-cols vc_row via_grid cols_1-4-1 laptops-cols_inherit tablets-cols_inherit mobiles-cols_1 valign_top type_default stacking_default\"><div class=\"wpb_column vc_column_container\"><div class=\"vc_column-inner\"><\/div><\/div><div class=\"wpb_column vc_column_container\"><div class=\"vc_column-inner\"><div class=\"g-cols wpb_row via_grid cols_1 laptops-cols_inherit tablets-cols_inherit mobiles-cols_1 valign_top type_default stacking_default\" style=\"--columns-gap:3rem;\"><div class=\"wpb_column vc_column_container\"><div class=\"vc_column-inner\"><div class=\"wpb_text_column\"><div class=\"wpb_wrapper\"><h2><strong>\u00c7erez Kullan\u0131m Politikas\u0131 ve \u00c7erez Ayd\u0131nlatma Metni<\/strong><\/h2>\n<p>www.sambapos.com.tr web sitesi (\u201cWeb Sitesi\u201d) \u00fczerinden sunulan baz\u0131 Hizmetlerden veya Web Sitesinden yararlan\u0131labilmesi, daha h\u0131zl\u0131 ve aktif i\u015flem yap\u0131labilmesi, kullan\u0131c\u0131lar\u0131n Web Sitesindeki tecr\u00fcbelerinin iyile\u015ftirilmesi, kullan\u0131c\u0131 tercihlerinin de\u011ferlendirilmesi, kullan\u0131c\u0131 tercihlerine g\u00f6re Web Sitesinin \u00f6zelle\u015ftirilmesi\/ki\u015fiselle\u015ftirilmesi, reklamc\u0131l\u0131k faaliyeti yap\u0131lmas\u0131 ve Web Sitesi i\u015flevselli\u011finin ve performans\u0131n\u0131n art\u0131r\u0131lmas\u0131 amac\u0131yla yard\u0131mc\u0131 programlar ve \u00e7erezler kullan\u0131labilir.<\/p>\n<p>Bu Hizmetlerden\/Web Sitesinden yararlan\u0131ld\u0131\u011f\u0131, Web Sitesi ziyaret edildi\u011fi, site \u00fczerinden ileti\u015fim sa\u011fland\u0131\u011f\u0131 ve\/veya Web Sitesinde yer alan herhangi bir form, anket vb. alan dolduruldu\u011fu takdirde, s\u00f6z konusu yararlanma bi\u00e7im ve kapsam\u0131yla ilgili veriler, IP adresi, taray\u0131c\u0131 tipi, Web Sitesi veri taban\u0131na kaydedilir ve\/veya baz\u0131 \u00e7erezlerden yararlan\u0131l\u0131r ve bunlar vas\u0131tas\u0131yla Kullan\u0131c\u0131ya baz\u0131 bilgiler g\u00f6nderilir. \u00c7erezler vas\u0131tas\u0131yla kaydedilen veriler, Ki\u015fisel Verilerin Korunmas\u0131 Kanunu\u2019nun d\u00fczenlemelerine uygun olarak SambaPOS Yaz\u0131l\u0131m Sanayi ve Ticaret A.\u015e. (\u201cSambaPOS\u201d) taraf\u0131ndan i\u015flenmekte ve bu Politika\u2019da an\u0131lan\/\u00e7erezleri kullan\u0131lan \u00fc\u00e7\u00fcnc\u00fc taraflar ile payla\u015f\u0131labilmekte, bu kapsamda yurt d\u0131\u015f\u0131na aktar\u0131labilmektedir.\u00a0\u00c7erez ayarlar\u0131n\u0131n de\u011fi\u015ftirilmesi veya \u00e7erezlerin engellenmesi i\u00e7in taray\u0131c\u0131n\u0131zdaki ayarlar k\u0131sm\u0131na ba\u015fvurabilirsiniz.<\/p>\n<p>Taray\u0131c\u0131n\u0131zdan Cookie\/\u00c7erez ayarlar\u0131n\u0131z\u0131 de\u011fi\u015ftirmedi\u011finiz s\u00fcrece bu Web Sitesinde \u00e7erez kullan\u0131m\u0131n\u0131 kabul etti\u011finiz varsay\u0131l\u0131r.<\/p>\n<p>\u00c7erezleri engellemeniz veya ilgili ayarlar\u0131 de\u011fi\u015ftirmeniz halinde; Web Sitesine veya \u00f6zelliklerine, Hizmetlere eri\u015fiminiz k\u0131smen veya tamamen k\u0131s\u0131tlanabilir.<\/p>\n<p>Web Sitesinde kullan\u0131lan \u00e7erezler zaman zaman de\u011fi\u015ftirilebilir, g\u00fcncellenebilir, mevcut \u00e7erezlerin kullan\u0131m\u0131 b\u0131rak\u0131labilir veya yeni \u00e7erezler kullan\u0131lmaya ba\u015flanabilir. Bu nedenle SambaPOS bu \u00c7erez Politikas\u0131\u2019n\u0131, \u00f6nceden haber verilmeksizin de\u011fi\u015ftirme hakk\u0131n\u0131 sakl\u0131 tutar. Yap\u0131lacak bu t\u00fcr bir de\u011fi\u015fiklik Web Sitesinde yay\u0131n\u0131\/g\u00fcncelleme tarihinde y\u00fcr\u00fcrl\u00fc\u011fe girecek olup bu Politikan\u0131n son g\u00fcncelleme tarihi yukar\u0131da belirtilmi\u015ftir.<\/p>\n<p>Bu \u00c7erez Politikas\u0131 ve \u00c7erez Ayd\u0131nlatma Metni\u2019nin amac\u0131, Web Sitesinin i\u015fletilmesi s\u0131ras\u0131nda kullan\u0131lan \u00e7erezler ile elde edilen ki\u015fisel verilerin i\u015flenmesine ili\u015fkin olarak bilgi vermektir. Bu metinde Web Sitesinde hangi ama\u00e7larla hangi t\u00fcr \u00e7erezlerin ve\/veya yard\u0131mc\u0131 programlar\u0131n kullan\u0131ld\u0131\u011f\u0131 ve bunlar\u0131n nas\u0131l kontrol edildi\u011fi a\u00e7\u0131klanmaktad\u0131r.<\/p>\n<p>Ki\u015fisel verilerin i\u015flenmesine ili\u015fkin ayr\u0131nt\u0131l\u0131 bilgiye eri\u015febilece\u011finiz SambaPOS Yaz\u0131l\u0131m Sanayi ve Ticaret A.\u015e. Ki\u015fisel Veri Politikas\u0131\u2019n\u0131 g\u00f6rmek i\u00e7in\u00a0t\u0131klay\u0131n\u0131z.<\/p>\n<h2><strong>Web sitesinde kullan\u0131lan \u00e7erezler<\/strong><\/h2>\n<hr \/>\n<p><strong>Google Analytics<\/strong><\/p>\n<p>Google Analytics, ziyaret\u00e7ilerin web sitelerinde ve uygulamalar\u0131nda neler yapt\u0131\u011f\u0131n\u0131 web sitesi ve uygulama sahiplerinin anlamas\u0131na yard\u0131mc\u0131 olan, Google\u2019\u0131n \u00fccretsiz analiz arac\u0131d\u0131r. Ziyaret\u00e7ilerin kimliklerini tespit etmeden bilgi toplamak ve web sitesi kullan\u0131m istatistiklerini Google&#8217;a bildirmek i\u00e7in bir dizi \u00e7erez kullanabilir. Google Analytics taraf\u0131ndan kullan\u0131lan ana \u00e7erez \u2018_ga\u2019 \u00e7erezidir.<br \/>\n<a href=\"https:\/\/developers.google.com\/analytics\/devguides\/collection\/analyticsjs\/cookie-usage?hl=tr\">Analytics \u00e7erezleri ve gizlilik bilgileri<\/a>\u00a0hakk\u0131nda\u00a0<a href=\"applewebdata:\/\/EA35E8C7-9A72-4B03-9FB1-757D21B2D2C0\/%20https:\/marketingplatform.google.com\/about\/\">daha fazla bilgi<\/a>\u00a0edinin.<\/p>\n<hr \/>\n<p><strong>Google Ads<\/strong><\/p>\n<p>Google, Google Arama gibi Google m\u00fclklerinde reklamlar\u0131 \u00f6zelle\u015ftirmeye yard\u0131mc\u0131 olmas\u0131 i\u00e7in NID ve SID gibi \u00e7erezleri kullan\u0131r. \u00d6rne\u011fin, en g\u00fcncel aramalar\u0131n\u0131z\u0131, bir reklamverenin reklamlar\u0131yla veya arama sonu\u00e7lar\u0131yla \u00f6nceki etkile\u015fimlerinizi ve bir reklamverenin web sitesine yapt\u0131\u011f\u0131n\u0131z ziyaretleri hat\u0131rlamak i\u00e7in bu t\u00fcr \u00e7erezleri kullan\u0131r\u0131z. Bu kullan\u0131m, size Google&#8217;da \u00f6zelle\u015ftirilmi\u015f reklamlar g\u00f6sterilmesine yard\u0131mc\u0131 olmaktad\u0131r.<\/p>\n<hr \/>\n<p><strong>Insider<\/strong><\/p>\n<p>Insider, web taray\u0131c\u0131s\u0131 arac\u0131l\u0131\u011f\u0131yla bilgisayar\u0131n\u0131za veya \u00fc\u00e7\u00fcnc\u00fc taraf bir analiz sa\u011flay\u0131c\u0131s\u0131na ait benzersiz bir tan\u0131mlay\u0131c\u0131 i\u00e7eren k\u00fc\u00e7\u00fck metin dosyalar\u0131 olan \u201c\u00e7erezleri\u201d kullan\u0131r. Bunu hizmetleri ve web sitelerini geli\u015ftirmek i\u00e7in kullan\u0131r. Insider, belirli pazarlama kampanyalar\u0131n\u0131n ve baz\u0131 \u00fcr\u00fcnlerinin performans\u0131n\u0131 izlemek i\u00e7in Google Analytics&#8217;i kullan\u0131r. Bu, \u00fc\u00e7\u00fcnc\u00fc taraf hizmet sa\u011flay\u0131c\u0131lar\u0131n, farkl\u0131 temas noktalar\u0131nda Insider ad\u0131na uyarlanm\u0131\u015f reklamlar olu\u015fturmas\u0131na izin vermektir. Bu servis sa\u011flay\u0131c\u0131lar, ileti\u015fim bilgileriniz gibi ki\u015fisel olarak tan\u0131mlanamayan bilgilerinizi ve IP adresinizi toplayabilir. Bu \u00e7erezler ayr\u0131ca web sitemizin nas\u0131l kullan\u0131ld\u0131\u011f\u0131na ve performans\u0131na ili\u015fkin istatistiksel bilgiler de sa\u011flar. Insider \u00e7erez kullan\u0131m\u0131 hakk\u0131nda daha fazla bilgi i\u00e7in (reddetme se\u00e7enekleri dahil),\u00a0<a href=\"https:\/\/useinsider.com\/privacy-policy\/\">\u015fu adresi<\/a>\u00a0ziyaret edebilirsiniz.<\/p>\n<hr \/>\n<p><strong>Facebook<\/strong><\/p>\n<p>Facebook \u00e7erezleri, facebook hesab\u0131n\u0131z varsa, site ve uygulamalar dahil olmak \u00fczere Facebook \u00fcr\u00fcnlerini kullan\u0131rsan\u0131z veya Facebook \u00fcr\u00fcnlerini kullanan siteleri veya uygulamalar\u0131 (Be\u011fen d\u00fc\u011fmesi ve di\u011fer Facebook Teknolojileri dahil) ziyaret ederseniz, kullan\u0131r. \u00c7erezler, Facebook&#8217;un Facebook \u00fcr\u00fcnlerini size sunmas\u0131n\u0131 ve kay\u0131tl\u0131 veya giri\u015f yapm\u0131\u015f olup olmaman\u0131zdan ba\u011f\u0131ms\u0131z olarak, di\u011fer internet siteleri ve uygulamalar\u0131 kullan\u0131m\u0131n\u0131z dahil olmak \u00fczere sizin hakk\u0131nda ald\u0131\u011f\u0131 bilgileri anlamas\u0131n\u0131 sa\u011flar. \u00c7erezleri; kimlik kontrol\u00fc, g\u00fcvenlik ve site b\u00fct\u00fcnl\u00fc\u011f\u00fc, reklamlar, tavsiyeler, \u00f6l\u00e7\u00fcm, analiz ve raporlama i\u00e7in kullan\u0131r.\u00a0Facebook gizlilik ilkeleri i\u00e7in <a href=\"https:\/\/www.facebook.com\/privacy\/explanation\">t\u0131klay\u0131n\u0131z.<\/a><\/p>\n<hr \/>\n<p><strong>Criteo<\/strong><\/p>\n<p>Criteio \u00e7erezleri, kullan\u0131c\u0131 trendlerini anlamland\u0131rmak ve kullan\u0131c\u0131lar\u0131n web sitesi \u00fczerinden ki\u015fiselle\u015ftirilmi\u015f bir deneyim ya\u015famas\u0131n\u0131 sa\u011flayan \u00e7erezlerdir. Criteo \u00e7erez kullan\u0131m\u0131 hakk\u0131nda daha fazla bilgi i\u00e7in \u015fu adresi ziyaret edebilirsiniz:\u00a0<a href=\"https:\/\/www.criteo.com\/privacy\/\">t\u0131klay\u0131n\u0131z.<\/a><\/p>\n<hr \/>\n<p><strong>Linkedin<\/strong><\/p>\n<p>Linkedin \u00e7erezleri ki\u015fisel bilgilerinizi nas\u0131l kulland\u0131\u011f\u0131, hangi hizmetleri kulland\u0131\u011f\u0131n\u0131za, bu hizmetleri nas\u0131l kulland\u0131\u011f\u0131n\u0131za ve\u00a0<a href=\"https:\/\/www.linkedin.com\/psettings\/\">ayarlar\u0131n\u0131zda<\/a>\u00a0yapt\u0131\u011f\u0131n\u0131z tercihlere g\u00f6re de\u011fi\u015fir. Sizinle ilgili sahip oldu\u011fu verileri, otomatik sistemlerin ve \u00e7\u0131kar\u0131mlar\u0131n yard\u0131mlar\u0131yla birlikte, hizmetlerini (reklamlar dahil) sunmak ve ki\u015fiselle\u015ftirmek i\u00e7in kullan\u0131r, b\u00f6ylece hizmetleri ki\u015fiye g\u00f6re daha ilgili ve faydal\u0131 hale gelir. Linkedin \u00e7erez kullan\u0131m\u0131 hakk\u0131nda daha fazla bilgi i\u00e7in \u015fu adresi ziyaret edebilirsiniz:\u00a0<a href=\"https:\/\/tr.linkedin.com\/legal\/privacy-policy\">t\u0131klay\u0131n\u0131z.<\/a><\/p>\n<h2><strong>\u00c7erezlerin Kullan\u0131m\u0131n\u0131n Kontrol Edilmesi<\/strong><\/h2>\n<p>\u00c7erezlerin kullan\u0131lmas\u0131 Web Sitesi&#8217;nin daha iyi hizmet vermesini sa\u011flamakla birlikte, dilerseniz taray\u0131c\u0131n\u0131z\u0131n ayarlar\u0131n\u0131 de\u011fi\u015ftirerek veya a\u015fa\u011f\u0131daki linklerde belirtilen di\u011fer ad\u0131mlar\u0131 yerine getirerek \u00e7erezlerin kullan\u0131lmas\u0131n\u0131 engelleyebilir, \u00e7erezlere ili\u015fkin tercihlerinizi ki\u015fiselle\u015ftirebilirsiniz. Ancak bu takdirde sitenin tam olarak i\u015flevini g\u00f6sterememesi ve t\u00fcm \u00f6zelliklerinden yararlanamayabilece\u011finizi unutmay\u0131n\u0131z. Daha fazla bilgi i\u00e7in a\u015fa\u011f\u0131daki tablodaki linkleri ziyaret edebilirsiniz:<\/p>\n<hr \/>\n<p><strong>Google Adwords<\/strong><\/p>\n<p><a href=\"https:\/\/support.google.com\/ads\/answer\/2662922?hl=en\">https:\/\/support.google.com\/ads\/answer\/2662922?hl=en<\/a><\/p>\n<hr \/>\n<p><strong>Google Analytics<\/strong><\/p>\n<p><a href=\"https:\/\/tools.google.com\/dlpage\/gaoptout\">https:\/\/tools.google.com\/dlpage\/gaoptout<\/a><\/p>\n<hr \/>\n<p><strong>Criteo<\/strong><\/p>\n<p><a href=\"https:\/\/www.criteo.com\/privacy\/disable-criteo-services-on-internet-browsers\/\">https:\/\/www.criteo.com\/privacy\/disable-criteo-services-on-internet-browsers\/<\/a><\/p>\n<hr \/>\n<p><strong>Google Chrome<\/strong><\/p>\n<p><a href=\"http:\/\/www.google.com\/support\/chrome\/bin\/answer.py?hl=en&amp;answer=95647\">http:\/\/www.google.com\/support\/chrome\/bin\/answer.py?hl=en&amp;answer=95647<\/a><\/p>\n<hr \/>\n<p><strong>Internet Explorer<\/strong><\/p>\n<p><a href=\"https:\/\/support.microsoft.com\/en-us\/help\/17442\/windows-internet-explorer-delete-manage-cookies\">https:\/\/support.microsoft.com\/en-us\/help\/17442\/windows-internet-explorer-delete-manage-cookies<\/a><\/p>\n<hr \/>\n<p><strong>Mozilla Firefox<\/strong><\/p>\n<p><a href=\"http:\/\/support.mozilla.com\/en-US\/kb\/Cookies\">http:\/\/support.mozilla.com\/en-US\/kb\/Cookies<\/a><\/p>\n<hr \/>\n<p><strong>Opera<\/strong><\/p>\n<p><a href=\"http:\/\/www.opera.com\/browser\/tutorials\/security\/privacy\/\">http:\/\/www.opera.com\/browser\/tutorials\/security\/privacy\/<\/a><\/p>\n<hr \/>\n<p><strong>Safari<\/strong><\/p>\n<p><a href=\"https:\/\/support.apple.com\/kb\/ph19214?locale=tr_TR\">https:\/\/support.apple.com\/kb\/ph19214?locale=tr_TR<\/a><\/p>\n<hr \/>\n<h2>Veri Sahibi Olarak Haklar\u0131n\u0131z<\/h2>\n<p>SambaPOS taraf\u0131ndan bu \u00c7erez Politikas\u0131 kapsam\u0131nda i\u015flenen ki\u015fisel verilerinizle ilgili olarak Ki\u015fisel Verilerin Korunmas\u0131 Kanunu\u2019nun 11. maddesindeki haklar\u0131n\u0131z\u0131 kullanmak istemeniz durumunda, ba\u015fvuru formunu doldurarak, \u015firketimizin \u201cBah\u00e7elievler Mahallesi Mehmet\u00e7ik Sokak No:1-B01 Kat Plaza Kat:3 Ofis 305, 34180 Bah\u00e7elievler \/ \u0130stanbul\u201d adresine veya info@sambapos.com.tr adresine VER\u0130 SORUMLUSUNA BA\u015eVURU USUL VE ESASLARI HAKKINDA TEBL\u0130\u011e\u2019de yer alan usullerle g\u00f6nderebilir veya \u015eirket adresimize bizzat ya da vekili arac\u0131l\u0131\u011f\u0131yla elden ula\u015ft\u0131rabilirsiniz. Bu hakk\u0131n\u0131z\u0131 vekiliniz arac\u0131l\u0131\u011f\u0131yla kullanmak istemeniz durumunda, \u00f6zel yetkiyi i\u00e7eren vekaletname suretinin formun ekinde iletilmesi zorunludur.<\/p>\n<p>Kimli\u011finizi tevsik edici belgelerin, varsa talebinizi destekleyici belgelerin, bu hakk\u0131n\u0131z\u0131 vekiliniz arac\u0131l\u0131\u011f\u0131yla kullanmak istemeniz durumunda, \u00f6zel yetkiyi i\u00e7eren noter onayl\u0131 vekaletname suretinin formun ekinde iletilmesi zorunludur.<\/p>\n<p>Ba\u015fvuruda; bilgilerin eksik veya yanl\u0131\u015f payla\u015f\u0131lmas\u0131, talebin a\u00e7\u0131k ve anla\u015f\u0131l\u0131r bir \u015fekilde dile getirilmemi\u015f olmas\u0131, talebi destekleyici nitelikteki belgelerin hi\u00e7 veya gere\u011fi gibi iletilmemesi, vekil suretiyle yap\u0131lan ba\u015fvurularda vekaletname suretinin eklenmemesi gibi durumlarda, taleplerinizi kar\u015f\u0131lamakta g\u00fc\u00e7l\u00fck ya\u015fayabiliriz ve ara\u015ft\u0131rma s\u00fcrecinde gecikmeler olabilir. Bu nedenle haklar\u0131n\u0131z\u0131n kullan\u0131m\u0131nda bu hususlara riayet etmeniz \u00f6nem arz etmektedir. Aksi durumda ya\u015fanacak gecikmelerden \u015firketimiz sorumlu olmayacakt\u0131r. Hatal\u0131, ger\u00e7e\u011fe\/hukuka ayk\u0131r\u0131, k\u00f6t\u00fcniyetli ba\u015fvurular kar\u015f\u0131s\u0131nda \u015firketimizin yasal haklar\u0131 sakl\u0131d\u0131r.<\/p>\n<ul>\n<li>Ticari Unvan:\u00a0SambaPOS Yaz\u0131l\u0131m Sanayi ve Ticaret A.\u015e.<\/li>\n<li>Adres:\u00a0Bah\u00e7elievler Mahallesi Mehmet\u00e7ik Sokak No:1-B01 Kat Plaza Kat:3 Ofis 305, 34180 Bah\u00e7elievler \/ \u0130stanbul<\/li>\n<li>MERS\u0130S No:<\/li>\n<li>Ticaret Sicil No:<\/li>\n<li>Telefon:\u00a0+90 212 252 0634<\/li>\n<li>Web adresi: https:\/\/www.sambapos.com<\/li>\n<\/ul>\n<\/div><\/div><\/div><\/div><\/div><\/div><\/div><div class=\"wpb_column vc_column_container\"><div class=\"vc_column-inner\"><\/div><\/div><\/div><\/div><\/section>\n","protected":false},"excerpt":{"rendered":"\u00c7erez Kullan\u0131m Politikas\u0131 ve \u00c7erez Ayd\u0131nlatma Metni www.sambapos.com.tr web sitesi (\u201cWeb Sitesi\u201d) \u00fczerinden sunulan baz\u0131 Hizmetlerden veya Web Sitesinden yararlan\u0131labilmesi, daha h\u0131zl\u0131 ve aktif i\u015flem yap\u0131labilmesi, kullan\u0131c\u0131lar\u0131n Web Sitesindeki tecr\u00fcbelerinin iyile\u015ftirilmesi, kullan\u0131c\u0131 tercihlerinin de\u011ferlendirilmesi, kullan\u0131c\u0131 tercihlerine g\u00f6re Web Sitesinin \u00f6zelle\u015ftirilmesi\/ki\u015fiselle\u015ftirilmesi, reklamc\u0131l\u0131k faaliyeti yap\u0131lmas\u0131 ve Web Sitesi i\u015flevselli\u011finin ve performans\u0131n\u0131n art\u0131r\u0131lmas\u0131 amac\u0131yla yard\u0131mc\u0131 programlar ve \u00e7erezler...","protected":false},"author":1,"featured_media":0,"parent":0,"menu_order":0,"comment_status":"closed","ping_status":"closed","template":"","meta":{"footnotes":""},"class_list":["post-13169","page","type-page","status-publish","hentry"],"_links":{"self":[{"href":"https:\/\/sambapos.com\/tr\/wp-json\/wp\/v2\/pages\/13169","targetHints":{"allow":["GET"]}}],"collection":[{"href":"https:\/\/sambapos.com\/tr\/wp-json\/wp\/v2\/pages"}],"about":[{"href":"https:\/\/sambapos.com\/tr\/wp-json\/wp\/v2\/types\/page"}],"author":[{"embeddable":true,"href":"https:\/\/sambapos.com\/tr\/wp-json\/wp\/v2\/users\/1"}],"replies":[{"embeddable":true,"href":"https:\/\/sambapos.com\/tr\/wp-json\/wp\/v2\/comments?post=13169"}],"version-history":[{"count":3,"href":"https:\/\/sambapos.com\/tr\/wp-json\/wp\/v2\/pages\/13169\/revisions"}],"predecessor-version":[{"id":13172,"href":"https:\/\/sambapos.com\/tr\/wp-json\/wp\/v2\/pages\/13169\/revisions\/13172"}],"wp:attachment":[{"href":"https:\/\/sambapos.com\/tr\/wp-json\/wp\/v2\/media?parent=13169"}],"curies":[{"name":"wp","href":"https:\/\/api.w.org\/{rel}","templated":true}]}}