{"id":13163,"date":"2022-05-09T17:43:55","date_gmt":"2022-05-09T17:43:55","guid":{"rendered":"https:\/\/sambapos.com\/copyright\/"},"modified":"2022-08-31T18:10:23","modified_gmt":"2022-08-31T18:10:23","slug":"telif-hakki","status":"publish","type":"page","link":"https:\/\/sambapos.com\/tr\/telif-hakki\/","title":{"rendered":"Telif Hakk\u0131"},"content":{"rendered":"<section class=\"l-section wpb_row height_medium\"><div class=\"l-section-h i-cf\"><div class=\"g-cols vc_row via_grid cols_1-4-1 laptops-cols_inherit tablets-cols_inherit mobiles-cols_1 valign_top type_default stacking_default\"><div class=\"wpb_column vc_column_container\"><div class=\"vc_column-inner\"><\/div><\/div><div class=\"wpb_column vc_column_container\"><div class=\"vc_column-inner\"><div class=\"g-cols wpb_row via_grid cols_1 laptops-cols_inherit tablets-cols_inherit mobiles-cols_1 valign_top type_default stacking_default\" style=\"--columns-gap:3rem;\"><div class=\"wpb_column vc_column_container\"><div class=\"vc_column-inner\"><div class=\"wpb_text_column\"><div class=\"wpb_wrapper\"><h2><strong>Telif Hakk\u0131<\/strong><\/h2>\n<p>SambaPOS Yaz\u0131l\u0131m A.\u015e.\u2019ye (\u201cSambaPOS\u201d) ait www.sambapos.com web sitesinin (\u201cSite\u201d) fikri ve s\u0131na\u00ee m\u00fclkiyet haklar\u0131 SambaPOS\u2019a aittir.<\/p>\n<p>Aksi belirtilmedik\u00e7e, sitede yer alan marka, isim alan ad\u0131 ve di\u011fer unsurlar\u0131n fikri ve s\u0131nai m\u00fclkiyet\/telif haklar\u0131 ya da kullanma lisans haklar\u0131 SambaPOS\u2019a aittir. \u00d6zel olarak belirtilmedi\u011fi s\u00fcrece burada yaz\u0131l\u0131 ko\u015fullar Kullan\u0131c\u0131lara bunlar\u0131 kullanma ya da bunlar \u00fczerinde herhangi bir tasarrufta bulunma hakk\u0131 vermez.<\/p>\n<p>SambaPOS, kullan\u0131c\u0131ya siteden yararlanabilmesi i\u00e7in site yaz\u0131l\u0131m\u0131 \u00fczerinde \u015fahsi kullan\u0131mla s\u0131n\u0131rl\u0131 olarak, m\u00fcnhas\u0131r olmayan, devredilemeyen, de\u011fi\u015ftirilebilir kullanma lisans hakk\u0131 tan\u0131maktad\u0131r. Belirtilen kullan\u0131m d\u0131\u015f\u0131nda kalan t\u00fcm fikri ve s\u0131na\u00ee m\u00fclkiyet haklar\u0131 SambaPOS\u2019a ait olup Kullan\u0131c\u0131ya verilen izin, \u00f6zel ya da genel ba\u015fkaca herhangi bir mali hak ya da lisans\u0131 i\u00e7ermemektedir.<\/p>\n<p>Sitenin, bir k\u0131sm\u0131 ya da tamam\u0131 herhangi bir yolla (yaz\u0131l\u0131 \u00e7\u0131kt\u0131 alma, diske kaydetme, ba\u015fka bir siteye yerle\u015ftirilme, herhangi ba\u015fka bir \u015fekilde indirme gibi yollarla) kopyalanamaz, (kopyalar\u0131n\u0131n da\u011f\u0131t\u0131m\u0131 d\u00e2hil olmak \u00fczere), \u00e7o\u011falt\u0131lamaz, da\u011f\u0131t\u0131lamaz, yay\u0131mlanamaz, \u00f6d\u00fcn\u00e7 verilemez ve i\u00e7eri\u011fi de\u011fi\u015ftirilip tahrip edilemez.<\/p>\n<p>Sitede yer alan i\u00e7eri\u011fin bir par\u00e7as\u0131 olarak sa\u011flanan 3. \u015fah\u0131slara ait isim, marka ve di\u011fer materyal ile i\u00e7eri\u011fin fikri m\u00fclkiyet haklar\u0131 i\u00e7erik sa\u011flay\u0131c\u0131lar\u0131na\/hak sahiplerine aittir. \u0130\u00e7erik sa\u011flay\u0131c\u0131lar\u0131\/sahipleri taraf\u0131ndan \u00f6zel olarak izni verilmedik\u00e7e bunlar\u0131n herhangi bir b\u00f6l\u00fcm\u00fc herhangi bir \u015fekilde (yaz\u0131l\u0131 \u00e7\u0131kt\u0131 alma, diske kaydetme, ba\u015fka bir siteye yerle\u015ftirilme, herhangi ba\u015fka bir \u015fekilde indirme gibi yollarla) k\u0131smen ya da tamamen kopyalanamaz, (kopyalar\u0131n\u0131n da\u011f\u0131t\u0131m\u0131 d\u00e2hil olmak \u00fczere), \u00e7o\u011falt\u0131lamaz, da\u011f\u0131t\u0131lamaz, yay\u0131mlanamaz, i\u015flenemez ve i\u00e7eri\u011fi de\u011fi\u015ftirilerek tahrip edilemez.<\/p>\n<p>Kullan\u0131c\u0131lar taraf\u0131ndan, bu y\u00f6nde bir olanak sa\u011flanmas\u0131 halinde, bu siteye g\u00f6nderilen, iletilen, kullan\u0131lan, olu\u015fturulan ya da bu site arac\u0131l\u0131\u011f\u0131yla 3. \u015fah\u0131slara iletilen her t\u00fcrl\u00fc kullan\u0131c\u0131 i\u00e7eri\u011finin gizlilik niteli\u011finin ortadan kalkt\u0131\u011f\u0131 ve herhangi bir fikri ve s\u0131na\u00ee hakk\u0131\/telif\/lisans hakk\u0131n\u0131 i\u00e7ermedi\u011fi kabul edilir. Kullan\u0131c\u0131lar gizli ya da \u00fczerinde fikri ve s\u0131na\u00ee m\u00fclkiyet hakk\u0131 oldu\u011fu d\u00fc\u015f\u00fcn\u00fclen herhangi bir i\u00e7erik olu\u015fturup hesab\u0131na ekledi\u011finde bu i\u00e7eri\u011fin \u201chukuki bir ay\u0131p\u201d i\u00e7ermedi\u011fi ve bunlar\u0131 dijital iletim suretiyle yay\u0131nlama hakk\u0131 oldu\u011fu kabul edilir. Aksi halde t\u00fcm sorumluluk kullan\u0131c\u0131ya aittir.<\/p>\n<p>SambaPOS, kullan\u0131c\u0131lara ait her t\u00fcrl\u00fc\u011f\u00fc i\u00e7eri\u011fi, herhangi bir ama\u00e7la diledi\u011fi bi\u00e7imde kullanma, yay\u0131nlama, i\u015fleme, de\u011fi\u015ftirme, uyarlama, \u00e7o\u011faltma, da\u011f\u0131tma haklar\u0131na sahip oldu\u011fu gibi bunlar\u0131 i\u00e7erikten \u00e7\u0131karma, engelleme veya yay\u0131nlamama haklar\u0131na da sahiptir.<\/p>\n<p>Kullan\u0131c\u0131lar taraf\u0131ndan siteye g\u00f6nderilen, iletilen, olu\u015fturulan, te\u015fhir edilen her t\u00fcrl\u00fc kullan\u0131c\u0131 i\u00e7eri\u011finden ve bunlara ili\u015fkin i\u015flem ve eylemlerden dolay\u0131 sorumluluk (SambaPOS ve 3. \u015fah\u0131slar\u0131n u\u011frayaca\u011f\u0131 zarar ziyan\u0131 tazmin sorumlulu\u011fu d\u00e2hil) kullan\u0131c\u0131lara aittir.<\/p>\n<p>Sitede yer alan, yay\u0131nlanan SambaPOS\u2019a ait site unsurlar\u0131n\u0131n ya da formlar\u0131n kopyalanarak kullan\u0131lmalar\u0131 veya yeniden \u00fcretilmek amac\u0131yla \u00f6rnek al\u0131nmalar\u0131 yasakt\u0131r.<\/p>\n<p>Kullan\u0131c\u0131, web sitesinde veya di\u011fer kullan\u0131c\u0131 hesaplar\u0131nda bulunan hi\u00e7bir veriyi toplamamay\u0131, siteye ait veritaban\u0131na eri\u015fmemeyi kabul ve taahh\u00fct etmektedir.<\/p>\n<p>www.sambapos.com web sitesinin fikri ve s\u0131nai m\u00fclkiyet haklar\u0131na dair sorular\u0131n\u0131z i\u00e7in info@sambapos.com adresine yazarak daha fazla bilgi alabilirsiniz.<\/p>\n<\/div><\/div><\/div><\/div><\/div><\/div><\/div><div class=\"wpb_column vc_column_container\"><div class=\"vc_column-inner\"><\/div><\/div><\/div><\/div><\/section>\n","protected":false},"excerpt":{"rendered":"Telif Hakk\u0131 SambaPOS Yaz\u0131l\u0131m A.\u015e.\u2019ye (\u201cSambaPOS\u201d) ait www.sambapos.com web sitesinin (\u201cSite\u201d) fikri ve s\u0131na\u00ee m\u00fclkiyet haklar\u0131 SambaPOS\u2019a aittir. Aksi belirtilmedik\u00e7e, sitede yer alan marka, isim alan ad\u0131 ve di\u011fer unsurlar\u0131n fikri ve s\u0131nai m\u00fclkiyet\/telif haklar\u0131 ya da kullanma lisans haklar\u0131 SambaPOS\u2019a aittir. \u00d6zel olarak belirtilmedi\u011fi s\u00fcrece burada yaz\u0131l\u0131 ko\u015fullar Kullan\u0131c\u0131lara bunlar\u0131 kullanma ya da bunlar...","protected":false},"author":1,"featured_media":0,"parent":0,"menu_order":0,"comment_status":"closed","ping_status":"closed","template":"","meta":{"footnotes":""},"class_list":["post-13163","page","type-page","status-publish","hentry"],"_links":{"self":[{"href":"https:\/\/sambapos.com\/tr\/wp-json\/wp\/v2\/pages\/13163","targetHints":{"allow":["GET"]}}],"collection":[{"href":"https:\/\/sambapos.com\/tr\/wp-json\/wp\/v2\/pages"}],"about":[{"href":"https:\/\/sambapos.com\/tr\/wp-json\/wp\/v2\/types\/page"}],"author":[{"embeddable":true,"href":"https:\/\/sambapos.com\/tr\/wp-json\/wp\/v2\/users\/1"}],"replies":[{"embeddable":true,"href":"https:\/\/sambapos.com\/tr\/wp-json\/wp\/v2\/comments?post=13163"}],"version-history":[{"count":2,"href":"https:\/\/sambapos.com\/tr\/wp-json\/wp\/v2\/pages\/13163\/revisions"}],"predecessor-version":[{"id":13165,"href":"https:\/\/sambapos.com\/tr\/wp-json\/wp\/v2\/pages\/13163\/revisions\/13165"}],"wp:attachment":[{"href":"https:\/\/sambapos.com\/tr\/wp-json\/wp\/v2\/media?parent=13163"}],"curies":[{"name":"wp","href":"https:\/\/api.w.org\/{rel}","templated":true}]}}