{"id":13147,"date":"2022-01-13T09:09:05","date_gmt":"2022-01-13T09:09:05","guid":{"rendered":"https:\/\/sambapos.com\/paymentsense\/"},"modified":"2023-10-10T11:45:33","modified_gmt":"2023-10-10T11:45:33","slug":"paymentsense","status":"publish","type":"page","link":"https:\/\/sambapos.com\/tr\/paymentsense\/","title":{"rendered":"PaymentSense"},"content":{"rendered":"<section class=\"l-section wpb_row us_custom_e240a87c hide_on_tablets hide_on_mobiles height_huge\"><div class=\"l-section-h i-cf\"><div class=\"g-cols vc_row via_grid cols_1 laptops-cols_inherit tablets-cols_inherit mobiles-cols_1 valign_top type_default stacking_default\" style=\"--columns-gap:30rem;\"><div class=\"wpb_column vc_column_container\"><div class=\"vc_column-inner\"><div class=\"g-cols wpb_row via_grid cols_2 laptops-cols_inherit tablets-cols_inherit mobiles-cols_1 valign_middle type_default stacking_default\" style=\"--columns-gap:calc(3rem + 30px);\"><div class=\"wpb_column vc_column_container us_custom_862028bc\"><div class=\"vc_column-inner\"><div class=\"wpb_text_column hide_on_default hide_on_laptops hide_on_tablets hide_on_mobiles\"><div class=\"wpb_wrapper\"><p>PaymentSense<\/p>\n<\/div><\/div><div class=\"wpb_text_column\"><div class=\"wpb_wrapper\"><h1>PaymentSense<\/h1>\n<\/div><\/div><div class=\"w-separator size_custom\" style=\"height:25px\"><\/div><div class=\"wpb_text_column us_custom_1e0e9307\"><div class=\"wpb_wrapper\"><p><strong>SambaPOS PaymentSense Entegrasyonu ile Daha Kolay \u00d6deme<\/strong><\/p>\n<\/div><\/div><div class=\"w-separator size_custom\" style=\"height:25px\"><\/div><div class=\"wpb_text_column\"><div class=\"wpb_wrapper\"><p>Bir restoran sahibi olarak, \u00f6deme i\u015flemlerini sorunsuz bir \u015fekilde ger\u00e7ekle\u015ftirmek vaktinizi alabilir. PaymentSense ile \u00f6demelerinizi daha h\u0131zl\u0131 bir \u015fekilde uzaktan veya y\u00fcz y\u00fcze alabilirsiniz. Ayr\u0131ca SambaPOS ekran\u0131ndan sat\u0131n alma i\u015flemlerinizi kontrol edebilirsiniz.<\/p>\n<\/div><\/div><\/div><\/div><div class=\"wpb_column vc_column_container\"><div class=\"vc_column-inner\"><\/div><\/div><\/div><div class=\"w-separator size_custom\" style=\"height:75px\"><\/div><\/div><\/div><\/div><\/div><\/section><section class=\"l-section wpb_row hide_on_default hide_on_laptops height_large\"><div class=\"l-section-h i-cf\"><div class=\"g-cols vc_row via_grid cols_1 laptops-cols_inherit tablets-cols_inherit mobiles-cols_1 valign_top type_default stacking_default\" style=\"--columns-gap:30rem;\"><div class=\"wpb_column vc_column_container\"><div class=\"vc_column-inner\"><div class=\"g-cols wpb_row via_grid cols_1 laptops-cols_inherit tablets-cols_inherit mobiles-cols_1 valign_middle type_default stacking_default\" style=\"--columns-gap:calc(3rem + 30px);\"><div class=\"wpb_column vc_column_container us_custom_862028bc\"><div class=\"vc_column-inner\"><div class=\"w-separator size_custom\" style=\"height:75px\"><\/div><div class=\"wpb_text_column\"><div class=\"wpb_wrapper\"><h1>PaymentSense<\/h1>\n<\/div><\/div><div class=\"w-separator size_custom\" style=\"height:25px\"><\/div><div class=\"wpb_text_column us_custom_1e0e9307\"><div class=\"wpb_wrapper\"><p><strong>SambaPOS PaymentSense Entegrasyonu ile Daha Kolay \u00d6deme<\/strong><\/p>\n<\/div><\/div><div class=\"w-separator size_custom\" style=\"height:25px\"><\/div><div class=\"wpb_text_column\"><div class=\"wpb_wrapper\"><p>Bir restoran sahibi olarak, \u00f6deme i\u015flemlerini sorunsuz bir \u015fekilde ger\u00e7ekle\u015ftirmek vaktinizi alabilir. PaymentSense ile \u00f6demelerinizi daha h\u0131zl\u0131 bir \u015fekilde uzaktan veya y\u00fcz y\u00fcze alabilirsiniz. Ayr\u0131ca SambaPOS ekran\u0131ndan sat\u0131n alma i\u015flemlerinizi kontrol edebilirsiniz.<\/p>\n<\/div><\/div><\/div><\/div><\/div><\/div><\/div><\/div><\/div><\/section><section class=\"l-section wpb_row us_custom_3b745cf9 height_auto\"><div class=\"l-section-h i-cf\"><div class=\"g-cols vc_row via_grid cols_1 laptops-cols_inherit tablets-cols_inherit mobiles-cols_1 valign_top type_default stacking_default\"><div class=\"wpb_column vc_column_container\"><div class=\"vc_column-inner\"><div class=\"w-separator hide_on_tablets hide_on_mobiles size_custom\" style=\"height:75px\"><\/div><div class=\"wpb_text_column\"><div class=\"wpb_wrapper\"><h2 style=\"text-align: center;\">\u00d6zellikler<\/h2>\n<\/div><\/div><div class=\"w-separator size_custom\" style=\"height:3rem\"><\/div><div class=\"g-cols wpb_row via_grid cols_3 laptops-cols_inherit tablets-cols_inherit mobiles-cols_1 valign_top type_default stacking_default\" style=\"--columns-gap:3rem;\"><div class=\"wpb_column vc_column_container us_custom_3c7925c7 has_bg_color\"><div class=\"vc_column-inner\"><div class=\"w-separator size_custom\" style=\"height:1rem\"><\/div><div class=\"wpb_text_column\"><div class=\"wpb_wrapper\"><p style=\"text-align: center;\"><span lang=\"TR\">Masada \u00d6demeler i\u00e7in Ta\u015f\u0131nabilir Cihaz<\/span><\/p>\n<\/div><\/div><div class=\"w-separator size_custom\" style=\"height:1rem\"><\/div><\/div><\/div><div class=\"wpb_column vc_column_container us_custom_4fe2f0fa has_bg_color\"><div class=\"vc_column-inner\"><div class=\"w-separator size_custom\" style=\"height:1rem\"><\/div><div class=\"wpb_text_column\"><div class=\"wpb_wrapper\"><p style=\"text-align: center;\"><span lang=\"TR\">Wi-Fi Kapal\u0131yken Mobil Veri Kullan\u0131m\u0131<\/span><\/p>\n<\/div><\/div><div class=\"w-separator size_custom\" style=\"height:1rem\"><\/div><\/div><\/div><div class=\"wpb_column vc_column_container us_custom_4fe2f0fa has_bg_color\"><div class=\"vc_column-inner\"><div class=\"w-separator size_custom\" style=\"height:1rem\"><\/div><div class=\"wpb_text_column\"><div class=\"wpb_wrapper\"><p style=\"text-align: center;\"><span lang=\"TR\">Kasa \u00d6demeleri i\u00e7in Tezgah \u00dcst\u00fc Cihaz<\/span><\/p>\n<\/div><\/div><div class=\"w-separator size_custom\" style=\"height:1rem\"><\/div><\/div><\/div><\/div><div class=\"w-separator size_custom\" style=\"height:75px\"><\/div><\/div><\/div><\/div><\/div><\/section><section class=\"l-section wpb_row us_custom_3b745cf9 height_auto\"><div class=\"l-section-h i-cf\"><div class=\"g-cols vc_row via_grid cols_1 laptops-cols_inherit tablets-cols_inherit mobiles-cols_1 valign_middle type_default stacking_default\" style=\"--columns-gap:5rem;\"><div class=\"wpb_column vc_column_container\"><div class=\"vc_column-inner\"><div class=\"g-cols wpb_row via_grid cols_2 laptops-cols_inherit tablets-cols_inherit mobiles-cols_1 valign_middle type_default stacking_default\" style=\"--columns-gap:3rem;\"><div class=\"wpb_column vc_column_container\"><div class=\"vc_column-inner\"><div class=\"wpb_text_column\"><div class=\"wpb_wrapper\"><h3>Neden PaymentSense?<\/h3>\n<ul>\n<li>M\u00fc\u015fteri ile fatura payla\u015f\u0131m\u0131n\u0131 kolayla\u015ft\u0131r\u0131r ve SambaPOS \u00fczerinden kontrol edebilme imkan\u0131 tan\u0131r.<\/li>\n<li>Hata oran\u0131n\u0131 en aza indirger.<\/li>\n<li>Mevzuat kanunlar\u0131n\u0131 takip eder.<\/li>\n<li>M\u00fc\u015fteri verilerini ve gelir verilerini g\u00fcvenli bir \u015fekilde saklar.<\/li>\n<li>\u0130\u015flemler h\u0131zl\u0131 oldu\u011fu i\u00e7in m\u00fc\u015fterilerinizin bekleme s\u00fcreleri azal\u0131r.<\/li>\n<li>M\u00fc\u015fterileriniz \u00f6deme yaparken g\u00fcvende hissederler.<\/li>\n<li>Sizin taraf\u0131n\u0131zdan herhangi bir kontrole gerek kalmadan t\u00fcm \u00f6deme s\u00fcrecini otomatikle\u015ftirir.<\/li>\n<li>PaymentSense kullan\u0131lmas\u0131 ve y\u00f6netilmesi \u00e7ok kolay bir entegrasyondur.<\/li>\n<\/ul>\n<\/div><\/div><\/div><\/div><div class=\"wpb_column vc_column_container\"><div class=\"vc_column-inner\"><div class=\"w-pricing style_cards items_1\"><div class=\"w-pricing-item type_featured\"><div class=\"w-pricing-item-h\"><div class=\"w-pricing-item-header\"><div class=\"w-pricing-item-title\">Payment Sense<\/div><div class=\"w-pricing-item-price\"><small>\u00dccretsiz<\/small><\/div><\/div><ul class=\"w-pricing-item-features\"><li class=\"w-pricing-item-feature\">\u00c7ok uygun komisyon oranlar\u0131 ile hemen kredi kart\u0131 \u00f6demesi al\u0131n<\/li><li class=\"w-pricing-item-feature\">24 saatte POS cihaz\u0131n\u0131z elinizde<\/li><li class=\"w-pricing-item-feature\">H\u0131zl\u0131 ve kolay kurulum<\/li><li class=\"w-pricing-item-feature\">Kullan\u0131c\u0131 dostu aray\u00fcz<\/li><\/ul><div class=\"w-pricing-item-footer\"><a class=\"w-btn us-btn-style_28\" style=\"font-size:15px\" target=\"_blank\" rel=\"nofollow\" href=\"https:\/\/cp.sambapos.com\/market\"><span class=\"w-btn-label\">Sat\u0131n Al<\/span><\/a><\/div><\/div><\/div><\/div><\/div><\/div><\/div><\/div><\/div><\/div><\/div><\/section><section class=\"l-section wpb_row us_custom_3b745cf9 height_auto\"><div class=\"l-section-h i-cf\"><div class=\"g-cols vc_row via_grid cols_1 laptops-cols_inherit tablets-cols_inherit mobiles-cols_1 valign_top type_default stacking_default\"><div class=\"wpb_column vc_column_container\"><div class=\"vc_column-inner\"><div class=\"w-separator size_custom\" style=\"height:75px\"><\/div><div class=\"g-cols wpb_row via_grid cols_2 laptops-cols_inherit tablets-cols_inherit mobiles-cols_1 valign_middle type_default stacking_default\" style=\"--columns-gap:calc(3rem + 30px);\"><div class=\"wpb_column vc_column_container\"><div class=\"vc_column-inner\"><div class=\"w-image align_center\"><div class=\"w-image-h\"><img decoding=\"async\" width=\"1024\" height=\"615\" src=\"https:\/\/sambapos.com\/wp-content\/uploads\/sambapos-products-copy-1024x615.png\" class=\"attachment-large size-large\" alt=\"SambaPOS Products\" loading=\"lazy\" srcset=\"https:\/\/sambapos.com\/wp-content\/uploads\/sambapos-products-copy-1024x615.png 1024w, https:\/\/sambapos.com\/wp-content\/uploads\/sambapos-products-copy-300x180.png 300w, https:\/\/sambapos.com\/wp-content\/uploads\/sambapos-products-copy-600x360.png 600w, https:\/\/sambapos.com\/wp-content\/uploads\/sambapos-products-copy-100x60.png 100w, https:\/\/sambapos.com\/wp-content\/uploads\/sambapos-products-copy-150x90.png 150w, https:\/\/sambapos.com\/wp-content\/uploads\/sambapos-products-copy-120x72.png 120w, https:\/\/sambapos.com\/wp-content\/uploads\/sambapos-products-copy-200x120.png 200w, https:\/\/sambapos.com\/wp-content\/uploads\/sambapos-products-copy-73x44.png 73w, https:\/\/sambapos.com\/wp-content\/uploads\/sambapos-products-copy-50x30.png 50w, https:\/\/sambapos.com\/wp-content\/uploads\/sambapos-products-copy-60x36.png 60w, https:\/\/sambapos.com\/wp-content\/uploads\/sambapos-products-copy-400x240.png 400w, https:\/\/sambapos.com\/wp-content\/uploads\/sambapos-products-copy.png 1333w\" sizes=\"auto, (max-width: 1024px) 100vw, 1024px\" \/><\/div><\/div><\/div><\/div><div class=\"wpb_column vc_column_container\"><div class=\"vc_column-inner\"><div class=\"wpb_text_column\"><div class=\"wpb_wrapper\"><div class=\"icerik\">\n<div id=\"articleContentDiv_FDbL5BmADgayIsi4oyuMRmRU9G9Dl4\" class=\"icerik_text\" data-entity=\"detailEntity_kUryFvRvm00KILlhf9ySj4dGouBQma\" data-field=\"ContentArticle\" data-auto-hide=\"true\">\n<div class=\"publisherHtmlBeautify\" data-entity=\"detailEntity_kUryFvRvm00KILlhf9ySj4dGouBQma\" data-field=\"ContentArticle\" data-display=\"html\">\n<h3>PaymentSense ile \u00d6delemerinizi H\u0131zland\u0131r\u0131n<\/h3>\n<\/div>\n<p>\u00d6deme y\u00f6ntemlerinizi yenilemeye haz\u0131r m\u0131s\u0131n\u0131z? SambaPOS <a href=\"https:\/\/cp.sambapos.com\/market\"><strong>sat\u0131n almak<\/strong><\/a> veya bayimiz olmak i\u00e7in <a href=\"https:\/\/sambapos.com\/tr\/yetkili-bayi-basvurusu\/\"><strong>buraya t\u0131klay\u0131n.<\/strong><\/a><\/p>\n<\/div>\n<\/div>\n<\/div><\/div><\/div><\/div><\/div><div class=\"w-separator size_custom\" style=\"height:75px\"><\/div><\/div><\/div><\/div><\/div><\/section>\n","protected":false},"excerpt":{"rendered":"PaymentSense PaymentSense SambaPOS PaymentSense Entegrasyonu ile Daha Kolay \u00d6deme Bir restoran sahibi olarak, \u00f6deme i\u015flemlerini sorunsuz bir \u015fekilde ger\u00e7ekle\u015ftirmek vaktinizi alabilir. PaymentSense ile \u00f6demelerinizi daha h\u0131zl\u0131 bir \u015fekilde uzaktan veya y\u00fcz y\u00fcze alabilirsiniz. Ayr\u0131ca SambaPOS ekran\u0131ndan sat\u0131n alma i\u015flemlerinizi kontrol edebilirsiniz. PaymentSense SambaPOS PaymentSense Entegrasyonu ile Daha Kolay \u00d6deme Bir restoran sahibi olarak, \u00f6deme i\u015flemlerini...","protected":false},"author":1,"featured_media":0,"parent":0,"menu_order":0,"comment_status":"closed","ping_status":"closed","template":"","meta":{"footnotes":""},"class_list":["post-13147","page","type-page","status-publish","hentry"],"_links":{"self":[{"href":"https:\/\/sambapos.com\/tr\/wp-json\/wp\/v2\/pages\/13147","targetHints":{"allow":["GET"]}}],"collection":[{"href":"https:\/\/sambapos.com\/tr\/wp-json\/wp\/v2\/pages"}],"about":[{"href":"https:\/\/sambapos.com\/tr\/wp-json\/wp\/v2\/types\/page"}],"author":[{"embeddable":true,"href":"https:\/\/sambapos.com\/tr\/wp-json\/wp\/v2\/users\/1"}],"replies":[{"embeddable":true,"href":"https:\/\/sambapos.com\/tr\/wp-json\/wp\/v2\/comments?post=13147"}],"version-history":[{"count":13,"href":"https:\/\/sambapos.com\/tr\/wp-json\/wp\/v2\/pages\/13147\/revisions"}],"predecessor-version":[{"id":15883,"href":"https:\/\/sambapos.com\/tr\/wp-json\/wp\/v2\/pages\/13147\/revisions\/15883"}],"wp:attachment":[{"href":"https:\/\/sambapos.com\/tr\/wp-json\/wp\/v2\/media?parent=13147"}],"curies":[{"name":"wp","href":"https:\/\/api.w.org\/{rel}","templated":true}]}}