{"id":13141,"date":"2021-11-29T08:12:54","date_gmt":"2021-11-29T08:12:54","guid":{"rendered":"https:\/\/sambapos.com\/okc-for-ingenico-tsm\/"},"modified":"2025-08-01T13:07:17","modified_gmt":"2025-08-01T13:07:17","slug":"okc-tsm-entegrasyonu","status":"publish","type":"page","link":"https:\/\/sambapos.com\/tr\/okc-tsm-entegrasyonu\/","title":{"rendered":"Ingenico TSM Entegrasyonu"},"content":{"rendered":"<section class=\"l-section wpb_row us_custom_6750db92 hide_on_tablets hide_on_mobiles height_huge\"><div class=\"l-section-h i-cf\"><div class=\"g-cols vc_row via_grid cols_1 laptops-cols_inherit tablets-cols_inherit mobiles-cols_1 valign_top type_default stacking_default\" style=\"--columns-gap:30rem;\"><div class=\"wpb_column vc_column_container\"><div class=\"vc_column-inner\"><div class=\"g-cols wpb_row via_grid cols_2 laptops-cols_inherit tablets-cols_inherit mobiles-cols_1 valign_middle type_default stacking_default\" style=\"--columns-gap:calc(3rem + 30px);\"><div class=\"wpb_column vc_column_container us_custom_71be7f86\"><div class=\"vc_column-inner\"><div class=\"wpb_text_column hide_on_default hide_on_laptops hide_on_tablets hide_on_mobiles\"><div class=\"wpb_wrapper\"><p>Ingenico TSM entegrasyonu ile m\u00fc\u015fterileriniz cloud&#8217;a ba\u011fl\u0131 \u00d6KC cihazlar\u0131n\u0131n yard\u0131m\u0131yla masa ba\u015f\u0131 \u00f6deme veya paket serviste \u00f6deme yapabilirler.<\/p>\n<\/div><\/div><div class=\"wpb_text_column\"><div class=\"wpb_wrapper\"><h1>Ingenico TSM Entegrasyonu<\/h1>\n<\/div><\/div><div class=\"w-separator size_custom\" style=\"height:25px\"><\/div><div class=\"wpb_text_column us_custom_1e0e9307\"><div class=\"wpb_wrapper\"><p><strong>Ingenico TSM entegrasyonu, i\u015fletmeniz i\u00e7in daha h\u0131zl\u0131 ve g\u00fcvenli kablosuz i\u015flemler ve en iyi \u00f6deme y\u00f6ntemi sunar.<\/strong><\/p>\n<\/div><\/div><div class=\"w-separator size_custom\" style=\"height:150px\"><\/div><\/div><\/div><div class=\"wpb_column vc_column_container\"><div class=\"vc_column-inner\"><\/div><\/div><\/div><\/div><\/div><\/div><\/div><\/section><section class=\"l-section wpb_row hide_on_default hide_on_laptops height_large\"><div class=\"l-section-h i-cf\"><div class=\"g-cols vc_row via_grid cols_1 laptops-cols_inherit tablets-cols_inherit mobiles-cols_1 valign_top type_default stacking_default\" style=\"--columns-gap:30rem;\"><div class=\"wpb_column vc_column_container\"><div class=\"vc_column-inner\"><div class=\"w-separator size_custom\" style=\"height:75px\"><\/div><div class=\"g-cols wpb_row via_grid cols_1 laptops-cols_inherit tablets-cols_inherit mobiles-cols_1 valign_middle type_default stacking_default\" style=\"--columns-gap:calc(3rem + 30px);\"><div class=\"wpb_column vc_column_container\"><div class=\"vc_column-inner\"><div class=\"wpb_text_column\"><div class=\"wpb_wrapper\"><h1>Ingenico TSM Entegrasyonu<\/h1>\n<\/div><\/div><div class=\"w-separator size_custom\" style=\"height:25px\"><\/div><div class=\"wpb_text_column us_custom_1e0e9307\"><div class=\"wpb_wrapper\"><p><strong>Ingenico TSM entegrasyonu, i\u015fletmeniz i\u00e7in daha h\u0131zl\u0131 ve g\u00fcvenli kablosuz i\u015flemler ve en iyi \u00f6deme y\u00f6ntemi sunar.<\/strong><\/p>\n<\/div><\/div><\/div><\/div><\/div><\/div><\/div><\/div><\/div><\/section><section class=\"l-section wpb_row height_auto\"><div class=\"l-section-h i-cf\"><div class=\"g-cols vc_row via_grid cols_1 laptops-cols_inherit tablets-cols_inherit mobiles-cols_1 valign_top type_default stacking_default\"><div class=\"wpb_column vc_column_container\"><div class=\"vc_column-inner\"><div class=\"w-separator hide_on_tablets hide_on_mobiles size_custom\" style=\"height:75px\"><\/div><\/div><\/div><\/div><\/div><\/section><section class=\"l-section wpb_row us_custom_3b745cf9 height_auto\"><div class=\"l-section-h i-cf\"><div class=\"g-cols vc_row via_grid cols_2 laptops-cols_inherit tablets-cols_inherit mobiles-cols_1 valign_middle type_default stacking_default\" style=\"--columns-gap:5rem;\"><div class=\"wpb_column vc_column_container\"><div class=\"vc_column-inner\"><div class=\"wpb_text_column\"><div class=\"wpb_wrapper\"><h2>Cloud ile \u00d6deme<\/h2>\n<p>\u0130\u015fletmeniz sorunsuz \u00e7al\u0131\u015fabilmesi i\u00e7in g\u00fcvenli bir \u00f6deme sistemine ihtiya\u00e7 duyar. Ingenico TSM entegrasyonu ile m\u00fc\u015fterileriniz cloud \u00fczerinden ba\u011fl\u0131 \u00d6KC cihazlar\u0131n\u0131n yard\u0131m\u0131yla masa ba\u015f\u0131nda veya paket serviste g\u00fcvenli bir \u015fekilde \u00f6deme yapabilirler. Cloud \u00f6deme an\u0131nda makbuz olu\u015fturur ve \u00f6demeyi g\u00fcvenli bir \u015fekilde sisteme kaydeder.<\/p>\n<\/div><\/div><\/div><\/div><div class=\"wpb_column vc_column_container\"><div class=\"vc_column-inner\"><div class=\"g-cols wpb_row via_grid cols_1 laptops-cols_inherit tablets-cols_inherit mobiles-cols_1 valign_middle type_default stacking_default\" style=\"--columns-gap:calc(3rem + 30px);\"><div class=\"wpb_column vc_column_container\"><div class=\"vc_column-inner\"><div class=\"w-pricing style_cards items_1\"><div class=\"w-pricing-item type_featured\"><div class=\"w-pricing-item-h\"><div class=\"w-pricing-item-header\"><div class=\"w-pricing-item-title\">Ingenico TSM Entegrasyonu <\/div><div class=\"w-pricing-item-price\">$165 +KDV<small>Y\u0131ll\u0131k<\/small><\/div><\/div><ul class=\"w-pricing-item-features\"><li class=\"w-pricing-item-feature\">Adisyon i\u00e7eri\u011fini yazd\u0131r\u0131n ve g\u00f6r\u00fcnt\u00fcleyin.<\/li><li class=\"w-pricing-item-feature\">Masa ba\u015f\u0131 ve paket servis \u00f6demesi al\u0131n.<\/li><li class=\"w-pricing-item-feature\">H\u0131zl\u0131 ve g\u00fcvenli \u00f6demeye sahip olun.<\/li><li class=\"w-pricing-item-feature\">-<\/li><li class=\"w-pricing-item-feature\">SambaPOS V5 Pro Lisans\u0131 gerektirir<\/li><\/ul><div class=\"w-pricing-item-footer\"><a class=\"w-btn us-btn-style_28\" style=\"font-size:15px\" target=\"_blank\" rel=\"nofollow\" href=\"https:\/\/cp.sambapos.com\/market\"><span class=\"w-btn-label\">\u015eimdi Sat\u0131n Al\u0131n<\/span><\/a><\/div><\/div><\/div><\/div><\/div><\/div><\/div><\/div><\/div><\/div><\/div><\/section><section class=\"l-section wpb_row us_custom_3b745cf9 height_auto\"><div class=\"l-section-h i-cf\"><div class=\"g-cols vc_row via_grid cols_1 laptops-cols_inherit tablets-cols_inherit mobiles-cols_1 valign_top type_default stacking_default\"><div class=\"wpb_column vc_column_container\"><div class=\"vc_column-inner\"><div class=\"w-separator size_custom\" style=\"height:75px\"><\/div><div class=\"g-cols wpb_row via_grid cols_2 laptops-cols_inherit tablets-cols_inherit mobiles-cols_1 valign_middle type_default stacking_default\" style=\"--columns-gap:calc(3rem + 30px);\"><div class=\"wpb_column vc_column_container\"><div class=\"vc_column-inner\"><div class=\"w-image align_center\"><div class=\"w-image-h\"><img decoding=\"async\" width=\"600\" height=\"400\" src=\"https:\/\/sambapos.com\/wp-content\/uploads\/OKC-for-Ingenico-TSM-image.png\" class=\"attachment-large size-large\" alt=\"SambaPOS OKC for Ingenico TSM\" loading=\"lazy\" srcset=\"https:\/\/sambapos.com\/wp-content\/uploads\/OKC-for-Ingenico-TSM-image.png 600w, https:\/\/sambapos.com\/wp-content\/uploads\/OKC-for-Ingenico-TSM-image-300x200.png 300w, https:\/\/sambapos.com\/wp-content\/uploads\/OKC-for-Ingenico-TSM-image-100x67.png 100w, https:\/\/sambapos.com\/wp-content\/uploads\/OKC-for-Ingenico-TSM-image-150x100.png 150w, https:\/\/sambapos.com\/wp-content\/uploads\/OKC-for-Ingenico-TSM-image-120x80.png 120w, https:\/\/sambapos.com\/wp-content\/uploads\/OKC-for-Ingenico-TSM-image-200x133.png 200w, https:\/\/sambapos.com\/wp-content\/uploads\/OKC-for-Ingenico-TSM-image-66x44.png 66w, https:\/\/sambapos.com\/wp-content\/uploads\/OKC-for-Ingenico-TSM-image-45x30.png 45w, https:\/\/sambapos.com\/wp-content\/uploads\/OKC-for-Ingenico-TSM-image-60x40.png 60w, https:\/\/sambapos.com\/wp-content\/uploads\/OKC-for-Ingenico-TSM-image-400x267.png 400w\" sizes=\"auto, (max-width: 600px) 100vw, 600px\" \/><\/div><\/div><\/div><\/div><div class=\"wpb_column vc_column_container\"><div class=\"vc_column-inner\"><div class=\"wpb_text_column\"><div class=\"wpb_wrapper\"><h2>Ingenico TSM Entegrasyonu \u00d6zellikleri<\/h2>\n<ul>\n<li>H\u0131zl\u0131 ve kolay entegrasyon kullan\u0131m\u0131<\/li>\n<li>Herhangi bir \u00f6deme \u015feklini kabul edebilme<\/li>\n<li>Hem bireysel hem de grup \u00f6demelerini kabul edebilme<\/li>\n<li>G\u00fcn\u00fcn sonunda g\u00fcnl\u00fck rapor alabilme<\/li>\n<\/ul>\n<\/div><\/div><\/div><\/div><\/div><\/div><\/div><\/div><\/div><\/section><section class=\"l-section wpb_row us_custom_3b745cf9 height_small\"><div class=\"l-section-h i-cf\"><div class=\"g-cols vc_row via_grid cols_1 laptops-cols_inherit tablets-cols_inherit mobiles-cols_1 valign_top type_default stacking_default\"><div class=\"wpb_column vc_column_container\"><div class=\"vc_column-inner\"><div class=\"w-separator size_custom\" style=\"height:75px\"><\/div><div class=\"g-cols wpb_row via_grid cols_2 laptops-cols_inherit tablets-cols_inherit mobiles-cols_1 valign_middle type_default stacking_default\" style=\"--columns-gap:calc(3rem + 30px);\"><div class=\"wpb_column vc_column_container\"><div class=\"vc_column-inner\"><div class=\"w-image align_center\"><div class=\"w-image-h\"><img decoding=\"async\" width=\"1024\" height=\"615\" src=\"https:\/\/sambapos.com\/wp-content\/uploads\/sambapos-products-copy-1024x615.png\" class=\"attachment-large size-large\" alt=\"SambaPOS Products\" loading=\"lazy\" srcset=\"https:\/\/sambapos.com\/wp-content\/uploads\/sambapos-products-copy-1024x615.png 1024w, https:\/\/sambapos.com\/wp-content\/uploads\/sambapos-products-copy-300x180.png 300w, https:\/\/sambapos.com\/wp-content\/uploads\/sambapos-products-copy-600x360.png 600w, https:\/\/sambapos.com\/wp-content\/uploads\/sambapos-products-copy-100x60.png 100w, https:\/\/sambapos.com\/wp-content\/uploads\/sambapos-products-copy-150x90.png 150w, https:\/\/sambapos.com\/wp-content\/uploads\/sambapos-products-copy-120x72.png 120w, https:\/\/sambapos.com\/wp-content\/uploads\/sambapos-products-copy-200x120.png 200w, https:\/\/sambapos.com\/wp-content\/uploads\/sambapos-products-copy-73x44.png 73w, https:\/\/sambapos.com\/wp-content\/uploads\/sambapos-products-copy-50x30.png 50w, https:\/\/sambapos.com\/wp-content\/uploads\/sambapos-products-copy-60x36.png 60w, https:\/\/sambapos.com\/wp-content\/uploads\/sambapos-products-copy-400x240.png 400w, https:\/\/sambapos.com\/wp-content\/uploads\/sambapos-products-copy.png 1333w\" sizes=\"auto, (max-width: 1024px) 100vw, 1024px\" \/><\/div><\/div><\/div><\/div><div class=\"wpb_column vc_column_container\"><div class=\"vc_column-inner\"><div class=\"wpb_text_column\"><div class=\"wpb_wrapper\"><h3>Ingenico TSM Entegrasyon Sistemi<\/h3>\n<p>Ingenico TSM entegrasyonu size eksiksiz adisyon bilgisi sa\u011flar. SambaPOS ile \u00f6deme tamamland\u0131\u011f\u0131nda adisyon otomatik olarak kapan\u0131r. Daha kolay kar\u015f\u0131la\u015ft\u0131rma i\u00e7in adisyonlar\u0131n numaraland\u0131r\u0131lmas\u0131n\u0131 sistemden kontrol edebilirsiniz.<\/p>\n<p>SambaPOS, 2011 y\u0131l\u0131ndan bu yana i\u015fletme sahiplerine ve yaz\u0131l\u0131m geli\u015ftiricilere benzersiz \u00e7\u00f6z\u00fcm ve hizmetlerle destek oluyor. Ingenico TSM entegrasyonunu <a href=\"https:\/\/cp.sambapos.com\/market\"><strong>\u015fimdi sat\u0131n alarak<\/strong><\/a> veya <a href=\"https:\/\/sambapos.com\/tr\/yetkili-bayi-basvurusu\/\"><strong>bayi olarak<\/strong><\/a> kullanmaya ba\u015flayabilirsiniz.<\/p>\n<\/div><\/div><\/div><\/div><\/div><div class=\"w-separator size_custom\" style=\"height:75px\"><\/div><\/div><\/div><\/div><\/div><\/section>\n","protected":false},"excerpt":{"rendered":"Ingenico TSM entegrasyonu ile m\u00fc\u015fterileriniz cloud&#8217;a ba\u011fl\u0131 \u00d6KC cihazlar\u0131n\u0131n yard\u0131m\u0131yla masa ba\u015f\u0131 \u00f6deme veya paket serviste \u00f6deme yapabilirler. Ingenico TSM Entegrasyonu Ingenico TSM entegrasyonu, i\u015fletmeniz i\u00e7in daha h\u0131zl\u0131 ve g\u00fcvenli kablosuz i\u015flemler ve en iyi \u00f6deme y\u00f6ntemi sunar. Ingenico TSM Entegrasyonu Ingenico TSM entegrasyonu, i\u015fletmeniz i\u00e7in daha h\u0131zl\u0131 ve g\u00fcvenli kablosuz i\u015flemler ve en iyi...","protected":false},"author":1,"featured_media":0,"parent":0,"menu_order":0,"comment_status":"closed","ping_status":"closed","template":"","meta":{"footnotes":""},"class_list":["post-13141","page","type-page","status-publish","hentry"],"_links":{"self":[{"href":"https:\/\/sambapos.com\/tr\/wp-json\/wp\/v2\/pages\/13141","targetHints":{"allow":["GET"]}}],"collection":[{"href":"https:\/\/sambapos.com\/tr\/wp-json\/wp\/v2\/pages"}],"about":[{"href":"https:\/\/sambapos.com\/tr\/wp-json\/wp\/v2\/types\/page"}],"author":[{"embeddable":true,"href":"https:\/\/sambapos.com\/tr\/wp-json\/wp\/v2\/users\/1"}],"replies":[{"embeddable":true,"href":"https:\/\/sambapos.com\/tr\/wp-json\/wp\/v2\/comments?post=13141"}],"version-history":[{"count":14,"href":"https:\/\/sambapos.com\/tr\/wp-json\/wp\/v2\/pages\/13141\/revisions"}],"predecessor-version":[{"id":17246,"href":"https:\/\/sambapos.com\/tr\/wp-json\/wp\/v2\/pages\/13141\/revisions\/17246"}],"wp:attachment":[{"href":"https:\/\/sambapos.com\/tr\/wp-json\/wp\/v2\/media?parent=13141"}],"curies":[{"name":"wp","href":"https:\/\/api.w.org\/{rel}","templated":true}]}}