{"id":13136,"date":"2022-01-13T09:38:47","date_gmt":"2022-01-13T09:38:47","guid":{"rendered":"https:\/\/sambapos.com\/dojo\/"},"modified":"2023-10-10T11:38:00","modified_gmt":"2023-10-10T11:38:00","slug":"dojo","status":"publish","type":"page","link":"https:\/\/sambapos.com\/tr\/dojo\/","title":{"rendered":"Dojo"},"content":{"rendered":"<section class=\"l-section wpb_row us_custom_ff4bd641 hide_on_tablets hide_on_mobiles height_huge\"><div class=\"l-section-h i-cf\"><div class=\"g-cols vc_row via_grid cols_1 laptops-cols_inherit tablets-cols_inherit mobiles-cols_1 valign_top type_default stacking_default\" style=\"--columns-gap:30rem;\"><div class=\"wpb_column vc_column_container\"><div class=\"vc_column-inner\"><div class=\"g-cols wpb_row via_grid cols_2 laptops-cols_inherit tablets-cols_inherit mobiles-cols_1 valign_middle type_default stacking_default\" style=\"--columns-gap:calc(3rem + 30px);\"><div class=\"wpb_column vc_column_container us_custom_862028bc\"><div class=\"vc_column-inner\"><div class=\"wpb_text_column hide_on_default hide_on_laptops hide_on_tablets hide_on_mobiles\"><div class=\"wpb_wrapper\"><p>Dojo, Dojo entegrasyonu<\/p>\n<\/div><\/div><div class=\"wpb_text_column\"><div class=\"wpb_wrapper\"><h1>Dojo<\/h1>\n<\/div><\/div><div class=\"w-separator size_custom\" style=\"height:25px\"><\/div><div class=\"wpb_text_column us_custom_1e0e9307\"><div class=\"wpb_wrapper\"><p><strong>Dojo ile Daha Kolay \u00d6deme!<\/strong><\/p>\n<\/div><\/div><div class=\"w-separator size_custom\" style=\"height:25px\"><\/div><div class=\"wpb_text_column\"><div class=\"wpb_wrapper\"><p>SambaPOS, size kolayl\u0131k sa\u011flamak i\u00e7in SambaPOS Dojo entegrasyonunu geli\u015ftirdi. Dojo\u2019nuzu SambaPOS ile entegre ederek markan\u0131za ve i\u015fletmenize g\u00f6re yap\u0131land\u0131r\u0131labilen tek bir ekranda t\u00fcm i\u015flemlere eri\u015febilirsiniz.<\/p>\n<\/div><\/div><div class=\"w-separator size_custom\" style=\"height:100px\"><\/div><\/div><\/div><div class=\"wpb_column vc_column_container\"><div class=\"vc_column-inner\"><\/div><\/div><\/div><\/div><\/div><\/div><\/div><\/section><section class=\"l-section wpb_row hide_on_default hide_on_laptops height_large\"><div class=\"l-section-h i-cf\"><div class=\"g-cols vc_row via_grid cols_1 laptops-cols_inherit tablets-cols_inherit mobiles-cols_1 valign_top type_default stacking_default\" style=\"--columns-gap:30rem;\"><div class=\"wpb_column vc_column_container\"><div class=\"vc_column-inner\"><div class=\"g-cols wpb_row via_grid cols_1 laptops-cols_inherit tablets-cols_inherit mobiles-cols_1 valign_middle type_default stacking_default\" style=\"--columns-gap:calc(3rem + 30px);\"><div class=\"wpb_column vc_column_container us_custom_862028bc\"><div class=\"vc_column-inner\"><div class=\"w-separator size_custom\" style=\"height:75px\"><\/div><div class=\"wpb_text_column\"><div class=\"wpb_wrapper\"><h1>Dojo<\/h1>\n<\/div><\/div><div class=\"w-separator size_custom\" style=\"height:25px\"><\/div><div class=\"wpb_text_column us_custom_1e0e9307\"><div class=\"wpb_wrapper\"><p><strong>Dojo ile Daha Kolay \u00d6deme!<\/strong><\/p>\n<\/div><\/div><div class=\"w-separator size_custom\" style=\"height:25px\"><\/div><div class=\"wpb_text_column\"><div class=\"wpb_wrapper\"><p>SambaPOS, size kolayl\u0131k sa\u011flamak i\u00e7in SambaPOS Dojo entegrasyonunu geli\u015ftirdi. Dojo\u2019nuzu SambaPOS ile entegre ederek markan\u0131za ve i\u015fletmenize g\u00f6re yap\u0131land\u0131r\u0131labilen tek bir ekranda t\u00fcm i\u015flemlere eri\u015febilirsiniz.<\/p>\n<\/div><\/div><\/div><\/div><\/div><\/div><\/div><\/div><\/div><\/section><section class=\"l-section wpb_row us_custom_3b745cf9 height_auto\"><div class=\"l-section-h i-cf\"><div class=\"g-cols vc_row via_grid cols_1 laptops-cols_inherit tablets-cols_inherit mobiles-cols_1 valign_top type_default stacking_default\"><div class=\"wpb_column vc_column_container\"><div class=\"vc_column-inner\"><div class=\"w-separator hide_on_tablets hide_on_mobiles size_custom\" style=\"height:75px\"><\/div><div class=\"g-cols wpb_row via_grid cols_2 laptops-cols_inherit tablets-cols_inherit mobiles-cols_1 valign_middle type_default stacking_default\" style=\"--columns-gap:3rem;\"><div class=\"wpb_column vc_column_container\"><div class=\"vc_column-inner\"><div class=\"wpb_text_column\"><div class=\"wpb_wrapper\"><h2>Dojo\u2019nun \u00d6zellikleri<\/h2>\n<\/div><\/div><div class=\"w-separator size_custom\" style=\"height:1rem\"><\/div><div class=\"w-iconbox iconpos_left style_default color_primary align_left\"><div class=\"w-iconbox-icon\" style=\"font-size:2rem;\"><i class=\"fas fa-angle-right\"><\/i><\/div><div class=\"w-iconbox-meta\"><p class=\"w-iconbox-title\"><b>Sorunsuz \u00f6demeler i\u00e7in tasarland\u0131<\/b><\/p><div class=\"w-iconbox-text\"><p>Dojo&#8217;nun kullan\u0131m\u0131 kolayd\u0131r ve banka\/kredi kartlar\u0131, Google Pay, Apple Pay ve daha fazlas\u0131 d\u00e2hil olmak \u00fczere t\u00fcm pop\u00fcler \u00f6deme y\u00f6ntemlerini kabul eder.<\/p>\n<\/div><\/div><\/div><div class=\"w-separator size_custom\" style=\"height:1rem\"><\/div><div class=\"w-iconbox iconpos_left style_default color_primary align_left\"><div class=\"w-iconbox-icon\" style=\"font-size:2rem;\"><i class=\"fas fa-angle-right\"><\/i><\/div><div class=\"w-iconbox-meta\"><p class=\"w-iconbox-title\"><b>U\u00e7tan uca \u015fifreleme<\/b><\/p><div class=\"w-iconbox-text\"><p>M\u00fc\u015fteri verileriniz ve gelir verileriniz sistemimiz ile korunmaktad\u0131r.<\/p>\n<\/div><\/div><\/div><div class=\"w-separator size_custom\" style=\"height:1rem\"><\/div><div class=\"w-iconbox iconpos_left style_default color_primary align_left\"><div class=\"w-iconbox-icon\" style=\"font-size:2rem;\"><i class=\"fas fa-angle-right\"><\/i><\/div><div class=\"w-iconbox-meta\"><p class=\"w-iconbox-title\"><b>Kesintisiz ba\u011flant\u0131<\/b><\/p><div class=\"w-iconbox-text\"><p>Hizmette herhangi bir kesinti olmas\u0131 durumunda Wi-fi ve mobil veri aras\u0131nda ge\u00e7i\u015f yapabilir, m\u00fc\u015fterilerinize her zaman hizmet verebilirsiniz.<\/p>\n<\/div><\/div><\/div><\/div><\/div><div class=\"wpb_column vc_column_container\"><div class=\"vc_column-inner\"><div class=\"w-pricing style_cards items_1\"><div class=\"w-pricing-item type_featured\"><div class=\"w-pricing-item-h\"><div class=\"w-pricing-item-header\"><div class=\"w-pricing-item-title\">Dojo<\/div><div class=\"w-pricing-item-price\"><small>\u00dccretsiz<\/small><\/div><\/div><ul class=\"w-pricing-item-features\"><li class=\"w-pricing-item-feature\">\u00c7ok uygun komisyon oranlar\u0131 ile hemen kredi kart\u0131 \u00f6demesi al\u0131n<\/li><li class=\"w-pricing-item-feature\">24 saatte POS cihaz\u0131n\u0131z elinizde<\/li><li class=\"w-pricing-item-feature\">H\u0131zl\u0131 ve kolay kurulum<\/li><li class=\"w-pricing-item-feature\">Kullan\u0131c\u0131 dostu aray\u00fcz<\/li><\/ul><div class=\"w-pricing-item-footer\"><a class=\"w-btn us-btn-style_28\" style=\"font-size:15px\" target=\"_blank\" rel=\"nofollow\" href=\"https:\/\/cp.sambapos.com\/market\"><span class=\"w-btn-label\">Sat\u0131n Al<\/span><\/a><\/div><\/div><\/div><\/div><\/div><\/div><\/div><\/div><\/div><\/div><\/div><\/section><section class=\"l-section wpb_row us_custom_3b745cf9 height_auto\"><div class=\"l-section-h i-cf\"><div class=\"g-cols vc_row via_grid cols_1 laptops-cols_inherit tablets-cols_inherit mobiles-cols_1 valign_top type_default stacking_default\"><div class=\"wpb_column vc_column_container\"><div class=\"vc_column-inner\"><div class=\"w-separator size_custom\" style=\"height:75px\"><\/div><div class=\"wpb_text_column\"><div class=\"wpb_wrapper\"><h3 style=\"text-align: center;\"><strong>Neden SambaPOS Dojo Entegrasyonu?<\/strong><\/h3>\n<\/div><\/div><div class=\"w-separator size_custom\" style=\"height:3rem\"><\/div><div class=\"g-cols wpb_row via_grid cols_4 laptops-cols_inherit tablets-cols_inherit mobiles-cols_1 valign_top type_default stacking_default\" style=\"--columns-gap:3rem;\"><div class=\"wpb_column vc_column_container us_custom_6b8248eb\"><div class=\"vc_column-inner\"><div class=\"w-iconbox iconpos_left style_default color_primary align_left\"><div class=\"w-iconbox-icon\" style=\"font-size:2rem;\"><i class=\"fas fa-angle-right\"><\/i><\/div><div class=\"w-iconbox-meta\"><h4 class=\"w-iconbox-title\"><b>M\u00fc\u015fterilerinizi Memnun Edin<\/b><\/h4><div class=\"w-iconbox-text\"><p>H\u0131zl\u0131 i\u015flemler ile m\u00fc\u015fterilerinize daha h\u0131zl\u0131 ve daha iyi hizmet verebilirsiniz.<\/p>\n<\/div><\/div><\/div><\/div><\/div><div class=\"wpb_column vc_column_container us_custom_6b8248eb\"><div class=\"vc_column-inner\"><div class=\"w-iconbox iconpos_left style_default color_primary align_left\"><div class=\"w-iconbox-icon\" style=\"font-size:2rem;\"><i class=\"fas fa-angle-right\"><\/i><\/div><div class=\"w-iconbox-meta\"><h4 class=\"w-iconbox-title\"><b>\u00d6demenizi An\u0131nda Al\u0131n<\/b><\/h4><div class=\"w-iconbox-text\"><p>Kazan\u00e7lar\u0131n\u0131z sistematik olarak ve zaman\u0131nda hesab\u0131n\u0131za g\u00f6nderilir.<\/p>\n<\/div><\/div><\/div><\/div><\/div><div class=\"wpb_column vc_column_container us_custom_6b8248eb\"><div class=\"vc_column-inner\"><div class=\"w-iconbox iconpos_left style_default color_primary align_left\"><div class=\"w-iconbox-icon\" style=\"font-size:2rem;\"><i class=\"fas fa-angle-right\"><\/i><\/div><div class=\"w-iconbox-meta\"><h4 class=\"w-iconbox-title\"><b>Veri Raporlar\u0131 ile Stratejiler Geli\u015ftirin<\/b><\/h4><div class=\"w-iconbox-text\"><p>SambaPOS, verileri analiz edebilmeniz i\u00e7in Dojo&#8217;dan yap\u0131lan sat\u0131\u015flarla ilgili raporlar sa\u011flar.<\/p>\n<\/div><\/div><\/div><\/div><\/div><div class=\"wpb_column vc_column_container us_custom_6b8248eb\"><div class=\"vc_column-inner\"><div class=\"w-iconbox iconpos_left style_default color_primary align_left\"><div class=\"w-iconbox-icon\" style=\"font-size:2rem;\"><i class=\"fas fa-angle-right\"><\/i><\/div><div class=\"w-iconbox-meta\"><h4 class=\"w-iconbox-title\"><b>\u0130\u015flemlerinizi Tek Bir Yerden Kontrol Edin<\/b><\/h4><div class=\"w-iconbox-text\"><p>T\u00fcm \u00f6deme ve adisyon bilgilerine tek bir ekrandan eri\u015fin.<\/p>\n<\/div><\/div><\/div><\/div><\/div><\/div><\/div><\/div><\/div><\/div><\/section><section class=\"l-section wpb_row us_custom_3b745cf9 height_auto\"><div class=\"l-section-h i-cf\"><div class=\"g-cols vc_row via_grid cols_1 laptops-cols_inherit tablets-cols_inherit mobiles-cols_1 valign_top type_default stacking_default\"><div class=\"wpb_column vc_column_container\"><div class=\"vc_column-inner\"><div class=\"w-separator size_custom\" style=\"height:75px\"><\/div><div class=\"g-cols wpb_row via_grid cols_2 laptops-cols_inherit tablets-cols_inherit mobiles-cols_1 valign_middle type_default stacking_default\" style=\"--columns-gap:calc(3rem + 30px);\"><div class=\"wpb_column vc_column_container\"><div class=\"vc_column-inner\"><div class=\"w-image align_center\"><div class=\"w-image-h\"><img decoding=\"async\" width=\"1024\" height=\"615\" src=\"https:\/\/sambapos.com\/wp-content\/uploads\/sambapos-products-copy-1024x615.png\" class=\"attachment-large size-large\" alt=\"SambaPOS Products\" loading=\"lazy\" srcset=\"https:\/\/sambapos.com\/wp-content\/uploads\/sambapos-products-copy-1024x615.png 1024w, https:\/\/sambapos.com\/wp-content\/uploads\/sambapos-products-copy-300x180.png 300w, https:\/\/sambapos.com\/wp-content\/uploads\/sambapos-products-copy-600x360.png 600w, https:\/\/sambapos.com\/wp-content\/uploads\/sambapos-products-copy-100x60.png 100w, https:\/\/sambapos.com\/wp-content\/uploads\/sambapos-products-copy-150x90.png 150w, https:\/\/sambapos.com\/wp-content\/uploads\/sambapos-products-copy-120x72.png 120w, https:\/\/sambapos.com\/wp-content\/uploads\/sambapos-products-copy-200x120.png 200w, https:\/\/sambapos.com\/wp-content\/uploads\/sambapos-products-copy-73x44.png 73w, https:\/\/sambapos.com\/wp-content\/uploads\/sambapos-products-copy-50x30.png 50w, https:\/\/sambapos.com\/wp-content\/uploads\/sambapos-products-copy-60x36.png 60w, https:\/\/sambapos.com\/wp-content\/uploads\/sambapos-products-copy-400x240.png 400w, https:\/\/sambapos.com\/wp-content\/uploads\/sambapos-products-copy.png 1333w\" sizes=\"auto, (max-width: 1024px) 100vw, 1024px\" \/><\/div><\/div><\/div><\/div><div class=\"wpb_column vc_column_container\"><div class=\"vc_column-inner\"><div class=\"wpb_text_column\"><div class=\"wpb_wrapper\"><div class=\"icerik\">\n<div id=\"articleContentDiv_FDbL5BmADgayIsi4oyuMRmRU9G9Dl4\" class=\"icerik_text\" data-entity=\"detailEntity_kUryFvRvm00KILlhf9ySj4dGouBQma\" data-field=\"ContentArticle\" data-auto-hide=\"true\">\n<div class=\"publisherHtmlBeautify\" data-entity=\"detailEntity_kUryFvRvm00KILlhf9ySj4dGouBQma\" data-field=\"ContentArticle\" data-display=\"html\">\n<div class=\"icerik\">\n<div id=\"articleContentDiv_FDbL5BmADgayIsi4oyuMRmRU9G9Dl4\" class=\"icerik_text\" data-entity=\"detailEntity_kUryFvRvm00KILlhf9ySj4dGouBQma\" data-field=\"ContentArticle\" data-auto-hide=\"true\">\n<div class=\"publisherHtmlBeautify\" data-entity=\"detailEntity_kUryFvRvm00KILlhf9ySj4dGouBQma\" data-field=\"ContentArticle\" data-display=\"html\">\n<h3>\u00d6deme Y\u00f6nteminizi SambaPOS Dojo Entegrasyonu ile G\u00fc\u00e7lendirin<\/h3>\n<\/div>\n<\/div>\n<\/div>\n<div class=\"icerik\">\n<div class=\"icerik_text\">\n<div class=\"icerik_like_ban\">\n<p>Otomatik bir \u00f6deme y\u00f6ntemine sahip olmaya haz\u0131r m\u0131s\u0131n\u0131z? SambaPOS <a href=\"https:\/\/cp.sambapos.com\/market\"><strong>lisans\u0131 sat\u0131n almak<\/strong><\/a> veya bayi olmak i\u00e7in <a href=\"https:\/\/sambapos.com\/tr\/yetkili-bayi-basvurusu\/\"><strong>buraya t\u0131klay\u0131n.<\/strong><\/a><\/p>\n<\/div>\n<\/div>\n<\/div>\n<\/div>\n<\/div>\n<\/div>\n<\/div><\/div><\/div><\/div><\/div><div class=\"w-separator size_custom\" style=\"height:75px\"><\/div><\/div><\/div><\/div><\/div><\/section>\n","protected":false},"excerpt":{"rendered":"Dojo, Dojo entegrasyonu Dojo Dojo ile Daha Kolay \u00d6deme! SambaPOS, size kolayl\u0131k sa\u011flamak i\u00e7in SambaPOS Dojo entegrasyonunu geli\u015ftirdi. Dojo\u2019nuzu SambaPOS ile entegre ederek markan\u0131za ve i\u015fletmenize g\u00f6re yap\u0131land\u0131r\u0131labilen tek bir ekranda t\u00fcm i\u015flemlere eri\u015febilirsiniz. Dojo Dojo ile Daha Kolay \u00d6deme! SambaPOS, size kolayl\u0131k sa\u011flamak i\u00e7in SambaPOS Dojo entegrasyonunu geli\u015ftirdi. Dojo\u2019nuzu SambaPOS ile entegre ederek markan\u0131za...","protected":false},"author":1,"featured_media":0,"parent":0,"menu_order":0,"comment_status":"closed","ping_status":"closed","template":"","meta":{"footnotes":""},"class_list":["post-13136","page","type-page","status-publish","hentry"],"_links":{"self":[{"href":"https:\/\/sambapos.com\/tr\/wp-json\/wp\/v2\/pages\/13136","targetHints":{"allow":["GET"]}}],"collection":[{"href":"https:\/\/sambapos.com\/tr\/wp-json\/wp\/v2\/pages"}],"about":[{"href":"https:\/\/sambapos.com\/tr\/wp-json\/wp\/v2\/types\/page"}],"author":[{"embeddable":true,"href":"https:\/\/sambapos.com\/tr\/wp-json\/wp\/v2\/users\/1"}],"replies":[{"embeddable":true,"href":"https:\/\/sambapos.com\/tr\/wp-json\/wp\/v2\/comments?post=13136"}],"version-history":[{"count":11,"href":"https:\/\/sambapos.com\/tr\/wp-json\/wp\/v2\/pages\/13136\/revisions"}],"predecessor-version":[{"id":15875,"href":"https:\/\/sambapos.com\/tr\/wp-json\/wp\/v2\/pages\/13136\/revisions\/15875"}],"wp:attachment":[{"href":"https:\/\/sambapos.com\/tr\/wp-json\/wp\/v2\/media?parent=13136"}],"curies":[{"name":"wp","href":"https:\/\/api.w.org\/{rel}","templated":true}]}}