{"id":13131,"date":"2022-01-13T08:59:17","date_gmt":"2022-01-13T08:59:17","guid":{"rendered":"https:\/\/sambapos.com\/7shifts\/"},"modified":"2023-10-10T11:37:08","modified_gmt":"2023-10-10T11:37:08","slug":"sambapos-7shifts-entegrasyonu","status":"publish","type":"page","link":"https:\/\/sambapos.com\/tr\/sambapos-7shifts-entegrasyonu\/","title":{"rendered":"7shifts Entegrasyonu"},"content":{"rendered":"<section class=\"l-section wpb_row us_custom_97039e2e hide_on_tablets hide_on_mobiles height_huge\"><div class=\"l-section-h i-cf\"><div class=\"g-cols vc_row via_grid cols_1 laptops-cols_inherit tablets-cols_inherit mobiles-cols_1 valign_top type_default stacking_default\" style=\"--columns-gap:30rem;\"><div class=\"wpb_column vc_column_container\"><div class=\"vc_column-inner\"><div class=\"g-cols wpb_row via_grid cols_2 laptops-cols_inherit tablets-cols_inherit mobiles-cols_1 valign_middle type_default stacking_default\" style=\"--columns-gap:calc(3rem + 30px);\"><div class=\"wpb_column vc_column_container us_custom_862028bc\"><div class=\"vc_column-inner\"><div class=\"wpb_text_column us_custom_17629c1a has_text_color hide_on_default hide_on_laptops hide_on_tablets hide_on_mobiles\"><div class=\"wpb_wrapper\"><p>7shifts Entegrasyonu, personel bordro takibi, personel giri\u015f \u00e7\u0131k\u0131\u015f takibi, payroll ve shift takibi<\/p>\n<\/div><\/div><div class=\"wpb_text_column\"><div class=\"wpb_wrapper\"><h1>SambaPOS 7shifts Entegrasyonu<\/h1>\n<\/div><\/div><div class=\"w-separator size_custom\" style=\"height:25px\"><\/div><div class=\"wpb_text_column us_custom_1e0e9307\"><div class=\"wpb_wrapper\"><p><strong>\u00c7al\u0131\u015fanlar\u0131n\u0131z\u0131 ve i\u015fletmenizdeki i\u015fleyi\u015fi ayn\u0131 anda kontrol etmek zor olabilir.\u00a0<\/strong><\/p>\n<\/div><\/div><div class=\"w-separator size_custom\" style=\"height:25px\"><\/div><div class=\"wpb_text_column\"><div class=\"wpb_wrapper\"><p>SambaPOS 7shifts entegrasyonu size ekip y\u00f6netimi i\u00e7in en iyi \u00e7\u00f6z\u00fcm\u00fc sunar!<\/p>\n<\/div><\/div><\/div><\/div><div class=\"wpb_column vc_column_container\"><div class=\"vc_column-inner\"><\/div><\/div><\/div><div class=\"w-separator size_custom\" style=\"height:150px\"><\/div><\/div><\/div><\/div><\/div><\/section><section class=\"l-section wpb_row hide_on_default hide_on_laptops height_large\"><div class=\"l-section-h i-cf\"><div class=\"g-cols vc_row via_grid cols_1 laptops-cols_inherit tablets-cols_inherit mobiles-cols_1 valign_top type_default stacking_default\" style=\"--columns-gap:30rem;\"><div class=\"wpb_column vc_column_container\"><div class=\"vc_column-inner\"><div class=\"g-cols wpb_row via_grid cols_1 laptops-cols_inherit tablets-cols_inherit mobiles-cols_1 valign_middle type_default stacking_default\" style=\"--columns-gap:calc(3rem + 30px);\"><div class=\"wpb_column vc_column_container\"><div class=\"vc_column-inner\"><div class=\"w-separator size_custom\" style=\"height:75px\"><\/div><div class=\"wpb_text_column\"><div class=\"wpb_wrapper\"><h1>SambaPOS 7shifts Entegrasyonu<\/h1>\n<\/div><\/div><div class=\"w-separator size_custom\" style=\"height:25px\"><\/div><div class=\"wpb_text_column us_custom_1e0e9307\"><div class=\"wpb_wrapper\"><p><strong>\u00c7al\u0131\u015fanlar\u0131n\u0131z\u0131 ve i\u015fletmenizdeki i\u015fleyi\u015fi ayn\u0131 anda kontrol etmek zor olabilir.\u00a0<\/strong><\/p>\n<\/div><\/div><div class=\"w-separator size_custom\" style=\"height:25px\"><\/div><div class=\"wpb_text_column\"><div class=\"wpb_wrapper\"><p>SambaPOS 7shifts entegrasyonu size ekip y\u00f6netimi i\u00e7in en iyi \u00e7\u00f6z\u00fcm\u00fc sunar!<\/p>\n<\/div><\/div><\/div><\/div><\/div><\/div><\/div><\/div><\/div><\/section><section class=\"l-section wpb_row us_custom_3b745cf9 height_auto\"><div class=\"l-section-h i-cf\"><div class=\"g-cols vc_row via_grid cols_2 laptops-cols_inherit tablets-cols_inherit mobiles-cols_1 valign_middle type_default stacking_default\" style=\"--columns-gap:5rem;\"><div class=\"wpb_column vc_column_container\"><div class=\"vc_column-inner\"><div class=\"wpb_text_column\"><div class=\"wpb_wrapper\"><h2>7shifts Entegrasyonu ile \u00c7al\u0131\u015fanlar\u0131n\u0131z\u0131n \u00c7al\u0131\u015fma Saatlerini Planlay\u0131n<\/h2>\n<p>\u0130\u015fletmenizi en iyi \u015fekilde y\u00f6netmek i\u00e7in en iyi ekip planlama sistemine sahip olman\u0131z gerekir. SambaPOS 7Shifts, \u00e7al\u0131\u015fanlar\u0131n\u0131z\u0131n \u00e7al\u0131\u015fma saatlerini planlamak ve y\u00f6netmek i\u00e7in size en iyi arac\u0131 sunar. \u00c7al\u0131\u015fma saatlerini, izin g\u00fcnlerini, fazla mesaileri ve \u00e7ok daha fazlas\u0131n\u0131 y\u00f6netmek i\u00e7in ekibinizin program\u0131n\u0131 \u015fablonlarla \u00f6zelle\u015ftirebilirsiniz.<\/p>\n<\/div><\/div><\/div><\/div><div class=\"wpb_column vc_column_container\"><div class=\"vc_column-inner\"><div class=\"g-cols wpb_row via_grid cols_1 laptops-cols_inherit tablets-cols_inherit mobiles-cols_1 valign_middle type_default stacking_default\" style=\"--columns-gap:calc(3rem + 30px);\"><div class=\"wpb_column vc_column_container\"><div class=\"vc_column-inner\"><div class=\"w-pricing style_cards items_1\"><div class=\"w-pricing-item type_featured\"><div class=\"w-pricing-item-h\"><div class=\"w-pricing-item-header\"><div class=\"w-pricing-item-title\">7 Shifts Entegrasyonu <\/div><div class=\"w-pricing-item-price\">99$<small>Y\u0131ll\u0131k<\/small><\/div><\/div><ul class=\"w-pricing-item-features\"><li class=\"w-pricing-item-feature\">Ekibinizi verimli bir \u015fekilde y\u00f6netin<\/li><li class=\"w-pricing-item-feature\">Bordro s\u00fcrecini y\u00f6netin<\/li><li class=\"w-pricing-item-feature\">\u0130\u015fbirli\u011fini te\u015fvik edin<\/li><li class=\"w-pricing-item-feature\">-<\/li><li class=\"w-pricing-item-feature\">SambaPOS V5 Lisans\u0131 gerektirir<\/li><\/ul><div class=\"w-pricing-item-footer\"><a class=\"w-btn us-btn-style_28\" style=\"font-size:15px\" title=\"SambaPOS 7shifts Integrations Form\" href=\"https:\/\/sambapos.com\/sambapos-7shifts-integrations-form\/\"><span class=\"w-btn-label\">Fiyat Teklifi Al\u0131n<\/span><\/a><\/div><\/div><\/div><\/div><\/div><\/div><\/div><\/div><\/div><\/div><\/div><\/section><section class=\"l-section wpb_row height_auto\"><div class=\"l-section-h i-cf\"><div class=\"g-cols vc_row via_grid cols_1 laptops-cols_inherit tablets-cols_inherit mobiles-cols_1 valign_top type_default stacking_default\"><div class=\"wpb_column vc_column_container\"><div class=\"vc_column-inner\"><div class=\"w-separator size_custom\" style=\"height:75px\"><\/div><\/div><\/div><\/div><\/div><\/section><section class=\"l-section wpb_row us_custom_3b745cf9 height_auto\"><div class=\"l-section-h i-cf\"><div class=\"g-cols vc_row via_grid cols_1 laptops-cols_inherit tablets-cols_inherit mobiles-cols_1 valign_top type_default stacking_default\"><div class=\"wpb_column vc_column_container\"><div class=\"vc_column-inner\"><div class=\"g-cols wpb_row via_grid cols_2 laptops-cols_inherit tablets-cols_inherit mobiles-cols_1 valign_top type_default stacking_default\" style=\"--columns-gap:3rem;\"><div class=\"wpb_column vc_column_container us_custom_6b8248eb\"><div class=\"vc_column-inner\"><div class=\"wpb_text_column\"><div class=\"wpb_wrapper\"><h3 class=\"w-iconbox-title MSI_show_element\"><b>Giri\u015f ve \u00c7\u0131k\u0131\u015f Saatleri<\/b><\/h3>\n<div class=\"w-iconbox-text\">\n<p>SambaPOS 7Shifts ile \u00e7al\u0131\u015fanlar\u0131n\u0131z \u00e7al\u0131\u015fma saatlerini izleyebilir ve zaman \u00e7izelgelerini d\u00fczenleyebilirsiniz. Hatta herhangi bir saat de\u011fi\u015fikli\u011fini de \u00e7al\u0131\u015fanlar\u0131n\u0131za sorunsuz bir \u015fekilde iletebilirsiniz.<\/p>\n<\/div>\n<\/div><\/div><\/div><\/div><div class=\"wpb_column vc_column_container us_custom_6b8248eb\"><div class=\"vc_column-inner\"><div class=\"wpb_text_column\"><div class=\"wpb_wrapper\"><h3 class=\"w-iconbox-title\"><b>Verimli Ekip \u0130leti\u015fimi ve Y\u00f6netimi<\/b><\/h3>\n<div class=\"w-iconbox-text\">\n<p>7Shifts entegrasyonu, ekibinizi y\u00f6netmeniz i\u00e7in size m\u00fckemmel bir ileti\u015fim sistemi sunmas\u0131n\u0131n yan\u0131nda grup sohbetlerini, duyurular\u0131 ve \u00e7ok daha fazlas\u0131n\u0131 d\u00fczenlemenizi sa\u011flar. Ayr\u0131ca \u00e7al\u0131\u015fanlar\u0131n\u0131z\u0131n verimliliklerini ve performanslar\u0131n\u0131 izlemek i\u00e7in \u00e7al\u0131\u015fanlar\u0131n\u0131z\u0131n g\u00f6revlerini bir kontrol listesiyle y\u00f6netebilirsiniz.<\/p>\n<\/div>\n<\/div><\/div><\/div><\/div><\/div><\/div><\/div><\/div><\/div><\/section><section class=\"l-section wpb_row us_custom_3b745cf9 height_auto\"><div class=\"l-section-h i-cf\"><div class=\"g-cols vc_row via_grid cols_1 laptops-cols_inherit tablets-cols_inherit mobiles-cols_1 valign_top type_default stacking_default\"><div class=\"wpb_column vc_column_container\"><div class=\"vc_column-inner\"><div class=\"w-separator size_custom\" style=\"height:75px\"><\/div><div class=\"g-cols wpb_row via_grid cols_2 laptops-cols_inherit tablets-cols_inherit mobiles-cols_1 valign_middle type_default stacking_default\" style=\"--columns-gap:calc(3rem + 30px);\"><div class=\"wpb_column vc_column_container\"><div class=\"vc_column-inner\"><div class=\"w-image align_center\"><div class=\"w-image-h\"><img decoding=\"async\" width=\"1024\" height=\"615\" src=\"https:\/\/sambapos.com\/wp-content\/uploads\/sambapos-products-copy-1024x615.png\" class=\"attachment-large size-large\" alt=\"SambaPOS Products\" loading=\"lazy\" srcset=\"https:\/\/sambapos.com\/wp-content\/uploads\/sambapos-products-copy-1024x615.png 1024w, https:\/\/sambapos.com\/wp-content\/uploads\/sambapos-products-copy-300x180.png 300w, https:\/\/sambapos.com\/wp-content\/uploads\/sambapos-products-copy-600x360.png 600w, https:\/\/sambapos.com\/wp-content\/uploads\/sambapos-products-copy-100x60.png 100w, https:\/\/sambapos.com\/wp-content\/uploads\/sambapos-products-copy-150x90.png 150w, https:\/\/sambapos.com\/wp-content\/uploads\/sambapos-products-copy-120x72.png 120w, https:\/\/sambapos.com\/wp-content\/uploads\/sambapos-products-copy-200x120.png 200w, https:\/\/sambapos.com\/wp-content\/uploads\/sambapos-products-copy-73x44.png 73w, https:\/\/sambapos.com\/wp-content\/uploads\/sambapos-products-copy-50x30.png 50w, https:\/\/sambapos.com\/wp-content\/uploads\/sambapos-products-copy-60x36.png 60w, https:\/\/sambapos.com\/wp-content\/uploads\/sambapos-products-copy-400x240.png 400w, https:\/\/sambapos.com\/wp-content\/uploads\/sambapos-products-copy.png 1333w\" sizes=\"auto, (max-width: 1024px) 100vw, 1024px\" \/><\/div><\/div><\/div><\/div><div class=\"wpb_column vc_column_container\"><div class=\"vc_column-inner\"><div class=\"wpb_text_column\"><div class=\"wpb_wrapper\"><div class=\"icerik\">\n<div id=\"articleContentDiv_FDbL5BmADgayIsi4oyuMRmRU9G9Dl4\" class=\"icerik_text\" data-entity=\"detailEntity_kUryFvRvm00KILlhf9ySj4dGouBQma\" data-field=\"ContentArticle\" data-auto-hide=\"true\">\n<div class=\"publisherHtmlBeautify\" data-entity=\"detailEntity_kUryFvRvm00KILlhf9ySj4dGouBQma\" data-field=\"ContentArticle\" data-display=\"html\">\n<h3>7shifts Entegrasyonu ile Sorunsuz Bordro Kontrol\u00fc<\/h3>\n<p>SambaPOS 7Shifts entegrasyonu ile \u00e7al\u0131\u015fma saatlerini kontrol ederek eksiksiz ve ger\u00e7ek zamanl\u0131 bordro y\u00f6netebilirsiniz.\u00a07Shifts Entegrasyonu ile t\u00fcm personel y\u00f6netimi verilerine tek bir ekrandan eri\u015febilirsiniz.<\/p>\n<p>Kar oran\u0131n\u0131z\u0131 art\u0131rmak i\u00e7in \u015fimdi SambaPOS <a href=\"https:\/\/cp.sambapos.com\/market\"><strong><u>sat\u0131n al\u0131n<\/u><\/strong><\/a> veya <a href=\"https:\/\/sambapos.com\/tr\/yetkili-bayi-basvurusu\/\"><strong><u>bayi olun!<\/u><\/strong><\/a><\/p>\n<\/div>\n<\/div>\n<\/div>\n<\/div><\/div><\/div><\/div><\/div><div class=\"w-separator size_custom\" style=\"height:75px\"><\/div><\/div><\/div><\/div><\/div><\/section>\n","protected":false},"excerpt":{"rendered":"7shifts Entegrasyonu, personel bordro takibi, personel giri\u015f \u00e7\u0131k\u0131\u015f takibi, payroll ve shift takibi SambaPOS 7shifts Entegrasyonu \u00c7al\u0131\u015fanlar\u0131n\u0131z\u0131 ve i\u015fletmenizdeki i\u015fleyi\u015fi ayn\u0131 anda kontrol etmek zor olabilir.\u00a0 SambaPOS 7shifts entegrasyonu size ekip y\u00f6netimi i\u00e7in en iyi \u00e7\u00f6z\u00fcm\u00fc sunar! SambaPOS 7shifts Entegrasyonu \u00c7al\u0131\u015fanlar\u0131n\u0131z\u0131 ve i\u015fletmenizdeki i\u015fleyi\u015fi ayn\u0131 anda kontrol etmek zor olabilir.\u00a0 SambaPOS 7shifts entegrasyonu size ekip...","protected":false},"author":1,"featured_media":0,"parent":0,"menu_order":0,"comment_status":"closed","ping_status":"closed","template":"","meta":{"footnotes":""},"class_list":["post-13131","page","type-page","status-publish","hentry"],"_links":{"self":[{"href":"https:\/\/sambapos.com\/tr\/wp-json\/wp\/v2\/pages\/13131","targetHints":{"allow":["GET"]}}],"collection":[{"href":"https:\/\/sambapos.com\/tr\/wp-json\/wp\/v2\/pages"}],"about":[{"href":"https:\/\/sambapos.com\/tr\/wp-json\/wp\/v2\/types\/page"}],"author":[{"embeddable":true,"href":"https:\/\/sambapos.com\/tr\/wp-json\/wp\/v2\/users\/1"}],"replies":[{"embeddable":true,"href":"https:\/\/sambapos.com\/tr\/wp-json\/wp\/v2\/comments?post=13131"}],"version-history":[{"count":15,"href":"https:\/\/sambapos.com\/tr\/wp-json\/wp\/v2\/pages\/13131\/revisions"}],"predecessor-version":[{"id":15873,"href":"https:\/\/sambapos.com\/tr\/wp-json\/wp\/v2\/pages\/13131\/revisions\/15873"}],"wp:attachment":[{"href":"https:\/\/sambapos.com\/tr\/wp-json\/wp\/v2\/media?parent=13131"}],"curies":[{"name":"wp","href":"https:\/\/api.w.org\/{rel}","templated":true}]}}