{"id":13126,"date":"2021-11-29T08:09:07","date_gmt":"2021-11-29T08:09:07","guid":{"rendered":"https:\/\/sambapos.com\/okc-for-ingenico-gmp3\/"},"modified":"2025-08-01T13:07:06","modified_gmt":"2025-08-01T13:07:06","slug":"ingenico-gmp3-entegrasyonu","status":"publish","type":"page","link":"https:\/\/sambapos.com\/tr\/ingenico-gmp3-entegrasyonu\/","title":{"rendered":"Ingenico GMP3 Entegrasyonu"},"content":{"rendered":"<section class=\"l-section wpb_row us_custom_abf3e7af hide_on_tablets hide_on_mobiles height_huge\"><div class=\"l-section-h i-cf\"><div class=\"g-cols vc_row via_grid cols_1 laptops-cols_inherit tablets-cols_inherit mobiles-cols_1 valign_top type_default stacking_default\" style=\"--columns-gap:30rem;\"><div class=\"wpb_column vc_column_container\"><div class=\"vc_column-inner\"><div class=\"g-cols wpb_row via_grid cols_2 laptops-cols_inherit tablets-cols_inherit mobiles-cols_1 valign_middle type_default stacking_default\" style=\"--columns-gap:calc(3rem + 30px);\"><div class=\"wpb_column vc_column_container us_custom_862028bc\"><div class=\"vc_column-inner\"><div class=\"wpb_text_column hide_on_default hide_on_laptops hide_on_tablets hide_on_mobiles\"><div class=\"wpb_wrapper\"><p>SambaPOS Ingenico GMP3 Entegrasyonu, kasada \u00f6deme<\/p>\n<\/div><\/div><div class=\"wpb_text_column\"><div class=\"wpb_wrapper\"><h1>Ingenico GMP3 Entegrasyonu<\/h1>\n<\/div><\/div><div class=\"w-separator size_custom\" style=\"height:25px\"><\/div><div class=\"wpb_text_column us_custom_1e0e9307\"><div class=\"wpb_wrapper\"><div><span lang=\"TR\"><strong>Fast food tarz\u0131 restoran\u0131n\u0131z i\u00e7in daha h\u0131zl\u0131 \u00f6deme mi alman\u0131z gerekiyor?<\/strong> <\/span><\/div>\n<\/div><\/div><div class=\"w-separator size_custom\" style=\"height:25px\"><\/div><div class=\"wpb_text_column\"><div class=\"wpb_wrapper\"><div><span lang=\"TR\">Ingenico GMP3 entegrasyonu kullanarak kasada \u00f6deme ile daha h\u0131zl\u0131 ve g\u00fcvenli \u00f6deme alabilirsiniz.<\/span><\/div>\n<\/div><\/div><div class=\"w-separator size_custom\" style=\"height:25px\"><\/div><\/div><\/div><div class=\"wpb_column vc_column_container\"><div class=\"vc_column-inner\"><\/div><\/div><\/div><\/div><\/div><\/div><\/div><\/section><section class=\"l-section wpb_row hide_on_default hide_on_laptops height_large\"><div class=\"l-section-h i-cf\"><div class=\"g-cols vc_row via_grid cols_1 laptops-cols_inherit tablets-cols_inherit mobiles-cols_1 valign_top type_default stacking_default\" style=\"--columns-gap:30rem;\"><div class=\"wpb_column vc_column_container\"><div class=\"vc_column-inner\"><div class=\"g-cols wpb_row via_grid cols_1 laptops-cols_inherit tablets-cols_inherit mobiles-cols_1 valign_middle type_default stacking_default\" style=\"--columns-gap:calc(3rem + 30px);\"><div class=\"wpb_column vc_column_container\"><div class=\"vc_column-inner\"><div class=\"w-separator size_custom\" style=\"height:75px\"><\/div><div class=\"wpb_text_column\"><div class=\"wpb_wrapper\"><h1>Ingenico GMP3 Entegrasyonu<\/h1>\n<\/div><\/div><div class=\"w-separator size_custom\" style=\"height:25px\"><\/div><div class=\"wpb_text_column us_custom_1e0e9307\"><div class=\"wpb_wrapper\"><div><span lang=\"TR\"><strong>Fast food tarz\u0131 restoran\u0131n\u0131z i\u00e7in daha h\u0131zl\u0131 \u00f6deme mi alman\u0131z gerekiyor?<\/strong> <\/span><\/div>\n<\/div><\/div><div class=\"w-separator size_custom\" style=\"height:25px\"><\/div><div class=\"wpb_text_column\"><div class=\"wpb_wrapper\"><div><span lang=\"TR\">Ingenico GMP3 entegrasyonu kullanarak kasada \u00f6deme ile daha h\u0131zl\u0131 ve g\u00fcvenli \u00f6deme alabilirsiniz.<\/span><\/div>\n<\/div><\/div><\/div><\/div><\/div><\/div><\/div><\/div><\/div><\/section><section class=\"l-section wpb_row height_auto\"><div class=\"l-section-h i-cf\"><div class=\"g-cols vc_row via_grid cols_1 laptops-cols_inherit tablets-cols_inherit mobiles-cols_1 valign_top type_default stacking_default\"><div class=\"wpb_column vc_column_container\"><div class=\"vc_column-inner\"><div class=\"w-separator hide_on_tablets hide_on_mobiles size_custom\" style=\"height:75px\"><\/div><\/div><\/div><\/div><\/div><\/section><section class=\"l-section wpb_row us_custom_3b745cf9 height_auto\"><div class=\"l-section-h i-cf\"><div class=\"g-cols vc_row via_grid cols_2 laptops-cols_inherit tablets-cols_inherit mobiles-cols_1 valign_middle type_default stacking_default\" style=\"--columns-gap:5rem;\"><div class=\"wpb_column vc_column_container\"><div class=\"vc_column-inner\"><div class=\"wpb_text_column\"><div class=\"wpb_wrapper\"><h2>Sorunsuz Kablolu \u00d6deme S\u00fcreci<\/h2>\n<p>M\u00fc\u015fterilerinizin \u00f6deme yapmas\u0131 uzun mu s\u00fcr\u00fcyor veya \u00f6deme yapmalar\u0131 i\u00e7in kuyrukta uzun s\u00fcre beklemeleri mi gerekiyor? Ingenico GMP3 entegrasyonu ile kasada \u00f6demeleri kolayca y\u00f6netebilirsiniz. Hem nakit hem de kredi kart\u0131 ile adisyonlar\u0131n\u0131z i\u00e7in \u00f6deme alabilirsiniz. SambaPOS size hatas\u0131z ve sistematik bir \u00f6deme sistemi sunar.<\/p>\n<\/div><\/div><\/div><\/div><div class=\"wpb_column vc_column_container\"><div class=\"vc_column-inner\"><div class=\"g-cols wpb_row via_grid cols_1 laptops-cols_inherit tablets-cols_inherit mobiles-cols_1 valign_middle type_default stacking_default\" style=\"--columns-gap:calc(3rem + 30px);\"><div class=\"wpb_column vc_column_container\"><div class=\"vc_column-inner\"><div class=\"w-pricing style_cards items_1\"><div class=\"w-pricing-item type_featured\"><div class=\"w-pricing-item-h\"><div class=\"w-pricing-item-header\"><div class=\"w-pricing-item-title\">Ingenico GMP3 Entegrasyonu <\/div><div class=\"w-pricing-item-price\">$165 +KDV<small>Y\u0131ll\u0131k<\/small><\/div><\/div><ul class=\"w-pricing-item-features\"><li class=\"w-pricing-item-feature\">Kasada \u00f6deme al\u0131n<\/li><li class=\"w-pricing-item-feature\">Geli\u015fmi\u015f raporlardan yararlan\u0131n<\/li><li class=\"w-pricing-item-feature\">G\u00fcvenli ve h\u0131zl\u0131 \u00f6deme al\u0131n.<\/li><li class=\"w-pricing-item-feature\">-<\/li><li class=\"w-pricing-item-feature\">SambaPOS V5 Pro Lisans\u0131 gerektirir.<\/li><\/ul><div class=\"w-pricing-item-footer\"><a class=\"w-btn us-btn-style_28\" style=\"font-size:15px\" target=\"_blank\" rel=\"nofollow\" href=\"https:\/\/cp.sambapos.com\/market\"><span class=\"w-btn-label\">\u015eimdi Sat\u0131n Al\u0131n<\/span><\/a><\/div><\/div><\/div><\/div><\/div><\/div><\/div><\/div><\/div><\/div><\/div><\/section><section class=\"l-section wpb_row us_custom_3b745cf9 height_auto\"><div class=\"l-section-h i-cf\"><div class=\"g-cols vc_row via_grid cols_1 laptops-cols_inherit tablets-cols_inherit mobiles-cols_1 valign_top type_default stacking_default\"><div class=\"wpb_column vc_column_container\"><div class=\"vc_column-inner\"><div class=\"w-separator size_custom\" style=\"height:75px\"><\/div><div class=\"g-cols wpb_row via_grid cols_2 laptops-cols_inherit tablets-cols_inherit mobiles-cols_1 valign_middle type_default stacking_default\" style=\"--columns-gap:calc(3rem + 30px);\"><div class=\"wpb_column vc_column_container\"><div class=\"vc_column-inner\"><div class=\"w-image align_center\"><div class=\"w-image-h\"><img decoding=\"async\" width=\"1024\" height=\"615\" src=\"https:\/\/sambapos.com\/wp-content\/uploads\/sambapos-products-copy-1024x615.png\" class=\"attachment-large size-large\" alt=\"SambaPOS Products\" loading=\"lazy\" srcset=\"https:\/\/sambapos.com\/wp-content\/uploads\/sambapos-products-copy-1024x615.png 1024w, https:\/\/sambapos.com\/wp-content\/uploads\/sambapos-products-copy-300x180.png 300w, https:\/\/sambapos.com\/wp-content\/uploads\/sambapos-products-copy-600x360.png 600w, https:\/\/sambapos.com\/wp-content\/uploads\/sambapos-products-copy-100x60.png 100w, https:\/\/sambapos.com\/wp-content\/uploads\/sambapos-products-copy-150x90.png 150w, https:\/\/sambapos.com\/wp-content\/uploads\/sambapos-products-copy-120x72.png 120w, https:\/\/sambapos.com\/wp-content\/uploads\/sambapos-products-copy-200x120.png 200w, https:\/\/sambapos.com\/wp-content\/uploads\/sambapos-products-copy-73x44.png 73w, https:\/\/sambapos.com\/wp-content\/uploads\/sambapos-products-copy-50x30.png 50w, https:\/\/sambapos.com\/wp-content\/uploads\/sambapos-products-copy-60x36.png 60w, https:\/\/sambapos.com\/wp-content\/uploads\/sambapos-products-copy-400x240.png 400w, https:\/\/sambapos.com\/wp-content\/uploads\/sambapos-products-copy.png 1333w\" sizes=\"auto, (max-width: 1024px) 100vw, 1024px\" \/><\/div><\/div><\/div><\/div><div class=\"wpb_column vc_column_container\"><div class=\"vc_column-inner\"><div class=\"wpb_text_column\"><div class=\"wpb_wrapper\"><h3>Ingenico GMP3 Entegrasyonu \u00d6zellikleri<\/h3>\n<p>\u0130\u015fletmenizde Ingenico GMP3 entegrasyonu ile herhangi bir s\u0131n\u0131rlama olmaks\u0131z\u0131n, yasal gereklilikler do\u011frultusunda sorunsuz \u00f6deme alabilirsiniz. M\u00fc\u015fterileriniz istedikleri \u00f6deme y\u00f6ntemini kullanabilir, k\u0131smi veya toplu i\u015flem yapabilir. Adisyonlar\u0131n\u0131z\u0131 sistematik bir bi\u00e7imde numaraland\u0131rabilir, adisyonlar\u0131n\u0131z\u0131n t\u00fcm ayr\u0131nt\u0131lar\u0131n\u0131 g\u00f6r\u00fcnt\u00fcleyebilirsiniz.<\/p>\n<p>Ingenico GMP3 entegrasyonu ile sat\u0131\u015flar\u0131n\u0131z\u0131 art\u0131rmak i\u00e7in \u015fimdi <strong><u>sat\u0131n al\u0131n<\/u><\/strong> veya <a href=\"https:\/\/sambapos.com\/tr\/yetkili-bayi-basvurusu\/\"><strong><u>bayi olun.<\/u><\/strong><\/a><\/p>\n<\/div><\/div><\/div><\/div><\/div><div class=\"w-separator size_custom\" style=\"height:75px\"><\/div><\/div><\/div><\/div><\/div><\/section>\n","protected":false},"excerpt":{"rendered":"SambaPOS Ingenico GMP3 Entegrasyonu, kasada \u00f6deme Ingenico GMP3 Entegrasyonu Fast food tarz\u0131 restoran\u0131n\u0131z i\u00e7in daha h\u0131zl\u0131 \u00f6deme mi alman\u0131z gerekiyor? Ingenico GMP3 entegrasyonu kullanarak kasada \u00f6deme ile daha h\u0131zl\u0131 ve g\u00fcvenli \u00f6deme alabilirsiniz. Ingenico GMP3 Entegrasyonu Fast food tarz\u0131 restoran\u0131n\u0131z i\u00e7in daha h\u0131zl\u0131 \u00f6deme mi alman\u0131z gerekiyor? Ingenico GMP3 entegrasyonu kullanarak kasada \u00f6deme ile daha...","protected":false},"author":1,"featured_media":0,"parent":0,"menu_order":0,"comment_status":"closed","ping_status":"closed","template":"","meta":{"footnotes":""},"class_list":["post-13126","page","type-page","status-publish","hentry"],"_links":{"self":[{"href":"https:\/\/sambapos.com\/tr\/wp-json\/wp\/v2\/pages\/13126","targetHints":{"allow":["GET"]}}],"collection":[{"href":"https:\/\/sambapos.com\/tr\/wp-json\/wp\/v2\/pages"}],"about":[{"href":"https:\/\/sambapos.com\/tr\/wp-json\/wp\/v2\/types\/page"}],"author":[{"embeddable":true,"href":"https:\/\/sambapos.com\/tr\/wp-json\/wp\/v2\/users\/1"}],"replies":[{"embeddable":true,"href":"https:\/\/sambapos.com\/tr\/wp-json\/wp\/v2\/comments?post=13126"}],"version-history":[{"count":14,"href":"https:\/\/sambapos.com\/tr\/wp-json\/wp\/v2\/pages\/13126\/revisions"}],"predecessor-version":[{"id":17245,"href":"https:\/\/sambapos.com\/tr\/wp-json\/wp\/v2\/pages\/13126\/revisions\/17245"}],"wp:attachment":[{"href":"https:\/\/sambapos.com\/tr\/wp-json\/wp\/v2\/media?parent=13126"}],"curies":[{"name":"wp","href":"https:\/\/api.w.org\/{rel}","templated":true}]}}