{"id":13121,"date":"2021-11-29T10:43:35","date_gmt":"2021-11-29T10:43:35","guid":{"rendered":"https:\/\/sambapos.com\/global-payment\/"},"modified":"2023-10-10T11:38:57","modified_gmt":"2023-10-10T11:38:57","slug":"global-payments-entegrasyonu","status":"publish","type":"page","link":"https:\/\/sambapos.com\/tr\/global-payments-entegrasyonu\/","title":{"rendered":"Global Payments Entegrasyonu"},"content":{"rendered":"<section class=\"l-section wpb_row us_custom_6e5cec5b hide_on_tablets hide_on_mobiles height_large\"><div class=\"l-section-h i-cf\"><div class=\"g-cols vc_row via_grid cols_1 laptops-cols_inherit tablets-cols_inherit mobiles-cols_1 valign_middle type_default stacking_default\" style=\"--columns-gap:30rem;\"><div class=\"wpb_column vc_column_container\"><div class=\"vc_column-inner\"><div class=\"g-cols wpb_row via_grid cols_2 laptops-cols_inherit tablets-cols_inherit mobiles-cols_1 valign_middle type_default stacking_default\" style=\"--columns-gap:calc(3rem + 30px);\"><div class=\"wpb_column vc_column_container us_custom_862028bc\"><div class=\"vc_column-inner\"><div class=\"wpb_text_column hide_on_default hide_on_laptops hide_on_tablets hide_on_mobiles\"><div class=\"wpb_wrapper\"><p>Global Payments, \u00e7ok \u00e7e\u015fitli \u00f6deme se\u00e7enekleri<\/p>\n<\/div><\/div><div class=\"wpb_text_column\"><div class=\"wpb_wrapper\"><h1>Global Payments Entegrasyonu<\/h1>\n<\/div><\/div><div class=\"w-separator size_custom\" style=\"height:25px\"><\/div><div class=\"wpb_text_column us_custom_1e0e9307\"><div class=\"wpb_wrapper\"><p><strong>Kullan\u0131\u015fl\u0131 ve Kolay \u00f6deme i\u015flemleri <\/strong><\/p>\n<\/div><\/div><div class=\"w-separator size_custom\" style=\"height:25px\"><\/div><div class=\"wpb_text_column\"><div class=\"wpb_wrapper\"><p>M\u00fc\u015fterilerinize ne kadar \u00e7ok \u00f6deme se\u00e7ene\u011fi sunarsan\u0131z, kendilerini o kadar mutlu ve g\u00fcvende hissederler. \u00c7ok say\u0131da de\u011ferli m\u00fc\u015fteriyi kazanmak ve onlara en uygun \u00f6deme y\u00f6ntemini sunmak i\u015fletmenizin devaml\u0131l\u0131\u011f\u0131n\u0131 ve i\u015finizi bir sonraki a\u015famaya ta\u015f\u0131man\u0131za yard\u0131mc\u0131 olur. Bunu SambaPOS Global Payment Entegrasyonu ile ba\u015farabilirsiniz!<\/p>\n<p><strong>Sat\u0131\u015flar\u0131n\u0131z\u0131 H\u0131zland\u0131rmak i\u00e7in Entegrasyonu Sat\u0131n Al\u0131n<\/strong><\/p>\n<\/div><\/div><\/div><\/div><div class=\"wpb_column vc_column_container\"><div class=\"vc_column-inner\"><\/div><\/div><\/div><\/div><\/div><\/div><\/div><\/section><section class=\"l-section wpb_row hide_on_default hide_on_laptops height_large\"><div class=\"l-section-h i-cf\"><div class=\"g-cols vc_row via_grid cols_1 laptops-cols_inherit tablets-cols_inherit mobiles-cols_1 valign_middle type_default stacking_default\" style=\"--columns-gap:30rem;\"><div class=\"wpb_column vc_column_container\"><div class=\"vc_column-inner\"><div class=\"g-cols wpb_row via_grid cols_1 laptops-cols_inherit tablets-cols_inherit mobiles-cols_1 valign_middle type_default stacking_default\" style=\"--columns-gap:calc(3rem + 30px);\"><div class=\"wpb_column vc_column_container\"><div class=\"vc_column-inner\"><div class=\"w-separator size_custom\" style=\"height:75px\"><\/div><div class=\"wpb_text_column\"><div class=\"wpb_wrapper\"><h1>Global Payments Entegrasyonu<\/h1>\n<\/div><\/div><div class=\"w-separator size_custom\" style=\"height:25px\"><\/div><div class=\"wpb_text_column us_custom_1e0e9307\"><div class=\"wpb_wrapper\"><p><strong>Kullan\u0131\u015fl\u0131 ve Kolay \u00f6deme i\u015flemleri <\/strong><\/p>\n<\/div><\/div><div class=\"w-separator size_custom\" style=\"height:25px\"><\/div><div class=\"wpb_text_column\"><div class=\"wpb_wrapper\"><p>M\u00fc\u015fterilerinize ne kadar \u00e7ok \u00f6deme se\u00e7ene\u011fi sunarsan\u0131z, kendilerini o kadar mutlu ve g\u00fcvende hissederler. \u00c7ok say\u0131da de\u011ferli m\u00fc\u015fteriyi kazanmak ve onlara en uygun \u00f6deme y\u00f6ntemini sunmak i\u015fletmenizin devaml\u0131l\u0131\u011f\u0131n\u0131 ve i\u015finizi bir sonraki a\u015famaya ta\u015f\u0131man\u0131za yard\u0131mc\u0131 olur. Bunu SambaPOS Global Payment Entegrasyonu ile ba\u015farabilirsiniz!<\/p>\n<p><strong>Sat\u0131\u015flar\u0131n\u0131z\u0131 H\u0131zland\u0131rmak i\u00e7in Entegrasyonu Sat\u0131n Al\u0131n<\/strong><\/p>\n<\/div><\/div><\/div><\/div><\/div><\/div><\/div><\/div><\/div><\/section><section class=\"l-section wpb_row us_custom_3b745cf9 height_auto\"><div class=\"l-section-h i-cf\"><div class=\"g-cols vc_row via_grid cols_1 laptops-cols_inherit tablets-cols_inherit mobiles-cols_1 valign_top type_default stacking_default\"><div class=\"wpb_column vc_column_container\"><div class=\"vc_column-inner\"><div class=\"w-separator hide_on_tablets hide_on_mobiles size_custom\" style=\"height:75px\"><\/div><div class=\"g-cols wpb_row via_grid cols_2 laptops-cols_inherit tablets-cols_inherit mobiles-cols_1 valign_top type_default stacking_default\" style=\"--columns-gap:calc(3rem + 30px);\"><div class=\"wpb_column vc_column_container\"><div class=\"vc_column-inner\"><div class=\"wpb_text_column\"><div class=\"wpb_wrapper\"><h2>M\u00fc\u015fterilerinizle Ba\u011flant\u0131 Kurman\u0131za Nas\u0131l Yard\u0131mc\u0131 Olacak?<\/h2>\n<p>\u0130\u015fletmenizde SambaPOS Global Payment Entegrasyonu kullanmak, m\u00fc\u015fterilerinize \u00e7ok \u00e7e\u015fitli \u00f6deme se\u00e7enekleri sunmak onlar\u0131n restorandan g\u00fcl\u00fcmseyerek ayr\u0131lmalar\u0131n\u0131 sa\u011flar. Keyifli bir yemek deneyimi sa\u011flay\u0131n ve onlar\u0131 tekrar gelmeleri i\u00e7in te\u015fvik edin.<\/p>\n<p><strong>Global Payment Entegrasyonu Faydalar\u0131:<\/strong><\/p>\n<ul>\n<li>Kolay ve h\u0131zl\u0131 \u00f6deme \u2013 Visa, Mastercard, Amex, Interac Debit, Visa Debit, UnionPay, Google Pay, Samsung Pay ve daha fazlas\u0131!<\/li>\n<li>Daha d\u00fc\u015f\u00fck i\u015flem maliyeti ve daha az hata deneyimi<\/li>\n<li>Sadece birka\u00e7 t\u0131klamayla \u00f6deme alma<\/li>\n<li>\u00d6deme se\u00e7eneklerinin \u00e7o\u011falmas\u0131 &#8211; m\u00fc\u015fterilerin \u00e7o\u011falmas\u0131<\/li>\n<li>Her sat\u0131\u015f\u0131 takip edebilme<\/li>\n<li>K\u00e2rl\u0131 ve kullan\u0131\u015fl\u0131<\/li>\n<li>Desteklenen \u00e7oklu dillerin olmas\u0131<\/li>\n<li>Geli\u015fmi\u015f raporlama<\/li>\n<\/ul>\n<\/div><\/div><\/div><\/div><div class=\"wpb_column vc_column_container\"><div class=\"vc_column-inner\"><div class=\"w-pricing style_cards items_1\"><div class=\"w-pricing-item type_featured\"><div class=\"w-pricing-item-h\"><div class=\"w-pricing-item-header\"><div class=\"w-pricing-item-title\">Global Payment<\/div><div class=\"w-pricing-item-price\"><small>\u00dccretsiz<\/small><\/div><\/div><ul class=\"w-pricing-item-features\"><li class=\"w-pricing-item-feature\">\u00c7ok uygun komisyon oranlar\u0131 ile hemen kredi kart\u0131 \u00f6demesi al\u0131n<\/li><li class=\"w-pricing-item-feature\">24 saatte POS cihaz\u0131n\u0131z elinizde<\/li><li class=\"w-pricing-item-feature\">H\u0131zl\u0131 ve kolay kurulum<\/li><li class=\"w-pricing-item-feature\">Kullan\u0131c\u0131 dostu aray\u00fcz<\/li><\/ul><div class=\"w-pricing-item-footer\"><a class=\"w-btn us-btn-style_28\" style=\"font-size:15px\" target=\"_blank\" rel=\"nofollow\" href=\"https:\/\/cp.sambapos.com\/market\"><span class=\"w-btn-label\">Sat\u0131n Al<\/span><\/a><\/div><\/div><\/div><\/div><\/div><\/div><\/div><\/div><\/div><\/div><\/div><\/section><section class=\"l-section wpb_row us_custom_3b745cf9 height_auto\"><div class=\"l-section-h i-cf\"><div class=\"g-cols vc_row via_grid cols_1 laptops-cols_inherit tablets-cols_inherit mobiles-cols_1 valign_top type_default stacking_default\"><div class=\"wpb_column vc_column_container\"><div class=\"vc_column-inner\"><div class=\"w-separator size_custom\" style=\"height:75px\"><\/div><div class=\"g-cols wpb_row via_grid cols_2 laptops-cols_inherit tablets-cols_inherit mobiles-cols_1 valign_middle type_default stacking_default\" style=\"--columns-gap:calc(3rem + 30px);\"><div class=\"wpb_column vc_column_container\"><div class=\"vc_column-inner\"><div class=\"w-image align_center\"><div class=\"w-image-h\"><img decoding=\"async\" width=\"1024\" height=\"615\" src=\"https:\/\/sambapos.com\/wp-content\/uploads\/sambapos-products-copy-1024x615.png\" class=\"attachment-large size-large\" alt=\"SambaPOS Products\" loading=\"lazy\" srcset=\"https:\/\/sambapos.com\/wp-content\/uploads\/sambapos-products-copy-1024x615.png 1024w, https:\/\/sambapos.com\/wp-content\/uploads\/sambapos-products-copy-300x180.png 300w, https:\/\/sambapos.com\/wp-content\/uploads\/sambapos-products-copy-600x360.png 600w, https:\/\/sambapos.com\/wp-content\/uploads\/sambapos-products-copy-100x60.png 100w, https:\/\/sambapos.com\/wp-content\/uploads\/sambapos-products-copy-150x90.png 150w, https:\/\/sambapos.com\/wp-content\/uploads\/sambapos-products-copy-120x72.png 120w, https:\/\/sambapos.com\/wp-content\/uploads\/sambapos-products-copy-200x120.png 200w, https:\/\/sambapos.com\/wp-content\/uploads\/sambapos-products-copy-73x44.png 73w, https:\/\/sambapos.com\/wp-content\/uploads\/sambapos-products-copy-50x30.png 50w, https:\/\/sambapos.com\/wp-content\/uploads\/sambapos-products-copy-60x36.png 60w, https:\/\/sambapos.com\/wp-content\/uploads\/sambapos-products-copy-400x240.png 400w, https:\/\/sambapos.com\/wp-content\/uploads\/sambapos-products-copy.png 1333w\" sizes=\"auto, (max-width: 1024px) 100vw, 1024px\" \/><\/div><\/div><\/div><\/div><div class=\"wpb_column vc_column_container\"><div class=\"vc_column-inner\"><div class=\"wpb_text_column\"><div class=\"wpb_wrapper\"><h3>Global Payments Entegrasyonunun i\u015fletmeniz i\u00e7in sorunsuz \u00f6deme almas\u0131na izin verin!<\/h3>\n<p>SambaPOS V5 Pro&#8217;yu indirin, lisans\u0131 <a href=\"https:\/\/cp.sambapos.com\/market\"><strong><u>sat\u0131n al\u0131n<\/u><\/strong><\/a>, \u00f6demeleri kabul etmeye ba\u015flay\u0131n ve i\u015fletmenizin b\u00fcy\u00fcmesini g\u00f6r\u00fcn ya da<a href=\"https:\/\/sambapos.com\/tr\/yetkili-bayi-basvurusu\/\">\u00a0<strong><u>bayimiz olun!<\/u><\/strong><\/a><\/p>\n<\/div><\/div><\/div><\/div><\/div><div class=\"w-separator size_custom\" style=\"height:75px\"><\/div><\/div><\/div><\/div><\/div><\/section>\n","protected":false},"excerpt":{"rendered":"Global Payments, \u00e7ok \u00e7e\u015fitli \u00f6deme se\u00e7enekleri Global Payments Entegrasyonu Kullan\u0131\u015fl\u0131 ve Kolay \u00f6deme i\u015flemleri M\u00fc\u015fterilerinize ne kadar \u00e7ok \u00f6deme se\u00e7ene\u011fi sunarsan\u0131z, kendilerini o kadar mutlu ve g\u00fcvende hissederler. \u00c7ok say\u0131da de\u011ferli m\u00fc\u015fteriyi kazanmak ve onlara en uygun \u00f6deme y\u00f6ntemini sunmak i\u015fletmenizin devaml\u0131l\u0131\u011f\u0131n\u0131 ve i\u015finizi bir sonraki a\u015famaya ta\u015f\u0131man\u0131za yard\u0131mc\u0131 olur. Bunu SambaPOS Global Payment Entegrasyonu...","protected":false},"author":1,"featured_media":0,"parent":0,"menu_order":0,"comment_status":"closed","ping_status":"closed","template":"","meta":{"footnotes":""},"class_list":["post-13121","page","type-page","status-publish","hentry"],"_links":{"self":[{"href":"https:\/\/sambapos.com\/tr\/wp-json\/wp\/v2\/pages\/13121","targetHints":{"allow":["GET"]}}],"collection":[{"href":"https:\/\/sambapos.com\/tr\/wp-json\/wp\/v2\/pages"}],"about":[{"href":"https:\/\/sambapos.com\/tr\/wp-json\/wp\/v2\/types\/page"}],"author":[{"embeddable":true,"href":"https:\/\/sambapos.com\/tr\/wp-json\/wp\/v2\/users\/1"}],"replies":[{"embeddable":true,"href":"https:\/\/sambapos.com\/tr\/wp-json\/wp\/v2\/comments?post=13121"}],"version-history":[{"count":13,"href":"https:\/\/sambapos.com\/tr\/wp-json\/wp\/v2\/pages\/13121\/revisions"}],"predecessor-version":[{"id":15877,"href":"https:\/\/sambapos.com\/tr\/wp-json\/wp\/v2\/pages\/13121\/revisions\/15877"}],"wp:attachment":[{"href":"https:\/\/sambapos.com\/tr\/wp-json\/wp\/v2\/media?parent=13121"}],"curies":[{"name":"wp","href":"https:\/\/api.w.org\/{rel}","templated":true}]}}