{"id":13116,"date":"2022-01-13T09:20:21","date_gmt":"2022-01-13T09:20:21","guid":{"rendered":"https:\/\/sambapos.com\/regulation-tss-for-germany\/"},"modified":"2023-10-10T11:37:32","modified_gmt":"2023-10-10T11:37:32","slug":"almanya-icin-tse","status":"publish","type":"page","link":"https:\/\/sambapos.com\/tr\/almanya-icin-tse\/","title":{"rendered":"Almanya i\u00e7in TSE"},"content":{"rendered":"<section class=\"l-section wpb_row us_custom_5f13466b hide_on_tablets hide_on_mobiles height_huge\"><div class=\"l-section-h i-cf\"><div class=\"g-cols vc_row via_grid cols_1 laptops-cols_inherit tablets-cols_inherit mobiles-cols_1 valign_top type_default stacking_default\" style=\"--columns-gap:30rem;\"><div class=\"wpb_column vc_column_container\"><div class=\"vc_column-inner\"><div class=\"g-cols wpb_row via_grid cols_2 laptops-cols_inherit tablets-cols_inherit mobiles-cols_1 valign_middle type_default stacking_default\" style=\"--columns-gap:calc(3rem + 30px);\"><div class=\"wpb_column vc_column_container us_custom_862028bc\"><div class=\"vc_column-inner\"><div class=\"wpb_text_column hide_on_default hide_on_laptops hide_on_tablets hide_on_mobiles\"><div class=\"wpb_wrapper\"><p>Almanya i\u00e7in TSE yasalar\u0131na uygun yap\u0131s\u0131yla SambaPOS, Almanya\u2019da kullan\u0131lan restoran yaz\u0131l\u0131m\u0131d\u0131r. TSE Entegrasyonu, restoran faturalar\u0131n\u0131 dijitale d\u00f6n\u00fc\u015ft\u00fcr\u00fcr.<\/p>\n<\/div><\/div><div class=\"wpb_text_column\"><div class=\"wpb_wrapper\"><h1>Almanya i\u00e7in TSE<\/h1>\n<\/div><\/div><div class=\"w-separator size_custom\" style=\"height:25px\"><\/div><div class=\"wpb_text_column us_custom_1e0e9307\"><div class=\"wpb_wrapper\"><div><strong><span lang=\"TR\">Almanya\u2019da bir i\u015fletmeniz var ve Almanya&#8217;n\u0131n Teknik G\u00fcvenlik Sistemi (TSE) y\u00f6netmeliklerine uygun bir \u015fekilde mi i\u015fletmek istiyorsunuz?<\/span><\/strong><\/div>\n<\/div><\/div><div class=\"w-separator size_custom\" style=\"height:25px\"><\/div><div class=\"wpb_text_column\"><div class=\"wpb_wrapper\"><div><span lang=\"TR\">SambaPOS, TSE ile entegre edilebilir ve i\u015fletmenizi yasal d\u00fczenlemelere g\u00f6re y\u00f6netmenize yard\u0131mc\u0131 olur. <\/span><\/div>\n<\/div><\/div><\/div><\/div><div class=\"wpb_column vc_column_container\"><div class=\"vc_column-inner\"><\/div><\/div><\/div><div class=\"w-separator size_custom\" style=\"height:75px\"><\/div><\/div><\/div><\/div><\/div><\/section><section class=\"l-section wpb_row hide_on_default hide_on_laptops height_large\"><div class=\"l-section-h i-cf\"><div class=\"g-cols vc_row via_grid cols_1 laptops-cols_inherit tablets-cols_inherit mobiles-cols_1 valign_top type_default stacking_default\" style=\"--columns-gap:30rem;\"><div class=\"wpb_column vc_column_container\"><div class=\"vc_column-inner\"><div class=\"w-separator size_custom\" style=\"height:75px\"><\/div><div class=\"g-cols wpb_row via_grid cols_1 laptops-cols_inherit tablets-cols_inherit mobiles-cols_1 valign_middle type_default stacking_default\" style=\"--columns-gap:calc(3rem + 30px);\"><div class=\"wpb_column vc_column_container\"><div class=\"vc_column-inner\"><div class=\"wpb_text_column\"><div class=\"wpb_wrapper\"><h1>Almanya i\u00e7in TSE<\/h1>\n<\/div><\/div><div class=\"w-separator size_custom\" style=\"height:25px\"><\/div><div class=\"wpb_text_column us_custom_1e0e9307\"><div class=\"wpb_wrapper\"><div><strong><span lang=\"TR\">Almanya\u2019da bir i\u015fletmeniz var ve Almanya&#8217;n\u0131n Teknik G\u00fcvenlik Sistemi (TSE) y\u00f6netmeliklerine uygun bir \u015fekilde mi i\u015fletmek istiyorsunuz?<\/span><\/strong><\/div>\n<\/div><\/div><div class=\"w-separator size_custom\" style=\"height:25px\"><\/div><div class=\"wpb_text_column\"><div class=\"wpb_wrapper\"><div><span lang=\"TR\">SambaPOS, TSE ile entegre edilebilir ve i\u015fletmenizi yasal d\u00fczenlemelere g\u00f6re y\u00f6netmenize yard\u0131mc\u0131 olur. <\/span><\/div>\n<\/div><\/div><\/div><\/div><\/div><\/div><\/div><\/div><\/div><\/section><section class=\"l-section wpb_row height_auto\"><div class=\"l-section-h i-cf\"><div class=\"g-cols vc_row via_grid cols_1 laptops-cols_inherit tablets-cols_inherit mobiles-cols_1 valign_top type_default stacking_default\"><div class=\"wpb_column vc_column_container\"><div class=\"vc_column-inner\"><div class=\"w-separator hide_on_tablets hide_on_mobiles size_custom\" style=\"height:75px\"><\/div><\/div><\/div><\/div><\/div><\/section><section class=\"l-section wpb_row us_custom_3b745cf9 height_auto\"><div class=\"l-section-h i-cf\"><div class=\"g-cols vc_row via_grid cols_2 laptops-cols_inherit tablets-cols_inherit mobiles-cols_1 valign_middle type_default stacking_default\" style=\"--columns-gap:5rem;\"><div class=\"wpb_column vc_column_container\"><div class=\"vc_column-inner\"><div class=\"wpb_text_column\"><div class=\"wpb_wrapper\"><h2>G\u00fcvenli Online \u00d6deme Se\u00e7enekleri<\/h2>\n<p>TSE Entegrasyonu ile m\u00fc\u015fterileriniz kredi\/banka kartlar\u0131 ve daha fazlas\u0131n\u0131 kullanarak online \u00f6deme yapabilir. T\u00fcm bu i\u015flemler, Alman d\u00fczenlemelerine g\u00f6re kaydedilir. TSE g\u00fcvenli bir entegrasyondur ve u\u00e7tan uca \u015fifreleme ile korunur.<\/p>\n<\/div><\/div><\/div><\/div><div class=\"wpb_column vc_column_container\"><div class=\"vc_column-inner\"><div class=\"g-cols wpb_row via_grid cols_1 laptops-cols_inherit tablets-cols_inherit mobiles-cols_1 valign_middle type_default stacking_default\" style=\"--columns-gap:calc(3rem + 30px);\"><div class=\"wpb_column vc_column_container\"><div class=\"vc_column-inner\"><div class=\"w-pricing style_cards items_1\"><div class=\"w-pricing-item type_featured\"><div class=\"w-pricing-item-h\"><div class=\"w-pricing-item-header\"><div class=\"w-pricing-item-title\">Almanya i\u00e7in TSE<\/div><div class=\"w-pricing-item-price\"><\/div><\/div><ul class=\"w-pricing-item-features\"><li class=\"w-pricing-item-feature\">Mali fatura alabilmenizi sa\u011flar.<\/li><li class=\"w-pricing-item-feature\">G\u00fcvenli ve h\u0131zl\u0131 bir se\u00e7enektir.<\/li><li class=\"w-pricing-item-feature\">Yaln\u0131zca Almanya i\u00e7in ge\u00e7erlidir.<\/li><li class=\"w-pricing-item-feature\">-<\/li><li class=\"w-pricing-item-feature\">SambaPOS V5 Lisans\u0131 Gerektirir<\/li><\/ul><div class=\"w-pricing-item-footer\"><a class=\"w-btn us-btn-style_28\" style=\"font-size:15px\" title=\"TSS for Germany Integration Form\" target=\"_blank\" rel=\"nofollow\" href=\"https:\/\/sambapos.com\/tss-for-germany-integration-form\/\"><span class=\"w-btn-label\">Fiyat Teklifi Al\u0131n<\/span><\/a><\/div><\/div><\/div><\/div><\/div><\/div><\/div><\/div><\/div><\/div><\/div><\/section><section class=\"l-section wpb_row us_custom_3b745cf9 height_auto\"><div class=\"l-section-h i-cf\"><div class=\"g-cols vc_row via_grid cols_1 laptops-cols_inherit tablets-cols_inherit mobiles-cols_1 valign_top type_default stacking_default\"><div class=\"wpb_column vc_column_container\"><div class=\"vc_column-inner\"><div class=\"w-separator size_custom\" style=\"height:75px\"><\/div><div class=\"g-cols wpb_row via_grid cols_2 laptops-cols_inherit tablets-cols_inherit mobiles-cols_1 valign_middle type_default stacking_default\" style=\"--columns-gap:3rem;\"><div class=\"wpb_column vc_column_container\"><div class=\"vc_column-inner\"><div class=\"w-image align_none\"><div class=\"w-image-h\"><img decoding=\"async\" width=\"600\" height=\"400\" src=\"https:\/\/sambapos.com\/wp-content\/uploads\/TSS-for-Germany-image.png\" class=\"attachment-large size-large\" alt=\"SambaPOS Regulation: TSS for Germany\" loading=\"lazy\" srcset=\"https:\/\/sambapos.com\/wp-content\/uploads\/TSS-for-Germany-image.png 600w, https:\/\/sambapos.com\/wp-content\/uploads\/TSS-for-Germany-image-300x200.png 300w, https:\/\/sambapos.com\/wp-content\/uploads\/TSS-for-Germany-image-100x67.png 100w, https:\/\/sambapos.com\/wp-content\/uploads\/TSS-for-Germany-image-150x100.png 150w, https:\/\/sambapos.com\/wp-content\/uploads\/TSS-for-Germany-image-120x80.png 120w, https:\/\/sambapos.com\/wp-content\/uploads\/TSS-for-Germany-image-200x133.png 200w, https:\/\/sambapos.com\/wp-content\/uploads\/TSS-for-Germany-image-66x44.png 66w, https:\/\/sambapos.com\/wp-content\/uploads\/TSS-for-Germany-image-45x30.png 45w, https:\/\/sambapos.com\/wp-content\/uploads\/TSS-for-Germany-image-60x40.png 60w, https:\/\/sambapos.com\/wp-content\/uploads\/TSS-for-Germany-image-400x267.png 400w\" sizes=\"auto, (max-width: 600px) 100vw, 600px\" \/><\/div><\/div><\/div><\/div><div class=\"wpb_column vc_column_container\"><div class=\"vc_column-inner\"><div class=\"wpb_text_column\"><div class=\"wpb_wrapper\"><h2>TSE ile SambaPOS Entegrasyonu<\/h2>\n<p>Almanya&#8217;da bir i\u015fletmeniz varsa, mali denetimlerden ge\u00e7meniz \u00f6nemlidir. Almanya i\u00e7in TSE entegrasyonu, online yazar kasay\u0131 g\u00fcvenli bir \u015fekilde saklar ve ayr\u0131ca girilen i\u015flemlerin de\u011fi\u015ftirilmemesini sa\u011flar.<\/p>\n<\/div><\/div><\/div><\/div><\/div><\/div><\/div><\/div><\/div><\/section><section class=\"l-section wpb_row us_custom_3b745cf9 height_auto\"><div class=\"l-section-h i-cf\"><div class=\"g-cols vc_row via_grid cols_1 laptops-cols_inherit tablets-cols_inherit mobiles-cols_1 valign_top type_default stacking_default\"><div class=\"wpb_column vc_column_container\"><div class=\"vc_column-inner\"><div class=\"w-separator size_custom\" style=\"height:75px\"><\/div><div class=\"g-cols wpb_row via_grid cols_2 laptops-cols_inherit tablets-cols_inherit mobiles-cols_1 valign_middle type_default stacking_default\" style=\"--columns-gap:calc(3rem + 30px);\"><div class=\"wpb_column vc_column_container\"><div class=\"vc_column-inner\"><div class=\"w-image align_center\"><div class=\"w-image-h\"><img decoding=\"async\" width=\"1024\" height=\"615\" src=\"https:\/\/sambapos.com\/wp-content\/uploads\/sambapos-products-copy-1024x615.png\" class=\"attachment-large size-large\" alt=\"SambaPOS Products\" loading=\"lazy\" srcset=\"https:\/\/sambapos.com\/wp-content\/uploads\/sambapos-products-copy-1024x615.png 1024w, https:\/\/sambapos.com\/wp-content\/uploads\/sambapos-products-copy-300x180.png 300w, https:\/\/sambapos.com\/wp-content\/uploads\/sambapos-products-copy-600x360.png 600w, https:\/\/sambapos.com\/wp-content\/uploads\/sambapos-products-copy-100x60.png 100w, https:\/\/sambapos.com\/wp-content\/uploads\/sambapos-products-copy-150x90.png 150w, https:\/\/sambapos.com\/wp-content\/uploads\/sambapos-products-copy-120x72.png 120w, https:\/\/sambapos.com\/wp-content\/uploads\/sambapos-products-copy-200x120.png 200w, https:\/\/sambapos.com\/wp-content\/uploads\/sambapos-products-copy-73x44.png 73w, https:\/\/sambapos.com\/wp-content\/uploads\/sambapos-products-copy-50x30.png 50w, https:\/\/sambapos.com\/wp-content\/uploads\/sambapos-products-copy-60x36.png 60w, https:\/\/sambapos.com\/wp-content\/uploads\/sambapos-products-copy-400x240.png 400w, https:\/\/sambapos.com\/wp-content\/uploads\/sambapos-products-copy.png 1333w\" sizes=\"auto, (max-width: 1024px) 100vw, 1024px\" \/><\/div><\/div><\/div><\/div><div class=\"wpb_column vc_column_container\"><div class=\"vc_column-inner\"><div class=\"wpb_text_column\"><div class=\"wpb_wrapper\"><div class=\"icerik\">\n<div id=\"articleContentDiv_FDbL5BmADgayIsi4oyuMRmRU9G9Dl4\" class=\"icerik_text\" data-entity=\"detailEntity_kUryFvRvm00KILlhf9ySj4dGouBQma\" data-field=\"ContentArticle\" data-auto-hide=\"true\">\n<div class=\"publisherHtmlBeautify\" data-entity=\"detailEntity_kUryFvRvm00KILlhf9ySj4dGouBQma\" data-field=\"ContentArticle\" data-display=\"html\">\n<h3>Almanya i\u00e7in TSE \u00d6zellikleri<\/h3>\n<ul>\n<li>Vergi d\u00fczenlemeleri i\u00e7in uygun ve tutarl\u0131 \u00f6deme kaydedebilirsiniz.<\/li>\n<li>R\u00fc\u015fvetlere kar\u015f\u0131 \u00f6nlem alabilirsiniz.<\/li>\n<li>Elektronik imza ile oturum a\u00e7abilirsiniz.<\/li>\n<li>Sertifikal\u0131 Teknik G\u00fcvenlik Sistemi (TSE)<\/li>\n<\/ul>\n<p>Daha fazla bilgi i\u00e7in Almanya\u2019daki distrib\u00fct\u00f6r\u00fcm\u00fcz size yard\u0131mc\u0131 olabilir. Yasal olarak uyumlu ve hatas\u0131z bir \u00f6deme sistemi i\u00e7in SambaPOS <a href=\"https:\/\/cp.sambapos.com\/market\"><strong><u>sat\u0131n al\u0131n<\/u><\/strong><\/a> veya <a href=\"https:\/\/sambapos.com\/tr\/yetkili-bayi-basvurusu\/\"><strong><u>bayi olun.<\/u><\/strong><\/a><\/p>\n<\/div>\n<\/div>\n<\/div>\n<\/div><\/div><\/div><\/div><\/div><div class=\"w-separator size_custom\" style=\"height:75px\"><\/div><\/div><\/div><\/div><\/div><\/section>\n","protected":false},"excerpt":{"rendered":"Almanya i\u00e7in TSE yasalar\u0131na uygun yap\u0131s\u0131yla SambaPOS, Almanya\u2019da kullan\u0131lan restoran yaz\u0131l\u0131m\u0131d\u0131r. TSE Entegrasyonu, restoran faturalar\u0131n\u0131 dijitale d\u00f6n\u00fc\u015ft\u00fcr\u00fcr. Almanya i\u00e7in TSE Almanya\u2019da bir i\u015fletmeniz var ve Almanya&#8217;n\u0131n Teknik G\u00fcvenlik Sistemi (TSE) y\u00f6netmeliklerine uygun bir \u015fekilde mi i\u015fletmek istiyorsunuz? SambaPOS, TSE ile entegre edilebilir ve i\u015fletmenizi yasal d\u00fczenlemelere g\u00f6re y\u00f6netmenize yard\u0131mc\u0131 olur. Almanya i\u00e7in TSE Almanya\u2019da bir...","protected":false},"author":1,"featured_media":0,"parent":0,"menu_order":0,"comment_status":"closed","ping_status":"closed","template":"","meta":{"footnotes":""},"class_list":["post-13116","page","type-page","status-publish","hentry"],"_links":{"self":[{"href":"https:\/\/sambapos.com\/tr\/wp-json\/wp\/v2\/pages\/13116","targetHints":{"allow":["GET"]}}],"collection":[{"href":"https:\/\/sambapos.com\/tr\/wp-json\/wp\/v2\/pages"}],"about":[{"href":"https:\/\/sambapos.com\/tr\/wp-json\/wp\/v2\/types\/page"}],"author":[{"embeddable":true,"href":"https:\/\/sambapos.com\/tr\/wp-json\/wp\/v2\/users\/1"}],"replies":[{"embeddable":true,"href":"https:\/\/sambapos.com\/tr\/wp-json\/wp\/v2\/comments?post=13116"}],"version-history":[{"count":10,"href":"https:\/\/sambapos.com\/tr\/wp-json\/wp\/v2\/pages\/13116\/revisions"}],"predecessor-version":[{"id":15874,"href":"https:\/\/sambapos.com\/tr\/wp-json\/wp\/v2\/pages\/13116\/revisions\/15874"}],"wp:attachment":[{"href":"https:\/\/sambapos.com\/tr\/wp-json\/wp\/v2\/media?parent=13116"}],"curies":[{"name":"wp","href":"https:\/\/api.w.org\/{rel}","templated":true}]}}