{"id":13109,"date":"2022-01-13T09:24:37","date_gmt":"2022-01-13T09:24:37","guid":{"rendered":"https:\/\/sambapos.com\/regulation-tims-for-samoa\/"},"modified":"2023-10-11T07:11:27","modified_gmt":"2023-10-11T07:11:27","slug":"samoa-icin-tims","status":"publish","type":"page","link":"https:\/\/sambapos.com\/tr\/samoa-icin-tims\/","title":{"rendered":"Samoa i\u00e7in TIMS"},"content":{"rendered":"<section class=\"l-section wpb_row us_custom_a3a9b169 hide_on_tablets hide_on_mobiles height_huge\"><div class=\"l-section-h i-cf\"><div class=\"g-cols vc_row via_grid cols_1 laptops-cols_inherit tablets-cols_inherit mobiles-cols_1 valign_top type_default stacking_default\" style=\"--columns-gap:30rem;\"><div class=\"wpb_column vc_column_container\"><div class=\"vc_column-inner\"><div class=\"g-cols wpb_row via_grid cols_2 laptops-cols_inherit tablets-cols_inherit mobiles-cols_1 valign_middle type_default stacking_default\" style=\"--columns-gap:calc(3rem + 30px);\"><div class=\"wpb_column vc_column_container us_custom_862028bc\"><div class=\"vc_column-inner\"><div class=\"wpb_text_column\"><div class=\"wpb_wrapper\"><h1>Samoa i\u00e7in TIMS<\/h1>\n<\/div><\/div><div class=\"w-separator size_custom\" style=\"height:25px\"><\/div><div class=\"wpb_text_column us_custom_1e0e9307\"><div class=\"wpb_wrapper\"><p><strong>Samoa&#8217;da bir i\u015fletmeniz varsa, Samoa i\u00e7in TIMS entegrasyonundan yararlanabilir ve \u00f6demelerinizi resmi olarak kaydedebilirsiniz.<\/strong><\/p>\n<\/div><\/div><div class=\"w-separator size_custom\" style=\"height:25px\"><\/div><div class=\"wpb_text_column\"><div class=\"wpb_wrapper\"><p>Vergi Faturas\u0131 \u0130zleme Sistemi (veya TIMS), Samoa Maliye Bakanl\u0131\u011f\u0131 taraf\u0131ndan belirlenen resmi d\u00fczenlemelerin bir par\u00e7as\u0131d\u0131r. T\u00fcm sat\u0131\u015f ve i\u015flemlerinizi yasal olarak kaydedebilirsiniz.<\/p>\n<\/div><\/div><\/div><\/div><div class=\"wpb_column vc_column_container\"><div class=\"vc_column-inner\"><\/div><\/div><\/div><div class=\"w-separator size_custom\" style=\"height:75px\"><\/div><\/div><\/div><\/div><\/div><\/section><section class=\"l-section wpb_row hide_on_default hide_on_laptops height_large\"><div class=\"l-section-h i-cf\"><div class=\"g-cols vc_row via_grid cols_1 laptops-cols_inherit tablets-cols_inherit mobiles-cols_1 valign_top type_default stacking_default\" style=\"--columns-gap:30rem;\"><div class=\"wpb_column vc_column_container\"><div class=\"vc_column-inner\"><div class=\"g-cols wpb_row via_grid cols_1 laptops-cols_inherit tablets-cols_inherit mobiles-cols_1 valign_middle type_default stacking_default\" style=\"--columns-gap:calc(3rem + 30px);\"><div class=\"wpb_column vc_column_container\"><div class=\"vc_column-inner\"><div class=\"w-separator size_custom\" style=\"height:75px\"><\/div><div class=\"wpb_text_column\"><div class=\"wpb_wrapper\"><h1>Samoa i\u00e7in TIMS<\/h1>\n<\/div><\/div><div class=\"w-separator size_custom\" style=\"height:25px\"><\/div><div class=\"wpb_text_column us_custom_1e0e9307\"><div class=\"wpb_wrapper\"><p><strong>Samoa&#8217;da bir i\u015fletmeniz varsa, Samoa i\u00e7in TIMS entegrasyonundan yararlanabilir ve \u00f6demelerinizi resmi olarak kaydedebilirsiniz.<\/strong><\/p>\n<\/div><\/div><div class=\"w-separator size_custom\" style=\"height:25px\"><\/div><div class=\"wpb_text_column\"><div class=\"wpb_wrapper\"><p>Vergi Faturas\u0131 \u0130zleme Sistemi (veya TIMS), Samoa Maliye Bakanl\u0131\u011f\u0131 taraf\u0131ndan belirlenen resmi d\u00fczenlemelerin bir par\u00e7as\u0131d\u0131r. T\u00fcm sat\u0131\u015f ve i\u015flemlerinizi yasal olarak kaydedebilirsiniz.<\/p>\n<\/div><\/div><\/div><\/div><\/div><\/div><\/div><\/div><\/div><\/section><section class=\"l-section wpb_row height_auto\"><div class=\"l-section-h i-cf\"><div class=\"g-cols vc_row via_grid cols_1 laptops-cols_inherit tablets-cols_inherit mobiles-cols_1 valign_top type_default stacking_default\"><div class=\"wpb_column vc_column_container\"><div class=\"vc_column-inner\"><div class=\"w-separator hide_on_tablets hide_on_mobiles size_custom\" style=\"height:75px\"><\/div><\/div><\/div><\/div><\/div><\/section><section class=\"l-section wpb_row us_custom_3b745cf9 height_auto\"><div class=\"l-section-h i-cf\"><div class=\"g-cols vc_row via_grid cols_2 laptops-cols_inherit tablets-cols_inherit mobiles-cols_1 valign_middle type_default stacking_default\" style=\"--columns-gap:5rem;\"><div class=\"wpb_column vc_column_container\"><div class=\"vc_column-inner\"><div class=\"wpb_text_column\"><div class=\"wpb_wrapper\"><h2>Verimli \u00d6deme<\/h2>\n<p>SambaPOS entegrasyonlar\u0131, i\u015fletmeniz i\u00e7in size en iyi \u00f6deme \u00e7\u00f6z\u00fcmlerini sunar. M\u00fc\u015fterileriniz nakit, kredi kart\u0131 veya banka kart\u0131 gibi \u00f6deme \u015fekillerini se\u00e7ebilir ve siz bu \u00f6demeleri TIMS ile kaydedebilirsiniz.<\/p>\n<\/div><\/div><\/div><\/div><div class=\"wpb_column vc_column_container\"><div class=\"vc_column-inner\"><div class=\"g-cols wpb_row via_grid cols_1 laptops-cols_inherit tablets-cols_inherit mobiles-cols_1 valign_middle type_default stacking_default\" style=\"--columns-gap:calc(3rem + 30px);\"><div class=\"wpb_column vc_column_container\"><div class=\"vc_column-inner\"><div class=\"w-pricing style_cards items_1\"><div class=\"w-pricing-item type_featured\"><div class=\"w-pricing-item-h\"><div class=\"w-pricing-item-header\"><div class=\"w-pricing-item-title\">Samoa i\u00e7in TIMS Entegrasyonu<\/div><div class=\"w-pricing-item-price\"><\/div><\/div><ul class=\"w-pricing-item-features\"><li class=\"w-pricing-item-feature\">Mali fatura alabilmenizi sa\u011flar<\/li><li class=\"w-pricing-item-feature\">H\u0131zl\u0131 ve g\u00fcvenli \u00f6deme sa\u011flar<\/li><li class=\"w-pricing-item-feature\">Samoa'ya \u00f6zeldir.<\/li><li class=\"w-pricing-item-feature\">-<\/li><li class=\"w-pricing-item-feature\">SambaPOS V5 Lisans\u0131 Gerektirir<\/li><\/ul><div class=\"w-pricing-item-footer\"><a class=\"w-btn us-btn-style_28\" style=\"font-size:15px\" title=\"TIMS for Samoa Integration Form\" target=\"_blank\" rel=\"nofollow\" href=\"https:\/\/sambapos.com\/tims-for-samoa-integration-form\/\"><span class=\"w-btn-label\">Fiyat Teklifi Al\u0131n<\/span><\/a><\/div><\/div><\/div><\/div><\/div><\/div><\/div><\/div><\/div><\/div><\/div><\/section><section class=\"l-section wpb_row us_custom_3b745cf9 height_auto\"><div class=\"l-section-h i-cf\"><div class=\"g-cols vc_row via_grid cols_1 laptops-cols_inherit tablets-cols_inherit mobiles-cols_1 valign_top type_default stacking_default\"><div class=\"wpb_column vc_column_container\"><div class=\"vc_column-inner\"><div class=\"w-separator size_custom\" style=\"height:75px\"><\/div><div class=\"g-cols wpb_row via_grid cols_2 laptops-cols_inherit tablets-cols_inherit mobiles-cols_1 valign_middle type_default stacking_default\" style=\"--columns-gap:3rem;\"><div class=\"wpb_column vc_column_container\"><div class=\"vc_column-inner\"><div class=\"w-image align_none\"><div class=\"w-image-h\"><img decoding=\"async\" width=\"600\" height=\"400\" src=\"https:\/\/sambapos.com\/wp-content\/uploads\/TIMS-for-Samoa-image.png\" class=\"attachment-large size-large\" alt=\"SambaPOS Regulation: TIMS for Samoa\" loading=\"lazy\" srcset=\"https:\/\/sambapos.com\/wp-content\/uploads\/TIMS-for-Samoa-image.png 600w, https:\/\/sambapos.com\/wp-content\/uploads\/TIMS-for-Samoa-image-300x200.png 300w, https:\/\/sambapos.com\/wp-content\/uploads\/TIMS-for-Samoa-image-100x67.png 100w, https:\/\/sambapos.com\/wp-content\/uploads\/TIMS-for-Samoa-image-150x100.png 150w, https:\/\/sambapos.com\/wp-content\/uploads\/TIMS-for-Samoa-image-120x80.png 120w, https:\/\/sambapos.com\/wp-content\/uploads\/TIMS-for-Samoa-image-200x133.png 200w, https:\/\/sambapos.com\/wp-content\/uploads\/TIMS-for-Samoa-image-66x44.png 66w, https:\/\/sambapos.com\/wp-content\/uploads\/TIMS-for-Samoa-image-45x30.png 45w, https:\/\/sambapos.com\/wp-content\/uploads\/TIMS-for-Samoa-image-60x40.png 60w, https:\/\/sambapos.com\/wp-content\/uploads\/TIMS-for-Samoa-image-400x267.png 400w\" sizes=\"auto, (max-width: 600px) 100vw, 600px\" \/><\/div><\/div><div class=\"w-separator size_custom\" style=\"height:75px\"><\/div><\/div><\/div><div class=\"wpb_column vc_column_container\"><div class=\"vc_column-inner\"><div class=\"wpb_text_column\"><div class=\"wpb_wrapper\"><h2>U\u00e7tan Uca \u015eifreleme<\/h2>\n<p>\u00d6deme s\u00fcrecinin g\u00fcvenli\u011fi konusunda endi\u015feli misiniz? SambaPOS, en g\u00fcvenli \u00f6deme i\u00e7in \u00f6deme dekontlar\u0131n\u0131, yasalara uygun olarak ve herhangi bir tutars\u0131zl\u0131ktan ka\u00e7\u0131narak m\u00fc\u015fterilerinizin e-postas\u0131na g\u00f6nderilmesini sa\u011flar.<\/p>\n<\/div><\/div><\/div><\/div><\/div><\/div><\/div><\/div><\/div><\/section><section class=\"l-section wpb_row us_custom_3b745cf9 height_auto\"><div class=\"l-section-h i-cf\"><div class=\"g-cols vc_row via_grid cols_1 laptops-cols_inherit tablets-cols_inherit mobiles-cols_1 valign_top type_default stacking_default\"><div class=\"wpb_column vc_column_container\"><div class=\"vc_column-inner\"><div class=\"w-separator size_custom\" style=\"height:75px\"><\/div><div class=\"g-cols wpb_row via_grid cols_2 laptops-cols_inherit tablets-cols_inherit mobiles-cols_1 valign_middle type_default stacking_default\" style=\"--columns-gap:calc(3rem + 30px);\"><div class=\"wpb_column vc_column_container\"><div class=\"vc_column-inner\"><div class=\"w-image align_center\"><div class=\"w-image-h\"><img decoding=\"async\" width=\"1024\" height=\"615\" src=\"https:\/\/sambapos.com\/wp-content\/uploads\/sambapos-products-copy-1024x615.png\" class=\"attachment-large size-large\" alt=\"SambaPOS Products\" loading=\"lazy\" srcset=\"https:\/\/sambapos.com\/wp-content\/uploads\/sambapos-products-copy-1024x615.png 1024w, https:\/\/sambapos.com\/wp-content\/uploads\/sambapos-products-copy-300x180.png 300w, https:\/\/sambapos.com\/wp-content\/uploads\/sambapos-products-copy-600x360.png 600w, https:\/\/sambapos.com\/wp-content\/uploads\/sambapos-products-copy-100x60.png 100w, https:\/\/sambapos.com\/wp-content\/uploads\/sambapos-products-copy-150x90.png 150w, https:\/\/sambapos.com\/wp-content\/uploads\/sambapos-products-copy-120x72.png 120w, https:\/\/sambapos.com\/wp-content\/uploads\/sambapos-products-copy-200x120.png 200w, https:\/\/sambapos.com\/wp-content\/uploads\/sambapos-products-copy-73x44.png 73w, https:\/\/sambapos.com\/wp-content\/uploads\/sambapos-products-copy-50x30.png 50w, https:\/\/sambapos.com\/wp-content\/uploads\/sambapos-products-copy-60x36.png 60w, https:\/\/sambapos.com\/wp-content\/uploads\/sambapos-products-copy-400x240.png 400w, https:\/\/sambapos.com\/wp-content\/uploads\/sambapos-products-copy.png 1333w\" sizes=\"auto, (max-width: 1024px) 100vw, 1024px\" \/><\/div><\/div><\/div><\/div><div class=\"wpb_column vc_column_container\"><div class=\"vc_column-inner\"><div class=\"wpb_text_column\"><div class=\"wpb_wrapper\"><div class=\"icerik\">\n<div id=\"articleContentDiv_FDbL5BmADgayIsi4oyuMRmRU9G9Dl4\" class=\"icerik_text\" data-entity=\"detailEntity_kUryFvRvm00KILlhf9ySj4dGouBQma\" data-field=\"ContentArticle\" data-auto-hide=\"true\">\n<div class=\"publisherHtmlBeautify\" data-entity=\"detailEntity_kUryFvRvm00KILlhf9ySj4dGouBQma\" data-field=\"ContentArticle\" data-display=\"html\">\n<h3>Uyumluluk i\u00e7in SambaPOS TIMS Entegrasyonu<\/h3>\n<p>SambaPOS, TIMS d\u00fczenlemeleriyle ilgili endi\u015felerinizi gidererek, bu entegrasyon ile fatura takibi yapabilmenizi, iade alabilmenizi ve \u00f6deme detaylar\u0131n\u0131 g\u00f6rebilmenizi sa\u011flar. Ayr\u0131ca \u00fcr\u00fcn ve hizmetlerinizi ihtiya\u00e7lar\u0131n\u0131za g\u00f6re \u00f6zelle\u015ftirebilirsiniz.<\/p>\n<p>TIMS y\u00f6netmeliklerine uygun t\u00fcm \u00f6zelliklerden yararlanmak i\u00e7in SambaPOS V5 Pro&#8217;yu <strong><a href=\"https:\/\/cp.sambapos.com\/market\"><u>sat\u0131n al\u0131n <\/u><\/a><\/strong>veya <a href=\"https:\/\/sambapos.com\/tr\/yetkili-bayi-basvurusu\/\"><strong><u>bayi olun.<\/u><\/strong><\/a><\/p>\n<\/div>\n<\/div>\n<\/div>\n<\/div><\/div><\/div><\/div><\/div><div class=\"w-separator size_custom\" style=\"height:75px\"><\/div><\/div><\/div><\/div><\/div><\/section>\n","protected":false},"excerpt":{"rendered":"Samoa i\u00e7in TIMS Samoa&#8217;da bir i\u015fletmeniz varsa, Samoa i\u00e7in TIMS entegrasyonundan yararlanabilir ve \u00f6demelerinizi resmi olarak kaydedebilirsiniz. Vergi Faturas\u0131 \u0130zleme Sistemi (veya TIMS), Samoa Maliye Bakanl\u0131\u011f\u0131 taraf\u0131ndan belirlenen resmi d\u00fczenlemelerin bir par\u00e7as\u0131d\u0131r. T\u00fcm sat\u0131\u015f ve i\u015flemlerinizi yasal olarak kaydedebilirsiniz. Samoa i\u00e7in TIMS Samoa&#8217;da bir i\u015fletmeniz varsa, Samoa i\u00e7in TIMS entegrasyonundan yararlanabilir ve \u00f6demelerinizi resmi olarak...","protected":false},"author":1,"featured_media":0,"parent":0,"menu_order":0,"comment_status":"closed","ping_status":"closed","template":"","meta":{"footnotes":""},"class_list":["post-13109","page","type-page","status-publish","hentry"],"_links":{"self":[{"href":"https:\/\/sambapos.com\/tr\/wp-json\/wp\/v2\/pages\/13109","targetHints":{"allow":["GET"]}}],"collection":[{"href":"https:\/\/sambapos.com\/tr\/wp-json\/wp\/v2\/pages"}],"about":[{"href":"https:\/\/sambapos.com\/tr\/wp-json\/wp\/v2\/types\/page"}],"author":[{"embeddable":true,"href":"https:\/\/sambapos.com\/tr\/wp-json\/wp\/v2\/users\/1"}],"replies":[{"embeddable":true,"href":"https:\/\/sambapos.com\/tr\/wp-json\/wp\/v2\/comments?post=13109"}],"version-history":[{"count":8,"href":"https:\/\/sambapos.com\/tr\/wp-json\/wp\/v2\/pages\/13109\/revisions"}],"predecessor-version":[{"id":15926,"href":"https:\/\/sambapos.com\/tr\/wp-json\/wp\/v2\/pages\/13109\/revisions\/15926"}],"wp:attachment":[{"href":"https:\/\/sambapos.com\/tr\/wp-json\/wp\/v2\/media?parent=13109"}],"curies":[{"name":"wp","href":"https:\/\/api.w.org\/{rel}","templated":true}]}}