{"id":13103,"date":"2022-02-07T10:07:23","date_gmt":"2022-02-07T10:07:23","guid":{"rendered":"https:\/\/sambapos.com\/sambapos-takeaway\/"},"modified":"2023-11-16T06:27:47","modified_gmt":"2023-11-16T06:27:47","slug":"takeaway-entegrasyonu","status":"publish","type":"page","link":"https:\/\/sambapos.com\/tr\/takeaway-entegrasyonu\/","title":{"rendered":"SambaPOS: Takeaway Entegrasyonu"},"content":{"rendered":"<section class=\"l-section wpb_row us_custom_c07580d3 hide_on_tablets hide_on_mobiles height_huge\"><div class=\"l-section-h i-cf\"><div class=\"g-cols vc_row via_grid cols_1 laptops-cols_inherit tablets-cols_inherit mobiles-cols_1 valign_top type_default stacking_default\" style=\"--columns-gap:30rem;\"><div class=\"wpb_column vc_column_container\"><div class=\"vc_column-inner\"><div class=\"g-cols wpb_row via_grid cols_2 laptops-cols_inherit tablets-cols_inherit mobiles-cols_1 valign_middle type_default stacking_default\" style=\"--columns-gap:calc(3rem + 30px);\"><div class=\"wpb_column vc_column_container us_custom_71be7f86\"><div class=\"vc_column-inner\"><div class=\"wpb_text_column hide_on_default hide_on_laptops hide_on_tablets hide_on_mobiles\"><div class=\"wpb_wrapper\"><p>SambaPOS, JustEat Takeaway entegrasyonu ile m\u00fc\u015fterileriniz i\u00e7in en iyi ve en uygun deneyimi sunar. JustEat\u2019i entegre ederek restoran m\u00fc\u015fteri taban\u0131n\u0131\u00a0geni\u015fletin<\/p>\n<\/div><\/div><div class=\"wpb_text_column\"><div class=\"wpb_wrapper\"><h1>SambaPOS: Kolay Entegrasyon<\/h1>\n<\/div><\/div><div class=\"w-separator size_custom\" style=\"height:25px\"><\/div><div class=\"wpb_text_column us_custom_1e0e9307\"><div class=\"wpb_wrapper\"><p><strong>JustEat&#8217;i entegre ederek restoran\u0131n\u0131z\u0131n <\/strong><strong>m\u00fc\u015fteri taban\u0131n\u0131<\/strong><strong> geni\u015flet<\/strong><strong>in<\/strong><strong>.<\/strong><\/p>\n<\/div><\/div><div class=\"w-separator size_custom\" style=\"height:25px\"><\/div><div class=\"wpb_text_column\"><div class=\"wpb_wrapper\"><p>G\u0131da end\u00fcstrisi gibi rekabet\u00e7i bir pazarda, sizi neyin di\u011fer restoranlar\u0131n \u00fczerine \u00e7\u0131karaca\u011f\u0131n\u0131 bulmak zorunludur. Ayr\u0131ca, m\u00fc\u015fterileriniz i\u00e7in en iyi ve en uygun deneyimi sunmal\u0131s\u0131n\u0131z. SambaPOS, JustEat Takeaway entegrasyonu ile bunu sunuyor.<\/p>\n<\/div><\/div><\/div><\/div><div class=\"wpb_column vc_column_container\"><div class=\"vc_column-inner\"><\/div><\/div><\/div><div class=\"w-separator size_custom\" style=\"height:75px\"><\/div><\/div><\/div><\/div><\/div><\/section><section class=\"l-section wpb_row hide_on_default hide_on_laptops height_large\"><div class=\"l-section-h i-cf\"><div class=\"g-cols vc_row via_grid cols_1 laptops-cols_inherit tablets-cols_inherit mobiles-cols_1 valign_top type_default stacking_default\" style=\"--columns-gap:30rem;\"><div class=\"wpb_column vc_column_container\"><div class=\"vc_column-inner\"><div class=\"w-separator size_custom\" style=\"height:75px\"><\/div><div class=\"g-cols wpb_row via_grid cols_1 laptops-cols_inherit tablets-cols_inherit mobiles-cols_1 valign_middle type_default stacking_default\" style=\"--columns-gap:calc(3rem + 30px);\"><div class=\"wpb_column vc_column_container\"><div class=\"vc_column-inner\"><div class=\"wpb_text_column\"><div class=\"wpb_wrapper\"><h1>SambaPOS: Kolay Entegrasyon<\/h1>\n<\/div><\/div><div class=\"w-separator size_custom\" style=\"height:25px\"><\/div><div class=\"wpb_text_column us_custom_1e0e9307\"><div class=\"wpb_wrapper\"><p><strong>JustEat&#8217;i entegre ederek restoran\u0131n\u0131z\u0131n <\/strong><strong>m\u00fc\u015fteri taban\u0131n\u0131<\/strong><strong> geni\u015flet<\/strong><strong>in<\/strong><strong>.<\/strong><\/p>\n<\/div><\/div><div class=\"w-separator size_custom\" style=\"height:25px\"><\/div><div class=\"wpb_text_column\"><div class=\"wpb_wrapper\"><p>G\u0131da end\u00fcstrisi gibi rekabet\u00e7i bir pazarda, sizi neyin di\u011fer restoranlar\u0131n \u00fczerine \u00e7\u0131karaca\u011f\u0131n\u0131 bulmak zorunludur. Ayr\u0131ca, m\u00fc\u015fterileriniz i\u00e7in en iyi ve en uygun deneyimi sunmal\u0131s\u0131n\u0131z. SambaPOS, JustEat Takeaway entegrasyonu ile bunu sunuyor.<\/p>\n<\/div><\/div><\/div><\/div><\/div><\/div><\/div><\/div><\/div><\/section><section class=\"l-section wpb_row us_custom_3b745cf9 height_auto\"><div class=\"l-section-h i-cf\"><div class=\"g-cols vc_row via_grid cols_1 laptops-cols_inherit tablets-cols_inherit mobiles-cols_1 valign_top type_default stacking_default\"><div class=\"wpb_column vc_column_container\"><div class=\"vc_column-inner\"><div class=\"w-separator hide_on_tablets hide_on_mobiles size_custom\" style=\"height:75px\"><\/div><div class=\"g-cols wpb_row via_grid cols_2 laptops-cols_inherit tablets-cols_inherit mobiles-cols_1 valign_middle type_default stacking_default\" style=\"--columns-gap:calc(3rem + 30px);\"><div class=\"wpb_column vc_column_container\"><div class=\"vc_column-inner\"><div class=\"wpb_text_column\"><div class=\"wpb_wrapper\"><h2>Sorunsuz Sipari\u015f Y\u00f6netimi<\/h2>\n<p>JustEat Takeaway arac\u0131l\u0131\u011f\u0131yla yemek sipari\u015fi veren yakla\u015f\u0131k y\u00fcz milyon m\u00fc\u015fteriye sahiptir. \u0130ngiltere&#8217;nin onlineyemek sipari\u015f pazar\u0131ndaki en iyi be\u015f oyuncudan biridir. Bu nedenle, \u00fclkedeki m\u00fc\u015fterilerinizin \u00e7o\u011funun g\u00fcn\u00fcn her saatinde JustEat uygulamas\u0131ndan yemek sipari\u015f etti\u011fini s\u00f6ylemek olduk\u00e7a mant\u0131kl\u0131d\u0131r.<\/p>\n<ul>\n<li>Sorunsuz M\u00fc\u015fteri Hizmeti<\/li>\n<li>\u00c7oklu \u00d6deme Se\u00e7enekleri<\/li>\n<li>S\u00fcr\u00fckle b\u0131rak d\u00fczenleme<\/li>\n<\/ul>\n<\/div><\/div><\/div><\/div><div class=\"wpb_column vc_column_container\"><div class=\"vc_column-inner\"><div class=\"w-pricing style_cards items_1\"><div class=\"w-pricing-item type_featured\"><div class=\"w-pricing-item-h\"><div class=\"w-pricing-item-header\"><div class=\"w-pricing-item-title\">Takeaway Entegrasyonu<\/div><div class=\"w-pricing-item-price\">135$<small>Y\u0131ll\u0131k<\/small><\/div><\/div><ul class=\"w-pricing-item-features\"><li class=\"w-pricing-item-feature\">SambaPOS'a otomatik sipari\u015f transferi<\/li><li class=\"w-pricing-item-feature\">Sipari\u015f ve paket servis takibi<\/li><li class=\"w-pricing-item-feature\">Ayr\u0131nt\u0131l\u0131 raporlama<\/li><li class=\"w-pricing-item-feature\">-<\/li><li class=\"w-pricing-item-feature\">SambaPOS V5 Lisans\u0131 gerektirir<\/li><\/ul><div class=\"w-pricing-item-footer\"><a class=\"w-btn us-btn-style_28\" style=\"font-size:15px\" target=\"_blank\" rel=\"nofollow\" href=\"https:\/\/cp.sambapos.com\/market\"><span class=\"w-btn-label\">Sat\u0131n Al<\/span><\/a><\/div><\/div><\/div><\/div><\/div><\/div><\/div><div class=\"w-separator hide_on_tablets hide_on_mobiles size_custom\" style=\"height:75px\"><\/div><\/div><\/div><\/div><\/div><\/section><section class=\"l-section wpb_row us_custom_8424b0d3 has_text_color height_auto\"><div class=\"l-section-h i-cf\"><div class=\"g-cols vc_row via_grid cols_2 laptops-cols_inherit tablets-cols_inherit mobiles-cols_1 valign_middle type_default stacking_default\"><div class=\"wpb_column vc_column_container\"><div class=\"vc_column-inner\"><div class=\"w-separator hide_on_tablets hide_on_mobiles size_custom\" style=\"height:50px\"><\/div><div class=\"w-image align_none\"><div class=\"w-image-h\"><img decoding=\"async\" width=\"600\" height=\"400\" src=\"https:\/\/sambapos.com\/wp-content\/uploads\/RestaurantType-SambaPOS-Delivery-image-2.png\" class=\"attachment-large size-large\" alt=\"SambaPOS Delivery\" loading=\"lazy\" srcset=\"https:\/\/sambapos.com\/wp-content\/uploads\/RestaurantType-SambaPOS-Delivery-image-2.png 600w, https:\/\/sambapos.com\/wp-content\/uploads\/RestaurantType-SambaPOS-Delivery-image-2-300x200.png 300w, https:\/\/sambapos.com\/wp-content\/uploads\/RestaurantType-SambaPOS-Delivery-image-2-100x67.png 100w, https:\/\/sambapos.com\/wp-content\/uploads\/RestaurantType-SambaPOS-Delivery-image-2-150x100.png 150w, https:\/\/sambapos.com\/wp-content\/uploads\/RestaurantType-SambaPOS-Delivery-image-2-120x80.png 120w, https:\/\/sambapos.com\/wp-content\/uploads\/RestaurantType-SambaPOS-Delivery-image-2-200x133.png 200w, https:\/\/sambapos.com\/wp-content\/uploads\/RestaurantType-SambaPOS-Delivery-image-2-66x44.png 66w, https:\/\/sambapos.com\/wp-content\/uploads\/RestaurantType-SambaPOS-Delivery-image-2-45x30.png 45w, https:\/\/sambapos.com\/wp-content\/uploads\/RestaurantType-SambaPOS-Delivery-image-2-60x40.png 60w, https:\/\/sambapos.com\/wp-content\/uploads\/RestaurantType-SambaPOS-Delivery-image-2-400x267.png 400w\" sizes=\"auto, (max-width: 600px) 100vw, 600px\" \/><\/div><\/div><div class=\"w-separator hide_on_tablets hide_on_mobiles size_custom\" style=\"height:50px\"><\/div><\/div><\/div><div class=\"wpb_column vc_column_container\"><div class=\"vc_column-inner\"><div class=\"w-separator hide_on_tablets hide_on_mobiles size_custom\" style=\"height:50px\"><\/div><div class=\"wpb_text_column\"><div class=\"wpb_wrapper\"><h3 style=\"text-align: left;\"><strong>takeaway.com Integration Mod\u00fcl\u00fcm\u00fcz\u00fcn Kullan\u0131labilece\u011fi \u00dclkeler ve Platformlar<\/strong><\/h3>\n<\/div><\/div><div class=\"w-separator hide_on_tablets hide_on_mobiles size_custom\" style=\"height:25px\"><\/div><div class=\"g-cols wpb_row via_grid cols_2 laptops-cols_inherit tablets-cols_inherit mobiles-cols_1 valign_top type_default stacking_default\" style=\"--columns-gap:3rem;\"><div class=\"wpb_column vc_column_container\"><div class=\"vc_column-inner\"><div class=\"wpb_text_column\"><div class=\"wpb_wrapper\"><ul>\n<li style=\"text-align: left;\">Thuisbezorgd.nl: Hollanda<\/li>\n<li style=\"text-align: left;\">Just-Eat.ch: \u0130svi\u00e7re<\/li>\n<li style=\"text-align: left;\">Just-Eat.dk: Danimarka<\/li>\n<li style=\"text-align: left;\">Just-Eat.fr: Fransa<\/li>\n<li style=\"text-align: left;\">Just-Eat.no: Norve\u00e7<\/li>\n<li style=\"text-align: left;\">Lieferando.at: Avusturya<\/li>\n<li style=\"text-align: left;\">Lieferando.de: Almanya<\/li>\n<\/ul>\n<\/div><\/div><\/div><\/div><div class=\"wpb_column vc_column_container\"><div class=\"vc_column-inner\"><div class=\"wpb_text_column\"><div class=\"wpb_wrapper\"><ul>\n<li>Pyszne.pl: Polonya<\/li>\n<li style=\"text-align: left;\">Takeaway.com: Bel\u00e7ika<\/li>\n<li style=\"text-align: left;\">Takeaway.com: Romanya<\/li>\n<li style=\"text-align: left;\">Takeaway.com: Bulgaristan<\/li>\n<li style=\"text-align: left;\">Takeaway.com: Portekiz<\/li>\n<li style=\"text-align: left;\">Takeaway.com: Luxemburg<\/li>\n<\/ul>\n<\/div><\/div><\/div><\/div><\/div><\/div><\/div><\/div><\/div><\/section><section class=\"l-section wpb_row us_custom_3b745cf9 height_auto\"><div class=\"l-section-h i-cf\"><div class=\"g-cols vc_row via_grid cols_1 laptops-cols_inherit tablets-cols_inherit mobiles-cols_1 valign_top type_default stacking_default\"><div class=\"wpb_column vc_column_container\"><div class=\"vc_column-inner\"><div class=\"w-separator size_custom\" style=\"height:75px\"><\/div><div class=\"g-cols wpb_row via_grid cols_2 laptops-cols_inherit tablets-cols_inherit mobiles-cols_1 valign_middle type_default stacking_default\" style=\"--columns-gap:calc(3rem + 30px);\"><div class=\"wpb_column vc_column_container\"><div class=\"vc_column-inner\"><div class=\"w-image align_center\"><div class=\"w-image-h\"><img decoding=\"async\" width=\"1024\" height=\"615\" src=\"https:\/\/sambapos.com\/wp-content\/uploads\/sambapos-products-copy-1024x615.png\" class=\"attachment-large size-large\" alt=\"SambaPOS Products\" loading=\"lazy\" srcset=\"https:\/\/sambapos.com\/wp-content\/uploads\/sambapos-products-copy-1024x615.png 1024w, https:\/\/sambapos.com\/wp-content\/uploads\/sambapos-products-copy-300x180.png 300w, https:\/\/sambapos.com\/wp-content\/uploads\/sambapos-products-copy-600x360.png 600w, https:\/\/sambapos.com\/wp-content\/uploads\/sambapos-products-copy-100x60.png 100w, https:\/\/sambapos.com\/wp-content\/uploads\/sambapos-products-copy-150x90.png 150w, https:\/\/sambapos.com\/wp-content\/uploads\/sambapos-products-copy-120x72.png 120w, https:\/\/sambapos.com\/wp-content\/uploads\/sambapos-products-copy-200x120.png 200w, https:\/\/sambapos.com\/wp-content\/uploads\/sambapos-products-copy-73x44.png 73w, https:\/\/sambapos.com\/wp-content\/uploads\/sambapos-products-copy-50x30.png 50w, https:\/\/sambapos.com\/wp-content\/uploads\/sambapos-products-copy-60x36.png 60w, https:\/\/sambapos.com\/wp-content\/uploads\/sambapos-products-copy-400x240.png 400w, https:\/\/sambapos.com\/wp-content\/uploads\/sambapos-products-copy.png 1333w\" sizes=\"auto, (max-width: 1024px) 100vw, 1024px\" \/><\/div><\/div><\/div><\/div><div class=\"wpb_column vc_column_container\"><div class=\"vc_column-inner\"><div class=\"wpb_text_column\"><div class=\"wpb_wrapper\"><h3>Takeaway Entegrasyonu ile Dijital Deneyimleri \u0130yile\u015ftirin<\/h3>\n<p>SambaPOS&#8217;u se\u00e7menin size ek bir avantaj sa\u011flad\u0131\u011f\u0131 yer buras\u0131d\u0131r. Bir m\u00fc\u015fteri JustEat uygulamas\u0131nda sipari\u015f verdi\u011finde, sipari\u015f restoran\u0131n\u0131z\u0131n SambaPOS&#8217;una gider ve an\u0131nda sipari\u015fin \u00fcretimine ba\u015flan\u0131r. Sipari\u015f otomatik olarak mutfak yaz\u0131c\u0131s\u0131na ve ekran\u0131na yans\u0131r. Bu kolayl\u0131k, SambaPOS ve JustEat Takeaway&#8217;in entegrasyonu sayesinde art\u0131k ula\u015f\u0131labilir durumdad\u0131r.<\/p>\n<p>Bu entegrasyon ile restoran\u0131n\u0131za fayda sa\u011flamak i\u00e7in \u015fimdi <a href=\"https:\/\/sambapos.com\/contact-us\/\"><strong><u>bize ula\u015f\u0131n<\/u>!<\/strong><\/a><\/p>\n<\/div><\/div><\/div><\/div><\/div><div class=\"w-separator size_custom\" style=\"height:75px\"><\/div><\/div><\/div><\/div><\/div><\/section>\n","protected":false},"excerpt":{"rendered":"SambaPOS, JustEat Takeaway entegrasyonu ile m\u00fc\u015fterileriniz i\u00e7in en iyi ve en uygun deneyimi sunar. JustEat\u2019i entegre ederek restoran m\u00fc\u015fteri taban\u0131n\u0131\u00a0geni\u015fletin SambaPOS: Kolay Entegrasyon JustEat&#8217;i entegre ederek restoran\u0131n\u0131z\u0131n m\u00fc\u015fteri taban\u0131n\u0131 geni\u015fletin. G\u0131da end\u00fcstrisi gibi rekabet\u00e7i bir pazarda, sizi neyin di\u011fer restoranlar\u0131n \u00fczerine \u00e7\u0131karaca\u011f\u0131n\u0131 bulmak zorunludur. Ayr\u0131ca, m\u00fc\u015fterileriniz i\u00e7in en iyi ve en uygun deneyimi sunmal\u0131s\u0131n\u0131z. SambaPOS,...","protected":false},"author":1,"featured_media":0,"parent":0,"menu_order":0,"comment_status":"closed","ping_status":"closed","template":"","meta":{"footnotes":""},"class_list":["post-13103","page","type-page","status-publish","hentry"],"_links":{"self":[{"href":"https:\/\/sambapos.com\/tr\/wp-json\/wp\/v2\/pages\/13103","targetHints":{"allow":["GET"]}}],"collection":[{"href":"https:\/\/sambapos.com\/tr\/wp-json\/wp\/v2\/pages"}],"about":[{"href":"https:\/\/sambapos.com\/tr\/wp-json\/wp\/v2\/types\/page"}],"author":[{"embeddable":true,"href":"https:\/\/sambapos.com\/tr\/wp-json\/wp\/v2\/users\/1"}],"replies":[{"embeddable":true,"href":"https:\/\/sambapos.com\/tr\/wp-json\/wp\/v2\/comments?post=13103"}],"version-history":[{"count":15,"href":"https:\/\/sambapos.com\/tr\/wp-json\/wp\/v2\/pages\/13103\/revisions"}],"predecessor-version":[{"id":16257,"href":"https:\/\/sambapos.com\/tr\/wp-json\/wp\/v2\/pages\/13103\/revisions\/16257"}],"wp:attachment":[{"href":"https:\/\/sambapos.com\/tr\/wp-json\/wp\/v2\/media?parent=13103"}],"curies":[{"name":"wp","href":"https:\/\/api.w.org\/{rel}","templated":true}]}}