{"id":13088,"date":"2021-11-28T20:04:47","date_gmt":"2021-11-28T20:04:47","guid":{"rendered":"https:\/\/sambapos.com\/jetrik-integration\/"},"modified":"2023-11-16T05:18:17","modified_gmt":"2023-11-16T05:18:17","slug":"jetrik-entegrasyonu","status":"publish","type":"page","link":"https:\/\/sambapos.com\/tr\/jetrik-entegrasyonu\/","title":{"rendered":"Jetrik Entegrasyonu"},"content":{"rendered":"<section class=\"l-section wpb_row us_custom_8d44eb92 hide_on_tablets hide_on_mobiles height_huge\"><div class=\"l-section-h i-cf\"><div class=\"g-cols vc_row via_grid cols_1 laptops-cols_inherit tablets-cols_inherit mobiles-cols_1 valign_top type_default stacking_default\" style=\"--columns-gap:30rem;\"><div class=\"wpb_column vc_column_container\"><div class=\"vc_column-inner\"><div class=\"g-cols wpb_row via_grid cols_2 laptops-cols_inherit tablets-cols_inherit mobiles-cols_1 valign_middle type_default stacking_default\" style=\"--columns-gap:calc(3rem + 30px);\"><div class=\"wpb_column vc_column_container us_custom_862028bc\"><div class=\"vc_column-inner\"><div class=\"wpb_text_column hide_on_default hide_on_laptops hide_on_tablets hide_on_mobiles\"><div class=\"wpb_wrapper\"><p>SambaPOS, online yemek sipari\u015flerini size \u00f6zel bir sistem olan Jetrik arac\u0131l\u0131\u011f\u0131yla y\u00f6neterek m\u00fckemmel m\u00fc\u015fteri hizmeti sunman\u0131za yard\u0131mc\u0131 olur.<\/p>\n<\/div><\/div><div class=\"wpb_text_column\"><div class=\"wpb_wrapper\"><h1>Jetrik Entegrasyonu<\/h1>\n<\/div><\/div><div class=\"w-separator size_custom\" style=\"height:25px\"><\/div><div class=\"wpb_text_column us_custom_1e0e9307\"><div class=\"wpb_wrapper\"><p><strong>Size \u00f6<\/strong><strong>zel sistem ile online sipari\u015fleri<\/strong><strong>nizi<\/strong><strong> y\u00f6netin!<\/strong><\/p>\n<\/div><\/div><div class=\"w-separator size_custom\" style=\"height:25px\"><\/div><div class=\"wpb_text_column\"><div class=\"wpb_wrapper\"><p>SambaPOS, online yemek sipari\u015flerini size \u00f6zel bir sistem olan Jetrik arac\u0131l\u0131\u011f\u0131yla y\u00f6neterek m\u00fckemmel m\u00fc\u015fteri hizmeti sunman\u0131za yard\u0131mc\u0131 olabilir. Jetrik art\u0131k online yemek sipari\u015flerini alabilir ve SambaPOS \u00fczerinden y\u00f6netilebilir.<\/p>\n<\/div><\/div><\/div><\/div><div class=\"wpb_column vc_column_container\"><div class=\"vc_column-inner\"><\/div><\/div><\/div><div class=\"w-separator size_custom\" style=\"height:150px\"><\/div><\/div><\/div><\/div><\/div><\/section><section class=\"l-section wpb_row hide_on_default hide_on_laptops height_large\"><div class=\"l-section-h i-cf\"><div class=\"g-cols vc_row via_grid cols_1 laptops-cols_inherit tablets-cols_inherit mobiles-cols_1 valign_top type_default stacking_default\" style=\"--columns-gap:30rem;\"><div class=\"wpb_column vc_column_container\"><div class=\"vc_column-inner\"><div class=\"w-separator size_custom\" style=\"height:75px\"><\/div><div class=\"g-cols wpb_row via_grid cols_1 laptops-cols_inherit tablets-cols_inherit mobiles-cols_1 valign_middle type_default stacking_default\" style=\"--columns-gap:calc(3rem + 30px);\"><div class=\"wpb_column vc_column_container\"><div class=\"vc_column-inner\"><div class=\"wpb_text_column\"><div class=\"wpb_wrapper\"><h1>Jetrik Entegrasyonu<\/h1>\n<\/div><\/div><div class=\"w-separator size_custom\" style=\"height:25px\"><\/div><div class=\"wpb_text_column us_custom_1e0e9307\"><div class=\"wpb_wrapper\"><p><strong>Size \u00f6<\/strong><strong>zel sistem ile online sipari\u015fleri<\/strong><strong>nizi<\/strong><strong> y\u00f6netin!<\/strong><\/p>\n<\/div><\/div><div class=\"w-separator size_custom\" style=\"height:25px\"><\/div><div class=\"wpb_text_column\"><div class=\"wpb_wrapper\"><p>SambaPOS, online yemek sipari\u015flerini size \u00f6zel bir sistem olan Jetrik arac\u0131l\u0131\u011f\u0131yla y\u00f6neterek m\u00fckemmel m\u00fc\u015fteri hizmeti sunman\u0131za yard\u0131mc\u0131 olabilir. Jetrik art\u0131k online yemek sipari\u015flerini alabilir ve SambaPOS \u00fczerinden y\u00f6netilebilir.<\/p>\n<\/div><\/div><\/div><\/div><\/div><\/div><\/div><\/div><\/div><\/section><section class=\"l-section wpb_row us_custom_3b745cf9 height_auto\"><div class=\"l-section-h i-cf\"><div class=\"g-cols vc_row via_grid cols_1 laptops-cols_inherit tablets-cols_inherit mobiles-cols_1 valign_middle type_default stacking_default\" style=\"--columns-gap:5rem;\"><div class=\"wpb_column vc_column_container\"><div class=\"vc_column-inner\"><div class=\"w-separator size_custom\" style=\"height:75px\"><\/div><div class=\"g-cols wpb_row via_grid cols_2 laptops-cols_inherit tablets-cols_inherit mobiles-cols_1 valign_middle type_default stacking_default\" style=\"--columns-gap:calc(3rem + 30px);\"><div class=\"wpb_column vc_column_container\"><div class=\"vc_column-inner\"><div class=\"wpb_text_column\"><div class=\"wpb_wrapper\"><h2 class=\"w-iconbox-title MSI_show_element\"><b>Jetrik Online Sipari\u015f Nas\u0131l \u00c7al\u0131\u015f\u0131r?<\/b><\/h2>\n<div class=\"w-iconbox-text\">\n<p>Sistemin kullan\u0131m\u0131 olduk\u00e7a kolayd\u0131r:<\/p>\n<ol>\n<li><strong>Online yemek sipari\u015fleri<\/strong><\/li>\n<li><strong>Mutfakta sipari\u015fleri y\u00f6netme<\/strong><\/li>\n<li><strong>Paket\u00e7iler taraf\u0131ndan teslimat<\/strong><\/li>\n<\/ol>\n<p>Bir m\u00fc\u015fteri online sipari\u015f i\u00e7in web sitesini kullanarak sipari\u015f verir ve sipari\u015fi JetriK al\u0131r. Mutfak personelinizsipari\u015fi \u00fcretir ve sipari\u015fi paket\u00e7ilere iletir. Her sipari\u015f, onu g\u00f6t\u00fcrecek olan bir s\u00fcr\u00fcc\u00fcye atan\u0131r.<\/p>\n<\/div>\n<\/div><\/div><\/div><\/div><div class=\"wpb_column vc_column_container\"><div class=\"vc_column-inner\"><div class=\"w-pricing style_cards items_1\"><div class=\"w-pricing-item type_featured\"><div class=\"w-pricing-item-h\"><div class=\"w-pricing-item-header\"><div class=\"w-pricing-item-title\">Jetrik Entegrasyonu<\/div><div class=\"w-pricing-item-price\">\u00dccretsiz<small>Jetrik Standart Sahiplerine<\/small><\/div><\/div><ul class=\"w-pricing-item-features\"><li class=\"w-pricing-item-feature\">jetrik takeaway ve jetrik paket servis ile tam entegre<\/li><li class=\"w-pricing-item-feature\">Kendi online web sipari\u015f sistemine sahip ol<\/li><li class=\"w-pricing-item-feature\">QR Menu olu\u015ftur, masalar i\u00e7in bast\u0131r<\/li><li class=\"w-pricing-item-feature\">Mutfa\u011fa direkt y\u00f6nlendirme<\/li><li class=\"w-pricing-item-feature\">\u00d6deme entegrasyonu \u00e7\u00f6z\u00fcm\u00fc<\/li><\/ul><div class=\"w-pricing-item-footer\"><a class=\"w-btn us-btn-style_28\" style=\"font-size:15px\" target=\"_blank\" rel=\"nofollow\" href=\"https:\/\/cp.sambapos.com\/market\"><span class=\"w-btn-label\">Sat\u0131n Al<\/span><\/a><\/div><\/div><\/div><\/div><\/div><\/div><\/div><\/div><\/div><\/div><\/div><\/section><section class=\"l-section wpb_row us_custom_3b745cf9 height_small\"><div class=\"l-section-h i-cf\"><div class=\"g-cols vc_row via_grid cols_1 laptops-cols_inherit tablets-cols_inherit mobiles-cols_1 valign_top type_default stacking_default\"><div class=\"wpb_column vc_column_container\"><div class=\"vc_column-inner\"><div class=\"w-separator size_custom\" style=\"height:75px\"><\/div><div class=\"g-cols wpb_row via_grid cols_2 laptops-cols_inherit tablets-cols_inherit mobiles-cols_1 valign_top type_default stacking_default\" style=\"--columns-gap:3rem;\"><div class=\"wpb_column vc_column_container\"><div class=\"vc_column-inner\"><div class=\"w-iconbox iconpos_left style_default color_primary align_left\"><div class=\"w-iconbox-icon\" style=\"font-size:2rem;\"><i class=\"fas fa-angle-right\"><\/i><\/div><div class=\"w-iconbox-meta\"><h3 class=\"w-iconbox-title\"><b>SambaPOS Jetrik Entegrasyonu Temel Faydalar\u0131<\/b><\/h3><div class=\"w-iconbox-text\"><p>Sipari\u015fler, Jetrik web sitesi ve mobil cihazlar \u00fczerinden al\u0131nmakta ve SambaPOS Jetrik entegrasyonu ile sorunsuz bir \u015fekilde SambaPOS&#8217;a atanmaktad\u0131r.<\/p>\n<\/div><\/div><\/div><\/div><\/div><div class=\"wpb_column vc_column_container\"><div class=\"vc_column-inner\"><div class=\"w-iconbox iconpos_left style_default color_primary align_left\"><div class=\"w-iconbox-icon\" style=\"font-size:2rem;\"><i class=\"fas fa-angle-right\"><\/i><\/div><div class=\"w-iconbox-meta\"><h4 class=\"w-iconbox-title\"><b>S\u0131n\u0131rs\u0131z Sipari\u015f<\/b><\/h4><div class=\"w-iconbox-text\"><p>Online bulut sistemi, s\u0131n\u0131rs\u0131z say\u0131da sipari\u015fi i\u015fleyebilir. Daha sonra SambaPOS \u00fczerinde merkezi olarak y\u00f6netilir.<\/p>\n<\/div><\/div><\/div><div class=\"w-separator size_custom\" style=\"height:25px\"><\/div><div class=\"w-iconbox iconpos_left style_default color_primary align_left\"><div class=\"w-iconbox-icon\" style=\"font-size:2rem;\"><i class=\"fas fa-angle-right\"><\/i><\/div><div class=\"w-iconbox-meta\"><h4 class=\"w-iconbox-title\"><b>\u00d6zel Ekran<\/b><\/h4><div class=\"w-iconbox-text\"><p>Jetrik m\u00fc\u015fterileri, kolayca kullan\u0131labilen online sipari\u015f sistemi ile evlerinin rahatl\u0131\u011f\u0131nda en sevdikleri yeme\u011fin tad\u0131n\u0131 \u00e7\u0131karabilirler. Jetrik\u2019in kullan\u0131m\u0131 kolayd\u0131r ve daha \u00e7ok sipari\u015f vermek i\u00e7in te\u015fvik edicidir.<\/p>\n<\/div><\/div><\/div><\/div><\/div><\/div><\/div><\/div><\/div><\/div><\/section><section class=\"l-section wpb_row us_custom_3b745cf9 height_auto\"><div class=\"l-section-h i-cf\"><div class=\"g-cols vc_row via_grid cols_1 laptops-cols_inherit tablets-cols_inherit mobiles-cols_1 valign_top type_default stacking_default\"><div class=\"wpb_column vc_column_container\"><div class=\"vc_column-inner\"><div class=\"w-separator size_custom\" style=\"height:75px\"><\/div><div class=\"g-cols wpb_row via_grid cols_2 laptops-cols_inherit tablets-cols_inherit mobiles-cols_1 valign_middle type_default stacking_default\" style=\"--columns-gap:calc(3rem + 30px);\"><div class=\"wpb_column vc_column_container\"><div class=\"vc_column-inner\"><div class=\"w-image align_center\"><div class=\"w-image-h\"><img decoding=\"async\" width=\"1024\" height=\"615\" src=\"https:\/\/sambapos.com\/wp-content\/uploads\/sambapos-products-copy-1024x615.png\" class=\"attachment-large size-large\" alt=\"SambaPOS Products\" loading=\"lazy\" srcset=\"https:\/\/sambapos.com\/wp-content\/uploads\/sambapos-products-copy-1024x615.png 1024w, https:\/\/sambapos.com\/wp-content\/uploads\/sambapos-products-copy-300x180.png 300w, https:\/\/sambapos.com\/wp-content\/uploads\/sambapos-products-copy-600x360.png 600w, https:\/\/sambapos.com\/wp-content\/uploads\/sambapos-products-copy-100x60.png 100w, https:\/\/sambapos.com\/wp-content\/uploads\/sambapos-products-copy-150x90.png 150w, https:\/\/sambapos.com\/wp-content\/uploads\/sambapos-products-copy-120x72.png 120w, https:\/\/sambapos.com\/wp-content\/uploads\/sambapos-products-copy-200x120.png 200w, https:\/\/sambapos.com\/wp-content\/uploads\/sambapos-products-copy-73x44.png 73w, https:\/\/sambapos.com\/wp-content\/uploads\/sambapos-products-copy-50x30.png 50w, https:\/\/sambapos.com\/wp-content\/uploads\/sambapos-products-copy-60x36.png 60w, https:\/\/sambapos.com\/wp-content\/uploads\/sambapos-products-copy-400x240.png 400w, https:\/\/sambapos.com\/wp-content\/uploads\/sambapos-products-copy.png 1333w\" sizes=\"auto, (max-width: 1024px) 100vw, 1024px\" \/><\/div><\/div><\/div><\/div><div class=\"wpb_column vc_column_container\"><div class=\"vc_column-inner\"><div class=\"wpb_text_column\"><div class=\"wpb_wrapper\"><h3>Online Ortamda De\u011ferinizi Yarat\u0131n!<\/h3>\n<p>Jetrik ile kendi online sistem markan\u0131z\u0131 yaratabilir ve m\u00fc\u015fterilerinize daha fazlas\u0131 i\u00e7in geri gelmelerini sa\u011flayacak unutulmaz bir deneyim sunabilirsiniz. SambaPOS <a href=\"https:\/\/cp.sambapos.com\/market\"><strong><u>sat\u0131n al\u0131n<\/u> <\/strong><\/a>ya da linke <a href=\"https:\/\/sambapos.com\/tr\/yetkili-bayi-basvurusu\/\"><strong><u>t\u0131klayarak<\/u><\/strong><\/a> bayi olun!<\/p>\n<\/div><\/div><\/div><\/div><\/div><div class=\"w-separator size_custom\" style=\"height:75px\"><\/div><\/div><\/div><\/div><\/div><\/section>\n","protected":false},"excerpt":{"rendered":"SambaPOS, online yemek sipari\u015flerini size \u00f6zel bir sistem olan Jetrik arac\u0131l\u0131\u011f\u0131yla y\u00f6neterek m\u00fckemmel m\u00fc\u015fteri hizmeti sunman\u0131za yard\u0131mc\u0131 olur. Jetrik Entegrasyonu Size \u00f6zel sistem ile online sipari\u015flerinizi y\u00f6netin! SambaPOS, online yemek sipari\u015flerini size \u00f6zel bir sistem olan Jetrik arac\u0131l\u0131\u011f\u0131yla y\u00f6neterek m\u00fckemmel m\u00fc\u015fteri hizmeti sunman\u0131za yard\u0131mc\u0131 olabilir. Jetrik art\u0131k online yemek sipari\u015flerini alabilir ve SambaPOS \u00fczerinden y\u00f6netilebilir....","protected":false},"author":1,"featured_media":0,"parent":0,"menu_order":0,"comment_status":"closed","ping_status":"closed","template":"","meta":{"footnotes":""},"class_list":["post-13088","page","type-page","status-publish","hentry"],"_links":{"self":[{"href":"https:\/\/sambapos.com\/tr\/wp-json\/wp\/v2\/pages\/13088","targetHints":{"allow":["GET"]}}],"collection":[{"href":"https:\/\/sambapos.com\/tr\/wp-json\/wp\/v2\/pages"}],"about":[{"href":"https:\/\/sambapos.com\/tr\/wp-json\/wp\/v2\/types\/page"}],"author":[{"embeddable":true,"href":"https:\/\/sambapos.com\/tr\/wp-json\/wp\/v2\/users\/1"}],"replies":[{"embeddable":true,"href":"https:\/\/sambapos.com\/tr\/wp-json\/wp\/v2\/comments?post=13088"}],"version-history":[{"count":22,"href":"https:\/\/sambapos.com\/tr\/wp-json\/wp\/v2\/pages\/13088\/revisions"}],"predecessor-version":[{"id":16253,"href":"https:\/\/sambapos.com\/tr\/wp-json\/wp\/v2\/pages\/13088\/revisions\/16253"}],"wp:attachment":[{"href":"https:\/\/sambapos.com\/tr\/wp-json\/wp\/v2\/media?parent=13088"}],"curies":[{"name":"wp","href":"https:\/\/api.w.org\/{rel}","templated":true}]}}