{"id":13081,"date":"2021-11-28T19:15:33","date_gmt":"2021-11-28T19:15:33","guid":{"rendered":"https:\/\/sambapos.com\/sambapos-ubereats-integration\/"},"modified":"2023-10-11T07:07:59","modified_gmt":"2023-10-11T07:07:59","slug":"sambapos-ubereats-entegrasyonu","status":"publish","type":"page","link":"https:\/\/sambapos.com\/tr\/sambapos-ubereats-entegrasyonu\/","title":{"rendered":"SambaPOS UberEats Entegrasyonu"},"content":{"rendered":"<section class=\"l-section wpb_row us_custom_88f46146 height_huge\"><div class=\"l-section-h i-cf\"><div class=\"g-cols vc_row via_grid cols_1 laptops-cols_inherit tablets-cols_inherit mobiles-cols_1 valign_top type_default stacking_default\" style=\"--columns-gap:30rem;\"><div class=\"wpb_column vc_column_container\"><div class=\"vc_column-inner\"><div class=\"g-cols wpb_row via_grid cols_2 laptops-cols_inherit tablets-cols_inherit mobiles-cols_1 valign_middle type_default stacking_default\" style=\"--columns-gap:calc(3rem + 30px);\"><div class=\"wpb_column vc_column_container us_custom_71be7f86\"><div class=\"vc_column-inner\"><div class=\"wpb_text_column\"><div class=\"wpb_wrapper\"><h1><span style=\"color: #ff3131;\">UberEats Entegrasyonu<\/span><\/h1>\n<\/div><\/div><div class=\"w-separator size_custom\" style=\"height:25px\"><\/div><div class=\"wpb_text_column us_custom_1e0e9307\"><div class=\"wpb_wrapper\"><p><strong>UberEats&#8217;ten gelen t\u00fcm sipari\u015fleri SambaPOS&#8217;a kolayca kaydedin, <\/strong><strong>takip edin<\/strong><strong> ve <\/strong><strong>g\u00f6nderin.<\/strong><\/p>\n<\/div><\/div><div class=\"w-separator size_custom\" style=\"height:25px\"><\/div><div class=\"wpb_text_column\"><div class=\"wpb_wrapper\"><p>UberEats&#8217;i SambaPOS ile entegre ederek yeni m\u00fc\u015fteriler kazanabilir, b\u00f6ylece i\u015finizi geli\u015ftirmeye odaklan\u0131rken sipari\u015f hacminizi ve gelirinizi art\u0131rabilirsiniz.<\/p>\n<p><a href=\"https:\/\/cp.sambapos.com\/market\"><strong>SambaPOS UberEats Entegrasyonu ile Sipari\u015flerinizi \u015eimdi Artt\u0131r\u0131n!<\/strong><\/a><\/p>\n<\/div><\/div><div class=\"w-separator size_custom\" style=\"height:50px\"><\/div><\/div><\/div><div class=\"wpb_column vc_column_container\"><div class=\"vc_column-inner\"><\/div><\/div><\/div><\/div><\/div><\/div><\/div><\/section><section class=\"l-section wpb_row us_custom_3b745cf9 height_auto\"><div class=\"l-section-h i-cf\"><div class=\"g-cols vc_row via_grid cols_1 laptops-cols_inherit tablets-cols_inherit mobiles-cols_1 valign_top type_default stacking_default\"><div class=\"wpb_column vc_column_container\"><div class=\"vc_column-inner\"><div class=\"w-separator size_custom\" style=\"height:75px\"><\/div><div class=\"g-cols wpb_row via_grid cols_2 laptops-cols_inherit tablets-cols_inherit mobiles-cols_1 valign_top type_default stacking_default\" style=\"--columns-gap:calc(3rem + 30px);\"><div class=\"wpb_column vc_column_container\"><div class=\"vc_column-inner\"><div class=\"w-image align_center\"><div class=\"w-image-h\"><img decoding=\"async\" width=\"769\" height=\"520\" src=\"https:\/\/sambapos.com\/wp-content\/uploads\/UberEats-Integration-1.png\" class=\"attachment-large size-large\" alt=\"SambaPOS UberEats Entegrasyonu\" loading=\"lazy\" srcset=\"https:\/\/sambapos.com\/wp-content\/uploads\/UberEats-Integration-1.png 769w, https:\/\/sambapos.com\/wp-content\/uploads\/UberEats-Integration-1-300x203.png 300w, https:\/\/sambapos.com\/wp-content\/uploads\/UberEats-Integration-1-592x400.png 592w, https:\/\/sambapos.com\/wp-content\/uploads\/UberEats-Integration-1-100x68.png 100w, https:\/\/sambapos.com\/wp-content\/uploads\/UberEats-Integration-1-150x101.png 150w, https:\/\/sambapos.com\/wp-content\/uploads\/UberEats-Integration-1-120x81.png 120w, https:\/\/sambapos.com\/wp-content\/uploads\/UberEats-Integration-1-200x135.png 200w, https:\/\/sambapos.com\/wp-content\/uploads\/UberEats-Integration-1-65x44.png 65w, https:\/\/sambapos.com\/wp-content\/uploads\/UberEats-Integration-1-44x30.png 44w, https:\/\/sambapos.com\/wp-content\/uploads\/UberEats-Integration-1-60x41.png 60w, https:\/\/sambapos.com\/wp-content\/uploads\/UberEats-Integration-1-600x406.png 600w, https:\/\/sambapos.com\/wp-content\/uploads\/UberEats-Integration-1-400x270.png 400w\" sizes=\"auto, (max-width: 769px) 100vw, 769px\" \/><\/div><\/div><\/div><\/div><div class=\"wpb_column vc_column_container\"><div class=\"vc_column-inner\"><div class=\"wpb_text_column\"><div class=\"wpb_wrapper\"><h2>SambaPOS UberEats Entegrasyonu \u015fu \u015fekilde \u00e7al\u0131\u015f\u0131r:<\/h2>\n<ul>\n<li>Sipari\u015f sisteminiz ile UberEats aras\u0131nda bir ba\u011flant\u0131 noktas\u0131 g\u00f6revi g\u00f6r\u00fcr<\/li>\n<li>UberEats&#8217;ten al\u0131nan sipari\u015flerin SambaPOS arac\u0131l\u0131\u011f\u0131yla sorunsuz i\u015flenmesini sa\u011flar<\/li>\n<li>\u00d6ng\u00f6r\u00fc kazand\u0131rmak ve sipari\u015f hacminizi geli\u015ftirmek i\u00e7in kapsaml\u0131 ve ayr\u0131nt\u0131l\u0131 raporlar sa\u011flar<\/li>\n<li>Online sipari\u015f teslimat\u0131 deneyimini geli\u015ftirmek i\u00e7in ger\u00e7ek zamanl\u0131 sipari\u015f durumu gibi \u00f6zelliklerle donat\u0131lm\u0131\u015ft\u0131r<\/li>\n<li>M\u00fc\u015fteri deneyimini ve m\u00fc\u015fterileri elde tutmay\u0131 \u00f6nemli \u00f6l\u00e7\u00fcde destekler<\/li>\n<li>Mutlu m\u00fc\u015fteriler kazanman\u0131za ve kar marj\u0131n\u0131z\u0131 art\u0131rman\u0131za yard\u0131mc\u0131 olur<\/li>\n<\/ul>\n<\/div><\/div><\/div><\/div><\/div><\/div><\/div><\/div><\/div><\/section><section class=\"l-section wpb_row us_custom_3b745cf9 height_auto\"><div class=\"l-section-h i-cf\"><div class=\"g-cols vc_row via_grid cols_1 laptops-cols_inherit tablets-cols_inherit mobiles-cols_1 valign_top type_default stacking_default\"><div class=\"wpb_column vc_column_container\"><div class=\"vc_column-inner\"><div class=\"w-separator size_custom\" style=\"height:75px\"><\/div><div class=\"g-cols wpb_row via_grid cols_1-4-1 laptops-cols_inherit tablets-cols_inherit mobiles-cols_1 valign_top type_default stacking_default\" style=\"--columns-gap:3rem;\"><div class=\"wpb_column vc_column_container\"><div class=\"vc_column-inner\"><\/div><\/div><div class=\"wpb_column vc_column_container\"><div class=\"vc_column-inner\"><div class=\"wpb_text_column\"><div class=\"wpb_wrapper\"><h2 style=\"text-align: center;\">Sa\u011flad\u0131\u011f\u0131 Faydalar<\/h2>\n<p style=\"text-align: center;\">\u0130\u015finize Uygun ve Beklentilerinizi Kar\u015f\u0131lar<\/p>\n<\/div><\/div><\/div><\/div><div class=\"wpb_column vc_column_container\"><div class=\"vc_column-inner\"><\/div><\/div><\/div><div class=\"w-separator size_custom\" style=\"height:50px\"><\/div><div class=\"g-cols wpb_row via_grid cols_3 laptops-cols_inherit tablets-cols_inherit mobiles-cols_1 valign_top type_default stacking_default\" style=\"--columns-gap:3rem;\"><div class=\"wpb_column vc_column_container us_custom_6b8248eb\"><div class=\"vc_column-inner\"><div class=\"w-iconbox iconpos_left style_default color_primary align_left\"><div class=\"w-iconbox-icon\" style=\"font-size:2rem;\"><i class=\"fas fa-angle-right\"><\/i><\/div><div class=\"w-iconbox-meta\"><h5 class=\"w-iconbox-title\"><b>G\u00fc\u00e7l\u00fc, S\u00fcrd\u00fcr\u00fclebilir, Dijital Varl\u0131k<\/b><\/h5><div class=\"w-iconbox-text\"><p>SambaPOS UberEats entegrasyonu, sizin i\u00e7in sipari\u015fleri toplarken i\u015finize konsantre olman\u0131za yard\u0131mc\u0131 olur. Esnek yemek sipari\u015fi ile m\u00fc\u015fterilerinizi memnun ederken gelen olumlu geri bildirimler sizi memnun edecektir.<\/p>\n<\/div><\/div><\/div><\/div><\/div><div class=\"wpb_column vc_column_container us_custom_6b8248eb\"><div class=\"vc_column-inner\"><div class=\"w-iconbox iconpos_left style_default color_primary align_left\"><div class=\"w-iconbox-icon\" style=\"font-size:2rem;\"><i class=\"fas fa-angle-right\"><\/i><\/div><div class=\"w-iconbox-meta\"><h5 class=\"w-iconbox-title\"><b>Do\u011fru Online Sipari\u015f<\/b><\/h5><div class=\"w-iconbox-text\"><p>Manuel sipari\u015f kayd\u0131n\u0131 azaltarak zamandan ve emekten \u00f6nemli \u00f6l\u00e7\u00fcde tasarruf edin. SambaPOS UberEats Entegrasyonu ile yemek sipari\u015flerini otomatik olarak al\u0131n.<\/p>\n<\/div><\/div><\/div><\/div><\/div><div class=\"wpb_column vc_column_container us_custom_6b8248eb\"><div class=\"vc_column-inner\"><div class=\"w-iconbox iconpos_left style_default color_primary align_left\"><div class=\"w-iconbox-icon\" style=\"font-size:2rem;\"><i class=\"fas fa-angle-right\"><\/i><\/div><div class=\"w-iconbox-meta\"><h5 class=\"w-iconbox-title\"><b>Ger\u00e7ek zamanl\u0131 analitik<\/b><\/h5><div class=\"w-iconbox-text\"><p>Veri kaybetme riskini unutun ve m\u00fc\u015fterilerinize g\u00fcvenle hizmet verin.<\/p>\n<\/div><\/div><\/div><\/div><\/div><\/div><\/div><\/div><\/div><\/div><\/section><section class=\"l-section wpb_row us_custom_3b745cf9 height_auto\"><div class=\"l-section-h i-cf\"><div class=\"g-cols vc_row via_grid cols_1 laptops-cols_inherit tablets-cols_inherit mobiles-cols_1 valign_top type_default stacking_default\"><div class=\"wpb_column vc_column_container\"><div class=\"vc_column-inner\"><div class=\"w-separator size_custom\" style=\"height:75px\"><\/div><div class=\"g-cols wpb_row via_grid cols_2 laptops-cols_inherit tablets-cols_inherit mobiles-cols_1 valign_middle type_default stacking_default\" style=\"--columns-gap:calc(3rem + 30px);\"><div class=\"wpb_column vc_column_container\"><div class=\"vc_column-inner\"><div class=\"w-image align_center\"><div class=\"w-image-h\"><img decoding=\"async\" width=\"1024\" height=\"615\" src=\"https:\/\/sambapos.com\/wp-content\/uploads\/sambapos-products-copy-1024x615.png\" class=\"attachment-large size-large\" alt=\"SambaPOS Products\" loading=\"lazy\" srcset=\"https:\/\/sambapos.com\/wp-content\/uploads\/sambapos-products-copy-1024x615.png 1024w, https:\/\/sambapos.com\/wp-content\/uploads\/sambapos-products-copy-300x180.png 300w, https:\/\/sambapos.com\/wp-content\/uploads\/sambapos-products-copy-600x360.png 600w, https:\/\/sambapos.com\/wp-content\/uploads\/sambapos-products-copy-100x60.png 100w, https:\/\/sambapos.com\/wp-content\/uploads\/sambapos-products-copy-150x90.png 150w, https:\/\/sambapos.com\/wp-content\/uploads\/sambapos-products-copy-120x72.png 120w, https:\/\/sambapos.com\/wp-content\/uploads\/sambapos-products-copy-200x120.png 200w, https:\/\/sambapos.com\/wp-content\/uploads\/sambapos-products-copy-73x44.png 73w, https:\/\/sambapos.com\/wp-content\/uploads\/sambapos-products-copy-50x30.png 50w, https:\/\/sambapos.com\/wp-content\/uploads\/sambapos-products-copy-60x36.png 60w, https:\/\/sambapos.com\/wp-content\/uploads\/sambapos-products-copy-400x240.png 400w, https:\/\/sambapos.com\/wp-content\/uploads\/sambapos-products-copy.png 1333w\" sizes=\"auto, (max-width: 1024px) 100vw, 1024px\" \/><\/div><\/div><\/div><\/div><div class=\"wpb_column vc_column_container\"><div class=\"vc_column-inner\"><div class=\"wpb_text_column\"><div class=\"wpb_wrapper\"><h3>Yeni m\u00fc\u015fterilerinizi <strong>SambaPOS UberEats Entegrasyonu<\/strong> ile memnun etmeye haz\u0131r m\u0131s\u0131n\u0131z?<\/h3>\n<p>SambaPOS UberEats Entegrasyonunun m\u00fc\u015fteri deneyiminizi geli\u015ftirirken sat\u0131\u015flar\u0131n\u0131z\u0131 art\u0131rman\u0131za nas\u0131l yard\u0131mc\u0131 olabilece\u011fini g\u00f6rmek i\u00e7in SambaPOS <a href=\"https:\/\/cp.sambapos.com\/market\"><strong><u>sat\u0131n al\u0131n<\/u><\/strong><\/a> veya <a href=\"https:\/\/sambapos.com\/tr\/yetkili-bayi-basvurusu\/\"><strong><u>bayi olun<\/u>.<\/strong><\/a><\/p>\n<\/div><\/div><\/div><\/div><\/div><div class=\"w-separator size_custom\" style=\"height:75px\"><\/div><\/div><\/div><\/div><\/div><\/section>\n","protected":false},"excerpt":{"rendered":"UberEats Entegrasyonu UberEats&#8217;ten gelen t\u00fcm sipari\u015fleri SambaPOS&#8217;a kolayca kaydedin, takip edin ve g\u00f6nderin. UberEats&#8217;i SambaPOS ile entegre ederek yeni m\u00fc\u015fteriler kazanabilir, b\u00f6ylece i\u015finizi geli\u015ftirmeye odaklan\u0131rken sipari\u015f hacminizi ve gelirinizi art\u0131rabilirsiniz. SambaPOS UberEats Entegrasyonu ile Sipari\u015flerinizi \u015eimdi Artt\u0131r\u0131n! SambaPOS UberEats Entegrasyonu \u015fu \u015fekilde \u00e7al\u0131\u015f\u0131r: Sipari\u015f sisteminiz ile UberEats aras\u0131nda bir ba\u011flant\u0131 noktas\u0131 g\u00f6revi g\u00f6r\u00fcr UberEats&#8217;ten al\u0131nan...","protected":false},"author":1,"featured_media":0,"parent":0,"menu_order":0,"comment_status":"closed","ping_status":"closed","template":"","meta":{"footnotes":""},"class_list":["post-13081","page","type-page","status-publish","hentry"],"_links":{"self":[{"href":"https:\/\/sambapos.com\/tr\/wp-json\/wp\/v2\/pages\/13081","targetHints":{"allow":["GET"]}}],"collection":[{"href":"https:\/\/sambapos.com\/tr\/wp-json\/wp\/v2\/pages"}],"about":[{"href":"https:\/\/sambapos.com\/tr\/wp-json\/wp\/v2\/types\/page"}],"author":[{"embeddable":true,"href":"https:\/\/sambapos.com\/tr\/wp-json\/wp\/v2\/users\/1"}],"replies":[{"embeddable":true,"href":"https:\/\/sambapos.com\/tr\/wp-json\/wp\/v2\/comments?post=13081"}],"version-history":[{"count":6,"href":"https:\/\/sambapos.com\/tr\/wp-json\/wp\/v2\/pages\/13081\/revisions"}],"predecessor-version":[{"id":15924,"href":"https:\/\/sambapos.com\/tr\/wp-json\/wp\/v2\/pages\/13081\/revisions\/15924"}],"wp:attachment":[{"href":"https:\/\/sambapos.com\/tr\/wp-json\/wp\/v2\/media?parent=13081"}],"curies":[{"name":"wp","href":"https:\/\/api.w.org\/{rel}","templated":true}]}}