{"id":13076,"date":"2021-11-28T19:54:10","date_gmt":"2021-11-28T19:54:10","guid":{"rendered":"https:\/\/sambapos.com\/yemeksepeti-integration\/"},"modified":"2023-10-11T08:12:59","modified_gmt":"2023-10-11T08:12:59","slug":"yemeksepeti-entegrasyonu","status":"publish","type":"page","link":"https:\/\/sambapos.com\/tr\/yemeksepeti-entegrasyonu\/","title":{"rendered":"Yemeksepeti Entegrasyonu"},"content":{"rendered":"<section class=\"l-section wpb_row us_custom_fbb8394f hide_on_tablets hide_on_mobiles height_medium\"><div class=\"l-section-h i-cf\"><div class=\"g-cols vc_row via_grid cols_1 laptops-cols_inherit tablets-cols_inherit mobiles-cols_1 valign_top type_default stacking_default\" style=\"--columns-gap:30rem;\"><div class=\"wpb_column vc_column_container\"><div class=\"vc_column-inner\"><div class=\"g-cols wpb_row via_grid cols_2 laptops-cols_inherit tablets-cols_inherit mobiles-cols_1 valign_middle type_default stacking_default\" style=\"--columns-gap:calc(3rem + 30px);\"><div class=\"wpb_column vc_column_container us_custom_862028bc\"><div class=\"vc_column-inner\"><div class=\"wpb_text_column hide_on_default hide_on_laptops hide_on_tablets hide_on_mobiles\"><div class=\"wpb_wrapper\"><p>Yemeksepeti Entegrasyonu, online yemek sipari\u015fleri<\/p>\n<\/div><\/div><div class=\"w-image align_left\"><div class=\"w-image-h\"><img decoding=\"async\" width=\"200\" height=\"38\" src=\"https:\/\/sambapos.com\/wp-content\/uploads\/yemeksepeti-logo-200x38.png\" class=\"attachment-us_200_0_crop size-us_200_0_crop\" alt=\"\" loading=\"lazy\" srcset=\"https:\/\/sambapos.com\/wp-content\/uploads\/yemeksepeti-logo-200x38.png 200w, https:\/\/sambapos.com\/wp-content\/uploads\/yemeksepeti-logo-300x57.png 300w, https:\/\/sambapos.com\/wp-content\/uploads\/yemeksepeti-logo-1024x195.png 1024w, https:\/\/sambapos.com\/wp-content\/uploads\/yemeksepeti-logo-600x115.png 600w, https:\/\/sambapos.com\/wp-content\/uploads\/yemeksepeti-logo-100x19.png 100w, https:\/\/sambapos.com\/wp-content\/uploads\/yemeksepeti-logo-150x29.png 150w, https:\/\/sambapos.com\/wp-content\/uploads\/yemeksepeti-logo-120x23.png 120w, https:\/\/sambapos.com\/wp-content\/uploads\/yemeksepeti-logo-230x44.png 230w, https:\/\/sambapos.com\/wp-content\/uploads\/yemeksepeti-logo-157x30.png 157w, https:\/\/sambapos.com\/wp-content\/uploads\/yemeksepeti-logo-60x11.png 60w, https:\/\/sambapos.com\/wp-content\/uploads\/yemeksepeti-logo-400x76.png 400w, https:\/\/sambapos.com\/wp-content\/uploads\/yemeksepeti-logo-250x48.png 250w, https:\/\/sambapos.com\/wp-content\/uploads\/yemeksepeti-logo-30x6.png 30w, https:\/\/sambapos.com\/wp-content\/uploads\/yemeksepeti-logo.png 1079w\" sizes=\"auto, (max-width: 200px) 100vw, 200px\" \/><\/div><\/div><div class=\"w-separator size_custom\" style=\"height:25px\"><\/div><div class=\"wpb_text_column\"><div class=\"wpb_wrapper\"><h1>Yemeksepeti Entegrasyonu<\/h1>\n<\/div><\/div><div class=\"w-separator size_custom\" style=\"height:25px\"><\/div><div class=\"wpb_text_column us_custom_1e0e9307\"><div class=\"wpb_wrapper\"><p><strong>M\u00fc\u015fterilerinizin kolay bir sipari\u015f deneyimi ya\u015famas\u0131n<\/strong><strong>\u0131 sa\u011flay\u0131n<\/strong><strong>!<\/strong><\/p>\n<\/div><\/div><div class=\"w-separator size_custom\" style=\"height:25px\"><\/div><div class=\"wpb_text_column\"><div class=\"wpb_wrapper\"><p>\u0130nsanlar dijital bir ya\u015fam bi\u00e7imine adapte olurken online yemek sipari\u015fi, \u00e7ok \u00e7e\u015fitli m\u00fc\u015fterilere ula\u015fman\u0131n kolay ve kullan\u0131\u015fl\u0131 bir yoludur. SambaPOS, online yemek teslimatlar\u0131n\u0131z\u0131 art\u0131rman\u0131z\u0131 sa\u011flamak i\u00e7in Yemeksepeti ile entegrasyon sunar.<\/p>\n<p>Yemeksepeti ile entegre SambaPOS, sat\u0131\u015flar\u0131 ve gelirleri art\u0131rarak i\u015fletmeniz i\u00e7in harikalar yaratabilir.<\/p>\n<\/div><\/div><\/div><\/div><div class=\"wpb_column vc_column_container\"><div class=\"vc_column-inner\"><\/div><\/div><\/div><div class=\"w-separator size_custom\" style=\"height:75px\"><\/div><\/div><\/div><\/div><\/div><\/section><section class=\"l-section wpb_row hide_on_default hide_on_laptops height_large\"><div class=\"l-section-h i-cf\"><div class=\"g-cols vc_row via_grid cols_1 laptops-cols_inherit tablets-cols_inherit mobiles-cols_1 valign_top type_default stacking_default\" style=\"--columns-gap:30rem;\"><div class=\"wpb_column vc_column_container\"><div class=\"vc_column-inner\"><div class=\"w-separator size_custom\" style=\"height:75px\"><\/div><div class=\"g-cols wpb_row via_grid cols_1 laptops-cols_inherit tablets-cols_inherit mobiles-cols_1 valign_middle type_default stacking_default\" style=\"--columns-gap:calc(3rem + 30px);\"><div class=\"wpb_column vc_column_container\"><div class=\"vc_column-inner\"><div class=\"w-image align_left\"><div class=\"w-image-h\"><img decoding=\"async\" width=\"200\" height=\"38\" src=\"https:\/\/sambapos.com\/wp-content\/uploads\/yemeksepeti-logo-200x38.png\" class=\"attachment-us_200_0_crop size-us_200_0_crop\" alt=\"\" loading=\"lazy\" srcset=\"https:\/\/sambapos.com\/wp-content\/uploads\/yemeksepeti-logo-200x38.png 200w, https:\/\/sambapos.com\/wp-content\/uploads\/yemeksepeti-logo-300x57.png 300w, https:\/\/sambapos.com\/wp-content\/uploads\/yemeksepeti-logo-1024x195.png 1024w, https:\/\/sambapos.com\/wp-content\/uploads\/yemeksepeti-logo-600x115.png 600w, https:\/\/sambapos.com\/wp-content\/uploads\/yemeksepeti-logo-100x19.png 100w, https:\/\/sambapos.com\/wp-content\/uploads\/yemeksepeti-logo-150x29.png 150w, https:\/\/sambapos.com\/wp-content\/uploads\/yemeksepeti-logo-120x23.png 120w, https:\/\/sambapos.com\/wp-content\/uploads\/yemeksepeti-logo-230x44.png 230w, https:\/\/sambapos.com\/wp-content\/uploads\/yemeksepeti-logo-157x30.png 157w, https:\/\/sambapos.com\/wp-content\/uploads\/yemeksepeti-logo-60x11.png 60w, https:\/\/sambapos.com\/wp-content\/uploads\/yemeksepeti-logo-400x76.png 400w, https:\/\/sambapos.com\/wp-content\/uploads\/yemeksepeti-logo-250x48.png 250w, https:\/\/sambapos.com\/wp-content\/uploads\/yemeksepeti-logo-30x6.png 30w, https:\/\/sambapos.com\/wp-content\/uploads\/yemeksepeti-logo.png 1079w\" sizes=\"auto, (max-width: 200px) 100vw, 200px\" \/><\/div><\/div><div class=\"w-separator size_custom\" style=\"height:25px\"><\/div><div class=\"wpb_text_column\"><div class=\"wpb_wrapper\"><h1>Yemeksepeti Entegrasyonu<\/h1>\n<\/div><\/div><div class=\"w-separator size_custom\" style=\"height:25px\"><\/div><div class=\"wpb_text_column us_custom_1e0e9307\"><div class=\"wpb_wrapper\"><p><strong>M\u00fc\u015fterilerinizin kolay bir sipari\u015f deneyimi ya\u015famas\u0131n<\/strong><strong>\u0131 sa\u011flay\u0131n<\/strong><strong>!<\/strong><\/p>\n<\/div><\/div><div class=\"w-separator size_custom\" style=\"height:25px\"><\/div><div class=\"wpb_text_column\"><div class=\"wpb_wrapper\"><p>\u0130nsanlar dijital bir ya\u015fam bi\u00e7imine adapte olurken online yemek sipari\u015fi, \u00e7ok \u00e7e\u015fitli m\u00fc\u015fterilere ula\u015fman\u0131n kolay ve kullan\u0131\u015fl\u0131 bir yoludur. SambaPOS, online yemek teslimatlar\u0131n\u0131z\u0131 art\u0131rman\u0131z\u0131 sa\u011flamak i\u00e7in Yemeksepeti ile entegrasyon sunar.<\/p>\n<p>Yemeksepeti ile entegre SambaPOS, sat\u0131\u015flar\u0131 ve gelirleri art\u0131rarak i\u015fletmeniz i\u00e7in harikalar yaratabilir.<\/p>\n<\/div><\/div><\/div><\/div><\/div><\/div><\/div><\/div><\/div><\/section><section class=\"l-section wpb_row us_custom_3b745cf9 height_auto\"><div class=\"l-section-h i-cf\"><div class=\"g-cols vc_row via_grid cols_1 laptops-cols_inherit tablets-cols_inherit mobiles-cols_1 valign_top type_default stacking_default\"><div class=\"wpb_column vc_column_container\"><div class=\"vc_column-inner\"><div class=\"w-separator hide_on_tablets hide_on_mobiles size_custom\" style=\"height:75px\"><\/div><\/div><\/div><\/div><\/div><\/section><section class=\"l-section wpb_row us_custom_3b745cf9 height_auto\"><div class=\"l-section-h i-cf\"><div class=\"g-cols vc_row via_grid cols_2 laptops-cols_inherit tablets-cols_inherit mobiles-cols_1 valign_top type_default stacking_default\" style=\"--columns-gap:5rem;\"><div class=\"wpb_column vc_column_container\"><div class=\"vc_column-inner\"><div class=\"wpb_text_column\"><div class=\"wpb_wrapper\"><h2>Restoran\u0131n\u0131z SambaPOS Yemeksepeti Entegrasyonu&#8217;ndan nas\u0131l faydalanabilir?<\/h2>\n<p>D\u00fczenli m\u00fc\u015fterileriniz Yemeksepeti&#8217;nde en sevdikleri yeme\u011fi sipari\u015f ettiklerinde restoran\u0131n\u0131z\u0131n ad\u0131n\u0131n g\u00f6r\u00fcnmesini \u00e7ok ister. SambaPOS Yemeksepeti entegrasyonu size basit ama g\u00fc\u00e7l\u00fc bir merkezi sipari\u015f sistemi sa\u011flayabilir. Yeni m\u00fc\u015fteriler edinmek ve onlar\u0131 kal\u0131c\u0131 tutmak, i\u015finizi daha iyi y\u00fcr\u00fctmenize yard\u0131mc\u0131 olabilecek bir di\u011fer kritik unsurdur.<\/p>\n<p><strong>Temel Faydalar<\/strong><\/p>\n<ul>\n<li>Her g\u00fcn yeni m\u00fc\u015fterilere ula\u015fman\u0131n verimli yolu<\/li>\n<li>Otomatik veri giri\u015fi, m\u00fc\u015fterilerinize ve i\u015finize odaklanmak i\u00e7in daha fazla zaman sa\u011flar<\/li>\n<li>Hizmetinizi iyile\u015ftirmek i\u00e7in raporlara dayal\u0131 \u00f6ng\u00f6r\u00fcler geli\u015ftirin<\/li>\n<li>G\u00f6rsel olarak \u00e7ekici men\u00fc resimleriyle daha fazla m\u00fc\u015fteri \u00e7ekin<\/li>\n<li>Sipari\u015f do\u011frulu\u011funu ve teslimat s\u00fcresini art\u0131ran kolayla\u015ft\u0131r\u0131lm\u0131\u015f ekranlar<\/li>\n<li>Online sipari\u015flerde daha fazla g\u00f6r\u00fcn\u00fcr olmak i\u00e7in sat\u0131\u015flar\u0131n\u0131z\u0131 ayr\u0131nt\u0131l\u0131 olarak takip edin.<\/li>\n<\/ul>\n<\/div><\/div><\/div><\/div><div class=\"wpb_column vc_column_container\"><div class=\"vc_column-inner\"><div class=\"g-cols wpb_row via_grid cols_1 laptops-cols_inherit tablets-cols_inherit mobiles-cols_1 valign_middle type_default stacking_default\" style=\"--columns-gap:calc(3rem + 30px);\"><div class=\"wpb_column vc_column_container\"><div class=\"vc_column-inner\"><div class=\"w-pricing style_cards items_1\"><div class=\"w-pricing-item type_featured\"><div class=\"w-pricing-item-h\"><div class=\"w-pricing-item-header\"><div class=\"w-pricing-item-title\">YemekSepeti Entegrasyonu<\/div><div class=\"w-pricing-item-price\">$79<font size=\"2\">+KDV<\/font><small>Y\u0131ll\u0131k<\/small><\/div><\/div><ul class=\"w-pricing-item-features\"><li class=\"w-pricing-item-feature\">Otomatik sipari\u015f aktar\u0131m\u0131<\/li><li class=\"w-pricing-item-feature\">Sipari\u015f ve paket\u00e7i takibi<\/li><li class=\"w-pricing-item-feature\">Detayl\u0131 raporlama<\/li><li class=\"w-pricing-item-feature\">-<\/li><li class=\"w-pricing-item-feature\">SambaPOS V5 Lisans\u0131 Gerektirir.<\/li><\/ul><div class=\"w-pricing-item-footer\"><a class=\"w-btn us-btn-style_28\" style=\"font-size:15px\" target=\"_blank\" rel=\"nofollow\" href=\"https:\/\/cp.sambapos.com\/market\"><span class=\"w-btn-label\">Sat\u0131n Al<\/span><\/a><\/div><\/div><\/div><\/div><\/div><\/div><\/div><\/div><\/div><\/div><\/div><\/section><section class=\"l-section wpb_row us_custom_3b745cf9 height_small\"><div class=\"l-section-h i-cf\"><div class=\"g-cols vc_row via_grid cols_1 laptops-cols_inherit tablets-cols_inherit mobiles-cols_1 valign_top type_default stacking_default\"><div class=\"wpb_column vc_column_container\"><div class=\"vc_column-inner\"><div class=\"w-separator size_custom\" style=\"height:75px\"><\/div><div class=\"g-cols wpb_row via_grid cols_2 laptops-cols_inherit tablets-cols_inherit mobiles-cols_1 valign_middle type_default stacking_default\" style=\"--columns-gap:calc(3rem + 30px);\"><div class=\"wpb_column vc_column_container\"><div class=\"vc_column-inner\"><div class=\"w-image align_center\"><div class=\"w-image-h\"><img decoding=\"async\" width=\"1024\" height=\"615\" src=\"https:\/\/sambapos.com\/wp-content\/uploads\/sambapos-products-copy-1024x615.png\" class=\"attachment-large size-large\" alt=\"SambaPOS Products\" loading=\"lazy\" srcset=\"https:\/\/sambapos.com\/wp-content\/uploads\/sambapos-products-copy-1024x615.png 1024w, https:\/\/sambapos.com\/wp-content\/uploads\/sambapos-products-copy-300x180.png 300w, https:\/\/sambapos.com\/wp-content\/uploads\/sambapos-products-copy-600x360.png 600w, https:\/\/sambapos.com\/wp-content\/uploads\/sambapos-products-copy-100x60.png 100w, https:\/\/sambapos.com\/wp-content\/uploads\/sambapos-products-copy-150x90.png 150w, https:\/\/sambapos.com\/wp-content\/uploads\/sambapos-products-copy-120x72.png 120w, https:\/\/sambapos.com\/wp-content\/uploads\/sambapos-products-copy-200x120.png 200w, https:\/\/sambapos.com\/wp-content\/uploads\/sambapos-products-copy-73x44.png 73w, https:\/\/sambapos.com\/wp-content\/uploads\/sambapos-products-copy-50x30.png 50w, https:\/\/sambapos.com\/wp-content\/uploads\/sambapos-products-copy-60x36.png 60w, https:\/\/sambapos.com\/wp-content\/uploads\/sambapos-products-copy-400x240.png 400w, https:\/\/sambapos.com\/wp-content\/uploads\/sambapos-products-copy.png 1333w\" sizes=\"auto, (max-width: 1024px) 100vw, 1024px\" \/><\/div><\/div><\/div><\/div><div class=\"wpb_column vc_column_container\"><div class=\"vc_column-inner\"><div class=\"wpb_text_column\"><div class=\"wpb_wrapper\"><h3>Yemeksepeti Entegrasyonu ile esnek ve h\u0131zl\u0131 online sipari\u015f sistemiyle m\u00fc\u015fterilerinizi etkilemeye haz\u0131r m\u0131s\u0131n\u0131z?<\/h3>\n<p>Bug\u00fcn SambaPOS&#8217;a ba\u015flamak ve i\u015finizin her ge\u00e7en g\u00fcn b\u00fcy\u00fcd\u00fc\u011f\u00fcn\u00fc g\u00f6rmek <a href=\"https:\/\/cp.sambapos.com\/market\"><strong><u>t\u0131klay\u0131n<\/u><\/strong><\/a> ya da bayi ba\u015fvurusunda bulunmak i\u00e7in <a href=\"https:\/\/sambapos.com\/tr\/yetkili-bayi-basvurusu\/\"><strong><u>buray<\/u><u>\u0131<\/u><u> t\u0131klay\u0131n<\/u>!<\/strong><\/a><\/p>\n<\/div><\/div><\/div><\/div><\/div><div class=\"w-separator size_custom\" style=\"height:75px\"><\/div><\/div><\/div><\/div><\/div><\/section>\n","protected":false},"excerpt":{"rendered":"Yemeksepeti Entegrasyonu, online yemek sipari\u015fleri Yemeksepeti Entegrasyonu M\u00fc\u015fterilerinizin kolay bir sipari\u015f deneyimi ya\u015famas\u0131n\u0131 sa\u011flay\u0131n! \u0130nsanlar dijital bir ya\u015fam bi\u00e7imine adapte olurken online yemek sipari\u015fi, \u00e7ok \u00e7e\u015fitli m\u00fc\u015fterilere ula\u015fman\u0131n kolay ve kullan\u0131\u015fl\u0131 bir yoludur. SambaPOS, online yemek teslimatlar\u0131n\u0131z\u0131 art\u0131rman\u0131z\u0131 sa\u011flamak i\u00e7in Yemeksepeti ile entegrasyon sunar. Yemeksepeti ile entegre SambaPOS, sat\u0131\u015flar\u0131 ve gelirleri art\u0131rarak i\u015fletmeniz i\u00e7in harikalar...","protected":false},"author":1,"featured_media":0,"parent":0,"menu_order":0,"comment_status":"closed","ping_status":"closed","template":"","meta":{"footnotes":""},"class_list":["post-13076","page","type-page","status-publish","hentry"],"_links":{"self":[{"href":"https:\/\/sambapos.com\/tr\/wp-json\/wp\/v2\/pages\/13076","targetHints":{"allow":["GET"]}}],"collection":[{"href":"https:\/\/sambapos.com\/tr\/wp-json\/wp\/v2\/pages"}],"about":[{"href":"https:\/\/sambapos.com\/tr\/wp-json\/wp\/v2\/types\/page"}],"author":[{"embeddable":true,"href":"https:\/\/sambapos.com\/tr\/wp-json\/wp\/v2\/users\/1"}],"replies":[{"embeddable":true,"href":"https:\/\/sambapos.com\/tr\/wp-json\/wp\/v2\/comments?post=13076"}],"version-history":[{"count":12,"href":"https:\/\/sambapos.com\/tr\/wp-json\/wp\/v2\/pages\/13076\/revisions"}],"predecessor-version":[{"id":16008,"href":"https:\/\/sambapos.com\/tr\/wp-json\/wp\/v2\/pages\/13076\/revisions\/16008"}],"wp:attachment":[{"href":"https:\/\/sambapos.com\/tr\/wp-json\/wp\/v2\/media?parent=13076"}],"curies":[{"name":"wp","href":"https:\/\/api.w.org\/{rel}","templated":true}]}}