{"id":13069,"date":"2021-11-28T20:09:46","date_gmt":"2021-11-28T20:09:46","guid":{"rendered":"https:\/\/sambapos.com\/trendyolyemek-integration\/"},"modified":"2023-10-11T08:10:09","modified_gmt":"2023-10-11T08:10:09","slug":"trendyol-yemek-entegrasyonu","status":"publish","type":"page","link":"https:\/\/sambapos.com\/tr\/trendyol-yemek-entegrasyonu\/","title":{"rendered":"Trendyol Yemek Entegrasyonu"},"content":{"rendered":"<section class=\"l-section wpb_row us_custom_c59a793c hide_on_tablets hide_on_mobiles height_small\"><div class=\"l-section-h i-cf\"><div class=\"g-cols vc_row via_grid cols_1 laptops-cols_inherit tablets-cols_inherit mobiles-cols_1 valign_top type_default stacking_default\" style=\"--columns-gap:30rem;\"><div class=\"wpb_column vc_column_container\"><div class=\"vc_column-inner\"><div class=\"g-cols wpb_row via_grid cols_2 laptops-cols_inherit tablets-cols_inherit mobiles-cols_1 valign_middle type_default stacking_default\" style=\"--columns-gap:calc(3rem + 30px);\"><div class=\"wpb_column vc_column_container us_custom_71be7f86\"><div class=\"vc_column-inner\"><div class=\"wpb_text_column hide_on_default hide_on_laptops hide_on_tablets hide_on_mobiles\"><div class=\"wpb_wrapper\"><p>SambaPOS\u00a0\u00a0Trendyol Yemek entegrasyonu, operasyonlar\u0131n\u0131z\u0131 \u00f6l\u00e7eklendirmenize ve m\u00fc\u015fteri mutlulu\u011funuzu art\u0131rman\u0131za yard\u0131mc\u0131 olur.<\/p>\n<\/div><\/div><div class=\"w-image align_left\"><div class=\"w-image-h\"><img decoding=\"async\" width=\"200\" height=\"26\" src=\"https:\/\/sambapos.com\/wp-content\/uploads\/trendyol-yemek-logo-200x26.png\" class=\"attachment-us_200_0_crop size-us_200_0_crop\" alt=\"\" loading=\"lazy\" srcset=\"https:\/\/sambapos.com\/wp-content\/uploads\/trendyol-yemek-logo-200x26.png 200w, https:\/\/sambapos.com\/wp-content\/uploads\/trendyol-yemek-logo-300x39.png 300w, https:\/\/sambapos.com\/wp-content\/uploads\/trendyol-yemek-logo-1024x134.png 1024w, https:\/\/sambapos.com\/wp-content\/uploads\/trendyol-yemek-logo-600x79.png 600w, https:\/\/sambapos.com\/wp-content\/uploads\/trendyol-yemek-logo-100x13.png 100w, https:\/\/sambapos.com\/wp-content\/uploads\/trendyol-yemek-logo-150x20.png 150w, https:\/\/sambapos.com\/wp-content\/uploads\/trendyol-yemek-logo-120x16.png 120w, https:\/\/sambapos.com\/wp-content\/uploads\/trendyol-yemek-logo-336x44.png 336w, https:\/\/sambapos.com\/wp-content\/uploads\/trendyol-yemek-logo-229x30.png 229w, https:\/\/sambapos.com\/wp-content\/uploads\/trendyol-yemek-logo-60x8.png 60w, https:\/\/sambapos.com\/wp-content\/uploads\/trendyol-yemek-logo-400x52.png 400w, https:\/\/sambapos.com\/wp-content\/uploads\/trendyol-yemek-logo-250x33.png 250w, https:\/\/sambapos.com\/wp-content\/uploads\/trendyol-yemek-logo-30x4.png 30w, https:\/\/sambapos.com\/wp-content\/uploads\/trendyol-yemek-logo.png 1528w\" sizes=\"auto, (max-width: 200px) 100vw, 200px\" \/><\/div><\/div><div class=\"w-separator size_custom\" style=\"height:25px\"><\/div><div class=\"wpb_text_column\"><div class=\"wpb_wrapper\"><h1><span style=\"color: #ff3131;\">Restoranlar i\u00e7in SambaPOS Trendyol Yemek Entegrasyonu<\/span><\/h1>\n<\/div><\/div><div class=\"w-separator size_custom\" style=\"height:25px\"><\/div><div class=\"wpb_text_column us_custom_1e0e9307\"><div class=\"wpb_wrapper\"><p><strong>SambaPOS, Trendyol pazaryerinin online yemek sipari\u015f platformu TrendyolYemek ile i\u015f birli\u011fi yap\u0131yor.<\/strong><\/p>\n<\/div><\/div><div class=\"w-separator size_custom\" style=\"height:25px\"><\/div><div class=\"wpb_text_column\"><div class=\"wpb_wrapper\"><p>SambaPOS Trendyol Yemek Entegrasyonunun i\u015finizi b\u00fcy\u00fctmenize nas\u0131l yard\u0131mc\u0131 olabilece\u011fini \u00f6\u011frenin!<\/p>\n<ul>\n<li>Web Sitesi Entegrasyonu<\/li>\n<li>Uygulama Entegrasyonu<\/li>\n<li>Veri Raporlar\u0131<\/li>\n<\/ul>\n<\/div><\/div><\/div><\/div><div class=\"wpb_column vc_column_container\"><div class=\"vc_column-inner\"><\/div><\/div><\/div><div class=\"w-separator size_custom\" style=\"height:75px\"><\/div><\/div><\/div><\/div><\/div><\/section><section class=\"l-section wpb_row hide_on_default hide_on_laptops height_small\"><div class=\"l-section-h i-cf\"><div class=\"g-cols vc_row via_grid cols_1 laptops-cols_inherit tablets-cols_inherit mobiles-cols_1 valign_top type_default stacking_default\" style=\"--columns-gap:30rem;\"><div class=\"wpb_column vc_column_container\"><div class=\"vc_column-inner\"><div class=\"g-cols wpb_row via_grid cols_1 laptops-cols_inherit tablets-cols_inherit mobiles-cols_1 valign_middle type_default stacking_default\" style=\"--columns-gap:calc(3rem + 30px);\"><div class=\"wpb_column vc_column_container us_custom_71be7f86\"><div class=\"vc_column-inner\"><div class=\"w-image align_left\"><div class=\"w-image-h\"><img decoding=\"async\" width=\"200\" height=\"26\" src=\"https:\/\/sambapos.com\/wp-content\/uploads\/trendyol-yemek-logo-200x26.png\" class=\"attachment-us_200_0_crop size-us_200_0_crop\" alt=\"\" loading=\"lazy\" srcset=\"https:\/\/sambapos.com\/wp-content\/uploads\/trendyol-yemek-logo-200x26.png 200w, https:\/\/sambapos.com\/wp-content\/uploads\/trendyol-yemek-logo-300x39.png 300w, https:\/\/sambapos.com\/wp-content\/uploads\/trendyol-yemek-logo-1024x134.png 1024w, https:\/\/sambapos.com\/wp-content\/uploads\/trendyol-yemek-logo-600x79.png 600w, https:\/\/sambapos.com\/wp-content\/uploads\/trendyol-yemek-logo-100x13.png 100w, https:\/\/sambapos.com\/wp-content\/uploads\/trendyol-yemek-logo-150x20.png 150w, https:\/\/sambapos.com\/wp-content\/uploads\/trendyol-yemek-logo-120x16.png 120w, https:\/\/sambapos.com\/wp-content\/uploads\/trendyol-yemek-logo-336x44.png 336w, https:\/\/sambapos.com\/wp-content\/uploads\/trendyol-yemek-logo-229x30.png 229w, https:\/\/sambapos.com\/wp-content\/uploads\/trendyol-yemek-logo-60x8.png 60w, https:\/\/sambapos.com\/wp-content\/uploads\/trendyol-yemek-logo-400x52.png 400w, https:\/\/sambapos.com\/wp-content\/uploads\/trendyol-yemek-logo-250x33.png 250w, https:\/\/sambapos.com\/wp-content\/uploads\/trendyol-yemek-logo-30x4.png 30w, https:\/\/sambapos.com\/wp-content\/uploads\/trendyol-yemek-logo.png 1528w\" sizes=\"auto, (max-width: 200px) 100vw, 200px\" \/><\/div><\/div><div class=\"w-separator size_custom\" style=\"height:25px\"><\/div><div class=\"wpb_text_column\"><div class=\"wpb_wrapper\"><h1><span style=\"color: #ff3131;\">Restoranlar i\u00e7in SambaPOS Trendyol Yemek Entegrasyonu<\/span><\/h1>\n<\/div><\/div><div class=\"w-separator size_custom\" style=\"height:25px\"><\/div><div class=\"wpb_text_column us_custom_1e0e9307\"><div class=\"wpb_wrapper\"><p><strong>SambaPOS, Trendyol pazaryerinin online yemek sipari\u015f platformu TrendyolYemek ile i\u015f birli\u011fi yap\u0131yor.<\/strong><\/p>\n<\/div><\/div><div class=\"w-separator size_custom\" style=\"height:25px\"><\/div><div class=\"wpb_text_column\"><div class=\"wpb_wrapper\"><p>SambaPOS Trendyol Yemek Entegrasyonunun i\u015finizi b\u00fcy\u00fctmenize nas\u0131l yard\u0131mc\u0131 olabilece\u011fini \u00f6\u011frenin!<\/p>\n<ul>\n<li>Web Sitesi Entegrasyonu<\/li>\n<li>Uygulama Entegrasyonu<\/li>\n<li>Veri Raporlar\u0131<\/li>\n<\/ul>\n<\/div><\/div><\/div><\/div><\/div><div class=\"w-separator size_custom\" style=\"height:75px\"><\/div><\/div><\/div><\/div><\/div><\/section><section class=\"l-section wpb_row us_custom_3b745cf9 height_auto\"><div class=\"l-section-h i-cf\"><div class=\"g-cols vc_row via_grid cols_1 laptops-cols_inherit tablets-cols_inherit mobiles-cols_1 valign_top type_default stacking_default\"><div class=\"wpb_column vc_column_container\"><div class=\"vc_column-inner\"><div class=\"g-cols wpb_row via_grid cols_2 laptops-cols_inherit tablets-cols_inherit mobiles-cols_1 valign_top type_default stacking_default\" style=\"--columns-gap:calc(3rem + 30px);\"><div class=\"wpb_column vc_column_container us_custom_6b8248eb\"><div class=\"vc_column-inner\"><div class=\"w-iconbox iconpos_left style_default color_primary align_left\"><div class=\"w-iconbox-icon\" style=\"font-size:2rem;\"><i class=\"fas fa-angle-right\"><\/i><\/div><div class=\"w-iconbox-meta\"><h5 class=\"w-iconbox-title\"><b>Restoran\u0131n\u0131z \u0130\u00e7in SambaPOS Trendyol Yemek Entegrasyonunu<\/b><\/h5><div class=\"w-iconbox-text\"><p><strong>SambaPOS\u00a0<\/strong>\u00a0<strong>Trendyol Yemek entegrasyonu<\/strong>, operasyonlar\u0131n\u0131z\u0131 \u00f6l\u00e7eklendirmenize ve m\u00fc\u015fteri mutlulu\u011funuzu art\u0131rman\u0131za yard\u0131mc\u0131 olabilir. Bir restoran sahibi olarak nihai amac\u0131n\u0131z daha fazla sipari\u015f almakt\u0131r ve bu entegrasyon bunda size yard\u0131mc\u0131 olabilir. Sisteminizle sorunsuz bir \u015fekilde uyum sa\u011flar ve i\u015fletmeniz i\u00e7in kaliteli m\u00fc\u015fteri adaylar\u0131 olu\u015fturman\u0131za yard\u0131mc\u0131 olur!<\/p>\n<h5><strong>Merkezi Sipari\u015f \u0130\u015fleme<\/strong><\/h5>\n<ul>\n<li>T\u00fcm sipari\u015flere tek bir yerden eri\u015fin<\/li>\n<li>Sat\u0131\u015flar, m\u00fc\u015fteri verileri ve daha fazlas\u0131 i\u00e7in ayr\u0131nt\u0131l\u0131 raporlar al\u0131n<\/li>\n<li>Men\u00fcn\u00fcz\u00fc otomatik olarak g\u00fcncelleyin<\/li>\n<\/ul>\n<\/div><\/div><\/div><\/div><\/div><div class=\"wpb_column vc_column_container us_custom_6b8248eb\"><div class=\"vc_column-inner\"><div class=\"w-iconbox iconpos_left style_default color_primary align_left\"><div class=\"w-iconbox-icon\" style=\"font-size:2rem;\"><i class=\"fas fa-angle-right\"><\/i><\/div><div class=\"w-iconbox-meta\"><h5 class=\"w-iconbox-title\"><b>SambaPOS Trendyol Yemek Entegrasyonu ile Online Varl\u0131\u011f\u0131n\u0131z\u0131 Artt\u0131r\u0131n<\/b><\/h5><div class=\"w-iconbox-text\"><p>Restoran sisteminizin pop\u00fcler bir yemek sipari\u015fi platformuyla entegrasyonu, online varl\u0131\u011f\u0131n\u0131z\u0131 geli\u015ftirmenize yard\u0131mc\u0131 olabilir. G\u00f6r\u00fcn\u00fcr olma, herhangi bir i\u015fi b\u00fcy\u00fctmede \u00f6nemli bir fakt\u00f6rd\u00fcr ve <strong>SambaPOS Trendyol Yemek entegrasyonu<\/strong>, m\u00fc\u015fteri taban\u0131n\u0131z\u0131 geni\u015fletmenize yard\u0131mc\u0131 olabilir.<\/p>\n<p>Restoran\u0131n\u0131z\u0131n pop\u00fclaritesi artt\u0131\u011f\u0131nda, \u00e7e\u015fitli konumlardan m\u00fc\u015fterilerle ileti\u015fim kurabileceksiniz. Ek bir avantaj olarak, restoran\u0131n\u0131z\u0131n etkinliklerini daha geni\u015f bir hedef kitleye tan\u0131tabileceksiniz.<\/p>\n<\/div><\/div><\/div><\/div><\/div><\/div><\/div><\/div><\/div><\/div><\/section><section class=\"l-section wpb_row us_custom_3b745cf9 height_auto\"><div class=\"l-section-h i-cf\"><div class=\"g-cols vc_row via_grid cols_1 laptops-cols_inherit tablets-cols_inherit mobiles-cols_1 valign_top type_default stacking_default\"><div class=\"wpb_column vc_column_container\"><div class=\"vc_column-inner\"><div class=\"w-separator size_custom\" style=\"height:75px\"><\/div><div class=\"g-cols wpb_row via_grid cols_2 laptops-cols_inherit tablets-cols_inherit mobiles-cols_1 valign_middle type_default stacking_default\" style=\"--columns-gap:calc(3rem + 30px);\"><div class=\"wpb_column vc_column_container\"><div class=\"vc_column-inner\"><div class=\"w-image align_center\"><div class=\"w-image-h\"><img decoding=\"async\" width=\"1024\" height=\"615\" src=\"https:\/\/sambapos.com\/wp-content\/uploads\/sambapos-products-copy-1024x615.png\" class=\"attachment-large size-large\" alt=\"SambaPOS Products\" loading=\"lazy\" srcset=\"https:\/\/sambapos.com\/wp-content\/uploads\/sambapos-products-copy-1024x615.png 1024w, https:\/\/sambapos.com\/wp-content\/uploads\/sambapos-products-copy-300x180.png 300w, https:\/\/sambapos.com\/wp-content\/uploads\/sambapos-products-copy-600x360.png 600w, https:\/\/sambapos.com\/wp-content\/uploads\/sambapos-products-copy-100x60.png 100w, https:\/\/sambapos.com\/wp-content\/uploads\/sambapos-products-copy-150x90.png 150w, https:\/\/sambapos.com\/wp-content\/uploads\/sambapos-products-copy-120x72.png 120w, https:\/\/sambapos.com\/wp-content\/uploads\/sambapos-products-copy-200x120.png 200w, https:\/\/sambapos.com\/wp-content\/uploads\/sambapos-products-copy-73x44.png 73w, https:\/\/sambapos.com\/wp-content\/uploads\/sambapos-products-copy-50x30.png 50w, https:\/\/sambapos.com\/wp-content\/uploads\/sambapos-products-copy-60x36.png 60w, https:\/\/sambapos.com\/wp-content\/uploads\/sambapos-products-copy-400x240.png 400w, https:\/\/sambapos.com\/wp-content\/uploads\/sambapos-products-copy.png 1333w\" sizes=\"auto, (max-width: 1024px) 100vw, 1024px\" \/><\/div><\/div><\/div><\/div><div class=\"wpb_column vc_column_container\"><div class=\"vc_column-inner\"><div class=\"wpb_text_column\"><div class=\"wpb_wrapper\"><h3>SambaPOS Trendyol Yemek Entegrasyonundan Yararlan\u0131n<\/h3>\n<p>SambaPOS Trendyol Yemek Entegrasyonunu tercih edebilir, m\u00fckemmel avantajlardan yararlanabilirsiniz. \u0130\u015finizi nas\u0131l geli\u015ftirebilece\u011finizi \u00f6\u011frenmek i\u00e7in buray\u0131 <a href=\"https:\/\/cp.sambapos.com\/market\"><strong><u>t\u0131klay\u0131n<\/u><\/strong><\/a> ya da bayi olmak i\u00e7in buraya <a href=\"https:\/\/sambapos.com\/tr\/yetkili-bayi-basvurusu\/\"><strong><u>t\u0131klay\u0131n<\/u>!<\/strong><\/a><\/p>\n<\/div><\/div><\/div><\/div><\/div><div class=\"w-separator size_custom\" style=\"height:75px\"><\/div><\/div><\/div><\/div><\/div><\/section>\n","protected":false},"excerpt":{"rendered":"SambaPOS\u00a0\u00a0Trendyol Yemek entegrasyonu, operasyonlar\u0131n\u0131z\u0131 \u00f6l\u00e7eklendirmenize ve m\u00fc\u015fteri mutlulu\u011funuzu art\u0131rman\u0131za yard\u0131mc\u0131 olur. Restoranlar i\u00e7in SambaPOS Trendyol Yemek Entegrasyonu SambaPOS, Trendyol pazaryerinin online yemek sipari\u015f platformu TrendyolYemek ile i\u015f birli\u011fi yap\u0131yor. SambaPOS Trendyol Yemek Entegrasyonunun i\u015finizi b\u00fcy\u00fctmenize nas\u0131l yard\u0131mc\u0131 olabilece\u011fini \u00f6\u011frenin! Web Sitesi Entegrasyonu Uygulama Entegrasyonu Veri Raporlar\u0131 Restoranlar i\u00e7in SambaPOS Trendyol Yemek Entegrasyonu SambaPOS, Trendyol pazaryerinin...","protected":false},"author":1,"featured_media":0,"parent":0,"menu_order":0,"comment_status":"closed","ping_status":"closed","template":"","meta":{"footnotes":""},"class_list":["post-13069","page","type-page","status-publish","hentry"],"_links":{"self":[{"href":"https:\/\/sambapos.com\/tr\/wp-json\/wp\/v2\/pages\/13069","targetHints":{"allow":["GET"]}}],"collection":[{"href":"https:\/\/sambapos.com\/tr\/wp-json\/wp\/v2\/pages"}],"about":[{"href":"https:\/\/sambapos.com\/tr\/wp-json\/wp\/v2\/types\/page"}],"author":[{"embeddable":true,"href":"https:\/\/sambapos.com\/tr\/wp-json\/wp\/v2\/users\/1"}],"replies":[{"embeddable":true,"href":"https:\/\/sambapos.com\/tr\/wp-json\/wp\/v2\/comments?post=13069"}],"version-history":[{"count":8,"href":"https:\/\/sambapos.com\/tr\/wp-json\/wp\/v2\/pages\/13069\/revisions"}],"predecessor-version":[{"id":16000,"href":"https:\/\/sambapos.com\/tr\/wp-json\/wp\/v2\/pages\/13069\/revisions\/16000"}],"wp:attachment":[{"href":"https:\/\/sambapos.com\/tr\/wp-json\/wp\/v2\/media?parent=13069"}],"curies":[{"name":"wp","href":"https:\/\/api.w.org\/{rel}","templated":true}]}}