{"id":13062,"date":"2021-11-29T07:56:31","date_gmt":"2021-11-29T07:56:31","guid":{"rendered":"https:\/\/sambapos.com\/sambapos-restajet-integration\/"},"modified":"2023-11-16T06:29:50","modified_gmt":"2023-11-16T06:29:50","slug":"sambapos-restajet-entegrasyonu","status":"publish","type":"page","link":"https:\/\/sambapos.com\/tr\/sambapos-restajet-entegrasyonu\/","title":{"rendered":"RestaJet Entegrasyonu"},"content":{"rendered":"<section class=\"l-section wpb_row us_custom_2fe0faed hide_on_tablets hide_on_mobiles height_large\"><div class=\"l-section-h i-cf\"><div class=\"g-cols vc_row via_grid cols_1 laptops-cols_inherit tablets-cols_inherit mobiles-cols_1 valign_top type_default stacking_default\" style=\"--columns-gap:30rem;\"><div class=\"wpb_column vc_column_container\"><div class=\"vc_column-inner\"><div class=\"g-cols wpb_row via_grid cols_2 laptops-cols_inherit tablets-cols_inherit mobiles-cols_1 valign_top type_default stacking_default\" style=\"--columns-gap:calc(3rem + 30px);\"><div class=\"wpb_column vc_column_container us_custom_6c91cc95\"><div class=\"vc_column-inner\"><div class=\"wpb_text_column hide_on_default hide_on_laptops hide_on_tablets hide_on_mobiles\"><div class=\"wpb_wrapper\"><p>SambaPOS online sipari\u015f platformlar\u0131ndan RestaJet ile entegredir. \u0130\u015fletmenizi geni\u015f bir kitleye pazarlamak ve tan\u0131tmak i\u00e7in RestaJet entegrasyonu kullan\u0131n.<\/p>\n<\/div><\/div><div class=\"wpb_text_column\"><div class=\"wpb_wrapper\"><h1>Restoran \u0130\u015fletmeniz i\u00e7in RestaJet Entegrasyonu<\/h1>\n<\/div><\/div><div class=\"w-separator size_custom\" style=\"height:25px\"><\/div><div class=\"wpb_text_column us_custom_1e0e9307\"><div class=\"wpb_wrapper\"><p><strong>SambaPOS&#8217;un m\u00fc\u015fteriler i\u00e7in sipari\u015f verme ve yemek yeme deneyimini daha sistematik ve kullan\u0131\u015fl\u0131 hale getiren \u00e7e\u015fitli yenilikler ve \u00f6zellikler sundu\u011fu <\/strong><strong>m\u00fc\u015fterilerimiz taraf\u0131ndan <\/strong><strong>bilinmektedir.<\/strong><\/p>\n<\/div><\/div><div class=\"w-separator size_custom\" style=\"height:25px\"><\/div><div class=\"wpb_text_column\"><div class=\"wpb_wrapper\"><p>Ak\u0131ll\u0131 i\u015f stratejileri geli\u015ftirmek i\u00e7in size daha fazla zaman b\u0131rakarak,elle yap\u0131lan \u00e7al\u0131\u015fmalar\u0131 \u00f6nemli \u00f6l\u00e7\u00fcde azaltmaya yard\u0131mc\u0131 olur. SambaPOS RestaJet entegrasyonu ile restoran\u0131n\u0131z\u0131n daha fazla sat\u0131\u015f yapmas\u0131na yard\u0131mc\u0131 olacak ek avantajlar elde edebilirsiniz. Sipari\u015flerinizi ve m\u00fc\u015fteri taban\u0131n\u0131z\u0131 nas\u0131l b\u00fcy\u00fctt\u00fc\u011f\u00fcn\u00fcz\u00fc her g\u00fcn g\u00f6zlemleyeceksiniz.<\/p>\n<\/div><\/div><\/div><\/div><div class=\"wpb_column vc_column_container\"><div class=\"vc_column-inner\"><\/div><\/div><\/div><div class=\"w-separator size_custom\" style=\"height:75px\"><\/div><\/div><\/div><\/div><\/div><\/section><section class=\"l-section wpb_row hide_on_default hide_on_laptops height_large\"><div class=\"l-section-h i-cf\"><div class=\"g-cols vc_row via_grid cols_1 laptops-cols_inherit tablets-cols_inherit mobiles-cols_1 valign_top type_default stacking_default\" style=\"--columns-gap:30rem;\"><div class=\"wpb_column vc_column_container\"><div class=\"vc_column-inner\"><div class=\"w-separator size_custom\" style=\"height:75px\"><\/div><div class=\"g-cols wpb_row via_grid cols_1 laptops-cols_inherit tablets-cols_inherit mobiles-cols_1 valign_top type_default stacking_default\" style=\"--columns-gap:calc(3rem + 30px);\"><div class=\"wpb_column vc_column_container\"><div class=\"vc_column-inner\"><div class=\"wpb_text_column\"><div class=\"wpb_wrapper\"><h1>Restoran \u0130\u015fletmeniz i\u00e7in RestaJet Entegrasyonu<\/h1>\n<\/div><\/div><div class=\"w-separator size_custom\" style=\"height:25px\"><\/div><div class=\"wpb_text_column us_custom_1e0e9307\"><div class=\"wpb_wrapper\"><p><strong>SambaPOS&#8217;un m\u00fc\u015fteriler i\u00e7in sipari\u015f verme ve yemek yeme deneyimini daha sistematik ve kullan\u0131\u015fl\u0131 hale getiren \u00e7e\u015fitli yenilikler ve \u00f6zellikler sundu\u011fu <\/strong><strong>m\u00fc\u015fterilerimiz taraf\u0131ndan <\/strong><strong>bilinmektedir.<\/strong><\/p>\n<\/div><\/div><div class=\"w-separator size_custom\" style=\"height:25px\"><\/div><div class=\"wpb_text_column\"><div class=\"wpb_wrapper\"><p>Ak\u0131ll\u0131 i\u015f stratejileri geli\u015ftirmek i\u00e7in size daha fazla zaman b\u0131rakarak,elle yap\u0131lan \u00e7al\u0131\u015fmalar\u0131 \u00f6nemli \u00f6l\u00e7\u00fcde azaltmaya yard\u0131mc\u0131 olur. SambaPOS RestaJet entegrasyonu ile restoran\u0131n\u0131z\u0131n daha fazla sat\u0131\u015f yapmas\u0131na yard\u0131mc\u0131 olacak ek avantajlar elde edebilirsiniz. Sipari\u015flerinizi ve m\u00fc\u015fteri taban\u0131n\u0131z\u0131 nas\u0131l b\u00fcy\u00fctt\u00fc\u011f\u00fcn\u00fcz\u00fc her g\u00fcn g\u00f6zlemleyeceksiniz.<\/p>\n<\/div><\/div><\/div><\/div><\/div><\/div><\/div><\/div><\/div><\/section><section class=\"l-section wpb_row us_custom_3b745cf9 height_auto\"><div class=\"l-section-h i-cf\"><div class=\"g-cols vc_row via_grid cols_2 laptops-cols_inherit tablets-cols_inherit mobiles-cols_1 valign_middle type_default stacking_default\" style=\"--columns-gap:5rem;\"><div class=\"wpb_column vc_column_container\"><div class=\"vc_column-inner\"><div class=\"wpb_text_column\"><div class=\"wpb_wrapper\"><h2>RestaJet Entegrasyonu Hakk\u0131nda<\/h2>\n<p>Restoranlar, SambaPOS&#8217;lar\u0131n\u0131 en pop\u00fcler online sipari\u015f platformlar\u0131ndan biri olan RestaJet ile entegre edebilir. \u0130\u015fletmenizi daha geni\u015f bir kitleye pazarlamak ve tan\u0131tmak i\u00e7in SambaPOS RestaJet entegrasyonundan yararlan\u0131n.<\/p>\n<\/div><\/div><\/div><\/div><div class=\"wpb_column vc_column_container\"><div class=\"vc_column-inner\"><div class=\"g-cols wpb_row via_grid cols_1 laptops-cols_inherit tablets-cols_inherit mobiles-cols_1 valign_middle type_default stacking_default\" style=\"--columns-gap:calc(3rem + 30px);\"><div class=\"wpb_column vc_column_container\"><div class=\"vc_column-inner\"><div class=\"w-pricing style_cards items_1\"><div class=\"w-pricing-item type_featured\"><div class=\"w-pricing-item-h\"><div class=\"w-pricing-item-header\"><div class=\"w-pricing-item-title\">RestaJet Entegrasyonu<\/div><div class=\"w-pricing-item-price\">$109<small>Y\u0131ll\u0131k \u00fccretler!<\/small><\/div><\/div><ul class=\"w-pricing-item-features\"><li class=\"w-pricing-item-feature\">Hem web sitesi hem uygulama \u00fczerinden sipari\u015f<\/li><li class=\"w-pricing-item-feature\">Anla\u015f\u0131l\u0131r raporlar ve veri analiti\u011fi<\/li><li class=\"w-pricing-item-feature\">-<\/li><li class=\"w-pricing-item-feature\">SambaPOS V5 Pro Lisans\u0131 Gerektirir<\/li><\/ul><div class=\"w-pricing-item-footer\"><a class=\"w-btn us-btn-style_28\" style=\"font-size:15px\" target=\"_blank\" rel=\"nofollow\" href=\"https:\/\/cp.sambapos.com\/market\"><span class=\"w-btn-label\">Sat\u0131n Al<\/span><\/a><\/div><\/div><\/div><\/div><\/div><\/div><\/div><\/div><\/div><\/div><\/div><\/section><section class=\"l-section wpb_row us_custom_3b745cf9 height_auto\"><div class=\"l-section-h i-cf\"><div class=\"g-cols vc_row via_grid cols_1 laptops-cols_inherit tablets-cols_inherit mobiles-cols_1 valign_top type_default stacking_default\"><div class=\"wpb_column vc_column_container\"><div class=\"vc_column-inner\"><div class=\"w-separator size_custom\" style=\"height:75px\"><\/div><div class=\"g-cols wpb_row via_grid cols_2 laptops-cols_inherit tablets-cols_inherit mobiles-cols_1 valign_middle type_default stacking_default\" style=\"--columns-gap:calc(3rem + 30px);\"><div class=\"wpb_column vc_column_container\"><div class=\"vc_column-inner\"><div class=\"w-image align_center\"><div class=\"w-image-h\"><img decoding=\"async\" width=\"1024\" height=\"615\" src=\"https:\/\/sambapos.com\/wp-content\/uploads\/sambapos-products-copy-1024x615.png\" class=\"attachment-large size-large\" alt=\"SambaPOS Products\" loading=\"lazy\" srcset=\"https:\/\/sambapos.com\/wp-content\/uploads\/sambapos-products-copy-1024x615.png 1024w, https:\/\/sambapos.com\/wp-content\/uploads\/sambapos-products-copy-300x180.png 300w, https:\/\/sambapos.com\/wp-content\/uploads\/sambapos-products-copy-600x360.png 600w, https:\/\/sambapos.com\/wp-content\/uploads\/sambapos-products-copy-100x60.png 100w, https:\/\/sambapos.com\/wp-content\/uploads\/sambapos-products-copy-150x90.png 150w, https:\/\/sambapos.com\/wp-content\/uploads\/sambapos-products-copy-120x72.png 120w, https:\/\/sambapos.com\/wp-content\/uploads\/sambapos-products-copy-200x120.png 200w, https:\/\/sambapos.com\/wp-content\/uploads\/sambapos-products-copy-73x44.png 73w, https:\/\/sambapos.com\/wp-content\/uploads\/sambapos-products-copy-50x30.png 50w, https:\/\/sambapos.com\/wp-content\/uploads\/sambapos-products-copy-60x36.png 60w, https:\/\/sambapos.com\/wp-content\/uploads\/sambapos-products-copy-400x240.png 400w, https:\/\/sambapos.com\/wp-content\/uploads\/sambapos-products-copy.png 1333w\" sizes=\"auto, (max-width: 1024px) 100vw, 1024px\" \/><\/div><\/div><\/div><\/div><div class=\"wpb_column vc_column_container\"><div class=\"vc_column-inner\"><div class=\"wpb_text_column\"><div class=\"wpb_wrapper\"><h3>\u0130\u015finizi B\u00fcy\u00fct\u00fcn!<\/h3>\n<p><strong>SambaPOS RestaJet entegrasyonu<\/strong> hem web sitesi hem de uygulama \u00fczerinden \u00e7al\u0131\u015f\u0131r. Detayl\u0131 raporlar yard\u0131m\u0131yla sipari\u015flerinizi analiz edin! Entegrasyon, online varl\u0131\u011f\u0131n\u0131z\u0131 g\u00fc\u00e7lendirir ve ayr\u0131ca restoran\u0131n\u0131z\u0131n t\u00fcm etkinliklerini duyurman\u0131z\u0131 sa\u011flar.<\/p>\n<p>Restoran\u0131n\u0131z i\u00e7in <strong>SambaPOS RestaJet entegrasyonundan<\/strong> yararlan\u0131n! Merkezi sipari\u015f y\u00f6netimi ile daha fazla m\u00fc\u015fteriyi memnun edin. SambaPOS <a href=\"https:\/\/cp.sambapos.com\/market\"><strong><u>sat\u0131n al\u0131n<\/u><\/strong><\/a> ya da <a href=\"https:\/\/sambapos.com\/tr\/yetkili-bayi-basvurusu\/\"><strong>bayi olmak i\u00e7in <\/strong><u>t\u0131klay\u0131n<\/u>.<\/a><\/p>\n<\/div><\/div><\/div><\/div><\/div><div class=\"w-separator size_custom\" style=\"height:75px\"><\/div><\/div><\/div><\/div><\/div><\/section>\n","protected":false},"excerpt":{"rendered":"SambaPOS online sipari\u015f platformlar\u0131ndan RestaJet ile entegredir. \u0130\u015fletmenizi geni\u015f bir kitleye pazarlamak ve tan\u0131tmak i\u00e7in RestaJet entegrasyonu kullan\u0131n. Restoran \u0130\u015fletmeniz i\u00e7in RestaJet Entegrasyonu SambaPOS&#8217;un m\u00fc\u015fteriler i\u00e7in sipari\u015f verme ve yemek yeme deneyimini daha sistematik ve kullan\u0131\u015fl\u0131 hale getiren \u00e7e\u015fitli yenilikler ve \u00f6zellikler sundu\u011fu m\u00fc\u015fterilerimiz taraf\u0131ndan bilinmektedir. Ak\u0131ll\u0131 i\u015f stratejileri geli\u015ftirmek i\u00e7in size daha fazla zaman...","protected":false},"author":1,"featured_media":0,"parent":0,"menu_order":0,"comment_status":"closed","ping_status":"closed","template":"","meta":{"footnotes":""},"class_list":["post-13062","page","type-page","status-publish","hentry"],"_links":{"self":[{"href":"https:\/\/sambapos.com\/tr\/wp-json\/wp\/v2\/pages\/13062","targetHints":{"allow":["GET"]}}],"collection":[{"href":"https:\/\/sambapos.com\/tr\/wp-json\/wp\/v2\/pages"}],"about":[{"href":"https:\/\/sambapos.com\/tr\/wp-json\/wp\/v2\/types\/page"}],"author":[{"embeddable":true,"href":"https:\/\/sambapos.com\/tr\/wp-json\/wp\/v2\/users\/1"}],"replies":[{"embeddable":true,"href":"https:\/\/sambapos.com\/tr\/wp-json\/wp\/v2\/comments?post=13062"}],"version-history":[{"count":14,"href":"https:\/\/sambapos.com\/tr\/wp-json\/wp\/v2\/pages\/13062\/revisions"}],"predecessor-version":[{"id":16260,"href":"https:\/\/sambapos.com\/tr\/wp-json\/wp\/v2\/pages\/13062\/revisions\/16260"}],"wp:attachment":[{"href":"https:\/\/sambapos.com\/tr\/wp-json\/wp\/v2\/media?parent=13062"}],"curies":[{"name":"wp","href":"https:\/\/api.w.org\/{rel}","templated":true}]}}