{"id":13055,"date":"2021-11-28T20:01:12","date_gmt":"2021-11-28T20:01:12","guid":{"rendered":"https:\/\/sambapos.com\/hepsiyemek-integration\/"},"modified":"2023-10-11T08:07:36","modified_gmt":"2023-10-11T08:07:36","slug":"migrosyemek-entegrasyonu","status":"publish","type":"page","link":"https:\/\/sambapos.com\/tr\/migrosyemek-entegrasyonu\/","title":{"rendered":"Migros Yemek Entegrasyonu"},"content":{"rendered":"<section class=\"l-section wpb_row us_custom_de9e695a hide_on_tablets hide_on_mobiles height_large\"><div class=\"l-section-h i-cf\"><div class=\"g-cols vc_row via_grid cols_1 laptops-cols_inherit tablets-cols_inherit mobiles-cols_1 valign_top type_default stacking_default\" style=\"--columns-gap:30rem;\"><div class=\"wpb_column vc_column_container\"><div class=\"vc_column-inner\"><div class=\"g-cols wpb_row via_grid cols_2 laptops-cols_inherit tablets-cols_inherit mobiles-cols_1 valign_top type_default stacking_default\" style=\"--columns-gap:calc(3rem + 30px);\"><div class=\"wpb_column vc_column_container us_custom_71be7f86\"><div class=\"vc_column-inner\"><div class=\"w-image us_custom_1f257949 align_left\"><div class=\"w-image-h\"><img decoding=\"async\" width=\"200\" height=\"69\" src=\"https:\/\/sambapos.com\/wp-content\/uploads\/migrosyemek-logo-1-200x69.png\" class=\"attachment-us_200_0_crop size-us_200_0_crop\" alt=\"\" loading=\"lazy\" srcset=\"https:\/\/sambapos.com\/wp-content\/uploads\/migrosyemek-logo-1-200x69.png 200w, https:\/\/sambapos.com\/wp-content\/uploads\/migrosyemek-logo-1-300x104.png 300w, https:\/\/sambapos.com\/wp-content\/uploads\/migrosyemek-logo-1-600x208.png 600w, https:\/\/sambapos.com\/wp-content\/uploads\/migrosyemek-logo-1-100x35.png 100w, https:\/\/sambapos.com\/wp-content\/uploads\/migrosyemek-logo-1-150x52.png 150w, https:\/\/sambapos.com\/wp-content\/uploads\/migrosyemek-logo-1-120x42.png 120w, https:\/\/sambapos.com\/wp-content\/uploads\/migrosyemek-logo-1-127x44.png 127w, https:\/\/sambapos.com\/wp-content\/uploads\/migrosyemek-logo-1-87x30.png 87w, https:\/\/sambapos.com\/wp-content\/uploads\/migrosyemek-logo-1-60x21.png 60w, https:\/\/sambapos.com\/wp-content\/uploads\/migrosyemek-logo-1-400x138.png 400w, https:\/\/sambapos.com\/wp-content\/uploads\/migrosyemek-logo-1-250x87.png 250w, https:\/\/sambapos.com\/wp-content\/uploads\/migrosyemek-logo-1-30x10.png 30w, https:\/\/sambapos.com\/wp-content\/uploads\/migrosyemek-logo-1.png 682w\" sizes=\"auto, (max-width: 200px) 100vw, 200px\" \/><\/div><\/div><div class=\"w-separator size_custom\" style=\"height:25px\"><\/div><div class=\"wpb_text_column\"><div class=\"wpb_wrapper\"><h1><span style=\"color: #ff3131;\">Migros Yemek Entegrasyonu<\/span><\/h1>\n<\/div><\/div><div class=\"w-separator size_custom\" style=\"height:25px\"><\/div><div class=\"wpb_text_column us_custom_1e0e9307\"><div class=\"wpb_wrapper\"><p><strong>Daha iyi yemek sipari\u015fi ve teslimat y\u00f6netimi i\u00e7in SambaPOS Migros Yemek entegrasyonu<\/strong><\/p>\n<\/div><\/div><div class=\"w-separator size_custom\" style=\"height:25px\"><\/div><div class=\"wpb_text_column\"><div class=\"wpb_wrapper\"><p dir=\"ltr\">Migros Yemek, Migros\u2019un SuperApp\u2019i i\u00e7inde \u00e7al\u0131\u015fan ve \u00dcye restoranlara kolay Yemek sipari\u015fi almay\u0131 sa\u011flayan bir Online Sipari\u015f uygulamas\u0131d\u0131r.<\/p>\n<p dir=\"ltr\">Migros SuperApp\u2019ini kulland\u0131\u011f\u0131 i\u00e7in pazara haz\u0131r m\u00fc\u015fteri portf\u00f6y\u00fc ile girmi\u015ftir. K\u0131sa s\u00fcrede bir \u00e7ok ilde yayg\u0131nla\u015fm\u0131\u015ft\u0131r.<\/p>\n<p dir=\"ltr\">Migros Yemek\u2019den alaca\u011f\u0131n\u0131z sipari\u015fleriniz, SambaPOS\u2019a an\u0131nda aktar\u0131l\u0131r ve hatta mutfaklara otomatik olarak giderek, s\u00fcreci h\u0131zland\u0131r\u0131r.<\/p>\n<\/div><\/div><\/div><\/div><div class=\"wpb_column vc_column_container\"><div class=\"vc_column-inner\"><\/div><\/div><\/div><div class=\"w-separator size_custom\" style=\"height:75px\"><\/div><\/div><\/div><\/div><\/div><\/section><section class=\"l-section wpb_row hide_on_default hide_on_laptops height_large\"><div class=\"l-section-h i-cf\"><div class=\"g-cols vc_row via_grid cols_1 laptops-cols_inherit tablets-cols_inherit mobiles-cols_1 valign_top type_default stacking_default\" style=\"--columns-gap:30rem;\"><div class=\"wpb_column vc_column_container\"><div class=\"vc_column-inner\"><div class=\"g-cols wpb_row via_grid cols_1 laptops-cols_inherit tablets-cols_inherit mobiles-cols_1 valign_middle type_default stacking_default\" style=\"--columns-gap:calc(3rem + 30px);\"><div class=\"wpb_column vc_column_container us_custom_71be7f86\"><div class=\"vc_column-inner\"><div class=\"w-image us_custom_1f257949 align_left\"><div class=\"w-image-h\"><img decoding=\"async\" width=\"200\" height=\"69\" src=\"https:\/\/sambapos.com\/wp-content\/uploads\/migrosyemek-logo-1-200x69.png\" class=\"attachment-us_200_0_crop size-us_200_0_crop\" alt=\"\" loading=\"lazy\" srcset=\"https:\/\/sambapos.com\/wp-content\/uploads\/migrosyemek-logo-1-200x69.png 200w, https:\/\/sambapos.com\/wp-content\/uploads\/migrosyemek-logo-1-300x104.png 300w, https:\/\/sambapos.com\/wp-content\/uploads\/migrosyemek-logo-1-600x208.png 600w, https:\/\/sambapos.com\/wp-content\/uploads\/migrosyemek-logo-1-100x35.png 100w, https:\/\/sambapos.com\/wp-content\/uploads\/migrosyemek-logo-1-150x52.png 150w, https:\/\/sambapos.com\/wp-content\/uploads\/migrosyemek-logo-1-120x42.png 120w, https:\/\/sambapos.com\/wp-content\/uploads\/migrosyemek-logo-1-127x44.png 127w, https:\/\/sambapos.com\/wp-content\/uploads\/migrosyemek-logo-1-87x30.png 87w, https:\/\/sambapos.com\/wp-content\/uploads\/migrosyemek-logo-1-60x21.png 60w, https:\/\/sambapos.com\/wp-content\/uploads\/migrosyemek-logo-1-400x138.png 400w, https:\/\/sambapos.com\/wp-content\/uploads\/migrosyemek-logo-1-250x87.png 250w, https:\/\/sambapos.com\/wp-content\/uploads\/migrosyemek-logo-1-30x10.png 30w, https:\/\/sambapos.com\/wp-content\/uploads\/migrosyemek-logo-1.png 682w\" sizes=\"auto, (max-width: 200px) 100vw, 200px\" \/><\/div><\/div><div class=\"w-separator size_custom\" style=\"height:25px\"><\/div><div class=\"wpb_text_column\"><div class=\"wpb_wrapper\"><h1><span style=\"color: #ff3131;\">Migros Yemek Entegrasyonu<\/span><\/h1>\n<\/div><\/div><div class=\"w-separator size_custom\" style=\"height:25px\"><\/div><div class=\"wpb_text_column us_custom_1e0e9307\"><div class=\"wpb_wrapper\"><p><strong>Daha iyi yemek sipari\u015fi ve teslimat y\u00f6netimi i\u00e7in SambaPOS Migros Yemek entegrasyonu<\/strong><\/p>\n<\/div><\/div><div class=\"w-separator size_custom\" style=\"height:25px\"><\/div><div class=\"wpb_text_column\"><div class=\"wpb_wrapper\"><p dir=\"ltr\">Migros Yemek, Migros\u2019un SuperApp\u2019i i\u00e7inde \u00e7al\u0131\u015fan ve \u00dcye restoranlara kolay Yemek sipari\u015fi almay\u0131 sa\u011flayan bir Online Sipari\u015f uygulamas\u0131d\u0131r.<\/p>\n<p dir=\"ltr\">Migros SuperApp\u2019ini kulland\u0131\u011f\u0131 i\u00e7in pazara haz\u0131r m\u00fc\u015fteri portf\u00f6y\u00fc ile girmi\u015ftir. K\u0131sa s\u00fcrede bir \u00e7ok ilde yayg\u0131nla\u015fm\u0131\u015ft\u0131r.<\/p>\n<p dir=\"ltr\">Migros Yemek\u2019den alaca\u011f\u0131n\u0131z sipari\u015fleriniz, SambaPOS\u2019a an\u0131nda aktar\u0131l\u0131r ve hatta mutfaklara otomatik olarak giderek, s\u00fcreci h\u0131zland\u0131r\u0131r.<\/p>\n<\/div><\/div><\/div><\/div><\/div><div class=\"w-separator size_custom\" style=\"height:75px\"><\/div><\/div><\/div><\/div><\/div><\/section><section class=\"l-section wpb_row us_custom_3b745cf9 height_auto\"><div class=\"l-section-h i-cf\"><div class=\"g-cols vc_row via_grid cols_2 laptops-cols_inherit tablets-cols_inherit mobiles-cols_1 valign_top type_default stacking_default\" style=\"--columns-gap:5rem;\"><div class=\"wpb_column vc_column_container\"><div class=\"vc_column-inner\"><div class=\"g-cols wpb_row via_grid cols_1 laptops-cols_inherit tablets-cols_inherit mobiles-cols_1 valign_top type_default stacking_default\" style=\"--columns-gap:calc(3rem + 30px);\"><div class=\"wpb_column vc_column_container\"><div class=\"vc_column-inner\"><div class=\"w-iconbox iconpos_left style_default color_primary align_left\"><div class=\"w-iconbox-icon\" style=\"font-size:2rem;\"><i class=\"fas fa-angle-right\"><\/i><\/div><div class=\"w-iconbox-meta\"><h5 class=\"w-iconbox-title\"><b>Migros Yemek Nas\u0131l \u00c7al\u0131\u015f\u0131r?<\/b><\/h5><div class=\"w-iconbox-text\"><p dir=\"ltr\">SambaPOS GoOrder Migros Yemek ile Sipari\u015flerniz yeni bir sayfaya ihtiya\u00e7 duymadan, otomatik olarak SambaPOS\u2019da kendine ait sayfada g\u00f6r\u00fcl\u00fcr.<\/p>\n<p dir=\"ltr\">Dilerseniz yapaca\u011f\u0131n\u0131z Otomatik onay se\u00e7imi ile hi\u00e7 bir \u015feye elinizi de\u011fmeden mutfak yaz\u0131c\u0131lar\u0131n\u0131, KDS leri tetikleyebilir otomatik s\u00fcrecinde Kurye \u00e7a\u011f\u0131rabilir ve full servis modunda da kullanabilirsiniz.<\/p>\n<\/div><\/div><\/div><div class=\"w-separator size_custom\" style=\"height:25px\"><\/div><div class=\"w-iconbox iconpos_left style_default color_primary align_left\"><div class=\"w-iconbox-icon\" style=\"font-size:2rem;\"><i class=\"fas fa-angle-right\"><\/i><\/div><div class=\"w-iconbox-meta\"><h5 class=\"w-iconbox-title\"><b>SambaPOS ile Entegrasyonlar<\/b><\/h5><div class=\"w-iconbox-text\"><p dir=\"ltr\">SambaPOS GoOrder Migros Yemek mod\u00fcl\u00fc ile, di\u011fer t\u00fcm Online Sipari\u015f sitelerinin mod\u00fcllleri birbiri ile entegre \u00e7al\u0131\u015fmaktad\u0131r.<\/p>\n<p dir=\"ltr\">Farkl\u0131 sitelerden gelen sipari\u015fleri kendi kuryeniz ile en karl\u0131 rota hesaplamas\u0131 ile ula\u015ft\u0131urabilir, zamandan ve paradan kazanabilirsiniz.<\/p>\n<p dir=\"ltr\">Dilerseniz t\u00fcm paket servis sipari\u015flerinizi bir tek ekranda takip edebilr ve y\u00f6netebiklrsiniz.<\/p>\n<p dir=\"ltr\">Diledi\u011finiz entegrasyonu a\u00e7\u0131p kapatabilr, di\u011ferinizi kendi kuryenizle diledi\u011finizi i\u015fletmenin kuryesi ile entegre \u00e7al\u0131\u015ft\u0131rabilrisiniz.<\/p>\n<\/div><\/div><\/div><\/div><\/div><\/div><\/div><\/div><div class=\"wpb_column vc_column_container\"><div class=\"vc_column-inner\"><div class=\"g-cols wpb_row via_grid cols_1 laptops-cols_inherit tablets-cols_inherit mobiles-cols_1 valign_middle type_default stacking_default\" style=\"--columns-gap:calc(3rem + 30px);\"><div class=\"wpb_column vc_column_container\"><div class=\"vc_column-inner\"><div class=\"w-pricing style_cards items_1\"><div class=\"w-pricing-item type_featured\"><div class=\"w-pricing-item-h\"><div class=\"w-pricing-item-header\"><div class=\"w-pricing-item-title\">Migros Yemek Entegrasyonu<\/div><div class=\"w-pricing-item-price\">$79<font size=\"2\">+KDV<\/font><small>Y\u0131ll\u0131k<\/small><\/div><\/div><ul class=\"w-pricing-item-features\"><li class=\"w-pricing-item-feature\">Otomatik sipari\u015f aktar\u0131m\u0131<\/li><li class=\"w-pricing-item-feature\">Sipari\u015f ve paket\u00e7i takibi<\/li><li class=\"w-pricing-item-feature\">Detayl\u0131 raporlama<\/li><li class=\"w-pricing-item-feature\">-<\/li><li class=\"w-pricing-item-feature\">SambaPOS V5 Lisans\u0131 Gerektirir.<\/li><\/ul><div class=\"w-pricing-item-footer\"><a class=\"w-btn us-btn-style_28\" style=\"font-size:15px\" target=\"_blank\" rel=\"nofollow\" href=\"https:\/\/cp.sambapos.com\/market\"><span class=\"w-btn-label\">Sat\u0131n Al<\/span><\/a><\/div><\/div><\/div><\/div><\/div><\/div><\/div><\/div><\/div><\/div><\/div><\/section><section class=\"l-section wpb_row us_custom_3b745cf9 height_auto\"><div class=\"l-section-h i-cf\"><div class=\"g-cols vc_row via_grid cols_1 laptops-cols_inherit tablets-cols_inherit mobiles-cols_1 valign_top type_default stacking_default\"><div class=\"wpb_column vc_column_container\"><div class=\"vc_column-inner\"><div class=\"w-separator size_custom\" style=\"height:75px\"><\/div><div class=\"g-cols wpb_row via_grid cols_2 laptops-cols_inherit tablets-cols_inherit mobiles-cols_1 valign_middle type_default stacking_default\" style=\"--columns-gap:calc(3rem + 30px);\"><div class=\"wpb_column vc_column_container\"><div class=\"vc_column-inner\"><div class=\"w-image align_center\"><div class=\"w-image-h\"><img decoding=\"async\" width=\"1024\" height=\"615\" src=\"https:\/\/sambapos.com\/wp-content\/uploads\/sambapos-products-copy-1024x615.png\" class=\"attachment-large size-large\" alt=\"SambaPOS Products\" loading=\"lazy\" srcset=\"https:\/\/sambapos.com\/wp-content\/uploads\/sambapos-products-copy-1024x615.png 1024w, https:\/\/sambapos.com\/wp-content\/uploads\/sambapos-products-copy-300x180.png 300w, https:\/\/sambapos.com\/wp-content\/uploads\/sambapos-products-copy-600x360.png 600w, https:\/\/sambapos.com\/wp-content\/uploads\/sambapos-products-copy-100x60.png 100w, https:\/\/sambapos.com\/wp-content\/uploads\/sambapos-products-copy-150x90.png 150w, https:\/\/sambapos.com\/wp-content\/uploads\/sambapos-products-copy-120x72.png 120w, https:\/\/sambapos.com\/wp-content\/uploads\/sambapos-products-copy-200x120.png 200w, https:\/\/sambapos.com\/wp-content\/uploads\/sambapos-products-copy-73x44.png 73w, https:\/\/sambapos.com\/wp-content\/uploads\/sambapos-products-copy-50x30.png 50w, https:\/\/sambapos.com\/wp-content\/uploads\/sambapos-products-copy-60x36.png 60w, https:\/\/sambapos.com\/wp-content\/uploads\/sambapos-products-copy-400x240.png 400w, https:\/\/sambapos.com\/wp-content\/uploads\/sambapos-products-copy.png 1333w\" sizes=\"auto, (max-width: 1024px) 100vw, 1024px\" \/><\/div><\/div><\/div><\/div><div class=\"wpb_column vc_column_container\"><div class=\"vc_column-inner\"><div class=\"wpb_text_column\"><div class=\"wpb_wrapper\"><h3>\u00dcr\u00fcnleri ve Hizmetleri Otomatik Olarak G\u00fcncelle<\/h3>\n<p>Men\u00fcn\u00fcz\u00fc g\u00fcncellemeyi planl\u0131yorsan\u0131z, de\u011fi\u015fiklikler Migros Yemek men\u00fcs\u00fcne olduk\u00e7a kolay bir \u015fekilde yans\u0131yacakt\u0131r!<\/p>\n<p><strong>SambaPOS Migros Yemek entegrasyonunun<\/strong> m\u00fc\u015fteri deneyiminizi geli\u015ftirirken sat\u0131\u015flar\u0131n\u0131z\u0131 art\u0131rman\u0131za nas\u0131l yard\u0131mc\u0131 olabilece\u011fini g\u00f6r\u00fcn. Hemen SambaPOS <a href=\"https:\/\/cp.sambapos.com\/market\"><strong><u>sat\u0131n al\u0131n<\/u><\/strong><\/a> veya<a href=\"https:\/\/sambapos.com\/tr\/yetkili-bayi-basvurusu\/\"><strong> <u>bayi olun!<\/u><\/strong><\/a><\/p>\n<\/div><\/div><\/div><\/div><\/div><div class=\"w-separator size_custom\" style=\"height:75px\"><\/div><\/div><\/div><\/div><\/div><\/section>\n","protected":false},"excerpt":{"rendered":"Migros Yemek Entegrasyonu Daha iyi yemek sipari\u015fi ve teslimat y\u00f6netimi i\u00e7in SambaPOS Migros Yemek entegrasyonu Migros Yemek, Migros\u2019un SuperApp\u2019i i\u00e7inde \u00e7al\u0131\u015fan ve \u00dcye restoranlara kolay Yemek sipari\u015fi almay\u0131 sa\u011flayan bir Online Sipari\u015f uygulamas\u0131d\u0131r. Migros SuperApp\u2019ini kulland\u0131\u011f\u0131 i\u00e7in pazara haz\u0131r m\u00fc\u015fteri portf\u00f6y\u00fc ile girmi\u015ftir. K\u0131sa s\u00fcrede bir \u00e7ok ilde yayg\u0131nla\u015fm\u0131\u015ft\u0131r. Migros Yemek\u2019den alaca\u011f\u0131n\u0131z sipari\u015fleriniz, SambaPOS\u2019a an\u0131nda...","protected":false},"author":1,"featured_media":0,"parent":0,"menu_order":0,"comment_status":"closed","ping_status":"closed","template":"","meta":{"footnotes":""},"class_list":["post-13055","page","type-page","status-publish","hentry"],"_links":{"self":[{"href":"https:\/\/sambapos.com\/tr\/wp-json\/wp\/v2\/pages\/13055","targetHints":{"allow":["GET"]}}],"collection":[{"href":"https:\/\/sambapos.com\/tr\/wp-json\/wp\/v2\/pages"}],"about":[{"href":"https:\/\/sambapos.com\/tr\/wp-json\/wp\/v2\/types\/page"}],"author":[{"embeddable":true,"href":"https:\/\/sambapos.com\/tr\/wp-json\/wp\/v2\/users\/1"}],"replies":[{"embeddable":true,"href":"https:\/\/sambapos.com\/tr\/wp-json\/wp\/v2\/comments?post=13055"}],"version-history":[{"count":19,"href":"https:\/\/sambapos.com\/tr\/wp-json\/wp\/v2\/pages\/13055\/revisions"}],"predecessor-version":[{"id":15993,"href":"https:\/\/sambapos.com\/tr\/wp-json\/wp\/v2\/pages\/13055\/revisions\/15993"}],"wp:attachment":[{"href":"https:\/\/sambapos.com\/tr\/wp-json\/wp\/v2\/media?parent=13055"}],"curies":[{"name":"wp","href":"https:\/\/api.w.org\/{rel}","templated":true}]}}