{"id":13048,"date":"2021-11-29T07:52:41","date_gmt":"2021-11-29T07:52:41","guid":{"rendered":"https:\/\/sambapos.com\/sambapos-gloriafood-integration\/"},"modified":"2023-11-16T06:30:23","modified_gmt":"2023-11-16T06:30:23","slug":"sambapos-gloriafood-entegrasyonu","status":"publish","type":"page","link":"https:\/\/sambapos.com\/tr\/sambapos-gloriafood-entegrasyonu\/","title":{"rendered":"GloriaFood Entegrasyonu"},"content":{"rendered":"<section class=\"l-section wpb_row us_custom_e8e67fef hide_on_tablets hide_on_mobiles height_huge\"><div class=\"l-section-h i-cf\"><div class=\"g-cols vc_row via_grid cols_1 laptops-cols_inherit tablets-cols_inherit mobiles-cols_1 valign_top type_default stacking_default\" style=\"--columns-gap:30rem;\"><div class=\"wpb_column vc_column_container\"><div class=\"vc_column-inner\"><div class=\"g-cols wpb_row via_grid cols_2 laptops-cols_inherit tablets-cols_inherit mobiles-cols_1 valign_top type_default stacking_default\" style=\"--columns-gap:calc(3rem + 30px);\"><div class=\"wpb_column vc_column_container us_custom_6c91cc95\"><div class=\"vc_column-inner\"><div class=\"wpb_text_column hide_on_default hide_on_laptops hide_on_tablets hide_on_mobiles\"><div class=\"wpb_wrapper\"><p>SambaPOS GloriaFood entegrasyonu ile yeni m\u00fc\u015fterilere ula\u015f\u0131n ve restoran\u0131n\u0131z i\u00e7in online sipari\u015f s\u00fcrecini basitle\u015ftirin.<\/p>\n<\/div><\/div><div class=\"wpb_text_column\"><div class=\"wpb_wrapper\"><h1>GloriaFood Entegrasyonu<\/h1>\n<\/div><\/div><div class=\"w-separator size_custom\" style=\"height:25px\"><\/div><div class=\"wpb_text_column us_custom_1e0e9307\"><div class=\"wpb_wrapper\"><p><strong>Otomasyonun potansiyelini ortaya \u00e7\u0131kar\u0131n ve restoran\u0131n\u0131z\u0131 sipari\u015f hacmindeki art\u0131\u015flarla g\u00fc\u00e7lendirin. SambaPOS, GloriaFood\u2122 ile tam entegredir, sat\u0131\u015flar\u0131n\u0131z\u0131 art\u0131rman\u0131za yard\u0131mc\u0131 olur ve gelirinizi art\u0131rman\u0131z i\u00e7in size ola\u011fan\u00fcst\u00fc f\u0131rsatlar sunar.<\/strong><\/p>\n<\/div><\/div><div class=\"w-separator size_custom\" style=\"height:25px\"><\/div><div class=\"wpb_text_column\"><div class=\"wpb_wrapper\"><p>SambaPOS GloriaFood entegrasyonu ile yeni m\u00fc\u015fterilere ula\u015f\u0131n ve restoran\u0131n\u0131z i\u00e7in online sipari\u015f s\u00fcrecini basitle\u015ftirin. M\u00fc\u015fteri taban\u0131n\u0131z\u0131 geni\u015fletin ve m\u00fc\u015fterilerinizi en sevdikleri yiyeceklerle mutlu etmek i\u00e7in s\u0131n\u0131rs\u0131zse\u00e7enek sunun. SambaPOS GloriaFood Entegrasyonu, restoranlar\u0131n m\u00fc\u015fterilere \u00fcr\u00fcnlerini her an her yerdesunma f\u0131rsat\u0131 verir.<\/p>\n<\/div><\/div><\/div><\/div><div class=\"wpb_column vc_column_container\"><div class=\"vc_column-inner\"><\/div><\/div><\/div><div class=\"w-separator size_custom\" style=\"height:75px\"><\/div><\/div><\/div><\/div><\/div><\/section><section class=\"l-section wpb_row hide_on_default hide_on_laptops height_large\"><div class=\"l-section-h i-cf\"><div class=\"g-cols vc_row via_grid cols_1 laptops-cols_inherit tablets-cols_inherit mobiles-cols_1 valign_top type_default stacking_default\" style=\"--columns-gap:30rem;\"><div class=\"wpb_column vc_column_container\"><div class=\"vc_column-inner\"><div class=\"w-separator size_custom\" style=\"height:75px\"><\/div><div class=\"g-cols wpb_row via_grid cols_1 laptops-cols_inherit tablets-cols_inherit mobiles-cols_1 valign_top type_default stacking_default\" style=\"--columns-gap:calc(3rem + 30px);\"><div class=\"wpb_column vc_column_container us_custom_6c91cc95\"><div class=\"vc_column-inner\"><div class=\"wpb_text_column\"><div class=\"wpb_wrapper\"><h1>GloriaFood Entegrasyonu<\/h1>\n<\/div><\/div><div class=\"w-separator size_custom\" style=\"height:25px\"><\/div><div class=\"wpb_text_column us_custom_1e0e9307\"><div class=\"wpb_wrapper\"><p><strong>Otomasyonun potansiyelini ortaya \u00e7\u0131kar\u0131n ve restoran\u0131n\u0131z\u0131 sipari\u015f hacmindeki art\u0131\u015flarla g\u00fc\u00e7lendirin. SambaPOS, GloriaFood\u2122 ile tam entegredir, sat\u0131\u015flar\u0131n\u0131z\u0131 art\u0131rman\u0131za yard\u0131mc\u0131 olur ve gelirinizi art\u0131rman\u0131z i\u00e7in size ola\u011fan\u00fcst\u00fc f\u0131rsatlar sunar.<\/strong><\/p>\n<\/div><\/div><div class=\"w-separator size_custom\" style=\"height:25px\"><\/div><div class=\"wpb_text_column\"><div class=\"wpb_wrapper\"><p>SambaPOS GloriaFood entegrasyonu ile yeni m\u00fc\u015fterilere ula\u015f\u0131n ve restoran\u0131n\u0131z i\u00e7in online sipari\u015f s\u00fcrecini basitle\u015ftirin. M\u00fc\u015fteri taban\u0131n\u0131z\u0131 geni\u015fletin ve m\u00fc\u015fterilerinizi en sevdikleri yiyeceklerle mutlu etmek i\u00e7in s\u0131n\u0131rs\u0131zse\u00e7enek sunun. SambaPOS GloriaFood Entegrasyonu, restoranlar\u0131n m\u00fc\u015fterilere \u00fcr\u00fcnlerini her an her yerdesunma f\u0131rsat\u0131 verir.<\/p>\n<\/div><\/div><\/div><\/div><\/div><\/div><\/div><\/div><\/div><\/section><section class=\"l-section wpb_row us_custom_3b745cf9 height_auto\"><div class=\"l-section-h i-cf\"><div class=\"g-cols vc_row via_grid cols_2 laptops-cols_inherit tablets-cols_inherit mobiles-cols_1 valign_top type_default stacking_default\" style=\"--columns-gap:5rem;\"><div class=\"wpb_column vc_column_container\"><div class=\"vc_column-inner\"><div class=\"wpb_text_column\"><div class=\"wpb_wrapper\"><h2>SambaPOS GloriaFood Entegrasyonunu kullanman\u0131n faydalar\u0131<\/h2>\n<ul>\n<li>Sipari\u015f do\u011frulu\u011funu art\u0131r\u0131r<\/li>\n<li>Ger\u00e7ek zamanl\u0131 sipari\u015f i\u015fleme<\/li>\n<li>GloriaFood men\u00fc sayfas\u0131nda men\u00fcn\u00fcz\u00fc kolayca d\u00fczenleyin ve g\u00fcncelleyin<\/li>\n<li>GloriaFood arac\u0131l\u0131\u011f\u0131yla gelen sipari\u015flerin kar\u015f\u0131la\u015ft\u0131rmal\u0131 raporlar\u0131n\u0131 olu\u015fturur<\/li>\n<li>S\u00fcrekli gelen m\u00fc\u015fteri varl\u0131\u011f\u0131n\u0131z\u0131 art\u0131r\u0131n<\/li>\n<li>GloriaFood sipari\u015f verilerini SambaPOS&#8217;a sorunsuz bir \u015fekilde ekleyin<\/li>\n<li>Sipari\u015fle ilgili do\u011fru bilgileri al\u0131n<\/li>\n<li>Uygulama \u00fczerinden sorunsuz sipari\u015f al\u0131n<\/li>\n<li>G\u00f6rsel olarak \u00e7ekici ve kullan\u0131m\u0131 kolay aray\u00fcz<\/li>\n<li>Veriye dayal\u0131 \u00f6ng\u00f6r\u00fcler i\u00e7in ayr\u0131nt\u0131l\u0131 raporlara eri\u015fim<\/li>\n<li>Yemekleri haz\u0131rlanma ve teslimat s\u00fcre\u00e7 y\u00f6netimini kolayla\u015ft\u0131r\u0131r<\/li>\n<li>Sipari\u015fleri tek bir yerden al\u0131n, y\u00f6netin, i\u015fleyin<\/li>\n<\/ul>\n<\/div><\/div><\/div><\/div><div class=\"wpb_column vc_column_container\"><div class=\"vc_column-inner\"><div class=\"g-cols wpb_row via_grid cols_1 laptops-cols_inherit tablets-cols_inherit mobiles-cols_1 valign_middle type_default stacking_default\" style=\"--columns-gap:calc(3rem + 30px);\"><div class=\"wpb_column vc_column_container\"><div class=\"vc_column-inner\"><div class=\"w-pricing style_cards items_1\"><div class=\"w-pricing-item type_featured\"><div class=\"w-pricing-item-h\"><div class=\"w-pricing-item-header\"><div class=\"w-pricing-item-title\">GloriaFood Entegrasyonu<\/div><div class=\"w-pricing-item-price\">$109<small>Y\u0131ll\u0131k<\/small><\/div><\/div><ul class=\"w-pricing-item-features\"><li class=\"w-pricing-item-feature\">Web Sitesi ve Uygulama Entegrasyonu<\/li><li class=\"w-pricing-item-feature\">\u0130lgili T\u00fcm Sipari\u015f Detaylar\u0131n\u0131 Al\u0131n<\/li><li class=\"w-pricing-item-feature\">Veri Analizi i\u00e7in Anla\u015f\u0131l\u0131r Raporlar<\/li><li class=\"w-pricing-item-feature\">-<\/li><li class=\"w-pricing-item-feature\">SambaPOS V5 Lisans\u0131 Gerektirir<\/li><\/ul><div class=\"w-pricing-item-footer\"><a class=\"w-btn us-btn-style_28\" style=\"font-size:15px\" target=\"_blank\" rel=\"nofollow\" href=\"https:\/\/cp.sambapos.com\/market\"><span class=\"w-btn-label\">Sat\u0131n Al<\/span><\/a><\/div><\/div><\/div><\/div><\/div><\/div><\/div><\/div><\/div><\/div><\/div><\/section><section class=\"l-section wpb_row us_custom_3b745cf9 height_small\"><div class=\"l-section-h i-cf\"><div class=\"g-cols vc_row via_grid cols_1 laptops-cols_inherit tablets-cols_inherit mobiles-cols_1 valign_top type_default stacking_default\"><div class=\"wpb_column vc_column_container\"><div class=\"vc_column-inner\"><div class=\"w-separator size_custom\" style=\"height:75px\"><\/div><div class=\"g-cols wpb_row via_grid cols_2 laptops-cols_inherit tablets-cols_inherit mobiles-cols_1 valign_middle type_default stacking_default\" style=\"--columns-gap:calc(3rem + 30px);\"><div class=\"wpb_column vc_column_container\"><div class=\"vc_column-inner\"><div class=\"w-image align_center\"><div class=\"w-image-h\"><img decoding=\"async\" width=\"1024\" height=\"615\" src=\"https:\/\/sambapos.com\/wp-content\/uploads\/sambapos-products-copy-1024x615.png\" class=\"attachment-large size-large\" alt=\"SambaPOS Products\" loading=\"lazy\" srcset=\"https:\/\/sambapos.com\/wp-content\/uploads\/sambapos-products-copy-1024x615.png 1024w, https:\/\/sambapos.com\/wp-content\/uploads\/sambapos-products-copy-300x180.png 300w, https:\/\/sambapos.com\/wp-content\/uploads\/sambapos-products-copy-600x360.png 600w, https:\/\/sambapos.com\/wp-content\/uploads\/sambapos-products-copy-100x60.png 100w, https:\/\/sambapos.com\/wp-content\/uploads\/sambapos-products-copy-150x90.png 150w, https:\/\/sambapos.com\/wp-content\/uploads\/sambapos-products-copy-120x72.png 120w, https:\/\/sambapos.com\/wp-content\/uploads\/sambapos-products-copy-200x120.png 200w, https:\/\/sambapos.com\/wp-content\/uploads\/sambapos-products-copy-73x44.png 73w, https:\/\/sambapos.com\/wp-content\/uploads\/sambapos-products-copy-50x30.png 50w, https:\/\/sambapos.com\/wp-content\/uploads\/sambapos-products-copy-60x36.png 60w, https:\/\/sambapos.com\/wp-content\/uploads\/sambapos-products-copy-400x240.png 400w, https:\/\/sambapos.com\/wp-content\/uploads\/sambapos-products-copy.png 1333w\" sizes=\"auto, (max-width: 1024px) 100vw, 1024px\" \/><\/div><\/div><\/div><\/div><div class=\"wpb_column vc_column_container\"><div class=\"vc_column-inner\"><div class=\"wpb_text_column\"><div class=\"wpb_wrapper\"><h3>GloriaFood Entegrasyonu ile \u0130nternette daha fazla m\u00fc\u015fteriye ula\u015fmaya haz\u0131r m\u0131s\u0131n\u0131z?<\/h3>\n<p>SambaPOS GloriaFood Entegrasyonu&#8217;na <a href=\"https:\/\/cp.sambapos.com\/market\">sat\u0131n almak<\/a> veya <a href=\"https:\/\/sambapos.com\/tr\/yetkili-bayi-basvurusu\/\">bayi olmak<\/a> i\u00e7in buraya t\u0131klay\u0131n!<\/p>\n<\/div><\/div><\/div><\/div><\/div><div class=\"w-separator size_custom\" style=\"height:75px\"><\/div><\/div><\/div><\/div><\/div><\/section>\n","protected":false},"excerpt":{"rendered":"SambaPOS GloriaFood entegrasyonu ile yeni m\u00fc\u015fterilere ula\u015f\u0131n ve restoran\u0131n\u0131z i\u00e7in online sipari\u015f s\u00fcrecini basitle\u015ftirin. GloriaFood Entegrasyonu Otomasyonun potansiyelini ortaya \u00e7\u0131kar\u0131n ve restoran\u0131n\u0131z\u0131 sipari\u015f hacmindeki art\u0131\u015flarla g\u00fc\u00e7lendirin. SambaPOS, GloriaFood\u2122 ile tam entegredir, sat\u0131\u015flar\u0131n\u0131z\u0131 art\u0131rman\u0131za yard\u0131mc\u0131 olur ve gelirinizi art\u0131rman\u0131z i\u00e7in size ola\u011fan\u00fcst\u00fc f\u0131rsatlar sunar. SambaPOS GloriaFood entegrasyonu ile yeni m\u00fc\u015fterilere ula\u015f\u0131n ve restoran\u0131n\u0131z i\u00e7in online sipari\u015f...","protected":false},"author":1,"featured_media":0,"parent":0,"menu_order":0,"comment_status":"closed","ping_status":"closed","template":"","meta":{"footnotes":""},"class_list":["post-13048","page","type-page","status-publish","hentry"],"_links":{"self":[{"href":"https:\/\/sambapos.com\/tr\/wp-json\/wp\/v2\/pages\/13048","targetHints":{"allow":["GET"]}}],"collection":[{"href":"https:\/\/sambapos.com\/tr\/wp-json\/wp\/v2\/pages"}],"about":[{"href":"https:\/\/sambapos.com\/tr\/wp-json\/wp\/v2\/types\/page"}],"author":[{"embeddable":true,"href":"https:\/\/sambapos.com\/tr\/wp-json\/wp\/v2\/users\/1"}],"replies":[{"embeddable":true,"href":"https:\/\/sambapos.com\/tr\/wp-json\/wp\/v2\/comments?post=13048"}],"version-history":[{"count":11,"href":"https:\/\/sambapos.com\/tr\/wp-json\/wp\/v2\/pages\/13048\/revisions"}],"predecessor-version":[{"id":16261,"href":"https:\/\/sambapos.com\/tr\/wp-json\/wp\/v2\/pages\/13048\/revisions\/16261"}],"wp:attachment":[{"href":"https:\/\/sambapos.com\/tr\/wp-json\/wp\/v2\/media?parent=13048"}],"curies":[{"name":"wp","href":"https:\/\/api.w.org\/{rel}","templated":true}]}}