{"id":13042,"date":"2021-11-28T18:58:49","date_gmt":"2021-11-28T18:58:49","guid":{"rendered":"https:\/\/sambapos.com\/getir-integration\/"},"modified":"2023-10-11T08:15:22","modified_gmt":"2023-10-11T08:15:22","slug":"getir-entegrasyonu","status":"publish","type":"page","link":"https:\/\/sambapos.com\/tr\/getir-entegrasyonu\/","title":{"rendered":"Getir Entegrasyonu"},"content":{"rendered":"<section class=\"l-section wpb_row us_custom_d55563b4 hide_on_tablets hide_on_mobiles height_huge\"><div class=\"l-section-h i-cf\"><div class=\"g-cols vc_row via_grid cols_1 laptops-cols_inherit tablets-cols_inherit mobiles-cols_1 valign_top type_default stacking_default\" style=\"--columns-gap:30rem;\"><div class=\"wpb_column vc_column_container\"><div class=\"vc_column-inner\"><div class=\"g-cols wpb_row via_grid cols_2 laptops-cols_inherit tablets-cols_inherit mobiles-cols_1 valign_middle type_default stacking_default\" style=\"--columns-gap:calc(3rem + 30px);\"><div class=\"wpb_column vc_column_container us_custom_862028bc\"><div class=\"vc_column-inner\"><div class=\"wpb_text_column hide_on_default hide_on_laptops hide_on_tablets hide_on_mobiles\"><div class=\"wpb_wrapper\"><p>Getir Entegrasyonu<\/p>\n<\/div><\/div><div class=\"w-image align_left\"><div class=\"w-image-h\"><img decoding=\"async\" width=\"200\" height=\"37\" src=\"https:\/\/sambapos.com\/wp-content\/uploads\/getiryemek-logo-200x37.png\" class=\"attachment-us_200_0_crop size-us_200_0_crop\" alt=\"\" loading=\"lazy\" srcset=\"https:\/\/sambapos.com\/wp-content\/uploads\/getiryemek-logo-200x37.png 200w, https:\/\/sambapos.com\/wp-content\/uploads\/getiryemek-logo-300x55.png 300w, https:\/\/sambapos.com\/wp-content\/uploads\/getiryemek-logo-1024x189.png 1024w, https:\/\/sambapos.com\/wp-content\/uploads\/getiryemek-logo-600x111.png 600w, https:\/\/sambapos.com\/wp-content\/uploads\/getiryemek-logo-100x18.png 100w, https:\/\/sambapos.com\/wp-content\/uploads\/getiryemek-logo-150x28.png 150w, https:\/\/sambapos.com\/wp-content\/uploads\/getiryemek-logo-120x22.png 120w, https:\/\/sambapos.com\/wp-content\/uploads\/getiryemek-logo-238x44.png 238w, https:\/\/sambapos.com\/wp-content\/uploads\/getiryemek-logo-162x30.png 162w, https:\/\/sambapos.com\/wp-content\/uploads\/getiryemek-logo-60x11.png 60w, https:\/\/sambapos.com\/wp-content\/uploads\/getiryemek-logo-400x74.png 400w, https:\/\/sambapos.com\/wp-content\/uploads\/getiryemek-logo-250x46.png 250w, https:\/\/sambapos.com\/wp-content\/uploads\/getiryemek-logo-30x6.png 30w, https:\/\/sambapos.com\/wp-content\/uploads\/getiryemek-logo.png 1212w\" sizes=\"auto, (max-width: 200px) 100vw, 200px\" \/><\/div><\/div><div class=\"w-separator size_custom\" style=\"height:25px\"><\/div><div class=\"wpb_text_column\"><div class=\"wpb_wrapper\"><h1>Getir Entegrasyonu<\/h1>\n<\/div><\/div><div class=\"w-separator size_custom\" style=\"height:25px\"><\/div><div class=\"wpb_text_column us_custom_1e0e9307\"><div class=\"wpb_wrapper\"><p><strong>SambaPOS Getir Entegrasyonu ile \u015fimdi daha fazla sipari\u015f al\u0131n ve teslim edin.<\/strong><\/p>\n<\/div><\/div><div class=\"w-separator size_custom\" style=\"height:25px\"><\/div><div class=\"wpb_text_column\"><div class=\"wpb_wrapper\"><p>\u0130\u015finizi esnek tutun ve Getir&#8217;den gelen sipari\u015fleri h\u0131zl\u0131ca kabul edin. Getir ile SambaPOS entegrasyonu, i\u015fletmenizin Getir&#8217;den gelen sipari\u015flerin en do\u011fru \u015fekilde haz\u0131rlamas\u0131n\u0131 sa\u011flamak i\u00e7in \u00fcretildi. Sipari\u015fleri h\u0131zl\u0131 bir \u015fekilde al\u0131n ve m\u00fc\u015fterilerinize en sevdikleri yiyecekleri s\u00f6z verilen s\u00fcrede teslim edin.<\/p>\n<\/div><\/div><\/div><\/div><div class=\"wpb_column vc_column_container\"><div class=\"vc_column-inner\"><\/div><\/div><\/div><div class=\"w-separator size_custom\" style=\"height:75px\"><\/div><\/div><\/div><\/div><\/div><\/section><section class=\"l-section wpb_row hide_on_default hide_on_laptops height_large\"><div class=\"l-section-h i-cf\"><div class=\"g-cols vc_row via_grid cols_1 laptops-cols_inherit tablets-cols_inherit mobiles-cols_1 valign_top type_default stacking_default\" style=\"--columns-gap:30rem;\"><div class=\"wpb_column vc_column_container\"><div class=\"vc_column-inner\"><div class=\"g-cols wpb_row via_grid cols_1 laptops-cols_inherit tablets-cols_inherit mobiles-cols_1 valign_middle type_default stacking_default\" style=\"--columns-gap:calc(3rem + 30px);\"><div class=\"wpb_column vc_column_container\"><div class=\"vc_column-inner\"><div class=\"w-image align_left\"><div class=\"w-image-h\"><img decoding=\"async\" width=\"200\" height=\"37\" src=\"https:\/\/sambapos.com\/wp-content\/uploads\/getiryemek-logo-200x37.png\" class=\"attachment-us_200_0_crop size-us_200_0_crop\" alt=\"\" loading=\"lazy\" srcset=\"https:\/\/sambapos.com\/wp-content\/uploads\/getiryemek-logo-200x37.png 200w, https:\/\/sambapos.com\/wp-content\/uploads\/getiryemek-logo-300x55.png 300w, https:\/\/sambapos.com\/wp-content\/uploads\/getiryemek-logo-1024x189.png 1024w, https:\/\/sambapos.com\/wp-content\/uploads\/getiryemek-logo-600x111.png 600w, https:\/\/sambapos.com\/wp-content\/uploads\/getiryemek-logo-100x18.png 100w, https:\/\/sambapos.com\/wp-content\/uploads\/getiryemek-logo-150x28.png 150w, https:\/\/sambapos.com\/wp-content\/uploads\/getiryemek-logo-120x22.png 120w, https:\/\/sambapos.com\/wp-content\/uploads\/getiryemek-logo-238x44.png 238w, https:\/\/sambapos.com\/wp-content\/uploads\/getiryemek-logo-162x30.png 162w, https:\/\/sambapos.com\/wp-content\/uploads\/getiryemek-logo-60x11.png 60w, https:\/\/sambapos.com\/wp-content\/uploads\/getiryemek-logo-400x74.png 400w, https:\/\/sambapos.com\/wp-content\/uploads\/getiryemek-logo-250x46.png 250w, https:\/\/sambapos.com\/wp-content\/uploads\/getiryemek-logo-30x6.png 30w, https:\/\/sambapos.com\/wp-content\/uploads\/getiryemek-logo.png 1212w\" sizes=\"auto, (max-width: 200px) 100vw, 200px\" \/><\/div><\/div><div class=\"w-separator size_custom\" style=\"height:25px\"><\/div><div class=\"wpb_text_column\"><div class=\"wpb_wrapper\"><h1>Getir Entegrasyonu<\/h1>\n<\/div><\/div><div class=\"w-separator size_custom\" style=\"height:25px\"><\/div><div class=\"wpb_text_column us_custom_1e0e9307\"><div class=\"wpb_wrapper\"><p><strong>SambaPOS Getir Entegrasyonu ile \u015fimdi daha fazla sipari\u015f al\u0131n ve teslim edin.<\/strong><\/p>\n<\/div><\/div><div class=\"w-separator size_custom\" style=\"height:25px\"><\/div><div class=\"wpb_text_column\"><div class=\"wpb_wrapper\"><p>\u0130\u015finizi esnek tutun ve Getir&#8217;den gelen sipari\u015fleri h\u0131zl\u0131ca kabul edin. Getir ile SambaPOS entegrasyonu, i\u015fletmenizin Getir&#8217;den gelen sipari\u015flerin en do\u011fru \u015fekilde haz\u0131rlamas\u0131n\u0131 sa\u011flamak i\u00e7in \u00fcretildi. Sipari\u015fleri h\u0131zl\u0131 bir \u015fekilde al\u0131n ve m\u00fc\u015fterilerinize en sevdikleri yiyecekleri s\u00f6z verilen s\u00fcrede teslim edin.<\/p>\n<\/div><\/div><\/div><\/div><\/div><\/div><\/div><\/div><\/div><\/section><section class=\"l-section wpb_row us_custom_3b745cf9 height_auto\"><div class=\"l-section-h i-cf\"><div class=\"g-cols vc_row via_grid cols_1 laptops-cols_inherit tablets-cols_inherit mobiles-cols_1 valign_top type_default stacking_default\"><div class=\"wpb_column vc_column_container\"><div class=\"vc_column-inner\"><div class=\"g-cols wpb_row via_grid cols_2 laptops-cols_inherit tablets-cols_inherit mobiles-cols_1 valign_middle type_default stacking_default\" style=\"--columns-gap:calc(3rem + 30px);\"><div class=\"wpb_column vc_column_container\"><div class=\"vc_column-inner\"><div class=\"w-image align_center\"><div class=\"w-image-h\"><img decoding=\"async\" width=\"800\" height=\"800\" src=\"https:\/\/sambapos.com\/wp-content\/uploads\/Sambapos-Getir-image-1-1.png\" class=\"attachment-large size-large\" alt=\"SambaPOS Getir Entegrasyonu\" loading=\"lazy\" srcset=\"https:\/\/sambapos.com\/wp-content\/uploads\/Sambapos-Getir-image-1-1.png 800w, https:\/\/sambapos.com\/wp-content\/uploads\/Sambapos-Getir-image-1-1-300x300.png 300w, https:\/\/sambapos.com\/wp-content\/uploads\/Sambapos-Getir-image-1-1-150x150.png 150w, https:\/\/sambapos.com\/wp-content\/uploads\/Sambapos-Getir-image-1-1-400x400.png 400w, https:\/\/sambapos.com\/wp-content\/uploads\/Sambapos-Getir-image-1-1-100x100.png 100w, https:\/\/sambapos.com\/wp-content\/uploads\/Sambapos-Getir-image-1-1-120x120.png 120w, https:\/\/sambapos.com\/wp-content\/uploads\/Sambapos-Getir-image-1-1-200x200.png 200w, https:\/\/sambapos.com\/wp-content\/uploads\/Sambapos-Getir-image-1-1-44x44.png 44w, https:\/\/sambapos.com\/wp-content\/uploads\/Sambapos-Getir-image-1-1-30x30.png 30w, https:\/\/sambapos.com\/wp-content\/uploads\/Sambapos-Getir-image-1-1-60x60.png 60w, https:\/\/sambapos.com\/wp-content\/uploads\/Sambapos-Getir-image-1-1-600x600.png 600w\" sizes=\"auto, (max-width: 800px) 100vw, 800px\" \/><\/div><\/div><\/div><\/div><div class=\"wpb_column vc_column_container\"><div class=\"vc_column-inner\"><div class=\"wpb_text_column\"><div class=\"wpb_wrapper\"><p>Getir gibi m\u00fc\u015fterilerinizin men\u00fcde gezindi\u011fi ve sipari\u015flerini esnek ve g\u00fcvenli \u00f6deme se\u00e7enekleriyle kap\u0131lar\u0131na kadar teslim etti\u011fi bir platforma sahip oldu\u011funuzda i\u015finizi b\u00fcy\u00fctmek daha kolay hale gelir.<\/p>\n<p>\u00c7evrimi\u00e7i yemek da\u011f\u0131t\u0131m ortaklar\u0131yla entegrasyon, sat\u0131\u015flar\u0131n\u0131z\u0131 verimli bir \u015fekilde art\u0131rman\u0131za ve i\u015finizi en ak\u0131ll\u0131 \u015fekilde tan\u0131tman\u0131za olanak tan\u0131r.<\/p>\n<\/div><\/div><\/div><\/div><\/div><div class=\"w-separator size_custom\" style=\"height:75px\"><\/div><\/div><\/div><\/div><\/div><\/section><section class=\"l-section wpb_row us_custom_3b745cf9 height_auto\"><div class=\"l-section-h i-cf\"><div class=\"g-cols vc_row via_grid cols_2 laptops-cols_inherit tablets-cols_inherit mobiles-cols_1 valign_middle type_default stacking_default\" style=\"--columns-gap:5rem;\"><div class=\"wpb_column vc_column_container\"><div class=\"vc_column-inner\"><div class=\"wpb_text_column\"><div class=\"wpb_wrapper\"><h2>\u0130\u015fte restoranlar\u0131n SambaPOS Getir Entegrasyonunu se\u00e7mesinin nedenleri<\/h2>\n<ul>\n<li>Sipari\u015fleri h\u0131zl\u0131, kolay ve do\u011frudan Getir&#8217;den herhangi bir kesinti olmaks\u0131z\u0131n proram\u0131n\u0131za al\u0131n<\/li>\n<li>Sorunsuz ve otomatikle\u015ftirilmi\u015f bir sipari\u015f ak\u0131\u015f\u0131 y\u00f6netimini deneyimleyin<\/li>\n<li>Getir&#8217;den al\u0131nan sipari\u015fleri i\u015flemek ve izlemek i\u00e7in kullan\u0131m\u0131 kolay merkezi platform<\/li>\n<li>Giri\u015f hatalar\u0131n\u0131 azalt\u0131n ve sipari\u015fle ilgili t\u00fcm verilerinizi tek bir yerde saklay\u0131n<\/li>\n<li>Sipari\u015flerinizi, sat\u0131\u015flar\u0131n\u0131z\u0131 takip etmek ve restoran\u0131n\u0131zdan \u00e7\u0131kan her \u00fcr\u00fcn\u00fc takip etmek i\u00e7in organize sistem<\/li>\n<li>\u0130\u015fletmeniz \u00fczerinde etki yaratan \u00f6ng\u00f6r\u00fclerinizi geli\u015ftirin<\/li>\n<\/ul>\n<\/div><\/div><\/div><\/div><div class=\"wpb_column vc_column_container\"><div class=\"vc_column-inner\"><div class=\"g-cols wpb_row via_grid cols_1 laptops-cols_inherit tablets-cols_inherit mobiles-cols_1 valign_middle type_default stacking_default\" style=\"--columns-gap:calc(3rem + 30px);\"><div class=\"wpb_column vc_column_container\"><div class=\"vc_column-inner\"><div class=\"w-pricing style_cards items_1\"><div class=\"w-pricing-item type_featured\"><div class=\"w-pricing-item-h\"><div class=\"w-pricing-item-header\"><div class=\"w-pricing-item-title\">GetirYemek Entegrasyonu<\/div><div class=\"w-pricing-item-price\">$79<font size=\"2\">+KDV<\/font><small>Y\u0131ll\u0131k<\/small><\/div><\/div><ul class=\"w-pricing-item-features\"><li class=\"w-pricing-item-feature\">Otomatik sipari\u015f aktar\u0131m\u0131<\/li><li class=\"w-pricing-item-feature\">Sipari\u015f ve paket\u00e7i takibi<\/li><li class=\"w-pricing-item-feature\">Detayl\u0131 raporlama<\/li><li class=\"w-pricing-item-feature\">-<\/li><li class=\"w-pricing-item-feature\">SambaPOS V5 Lisans\u0131 Gerektirir.<\/li><\/ul><div class=\"w-pricing-item-footer\"><a class=\"w-btn us-btn-style_28\" style=\"font-size:15px\" target=\"_blank\" rel=\"nofollow\" href=\"https:\/\/cp.sambapos.com\/market\"><span class=\"w-btn-label\">Sat\u0131n Al<\/span><\/a><\/div><\/div><\/div><\/div><\/div><\/div><\/div><\/div><\/div><\/div><\/div><\/section><section class=\"l-section wpb_row us_custom_3b745cf9 height_auto\"><div class=\"l-section-h i-cf\"><div class=\"g-cols vc_row via_grid cols_1 laptops-cols_inherit tablets-cols_inherit mobiles-cols_1 valign_top type_default stacking_default\"><div class=\"wpb_column vc_column_container\"><div class=\"vc_column-inner\"><div class=\"w-separator hide_on_tablets hide_on_mobiles size_custom\" style=\"height:75px\"><\/div><div class=\"g-cols wpb_row via_grid cols_2 laptops-cols_inherit tablets-cols_inherit mobiles-cols_1 valign_middle type_default stacking_default\" style=\"--columns-gap:calc(3rem + 30px);\"><div class=\"wpb_column vc_column_container\"><div class=\"vc_column-inner\"><div class=\"w-image align_center\"><div class=\"w-image-h\"><img decoding=\"async\" width=\"1024\" height=\"615\" src=\"https:\/\/sambapos.com\/wp-content\/uploads\/sambapos-products-copy-1024x615.png\" class=\"attachment-large size-large\" alt=\"SambaPOS Products\" loading=\"lazy\" srcset=\"https:\/\/sambapos.com\/wp-content\/uploads\/sambapos-products-copy-1024x615.png 1024w, https:\/\/sambapos.com\/wp-content\/uploads\/sambapos-products-copy-300x180.png 300w, https:\/\/sambapos.com\/wp-content\/uploads\/sambapos-products-copy-600x360.png 600w, https:\/\/sambapos.com\/wp-content\/uploads\/sambapos-products-copy-100x60.png 100w, https:\/\/sambapos.com\/wp-content\/uploads\/sambapos-products-copy-150x90.png 150w, https:\/\/sambapos.com\/wp-content\/uploads\/sambapos-products-copy-120x72.png 120w, https:\/\/sambapos.com\/wp-content\/uploads\/sambapos-products-copy-200x120.png 200w, https:\/\/sambapos.com\/wp-content\/uploads\/sambapos-products-copy-73x44.png 73w, https:\/\/sambapos.com\/wp-content\/uploads\/sambapos-products-copy-50x30.png 50w, https:\/\/sambapos.com\/wp-content\/uploads\/sambapos-products-copy-60x36.png 60w, https:\/\/sambapos.com\/wp-content\/uploads\/sambapos-products-copy-400x240.png 400w, https:\/\/sambapos.com\/wp-content\/uploads\/sambapos-products-copy.png 1333w\" sizes=\"auto, (max-width: 1024px) 100vw, 1024px\" \/><\/div><\/div><\/div><\/div><div class=\"wpb_column vc_column_container\"><div class=\"vc_column-inner\"><div class=\"wpb_text_column\"><div class=\"wpb_wrapper\"><h3>Getir Entegrasyonu ile bir sonraki ad\u0131m\u0131 birlikte atmaya haz\u0131r m\u0131s\u0131n\u0131z?<\/h3>\n<div><span lang=\"TR\">SambaPOS <a href=\"https:\/\/cp.sambapos.com\/market\"><u><strong>sat\u0131n al\u0131n<\/strong><\/u><\/a> veya bayi olmak i\u00e7in <strong><a href=\"https:\/\/sambapos.com\/tr\/yetkili-bayi-basvurusu\/\"><u>t\u0131klay\u0131n<\/u><\/a>!<\/strong><\/span><\/div>\n<\/div><\/div><\/div><\/div><\/div><div class=\"w-separator size_custom\" style=\"height:75px\"><\/div><\/div><\/div><\/div><\/div><\/section>\n","protected":false},"excerpt":{"rendered":"Getir Entegrasyonu Getir Entegrasyonu SambaPOS Getir Entegrasyonu ile \u015fimdi daha fazla sipari\u015f al\u0131n ve teslim edin. \u0130\u015finizi esnek tutun ve Getir&#8217;den gelen sipari\u015fleri h\u0131zl\u0131ca kabul edin. Getir ile SambaPOS entegrasyonu, i\u015fletmenizin Getir&#8217;den gelen sipari\u015flerin en do\u011fru \u015fekilde haz\u0131rlamas\u0131n\u0131 sa\u011flamak i\u00e7in \u00fcretildi. Sipari\u015fleri h\u0131zl\u0131 bir \u015fekilde al\u0131n ve m\u00fc\u015fterilerinize en sevdikleri yiyecekleri s\u00f6z verilen s\u00fcrede teslim...","protected":false},"author":1,"featured_media":0,"parent":0,"menu_order":0,"comment_status":"closed","ping_status":"closed","template":"","meta":{"footnotes":""},"class_list":["post-13042","page","type-page","status-publish","hentry"],"_links":{"self":[{"href":"https:\/\/sambapos.com\/tr\/wp-json\/wp\/v2\/pages\/13042","targetHints":{"allow":["GET"]}}],"collection":[{"href":"https:\/\/sambapos.com\/tr\/wp-json\/wp\/v2\/pages"}],"about":[{"href":"https:\/\/sambapos.com\/tr\/wp-json\/wp\/v2\/types\/page"}],"author":[{"embeddable":true,"href":"https:\/\/sambapos.com\/tr\/wp-json\/wp\/v2\/users\/1"}],"replies":[{"embeddable":true,"href":"https:\/\/sambapos.com\/tr\/wp-json\/wp\/v2\/comments?post=13042"}],"version-history":[{"count":12,"href":"https:\/\/sambapos.com\/tr\/wp-json\/wp\/v2\/pages\/13042\/revisions"}],"predecessor-version":[{"id":16016,"href":"https:\/\/sambapos.com\/tr\/wp-json\/wp\/v2\/pages\/13042\/revisions\/16016"}],"wp:attachment":[{"href":"https:\/\/sambapos.com\/tr\/wp-json\/wp\/v2\/media?parent=13042"}],"curies":[{"name":"wp","href":"https:\/\/api.w.org\/{rel}","templated":true}]}}