{"id":12780,"date":"2021-11-29T09:48:04","date_gmt":"2021-11-29T09:48:04","guid":{"rendered":"https:\/\/sambapos.com\/ghost-kitchen\/"},"modified":"2023-10-10T14:02:37","modified_gmt":"2023-10-10T14:02:37","slug":"hayalet-mutfak","status":"publish","type":"page","link":"https:\/\/sambapos.com\/tr\/hayalet-mutfak\/","title":{"rendered":"Hayalet Mutfak"},"content":{"rendered":"<section class=\"l-section wpb_row us_custom_79792af5 hide_on_tablets hide_on_mobiles height_large\"><div class=\"l-section-h i-cf\"><div class=\"g-cols vc_row via_grid cols_1 laptops-cols_inherit tablets-cols_inherit mobiles-cols_1 valign_top type_default stacking_default\" style=\"--columns-gap:30rem;\"><div class=\"wpb_column vc_column_container\"><div class=\"vc_column-inner\"><div class=\"g-cols wpb_row via_grid cols_2 laptops-cols_inherit tablets-cols_inherit mobiles-cols_1 valign_middle type_default stacking_default\" style=\"--columns-gap:calc(3rem + 30px);\"><div class=\"wpb_column vc_column_container us_custom_8941bddd\"><div class=\"vc_column-inner\"><div class=\"wpb_text_column\"><div class=\"wpb_wrapper\"><h1><span style=\"color: #ff3131;\">SambaPOS &#8211; Hayalet Mutfak<\/span><\/h1>\n<\/div><\/div><div class=\"w-separator size_custom\" style=\"height:25px\"><\/div><div class=\"wpb_text_column us_custom_1e0e9307\"><div class=\"wpb_wrapper\"><p><strong>Hayalet mutfa\u011f\u0131n\u0131z\u0131 ve sanal restoran\u0131n\u0131z\u0131 SambaPOS&#8217;un g\u00fcc\u00fcyle <\/strong><strong>hayata ge\u00e7irin<\/strong><strong>!<\/strong><\/p>\n<\/div><\/div><div class=\"w-separator size_custom\" style=\"height:25px\"><\/div><div class=\"wpb_text_column\"><div class=\"wpb_wrapper\"><p>Hayalet mutfaklar, konaklama end\u00fcstrisinde b\u00fcy\u00fcyen bir trend haline geliyor. Bunlardan birini y\u00f6netmenin haz\u0131r m\u0131s\u0131n\u0131z? E\u011fer haz\u0131rsan\u0131z, SambaPOS da haz\u0131r. Bir\u00e7ok m\u00fc\u015fteri taraf\u0131ndan se\u00e7ilen gel-al, paket servis ve \u00f6n sipari\u015f se\u00e7enekleriyle y\u00f6netmek i\u00e7in kapsaml\u0131 bir \u00e7\u00f6z\u00fcme sahip olman\u0131z gerekir. SambaPOS, g\u00f6revleri otomatikle\u015ftirmenize, t\u00fcm sipari\u015fleri yerine getirmenize ve minimum \u00e7abayla sat\u0131\u015flar\u0131 art\u0131rman\u0131za yard\u0131mc\u0131 olarak size i\u015finizi b\u00fcy\u00fctmek i\u00e7in daha fazla zaman kazand\u0131r\u0131r.<\/p>\n<ul>\n<li>\u00c7ok Kanall\u0131 Sipari\u015f<\/li>\n<li>Eksik veya Fazla Stok Yok<\/li>\n<li>H\u0131zl\u0131 Teslimat<\/li>\n<li>Mutfak Ekranlar\u0131 ile kolay y\u00f6netim<\/li>\n<\/ul>\n<\/div><\/div><\/div><\/div><div class=\"wpb_column vc_column_container\"><div class=\"vc_column-inner\"><\/div><\/div><\/div><\/div><\/div><\/div><\/div><\/section><section class=\"l-section wpb_row hide_on_default hide_on_laptops height_large\"><div class=\"l-section-h i-cf\"><div class=\"g-cols vc_row via_grid cols_1 laptops-cols_inherit tablets-cols_inherit mobiles-cols_1 valign_top type_default stacking_default\" style=\"--columns-gap:30rem;\"><div class=\"wpb_column vc_column_container\"><div class=\"vc_column-inner\"><div class=\"g-cols wpb_row via_grid cols_1 laptops-cols_inherit tablets-cols_inherit mobiles-cols_1 valign_middle type_default stacking_default\" style=\"--columns-gap:calc(3rem + 30px);\"><div class=\"wpb_column vc_column_container\"><div class=\"vc_column-inner\"><div class=\"w-separator size_custom\" style=\"height:75px\"><\/div><div class=\"wpb_text_column\"><div class=\"wpb_wrapper\"><h1><span style=\"color: #ff3131;\">SambaPOS &#8211; Hayalet Mutfak<\/span><\/h1>\n<\/div><\/div><div class=\"w-separator size_custom\" style=\"height:25px\"><\/div><div class=\"wpb_text_column us_custom_1e0e9307\"><div class=\"wpb_wrapper\"><p><strong>Hayalet mutfa\u011f\u0131n\u0131z\u0131 ve sanal restoran\u0131n\u0131z\u0131 SambaPOS&#8217;un g\u00fcc\u00fcyle <\/strong><strong>hayata ge\u00e7irin<\/strong><strong>!<\/strong><\/p>\n<\/div><\/div><div class=\"w-separator size_custom\" style=\"height:25px\"><\/div><div class=\"wpb_text_column\"><div class=\"wpb_wrapper\"><p>Hayalet mutfaklar, konaklama end\u00fcstrisinde b\u00fcy\u00fcyen bir trend haline geliyor. Bunlardan birini y\u00f6netmenin haz\u0131r m\u0131s\u0131n\u0131z? E\u011fer haz\u0131rsan\u0131z, SambaPOS da haz\u0131r. Bir\u00e7ok m\u00fc\u015fteri taraf\u0131ndan se\u00e7ilen gel-al, paket servis ve \u00f6n sipari\u015f se\u00e7enekleriyle y\u00f6netmek i\u00e7in kapsaml\u0131 bir \u00e7\u00f6z\u00fcme sahip olman\u0131z gerekir. SambaPOS, g\u00f6revleri otomatikle\u015ftirmenize, t\u00fcm sipari\u015fleri yerine getirmenize ve minimum \u00e7abayla sat\u0131\u015flar\u0131 art\u0131rman\u0131za yard\u0131mc\u0131 olarak size i\u015finizi b\u00fcy\u00fctmek i\u00e7in daha fazla zaman kazand\u0131r\u0131r.<\/p>\n<ul>\n<li>\u00c7ok Kanall\u0131 Sipari\u015f<\/li>\n<li>Eksik veya Fazla Stok Yok<\/li>\n<li>H\u0131zl\u0131 Teslimat<\/li>\n<li>Mutfak Ekranlar\u0131 ile kolay y\u00f6netim<\/li>\n<\/ul>\n<\/div><\/div><\/div><\/div><\/div><\/div><\/div><\/div><\/div><\/section><section class=\"l-section wpb_row us_custom_3b745cf9 height_auto\"><div class=\"l-section-h i-cf\"><div class=\"g-cols vc_row via_grid cols_1 laptops-cols_inherit tablets-cols_inherit mobiles-cols_1 valign_top type_default stacking_default\"><div class=\"wpb_column vc_column_container\"><div class=\"vc_column-inner\"><div class=\"w-separator hide_on_tablets hide_on_mobiles size_custom\" style=\"height:75px\"><\/div><div class=\"g-cols wpb_row via_grid cols_2 laptops-cols_inherit tablets-cols_inherit mobiles-cols_1 valign_middle type_default stacking_default\" style=\"--columns-gap:calc(3rem + 30px);\"><div class=\"wpb_column vc_column_container\"><div class=\"vc_column-inner\"><div class=\"w-image align_center\"><div class=\"w-image-h\"><img decoding=\"async\" width=\"600\" height=\"400\" src=\"https:\/\/sambapos.com\/wp-content\/uploads\/SambaPOS-\u2013-Ghost-Kitchen-images.png\" class=\"attachment-large size-large\" alt=\"SambaPOS Hayalet Mutfak\" loading=\"lazy\" srcset=\"https:\/\/sambapos.com\/wp-content\/uploads\/SambaPOS-\u2013-Ghost-Kitchen-images.png 600w, https:\/\/sambapos.com\/wp-content\/uploads\/SambaPOS-\u2013-Ghost-Kitchen-images-300x200.png 300w, https:\/\/sambapos.com\/wp-content\/uploads\/SambaPOS-\u2013-Ghost-Kitchen-images-100x67.png 100w, https:\/\/sambapos.com\/wp-content\/uploads\/SambaPOS-\u2013-Ghost-Kitchen-images-150x100.png 150w, https:\/\/sambapos.com\/wp-content\/uploads\/SambaPOS-\u2013-Ghost-Kitchen-images-120x80.png 120w, https:\/\/sambapos.com\/wp-content\/uploads\/SambaPOS-\u2013-Ghost-Kitchen-images-200x133.png 200w, https:\/\/sambapos.com\/wp-content\/uploads\/SambaPOS-\u2013-Ghost-Kitchen-images-66x44.png 66w, https:\/\/sambapos.com\/wp-content\/uploads\/SambaPOS-\u2013-Ghost-Kitchen-images-45x30.png 45w, https:\/\/sambapos.com\/wp-content\/uploads\/SambaPOS-\u2013-Ghost-Kitchen-images-60x40.png 60w\" sizes=\"auto, (max-width: 600px) 100vw, 600px\" \/><\/div><\/div><\/div><\/div><div class=\"wpb_column vc_column_container\"><div class=\"vc_column-inner\"><div class=\"wpb_text_column\"><div class=\"wpb_wrapper\"><h2>Merkezi Sipari\u015f Y\u00f6netimi<\/h2>\n<p>Operasyonlar\u0131n\u0131z\u0131 her \u015fey dahil tek bir \u00e7\u00f6z\u00fcmde y\u00f6netin.<\/p>\n<ul>\n<li>Mobil uygulamalardan, web sitelerinden ve hatta telefon g\u00f6r\u00fc\u015fmelerinden gelen sipari\u015fleri y\u00f6netin<\/li>\n<li>M\u00fc\u015fterilerinizin evlerine sipari\u015fleri teslim edin veya kald\u0131r\u0131m kendilerini teslim al\u0131nmas\u0131n\u0131 sa\u011flay\u0131n<\/li>\n<li>Mutfa\u011f\u0131n\u0131z i\u00e7in birden fazla konsept olu\u015fturun (\u00f6rne\u011fin, Asya yemekleri, pizza ve tatl\u0131lar) ve t\u00fcm \u00e7evrimi\u00e7i sipari\u015flerini y\u00f6netin<\/li>\n<\/ul>\n<\/div><\/div><\/div><\/div><\/div><div class=\"w-separator size_custom\" style=\"height:50px\"><\/div><\/div><\/div><\/div><\/div><\/section><section class=\"l-section wpb_row us_custom_3b745cf9 height_auto\"><div class=\"l-section-h i-cf\"><div class=\"g-cols vc_row via_grid cols_1 laptops-cols_inherit tablets-cols_inherit mobiles-cols_1 valign_top type_default stacking_default\"><div class=\"wpb_column vc_column_container\"><div class=\"vc_column-inner\"><div class=\"w-separator size_custom\" style=\"height:3rem\"><\/div><div class=\"g-cols wpb_row via_grid cols_2 laptops-cols_inherit tablets-cols_inherit mobiles-cols_1 valign_top type_default stacking_default\" style=\"--columns-gap:3rem;\"><div class=\"wpb_column vc_column_container us_custom_6b8248eb\"><div class=\"vc_column-inner\"><div class=\"w-iconbox iconpos_left style_default color_primary align_left\"><div class=\"w-iconbox-icon\" style=\"font-size:2rem;\"><i class=\"fas fa-angle-right\"><\/i><\/div><div class=\"w-iconbox-meta\"><p class=\"w-iconbox-title\"><b>Kolay Mutfak \u0130\u015flemleri<\/b><\/p><div class=\"w-iconbox-text\"><p>Mutfak, sanal bir restoran\u0131n en \u00f6nemli unsurudur. SambaPOS&#8217;un kullan\u0131m\u0131 kolay, dinamik mutfak sipari\u015fekranlar\u0131 ile t\u00fcm sipari\u015flerinizi \u00e7ok lineer bir \u015fekilde i\u015fleyebilirsiniz. Mutfakta daha az kaos, mutlu personel ve memnun m\u00fc\u015fteriler elde edersiniz.<\/p>\n<\/div><\/div><\/div><\/div><\/div><div class=\"wpb_column vc_column_container us_custom_6b8248eb\"><div class=\"vc_column-inner\"><div class=\"w-iconbox iconpos_left style_default color_primary align_left\"><div class=\"w-iconbox-icon\" style=\"font-size:2rem;\"><i class=\"fas fa-angle-right\"><\/i><\/div><div class=\"w-iconbox-meta\"><p class=\"w-iconbox-title\"><b>Tak\u0131m Y\u00f6netimi<\/b><\/p><div class=\"w-iconbox-text\"><p>Verimlili\u011fi, i\u015fbirli\u011fini ve sa\u011flam bir \u00e7al\u0131\u015fma ortam\u0131n\u0131 te\u015fvik etmek i\u00e7in personelinizi rahatl\u0131kla organize edin. SambaPOS ile personel \u00e7izelgelerini, maa\u015f bordrolar\u0131n\u0131 ve ekip hiyerar\u015filerini koordine edin. \u00c7al\u0131\u015f\u0131lan saatlerin say\u0131s\u0131n\u0131 takip edin, bah\u015fi\u015fleri, \u00e7al\u0131\u015fanlara sa\u011flanan faydalar\u0131 ve daha fazlas\u0131n\u0131 y\u00f6netin.<\/p>\n<\/div><\/div><\/div><\/div><\/div><\/div><div class=\"w-separator size_custom\" style=\"height:3rem\"><\/div><div class=\"g-cols wpb_row via_grid cols_2 laptops-cols_inherit tablets-cols_inherit mobiles-cols_1 valign_top type_default stacking_default\" style=\"--columns-gap:3rem;\"><div class=\"wpb_column vc_column_container us_custom_6b8248eb\"><div class=\"vc_column-inner\"><div class=\"w-iconbox iconpos_left style_default color_primary align_left\"><div class=\"w-iconbox-icon\" style=\"font-size:2rem;\"><i class=\"fas fa-angle-right\"><\/i><\/div><div class=\"w-iconbox-meta\"><p class=\"w-iconbox-title\"><b>Faydal\u0131 Entegrasyonlar<\/b><\/p><div class=\"w-iconbox-text\"><p>SambaPOS V5 Pro, gerekli t\u00fcm i\u015flevleri tek bir yerde size sa\u011flamak i\u00e7in ilgili yaz\u0131l\u0131mlarla entegre edilebilir. Faturaland\u0131rma ve \u00f6demeler ya da Yemeksepeti gibi hizmetler olsun her alanda SambaPOS, g\u00fcvenli bir entegrasyon konusunda size yard\u0131mc\u0131 olabilir. Manuel g\u00f6revleri otomatikle\u015ftirin, i\u015flemleri birle\u015ftirin ve de\u011ferli zamandan ve maliyetlerden tasarruf edin.<\/p>\n<\/div><\/div><\/div><\/div><\/div><div class=\"wpb_column vc_column_container us_custom_6b8248eb\"><div class=\"vc_column-inner\"><div class=\"w-iconbox iconpos_left style_default color_primary align_left\"><div class=\"w-iconbox-icon\" style=\"font-size:2rem;\"><i class=\"fas fa-angle-right\"><\/i><\/div><div class=\"w-iconbox-meta\"><p class=\"w-iconbox-title\"><b>Ger\u00e7ek Zamanl\u0131 Envanter Takibi<\/b><\/p><div class=\"w-iconbox-text\"><p>Hammadde ve malzemeler asla t\u00fckenmez. Neyin mevcut oldu\u011funu ve neyin sat\u0131n al\u0131nmas\u0131 gerekti\u011finis\u00fcrekli takip edin. Her zaman en \u00e7ok satan \u00fcr\u00fcnleriniz i\u00e7in gereken malzemelere sahip oldu\u011funuzdan emin olun. Stok yapman\u0131z gerekti\u011finde SambaPOS sizi bilgilendirir.<\/p>\n<\/div><\/div><\/div><\/div><\/div><\/div><div class=\"w-separator size_custom\" style=\"height:3rem\"><\/div><div class=\"g-cols wpb_row via_grid cols_2 laptops-cols_inherit tablets-cols_inherit mobiles-cols_1 valign_top type_default stacking_default\" style=\"--columns-gap:3rem;\"><div class=\"wpb_column vc_column_container us_custom_6b8248eb\"><div class=\"vc_column-inner\"><div class=\"w-iconbox iconpos_left style_default color_primary align_left\"><div class=\"w-iconbox-icon\" style=\"font-size:2rem;\"><i class=\"fas fa-angle-right\"><\/i><\/div><div class=\"w-iconbox-meta\"><p class=\"w-iconbox-title\"><b>Anla\u015f\u0131l\u0131r Raporlama<\/b><\/p><div class=\"w-iconbox-text\"><p>\u00d6deme, sat\u0131\u015f, envanter, personel, teslimat ve daha fazlas\u0131 i\u00e7in kapsaml\u0131 raporlar al\u0131n! Raporlar\u0131 g\u00fcnl\u00fck, ayl\u0131k, haftal\u0131k ve y\u0131ll\u0131k olarak indirebilir ve g\u00fcnl\u00fck operasyonlar\u0131n\u0131za g\u00f6re \u00f6zelle\u015ftirebilirsiniz. \u0130\u015finizi ve pazarlama stratejinizi planlamak i\u00e7in bir veya birden fazla konumdan ger\u00e7ek zamanl\u0131 veri kullan\u0131n.<\/p>\n<\/div><\/div><\/div><\/div><\/div><div class=\"wpb_column vc_column_container us_custom_6b8248eb\"><div class=\"vc_column-inner\"><div class=\"w-iconbox iconpos_left style_default color_primary align_left\"><div class=\"w-iconbox-icon\" style=\"font-size:2rem;\"><i class=\"fas fa-angle-right\"><\/i><\/div><div class=\"w-iconbox-meta\"><p class=\"w-iconbox-title\"><b>Her \u015eey Dahil POS<\/b><\/p><div class=\"w-iconbox-text\"><p>SambaPOS, hepsi bir arada POS \u00e7\u00f6z\u00fcm\u00fcm\u00fcz \u00e7oklu yetenekler sunar. Telefon sipari\u015flerinizi verimli bir \u015fekilde y\u00f6netmek, m\u00fc\u015fterilerinizi etkilemek i\u00e7in \u00f6zel men\u00fcler olu\u015fturmak, markan\u0131z\u0131 birden fazla \u00e7evrimi\u00e7i kanalda g\u00f6r\u00fcnt\u00fclemek, teslimat \u00fccretlerini, vergileri ve daha fazlas\u0131n\u0131 ayarlamak i\u00e7in arayan kimli\u011fi kaydetmei\u015flevimizi kullan\u0131n. T\u00fcm bunlar tam istedi\u011finiz gibi yap\u0131land\u0131r\u0131labilir \u2013 <em>sistemimiz sizin i\u00e7in \u00e7al\u0131\u015f\u0131r.<\/em><\/p>\n<\/div><\/div><\/div><\/div><\/div><\/div><div class=\"w-separator size_custom\" style=\"height:75px\"><\/div><\/div><\/div><\/div><\/div><\/section><section class=\"l-section wpb_row height_auto with_img\"><div class=\"l-section-img\" role=\"img\" aria-label=\"SambaPOS Ghost Kitchen\" data-img-width=\"2560\" data-img-height=\"1708\" style=\"background-image: url(https:\/\/sambapos.com\/wp-content\/uploads\/SambaPOS-\u2013-Ghost-Kitchen-scaled.jpeg);\"><\/div><div class=\"l-section-h i-cf\"><div class=\"g-cols vc_row via_grid cols_2 laptops-cols_inherit tablets-cols_inherit mobiles-cols_1 valign_top type_default stacking_default\"><div class=\"wpb_column vc_column_container\"><div class=\"vc_column-inner\"><div class=\"w-separator size_custom\" style=\"height:75px\"><\/div><div class=\"g-cols wpb_row us_custom_807de8c1 via_grid cols_1 laptops-cols_inherit tablets-cols_inherit mobiles-cols_1 valign_top type_default stacking_default\" style=\"--columns-gap:3rem;\"><div class=\"wpb_column vc_column_container\"><div class=\"vc_column-inner\"><div class=\"w-separator size_custom\" style=\"height:25px\"><\/div><div class=\"w-iconbox iconpos_left style_default color_primary align_left\"><div class=\"w-iconbox-icon\" style=\"font-size:2rem;\"><i class=\"fas fa-angle-right\"><\/i><\/div><div class=\"w-iconbox-meta\"><p class=\"w-iconbox-title\"><b>\u0130\u015fletmenizi B\u00fcy\u00fct\u00fcn<\/b><\/p><div class=\"w-iconbox-text\"><p>Hayalet mutfaklar b\u00fcy\u00fcmek i\u00e7in m\u00fckemmel bir yoldur. Daha az genel maliyetleriyle gelirinizi h\u0131zla art\u0131rabilirsiniz. SambaPOS, veriye dayal\u0131 \u00f6ng\u00f6r\u00fc sa\u011flar, sorunsuz bir sipari\u015f sistemi ile y\u00fcksek kaliteli bir teslimat hizmeti ve m\u00fckemmel organize edilmi\u015f bir mutfak size i\u015finizi daha h\u0131zl\u0131 ve daha sa\u011fl\u0131kl\u0131 b\u00fcy\u00fctmenizin i\u00e7in olanak sa\u011flayacakt\u0131r. M\u00fc\u015fterilerinize inan\u0131lmaz bir deneyim sunun ve tekrar sizden al\u0131\u015fveri\u015f yapmalar\u0131n\u0131sa\u011flay\u0131n.<\/p>\n<\/div><\/div><\/div><div class=\"w-separator size_custom\" style=\"height:25px\"><\/div><\/div><\/div><\/div><div class=\"w-separator size_custom\" style=\"height:75px\"><\/div><div class=\"wpb_column vc_column_container\"><div class=\"vc_column-inner\"><\/div><\/div><\/div><\/div><div class=\"wpb_column vc_column_container\"><div class=\"vc_column-inner\"><\/div><\/div><\/div><\/div><\/section><section class=\"l-section wpb_row us_custom_3b745cf9 height_auto\"><div class=\"l-section-h i-cf\"><div class=\"g-cols vc_row via_grid cols_1 laptops-cols_inherit tablets-cols_inherit mobiles-cols_1 valign_top type_default stacking_default\"><div class=\"wpb_column vc_column_container\"><div class=\"vc_column-inner\"><div class=\"w-separator size_custom\" style=\"height:75px\"><\/div><div class=\"g-cols wpb_row via_grid cols_2 laptops-cols_inherit tablets-cols_inherit mobiles-cols_1 valign_middle type_default stacking_default\" style=\"--columns-gap:calc(3rem + 30px);\"><div class=\"wpb_column vc_column_container\"><div class=\"vc_column-inner\"><div class=\"w-image align_center\"><div class=\"w-image-h\"><img decoding=\"async\" width=\"1024\" height=\"615\" src=\"https:\/\/sambapos.com\/wp-content\/uploads\/sambapos-products-copy-1024x615.png\" class=\"attachment-large size-large\" alt=\"SambaPOS Products\" loading=\"lazy\" srcset=\"https:\/\/sambapos.com\/wp-content\/uploads\/sambapos-products-copy-1024x615.png 1024w, https:\/\/sambapos.com\/wp-content\/uploads\/sambapos-products-copy-300x180.png 300w, https:\/\/sambapos.com\/wp-content\/uploads\/sambapos-products-copy-600x360.png 600w, https:\/\/sambapos.com\/wp-content\/uploads\/sambapos-products-copy-100x60.png 100w, https:\/\/sambapos.com\/wp-content\/uploads\/sambapos-products-copy-150x90.png 150w, https:\/\/sambapos.com\/wp-content\/uploads\/sambapos-products-copy-120x72.png 120w, https:\/\/sambapos.com\/wp-content\/uploads\/sambapos-products-copy-200x120.png 200w, https:\/\/sambapos.com\/wp-content\/uploads\/sambapos-products-copy-73x44.png 73w, https:\/\/sambapos.com\/wp-content\/uploads\/sambapos-products-copy-50x30.png 50w, https:\/\/sambapos.com\/wp-content\/uploads\/sambapos-products-copy-60x36.png 60w, https:\/\/sambapos.com\/wp-content\/uploads\/sambapos-products-copy-400x240.png 400w, https:\/\/sambapos.com\/wp-content\/uploads\/sambapos-products-copy.png 1333w\" sizes=\"auto, (max-width: 1024px) 100vw, 1024px\" \/><\/div><\/div><\/div><\/div><div class=\"wpb_column vc_column_container\"><div class=\"vc_column-inner\"><div class=\"wpb_text_column\"><div class=\"wpb_wrapper\"><div class=\"icerik\">\n<div id=\"articleContentDiv_FDbL5BmADgayIsi4oyuMRmRU9G9Dl4\" class=\"icerik_text\" data-entity=\"detailEntity_kUryFvRvm00KILlhf9ySj4dGouBQma\" data-field=\"ContentArticle\" data-auto-hide=\"true\">\n<div class=\"publisherHtmlBeautify\" data-entity=\"detailEntity_kUryFvRvm00KILlhf9ySj4dGouBQma\" data-field=\"ContentArticle\" data-display=\"html\">\n<h3>SambaPOS \u2013 Ba\u015far\u0131 i\u00e7in \u00dcretildi<\/h3>\n<\/div>\n<p>Hayallerinizin hayalet mutfa\u011f\u0131n\u0131 ger\u00e7e\u011fe d\u00f6n\u00fc\u015ft\u00fcr\u00fcn. SambaPOS, size paket servis, online sipari\u015f y\u00f6netimi, mutfak ekranlar\u0131, kolay men\u00fc y\u00f6netimi ve \u00e7ok daha fazlas\u0131yla yard\u0131mc\u0131 olacakt\u0131r. \u0130ster bayilerimizden ister forum\u2019dan isterseniz destek dok\u00fcmanlar\u0131m\u0131zdan gerekli t\u00fcm bilgiye ula\u015fabilirsiniz. \u00a0\u00a0Hemen \u015fimdi <a href=\"https:\/\/cp.sambapos.com\/market\"><strong>SambaPOS sat\u0131n alabilir<\/strong><\/a> ya da <a href=\"https:\/\/sambapos.com\/tr\/yetkili-bayi-basvurusu\/\"><strong>bayimiz olabilirsiniz.<\/strong><\/a><\/p>\n<\/div>\n<\/div>\n<\/div><\/div><\/div><\/div><\/div><div class=\"w-separator size_custom\" style=\"height:75px\"><\/div><\/div><\/div><\/div><\/div><\/section>\n","protected":false},"excerpt":{"rendered":"SambaPOS &#8211; Hayalet Mutfak Hayalet mutfa\u011f\u0131n\u0131z\u0131 ve sanal restoran\u0131n\u0131z\u0131 SambaPOS&#8217;un g\u00fcc\u00fcyle hayata ge\u00e7irin! Hayalet mutfaklar, konaklama end\u00fcstrisinde b\u00fcy\u00fcyen bir trend haline geliyor. Bunlardan birini y\u00f6netmenin haz\u0131r m\u0131s\u0131n\u0131z? E\u011fer haz\u0131rsan\u0131z, SambaPOS da haz\u0131r. Bir\u00e7ok m\u00fc\u015fteri taraf\u0131ndan se\u00e7ilen gel-al, paket servis ve \u00f6n sipari\u015f se\u00e7enekleriyle y\u00f6netmek i\u00e7in kapsaml\u0131 bir \u00e7\u00f6z\u00fcme sahip olman\u0131z gerekir. SambaPOS, g\u00f6revleri otomatikle\u015ftirmenize, t\u00fcm...","protected":false},"author":1,"featured_media":0,"parent":0,"menu_order":0,"comment_status":"closed","ping_status":"closed","template":"","meta":{"footnotes":""},"class_list":["post-12780","page","type-page","status-publish","hentry"],"_links":{"self":[{"href":"https:\/\/sambapos.com\/tr\/wp-json\/wp\/v2\/pages\/12780","targetHints":{"allow":["GET"]}}],"collection":[{"href":"https:\/\/sambapos.com\/tr\/wp-json\/wp\/v2\/pages"}],"about":[{"href":"https:\/\/sambapos.com\/tr\/wp-json\/wp\/v2\/types\/page"}],"author":[{"embeddable":true,"href":"https:\/\/sambapos.com\/tr\/wp-json\/wp\/v2\/users\/1"}],"replies":[{"embeddable":true,"href":"https:\/\/sambapos.com\/tr\/wp-json\/wp\/v2\/comments?post=12780"}],"version-history":[{"count":8,"href":"https:\/\/sambapos.com\/tr\/wp-json\/wp\/v2\/pages\/12780\/revisions"}],"predecessor-version":[{"id":15915,"href":"https:\/\/sambapos.com\/tr\/wp-json\/wp\/v2\/pages\/12780\/revisions\/15915"}],"wp:attachment":[{"href":"https:\/\/sambapos.com\/tr\/wp-json\/wp\/v2\/media?parent=12780"}],"curies":[{"name":"wp","href":"https:\/\/api.w.org\/{rel}","templated":true}]}}