{"id":12287,"date":"2022-01-20T18:43:11","date_gmt":"2022-01-20T18:43:11","guid":{"rendered":"https:\/\/sambapos.com\/become-a-partner\/"},"modified":"2022-08-31T18:24:03","modified_gmt":"2022-08-31T18:24:03","slug":"yetkili-bayi-basvurusu","status":"publish","type":"page","link":"https:\/\/sambapos.com\/tr\/yetkili-bayi-basvurusu\/","title":{"rendered":"Yetkili Bayi Ba\u015fvurusu"},"content":{"rendered":"<section class=\"l-section wpb_row height_medium\"><div class=\"l-section-h i-cf\"><div class=\"g-cols vc_row via_grid cols_1 laptops-cols_inherit tablets-cols_inherit mobiles-cols_1 valign_top type_default stacking_default\"><div class=\"wpb_column vc_column_container\"><div class=\"vc_column-inner\"><div class=\"g-cols wpb_row via_grid cols_1-2-1 laptops-cols_inherit tablets-cols_inherit mobiles-cols_1 valign_top type_default stacking_default\" style=\"--columns-gap:3rem;\"><div class=\"wpb_column vc_column_container\"><div class=\"vc_column-inner\"><\/div><\/div><div class=\"wpb_column vc_column_container\"><div class=\"vc_column-inner\"><div class=\"wpb_text_column\"><div class=\"wpb_wrapper\"><h1 style=\"text-align: center;\">SambaPOS Yetkili Bayi Ba\u015fvurusu<\/h1>\n<\/div><\/div><div class=\"w-separator size_custom\" style=\"height:3rem\"><\/div><div class=\"wpb_text_column\"><div class=\"wpb_wrapper\"><h6 style=\"text-align: center;\"><strong>SambaPOS D\u00fcnya\u2019n\u0131n bir\u00e7ok \u00fclkesinde bir\u00e7ok dilde sat\u0131lan ve kullan\u0131lan bir restoran program\u0131d\u0131r.<\/strong><\/h6>\n<\/div><\/div><\/div><\/div><div class=\"wpb_column vc_column_container\"><div class=\"vc_column-inner\"><\/div><\/div><\/div><div class=\"w-separator size_custom\" style=\"height:75px\"><\/div><div class=\"g-cols wpb_row via_grid cols_2 laptops-cols_inherit tablets-cols_inherit mobiles-cols_1 valign_top type_default stacking_default\" style=\"--columns-gap:3rem;\"><div class=\"wpb_column vc_column_container us_custom_2c4f4a12\"><div class=\"vc_column-inner\"><div class=\"wpb_text_column\"><div class=\"wpb_wrapper\"><div>\n<p><strong>Y\u0131llard\u0131r restoran sekt\u00f6r\u00fcnde kazand\u0131\u011f\u0131m\u0131z deneyimleri yetkili sat\u0131c\u0131lar\u0131m\u0131zla payla\u015fmak ve sekt\u00f6r\u00fcn en iyisi olmak amac\u0131nday\u0131z.<\/strong><\/p>\n<p>SambaPOS Yetkili Sat\u0131c\u0131s\u0131 olmak sadece yaz\u0131l\u0131m satmak de\u011fil, uluslararas\u0131 sat\u0131\u015f ve destek deneyimine dahil olmak demektir. Bu nedenle e\u011fitime \u00f6nem veriyor, di\u011fer programlardan \u00e7ok farkl\u0131 bir yap\u0131ya sahip olan SambaPOS\u2019u t\u00fcm yetkili sat\u0131c\u0131lar\u0131m\u0131z\u0131n t\u00fcm \u00f6zellikleri ile uygulayabilmesini istiyoruz. Yurt ve D\u00fcnya genelinde bir\u00e7ok yetkili sat\u0131c\u0131yla i\u015f ortakl\u0131klar\u0131m\u0131z\u0131 s\u00fcrd\u00fcr\u00fcyoruz. SambaPOS markas\u0131n\u0131 ilerletmek ve geli\u015ftirmek arzusunda olan ekiplerle i\u015fimizi daha da b\u00fcy\u00fct\u00fcyoruz.<\/p>\n<p>SambaPOS bayi a\u011f\u0131na kat\u0131ld\u0131\u011f\u0131n\u0131zda, elde edece\u011finiz avantajlar,<\/p>\n<\/div>\n<ul>\n<li>SambaPOS lisans\u0131 yaln\u0131zca resmi Bayilerimiz \u00fczerinden sat\u0131l\u0131r. Sizde yetkili bayi olarak SambaPOS Lisanslar\u0131n\u0131 satabileceksiniz.<\/li>\n<li>Bayilerimize \u00f6zel haz\u0131rlad\u0131\u011f\u0131m\u0131z SambaPOS E\u011fitim Portal\u0131nda s\u00fcrekli g\u00fcncellenen e\u011fitimler yay\u0131nl\u0131yoruz. Bu e\u011fitimlere kat\u0131lan SambaPOS destek personelinize sertifika veriyoruz.<\/li>\n<li>Bayi portal\u0131 \u00fczerinden kullan\u0131lan \u00f6zel bir Ticket Sistemi ile t\u00fcm sorular\u0131n\u0131za \u00f6ncelikli yan\u0131t alabiliyorsunuz.<\/li>\n<li>SambaPOS Potansiyel M\u00fc\u015fteri veritaban\u0131na eri\u015fiminize a\u00e7\u0131yor ve b\u00f6lgenizdeki Potansiyel M\u00fc\u015fterileri sistem taraf\u0131ndan otomatik olarak size y\u00f6nlendiriyoruz.<\/li>\n<\/ul>\n<\/div><\/div><\/div><\/div><div class=\"wpb_column vc_column_container us_custom_4fe2f0fa has_bg_color\"><div class=\"vc_column-inner\"><div class=\"wpb_text_column\"><div class=\"wpb_wrapper\"><div class=\"wpb_text_column\">\n<div class=\"wpb_wrapper\">\n<div class=\"heading style3\">\n<div class=\"heading style3 centered\">\n<div class=\"wpb_text_column\">\n<div class=\"wpb_wrapper\">\n<div class=\"heading style3\">\n<div class=\"heading style3 centered\">\n<p><strong>Formu doldurarak yetkili sat\u0131c\u0131 olabilir ve SambaPOS\u2019un b\u00fcy\u00fck ailesine kat\u0131labilirsiniz.<\/strong><\/p>\n<\/div>\n<\/div>\n<\/div>\n<\/div>\n<\/div>\n<\/div>\n<\/div>\n<\/div>\n<\/div><\/div><div class=\"w-separator size_custom\" style=\"height:1rem\"><\/div><script>\nvar gform;gform||(document.addEventListener(\"gform_main_scripts_loaded\",function(){gform.scriptsLoaded=!0}),document.addEventListener(\"gform\/theme\/scripts_loaded\",function(){gform.themeScriptsLoaded=!0}),window.addEventListener(\"DOMContentLoaded\",function(){gform.domLoaded=!0}),gform={domLoaded:!1,scriptsLoaded:!1,themeScriptsLoaded:!1,isFormEditor:()=>\"function\"==typeof InitializeEditor,callIfLoaded:function(o){return!(!gform.domLoaded||!gform.scriptsLoaded||!gform.themeScriptsLoaded&&!gform.isFormEditor()||(gform.isFormEditor()&&console.warn(\"The use of gform.initializeOnLoaded() is deprecated in the form editor context and will be removed in Gravity Forms 3.1.\"),o(),0))},initializeOnLoaded:function(o){gform.callIfLoaded(o)||(document.addEventListener(\"gform_main_scripts_loaded\",()=>{gform.scriptsLoaded=!0,gform.callIfLoaded(o)}),document.addEventListener(\"gform\/theme\/scripts_loaded\",()=>{gform.themeScriptsLoaded=!0,gform.callIfLoaded(o)}),window.addEventListener(\"DOMContentLoaded\",()=>{gform.domLoaded=!0,gform.callIfLoaded(o)}))},hooks:{action:{},filter:{}},addAction:function(o,r,e,t){gform.addHook(\"action\",o,r,e,t)},addFilter:function(o,r,e,t){gform.addHook(\"filter\",o,r,e,t)},doAction:function(o){gform.doHook(\"action\",o,arguments)},applyFilters:function(o){return gform.doHook(\"filter\",o,arguments)},removeAction:function(o,r){gform.removeHook(\"action\",o,r)},removeFilter:function(o,r,e){gform.removeHook(\"filter\",o,r,e)},addHook:function(o,r,e,t,n){null==gform.hooks[o][r]&&(gform.hooks[o][r]=[]);var d=gform.hooks[o][r];null==n&&(n=r+\"_\"+d.length),gform.hooks[o][r].push({tag:n,callable:e,priority:t=null==t?10:t})},doHook:function(r,o,e){var t;if(e=Array.prototype.slice.call(e,1),null!=gform.hooks[r][o]&&((o=gform.hooks[r][o]).sort(function(o,r){return o.priority-r.priority}),o.forEach(function(o){\"function\"!=typeof(t=o.callable)&&(t=window[t]),\"action\"==r?t.apply(null,e):e[0]=t.apply(null,e)})),\"filter\"==r)return e[0]},removeHook:function(o,r,t,n){var e;null!=gform.hooks[o][r]&&(e=(e=gform.hooks[o][r]).filter(function(o,r,e){return!!(null!=n&&n!=o.tag||null!=t&&t!=o.priority)}),gform.hooks[o][r]=e)}});\n<\/script>\n\n                <div class='gf_browser_gecko gform_wrapper gravity-theme gform-theme--no-framework' data-form-theme='gravity-theme' data-form-index='0' id='gform_wrapper_43' ><form method='post' enctype='multipart\/form-data'  id='gform_43'  action='\/tr\/wp-json\/wp\/v2\/pages\/12287' data-formid='43' novalidate><div class='gf_invisible ginput_recaptchav3' data-sitekey='6Lc7VKcgAAAAAJGzN-XYn58py-FSz_Mt1mMGEysL' data-tabindex='0'><input id=\"input_4935e627f186af4e260a673da96e989f\" class=\"gfield_recaptcha_response\" type=\"hidden\" name=\"input_4935e627f186af4e260a673da96e989f\" value=\"\"\/><\/div>\n                        <div class='gform-body gform_body'><div id='gform_fields_43' class='gform_fields top_label form_sublabel_below description_below validation_below'><div id=\"field_43_12\" class=\"gfield gfield--type-text gfield--input-type-text gfield--width-full gf_right_half gfield--width-half gfield_contains_required field_sublabel_below gfield--no-description field_description_below hidden_label field_validation_below gfield_visibility_visible\"  ><label class='gfield_label gform-field-label' for='input_43_12'>Company Name:<span class=\"gfield_required\"><span class=\"gfield_required gfield_required_text\">(Gerekli)<\/span><\/span><\/label><div class='ginput_container ginput_container_text'><input name='input_12' id='input_43_12' type='text' value='' class='large'    placeholder='\u015eirket Ad\u0131' aria-required=\"true\" aria-invalid=\"false\"   \/><\/div><\/div><div id=\"field_43_8\" class=\"gfield gfield--type-phone gfield--input-type-phone gfield--width-full gf_left_half gfield--width-half gfield_contains_required field_sublabel_below gfield--no-description field_description_below hidden_label field_validation_below gfield_visibility_visible\"  ><label class='gfield_label gform-field-label' for='input_43_8'>Company Phone:<span class=\"gfield_required\"><span class=\"gfield_required gfield_required_text\">(Gerekli)<\/span><\/span><\/label><div class='ginput_container ginput_container_phone'><input name='input_8' id='input_43_8' type='tel' value='' class='large'  placeholder='\u015eirket Telefonu' aria-required=\"true\" aria-invalid=\"false\"   \/><\/div><\/div><div id=\"field_43_9\" class=\"gfield gfield--type-email gfield--input-type-email gfield--width-full gf_left_half gfield--width-half gfield_contains_required field_sublabel_below gfield--no-description field_description_below hidden_label field_validation_below gfield_visibility_visible\"  ><label class='gfield_label gform-field-label' for='input_43_9'>Company Email:<span class=\"gfield_required\"><span class=\"gfield_required gfield_required_text\">(Gerekli)<\/span><\/span><\/label><div class='ginput_container ginput_container_email'>\n                            <input name='input_9' id='input_43_9' type='email' value='' class='large'   placeholder='\u015eirket E-posta' aria-required=\"true\" aria-invalid=\"false\"  \/>\n                        <\/div><\/div><div id=\"field_43_15\" class=\"gfield gfield--type-website gfield--input-type-website gfield--width-full gf_left_half gfield--width-half field_sublabel_below gfield--no-description field_description_below hidden_label field_validation_below gfield_visibility_visible\"  ><label class='gfield_label gform-field-label' for='input_43_15'>Company Website:<\/label><div class='ginput_container ginput_container_website'>\n                    <input name='input_15' id='input_43_15' type='url' value='' class='large'    placeholder='https:\/\/'  aria-invalid=\"false\" \/>\n                <\/div><\/div><div id=\"field_43_20\" class=\"gfield gfield--type-text gfield--input-type-text gfield--width-full gfield_contains_required field_sublabel_below gfield--no-description field_description_below hidden_label field_validation_below gfield_visibility_visible\"  ><label class='gfield_label gform-field-label' for='input_43_20'>\u0130sim \/ Soyisim<span class=\"gfield_required\"><span class=\"gfield_required gfield_required_text\">(Gerekli)<\/span><\/span><\/label><div class='ginput_container ginput_container_text'><input name='input_20' id='input_43_20' type='text' value='' class='large'    placeholder='\u0130sim \/ Soyisim' aria-required=\"true\" aria-invalid=\"false\"   \/><\/div><\/div><div id=\"field_43_13\" class=\"gfield gfield--type-phone gfield--input-type-phone gfield--width-full gf_left_half gfield--width-half gfield_contains_required field_sublabel_below gfield--no-description field_description_below hidden_label field_validation_below gfield_visibility_visible\"  ><label class='gfield_label gform-field-label' for='input_43_13'>Phone Number:<span class=\"gfield_required\"><span class=\"gfield_required gfield_required_text\">(Gerekli)<\/span><\/span><\/label><div class='ginput_container ginput_container_phone'><input name='input_13' id='input_43_13' type='tel' value='' class='large'  placeholder='Telefon' aria-required=\"true\" aria-invalid=\"false\"   \/><\/div><\/div><div id=\"field_43_14\" class=\"gfield gfield--type-email gfield--input-type-email gfield--width-full gf_left_half gfield--width-half gfield_contains_required field_sublabel_below gfield--no-description field_description_below hidden_label field_validation_below gfield_visibility_visible\"  ><label class='gfield_label gform-field-label' for='input_43_14'>Email:<span class=\"gfield_required\"><span class=\"gfield_required gfield_required_text\">(Gerekli)<\/span><\/span><\/label><div class='ginput_container ginput_container_email'>\n                            <input name='input_14' id='input_43_14' type='email' value='' class='large'   placeholder='E-posta' aria-required=\"true\" aria-invalid=\"false\"  \/>\n                        <\/div><\/div><div id=\"field_43_21\" class=\"gfield gfield--type-text gfield--input-type-text gfield--width-half field_sublabel_below gfield--no-description field_description_below hidden_label field_validation_below gfield_visibility_visible\"  ><label class='gfield_label gform-field-label' for='input_43_21'>Adres<\/label><div class='ginput_container ginput_container_text'><input name='input_21' id='input_43_21' type='text' value='' class='large'    placeholder='Adres'  aria-invalid=\"false\"   \/><\/div><\/div><div id=\"field_43_22\" class=\"gfield gfield--type-text gfield--input-type-text gfield--width-half field_sublabel_below gfield--no-description field_description_below hidden_label field_validation_below gfield_visibility_visible\"  ><label class='gfield_label gform-field-label' for='input_43_22'>\u015eehir \/ \u00dclke<\/label><div class='ginput_container ginput_container_text'><input name='input_22' id='input_43_22' type='text' value='' class='large'    placeholder='\u015eehir \/ \u00dclke'  aria-invalid=\"false\"   \/><\/div><\/div><div id=\"field_43_23\" class=\"gfield gfield--type-select gfield--input-type-select gfield--width-full field_sublabel_below gfield--no-description field_description_below field_validation_below gfield_visibility_visible\"  ><label class='gfield_label gform-field-label' for='input_43_23'>Daha \u00f6nce SambaPOS kurulumu yapt\u0131n\u0131z m\u0131?<\/label><div class='ginput_container ginput_container_select'><select name='input_23' id='input_43_23' class='large gfield_select'     aria-invalid=\"false\" ><option value='Evet' >Evet<\/option><option value='Hay\u0131r' >Hay\u0131r<\/option><\/select><\/div><\/div><div id=\"field_43_19\" class=\"gfield gfield--type-section gfield--input-type-section gsection field_sublabel_below gfield--no-description field_description_below field_validation_below gfield_visibility_visible\"  ><h3 class=\"gsection_title\"><\/h3><\/div><\/div><\/div>\n        <div class='gform-footer gform_footer top_label'> <input type='submit' id='gform_submit_button_43' class='gform_button button' onclick='gform.submission.handleButtonClick(this);' data-submission-type='submit' value='G\u00f6nder'  \/> \n            <input type='hidden' class='gform_hidden' name='gform_submission_method' data-js='gform_submission_method_43' value='postback' \/>\n            <input type='hidden' class='gform_hidden' name='gform_theme' data-js='gform_theme_43' id='gform_theme_43' value='gravity-theme' \/>\n            <input type='hidden' class='gform_hidden' name='gform_style_settings' data-js='gform_style_settings_43' id='gform_style_settings_43' value='[]' \/>\n            <input type='hidden' class='gform_hidden' name='is_submit_43' value='1' \/>\n            <input type='hidden' class='gform_hidden' name='gform_submit' value='43' \/>\n            \n            <input type='hidden' class='gform_hidden' name='gform_currency' data-currency='USD' value='TeeUo\/PR6GR9bgrLIArRi6zHSz9KU++7uzEXnFshrU5H2QIDFyaVY6yrjxRVeZviy4a+6+tQAOWJweNVZTr5Hbdul3pnQd2OY0WJmxt3VN3Sg+g=' \/>\n            <input type='hidden' class='gform_hidden' name='gform_unique_id' value='' \/>\n            <input type='hidden' class='gform_hidden' name='state_43' value='WyJbXSIsIjE0ZjBkYzMxNWU3OGU1YTRiMTZkMTgzMzg3YzM3MTUwIl0=' \/>\n            <input type='hidden' autocomplete='off' class='gform_hidden' name='gform_target_page_number_43' id='gform_target_page_number_43' value='0' \/>\n            <input type='hidden' autocomplete='off' class='gform_hidden' name='gform_source_page_number_43' id='gform_source_page_number_43' value='1' \/>\n            <input type='hidden' name='gform_field_values' value='' \/>\n            \n        <\/div>\n                        <\/form>\n                        <\/div><script>\ngform.initializeOnLoaded( function() {gformInitSpinner( 43, 'https:\/\/sambapos.com\/wp-content\/plugins\/gravityforms\/images\/spinner.svg', true );jQuery('#gform_ajax_frame_43').on('load',function(){var contents = jQuery(this).contents().find('*').html();var is_postback = contents.indexOf('GF_AJAX_POSTBACK') >= 0;if(!is_postback){return;}var form_content = jQuery(this).contents().find('#gform_wrapper_43');var is_confirmation = jQuery(this).contents().find('#gform_confirmation_wrapper_43').length > 0;var is_redirect = contents.indexOf('gformRedirect(){') >= 0;var is_form = form_content.length > 0 && ! is_redirect && ! is_confirmation;var mt = parseInt(jQuery('html').css('margin-top'), 10) + parseInt(jQuery('body').css('margin-top'), 10) + 100;if(is_form){jQuery('#gform_wrapper_43').html(form_content.html());if(form_content.hasClass('gform_validation_error')){jQuery('#gform_wrapper_43').addClass('gform_validation_error');} else {jQuery('#gform_wrapper_43').removeClass('gform_validation_error');}setTimeout( function() { \/* delay the scroll by 50 milliseconds to fix a bug in chrome *\/  }, 50 );if(window['gformInitDatepicker']) {gformInitDatepicker();}if(window['gformInitPriceFields']) {gformInitPriceFields();}var current_page = jQuery('#gform_source_page_number_43').val();gformInitSpinner( 43, 'https:\/\/sambapos.com\/wp-content\/plugins\/gravityforms\/images\/spinner.svg', true );jQuery(document).trigger('gform_page_loaded', [43, current_page]);window['gf_submitting_43'] = false;}else if(!is_redirect){var confirmation_content = jQuery(this).contents().find('.GF_AJAX_POSTBACK').html();if(!confirmation_content){confirmation_content = contents;}jQuery('#gform_wrapper_43').replaceWith(confirmation_content);jQuery(document).trigger('gform_confirmation_loaded', [43]);window['gf_submitting_43'] = false;wp.a11y.speak(jQuery('#gform_confirmation_message_43').text());}else{jQuery('#gform_43').append(contents);if(window['gformRedirect']) {gformRedirect();}}jQuery(document).trigger(\"gform_pre_post_render\", [{ formId: \"43\", currentPage: \"current_page\", abort: function() { this.preventDefault(); } }]);        if (event && event.defaultPrevented) {                return;        }        const gformWrapperDiv = document.getElementById( \"gform_wrapper_43\" );        if ( gformWrapperDiv ) {            const visibilitySpan = document.createElement( \"span\" );            visibilitySpan.id = \"gform_visibility_test_43\";            gformWrapperDiv.insertAdjacentElement( \"afterend\", visibilitySpan );        }        const visibilityTestDiv = document.getElementById( \"gform_visibility_test_43\" );        let postRenderFired = false;        function triggerPostRender() {            if ( postRenderFired ) {                return;            }            postRenderFired = true;            gform.core.triggerPostRenderEvents( 43, current_page );            if ( visibilityTestDiv ) {                visibilityTestDiv.parentNode.removeChild( visibilityTestDiv );            }        }        function debounce( func, wait, immediate ) {            var timeout;            return function() {                var context = this, args = arguments;                var later = function() {                    timeout = null;                    if ( !immediate ) func.apply( context, args );                };                var callNow = immediate && !timeout;                clearTimeout( timeout );                timeout = setTimeout( later, wait );                if ( callNow ) func.apply( context, args );            };        }        const debouncedTriggerPostRender = debounce( function() {            triggerPostRender();        }, 200 );        if ( visibilityTestDiv && visibilityTestDiv.offsetParent === null ) {            const observer = new MutationObserver( ( mutations ) => {                mutations.forEach( ( mutation ) => {                    if ( mutation.type === 'attributes' && visibilityTestDiv.offsetParent !== null ) {                        debouncedTriggerPostRender();                        observer.disconnect();                    }                });            });            observer.observe( document.body, {                attributes: true,                childList: false,                subtree: true,                attributeFilter: [ 'style', 'class' ],            });        } else {            triggerPostRender();        }    } );} );\n<\/script>\n<\/div><\/div><\/div><\/div><\/div><\/div><\/div><\/section>\n","protected":false},"excerpt":{"rendered":"SambaPOS Yetkili Bayi Ba\u015fvurusu SambaPOS D\u00fcnya\u2019n\u0131n bir\u00e7ok \u00fclkesinde bir\u00e7ok dilde sat\u0131lan ve kullan\u0131lan bir restoran program\u0131d\u0131r. Y\u0131llard\u0131r restoran sekt\u00f6r\u00fcnde kazand\u0131\u011f\u0131m\u0131z deneyimleri yetkili sat\u0131c\u0131lar\u0131m\u0131zla payla\u015fmak ve sekt\u00f6r\u00fcn en iyisi olmak amac\u0131nday\u0131z. SambaPOS Yetkili Sat\u0131c\u0131s\u0131 olmak sadece yaz\u0131l\u0131m satmak de\u011fil, uluslararas\u0131 sat\u0131\u015f ve destek deneyimine dahil olmak demektir. Bu nedenle e\u011fitime \u00f6nem veriyor, di\u011fer programlardan \u00e7ok farkl\u0131...","protected":false},"author":1,"featured_media":0,"parent":0,"menu_order":0,"comment_status":"closed","ping_status":"closed","template":"","meta":{"footnotes":""},"class_list":["post-12287","page","type-page","status-publish","hentry"],"_links":{"self":[{"href":"https:\/\/sambapos.com\/tr\/wp-json\/wp\/v2\/pages\/12287","targetHints":{"allow":["GET"]}}],"collection":[{"href":"https:\/\/sambapos.com\/tr\/wp-json\/wp\/v2\/pages"}],"about":[{"href":"https:\/\/sambapos.com\/tr\/wp-json\/wp\/v2\/types\/page"}],"author":[{"embeddable":true,"href":"https:\/\/sambapos.com\/tr\/wp-json\/wp\/v2\/users\/1"}],"replies":[{"embeddable":true,"href":"https:\/\/sambapos.com\/tr\/wp-json\/wp\/v2\/comments?post=12287"}],"version-history":[{"count":7,"href":"https:\/\/sambapos.com\/tr\/wp-json\/wp\/v2\/pages\/12287\/revisions"}],"predecessor-version":[{"id":14951,"href":"https:\/\/sambapos.com\/tr\/wp-json\/wp\/v2\/pages\/12287\/revisions\/14951"}],"wp:attachment":[{"href":"https:\/\/sambapos.com\/tr\/wp-json\/wp\/v2\/media?parent=12287"}],"curies":[{"name":"wp","href":"https:\/\/api.w.org\/{rel}","templated":true}]}}