{"id":12248,"date":"2022-02-02T18:14:16","date_gmt":"2022-02-02T18:14:16","guid":{"rendered":"https:\/\/sambapos.com\/about-company\/"},"modified":"2022-08-31T18:38:41","modified_gmt":"2022-08-31T18:38:41","slug":"hakkimizda","status":"publish","type":"page","link":"https:\/\/sambapos.com\/tr\/hakkimizda\/","title":{"rendered":"Hakk\u0131m\u0131zda"},"content":{"rendered":"<section class=\"l-section wpb_row us_custom_3b745cf9 height_medium\"><div class=\"l-section-h i-cf\"><div class=\"g-cols vc_row via_grid cols_1 laptops-cols_inherit tablets-cols_inherit mobiles-cols_1 valign_top type_default stacking_default\"><div class=\"wpb_column vc_column_container\"><div class=\"vc_column-inner\"><div class=\"g-cols wpb_row via_grid cols_1-4-1 laptops-cols_inherit tablets-cols_inherit mobiles-cols_1 valign_top type_default stacking_default\" style=\"--columns-gap:3rem;\"><div class=\"wpb_column vc_column_container\"><div class=\"vc_column-inner\"><\/div><\/div><div class=\"wpb_column vc_column_container\"><div class=\"vc_column-inner\"><div class=\"wpb_text_column\"><div class=\"wpb_wrapper\"><h1 style=\"text-align: center;\">Biz Kimiz<\/h1>\n<\/div><\/div><div class=\"w-separator size_custom\" style=\"height:3rem\"><\/div><div class=\"wpb_text_column\"><div class=\"wpb_wrapper\"><h5 style=\"text-align: center;\">SambaPOS 2011 y\u0131l\u0131nda geli\u015ftirilmeye ba\u015fland\u0131. Amac\u0131m\u0131z d\u00fcnya i\u00e7in bir de\u011fer \u00fcretmek oldu ve gece g\u00fcnd\u00fcz bu ama\u00e7 i\u00e7in \u00e7al\u0131\u015ft\u0131k, \u00e7al\u0131\u015fmaya devam ediyoruz. Hep daha iyiyi yapmaya odakland\u0131k. \u0130novasyona inan\u0131yor, geli\u015fmeye inan\u0131yor, ekibimize ve m\u00fc\u015fterilerimize inan\u0131yoruz.<\/h5>\n<\/div><\/div><\/div><\/div><div class=\"wpb_column vc_column_container\"><div class=\"vc_column-inner\"><\/div><\/div><\/div><div class=\"w-separator size_custom\" style=\"height:75px\"><\/div><div class=\"g-cols wpb_row via_grid cols_2 laptops-cols_inherit tablets-cols_inherit mobiles-cols_1 valign_middle type_default stacking_default\" style=\"--columns-gap:3rem;\"><div class=\"wpb_column vc_column_container\"><div class=\"vc_column-inner\"><div class=\"w-image align_none\"><div class=\"w-image-h\"><img decoding=\"async\" width=\"600\" height=\"400\" src=\"https:\/\/sambapos.com\/wp-content\/uploads\/sambapos-our-team-1.png\" class=\"attachment-large size-large\" alt=\"SambaPOS Our Teams\" loading=\"lazy\" srcset=\"https:\/\/sambapos.com\/wp-content\/uploads\/sambapos-our-team-1.png 600w, https:\/\/sambapos.com\/wp-content\/uploads\/sambapos-our-team-1-300x200.png 300w, https:\/\/sambapos.com\/wp-content\/uploads\/sambapos-our-team-1-100x67.png 100w, https:\/\/sambapos.com\/wp-content\/uploads\/sambapos-our-team-1-150x100.png 150w, https:\/\/sambapos.com\/wp-content\/uploads\/sambapos-our-team-1-120x80.png 120w, https:\/\/sambapos.com\/wp-content\/uploads\/sambapos-our-team-1-200x133.png 200w, https:\/\/sambapos.com\/wp-content\/uploads\/sambapos-our-team-1-66x44.png 66w, https:\/\/sambapos.com\/wp-content\/uploads\/sambapos-our-team-1-45x30.png 45w, https:\/\/sambapos.com\/wp-content\/uploads\/sambapos-our-team-1-60x40.png 60w, https:\/\/sambapos.com\/wp-content\/uploads\/sambapos-our-team-1-400x267.png 400w\" sizes=\"auto, (max-width: 600px) 100vw, 600px\" \/><\/div><\/div><\/div><\/div><div class=\"wpb_column vc_column_container\"><div class=\"vc_column-inner\"><div class=\"wpb_text_column\"><div class=\"wpb_wrapper\"><h6>As\u0131rl\u0131k bir atas\u00f6z\u00fcnde oldu\u011fu gibi, &#8220;Ne ekersen onu bi\u00e7ersin.&#8221; Bu atas\u00f6z\u00fcyle uyumlu olarak kendimiz ve bizimle y\u00fcr\u00fcyen i\u015f ortaklar\u0131m\u0131z, bayilerimiz ve m\u00fc\u015fterilerimiz i\u00e7in her zaman daha iyisini arzu ederek i\u015fimizi s\u00fcrd\u00fcr\u00fcyoruz. Asla durmuyor, duraksam\u0131yor, restoran ve yeme i\u00e7me sekt\u00f6r\u00fcndeki yenilikleri takip ediyoruz. Geli\u015fen d\u00fcnyaya uyumlu bir \u015fekilde hem kendimiz hem de d\u00fcnyan\u0131n geri kalan\u0131 i\u00e7in bir kazan-kazan durumu yaratacak \u015fekilde i\u015fler yap\u0131yoruz. Yenilik\u00e7ili\u011fe, geli\u015fime, tak\u0131m ruhuna ve m\u00fc\u015fterilerimize olan inanc\u0131m\u0131z do\u011frultusunda etik bir \u015fekilde i\u015fimizi s\u00fcrd\u00fcr\u00fcyoruz.<\/h6>\n<p>D\u00fcnya \u00e7ap\u0131ndaki bayilerimiz ve destek\u00e7ilerimizle birlikte gelece\u011fe y\u00f6nelik planlar yap\u0131yoruz. SambaPOS&#8217;u birka\u00e7 ad\u0131m \u00f6teye ta\u015f\u0131yacak yeni projeler ortaya \u00e7\u0131kar\u0131yoruz. \u0130\u015fbirli\u011finin b\u00fcy\u00fcmenin anahtar\u0131 oldu\u011funa inan\u0131yoruz. Uluslararas\u0131 bilgi birikimimize g\u00fcvenerek kodlad\u0131\u011f\u0131m\u0131z, d\u00fcnya \u00e7ap\u0131nda kullan\u0131ma haz\u0131r, yenilik\u00e7i bir restoran y\u00f6netim sistemi ile m\u00fc\u015fterilerimize en iyi \u00e7\u00f6z\u00fcm\u00fc sunmaya devam edece\u011fiz.<\/p>\n<\/div><\/div><\/div><\/div><\/div><div class=\"w-separator size_custom\" style=\"height:75px\"><\/div><div class=\"g-cols wpb_row via_grid cols_2 laptops-cols_inherit tablets-cols_inherit mobiles-cols_1 valign_middle type_default stacking_default\" style=\"--columns-gap:3rem;\"><div class=\"wpb_column vc_column_container\"><div class=\"vc_column-inner\"><div class=\"wpb_text_column\"><div class=\"wpb_wrapper\"><h1 style=\"text-align: left;\">Ekibimiz<\/h1>\n<\/div><\/div><div class=\"w-separator size_custom\" style=\"height:3rem\"><\/div><div class=\"wpb_text_column\"><div class=\"wpb_wrapper\"><p>Ekip \u00e7al\u0131\u015fmas\u0131 en b\u00fcy\u00fck dayanak noktam\u0131zd\u0131r. Ekip \u00e7al\u0131\u015fanlar\u0131m\u0131z\u0131 \u201cSambaPOS Kahramanlar\u0131\u201d olarak adland\u0131r\u0131yoruz. M\u00fc\u015fterilerimize en iyi yaz\u0131l\u0131m\u0131 sunmak i\u00e7in en iyi ekiple yola \u00e7\u0131kt\u0131k ve her ge\u00e7en g\u00fcn daha da b\u00fcy\u00fcyoruz.\u00d6\u011frenmeye ve yeniliklere doymuyoruz. T\u00fcm ekibimizle e\u011fitime inan\u0131yor, her ge\u00e7en g\u00fcn kendimizi daha da geli\u015ftiriyoruz.<\/p>\n<\/div><\/div><\/div><\/div><div class=\"wpb_column vc_column_container\"><div class=\"vc_column-inner\"><div class=\"w-image align_none\"><div class=\"w-image-h\"><img decoding=\"async\" width=\"600\" height=\"400\" src=\"https:\/\/sambapos.com\/wp-content\/uploads\/sambapos-our-teams-1.png\" class=\"attachment-large size-large\" alt=\"SambaPOS Our Teams\" loading=\"lazy\" srcset=\"https:\/\/sambapos.com\/wp-content\/uploads\/sambapos-our-teams-1.png 600w, https:\/\/sambapos.com\/wp-content\/uploads\/sambapos-our-teams-1-300x200.png 300w, https:\/\/sambapos.com\/wp-content\/uploads\/sambapos-our-teams-1-100x67.png 100w, https:\/\/sambapos.com\/wp-content\/uploads\/sambapos-our-teams-1-150x100.png 150w, https:\/\/sambapos.com\/wp-content\/uploads\/sambapos-our-teams-1-120x80.png 120w, https:\/\/sambapos.com\/wp-content\/uploads\/sambapos-our-teams-1-200x133.png 200w, https:\/\/sambapos.com\/wp-content\/uploads\/sambapos-our-teams-1-66x44.png 66w, https:\/\/sambapos.com\/wp-content\/uploads\/sambapos-our-teams-1-45x30.png 45w, https:\/\/sambapos.com\/wp-content\/uploads\/sambapos-our-teams-1-60x40.png 60w, https:\/\/sambapos.com\/wp-content\/uploads\/sambapos-our-teams-1-400x267.png 400w\" sizes=\"auto, (max-width: 600px) 100vw, 600px\" \/><\/div><\/div><\/div><\/div><\/div><div class=\"w-separator size_custom\" style=\"height:75px\"><\/div><\/div><\/div><\/div><\/div><\/section><section class=\"l-section wpb_row us_custom_3b745cf9 height_auto\"><div class=\"l-section-h i-cf\"><div class=\"g-cols vc_row via_grid cols_1 laptops-cols_inherit tablets-cols_inherit mobiles-cols_1 valign_top type_default stacking_default\"><div class=\"wpb_column vc_column_container\"><div class=\"vc_column-inner\"><div class=\"g-cols wpb_row via_grid cols_1-4-1 laptops-cols_inherit tablets-cols_inherit mobiles-cols_1 valign_top type_default stacking_default\" style=\"--columns-gap:3rem;\"><div class=\"wpb_column vc_column_container\"><div class=\"vc_column-inner\"><\/div><\/div><div class=\"wpb_column vc_column_container\"><div class=\"vc_column-inner\"><div class=\"wpb_text_column\"><div class=\"wpb_wrapper\"><h2 style=\"text-align: center;\"><strong>K\u00fcresel Olarak Kan\u0131tlanm\u0131\u015f G\u00fc\u00e7<\/strong><\/h2>\n<\/div><\/div><div class=\"w-separator size_custom\" style=\"height:3rem\"><\/div><div class=\"wpb_text_column\"><div class=\"wpb_wrapper\"><h6 style=\"text-align: center;\">D\u00fcnya \u00e7ap\u0131nda 100 binden fazla restoran SambaPOS \u00fcr\u00fcnlerini kullan\u0131yor.<\/h6>\n<\/div><\/div><\/div><\/div><div class=\"wpb_column vc_column_container\"><div class=\"vc_column-inner\"><\/div><\/div><\/div><div class=\"w-separator size_custom\" style=\"height:75px\"><\/div><div class=\"g-cols wpb_row us_custom_63462b70 via_grid cols_3 laptops-cols_inherit tablets-cols_inherit mobiles-cols_1 valign_top type_default stacking_default\" style=\"--columns-gap:calc(3rem + 2px);\"><div class=\"wpb_column vc_column_container\"><div class=\"vc_column-inner\"><div class=\"w-counter us_custom_fa6a3b35 color_custom align_center animation_none has_font_size\" data-duration=\"2\" style=\"--w-counter-duration: 2s;\"><div class=\"w-counter-value\" role=\"text\" aria-label=\"23\" style=\"color:#FC7098;\"><span class=\"w-counter-value-part final\" aria-hidden=\"true\">23<\/span><span class=\"w-counter-value-part hidden type_text\" aria-hidden=\"true\" data-final><\/span><span class=\"w-counter-value-part hidden type_number\" aria-hidden=\"true\" data-final=\"23\">0<\/span><span class=\"w-counter-value-part hidden type_text\" aria-hidden=\"true\" data-final><\/span><\/div><h4 class=\"w-counter-title\" style=\"font-size:20px;\"><b>Dil<\/b><\/h4><\/div><\/div><\/div><div class=\"wpb_column vc_column_container us_custom_36b1e56c border1px\"><div class=\"vc_column-inner\"><div class=\"w-counter us_custom_fa6a3b35 color_custom align_center animation_none has_font_size\" data-duration=\"2\" style=\"--w-counter-duration: 2s;\"><div class=\"w-counter-value\" role=\"text\" aria-label=\"123\" style=\"color:#FC7098;\"><span class=\"w-counter-value-part final\" aria-hidden=\"true\">123<\/span><span class=\"w-counter-value-part hidden type_text\" aria-hidden=\"true\" data-final><\/span><span class=\"w-counter-value-part hidden type_number\" aria-hidden=\"true\" data-final=\"123\">0<\/span><span class=\"w-counter-value-part hidden type_text\" aria-hidden=\"true\" data-final><\/span><\/div><h4 class=\"w-counter-title\" style=\"font-size:20px;\"><b>\u00dclke<\/b><\/h4><\/div><\/div><\/div><div class=\"wpb_column vc_column_container\"><div class=\"vc_column-inner\"><div class=\"w-counter us_custom_a92ceb54 color_custom align_center animation_none has_font_size\" data-duration=\"2\" style=\"--w-counter-duration: 2s;\"><div class=\"w-counter-value\" role=\"text\" aria-label=\"164717\" style=\"color:#FC7098;\"><span class=\"w-counter-value-part final\" aria-hidden=\"true\">164717<\/span><span class=\"w-counter-value-part hidden type_text\" aria-hidden=\"true\" data-final><\/span><span class=\"w-counter-value-part hidden type_number\" aria-hidden=\"true\" data-final=\"164717\">0<\/span><span class=\"w-counter-value-part hidden type_text\" aria-hidden=\"true\" data-final><\/span><\/div><h4 class=\"w-counter-title\" style=\"font-size:20px;\"><b>Restoran<\/b><\/h4><\/div><\/div><\/div><\/div><div class=\"w-separator size_custom\" style=\"height:75px\"><\/div><div class=\"g-cols wpb_row via_grid cols_2 laptops-cols_inherit tablets-cols_inherit mobiles-cols_1 valign_middle type_default stacking_default\" style=\"--columns-gap:3rem;\"><div class=\"wpb_column vc_column_container\"><div class=\"vc_column-inner\"><div class=\"wpb_text_column\"><div class=\"wpb_wrapper\"><h2>Ekibimize Kat\u0131l\u0131n<\/h2>\n<blockquote>\n<p>B\u00fcy\u00fck SambaPOS ailesinin bir \u00fcyesi olmak isterseniz, l\u00fctfen a\u015fa\u011f\u0131daki formu doldurun.<\/p>\n<\/blockquote>\n<p>\u0130K departman\u0131 sizinle en k\u0131sa s\u00fcrede ileti\u015fime ge\u00e7ecektir.<\/p>\n<\/div><\/div><\/div><\/div><div class=\"wpb_column vc_column_container us_custom_4fe2f0fa has_bg_color\"><div class=\"vc_column-inner\"><script>\nvar gform;gform||(document.addEventListener(\"gform_main_scripts_loaded\",function(){gform.scriptsLoaded=!0}),document.addEventListener(\"gform\/theme\/scripts_loaded\",function(){gform.themeScriptsLoaded=!0}),window.addEventListener(\"DOMContentLoaded\",function(){gform.domLoaded=!0}),gform={domLoaded:!1,scriptsLoaded:!1,themeScriptsLoaded:!1,isFormEditor:()=>\"function\"==typeof InitializeEditor,callIfLoaded:function(o){return!(!gform.domLoaded||!gform.scriptsLoaded||!gform.themeScriptsLoaded&&!gform.isFormEditor()||(gform.isFormEditor()&&console.warn(\"The use of gform.initializeOnLoaded() is deprecated in the form editor context and will be removed in Gravity Forms 3.1.\"),o(),0))},initializeOnLoaded:function(o){gform.callIfLoaded(o)||(document.addEventListener(\"gform_main_scripts_loaded\",()=>{gform.scriptsLoaded=!0,gform.callIfLoaded(o)}),document.addEventListener(\"gform\/theme\/scripts_loaded\",()=>{gform.themeScriptsLoaded=!0,gform.callIfLoaded(o)}),window.addEventListener(\"DOMContentLoaded\",()=>{gform.domLoaded=!0,gform.callIfLoaded(o)}))},hooks:{action:{},filter:{}},addAction:function(o,r,e,t){gform.addHook(\"action\",o,r,e,t)},addFilter:function(o,r,e,t){gform.addHook(\"filter\",o,r,e,t)},doAction:function(o){gform.doHook(\"action\",o,arguments)},applyFilters:function(o){return gform.doHook(\"filter\",o,arguments)},removeAction:function(o,r){gform.removeHook(\"action\",o,r)},removeFilter:function(o,r,e){gform.removeHook(\"filter\",o,r,e)},addHook:function(o,r,e,t,n){null==gform.hooks[o][r]&&(gform.hooks[o][r]=[]);var d=gform.hooks[o][r];null==n&&(n=r+\"_\"+d.length),gform.hooks[o][r].push({tag:n,callable:e,priority:t=null==t?10:t})},doHook:function(r,o,e){var t;if(e=Array.prototype.slice.call(e,1),null!=gform.hooks[r][o]&&((o=gform.hooks[r][o]).sort(function(o,r){return o.priority-r.priority}),o.forEach(function(o){\"function\"!=typeof(t=o.callable)&&(t=window[t]),\"action\"==r?t.apply(null,e):e[0]=t.apply(null,e)})),\"filter\"==r)return e[0]},removeHook:function(o,r,t,n){var e;null!=gform.hooks[o][r]&&(e=(e=gform.hooks[o][r]).filter(function(o,r,e){return!!(null!=n&&n!=o.tag||null!=t&&t!=o.priority)}),gform.hooks[o][r]=e)}});\n<\/script>\n\n                <div class='gf_browser_gecko gform_wrapper gravity-theme gform-theme--no-framework' data-form-theme='gravity-theme' data-form-index='0' id='gform_wrapper_46' ><form method='post' enctype='multipart\/form-data'  id='gform_46'  action='\/tr\/wp-json\/wp\/v2\/pages\/12248' data-formid='46' novalidate><div class='gf_invisible ginput_recaptchav3' data-sitekey='6Lc7VKcgAAAAAJGzN-XYn58py-FSz_Mt1mMGEysL' data-tabindex='0'><input id=\"input_d6d82347310a32664fa6aabd7a64151c\" class=\"gfield_recaptcha_response\" type=\"hidden\" name=\"input_d6d82347310a32664fa6aabd7a64151c\" value=\"\"\/><\/div>\n                        <div class='gform-body gform_body'><div id='gform_fields_46' class='gform_fields top_label form_sublabel_below description_below validation_below'><div id=\"field_46_22\" class=\"gfield gfield--type-text gfield--width-full gfield_contains_required field_sublabel_below gfield--no-description field_description_below hidden_label field_validation_below gfield_visibility_visible\"  ><label class='gfield_label gform-field-label' for='input_46_22'>\u0130sim \/ Soyisim<span class=\"gfield_required\"><span class=\"gfield_required gfield_required_text\">(Gerekli)<\/span><\/span><\/label><div class='ginput_container ginput_container_text'><input name='input_22' id='input_46_22' type='text' value='' class='large'    placeholder='\u0130sim \/ Soyisim' aria-required=\"true\" aria-invalid=\"false\"   \/><\/div><\/div><div id=\"field_46_13\" class=\"gfield gfield--type-phone gfield--width-full gf_left_half gfield--width-half gfield_contains_required field_sublabel_below gfield--no-description field_description_below hidden_label field_validation_below gfield_visibility_visible\"  ><label class='gfield_label gform-field-label' for='input_46_13'>Telefon<span class=\"gfield_required\"><span class=\"gfield_required gfield_required_text\">(Gerekli)<\/span><\/span><\/label><div class='ginput_container ginput_container_phone'><input name='input_13' id='input_46_13' type='tel' value='' class='large'  placeholder='Telefon' aria-required=\"true\" aria-invalid=\"false\"   \/><\/div><\/div><div id=\"field_46_14\" class=\"gfield gfield--type-email gfield--width-full gf_left_half gfield--width-half gfield_contains_required field_sublabel_below gfield--no-description field_description_below hidden_label field_validation_below gfield_visibility_visible\"  ><label class='gfield_label gform-field-label' for='input_46_14'>E-posta<span class=\"gfield_required\"><span class=\"gfield_required gfield_required_text\">(Gerekli)<\/span><\/span><\/label><div class='ginput_container ginput_container_email'>\n                            <input name='input_14' id='input_46_14' type='email' value='' class='large'   placeholder='E-posta' aria-required=\"true\" aria-invalid=\"false\"  \/>\n                        <\/div><\/div><div id=\"field_46_20\" class=\"gfield gfield--type-textarea gfield--width-full field_sublabel_below gfield--no-description field_description_below hidden_label field_validation_below gfield_visibility_visible\"  ><label class='gfield_label gform-field-label' for='input_46_20'>Mesaj\u0131n\u0131z<\/label><div class='ginput_container ginput_container_textarea'><textarea name='input_20' id='input_46_20' class='textarea small'    placeholder='Mesaj\u0131n\u0131z'  aria-invalid=\"false\"   rows='10' cols='50'><\/textarea><\/div><\/div><div id=\"field_46_21\" class=\"gfield gfield--type-fileupload gfield--width-full field_sublabel_below gfield--no-description field_description_below field_validation_below gfield_visibility_visible\"  ><label class='gfield_label gform-field-label' for='input_46_21'>Dosya<\/label><div class='ginput_container ginput_container_fileupload'><input type='hidden' name='MAX_FILE_SIZE' value='209715200' \/><input name='input_21' id='input_46_21' type='file' class='large' aria-describedby=\"gfield_upload_rules_46_21\" onchange='javascript:gformValidateFileSize( this, 209715200 );'  \/><span class='gfield_description gform_fileupload_rules' id='gfield_upload_rules_46_21'>Azami dosya boyutu: 200 MB.<\/span><div class='gfield_description validation_message gfield_validation_message validation_message--hidden-on-empty' id='live_validation_message_46_21'><\/div> <\/div><\/div><div id=\"field_46_19\" class=\"gfield gfield--type-section gsection field_sublabel_below gfield--no-description field_description_below field_validation_below gfield_visibility_visible\"  ><h3 class=\"gsection_title\"><\/h3><\/div><div id=\"field_46_18\" class=\"gfield gfield--type-captcha gfield--width-full field_sublabel_below gfield--no-description field_description_below field_validation_below gfield_visibility_visible\"  ><label class='gfield_label gform-field-label' for='input_46_18'>CAPTCHA<\/label><div id='input_46_18' class='ginput_container ginput_recaptcha' data-sitekey='6LeeGA8UAAAAAEpUhw1S03zupUH9rJGp6q_JPOxM'  data-theme='light' data-tabindex='0'  data-badge=''><\/div><\/div><\/div><\/div>\n        <div class='gform-footer gform_footer top_label'> <input type='submit' id='gform_submit_button_46' class='gform_button button' onclick='gform.submission.handleButtonClick(this);' data-submission-type='submit' value='G\u00f6nder'  \/> \n            <input type='hidden' class='gform_hidden' name='gform_submission_method' data-js='gform_submission_method_46' value='postback' \/>\n            <input type='hidden' class='gform_hidden' name='gform_theme' data-js='gform_theme_46' id='gform_theme_46' value='gravity-theme' \/>\n            <input type='hidden' class='gform_hidden' name='gform_style_settings' data-js='gform_style_settings_46' id='gform_style_settings_46' value='[]' \/>\n            <input type='hidden' class='gform_hidden' name='is_submit_46' value='1' \/>\n            <input type='hidden' class='gform_hidden' name='gform_submit' value='46' \/>\n            \n            <input type='hidden' class='gform_hidden' name='gform_currency' data-currency='USD' value='tDLTeorrJ2+J0EFUWsgDl3aCUxZ1iPzpcV91N7myMHBoVCygSmSuLy4EMBUzuf8CuYY61U4ilgYnvJvsKybxsC6c0Dpxh\/xtC3nB5up0Hf4rIGU=' \/>\n            <input type='hidden' class='gform_hidden' name='gform_unique_id' value='' \/>\n            <input type='hidden' class='gform_hidden' name='state_46' value='WyJbXSIsIjE0ZjBkYzMxNWU3OGU1YTRiMTZkMTgzMzg3YzM3MTUwIl0=' \/>\n            <input type='hidden' autocomplete='off' class='gform_hidden' name='gform_target_page_number_46' id='gform_target_page_number_46' value='0' \/>\n            <input type='hidden' autocomplete='off' class='gform_hidden' name='gform_source_page_number_46' id='gform_source_page_number_46' value='1' \/>\n            <input type='hidden' name='gform_field_values' value='' \/>\n            \n        <\/div>\n                        <\/form>\n                        <\/div><script>\ngform.initializeOnLoaded( function() {gformInitSpinner( 46, 'https:\/\/sambapos.com\/wp-content\/plugins\/gravityforms\/images\/spinner.svg', true );jQuery('#gform_ajax_frame_46').on('load',function(){var contents = jQuery(this).contents().find('*').html();var is_postback = contents.indexOf('GF_AJAX_POSTBACK') >= 0;if(!is_postback){return;}var form_content = jQuery(this).contents().find('#gform_wrapper_46');var is_confirmation = jQuery(this).contents().find('#gform_confirmation_wrapper_46').length > 0;var is_redirect = contents.indexOf('gformRedirect(){') >= 0;var is_form = form_content.length > 0 && ! is_redirect && ! is_confirmation;var mt = parseInt(jQuery('html').css('margin-top'), 10) + parseInt(jQuery('body').css('margin-top'), 10) + 100;if(is_form){jQuery('#gform_wrapper_46').html(form_content.html());if(form_content.hasClass('gform_validation_error')){jQuery('#gform_wrapper_46').addClass('gform_validation_error');} else {jQuery('#gform_wrapper_46').removeClass('gform_validation_error');}setTimeout( function() { \/* delay the scroll by 50 milliseconds to fix a bug in chrome *\/  }, 50 );if(window['gformInitDatepicker']) {gformInitDatepicker();}if(window['gformInitPriceFields']) {gformInitPriceFields();}var current_page = jQuery('#gform_source_page_number_46').val();gformInitSpinner( 46, 'https:\/\/sambapos.com\/wp-content\/plugins\/gravityforms\/images\/spinner.svg', true );jQuery(document).trigger('gform_page_loaded', [46, current_page]);window['gf_submitting_46'] = false;}else if(!is_redirect){var confirmation_content = jQuery(this).contents().find('.GF_AJAX_POSTBACK').html();if(!confirmation_content){confirmation_content = contents;}jQuery('#gform_wrapper_46').replaceWith(confirmation_content);jQuery(document).trigger('gform_confirmation_loaded', [46]);window['gf_submitting_46'] = false;wp.a11y.speak(jQuery('#gform_confirmation_message_46').text());}else{jQuery('#gform_46').append(contents);if(window['gformRedirect']) {gformRedirect();}}jQuery(document).trigger(\"gform_pre_post_render\", [{ formId: \"46\", currentPage: \"current_page\", abort: function() { this.preventDefault(); } }]);        if (event && event.defaultPrevented) {                return;        }        const gformWrapperDiv = document.getElementById( \"gform_wrapper_46\" );        if ( gformWrapperDiv ) {            const visibilitySpan = document.createElement( \"span\" );            visibilitySpan.id = \"gform_visibility_test_46\";            gformWrapperDiv.insertAdjacentElement( \"afterend\", visibilitySpan );        }        const visibilityTestDiv = document.getElementById( \"gform_visibility_test_46\" );        let postRenderFired = false;        function triggerPostRender() {            if ( postRenderFired ) {                return;            }            postRenderFired = true;            gform.core.triggerPostRenderEvents( 46, current_page );            if ( visibilityTestDiv ) {                visibilityTestDiv.parentNode.removeChild( visibilityTestDiv );            }        }        function debounce( func, wait, immediate ) {            var timeout;            return function() {                var context = this, args = arguments;                var later = function() {                    timeout = null;                    if ( !immediate ) func.apply( context, args );                };                var callNow = immediate && !timeout;                clearTimeout( timeout );                timeout = setTimeout( later, wait );                if ( callNow ) func.apply( context, args );            };        }        const debouncedTriggerPostRender = debounce( function() {            triggerPostRender();        }, 200 );        if ( visibilityTestDiv && visibilityTestDiv.offsetParent === null ) {            const observer = new MutationObserver( ( mutations ) => {                mutations.forEach( ( mutation ) => {                    if ( mutation.type === 'attributes' && visibilityTestDiv.offsetParent !== null ) {                        debouncedTriggerPostRender();                        observer.disconnect();                    }                });            });            observer.observe( document.body, {                attributes: true,                childList: false,                subtree: true,                attributeFilter: [ 'style', 'class' ],            });        } else {            triggerPostRender();        }    } );} );\n<\/script>\n<\/div><\/div><\/div><div class=\"w-separator size_custom\" style=\"height:75px\"><\/div><\/div><\/div><\/div><\/div><\/section>\n","protected":false},"excerpt":{"rendered":"Biz Kimiz SambaPOS 2011 y\u0131l\u0131nda geli\u015ftirilmeye ba\u015fland\u0131. Amac\u0131m\u0131z d\u00fcnya i\u00e7in bir de\u011fer \u00fcretmek oldu ve gece g\u00fcnd\u00fcz bu ama\u00e7 i\u00e7in \u00e7al\u0131\u015ft\u0131k, \u00e7al\u0131\u015fmaya devam ediyoruz. Hep daha iyiyi yapmaya odakland\u0131k. \u0130novasyona inan\u0131yor, geli\u015fmeye inan\u0131yor, ekibimize ve m\u00fc\u015fterilerimize inan\u0131yoruz. As\u0131rl\u0131k bir atas\u00f6z\u00fcnde oldu\u011fu gibi, &#8220;Ne ekersen onu bi\u00e7ersin.&#8221; Bu atas\u00f6z\u00fcyle uyumlu olarak kendimiz ve bizimle y\u00fcr\u00fcyen i\u015f...","protected":false},"author":1,"featured_media":0,"parent":0,"menu_order":0,"comment_status":"closed","ping_status":"closed","template":"","meta":{"footnotes":""},"class_list":["post-12248","page","type-page","status-publish","hentry"],"_links":{"self":[{"href":"https:\/\/sambapos.com\/tr\/wp-json\/wp\/v2\/pages\/12248","targetHints":{"allow":["GET"]}}],"collection":[{"href":"https:\/\/sambapos.com\/tr\/wp-json\/wp\/v2\/pages"}],"about":[{"href":"https:\/\/sambapos.com\/tr\/wp-json\/wp\/v2\/types\/page"}],"author":[{"embeddable":true,"href":"https:\/\/sambapos.com\/tr\/wp-json\/wp\/v2\/users\/1"}],"replies":[{"embeddable":true,"href":"https:\/\/sambapos.com\/tr\/wp-json\/wp\/v2\/comments?post=12248"}],"version-history":[{"count":19,"href":"https:\/\/sambapos.com\/tr\/wp-json\/wp\/v2\/pages\/12248\/revisions"}],"predecessor-version":[{"id":13676,"href":"https:\/\/sambapos.com\/tr\/wp-json\/wp\/v2\/pages\/12248\/revisions\/13676"}],"wp:attachment":[{"href":"https:\/\/sambapos.com\/tr\/wp-json\/wp\/v2\/media?parent=12248"}],"curies":[{"name":"wp","href":"https:\/\/api.w.org\/{rel}","templated":true}]}}